{"id":6690,"date":"2023-08-18T05:33:37","date_gmt":"2023-08-18T05:33:37","guid":{"rendered":"https:\/\/diligentplug.com\/chems\/?post_type=product&#038;p=6690"},"modified":"2025-02-04T05:37:00","modified_gmt":"2025-02-04T05:37:00","slug":"koop-nb-5-meo-dalt-oxalaat","status":"publish","type":"product","link":"https:\/\/rckopen.com\/fr\/produit\/acheter-nb-5-meo-dalt-oxalate\/","title":{"rendered":"Acheter NB-5-MeO-DALT (oxalate) en ligne"},"content":{"rendered":"<div data-content-type=\"row\" data-appearance=\"contained\" data-element=\"main\">\n<div data-enable-parallax=\"0\" data-parallax-speed=\"0.5\" data-background-images=\"{}\" data-background-type=\"image\" data-video-loop=\"true\" data-video-play-only-visible=\"true\" data-video-lazy-load=\"true\" data-video-fallback-src=\"\" data-element=\"inner\" data-pb-style=\"JQ9K6EH\">\n<div data-content-type=\"text\" data-appearance=\"default\" data-element=\"main\"><\/div>\n<\/div>\n<\/div>\n<div data-content-type=\"row\" data-appearance=\"contained\" data-element=\"main\">\n<div data-enable-parallax=\"0\" data-parallax-speed=\"0.5\" data-background-images=\"{}\" data-background-type=\"image\" data-video-loop=\"true\" data-video-play-only-visible=\"true\" data-video-lazy-load=\"true\" data-video-fallback-src=\"\" data-element=\"inner\" data-pb-style=\"MT5GKQX\">\n<div data-content-type=\"text\" data-appearance=\"default\" data-element=\"main\">\n<h2>O\u00f9 acheter NB-5-MeO-DALT (oxalate) en toute s\u00e9curit\u00e9 en ligne<\/h2>\n<p>Voulez-vous acheter NB-5-MeO-DALT (oxalate) en toute s\u00e9curit\u00e9 en ligne ? Vous \u00eates au bon endroit ! Chez RCKopen, nous fournissons une plateforme fiable pour acheter NB-5-MeO-DALT (oxalate) et d'autres produits chimiques de recherche en toute simplicit\u00e9 et en toute confiance. Que vous soyez un chercheur, un scientifique ou un passionn\u00e9, nous vous offrons une exp\u00e9rience d'achat sans faille, vous permettant d'avoir l'esprit tranquille tout au long du processus.<\/p>\n<h2>Pourquoi choisir RCKopen ?<\/h2>\n<p>RCKopen est votre source de confiance pour la vente de NB-5-MeO-DALT (oxalate) et d'une large gamme de produits chimiques de recherche. C'est pourquoi les clients nous pr\u00e9f\u00e8rent :<br \/>\nProduits de qualit\u00e9 sup\u00e9rieure : Nous privil\u00e9gions la qualit\u00e9 et la puret\u00e9 et ne proposons que les meilleurs NB-5-MeO-DALT (oxalate) \u00e0 la vente. Chaque produit est soumis \u00e0 des tests rigoureux afin de r\u00e9pondre aux normes industrielles les plus strictes.<\/p>\n<p>Des transactions s\u00e9curis\u00e9es : Votre s\u00e9curit\u00e9 est notre priorit\u00e9 absolue. Nous utilisons une technologie de cryptage avanc\u00e9e pour prot\u00e9ger vos donn\u00e9es personnelles et garantir des transactions s\u00e9curis\u00e9es chaque fois que vous commandez NB-5-MeO-DALT (oxalate) chez nous.<\/p>\n<p>L\u00e9gaux et conformes : Tous nos produits sont d'origine l\u00e9gale et conformes. Lorsque vous achetez du NB-5-MeO-DALT (oxalate) chez RCKopen, vous pouvez \u00eatre s\u00fbr que vous le recevez par des canaux l\u00e9gitimes.<\/p>\n<p>Emballage discret : nous comprenons l'importance de la vie priv\u00e9e. C'est pourquoi nous emballons toutes les commandes discr\u00e8tement afin de prot\u00e9ger votre confidentialit\u00e9. Votre NB-5-MeO-DALT (oxalate) arrivera en toute s\u00e9curit\u00e9 sans attirer l'attention.<\/p>\n<p>Livraison rapide : Gr\u00e2ce \u00e0 nos services d'exp\u00e9dition efficaces, vous pouvez \u00eatre s\u00fbr que votre NB-5-MeO-DALT (oxalate) vous parviendra \u00e0 temps. Nous nous effor\u00e7ons de traiter et d'exp\u00e9dier les commandes rapidement, afin que vous puissiez commencer vos recherches sans tarder.<\/p>\n<h3>Achetez NB-5-MeO-DALT (oxalate) en ligne au Royaume-Uni<\/h3>\n<p>Vous cherchez une source fiable pour acheter NB-5-MeO-DALT (oxalate) au Royaume-Uni ? Ne cherchez pas plus loin que RCKopen. Nous servons des clients dans tout le Royaume-Uni et offrons une livraison rapide et sans probl\u00e8me \u00e0 votre porte. Achetez NB-5-MeO-DALT (oxalate) l\u00e9galement et en toute s\u00e9curit\u00e9 depuis le confort de votre fauteuil avec RCKopen.<\/p>\n<h3>Commander NB-5-MeO-DALT (oxalate) sans ordonnance<\/h3>\n<p>Chez RCKopen, nous croyons en l'accessibilit\u00e9 et la commodit\u00e9. C'est pourquoi nous proposons NB-5-MeO-DALT (oxalate) \u00e0 la vente sans ordonnance. Il vous suffit de naviguer sur notre site, de passer votre commande et d'obtenir facilement la substance de recherche que vous souhaitez. Nous faisons de l'achat de NB-5-MeO-DALT (oxalate) en ligne une exp\u00e9rience transparente pour tous nos clients.<\/p>\n<h3>D\u00e9couvrez notre boutique NB-5-MeO-DALT (oxalate)<\/h3>\n<p>Pr\u00eat \u00e0 acheter NB-5-MeO-DALT (oxalate) en ligne ? Visitez notre boutique sur rckopen et parcourez notre vaste collection de produits chimiques de recherche. Gr\u00e2ce \u00e0 notre interface conviviale et \u00e0 nos options de paiement s\u00e9curis\u00e9es, l'achat de NB-5-MeO-DALT (oxalate) n'a jamais \u00e9t\u00e9 aussi facile.<\/p>\n<h3>Faites l'exp\u00e9rience de la commodit\u00e9 des achats en ligne chez RCKopen d\u00e8s aujourd'hui !<\/h3>\n<p>Lorsqu'il s'agit d'acheter NB-5-MeO-DALT (oxalate) en ligne en toute s\u00e9curit\u00e9, rckopen est votre partenaire de confiance. Gr\u00e2ce \u00e0 notre engagement envers la qualit\u00e9, la l\u00e9galit\u00e9 et la satisfaction du client, nous garantissons une exp\u00e9rience d'achat sans faille pour tous vos besoins en produits chimiques de recherche. Commandez NB-5-MeO-DALT (oxalate) sur rckopen aujourd'hui et commencez votre exploration scientifique en toute confiance.<\/p>\n<\/div>\n<\/div>\n<\/div>","protected":false},"excerpt":{"rendered":"<p>Waar kunt u NB-5-MeO-DALT (oxalaat) veilig online kopen Wilt u NB-5-MeO-DALT (oxalaat) veilig online kopen? U bent bij ons aan het juiste adres! Bij RCKopen bieden we een betrouwbaar platform om met gemak en vertrouwen NB-5-MeO-DALT (oxalaat) in Groot-Brittanni\u00eb en andere onderzoekschemicali\u00ebn te kopen. Of u nu een onderzoeker, wetenschapper<\/p>","protected":false},"featured_media":6891,"comment_status":"open","ping_status":"closed","template":"","meta":{"_joinchat":[]},"product_brand":[],"product_cat":[149],"product_tag":[],"class_list":{"0":"post-6690","1":"product","2":"type-product","3":"status-publish","4":"has-post-thumbnail","6":"product_cat-tryptaminen","8":"first","9":"instock","10":"shipping-taxable","11":"purchasable","12":"product-type-variable"},"yoast_head":"<!-- This site is optimized with the Yoast SEO plugin v26.3 - https:\/\/yoast.com\/wordpress\/plugins\/seo\/ -->\n<title>NB 5 Meo Dalt Oxalaat online kopen - NB 5 Meo Dalt for Sale<\/title>\n<meta name=\"description\" content=\"Aan uw vereiste om NB 5 Meo Dalt Oxalaat te kopen, kunt u voldoen in onze online RC Koop-winkel, aangezien we hier NB 5 Meo Dalt te koop hebben. Plaats uw bestelling en ontvang elke dag betaalbare aanbiedingen.\" \/>\n<meta name=\"robots\" content=\"index, follow, max-snippet:-1, max-image-preview:large, max-video-preview:-1\" \/>\n<link rel=\"canonical\" href=\"https:\/\/rckopen.com\/fr\/produit\/acheter-nb-5-meo-dalt-oxalate\/\" \/>\n<meta property=\"og:locale\" content=\"fr_FR\" \/>\n<meta property=\"og:type\" content=\"article\" \/>\n<meta property=\"og:title\" content=\"NB 5 Meo Dalt Oxalaat online kopen - NB 5 Meo Dalt for Sale\" \/>\n<meta property=\"og:description\" content=\"Aan uw vereiste om NB 5 Meo Dalt Oxalaat te kopen, kunt u voldoen in onze online RC Koop-winkel, aangezien we hier NB 5 Meo Dalt te koop hebben. Plaats uw bestelling en ontvang elke dag betaalbare aanbiedingen.\" \/>\n<meta property=\"og:url\" content=\"https:\/\/rckopen.com\/fr\/produit\/acheter-nb-5-meo-dalt-oxalate\/\" \/>\n<meta property=\"og:site_name\" content=\"RC Kopen\" \/>\n<meta property=\"article:modified_time\" content=\"2025-02-04T05:37:00+00:00\" \/>\n<meta property=\"og:image\" content=\"https:\/\/rckopen.com\/wp-content\/uploads\/2023\/08\/NB-5-MeO-DALT-oxalate.jpg\" \/>\n\t<meta property=\"og:image:width\" content=\"600\" \/>\n\t<meta property=\"og:image:height\" content=\"600\" \/>\n\t<meta property=\"og:image:type\" content=\"image\/jpeg\" \/>\n<meta name=\"twitter:card\" content=\"summary_large_image\" \/>\n<meta name=\"twitter:label1\" content=\"Dur\u00e9e de lecture estim\u00e9e\" \/>\n\t<meta name=\"twitter:data1\" content=\"3 minutes\" \/>\n<script type=\"application\/ld+json\" class=\"yoast-schema-graph\">{\"@context\":\"https:\/\/schema.org\",\"@graph\":[{\"@type\":\"WebPage\",\"@id\":\"https:\/\/rckopen.com\/product\/koop-nb-5-meo-dalt-oxalaat\/\",\"url\":\"https:\/\/rckopen.com\/product\/koop-nb-5-meo-dalt-oxalaat\/\",\"name\":\"NB 5 Meo Dalt Oxalaat online kopen - NB 5 Meo Dalt for Sale\",\"isPartOf\":{\"@id\":\"https:\/\/rckopen.com\/#website\"},\"primaryImageOfPage\":{\"@id\":\"https:\/\/rckopen.com\/product\/koop-nb-5-meo-dalt-oxalaat\/#primaryimage\"},\"image\":{\"@id\":\"https:\/\/rckopen.com\/product\/koop-nb-5-meo-dalt-oxalaat\/#primaryimage\"},\"thumbnailUrl\":\"https:\/\/rckopen.com\/wp-content\/uploads\/2023\/08\/NB-5-MeO-DALT-oxalate.jpg\",\"datePublished\":\"2023-08-18T05:33:37+00:00\",\"dateModified\":\"2025-02-04T05:37:00+00:00\",\"description\":\"Aan uw vereiste om NB 5 Meo Dalt Oxalaat te kopen, kunt u voldoen in onze online RC Koop-winkel, aangezien we hier NB 5 Meo Dalt te koop hebben. Plaats uw bestelling en ontvang elke dag betaalbare aanbiedingen.\",\"breadcrumb\":{\"@id\":\"https:\/\/rckopen.com\/product\/koop-nb-5-meo-dalt-oxalaat\/#breadcrumb\"},\"inLanguage\":\"fr-FR\",\"potentialAction\":[{\"@type\":\"ReadAction\",\"target\":[\"https:\/\/rckopen.com\/product\/koop-nb-5-meo-dalt-oxalaat\/\"]}]},{\"@type\":\"ImageObject\",\"inLanguage\":\"fr-FR\",\"@id\":\"https:\/\/rckopen.com\/product\/koop-nb-5-meo-dalt-oxalaat\/#primaryimage\",\"url\":\"https:\/\/rckopen.com\/wp-content\/uploads\/2023\/08\/NB-5-MeO-DALT-oxalate.jpg\",\"contentUrl\":\"https:\/\/rckopen.com\/wp-content\/uploads\/2023\/08\/NB-5-MeO-DALT-oxalate.jpg\",\"width\":600,\"height\":600,\"caption\":\"NB-5-MeO-DALT-(oxalate) online kopen\"},{\"@type\":\"BreadcrumbList\",\"@id\":\"https:\/\/rckopen.com\/product\/koop-nb-5-meo-dalt-oxalaat\/#breadcrumb\",\"itemListElement\":[{\"@type\":\"ListItem\",\"position\":1,\"name\":\"Home\",\"item\":\"https:\/\/rckopen.com\/\"},{\"@type\":\"ListItem\",\"position\":2,\"name\":\"Shop\",\"item\":\"https:\/\/rckopen.com\/shop\/\"},{\"@type\":\"ListItem\",\"position\":3,\"name\":\"NB-5-MeO-DALT (oxalate) online kopen\"}]},{\"@type\":\"WebSite\",\"@id\":\"https:\/\/rckopen.com\/#website\",\"url\":\"https:\/\/rckopen.com\/\",\"name\":\"RC Kopen\",\"description\":\"Research Chemicals\",\"potentialAction\":[{\"@type\":\"SearchAction\",\"target\":{\"@type\":\"EntryPoint\",\"urlTemplate\":\"https:\/\/rckopen.com\/?s={search_term_string}\"},\"query-input\":{\"@type\":\"PropertyValueSpecification\",\"valueRequired\":true,\"valueName\":\"search_term_string\"}}],\"inLanguage\":\"fr-FR\"}]}<\/script>\n<!-- \/ Yoast SEO plugin. -->","yoast_head_json":{"title":"NB 5 Meo Dalt Oxalaat online kopen - NB 5 Meo Dalt for Sale","description":"Aan uw vereiste om NB 5 Meo Dalt Oxalaat te kopen, kunt u voldoen in onze online RC Koop-winkel, aangezien we hier NB 5 Meo Dalt te koop hebben. Plaats uw bestelling en ontvang elke dag betaalbare aanbiedingen.","robots":{"index":"index","follow":"follow","max-snippet":"max-snippet:-1","max-image-preview":"max-image-preview:large","max-video-preview":"max-video-preview:-1"},"canonical":"https:\/\/rckopen.com\/fr\/produit\/acheter-nb-5-meo-dalt-oxalate\/","og_locale":"fr_FR","og_type":"article","og_title":"NB 5 Meo Dalt Oxalaat online kopen - NB 5 Meo Dalt for Sale","og_description":"Aan uw vereiste om NB 5 Meo Dalt Oxalaat te kopen, kunt u voldoen in onze online RC Koop-winkel, aangezien we hier NB 5 Meo Dalt te koop hebben. Plaats uw bestelling en ontvang elke dag betaalbare aanbiedingen.","og_url":"https:\/\/rckopen.com\/fr\/produit\/acheter-nb-5-meo-dalt-oxalate\/","og_site_name":"RC Kopen","article_modified_time":"2025-02-04T05:37:00+00:00","og_image":[{"width":600,"height":600,"url":"https:\/\/rckopen.com\/wp-content\/uploads\/2023\/08\/NB-5-MeO-DALT-oxalate.jpg","type":"image\/jpeg"}],"twitter_card":"summary_large_image","twitter_misc":{"Dur\u00e9e de lecture estim\u00e9e":"3 minutes"},"schema":{"@context":"https:\/\/schema.org","@graph":[{"@type":"WebPage","@id":"https:\/\/rckopen.com\/product\/koop-nb-5-meo-dalt-oxalaat\/","url":"https:\/\/rckopen.com\/product\/koop-nb-5-meo-dalt-oxalaat\/","name":"NB 5 Meo Dalt Oxalaat online kopen - NB 5 Meo Dalt for Sale","isPartOf":{"@id":"https:\/\/rckopen.com\/#website"},"primaryImageOfPage":{"@id":"https:\/\/rckopen.com\/product\/koop-nb-5-meo-dalt-oxalaat\/#primaryimage"},"image":{"@id":"https:\/\/rckopen.com\/product\/koop-nb-5-meo-dalt-oxalaat\/#primaryimage"},"thumbnailUrl":"https:\/\/rckopen.com\/wp-content\/uploads\/2023\/08\/NB-5-MeO-DALT-oxalate.jpg","datePublished":"2023-08-18T05:33:37+00:00","dateModified":"2025-02-04T05:37:00+00:00","description":"Aan uw vereiste om NB 5 Meo Dalt Oxalaat te kopen, kunt u voldoen in onze online RC Koop-winkel, aangezien we hier NB 5 Meo Dalt te koop hebben. Plaats uw bestelling en ontvang elke dag betaalbare aanbiedingen.","breadcrumb":{"@id":"https:\/\/rckopen.com\/product\/koop-nb-5-meo-dalt-oxalaat\/#breadcrumb"},"inLanguage":"fr-FR","potentialAction":[{"@type":"ReadAction","target":["https:\/\/rckopen.com\/product\/koop-nb-5-meo-dalt-oxalaat\/"]}]},{"@type":"ImageObject","inLanguage":"fr-FR","@id":"https:\/\/rckopen.com\/product\/koop-nb-5-meo-dalt-oxalaat\/#primaryimage","url":"https:\/\/rckopen.com\/wp-content\/uploads\/2023\/08\/NB-5-MeO-DALT-oxalate.jpg","contentUrl":"https:\/\/rckopen.com\/wp-content\/uploads\/2023\/08\/NB-5-MeO-DALT-oxalate.jpg","width":600,"height":600,"caption":"NB-5-MeO-DALT-(oxalate) online kopen"},{"@type":"BreadcrumbList","@id":"https:\/\/rckopen.com\/product\/koop-nb-5-meo-dalt-oxalaat\/#breadcrumb","itemListElement":[{"@type":"ListItem","position":1,"name":"Home","item":"https:\/\/rckopen.com\/"},{"@type":"ListItem","position":2,"name":"Shop","item":"https:\/\/rckopen.com\/shop\/"},{"@type":"ListItem","position":3,"name":"NB-5-MeO-DALT (oxalate) online kopen"}]},{"@type":"WebSite","@id":"https:\/\/rckopen.com\/#website","url":"https:\/\/rckopen.com\/","name":"RC Kopen","description":"Research Chemicals","potentialAction":[{"@type":"SearchAction","target":{"@type":"EntryPoint","urlTemplate":"https:\/\/rckopen.com\/?s={search_term_string}"},"query-input":{"@type":"PropertyValueSpecification","valueRequired":true,"valueName":"search_term_string"}}],"inLanguage":"fr-FR"}]}},"_links":{"self":[{"href":"https:\/\/rckopen.com\/fr\/wp-json\/wp\/v2\/product\/6690","targetHints":{"allow":["GET"]}}],"collection":[{"href":"https:\/\/rckopen.com\/fr\/wp-json\/wp\/v2\/product"}],"about":[{"href":"https:\/\/rckopen.com\/fr\/wp-json\/wp\/v2\/types\/product"}],"replies":[{"embeddable":true,"href":"https:\/\/rckopen.com\/fr\/wp-json\/wp\/v2\/comments?post=6690"}],"wp:featuredmedia":[{"embeddable":true,"href":"https:\/\/rckopen.com\/fr\/wp-json\/wp\/v2\/media\/6891"}],"wp:attachment":[{"href":"https:\/\/rckopen.com\/fr\/wp-json\/wp\/v2\/media?parent=6690"}],"wp:term":[{"taxonomy":"product_brand","embeddable":true,"href":"https:\/\/rckopen.com\/fr\/wp-json\/wp\/v2\/product_brand?post=6690"},{"taxonomy":"product_cat","embeddable":true,"href":"https:\/\/rckopen.com\/fr\/wp-json\/wp\/v2\/product_cat?post=6690"},{"taxonomy":"product_tag","embeddable":true,"href":"https:\/\/rckopen.com\/fr\/wp-json\/wp\/v2\/product_tag?post=6690"}],"curies":[{"name":"wp","href":"https:\/\/api.w.org\/{rel}","templated":true}]}}