{"id":6691,"date":"2023-08-17T10:24:35","date_gmt":"2023-08-17T10:24:35","guid":{"rendered":"https:\/\/diligentplug.com\/chems\/?post_type=product&#038;p=6691"},"modified":"2025-01-31T09:53:00","modified_gmt":"2025-01-31T09:53:00","slug":"5-cl-amt","status":"publish","type":"product","link":"https:\/\/rckopen.com\/fr\/produit\/5-cl-amt\/","title":{"rendered":"Acheter 5 cl d'AMT en ligne"},"content":{"rendered":"<h2>Ontgrendel de kracht van 5-cl-AMT online kopen: ontdek de premiumselectie van RCKopen<\/h2>\n<p>Vous voulez acheter 5cl-AMT en ligne ? Ne cherchez pas plus loin que RCKopen. Nous sommes votre premi\u00e8re source de 5cl-AMT de haute qualit\u00e9, offrant aux clients du monde entier une exp\u00e9rience d'achat sans faille.<\/p>\n<h3>O\u00f9 acheter 5-cl-AMT : RCKopen propose des produits haut de gamme<\/h3>\n<p>Vous vous demandez o\u00f9 acheter 5-cl-AMT ? RCKopen vous couvre. Gr\u00e2ce \u00e0 notre site web facile \u00e0 naviguer et \u00e0 notre processus de commande s\u00e9curis\u00e9, vous pouvez acheter 5-cl-AMT en toute confiance.<\/p>\n<h3>D\u00e9couvrez notre large s\u00e9lection de 5-cl-AMT en vente<\/h3>\n<p>Chez RCKopen, nous sommes fiers d'offrir une gamme vari\u00e9e de produits 5-cl-AMT pour r\u00e9pondre \u00e0 vos besoins. Que vous soyez chercheur, scientifique ou passionn\u00e9, vous trouverez dans notre boutique la solution 5-cl-AMT id\u00e9ale.<\/p>\n<h3>Commander 5-cl-AMT l\u00e9galement chez RCKopen<\/h3>\n<p>Soyez assur\u00e9 qu'en achetant 5 cl-AMT chez RCKopen, vous achetez des produits l\u00e9galement conformes. Notre engagement en mati\u00e8re de qualit\u00e9 et de conformit\u00e9 garantit \u00e0 tous nos clients une exp\u00e9rience d'achat s\u00fbre et fiable.<\/p>\n<h3>Faites l'exp\u00e9rience de la commodit\u00e9 avec notre magasin en ligne 5-cl-AMT<\/h3>\n<p>Dites adieu \u00e0 la recherche fastidieuse de fournisseurs de 5-cl-AMT. Gr\u00e2ce \u00e0 la boutique en ligne de RCKopen, vous pouvez visualiser, s\u00e9lectionner et acheter les produits que vous souhaitez depuis le confort de votre fauteuil.<\/p>\n<h3>Faites confiance \u00e0 RCKopen pour l'achat de 5-cl-AMT au Royaume-Uni.<\/h3>\n<p>Pour les clients du Royaume-Uni qui cherchent \u00e0 acheter 5cl-AMT, RCKopen est votre partenaire de confiance. Nous offrons un service d'exp\u00e9dition rapide et discret afin que votre commande vous parvienne rapidement et en toute s\u00e9curit\u00e9.<\/p>\n<h3>Achetez 5 cl d'AMT en ligne sans ordonnance \u2013 faites vos achats sans tracas chez RCKopen<\/h3>\n<p>Ne vous souciez pas de l'obtention d'une ordonnance et achetez du 5-cl-AMT sans aucune restriction sur RCKopen. Notre processus de commande simple et nos options de paiement s\u00e9curis\u00e9es font de l'achat de 5-cl-AMT un jeu d'enfant.<br \/>\nAvec RCKopen, vous pouvez acheter 5-cl-AMT en ligne en toute confiance, en sachant que vous obtenez des produits de qualit\u00e9 sup\u00e9rieure et un service \u00e0 la client\u00e8le exceptionnel. Explorez notre site aujourd'hui et d\u00e9couvrez la commodit\u00e9 de l'achat de 5-cl-AMT au bout de vos doigts !<\/p>","protected":false},"excerpt":{"rendered":"<p><strong>Nom IUPAC : <\/strong>oxalate de 3-(2-(diallylamino)\u00e9thyl)-5-m\u00e9thoxy-1H-indole-1-carboxylate de tert-butyle<\/p>\n<p><strong>Apparence : <\/strong>poudre<\/p>\n<p><strong>Forme : <\/strong>oxalate<\/p>","protected":false},"featured_media":6838,"comment_status":"open","ping_status":"closed","template":"","meta":{"_joinchat":[]},"product_brand":[],"product_cat":[149],"product_tag":[],"class_list":{"0":"post-6691","1":"product","2":"type-product","3":"status-publish","4":"has-post-thumbnail","6":"product_cat-tryptaminen","8":"first","9":"instock","10":"shipping-taxable","11":"purchasable","12":"product-type-variable"},"yoast_head":"<!-- This site is optimized with the Yoast SEO plugin v26.3 - https:\/\/yoast.com\/wordpress\/plugins\/seo\/ -->\n<title>5-CL-AMT online kopen - 5-CL-AMT online te koop | RC Kopen<\/title>\n<meta name=\"description\" content=\"Op zoek naar hoogwaardige 5-CL-AMT online te koop? RC kopen is een toonaangevende winkel waar u 5-CL-AMT online kunt kopen tegen de beste prijs.\" \/>\n<meta name=\"robots\" content=\"index, follow, max-snippet:-1, max-image-preview:large, max-video-preview:-1\" \/>\n<link rel=\"canonical\" href=\"https:\/\/rckopen.com\/fr\/produit\/5-cl-amt\/\" \/>\n<meta property=\"og:locale\" content=\"fr_FR\" \/>\n<meta property=\"og:type\" content=\"article\" \/>\n<meta property=\"og:title\" content=\"5-CL-AMT online kopen - 5-CL-AMT online te koop | RC Kopen\" \/>\n<meta property=\"og:description\" content=\"Op zoek naar hoogwaardige 5-CL-AMT online te koop? RC kopen is een toonaangevende winkel waar u 5-CL-AMT online kunt kopen tegen de beste prijs.\" \/>\n<meta property=\"og:url\" content=\"https:\/\/rckopen.com\/fr\/produit\/5-cl-amt\/\" \/>\n<meta property=\"og:site_name\" content=\"RC Kopen\" \/>\n<meta property=\"article:modified_time\" content=\"2025-01-31T09:53:00+00:00\" \/>\n<meta property=\"og:image\" content=\"https:\/\/rckopen.com\/wp-content\/uploads\/2023\/08\/5-cl-AMT.jpg\" \/>\n\t<meta property=\"og:image:width\" content=\"600\" \/>\n\t<meta property=\"og:image:height\" content=\"600\" \/>\n\t<meta property=\"og:image:type\" content=\"image\/jpeg\" \/>\n<meta name=\"twitter:card\" content=\"summary_large_image\" \/>\n<meta name=\"twitter:label1\" content=\"Dur\u00e9e de lecture estim\u00e9e\" \/>\n\t<meta name=\"twitter:data1\" content=\"2 minutes\" \/>\n<script type=\"application\/ld+json\" class=\"yoast-schema-graph\">{\"@context\":\"https:\/\/schema.org\",\"@graph\":[{\"@type\":\"WebPage\",\"@id\":\"https:\/\/rckopen.com\/product\/5-cl-amt\/\",\"url\":\"https:\/\/rckopen.com\/product\/5-cl-amt\/\",\"name\":\"5-CL-AMT online kopen - 5-CL-AMT online te koop | RC Kopen\",\"isPartOf\":{\"@id\":\"https:\/\/rckopen.com\/#website\"},\"primaryImageOfPage\":{\"@id\":\"https:\/\/rckopen.com\/product\/5-cl-amt\/#primaryimage\"},\"image\":{\"@id\":\"https:\/\/rckopen.com\/product\/5-cl-amt\/#primaryimage\"},\"thumbnailUrl\":\"https:\/\/rckopen.com\/wp-content\/uploads\/2023\/08\/5-cl-AMT.jpg\",\"datePublished\":\"2023-08-17T10:24:35+00:00\",\"dateModified\":\"2025-01-31T09:53:00+00:00\",\"description\":\"Op zoek naar hoogwaardige 5-CL-AMT online te koop? RC kopen is een toonaangevende winkel waar u 5-CL-AMT online kunt kopen tegen de beste prijs.\",\"breadcrumb\":{\"@id\":\"https:\/\/rckopen.com\/product\/5-cl-amt\/#breadcrumb\"},\"inLanguage\":\"fr-FR\",\"potentialAction\":[{\"@type\":\"ReadAction\",\"target\":[\"https:\/\/rckopen.com\/product\/5-cl-amt\/\"]}]},{\"@type\":\"ImageObject\",\"inLanguage\":\"fr-FR\",\"@id\":\"https:\/\/rckopen.com\/product\/5-cl-amt\/#primaryimage\",\"url\":\"https:\/\/rckopen.com\/wp-content\/uploads\/2023\/08\/5-cl-AMT.jpg\",\"contentUrl\":\"https:\/\/rckopen.com\/wp-content\/uploads\/2023\/08\/5-cl-AMT.jpg\",\"width\":600,\"height\":600,\"caption\":\"5-cl-AMT online kopen\"},{\"@type\":\"BreadcrumbList\",\"@id\":\"https:\/\/rckopen.com\/product\/5-cl-amt\/#breadcrumb\",\"itemListElement\":[{\"@type\":\"ListItem\",\"position\":1,\"name\":\"Home\",\"item\":\"https:\/\/rckopen.com\/\"},{\"@type\":\"ListItem\",\"position\":2,\"name\":\"Shop\",\"item\":\"https:\/\/rckopen.com\/shop\/\"},{\"@type\":\"ListItem\",\"position\":3,\"name\":\"5-cl-AMT online kopen\"}]},{\"@type\":\"WebSite\",\"@id\":\"https:\/\/rckopen.com\/#website\",\"url\":\"https:\/\/rckopen.com\/\",\"name\":\"RC Kopen\",\"description\":\"Research Chemicals\",\"potentialAction\":[{\"@type\":\"SearchAction\",\"target\":{\"@type\":\"EntryPoint\",\"urlTemplate\":\"https:\/\/rckopen.com\/?s={search_term_string}\"},\"query-input\":{\"@type\":\"PropertyValueSpecification\",\"valueRequired\":true,\"valueName\":\"search_term_string\"}}],\"inLanguage\":\"fr-FR\"}]}<\/script>\n<!-- \/ Yoast SEO plugin. -->","yoast_head_json":{"title":"5-CL-AMT online kopen - 5-CL-AMT online te koop | RC Kopen","description":"Op zoek naar hoogwaardige 5-CL-AMT online te koop? RC kopen is een toonaangevende winkel waar u 5-CL-AMT online kunt kopen tegen de beste prijs.","robots":{"index":"index","follow":"follow","max-snippet":"max-snippet:-1","max-image-preview":"max-image-preview:large","max-video-preview":"max-video-preview:-1"},"canonical":"https:\/\/rckopen.com\/fr\/produit\/5-cl-amt\/","og_locale":"fr_FR","og_type":"article","og_title":"5-CL-AMT online kopen - 5-CL-AMT online te koop | RC Kopen","og_description":"Op zoek naar hoogwaardige 5-CL-AMT online te koop? RC kopen is een toonaangevende winkel waar u 5-CL-AMT online kunt kopen tegen de beste prijs.","og_url":"https:\/\/rckopen.com\/fr\/produit\/5-cl-amt\/","og_site_name":"RC Kopen","article_modified_time":"2025-01-31T09:53:00+00:00","og_image":[{"width":600,"height":600,"url":"https:\/\/rckopen.com\/wp-content\/uploads\/2023\/08\/5-cl-AMT.jpg","type":"image\/jpeg"}],"twitter_card":"summary_large_image","twitter_misc":{"Dur\u00e9e de lecture estim\u00e9e":"2 minutes"},"schema":{"@context":"https:\/\/schema.org","@graph":[{"@type":"WebPage","@id":"https:\/\/rckopen.com\/product\/5-cl-amt\/","url":"https:\/\/rckopen.com\/product\/5-cl-amt\/","name":"5-CL-AMT online kopen - 5-CL-AMT online te koop | RC Kopen","isPartOf":{"@id":"https:\/\/rckopen.com\/#website"},"primaryImageOfPage":{"@id":"https:\/\/rckopen.com\/product\/5-cl-amt\/#primaryimage"},"image":{"@id":"https:\/\/rckopen.com\/product\/5-cl-amt\/#primaryimage"},"thumbnailUrl":"https:\/\/rckopen.com\/wp-content\/uploads\/2023\/08\/5-cl-AMT.jpg","datePublished":"2023-08-17T10:24:35+00:00","dateModified":"2025-01-31T09:53:00+00:00","description":"Op zoek naar hoogwaardige 5-CL-AMT online te koop? RC kopen is een toonaangevende winkel waar u 5-CL-AMT online kunt kopen tegen de beste prijs.","breadcrumb":{"@id":"https:\/\/rckopen.com\/product\/5-cl-amt\/#breadcrumb"},"inLanguage":"fr-FR","potentialAction":[{"@type":"ReadAction","target":["https:\/\/rckopen.com\/product\/5-cl-amt\/"]}]},{"@type":"ImageObject","inLanguage":"fr-FR","@id":"https:\/\/rckopen.com\/product\/5-cl-amt\/#primaryimage","url":"https:\/\/rckopen.com\/wp-content\/uploads\/2023\/08\/5-cl-AMT.jpg","contentUrl":"https:\/\/rckopen.com\/wp-content\/uploads\/2023\/08\/5-cl-AMT.jpg","width":600,"height":600,"caption":"5-cl-AMT online kopen"},{"@type":"BreadcrumbList","@id":"https:\/\/rckopen.com\/product\/5-cl-amt\/#breadcrumb","itemListElement":[{"@type":"ListItem","position":1,"name":"Home","item":"https:\/\/rckopen.com\/"},{"@type":"ListItem","position":2,"name":"Shop","item":"https:\/\/rckopen.com\/shop\/"},{"@type":"ListItem","position":3,"name":"5-cl-AMT online kopen"}]},{"@type":"WebSite","@id":"https:\/\/rckopen.com\/#website","url":"https:\/\/rckopen.com\/","name":"RC Kopen","description":"Research Chemicals","potentialAction":[{"@type":"SearchAction","target":{"@type":"EntryPoint","urlTemplate":"https:\/\/rckopen.com\/?s={search_term_string}"},"query-input":{"@type":"PropertyValueSpecification","valueRequired":true,"valueName":"search_term_string"}}],"inLanguage":"fr-FR"}]}},"_links":{"self":[{"href":"https:\/\/rckopen.com\/fr\/wp-json\/wp\/v2\/product\/6691","targetHints":{"allow":["GET"]}}],"collection":[{"href":"https:\/\/rckopen.com\/fr\/wp-json\/wp\/v2\/product"}],"about":[{"href":"https:\/\/rckopen.com\/fr\/wp-json\/wp\/v2\/types\/product"}],"replies":[{"embeddable":true,"href":"https:\/\/rckopen.com\/fr\/wp-json\/wp\/v2\/comments?post=6691"}],"wp:featuredmedia":[{"embeddable":true,"href":"https:\/\/rckopen.com\/fr\/wp-json\/wp\/v2\/media\/6838"}],"wp:attachment":[{"href":"https:\/\/rckopen.com\/fr\/wp-json\/wp\/v2\/media?parent=6691"}],"wp:term":[{"taxonomy":"product_brand","embeddable":true,"href":"https:\/\/rckopen.com\/fr\/wp-json\/wp\/v2\/product_brand?post=6691"},{"taxonomy":"product_cat","embeddable":true,"href":"https:\/\/rckopen.com\/fr\/wp-json\/wp\/v2\/product_cat?post=6691"},{"taxonomy":"product_tag","embeddable":true,"href":"https:\/\/rckopen.com\/fr\/wp-json\/wp\/v2\/product_tag?post=6691"}],"curies":[{"name":"wp","href":"https:\/\/api.w.org\/{rel}","templated":true}]}}