{"id":6692,"date":"2023-08-17T10:28:13","date_gmt":"2023-08-17T10:28:13","guid":{"rendered":"https:\/\/diligentplug.com\/chems\/?post_type=product&#038;p=6692"},"modified":"2025-01-31T09:51:38","modified_gmt":"2025-01-31T09:51:38","slug":"5-bromo-dmt-fumarate","status":"publish","type":"product","link":"https:\/\/rckopen.com\/fr\/produit\/5-bromo-dmt-fumarate\/","title":{"rendered":"Acheter FUMARATE DE 5-Bromo-DMT en ligne"},"content":{"rendered":"<h2>Ontgrendel nieuwe ervaringen met 5-CL-DMT online kopen.FUMARATE: uw toegangspoort tot verkenning<\/h2>\n<p>\u00cates-vous pr\u00eat \u00e0 vous lancer dans un voyage extraordinaire de d\u00e9couverte et d\u2019exploration ? Ne cherchez pas plus loin que rckopen.com\u00a0! Nous sommes votre premi\u00e8re destination vers <a href=\"https:\/\/rckopen.com\/fr\/produit\/5-bromo-dmt-fumarate\/\">5-CL-DMT FUMARATE<\/a> sur commande, une composition qui promet d'ouvrir de nouveaux domaines d'exp\u00e9rience et de compr\u00e9hension.<\/p>\n<h3>O\u00f9 acheter 5-CL-DMT .FUMARATE : votre source de confiance<\/h3>\n<p>Trouver une source fiable pour acheter du 5-CL-DMT .FUMARATE peut \u00eatre un d\u00e9fi, mais rckopen.com vous facilite la t\u00e2che. En tant que fournisseur de confiance de produits chimiques de recherche, nous sommes fiers d\u2019offrir \u00e0 nos clients uniquement des compos\u00e9s de la plus haute qualit\u00e9. Lorsque vous achetez chez nous, vous pouvez \u00eatre assur\u00e9 que vous obtenez un produit qui r\u00e9pond aux normes les plus strictes en mati\u00e8re de puret\u00e9 et de puissance.<\/p>\n<p>D\u00e9couvrez la diff\u00e9rence : commandez d\u00e8s aujourd'hui <a href=\"https:\/\/en.wikipedia.org\/wiki\/5-Bromo-DMT\">5-CL-DMT .FUMARATE<\/a><br \/>\nPr\u00eat \u00e0 faire le grand saut et \u00e0 explorer les profondeurs de votre conscience avec 5-CL-DMT .FUMARATE ? Commander sur rckopen.com est rapide, facile et s\u00fbr. Parcourez notre gamme, ajoutez les produits souhait\u00e9s \u00e0 votre panier et passez \u00e0 la caisse. Avec un emballage discret et une livraison rapide, votre voyage pour acheter l\u00e9galement du 5-CL-DMT .FUMARATE peut commencer plus t\u00f4t que vous ne le pensez.<\/p>\n<h3>Acheter 5-CL-DMT .FUMARATE l\u00e9galement et en toute s\u00e9curit\u00e9<\/h3>\n<p>Vous \u00eates pr\u00e9occup\u00e9 par la l\u00e9galit\u00e9 de l'achat de 5-CL-DMT .FUMARATE ? Vous pouvez \u00eatre assur\u00e9 que lorsque vous <a href=\"https:\/\/rckopen.com\/fr\/\">RCKOpen.com<\/a> Si vous achetez, vous le faites de mani\u00e8re l\u00e9gale et responsable. Nous respectons strictement toutes les r\u00e9glementations et directives pertinentes, garantissant que votre achat est \u00e0 la fois s\u00fbr et l\u00e9gitime.<\/p>\n<h3>D\u00e9bloquez des possibilit\u00e9s illimit\u00e9es : d\u00e9couvrez notre boutique 5-CL-DMT .FUMARATE<\/h3>\n<p>Pr\u00eat \u00e0 vous lancer dans votre prochaine aventure ? Visitez notre boutique 5-CL-DMT .FUMARATE d\u00e8s aujourd'hui et d\u00e9couvrez un monde de possibilit\u00e9s. Que vous souhaitiez \u00e9largir votre conscience, am\u00e9liorer votre cr\u00e9ativit\u00e9 ou simplement d\u00e9couvrir la vie sous un nouvel angle, rckopen.com a tout ce qu'il vous faut pour y parvenir.<\/p>\n<h3>Achetez du 5-CL-DMT en ligne.FUMARATE au Royaume-Uni et \u00e0 l'\u00e9tranger<\/h3>\n<p>Situ\u00e9 en Grande-Bretagne, rckopen.com est votre source pr\u00e9f\u00e9r\u00e9e pour acheter 5-CL-DMT .FUMARATE en Grande-Bretagne. Avec une livraison rapide et des prix comp\u00e9titifs, nous facilitons l'acc\u00e8s des r\u00e9sidents du Royaume-Uni \u00e0 ce compos\u00e9 remarquable. Mais notre port\u00e9e s'\u00e9tend bien au-del\u00e0 des fronti\u00e8res du Royaume-Uni - nous sommes fiers de servir des clients du monde entier, en fournissant du 5-CL-DMT .FUMARATE aux enthousiastes du monde entier.<\/p>\n<h3>Pas besoin d'ordonnance : achetez sans probl\u00e8me 5-CL-DMT .FUMARATE<\/h3>\n<p>Dites adieu aux tracasseries li\u00e9es \u00e0 l'obtention d'une ordonnance : sur rckopen.com, vous pouvez acheter du 5-CL-DMT .FUMARATE sans formalit\u00e9s administratives inutiles. L'acc\u00e8s \u00e0 des compos\u00e9s transformateurs devrait \u00eatre simple et direct. C'est pourquoi nous avons simplifi\u00e9 le processus d'achat pour vous faciliter la t\u00e2che.<\/p>\n<h3>Votre voyage commence ici : D\u00e9couvrez 5-CL-DMT .FUMARATE avec rckopen.com<\/h3>\n<p>Pr\u00eat \u00e0 d\u00e9couvrir de nouvelles dimensions de conscience et d'exp\u00e9rience ? N'attendez plus - visitez rckopen.com aujourd'hui et commencez votre voyage avec 5-CL-DMT .FUMARATE \u00e0 vendre. Avec notre engagement pour la qualit\u00e9, la s\u00e9curit\u00e9 et la satisfaction du client, nous sommes votre partenaire de confiance dans l'exploration et la d\u00e9couverte.<\/p>","protected":false},"excerpt":{"rendered":"<p><strong>Nom IUPAC : <\/strong>2-(5-Bromo-1H-indol-3-yl)-N,N-dimethylethan-1-amine<\/p>\n<p><strong>CAS # <\/strong>17274-65-6<\/p>\n<p><strong>Autre nom : <\/strong>5-bromo-N,N-dim\u00e9thyltryptamine<\/p>\n<p><strong>Forme : <\/strong>poudre<\/p>\n<p><strong>Analyse RMN : <\/strong>C12H15BrN2<\/p>\n<p><strong>Nom IUPAC : <\/strong>2-(5-Bromo-1H-indol-3-yl)-N,N-dimethylethan-1-amine<\/p>\n<p><strong>CAS # <\/strong>17274-65-6<\/p>\n<p><strong>Autre nom : <\/strong>5-bromo-N,N-dim\u00e9thyltryptamine<\/p>\n<p><strong>Forme : <\/strong>poudre<\/p>\n<p><strong>Analyse RMN : <\/strong>C12H15BrN2<\/p>","protected":false},"featured_media":6857,"comment_status":"open","ping_status":"closed","template":"","meta":{"_joinchat":[]},"product_brand":[],"product_cat":[149],"product_tag":[],"class_list":{"0":"post-6692","1":"product","2":"type-product","3":"status-publish","4":"has-post-thumbnail","6":"product_cat-tryptaminen","8":"first","9":"instock","10":"shipping-taxable","11":"purchasable","12":"product-type-variable"},"yoast_head":"<!-- This site is optimized with the Yoast SEO plugin v26.3 - https:\/\/yoast.com\/wordpress\/plugins\/seo\/ -->\n<title>5-Bromo-DMT-Fumarate online kopen - 5-Bromo-DMT te koop<\/title>\n<meta name=\"description\" content=\"Onze winkel heeft de topkwaliteit 5-Bromo-DMT-Fumaraat te koop. U kunt nooit om de kwaliteit van onze producten heen. Als u dat nodig heeft, kunt u 5-Bromo-DMT-Fumaraat meteen online kopen. Bestel nu!\" \/>\n<meta name=\"robots\" content=\"index, follow, max-snippet:-1, max-image-preview:large, max-video-preview:-1\" \/>\n<link rel=\"canonical\" href=\"https:\/\/rckopen.com\/fr\/produit\/5-bromo-dmt-fumarate\/\" \/>\n<meta property=\"og:locale\" content=\"fr_FR\" \/>\n<meta property=\"og:type\" content=\"article\" \/>\n<meta property=\"og:title\" content=\"5-Bromo-DMT-Fumarate online kopen - 5-Bromo-DMT te koop\" \/>\n<meta property=\"og:description\" content=\"Onze winkel heeft de topkwaliteit 5-Bromo-DMT-Fumaraat te koop. U kunt nooit om de kwaliteit van onze producten heen. Als u dat nodig heeft, kunt u 5-Bromo-DMT-Fumaraat meteen online kopen. Bestel nu!\" \/>\n<meta property=\"og:url\" content=\"https:\/\/rckopen.com\/fr\/produit\/5-bromo-dmt-fumarate\/\" \/>\n<meta property=\"og:site_name\" content=\"RC Kopen\" \/>\n<meta property=\"article:modified_time\" content=\"2025-01-31T09:51:38+00:00\" \/>\n<meta property=\"og:image\" content=\"https:\/\/rckopen.com\/wp-content\/uploads\/2023\/08\/5-Bromo-DMT-.FUMARATE.jpg\" \/>\n\t<meta property=\"og:image:width\" content=\"600\" \/>\n\t<meta property=\"og:image:height\" content=\"600\" \/>\n\t<meta property=\"og:image:type\" content=\"image\/jpeg\" \/>\n<meta name=\"twitter:card\" content=\"summary_large_image\" \/>\n<meta name=\"twitter:label1\" content=\"Dur\u00e9e de lecture estim\u00e9e\" \/>\n\t<meta name=\"twitter:data1\" content=\"3 minutes\" \/>\n<script type=\"application\/ld+json\" class=\"yoast-schema-graph\">{\"@context\":\"https:\/\/schema.org\",\"@graph\":[{\"@type\":\"WebPage\",\"@id\":\"https:\/\/rckopen.com\/product\/5-bromo-dmt-fumarate\/\",\"url\":\"https:\/\/rckopen.com\/product\/5-bromo-dmt-fumarate\/\",\"name\":\"5-Bromo-DMT-Fumarate online kopen - 5-Bromo-DMT te koop\",\"isPartOf\":{\"@id\":\"https:\/\/rckopen.com\/#website\"},\"primaryImageOfPage\":{\"@id\":\"https:\/\/rckopen.com\/product\/5-bromo-dmt-fumarate\/#primaryimage\"},\"image\":{\"@id\":\"https:\/\/rckopen.com\/product\/5-bromo-dmt-fumarate\/#primaryimage\"},\"thumbnailUrl\":\"https:\/\/rckopen.com\/wp-content\/uploads\/2023\/08\/5-Bromo-DMT-.FUMARATE.jpg\",\"datePublished\":\"2023-08-17T10:28:13+00:00\",\"dateModified\":\"2025-01-31T09:51:38+00:00\",\"description\":\"Onze winkel heeft de topkwaliteit 5-Bromo-DMT-Fumaraat te koop. U kunt nooit om de kwaliteit van onze producten heen. Als u dat nodig heeft, kunt u 5-Bromo-DMT-Fumaraat meteen online kopen. Bestel nu!\",\"breadcrumb\":{\"@id\":\"https:\/\/rckopen.com\/product\/5-bromo-dmt-fumarate\/#breadcrumb\"},\"inLanguage\":\"fr-FR\",\"potentialAction\":[{\"@type\":\"ReadAction\",\"target\":[\"https:\/\/rckopen.com\/product\/5-bromo-dmt-fumarate\/\"]}]},{\"@type\":\"ImageObject\",\"inLanguage\":\"fr-FR\",\"@id\":\"https:\/\/rckopen.com\/product\/5-bromo-dmt-fumarate\/#primaryimage\",\"url\":\"https:\/\/rckopen.com\/wp-content\/uploads\/2023\/08\/5-Bromo-DMT-.FUMARATE.jpg\",\"contentUrl\":\"https:\/\/rckopen.com\/wp-content\/uploads\/2023\/08\/5-Bromo-DMT-.FUMARATE.jpg\",\"width\":600,\"height\":600,\"caption\":\"5-Bromo-DMT-.FUMARATE online kopen\"},{\"@type\":\"BreadcrumbList\",\"@id\":\"https:\/\/rckopen.com\/product\/5-bromo-dmt-fumarate\/#breadcrumb\",\"itemListElement\":[{\"@type\":\"ListItem\",\"position\":1,\"name\":\"Home\",\"item\":\"https:\/\/rckopen.com\/\"},{\"@type\":\"ListItem\",\"position\":2,\"name\":\"Shop\",\"item\":\"https:\/\/rckopen.com\/shop\/\"},{\"@type\":\"ListItem\",\"position\":3,\"name\":\"5-Bromo-DMT FUMARATE online kopen\"}]},{\"@type\":\"WebSite\",\"@id\":\"https:\/\/rckopen.com\/#website\",\"url\":\"https:\/\/rckopen.com\/\",\"name\":\"RC Kopen\",\"description\":\"Research Chemicals\",\"potentialAction\":[{\"@type\":\"SearchAction\",\"target\":{\"@type\":\"EntryPoint\",\"urlTemplate\":\"https:\/\/rckopen.com\/?s={search_term_string}\"},\"query-input\":{\"@type\":\"PropertyValueSpecification\",\"valueRequired\":true,\"valueName\":\"search_term_string\"}}],\"inLanguage\":\"fr-FR\"}]}<\/script>\n<!-- \/ Yoast SEO plugin. -->","yoast_head_json":{"title":"5-Bromo-DMT-Fumarate online kopen - 5-Bromo-DMT te koop","description":"Onze winkel heeft de topkwaliteit 5-Bromo-DMT-Fumaraat te koop. U kunt nooit om de kwaliteit van onze producten heen. Als u dat nodig heeft, kunt u 5-Bromo-DMT-Fumaraat meteen online kopen. Bestel nu!","robots":{"index":"index","follow":"follow","max-snippet":"max-snippet:-1","max-image-preview":"max-image-preview:large","max-video-preview":"max-video-preview:-1"},"canonical":"https:\/\/rckopen.com\/fr\/produit\/5-bromo-dmt-fumarate\/","og_locale":"fr_FR","og_type":"article","og_title":"5-Bromo-DMT-Fumarate online kopen - 5-Bromo-DMT te koop","og_description":"Onze winkel heeft de topkwaliteit 5-Bromo-DMT-Fumaraat te koop. U kunt nooit om de kwaliteit van onze producten heen. Als u dat nodig heeft, kunt u 5-Bromo-DMT-Fumaraat meteen online kopen. Bestel nu!","og_url":"https:\/\/rckopen.com\/fr\/produit\/5-bromo-dmt-fumarate\/","og_site_name":"RC Kopen","article_modified_time":"2025-01-31T09:51:38+00:00","og_image":[{"width":600,"height":600,"url":"https:\/\/rckopen.com\/wp-content\/uploads\/2023\/08\/5-Bromo-DMT-.FUMARATE.jpg","type":"image\/jpeg"}],"twitter_card":"summary_large_image","twitter_misc":{"Dur\u00e9e de lecture estim\u00e9e":"3 minutes"},"schema":{"@context":"https:\/\/schema.org","@graph":[{"@type":"WebPage","@id":"https:\/\/rckopen.com\/product\/5-bromo-dmt-fumarate\/","url":"https:\/\/rckopen.com\/product\/5-bromo-dmt-fumarate\/","name":"5-Bromo-DMT-Fumarate online kopen - 5-Bromo-DMT te koop","isPartOf":{"@id":"https:\/\/rckopen.com\/#website"},"primaryImageOfPage":{"@id":"https:\/\/rckopen.com\/product\/5-bromo-dmt-fumarate\/#primaryimage"},"image":{"@id":"https:\/\/rckopen.com\/product\/5-bromo-dmt-fumarate\/#primaryimage"},"thumbnailUrl":"https:\/\/rckopen.com\/wp-content\/uploads\/2023\/08\/5-Bromo-DMT-.FUMARATE.jpg","datePublished":"2023-08-17T10:28:13+00:00","dateModified":"2025-01-31T09:51:38+00:00","description":"Onze winkel heeft de topkwaliteit 5-Bromo-DMT-Fumaraat te koop. U kunt nooit om de kwaliteit van onze producten heen. Als u dat nodig heeft, kunt u 5-Bromo-DMT-Fumaraat meteen online kopen. Bestel nu!","breadcrumb":{"@id":"https:\/\/rckopen.com\/product\/5-bromo-dmt-fumarate\/#breadcrumb"},"inLanguage":"fr-FR","potentialAction":[{"@type":"ReadAction","target":["https:\/\/rckopen.com\/product\/5-bromo-dmt-fumarate\/"]}]},{"@type":"ImageObject","inLanguage":"fr-FR","@id":"https:\/\/rckopen.com\/product\/5-bromo-dmt-fumarate\/#primaryimage","url":"https:\/\/rckopen.com\/wp-content\/uploads\/2023\/08\/5-Bromo-DMT-.FUMARATE.jpg","contentUrl":"https:\/\/rckopen.com\/wp-content\/uploads\/2023\/08\/5-Bromo-DMT-.FUMARATE.jpg","width":600,"height":600,"caption":"5-Bromo-DMT-.FUMARATE online kopen"},{"@type":"BreadcrumbList","@id":"https:\/\/rckopen.com\/product\/5-bromo-dmt-fumarate\/#breadcrumb","itemListElement":[{"@type":"ListItem","position":1,"name":"Home","item":"https:\/\/rckopen.com\/"},{"@type":"ListItem","position":2,"name":"Shop","item":"https:\/\/rckopen.com\/shop\/"},{"@type":"ListItem","position":3,"name":"5-Bromo-DMT FUMARATE online kopen"}]},{"@type":"WebSite","@id":"https:\/\/rckopen.com\/#website","url":"https:\/\/rckopen.com\/","name":"RC Kopen","description":"Research Chemicals","potentialAction":[{"@type":"SearchAction","target":{"@type":"EntryPoint","urlTemplate":"https:\/\/rckopen.com\/?s={search_term_string}"},"query-input":{"@type":"PropertyValueSpecification","valueRequired":true,"valueName":"search_term_string"}}],"inLanguage":"fr-FR"}]}},"_links":{"self":[{"href":"https:\/\/rckopen.com\/fr\/wp-json\/wp\/v2\/product\/6692","targetHints":{"allow":["GET"]}}],"collection":[{"href":"https:\/\/rckopen.com\/fr\/wp-json\/wp\/v2\/product"}],"about":[{"href":"https:\/\/rckopen.com\/fr\/wp-json\/wp\/v2\/types\/product"}],"replies":[{"embeddable":true,"href":"https:\/\/rckopen.com\/fr\/wp-json\/wp\/v2\/comments?post=6692"}],"wp:featuredmedia":[{"embeddable":true,"href":"https:\/\/rckopen.com\/fr\/wp-json\/wp\/v2\/media\/6857"}],"wp:attachment":[{"href":"https:\/\/rckopen.com\/fr\/wp-json\/wp\/v2\/media?parent=6692"}],"wp:term":[{"taxonomy":"product_brand","embeddable":true,"href":"https:\/\/rckopen.com\/fr\/wp-json\/wp\/v2\/product_brand?post=6692"},{"taxonomy":"product_cat","embeddable":true,"href":"https:\/\/rckopen.com\/fr\/wp-json\/wp\/v2\/product_cat?post=6692"},{"taxonomy":"product_tag","embeddable":true,"href":"https:\/\/rckopen.com\/fr\/wp-json\/wp\/v2\/product_tag?post=6692"}],"curies":[{"name":"wp","href":"https:\/\/api.w.org\/{rel}","templated":true}]}}