{"id":6696,"date":"2023-08-17T10:32:21","date_gmt":"2023-08-17T10:32:21","guid":{"rendered":"https:\/\/diligentplug.com\/chems\/?post_type=product&#038;p=6696"},"modified":"2025-02-01T08:33:54","modified_gmt":"2025-02-01T08:33:54","slug":"5-meo-dipt","status":"publish","type":"product","link":"https:\/\/rckopen.com\/fr\/produit\/5-meo-dipt\/","title":{"rendered":"Achetez Bright 5 en 1 en ligne"},"content":{"rendered":"<h2>Onthulling van de beste deals: waar u online betaalbare 5-MeO-DIPT Online Kopen kunt vinden<\/h2>\n<p>Bienvenue \u00e0 la destination ultime pour obtenir les meilleures offres pour <a href=\"https:\/\/rckopen.com\/fr\/produit\/5-meo-dipt\/\">5-MeO-DIPT<\/a> \u2013 votre porte d\u2019entr\u00e9e vers des produits de haute qualit\u00e9 \u00e0 des prix imbattables. Abeille <a href=\"https:\/\/rckopen.com\/fr\/\">RCKOpen.com<\/a> nous sommes fiers d'offrir une exp\u00e9rience d'achat fluide \u00e0 ceux qui cherchent \u00e0 acheter du 5-MeO-DIPT en ligne. Avec un engagement envers l'abordabilit\u00e9, la l\u00e9galit\u00e9 et un service client exceptionnel, nous sommes votre source de confiance pour tous vos besoins en 5-MeO-DIPT.<\/p>\n<h3>Explorer vos options : o\u00f9 acheter 5-MeO-DIPT en ligne ?<\/h3>\n<p>Vous vous demandez o\u00f9 vous <a href=\"https:\/\/en.wikipedia.org\/wiki\/5-MeO-DiPT\">5-MeO-DIPT<\/a> peut acheter en ligne ? Ne cherchez plus. RCKopen fournit une plateforme pratique pour acheter l\u00e9galement du 5-MeO-DIPT, garantissant une exp\u00e9rience sans tracas du d\u00e9but \u00e0 la fin. Notre interface conviviale et nos options de paiement s\u00e9curis\u00e9es vous permettent de passer facilement votre commande et de recevoir rapidement les produits que vous souhaitez.<\/p>\n<h3>D\u00e9couvrez des offres imbattables : 5-MeO-DIPT \u00e0 vendre<\/h3>\n<p>Chez RCKopen, nous comprenons l'importance d'un prix abordable sans compromis sur la qualit\u00e9. C'est pourquoi nous proposons le 5-MeO-DIPT \u00e0 la vente \u00e0 des prix comp\u00e9titifs, afin que vous puissiez profiter de ses avantages sans d\u00e9penser beaucoup d'argent. Que vous soyez un amateur chevronn\u00e9 ou un nouveau venu dans le monde du 5-MeO-DIPT, nous avons quelque chose pour tout le monde.<\/p>\n<h3>Commander sans effort : voici comment commander le 5-MeO-DIPT<\/h3>\n<p>Passer votre commande en ligne de 5-MeO-DIPT n'a jamais \u00e9t\u00e9 aussi facile. Il vous suffit de parcourir notre vaste gamme, d'ajouter les produits souhait\u00e9s \u00e0 votre panier et de passer \u00e0 la caisse - c'est aussi simple que cela. Avec un emballage discret et une livraison fiable, vous pouvez faire confiance \u00e0 RCKopen pour livrer votre commande \u00e0 domicile de mani\u00e8re discr\u00e8te et efficace.<\/p>\n<h3>L\u00e9gitime et s\u00fbr : achetez du 5-MeO-DIPT l\u00e9galement en ligne<\/h3>\n<p>Lorsque vous achetez du 5-MeO-DIPT sur RCKopen, vous pouvez \u00eatre s\u00fbr que vous achetez aupr\u00e8s d'une source l\u00e9gale et r\u00e9put\u00e9e. Nous respectons toutes les r\u00e9glementations et directives n\u00e9cessaires et veillons \u00e0 ce que nos produits r\u00e9pondent aux normes les plus strictes en mati\u00e8re de s\u00e9curit\u00e9 et de l\u00e9galit\u00e9. Votre satisfaction et votre tranquillit\u00e9 d'esprit sont nos principales priorit\u00e9s.<\/p>\n<h3>Votre magasin de confiance de 5-MeO-DIPT<\/h3>\n<p>RCKopen est plus qu'un simple magasin : nous sommes votre partenaire de confiance dans votre exploration du 5-MeO-DIPT. Gr\u00e2ce \u00e0 notre vaste gamme de produits, \u00e0 notre personnel comp\u00e9tent et \u00e0 notre engagement \u00e0 satisfaire nos clients, nous nous effor\u00e7ons de vous offrir la meilleure exp\u00e9rience d'achat possible. Faites confiance \u00e0 RCKopen pour vos achats de 5-MeO-DIPT.<\/p>\n<h3>Convenient Shipping: Buy 5-MeO-DIPT Online in UK<\/h3>\n<p>Que vous soyez au Royaume-Uni ou ailleurs dans le monde, RCKopen vous offre des options de livraison pratiques pour vous assurer de recevoir et d'acheter le 5-MeO-DIPT sans d\u00e9lai au Royaume-Uni. Avec des services de livraison rapides et fiables, vous pouvez profiter de vos produits avec un temps d'attente minimal, o\u00f9 que vous soyez.<\/p>\n<h2>Geen recept nodig: 5-MeO-DIPT Online Kopen zonder recept<\/h2>\n<p>Chez RCKopen, vous pouvez acheter du 5-MeO-DIPT sans ordonnance. Nous nous effor\u00e7ons de rendre cette substance puissante accessible \u00e0 tous ceux qui la recherchent, afin que vous puissiez l'acheter facilement, quelle que soit votre situation.<\/p>\n<h3>Faites l'exp\u00e9rience de la diff\u00e9rence : achetez chez RCK d\u00e8s aujourd'hui<\/h3>\n<p>Pr\u00eat \u00e0 entamer votre voyage avec le 5-MeO-DIPT ? Ne cherchez pas plus loin que RCKopen pour tous vos besoins. Avec des offres imbattables, un service client de premi\u00e8re classe et un engagement \u00e0 l'excellence, nous sommes votre destination unique pour la vente en ligne de 5-MeO-DIPT \u00e0 des prix abordables. Faites vos achats chez nous d\u00e8s aujourd'hui et constatez la diff\u00e9rence par vous-m\u00eame.<\/p>","protected":false},"excerpt":{"rendered":"<p><strong>Nom IUPAC : <\/strong>5-M\u00e9thoxy-N,N-diisopropyltryptamine - chlorhydrate<\/p>\n<p><strong>CAS # <\/strong>4021-34-5<\/p>\n<p><strong>Forme : <\/strong>HCl<\/p>\n<p><strong>Analyse RMN : <\/strong>C17H26N2O<\/p>","protected":false},"featured_media":6874,"comment_status":"open","ping_status":"closed","template":"","meta":{"_joinchat":[]},"product_brand":[],"product_cat":[149],"product_tag":[],"class_list":{"0":"post-6696","1":"product","2":"type-product","3":"status-publish","4":"has-post-thumbnail","6":"product_cat-tryptaminen","8":"first","9":"instock","10":"shipping-taxable","11":"purchasable","12":"product-type-variable"},"yoast_head":"<!-- This site is optimized with the Yoast SEO plugin v26.3 - https:\/\/yoast.com\/wordpress\/plugins\/seo\/ -->\n<title>5 Meo Dipt online kopen - 5 Meo Dipt te koop<\/title>\n<meta name=\"description\" content=\"Haal de beste 5 Meo Dipt. 5 Meo Dipt online kopen in onze online winkel, want we hebben 5 Meo Dipt van hoge kwaliteit te koop. Koop de jouwe nu tegen lage tarieven. Bestel nu!\" \/>\n<meta name=\"robots\" content=\"index, follow, max-snippet:-1, max-image-preview:large, max-video-preview:-1\" \/>\n<link rel=\"canonical\" href=\"https:\/\/rckopen.com\/fr\/produit\/5-meo-dipt\/\" \/>\n<meta property=\"og:locale\" content=\"fr_FR\" \/>\n<meta property=\"og:type\" content=\"article\" \/>\n<meta property=\"og:title\" content=\"5 Meo Dipt online kopen - 5 Meo Dipt te koop\" \/>\n<meta property=\"og:description\" content=\"Haal de beste 5 Meo Dipt. 5 Meo Dipt online kopen in onze online winkel, want we hebben 5 Meo Dipt van hoge kwaliteit te koop. Koop de jouwe nu tegen lage tarieven. Bestel nu!\" \/>\n<meta property=\"og:url\" content=\"https:\/\/rckopen.com\/fr\/produit\/5-meo-dipt\/\" \/>\n<meta property=\"og:site_name\" content=\"RC Kopen\" \/>\n<meta property=\"article:modified_time\" content=\"2025-02-01T08:33:54+00:00\" \/>\n<meta property=\"og:image\" content=\"https:\/\/rckopen.com\/wp-content\/uploads\/2023\/08\/5-MEO-DIPT.jpg\" \/>\n\t<meta property=\"og:image:width\" content=\"600\" \/>\n\t<meta property=\"og:image:height\" content=\"600\" \/>\n\t<meta property=\"og:image:type\" content=\"image\/jpeg\" \/>\n<meta name=\"twitter:card\" content=\"summary_large_image\" \/>\n<meta name=\"twitter:label1\" content=\"Dur\u00e9e de lecture estim\u00e9e\" \/>\n\t<meta name=\"twitter:data1\" content=\"3 minutes\" \/>\n<script type=\"application\/ld+json\" class=\"yoast-schema-graph\">{\"@context\":\"https:\/\/schema.org\",\"@graph\":[{\"@type\":\"WebPage\",\"@id\":\"https:\/\/rckopen.com\/product\/5-meo-dipt\/\",\"url\":\"https:\/\/rckopen.com\/product\/5-meo-dipt\/\",\"name\":\"5 Meo Dipt online kopen - 5 Meo Dipt te koop\",\"isPartOf\":{\"@id\":\"https:\/\/rckopen.com\/#website\"},\"primaryImageOfPage\":{\"@id\":\"https:\/\/rckopen.com\/product\/5-meo-dipt\/#primaryimage\"},\"image\":{\"@id\":\"https:\/\/rckopen.com\/product\/5-meo-dipt\/#primaryimage\"},\"thumbnailUrl\":\"https:\/\/rckopen.com\/wp-content\/uploads\/2023\/08\/5-MEO-DIPT.jpg\",\"datePublished\":\"2023-08-17T10:32:21+00:00\",\"dateModified\":\"2025-02-01T08:33:54+00:00\",\"description\":\"Haal de beste 5 Meo Dipt. 5 Meo Dipt online kopen in onze online winkel, want we hebben 5 Meo Dipt van hoge kwaliteit te koop. Koop de jouwe nu tegen lage tarieven. Bestel nu!\",\"breadcrumb\":{\"@id\":\"https:\/\/rckopen.com\/product\/5-meo-dipt\/#breadcrumb\"},\"inLanguage\":\"fr-FR\",\"potentialAction\":[{\"@type\":\"ReadAction\",\"target\":[\"https:\/\/rckopen.com\/product\/5-meo-dipt\/\"]}]},{\"@type\":\"ImageObject\",\"inLanguage\":\"fr-FR\",\"@id\":\"https:\/\/rckopen.com\/product\/5-meo-dipt\/#primaryimage\",\"url\":\"https:\/\/rckopen.com\/wp-content\/uploads\/2023\/08\/5-MEO-DIPT.jpg\",\"contentUrl\":\"https:\/\/rckopen.com\/wp-content\/uploads\/2023\/08\/5-MEO-DIPT.jpg\",\"width\":600,\"height\":600,\"caption\":\"5-MEO-DIPT Online Kopen\"},{\"@type\":\"BreadcrumbList\",\"@id\":\"https:\/\/rckopen.com\/product\/5-meo-dipt\/#breadcrumb\",\"itemListElement\":[{\"@type\":\"ListItem\",\"position\":1,\"name\":\"Home\",\"item\":\"https:\/\/rckopen.com\/\"},{\"@type\":\"ListItem\",\"position\":2,\"name\":\"Shop\",\"item\":\"https:\/\/rckopen.com\/shop\/\"},{\"@type\":\"ListItem\",\"position\":3,\"name\":\"5-MEO-DIPT Online Kopen\"}]},{\"@type\":\"WebSite\",\"@id\":\"https:\/\/rckopen.com\/#website\",\"url\":\"https:\/\/rckopen.com\/\",\"name\":\"RC Kopen\",\"description\":\"Research Chemicals\",\"potentialAction\":[{\"@type\":\"SearchAction\",\"target\":{\"@type\":\"EntryPoint\",\"urlTemplate\":\"https:\/\/rckopen.com\/?s={search_term_string}\"},\"query-input\":{\"@type\":\"PropertyValueSpecification\",\"valueRequired\":true,\"valueName\":\"search_term_string\"}}],\"inLanguage\":\"fr-FR\"}]}<\/script>\n<!-- \/ Yoast SEO plugin. -->","yoast_head_json":{"title":"5 Meo Dipt online kopen - 5 Meo Dipt te koop","description":"Haal de beste 5 Meo Dipt. 5 Meo Dipt online kopen in onze online winkel, want we hebben 5 Meo Dipt van hoge kwaliteit te koop. Koop de jouwe nu tegen lage tarieven. Bestel nu!","robots":{"index":"index","follow":"follow","max-snippet":"max-snippet:-1","max-image-preview":"max-image-preview:large","max-video-preview":"max-video-preview:-1"},"canonical":"https:\/\/rckopen.com\/fr\/produit\/5-meo-dipt\/","og_locale":"fr_FR","og_type":"article","og_title":"5 Meo Dipt online kopen - 5 Meo Dipt te koop","og_description":"Haal de beste 5 Meo Dipt. 5 Meo Dipt online kopen in onze online winkel, want we hebben 5 Meo Dipt van hoge kwaliteit te koop. Koop de jouwe nu tegen lage tarieven. Bestel nu!","og_url":"https:\/\/rckopen.com\/fr\/produit\/5-meo-dipt\/","og_site_name":"RC Kopen","article_modified_time":"2025-02-01T08:33:54+00:00","og_image":[{"width":600,"height":600,"url":"https:\/\/rckopen.com\/wp-content\/uploads\/2023\/08\/5-MEO-DIPT.jpg","type":"image\/jpeg"}],"twitter_card":"summary_large_image","twitter_misc":{"Dur\u00e9e de lecture estim\u00e9e":"3 minutes"},"schema":{"@context":"https:\/\/schema.org","@graph":[{"@type":"WebPage","@id":"https:\/\/rckopen.com\/product\/5-meo-dipt\/","url":"https:\/\/rckopen.com\/product\/5-meo-dipt\/","name":"5 Meo Dipt online kopen - 5 Meo Dipt te koop","isPartOf":{"@id":"https:\/\/rckopen.com\/#website"},"primaryImageOfPage":{"@id":"https:\/\/rckopen.com\/product\/5-meo-dipt\/#primaryimage"},"image":{"@id":"https:\/\/rckopen.com\/product\/5-meo-dipt\/#primaryimage"},"thumbnailUrl":"https:\/\/rckopen.com\/wp-content\/uploads\/2023\/08\/5-MEO-DIPT.jpg","datePublished":"2023-08-17T10:32:21+00:00","dateModified":"2025-02-01T08:33:54+00:00","description":"Haal de beste 5 Meo Dipt. 5 Meo Dipt online kopen in onze online winkel, want we hebben 5 Meo Dipt van hoge kwaliteit te koop. Koop de jouwe nu tegen lage tarieven. Bestel nu!","breadcrumb":{"@id":"https:\/\/rckopen.com\/product\/5-meo-dipt\/#breadcrumb"},"inLanguage":"fr-FR","potentialAction":[{"@type":"ReadAction","target":["https:\/\/rckopen.com\/product\/5-meo-dipt\/"]}]},{"@type":"ImageObject","inLanguage":"fr-FR","@id":"https:\/\/rckopen.com\/product\/5-meo-dipt\/#primaryimage","url":"https:\/\/rckopen.com\/wp-content\/uploads\/2023\/08\/5-MEO-DIPT.jpg","contentUrl":"https:\/\/rckopen.com\/wp-content\/uploads\/2023\/08\/5-MEO-DIPT.jpg","width":600,"height":600,"caption":"5-MEO-DIPT Online Kopen"},{"@type":"BreadcrumbList","@id":"https:\/\/rckopen.com\/product\/5-meo-dipt\/#breadcrumb","itemListElement":[{"@type":"ListItem","position":1,"name":"Home","item":"https:\/\/rckopen.com\/"},{"@type":"ListItem","position":2,"name":"Shop","item":"https:\/\/rckopen.com\/shop\/"},{"@type":"ListItem","position":3,"name":"5-MEO-DIPT Online Kopen"}]},{"@type":"WebSite","@id":"https:\/\/rckopen.com\/#website","url":"https:\/\/rckopen.com\/","name":"RC Kopen","description":"Research Chemicals","potentialAction":[{"@type":"SearchAction","target":{"@type":"EntryPoint","urlTemplate":"https:\/\/rckopen.com\/?s={search_term_string}"},"query-input":{"@type":"PropertyValueSpecification","valueRequired":true,"valueName":"search_term_string"}}],"inLanguage":"fr-FR"}]}},"_links":{"self":[{"href":"https:\/\/rckopen.com\/fr\/wp-json\/wp\/v2\/product\/6696","targetHints":{"allow":["GET"]}}],"collection":[{"href":"https:\/\/rckopen.com\/fr\/wp-json\/wp\/v2\/product"}],"about":[{"href":"https:\/\/rckopen.com\/fr\/wp-json\/wp\/v2\/types\/product"}],"replies":[{"embeddable":true,"href":"https:\/\/rckopen.com\/fr\/wp-json\/wp\/v2\/comments?post=6696"}],"wp:featuredmedia":[{"embeddable":true,"href":"https:\/\/rckopen.com\/fr\/wp-json\/wp\/v2\/media\/6874"}],"wp:attachment":[{"href":"https:\/\/rckopen.com\/fr\/wp-json\/wp\/v2\/media?parent=6696"}],"wp:term":[{"taxonomy":"product_brand","embeddable":true,"href":"https:\/\/rckopen.com\/fr\/wp-json\/wp\/v2\/product_brand?post=6696"},{"taxonomy":"product_cat","embeddable":true,"href":"https:\/\/rckopen.com\/fr\/wp-json\/wp\/v2\/product_cat?post=6696"},{"taxonomy":"product_tag","embeddable":true,"href":"https:\/\/rckopen.com\/fr\/wp-json\/wp\/v2\/product_tag?post=6696"}],"curies":[{"name":"wp","href":"https:\/\/api.w.org\/{rel}","templated":true}]}}