{"id":6699,"date":"2023-08-17T10:40:02","date_gmt":"2023-08-17T10:40:02","guid":{"rendered":"https:\/\/diligentplug.com\/chems\/?post_type=product&#038;p=6699"},"modified":"2025-02-03T07:08:42","modified_gmt":"2025-02-03T07:08:42","slug":"ept","status":"publish","type":"product","link":"https:\/\/rckopen.com\/fr\/produit\/ept\/","title":{"rendered":"Acheter EPT en ligne"},"content":{"rendered":"<h2>De opties verkennen: waar u EPT online kopen kunt vinden<\/h2>\n<p>Vous cherchez <a href=\"https:\/\/rckopen.com\/fr\/produit\/ept\/\">EPT<\/a> et vous souhaitez explorer des sources fiables et acheter ce produit essentiel sans aucun tracas ? Ne cherchez plus ! Que vous souhaitiez acheter de l'EPT, que vous vous demandiez o\u00f9 trouver de l'EPT ou que vous souhaitiez commander de l'EPT l\u00e9galement, nous avons la solution pour vous. Chez Rckopen.com, nous sommes fiers d'\u00eatre votre destination de r\u00e9f\u00e9rence pour tout ce qui concerne l'EPT. Gr\u00e2ce \u00e0 notre plateforme conviviale et \u00e0 notre engagement envers la qualit\u00e9, nous faisons de l'achat d'EPT en ligne une exp\u00e9rience transparente.<\/p>\n<h3>O\u00f9 trouver des EPT \u00e0 vendre<\/h3>\n<p>D\u00e9couverte de <a href=\"https:\/\/en.wikipedia.org\/wiki\/EPT\">EPT<\/a> \u00e0 vendre ne devrait pas \u00eatre un d\u00e9fi. C'est pourquoi nous nous sommes donn\u00e9 pour mission de fournir une solution pratique. Chez Rckopen.com, nous proposons une gamme diversifi\u00e9e de produits EPT adapt\u00e9s \u00e0 vos besoins. Que vous ayez besoin d'une formulation ou d'un dosage sp\u00e9cifique, notre vaste s\u00e9lection vous garantit de trouver exactement ce que vous recherchez.<\/p>\n<h3>Commander l'EPT facilement et l\u00e9galement<\/h3>\n<p>Lorsqu'il s'agit d'acheter de l'EPT, la l\u00e9galit\u00e9 et la commodit\u00e9 sont primordiales. Chez Rckopen.com, nous donnons la priorit\u00e9 \u00e0 ces deux aspects. Gr\u00e2ce \u00e0 notre processus de commande simple, vous pouvez acheter de l'EPT facilement et sans ordonnance. De plus, gr\u00e2ce \u00e0 notre engagement de conformit\u00e9, vous pouvez \u00eatre assur\u00e9 que chaque achat est l\u00e9gal et \u00e9quitable.<\/p>\n<h3>D\u00e9couvrez notre boutique EPT<\/h3>\n<p>Bienvenue dans notre boutique EPT, votre guichet unique pour tous vos besoins en mati\u00e8re d'EPT. Des produits de qualit\u00e9 sup\u00e9rieure au service \u00e0 la client\u00e8le exceptionnel, nous avons tout ce qu'il faut pour faire de votre exp\u00e9rience d'achat un jeu d'enfant. Parcourez notre vaste inventaire, passez votre commande en toute confiance et faites l'exp\u00e9rience de la commodit\u00e9 d'acheter des EPT en vente libre en ligne, uniquement sur Rckopen.com.<\/p>\n<p>Achetez EPT en ligne au Royaume-Uni<\/p>\n<p>Pour les clients au Royaume-Uni, acheter EPT en ligne n'a jamais \u00e9t\u00e9 aussi simple. De <a href=\"https:\/\/rckopen.com\/fr\/\">rckopen.com<\/a>\u00a0vous pouvez acheter l\u00e9galement de l'EPT dans le confort de votre domicile et le faire livrer directement \u00e0 votre porte. Notre exp\u00e9dition efficace garantit une livraison rapide, afin que vous puissiez profiter imm\u00e9diatement des avantages de l'EPT.<\/p>\n<h3>Pourquoi choisir Rckopen.com ?<\/h3>\n<p>Avec tant d'options disponibles, pourquoi choisir Rckopen.com pour vos besoins en EPT ? La r\u00e9ponse est simple : nous visons l'excellence. De notre engagement \u00e0 fournir des produits de qualit\u00e9 \u00e0 notre service client\u00e8le exceptionnel, nous faisons tout notre possible pour assurer votre satisfaction. Lorsque vous achetez de l'EPT sur Rckopen.com, vous n'achetez pas seulement un produit - vous investissez dans la tranquillit\u00e9 d'esprit.<\/p>\n<p>Lorsqu'il s'agit de trouver et d'acheter de l'EPT en ligne, Rckopen.com est votre destination ultime. Avec notre vaste s\u00e9lection, notre processus de commande facile et notre engagement envers la l\u00e9galit\u00e9 et la qualit\u00e9, nous sommes votre partenaire de confiance \u00e0 chaque \u00e9tape du processus. Alors pourquoi attendre ? Explorez notre boutique EPT d\u00e8s aujourd'hui et d\u00e9couvrez la commodit\u00e9 des achats sur Rckopen.com.<\/p>","protected":false},"excerpt":{"rendered":"<p><strong>Nom IUPAC : <\/strong>3-[2-(Ethyl(propyl)amino)\u00e9thyl]-1H-indole<\/p>\n<p><strong>Autre nom : <\/strong>N-Ethyl-N-propyltryptamine<\/p>\n<p><strong>Apparence : <\/strong>poudre<\/p>\n<p><strong>Forme : <\/strong>fumarate<\/p>\n<p><strong>Analyse RMN : <\/strong>N\/A<\/p>","protected":false},"featured_media":6885,"comment_status":"open","ping_status":"closed","template":"","meta":{"_joinchat":[]},"product_brand":[],"product_cat":[149],"product_tag":[],"class_list":{"0":"post-6699","1":"product","2":"type-product","3":"status-publish","4":"has-post-thumbnail","6":"product_cat-tryptaminen","8":"first","9":"instock","10":"shipping-taxable","11":"purchasable","12":"product-type-variable"},"yoast_head":"<!-- This site is optimized with the Yoast SEO plugin v26.3 - https:\/\/yoast.com\/wordpress\/plugins\/seo\/ -->\n<title>EPT online kopen - EPT online te koop<\/title>\n<meta name=\"description\" content=\"Als u EPT online wilt kopen, heeft RCKopen een hoogwaardige EPT te koop. Wij helpen u om EPT online tegen goedkope tarieven te kopen. Plaats vandaag nog een bestelling!\" \/>\n<meta name=\"robots\" content=\"index, follow, max-snippet:-1, max-image-preview:large, max-video-preview:-1\" \/>\n<link rel=\"canonical\" href=\"https:\/\/rckopen.com\/fr\/produit\/ept\/\" \/>\n<meta property=\"og:locale\" content=\"fr_FR\" \/>\n<meta property=\"og:type\" content=\"article\" \/>\n<meta property=\"og:title\" content=\"EPT online kopen - EPT online te koop\" \/>\n<meta property=\"og:description\" content=\"Als u EPT online wilt kopen, heeft RCKopen een hoogwaardige EPT te koop. Wij helpen u om EPT online tegen goedkope tarieven te kopen. Plaats vandaag nog een bestelling!\" \/>\n<meta property=\"og:url\" content=\"https:\/\/rckopen.com\/fr\/produit\/ept\/\" \/>\n<meta property=\"og:site_name\" content=\"RC Kopen\" \/>\n<meta property=\"article:modified_time\" content=\"2025-02-03T07:08:42+00:00\" \/>\n<meta property=\"og:image\" content=\"https:\/\/rckopen.com\/wp-content\/uploads\/2023\/08\/EPT.jpg\" \/>\n\t<meta property=\"og:image:width\" content=\"600\" \/>\n\t<meta property=\"og:image:height\" content=\"600\" \/>\n\t<meta property=\"og:image:type\" content=\"image\/jpeg\" \/>\n<meta name=\"twitter:card\" content=\"summary_large_image\" \/>\n<meta name=\"twitter:label1\" content=\"Dur\u00e9e de lecture estim\u00e9e\" \/>\n\t<meta name=\"twitter:data1\" content=\"3 minutes\" \/>\n<script type=\"application\/ld+json\" class=\"yoast-schema-graph\">{\"@context\":\"https:\/\/schema.org\",\"@graph\":[{\"@type\":\"WebPage\",\"@id\":\"https:\/\/rckopen.com\/product\/ept\/\",\"url\":\"https:\/\/rckopen.com\/product\/ept\/\",\"name\":\"EPT online kopen - EPT online te koop\",\"isPartOf\":{\"@id\":\"https:\/\/rckopen.com\/#website\"},\"primaryImageOfPage\":{\"@id\":\"https:\/\/rckopen.com\/product\/ept\/#primaryimage\"},\"image\":{\"@id\":\"https:\/\/rckopen.com\/product\/ept\/#primaryimage\"},\"thumbnailUrl\":\"https:\/\/rckopen.com\/wp-content\/uploads\/2023\/08\/EPT.jpg\",\"datePublished\":\"2023-08-17T10:40:02+00:00\",\"dateModified\":\"2025-02-03T07:08:42+00:00\",\"description\":\"Als u EPT online wilt kopen, heeft RCKopen een hoogwaardige EPT te koop. Wij helpen u om EPT online tegen goedkope tarieven te kopen. Plaats vandaag nog een bestelling!\",\"breadcrumb\":{\"@id\":\"https:\/\/rckopen.com\/product\/ept\/#breadcrumb\"},\"inLanguage\":\"fr-FR\",\"potentialAction\":[{\"@type\":\"ReadAction\",\"target\":[\"https:\/\/rckopen.com\/product\/ept\/\"]}]},{\"@type\":\"ImageObject\",\"inLanguage\":\"fr-FR\",\"@id\":\"https:\/\/rckopen.com\/product\/ept\/#primaryimage\",\"url\":\"https:\/\/rckopen.com\/wp-content\/uploads\/2023\/08\/EPT.jpg\",\"contentUrl\":\"https:\/\/rckopen.com\/wp-content\/uploads\/2023\/08\/EPT.jpg\",\"width\":600,\"height\":600,\"caption\":\"EPT online kopen\"},{\"@type\":\"BreadcrumbList\",\"@id\":\"https:\/\/rckopen.com\/product\/ept\/#breadcrumb\",\"itemListElement\":[{\"@type\":\"ListItem\",\"position\":1,\"name\":\"Home\",\"item\":\"https:\/\/rckopen.com\/\"},{\"@type\":\"ListItem\",\"position\":2,\"name\":\"Shop\",\"item\":\"https:\/\/rckopen.com\/shop\/\"},{\"@type\":\"ListItem\",\"position\":3,\"name\":\"EPT online kopen\"}]},{\"@type\":\"WebSite\",\"@id\":\"https:\/\/rckopen.com\/#website\",\"url\":\"https:\/\/rckopen.com\/\",\"name\":\"RC Kopen\",\"description\":\"Research Chemicals\",\"potentialAction\":[{\"@type\":\"SearchAction\",\"target\":{\"@type\":\"EntryPoint\",\"urlTemplate\":\"https:\/\/rckopen.com\/?s={search_term_string}\"},\"query-input\":{\"@type\":\"PropertyValueSpecification\",\"valueRequired\":true,\"valueName\":\"search_term_string\"}}],\"inLanguage\":\"fr-FR\"}]}<\/script>\n<!-- \/ Yoast SEO plugin. -->","yoast_head_json":{"title":"EPT online kopen - EPT online te koop","description":"Als u EPT online wilt kopen, heeft RCKopen een hoogwaardige EPT te koop. Wij helpen u om EPT online tegen goedkope tarieven te kopen. Plaats vandaag nog een bestelling!","robots":{"index":"index","follow":"follow","max-snippet":"max-snippet:-1","max-image-preview":"max-image-preview:large","max-video-preview":"max-video-preview:-1"},"canonical":"https:\/\/rckopen.com\/fr\/produit\/ept\/","og_locale":"fr_FR","og_type":"article","og_title":"EPT online kopen - EPT online te koop","og_description":"Als u EPT online wilt kopen, heeft RCKopen een hoogwaardige EPT te koop. Wij helpen u om EPT online tegen goedkope tarieven te kopen. Plaats vandaag nog een bestelling!","og_url":"https:\/\/rckopen.com\/fr\/produit\/ept\/","og_site_name":"RC Kopen","article_modified_time":"2025-02-03T07:08:42+00:00","og_image":[{"width":600,"height":600,"url":"https:\/\/rckopen.com\/wp-content\/uploads\/2023\/08\/EPT.jpg","type":"image\/jpeg"}],"twitter_card":"summary_large_image","twitter_misc":{"Dur\u00e9e de lecture estim\u00e9e":"3 minutes"},"schema":{"@context":"https:\/\/schema.org","@graph":[{"@type":"WebPage","@id":"https:\/\/rckopen.com\/product\/ept\/","url":"https:\/\/rckopen.com\/product\/ept\/","name":"EPT online kopen - EPT online te koop","isPartOf":{"@id":"https:\/\/rckopen.com\/#website"},"primaryImageOfPage":{"@id":"https:\/\/rckopen.com\/product\/ept\/#primaryimage"},"image":{"@id":"https:\/\/rckopen.com\/product\/ept\/#primaryimage"},"thumbnailUrl":"https:\/\/rckopen.com\/wp-content\/uploads\/2023\/08\/EPT.jpg","datePublished":"2023-08-17T10:40:02+00:00","dateModified":"2025-02-03T07:08:42+00:00","description":"Als u EPT online wilt kopen, heeft RCKopen een hoogwaardige EPT te koop. Wij helpen u om EPT online tegen goedkope tarieven te kopen. Plaats vandaag nog een bestelling!","breadcrumb":{"@id":"https:\/\/rckopen.com\/product\/ept\/#breadcrumb"},"inLanguage":"fr-FR","potentialAction":[{"@type":"ReadAction","target":["https:\/\/rckopen.com\/product\/ept\/"]}]},{"@type":"ImageObject","inLanguage":"fr-FR","@id":"https:\/\/rckopen.com\/product\/ept\/#primaryimage","url":"https:\/\/rckopen.com\/wp-content\/uploads\/2023\/08\/EPT.jpg","contentUrl":"https:\/\/rckopen.com\/wp-content\/uploads\/2023\/08\/EPT.jpg","width":600,"height":600,"caption":"EPT online kopen"},{"@type":"BreadcrumbList","@id":"https:\/\/rckopen.com\/product\/ept\/#breadcrumb","itemListElement":[{"@type":"ListItem","position":1,"name":"Home","item":"https:\/\/rckopen.com\/"},{"@type":"ListItem","position":2,"name":"Shop","item":"https:\/\/rckopen.com\/shop\/"},{"@type":"ListItem","position":3,"name":"EPT online kopen"}]},{"@type":"WebSite","@id":"https:\/\/rckopen.com\/#website","url":"https:\/\/rckopen.com\/","name":"RC Kopen","description":"Research Chemicals","potentialAction":[{"@type":"SearchAction","target":{"@type":"EntryPoint","urlTemplate":"https:\/\/rckopen.com\/?s={search_term_string}"},"query-input":{"@type":"PropertyValueSpecification","valueRequired":true,"valueName":"search_term_string"}}],"inLanguage":"fr-FR"}]}},"_links":{"self":[{"href":"https:\/\/rckopen.com\/fr\/wp-json\/wp\/v2\/product\/6699","targetHints":{"allow":["GET"]}}],"collection":[{"href":"https:\/\/rckopen.com\/fr\/wp-json\/wp\/v2\/product"}],"about":[{"href":"https:\/\/rckopen.com\/fr\/wp-json\/wp\/v2\/types\/product"}],"replies":[{"embeddable":true,"href":"https:\/\/rckopen.com\/fr\/wp-json\/wp\/v2\/comments?post=6699"}],"wp:featuredmedia":[{"embeddable":true,"href":"https:\/\/rckopen.com\/fr\/wp-json\/wp\/v2\/media\/6885"}],"wp:attachment":[{"href":"https:\/\/rckopen.com\/fr\/wp-json\/wp\/v2\/media?parent=6699"}],"wp:term":[{"taxonomy":"product_brand","embeddable":true,"href":"https:\/\/rckopen.com\/fr\/wp-json\/wp\/v2\/product_brand?post=6699"},{"taxonomy":"product_cat","embeddable":true,"href":"https:\/\/rckopen.com\/fr\/wp-json\/wp\/v2\/product_cat?post=6699"},{"taxonomy":"product_tag","embeddable":true,"href":"https:\/\/rckopen.com\/fr\/wp-json\/wp\/v2\/product_tag?post=6699"}],"curies":[{"name":"wp","href":"https:\/\/api.w.org\/{rel}","templated":true}]}}