{"id":6753,"date":"2023-08-17T10:56:53","date_gmt":"2023-08-17T10:56:53","guid":{"rendered":"https:\/\/diligentplug.com\/chems\/?post_type=product&#038;p=6753"},"modified":"2025-02-03T06:58:59","modified_gmt":"2025-02-03T06:58:59","slug":"dpt-hcl","status":"publish","type":"product","link":"https:\/\/rckopen.com\/fr\/produit\/dpt-hcl\/","title":{"rendered":"Acheter DPT HCL en ligne"},"content":{"rendered":"<h2>Les avantages de l'achat de DPT HCL en ligne : tout ce qu'il faut savoir<\/h2>\n<p>Dans le domaine des substances psychoactives, une distinction est faite <a href=\"https:\/\/rckopen.com\/fr\/produit\/dpt-hcl\/\">DPT HCL<\/a> elle-m\u00eame \u00e0 travers ses propri\u00e9t\u00e9s et ses effets uniques. Pour ceux qui souhaitent explorer ses possibilit\u00e9s, l\u2019achat de DPT HCL en ligne offre de nombreux avantages. Voyons pourquoi l\u2019achat de DPT HCL en ligne peut changer la donne et comment Rckopen.com offre aux passionn\u00e9s une exp\u00e9rience transparente.<\/p>\n<h3>Commodit\u00e9 et accessibilit\u00e9<\/h3>\n<p>O\u00f9 tu <a href=\"https:\/\/en.wikipedia.org\/wiki\/Dipropyltryptamine\">DPT HCL<\/a> Lorsque vous achetez en ligne, vous b\u00e9n\u00e9ficiez d\u2019une commodit\u00e9 in\u00e9gal\u00e9e. Fini le temps o\u00f9 il fallait chercher sans rel\u00e2che un magasin physique proposant ce tissu sp\u00e9cifique. En quelques clics, vous pouvez acc\u00e9der \u00e0 Rckopen.com \u00e0 tout moment et en tout lieu. Cette accessibilit\u00e9 est particuli\u00e8rement b\u00e9n\u00e9fique pour les personnes qui r\u00e9sident dans des r\u00e9gions o\u00f9 le DPT HCL peut ne pas \u00eatre facilement disponible dans les magasins locaux.<\/p>\n<h3>Emballage discret<\/h3>\n<p>La confidentialit\u00e9 est primordiale lors de l\u2019achat de substances telles que le DPT HCL. Abeille <a href=\"https:\/\/rckopen.com\/fr\/\">rckopen.com<\/a> vous pouvez \u00eatre assur\u00e9 que votre commande sera emball\u00e9e discr\u00e8tement, sans aucune indication de son contenu. Cet emballage discret assure une tranquillit\u00e9 d\u2019esprit tout au long du processus d\u2019achat.<\/p>\n<h3>Transactions s\u00e9curis\u00e9es<\/h3>\n<p>Les inqui\u00e9tudes concernant la s\u00e9curit\u00e9 de l\u2019achat l\u00e9gal de DPT HCL sont justifi\u00e9es. Cependant, Rckopen.com privil\u00e9gie la s\u00e9curit\u00e9 et la l\u00e9galit\u00e9 dans toutes les transactions. Nous respectons strictement les r\u00e9glementations, vous donnant l'assurance que votre achat est \u00e0 la fois l\u00e9gal et s\u00fbr.<\/p>\n<h3>Exp\u00e9dition dans le monde entier<\/h3>\n<p>Quelle que soit votre situation g\u00e9ographique, Rckopen.com vous propose une livraison dans le monde entier. Que vous habitiez aux Pays-Bas ou dans une autre partie du monde, vous pouvez commander DPT HCL et le faire livrer chez vous. Notre processus d'exp\u00e9dition efficace garantit une livraison rapide, de sorte que vous pouvez commencer votre voyage psych\u00e9d\u00e9lique sans d\u00e9lai.<\/p>\n<h3>Source l\u00e9gitime<\/h3>\n<p>Lorsque vous achetez du DPT HCL sur Rckopen.com, vous achetez \u00e0 une source l\u00e9gitime. Nous privil\u00e9gions la qualit\u00e9 et l'authenticit\u00e9 et nous nous approvisionnons aupr\u00e8s de fournisseurs r\u00e9put\u00e9s. Cela garantit que vous recevez un magasin de DPT HCL authentique qui r\u00e9pond \u00e0 des normes de qualit\u00e9 strictes.<\/p>\n<p>L'achat de DPT HCL en ligne en n\u00e9erlandais offre de nombreux avantages, allant de la commodit\u00e9 et de l'accessibilit\u00e9 \u00e0 un emballage discret et des conseils d'experts. Avec Rckopen.com, vous pouvez commencer votre voyage psych\u00e9d\u00e9lique en toute confiance, sachant que vous achetez aupr\u00e8s d'une source fiable. D\u00e9couvrez notre collection d\u00e8s aujourd\u2019hui et lib\u00e9rez le potentiel transformateur de DPT HCL. Visitez Rckopen.com pour acheter du DPT HCL l\u00e9galement et en toute s\u00e9curit\u00e9, sans ordonnance.<\/p>","protected":false},"excerpt":{"rendered":"<p><strong>Nom IUPAC : <\/strong>N-[2-(1H-indol-3-yl)]ethyl-N-propylpropan-1-amine<\/p>\n<p><strong>CAS # <\/strong>61-52-9<\/p>\n<p><strong>Autre nom : <\/strong>N,N-Dipropyltryptamine<\/p>\n<p><strong>Apparence : <\/strong>poudre<\/p>\n<p><strong>Forme : <\/strong>hcl<\/p>\n<p><strong>Analyse RMN : <\/strong>C16H24N2<\/p>","protected":false},"featured_media":6902,"comment_status":"open","ping_status":"closed","template":"","meta":{"_joinchat":[]},"product_brand":[],"product_cat":[149],"product_tag":[],"class_list":{"0":"post-6753","1":"product","2":"type-product","3":"status-publish","4":"has-post-thumbnail","6":"product_cat-tryptaminen","8":"first","9":"instock","10":"shipping-taxable","11":"purchasable","12":"product-type-variable"},"yoast_head":"<!-- This site is optimized with the Yoast SEO plugin v26.3 - https:\/\/yoast.com\/wordpress\/plugins\/seo\/ -->\n<title>DPT HCL online kopen - DPT HCL te koop<\/title>\n<meta name=\"description\" content=\"Onze winkel heeft de topkwaliteit DPT HCL te koop. U kunt nooit om de kwaliteit van onze producten heen. Als u het nodig heeft, DPT HCL dan meteen online kopen. Bestel nu in onze online winkel voor een goede nachtrust en kalmte.\" \/>\n<meta name=\"robots\" content=\"index, follow, max-snippet:-1, max-image-preview:large, max-video-preview:-1\" \/>\n<link rel=\"canonical\" href=\"https:\/\/rckopen.com\/fr\/produit\/dpt-hcl\/\" \/>\n<meta property=\"og:locale\" content=\"fr_FR\" \/>\n<meta property=\"og:type\" content=\"article\" \/>\n<meta property=\"og:title\" content=\"DPT HCL online kopen - DPT HCL te koop\" \/>\n<meta property=\"og:description\" content=\"Onze winkel heeft de topkwaliteit DPT HCL te koop. U kunt nooit om de kwaliteit van onze producten heen. Als u het nodig heeft, DPT HCL dan meteen online kopen. Bestel nu in onze online winkel voor een goede nachtrust en kalmte.\" \/>\n<meta property=\"og:url\" content=\"https:\/\/rckopen.com\/fr\/produit\/dpt-hcl\/\" \/>\n<meta property=\"og:site_name\" content=\"RC Kopen\" \/>\n<meta property=\"article:modified_time\" content=\"2025-02-03T06:58:59+00:00\" \/>\n<meta property=\"og:image\" content=\"https:\/\/rckopen.com\/wp-content\/uploads\/2023\/08\/DPT-HCL.jpg\" \/>\n\t<meta property=\"og:image:width\" content=\"600\" \/>\n\t<meta property=\"og:image:height\" content=\"600\" \/>\n\t<meta property=\"og:image:type\" content=\"image\/jpeg\" \/>\n<meta name=\"twitter:card\" content=\"summary_large_image\" \/>\n<meta name=\"twitter:label1\" content=\"Dur\u00e9e de lecture estim\u00e9e\" \/>\n\t<meta name=\"twitter:data1\" content=\"2 minutes\" \/>\n<script type=\"application\/ld+json\" class=\"yoast-schema-graph\">{\"@context\":\"https:\/\/schema.org\",\"@graph\":[{\"@type\":\"WebPage\",\"@id\":\"https:\/\/rckopen.com\/product\/dpt-hcl\/\",\"url\":\"https:\/\/rckopen.com\/product\/dpt-hcl\/\",\"name\":\"DPT HCL online kopen - DPT HCL te koop\",\"isPartOf\":{\"@id\":\"https:\/\/rckopen.com\/#website\"},\"primaryImageOfPage\":{\"@id\":\"https:\/\/rckopen.com\/product\/dpt-hcl\/#primaryimage\"},\"image\":{\"@id\":\"https:\/\/rckopen.com\/product\/dpt-hcl\/#primaryimage\"},\"thumbnailUrl\":\"https:\/\/rckopen.com\/wp-content\/uploads\/2023\/08\/DPT-HCL.jpg\",\"datePublished\":\"2023-08-17T10:56:53+00:00\",\"dateModified\":\"2025-02-03T06:58:59+00:00\",\"description\":\"Onze winkel heeft de topkwaliteit DPT HCL te koop. U kunt nooit om de kwaliteit van onze producten heen. Als u het nodig heeft, DPT HCL dan meteen online kopen. Bestel nu in onze online winkel voor een goede nachtrust en kalmte.\",\"breadcrumb\":{\"@id\":\"https:\/\/rckopen.com\/product\/dpt-hcl\/#breadcrumb\"},\"inLanguage\":\"fr-FR\",\"potentialAction\":[{\"@type\":\"ReadAction\",\"target\":[\"https:\/\/rckopen.com\/product\/dpt-hcl\/\"]}]},{\"@type\":\"ImageObject\",\"inLanguage\":\"fr-FR\",\"@id\":\"https:\/\/rckopen.com\/product\/dpt-hcl\/#primaryimage\",\"url\":\"https:\/\/rckopen.com\/wp-content\/uploads\/2023\/08\/DPT-HCL.jpg\",\"contentUrl\":\"https:\/\/rckopen.com\/wp-content\/uploads\/2023\/08\/DPT-HCL.jpg\",\"width\":600,\"height\":600,\"caption\":\"DPT-HCL online kopen\"},{\"@type\":\"BreadcrumbList\",\"@id\":\"https:\/\/rckopen.com\/product\/dpt-hcl\/#breadcrumb\",\"itemListElement\":[{\"@type\":\"ListItem\",\"position\":1,\"name\":\"Home\",\"item\":\"https:\/\/rckopen.com\/\"},{\"@type\":\"ListItem\",\"position\":2,\"name\":\"Shop\",\"item\":\"https:\/\/rckopen.com\/shop\/\"},{\"@type\":\"ListItem\",\"position\":3,\"name\":\"DPT HCL online kopen\"}]},{\"@type\":\"WebSite\",\"@id\":\"https:\/\/rckopen.com\/#website\",\"url\":\"https:\/\/rckopen.com\/\",\"name\":\"RC Kopen\",\"description\":\"Research Chemicals\",\"potentialAction\":[{\"@type\":\"SearchAction\",\"target\":{\"@type\":\"EntryPoint\",\"urlTemplate\":\"https:\/\/rckopen.com\/?s={search_term_string}\"},\"query-input\":{\"@type\":\"PropertyValueSpecification\",\"valueRequired\":true,\"valueName\":\"search_term_string\"}}],\"inLanguage\":\"fr-FR\"}]}<\/script>\n<!-- \/ Yoast SEO plugin. -->","yoast_head_json":{"title":"DPT HCL online kopen - DPT HCL te koop","description":"Onze winkel heeft de topkwaliteit DPT HCL te koop. U kunt nooit om de kwaliteit van onze producten heen. Als u het nodig heeft, DPT HCL dan meteen online kopen. Bestel nu in onze online winkel voor een goede nachtrust en kalmte.","robots":{"index":"index","follow":"follow","max-snippet":"max-snippet:-1","max-image-preview":"max-image-preview:large","max-video-preview":"max-video-preview:-1"},"canonical":"https:\/\/rckopen.com\/fr\/produit\/dpt-hcl\/","og_locale":"fr_FR","og_type":"article","og_title":"DPT HCL online kopen - DPT HCL te koop","og_description":"Onze winkel heeft de topkwaliteit DPT HCL te koop. U kunt nooit om de kwaliteit van onze producten heen. Als u het nodig heeft, DPT HCL dan meteen online kopen. Bestel nu in onze online winkel voor een goede nachtrust en kalmte.","og_url":"https:\/\/rckopen.com\/fr\/produit\/dpt-hcl\/","og_site_name":"RC Kopen","article_modified_time":"2025-02-03T06:58:59+00:00","og_image":[{"width":600,"height":600,"url":"https:\/\/rckopen.com\/wp-content\/uploads\/2023\/08\/DPT-HCL.jpg","type":"image\/jpeg"}],"twitter_card":"summary_large_image","twitter_misc":{"Dur\u00e9e de lecture estim\u00e9e":"2 minutes"},"schema":{"@context":"https:\/\/schema.org","@graph":[{"@type":"WebPage","@id":"https:\/\/rckopen.com\/product\/dpt-hcl\/","url":"https:\/\/rckopen.com\/product\/dpt-hcl\/","name":"DPT HCL online kopen - DPT HCL te koop","isPartOf":{"@id":"https:\/\/rckopen.com\/#website"},"primaryImageOfPage":{"@id":"https:\/\/rckopen.com\/product\/dpt-hcl\/#primaryimage"},"image":{"@id":"https:\/\/rckopen.com\/product\/dpt-hcl\/#primaryimage"},"thumbnailUrl":"https:\/\/rckopen.com\/wp-content\/uploads\/2023\/08\/DPT-HCL.jpg","datePublished":"2023-08-17T10:56:53+00:00","dateModified":"2025-02-03T06:58:59+00:00","description":"Onze winkel heeft de topkwaliteit DPT HCL te koop. U kunt nooit om de kwaliteit van onze producten heen. Als u het nodig heeft, DPT HCL dan meteen online kopen. Bestel nu in onze online winkel voor een goede nachtrust en kalmte.","breadcrumb":{"@id":"https:\/\/rckopen.com\/product\/dpt-hcl\/#breadcrumb"},"inLanguage":"fr-FR","potentialAction":[{"@type":"ReadAction","target":["https:\/\/rckopen.com\/product\/dpt-hcl\/"]}]},{"@type":"ImageObject","inLanguage":"fr-FR","@id":"https:\/\/rckopen.com\/product\/dpt-hcl\/#primaryimage","url":"https:\/\/rckopen.com\/wp-content\/uploads\/2023\/08\/DPT-HCL.jpg","contentUrl":"https:\/\/rckopen.com\/wp-content\/uploads\/2023\/08\/DPT-HCL.jpg","width":600,"height":600,"caption":"DPT-HCL online kopen"},{"@type":"BreadcrumbList","@id":"https:\/\/rckopen.com\/product\/dpt-hcl\/#breadcrumb","itemListElement":[{"@type":"ListItem","position":1,"name":"Home","item":"https:\/\/rckopen.com\/"},{"@type":"ListItem","position":2,"name":"Shop","item":"https:\/\/rckopen.com\/shop\/"},{"@type":"ListItem","position":3,"name":"DPT HCL online kopen"}]},{"@type":"WebSite","@id":"https:\/\/rckopen.com\/#website","url":"https:\/\/rckopen.com\/","name":"RC Kopen","description":"Research Chemicals","potentialAction":[{"@type":"SearchAction","target":{"@type":"EntryPoint","urlTemplate":"https:\/\/rckopen.com\/?s={search_term_string}"},"query-input":{"@type":"PropertyValueSpecification","valueRequired":true,"valueName":"search_term_string"}}],"inLanguage":"fr-FR"}]}},"_links":{"self":[{"href":"https:\/\/rckopen.com\/fr\/wp-json\/wp\/v2\/product\/6753","targetHints":{"allow":["GET"]}}],"collection":[{"href":"https:\/\/rckopen.com\/fr\/wp-json\/wp\/v2\/product"}],"about":[{"href":"https:\/\/rckopen.com\/fr\/wp-json\/wp\/v2\/types\/product"}],"replies":[{"embeddable":true,"href":"https:\/\/rckopen.com\/fr\/wp-json\/wp\/v2\/comments?post=6753"}],"wp:featuredmedia":[{"embeddable":true,"href":"https:\/\/rckopen.com\/fr\/wp-json\/wp\/v2\/media\/6902"}],"wp:attachment":[{"href":"https:\/\/rckopen.com\/fr\/wp-json\/wp\/v2\/media?parent=6753"}],"wp:term":[{"taxonomy":"product_brand","embeddable":true,"href":"https:\/\/rckopen.com\/fr\/wp-json\/wp\/v2\/product_brand?post=6753"},{"taxonomy":"product_cat","embeddable":true,"href":"https:\/\/rckopen.com\/fr\/wp-json\/wp\/v2\/product_cat?post=6753"},{"taxonomy":"product_tag","embeddable":true,"href":"https:\/\/rckopen.com\/fr\/wp-json\/wp\/v2\/product_tag?post=6753"}],"curies":[{"name":"wp","href":"https:\/\/api.w.org\/{rel}","templated":true}]}}