{"id":6755,"date":"2023-08-17T10:58:40","date_gmt":"2023-08-17T10:58:40","guid":{"rendered":"https:\/\/diligentplug.com\/chems\/?post_type=product&#038;p=6755"},"modified":"2025-02-04T05:23:17","modified_gmt":"2025-02-04T05:23:17","slug":"mipt-fumarate","status":"publish","type":"product","link":"https:\/\/rckopen.com\/fr\/produit\/fumarate-de-mipt\/","title":{"rendered":"Acheter du fumarate MiPT en ligne"},"content":{"rendered":"<h2>Acheter du fumarate MiPT en ligne<\/h2>\n<h3>Bienvenue sur RCKopen : votre meilleure source de MiPT fumarate<\/h3>\n<p>Vous voulez acheter MiPT Fumarate en ligne ? Ne cherchez pas plus loin que RCKopen, votre destination de confiance pour des produits chimiques de recherche de haute qualit\u00e9. o\u00f9 acheter MiPT fumarate ? Gr\u00e2ce \u00e0 notre engagement envers l'excellence et la satisfaction de nos clients, nous offrons une exp\u00e9rience d'achat transparente pour tous vos besoins en MiPT fumarate.<\/p>\n<h3>Pourquoi choisir RCKopen ?<\/h3>\n<p>Chez RCKopen, nous privil\u00e9gions la qualit\u00e9, la l\u00e9galit\u00e9 et la commodit\u00e9. C'est pourquoi vous devriez nous choisir pour la vente de MiPT fumarate :<\/p>\n<p>1. Des produits de qualit\u00e9 sup\u00e9rieure<br \/>\nNous comprenons l'importance de la puret\u00e9 et de la qualit\u00e9 des produits chimiques destin\u00e9s \u00e0 la recherche. C'est pourquoi nous nous approvisionnons en fumarate de MIPT aupr\u00e8s de fournisseurs r\u00e9put\u00e9s afin de garantir les normes les plus \u00e9lev\u00e9es dans chaque lot.<\/p>\n<p>1. L\u00e9galit\u00e9 et conformit\u00e9<br \/>\nVous pouvez \u00eatre assur\u00e9 que tous nos produits, y compris le MiPT fumarate, peuvent \u00eatre achet\u00e9s l\u00e9galement. Nous respectons les r\u00e9glementations et les lignes directrices afin de vous offrir une exp\u00e9rience d'achat sans souci.<\/p>\n<p>1. Processus de commande simple<br \/>\nNotre site web convivial facilite la recherche, la s\u00e9lection et l'achat de MiPT fumarate en quelques clics. Pas d'ordonnance ? Pas de probl\u00e8me. Nous offrons une solution pratique pour l'achat de MiPT fumarate sans ordonnance.<\/p>\n<h3>Comment acheter le fumarate de MiPT<\/h3>\n<p>Vous \u00eates pr\u00eat \u00e0 acheter ? Suivez les \u00e9tapes suivantes pour acheter MiPT fumarate sur RCKopen :<\/p>\n<p>1. Parcourez notre s\u00e9lection<br \/>\nExplorez notre large gamme de produits MiPT fumarate disponibles sur notre site web. Des diff\u00e9rentes quantit\u00e9s aux diff\u00e9rentes formes, nous avons des options pour r\u00e9pondre \u00e0 vos besoins de recherche.<\/p>\n<p>1. Ajouter au panier<br \/>\nUne fois que vous avez trouv\u00e9 le produit MiPT fumarate que vous souhaitez, il vous suffit de l'ajouter \u00e0 votre panier. Vous pouvez v\u00e9rifier votre s\u00e9lection avant de passer \u00e0 la caisse. Achetez MiPT fumarate uniquement chez nous, au Royaume-Uni.<\/p>\n<p>1. Paiement s\u00e9curis\u00e9<br \/>\nNotre processus de paiement s\u00e9curis\u00e9 garantit la protection de vos donn\u00e9es personnelles et de vos informations de paiement. Choisissez parmi plusieurs options de paiement pour une transaction en douceur.<\/p>\n<p>1. Exp\u00e9dition rapide<br \/>\nNous comprenons l'urgence de vos projets de recherche. C'est pourquoi nous proposons des options d'exp\u00e9dition rapides et fiables pour que votre fumarate de MiPT soit livr\u00e9 rapidement \u00e0 votre domicile.<\/p>\n<h3>Achetez MiPT Fumarate en ligne d\u00e8s aujourd'hui\u00a0!<\/h3>\n<p>Ne manquez pas l'occasion d'acheter de la haute qualit\u00e9 et de commander du MiPT Fumarate aupr\u00e8s d'un fournisseur de confiance. Achetez maintenant chez RCKopen et d\u00e9couvrez l\u2019excellence en mati\u00e8re de produits chimiques de recherche. Que vous soyez au Royaume-Uni ou ailleurs, nous sommes l\u00e0 pour vous aider. Achetez MiPT Fumarate en ligne aujourd'hui l\u00e9galement et sans tracas !<\/p>","protected":false},"excerpt":{"rendered":"<p><strong>Nom IUPAC : <\/strong>N-[2-(1H-indol-3-yl)ethyl]-N-methylpropan-2-amine<\/p>\n<p><strong>Autre nom :<\/strong><\/p>\n<p>N-M\u00e9thyl-N-isopropyltryptamine<\/p>\n<p><strong>Apparence : <\/strong>poudre<\/p>\n<p><strong>Forme : <\/strong>fumarate<\/p>\n<p><strong>Analyse RMN : <\/strong>N\/A<\/p>","protected":false},"featured_media":7922,"comment_status":"open","ping_status":"closed","template":"","meta":{"_joinchat":[]},"product_brand":[],"product_cat":[149],"product_tag":[],"class_list":{"0":"post-6755","1":"product","2":"type-product","3":"status-publish","4":"has-post-thumbnail","6":"product_cat-tryptaminen","8":"first","9":"instock","10":"shipping-taxable","11":"purchasable","12":"product-type-variable"},"yoast_head":"<!-- This site is optimized with the Yoast SEO plugin v26.3 - https:\/\/yoast.com\/wordpress\/plugins\/seo\/ -->\n<title>MIPT-fumarate online kopen - MIPT-fumarate te koop | RC Kopen<\/title>\n<meta name=\"description\" content=\"Onze online RC Kopen winkel heeft de beste kwaliteit MIPT Fumaraat te koop. Wilt u MIPT Fumaraat online kopen, dan kunnen wij u van alle kanten helpen. Bestel vandaag nog!\" \/>\n<meta name=\"robots\" content=\"index, follow, max-snippet:-1, max-image-preview:large, max-video-preview:-1\" \/>\n<link rel=\"canonical\" href=\"https:\/\/rckopen.com\/fr\/produit\/fumarate-de-mipt\/\" \/>\n<meta property=\"og:locale\" content=\"fr_FR\" \/>\n<meta property=\"og:type\" content=\"article\" \/>\n<meta property=\"og:title\" content=\"MIPT-fumarate online kopen - MIPT-fumarate te koop | RC Kopen\" \/>\n<meta property=\"og:description\" content=\"Onze online RC Kopen winkel heeft de beste kwaliteit MIPT Fumaraat te koop. Wilt u MIPT Fumaraat online kopen, dan kunnen wij u van alle kanten helpen. Bestel vandaag nog!\" \/>\n<meta property=\"og:url\" content=\"https:\/\/rckopen.com\/fr\/produit\/fumarate-de-mipt\/\" \/>\n<meta property=\"og:site_name\" content=\"RC Kopen\" \/>\n<meta property=\"article:modified_time\" content=\"2025-02-04T05:23:17+00:00\" \/>\n<meta property=\"og:image\" content=\"https:\/\/rckopen.com\/wp-content\/uploads\/2023\/08\/mipt-fumarate-1.jpg\" \/>\n\t<meta property=\"og:image:width\" content=\"600\" \/>\n\t<meta property=\"og:image:height\" content=\"600\" \/>\n\t<meta property=\"og:image:type\" content=\"image\/jpeg\" \/>\n<meta name=\"twitter:card\" content=\"summary_large_image\" \/>\n<meta name=\"twitter:label1\" content=\"Dur\u00e9e de lecture estim\u00e9e\" \/>\n\t<meta name=\"twitter:data1\" content=\"2 minutes\" \/>\n<script type=\"application\/ld+json\" class=\"yoast-schema-graph\">{\"@context\":\"https:\/\/schema.org\",\"@graph\":[{\"@type\":\"WebPage\",\"@id\":\"https:\/\/rckopen.com\/product\/mipt-fumarate\/\",\"url\":\"https:\/\/rckopen.com\/product\/mipt-fumarate\/\",\"name\":\"MIPT-fumarate online kopen - MIPT-fumarate te koop | RC Kopen\",\"isPartOf\":{\"@id\":\"https:\/\/rckopen.com\/#website\"},\"primaryImageOfPage\":{\"@id\":\"https:\/\/rckopen.com\/product\/mipt-fumarate\/#primaryimage\"},\"image\":{\"@id\":\"https:\/\/rckopen.com\/product\/mipt-fumarate\/#primaryimage\"},\"thumbnailUrl\":\"https:\/\/rckopen.com\/wp-content\/uploads\/2023\/08\/mipt-fumarate-1.jpg\",\"datePublished\":\"2023-08-17T10:58:40+00:00\",\"dateModified\":\"2025-02-04T05:23:17+00:00\",\"description\":\"Onze online RC Kopen winkel heeft de beste kwaliteit MIPT Fumaraat te koop. Wilt u MIPT Fumaraat online kopen, dan kunnen wij u van alle kanten helpen. Bestel vandaag nog!\",\"breadcrumb\":{\"@id\":\"https:\/\/rckopen.com\/product\/mipt-fumarate\/#breadcrumb\"},\"inLanguage\":\"fr-FR\",\"potentialAction\":[{\"@type\":\"ReadAction\",\"target\":[\"https:\/\/rckopen.com\/product\/mipt-fumarate\/\"]}]},{\"@type\":\"ImageObject\",\"inLanguage\":\"fr-FR\",\"@id\":\"https:\/\/rckopen.com\/product\/mipt-fumarate\/#primaryimage\",\"url\":\"https:\/\/rckopen.com\/wp-content\/uploads\/2023\/08\/mipt-fumarate-1.jpg\",\"contentUrl\":\"https:\/\/rckopen.com\/wp-content\/uploads\/2023\/08\/mipt-fumarate-1.jpg\",\"width\":600,\"height\":600,\"caption\":\"mipt-fumarate online kopen\"},{\"@type\":\"BreadcrumbList\",\"@id\":\"https:\/\/rckopen.com\/product\/mipt-fumarate\/#breadcrumb\",\"itemListElement\":[{\"@type\":\"ListItem\",\"position\":1,\"name\":\"Home\",\"item\":\"https:\/\/rckopen.com\/\"},{\"@type\":\"ListItem\",\"position\":2,\"name\":\"Shop\",\"item\":\"https:\/\/rckopen.com\/shop\/\"},{\"@type\":\"ListItem\",\"position\":3,\"name\":\"MiPT fumarate online kopen\"}]},{\"@type\":\"WebSite\",\"@id\":\"https:\/\/rckopen.com\/#website\",\"url\":\"https:\/\/rckopen.com\/\",\"name\":\"RC Kopen\",\"description\":\"Research Chemicals\",\"potentialAction\":[{\"@type\":\"SearchAction\",\"target\":{\"@type\":\"EntryPoint\",\"urlTemplate\":\"https:\/\/rckopen.com\/?s={search_term_string}\"},\"query-input\":{\"@type\":\"PropertyValueSpecification\",\"valueRequired\":true,\"valueName\":\"search_term_string\"}}],\"inLanguage\":\"fr-FR\"}]}<\/script>\n<!-- \/ Yoast SEO plugin. -->","yoast_head_json":{"title":"MIPT-fumarate online kopen - MIPT-fumarate te koop | RC Kopen","description":"Onze online RC Kopen winkel heeft de beste kwaliteit MIPT Fumaraat te koop. Wilt u MIPT Fumaraat online kopen, dan kunnen wij u van alle kanten helpen. Bestel vandaag nog!","robots":{"index":"index","follow":"follow","max-snippet":"max-snippet:-1","max-image-preview":"max-image-preview:large","max-video-preview":"max-video-preview:-1"},"canonical":"https:\/\/rckopen.com\/fr\/produit\/fumarate-de-mipt\/","og_locale":"fr_FR","og_type":"article","og_title":"MIPT-fumarate online kopen - MIPT-fumarate te koop | RC Kopen","og_description":"Onze online RC Kopen winkel heeft de beste kwaliteit MIPT Fumaraat te koop. Wilt u MIPT Fumaraat online kopen, dan kunnen wij u van alle kanten helpen. Bestel vandaag nog!","og_url":"https:\/\/rckopen.com\/fr\/produit\/fumarate-de-mipt\/","og_site_name":"RC Kopen","article_modified_time":"2025-02-04T05:23:17+00:00","og_image":[{"width":600,"height":600,"url":"https:\/\/rckopen.com\/wp-content\/uploads\/2023\/08\/mipt-fumarate-1.jpg","type":"image\/jpeg"}],"twitter_card":"summary_large_image","twitter_misc":{"Dur\u00e9e de lecture estim\u00e9e":"2 minutes"},"schema":{"@context":"https:\/\/schema.org","@graph":[{"@type":"WebPage","@id":"https:\/\/rckopen.com\/product\/mipt-fumarate\/","url":"https:\/\/rckopen.com\/product\/mipt-fumarate\/","name":"MIPT-fumarate online kopen - MIPT-fumarate te koop | RC Kopen","isPartOf":{"@id":"https:\/\/rckopen.com\/#website"},"primaryImageOfPage":{"@id":"https:\/\/rckopen.com\/product\/mipt-fumarate\/#primaryimage"},"image":{"@id":"https:\/\/rckopen.com\/product\/mipt-fumarate\/#primaryimage"},"thumbnailUrl":"https:\/\/rckopen.com\/wp-content\/uploads\/2023\/08\/mipt-fumarate-1.jpg","datePublished":"2023-08-17T10:58:40+00:00","dateModified":"2025-02-04T05:23:17+00:00","description":"Onze online RC Kopen winkel heeft de beste kwaliteit MIPT Fumaraat te koop. Wilt u MIPT Fumaraat online kopen, dan kunnen wij u van alle kanten helpen. Bestel vandaag nog!","breadcrumb":{"@id":"https:\/\/rckopen.com\/product\/mipt-fumarate\/#breadcrumb"},"inLanguage":"fr-FR","potentialAction":[{"@type":"ReadAction","target":["https:\/\/rckopen.com\/product\/mipt-fumarate\/"]}]},{"@type":"ImageObject","inLanguage":"fr-FR","@id":"https:\/\/rckopen.com\/product\/mipt-fumarate\/#primaryimage","url":"https:\/\/rckopen.com\/wp-content\/uploads\/2023\/08\/mipt-fumarate-1.jpg","contentUrl":"https:\/\/rckopen.com\/wp-content\/uploads\/2023\/08\/mipt-fumarate-1.jpg","width":600,"height":600,"caption":"mipt-fumarate online kopen"},{"@type":"BreadcrumbList","@id":"https:\/\/rckopen.com\/product\/mipt-fumarate\/#breadcrumb","itemListElement":[{"@type":"ListItem","position":1,"name":"Home","item":"https:\/\/rckopen.com\/"},{"@type":"ListItem","position":2,"name":"Shop","item":"https:\/\/rckopen.com\/shop\/"},{"@type":"ListItem","position":3,"name":"MiPT fumarate online kopen"}]},{"@type":"WebSite","@id":"https:\/\/rckopen.com\/#website","url":"https:\/\/rckopen.com\/","name":"RC Kopen","description":"Research Chemicals","potentialAction":[{"@type":"SearchAction","target":{"@type":"EntryPoint","urlTemplate":"https:\/\/rckopen.com\/?s={search_term_string}"},"query-input":{"@type":"PropertyValueSpecification","valueRequired":true,"valueName":"search_term_string"}}],"inLanguage":"fr-FR"}]}},"_links":{"self":[{"href":"https:\/\/rckopen.com\/fr\/wp-json\/wp\/v2\/product\/6755","targetHints":{"allow":["GET"]}}],"collection":[{"href":"https:\/\/rckopen.com\/fr\/wp-json\/wp\/v2\/product"}],"about":[{"href":"https:\/\/rckopen.com\/fr\/wp-json\/wp\/v2\/types\/product"}],"replies":[{"embeddable":true,"href":"https:\/\/rckopen.com\/fr\/wp-json\/wp\/v2\/comments?post=6755"}],"wp:featuredmedia":[{"embeddable":true,"href":"https:\/\/rckopen.com\/fr\/wp-json\/wp\/v2\/media\/7922"}],"wp:attachment":[{"href":"https:\/\/rckopen.com\/fr\/wp-json\/wp\/v2\/media?parent=6755"}],"wp:term":[{"taxonomy":"product_brand","embeddable":true,"href":"https:\/\/rckopen.com\/fr\/wp-json\/wp\/v2\/product_brand?post=6755"},{"taxonomy":"product_cat","embeddable":true,"href":"https:\/\/rckopen.com\/fr\/wp-json\/wp\/v2\/product_cat?post=6755"},{"taxonomy":"product_tag","embeddable":true,"href":"https:\/\/rckopen.com\/fr\/wp-json\/wp\/v2\/product_tag?post=6755"}],"curies":[{"name":"wp","href":"https:\/\/api.w.org\/{rel}","templated":true}]}}