{"id":6757,"date":"2023-08-17T11:01:22","date_gmt":"2023-08-17T11:01:22","guid":{"rendered":"https:\/\/diligentplug.com\/chems\/?post_type=product&#038;p=6757"},"modified":"2025-02-04T05:18:12","modified_gmt":"2025-02-04T05:18:12","slug":"met-fumarate","status":"publish","type":"product","link":"https:\/\/rckopen.com\/fr\/produit\/avec-fumarate\/","title":{"rendered":"Acheter du fumarate MET en ligne"},"content":{"rendered":"<h2>Ontdek de beste deals voor MET Fumarate online kopen<\/h2>\n<p>Voulez-vous acheter du MET Fumarate en ligne ? Vous ne savez pas o\u00f9 trouver les meilleures offres ou pouvez-vous l'acheter l\u00e9galement sans ordonnance ? Ne cherchez plus ! Chez rckopen.com, nous nous effor\u00e7ons de vous fournir du fumarate MET de qualit\u00e9 sup\u00e9rieure \u00e0 des prix comp\u00e9titifs.<\/p>\n<h3>C'est pourquoi vous devriez nous choisir pour tous vos besoins en MET Fumarate :<br \/>\nPourquoi choisir le fumarate de MET sur rckopen.com ?<\/h3>\n<p>Chez rckopen.com, nous comprenons l'importance de la qualit\u00e9 et de la l\u00e9galit\u00e9 pour l'achat de MET Fumarate. C'est pourquoi nous nous assurons que tous nos produits proviennent de fournisseurs r\u00e9put\u00e9s et qu'ils sont conformes aux exigences l\u00e9gales. Lorsque vous achetez MET Fumarate chez nous, vous pouvez \u00eatre assur\u00e9 que vous obtenez un produit original qui r\u00e9pond aux normes de qualit\u00e9 et de s\u00e9curit\u00e9 les plus \u00e9lev\u00e9es.<\/p>\n<h3>La commodit\u00e9 de l'achat en ligne du fumarate de MET<\/h3>\n<p>Avec notre boutique en ligne, acheter du fumarate MET a toujours \u00e9t\u00e9 un d\u00e9fi. Que vous soyez au Royaume-Uni ou ailleurs, vous pouvez commander MET Fumarate dans le confort de votre maison en quelques clics. Fini les tracas de visiter plusieurs magasins ou d\u2019attendre dans de longues files d\u2019attente : visitez notre site Web, passez votre commande et nous nous occupons du reste.<\/p>\n<h3>Prix comp\u00e9titifs et offres sp\u00e9ciales<\/h3>\n<p>Tout le monde devrait avoir acc\u00e8s \u00e0 des m\u00e9dicaments abordables, c'est pourquoi nous offrons des prix comp\u00e9titifs sur tous nos produits. Gardez un \u0153il sur nos offres sp\u00e9ciales et nos r\u00e9ductions pour \u00e9conomiser encore plus sur vos achats de MET Fumarate.<\/p>\n<h3>Exp\u00e9dition rapide et discr\u00e8te<\/h3>\n<p>Nous comprenons l'importance de la confidentialit\u00e9 lorsqu'il s'agit d'acheter des m\u00e9dicaments en ligne. C'est pourquoi nous offrons une livraison rapide et discr\u00e8te de toutes les commandes. Votre commande de MET Fumarate sera soigneusement emball\u00e9e et livr\u00e9e directement chez vous, en toute confidentialit\u00e9.<\/p>\n<h3>Garantie de satisfaction du client<\/h3>\n<p>Votre satisfaction est notre priorit\u00e9 absolue. Si, pour quelque raison que ce soit, vous n'\u00eates pas enti\u00e8rement satisfait de votre achat de MET Fumarate, veuillez contacter notre aimable \u00e9quipe du service client\u00e8le, et nous ferons tout ce qui est en notre pouvoir pour arranger les choses.<\/p>\n<h3>Commandez MET Fumarate aujourd'hui !<\/h3>\n<p>Ne laissez pas les tracas li\u00e9s \u00e0 la recherche de MET Fumarate \u00e0 vendre vous emp\u00eacher d\u2019obtenir l\u2019aide dont vous avez besoin. Commandez d\u00e8s aujourd'hui sur rckopen.com et d\u00e9couvrez la commodit\u00e9 d'acheter du MET Fumarate en ligne. Avec nos prix comp\u00e9titifs, notre exp\u00e9dition rapide et notre engagement envers la qualit\u00e9, vous ne trouverez pas de meilleur endroit pour acheter MET Fumarate en ligne ailleurs.<\/p>","protected":false},"excerpt":{"rendered":"<p><strong>Nom IUPAC : <\/strong>\u00c9thyl-(2-(1H-indol-3-yl)-\u00e9thyl)m\u00e9thylamine<\/p>\n<p><strong>CAS # <\/strong>5599-69-9<\/p>\n<p><strong>Autre nom : <\/strong>N-Ethyl-N-m\u00e9thyltryptamine<\/p>\n<p><strong>Forme : <\/strong>fumarate<\/p>\n<p><strong>Analyse RMN : <\/strong>C13H18N2<\/p>","protected":false},"featured_media":0,"comment_status":"open","ping_status":"closed","template":"","meta":{"_joinchat":[]},"product_brand":[],"product_cat":[149],"product_tag":[],"class_list":{"0":"post-6757","1":"product","2":"type-product","3":"status-publish","5":"product_cat-tryptaminen","7":"first","8":"instock","9":"shipping-taxable","10":"purchasable","11":"product-type-variable"},"yoast_head":"<!-- This site is optimized with the Yoast SEO plugin v26.3 - https:\/\/yoast.com\/wordpress\/plugins\/seo\/ -->\n<title>MET-Fumarate online kopen - MET-Fumarate online te koop<\/title>\n<meta name=\"description\" content=\"Als u MET Fumaraat online zonder recept wilt kopen, is rckopen.com de beste plaats om MET Fumaraat online kopen, MET Fumaraat te koop en MET Fumaraat online tegen de beste prijs te kopen. Bestel nu!\" \/>\n<meta name=\"robots\" content=\"index, follow, max-snippet:-1, max-image-preview:large, max-video-preview:-1\" \/>\n<link rel=\"canonical\" href=\"https:\/\/rckopen.com\/fr\/produit\/avec-fumarate\/\" \/>\n<meta property=\"og:locale\" content=\"fr_FR\" \/>\n<meta property=\"og:type\" content=\"article\" \/>\n<meta property=\"og:title\" content=\"MET-Fumarate online kopen - MET-Fumarate online te koop\" \/>\n<meta property=\"og:description\" content=\"Als u MET Fumaraat online zonder recept wilt kopen, is rckopen.com de beste plaats om MET Fumaraat online kopen, MET Fumaraat te koop en MET Fumaraat online tegen de beste prijs te kopen. Bestel nu!\" \/>\n<meta property=\"og:url\" content=\"https:\/\/rckopen.com\/fr\/produit\/avec-fumarate\/\" \/>\n<meta property=\"og:site_name\" content=\"RC Kopen\" \/>\n<meta property=\"article:modified_time\" content=\"2025-02-04T05:18:12+00:00\" \/>\n<meta name=\"twitter:card\" content=\"summary_large_image\" \/>\n<meta name=\"twitter:label1\" content=\"Dur\u00e9e de lecture estim\u00e9e\" \/>\n\t<meta name=\"twitter:data1\" content=\"2 minutes\" \/>\n<script type=\"application\/ld+json\" class=\"yoast-schema-graph\">{\"@context\":\"https:\/\/schema.org\",\"@graph\":[{\"@type\":\"WebPage\",\"@id\":\"https:\/\/rckopen.com\/product\/met-fumarate\/\",\"url\":\"https:\/\/rckopen.com\/product\/met-fumarate\/\",\"name\":\"MET-Fumarate online kopen - MET-Fumarate online te koop\",\"isPartOf\":{\"@id\":\"https:\/\/rckopen.com\/#website\"},\"datePublished\":\"2023-08-17T11:01:22+00:00\",\"dateModified\":\"2025-02-04T05:18:12+00:00\",\"description\":\"Als u MET Fumaraat online zonder recept wilt kopen, is rckopen.com de beste plaats om MET Fumaraat online kopen, MET Fumaraat te koop en MET Fumaraat online tegen de beste prijs te kopen. Bestel nu!\",\"breadcrumb\":{\"@id\":\"https:\/\/rckopen.com\/product\/met-fumarate\/#breadcrumb\"},\"inLanguage\":\"fr-FR\",\"potentialAction\":[{\"@type\":\"ReadAction\",\"target\":[\"https:\/\/rckopen.com\/product\/met-fumarate\/\"]}]},{\"@type\":\"BreadcrumbList\",\"@id\":\"https:\/\/rckopen.com\/product\/met-fumarate\/#breadcrumb\",\"itemListElement\":[{\"@type\":\"ListItem\",\"position\":1,\"name\":\"Home\",\"item\":\"https:\/\/rckopen.com\/\"},{\"@type\":\"ListItem\",\"position\":2,\"name\":\"Shop\",\"item\":\"https:\/\/rckopen.com\/shop\/\"},{\"@type\":\"ListItem\",\"position\":3,\"name\":\"MET Fumarate online Kopen\"}]},{\"@type\":\"WebSite\",\"@id\":\"https:\/\/rckopen.com\/#website\",\"url\":\"https:\/\/rckopen.com\/\",\"name\":\"RC Kopen\",\"description\":\"Research Chemicals\",\"potentialAction\":[{\"@type\":\"SearchAction\",\"target\":{\"@type\":\"EntryPoint\",\"urlTemplate\":\"https:\/\/rckopen.com\/?s={search_term_string}\"},\"query-input\":{\"@type\":\"PropertyValueSpecification\",\"valueRequired\":true,\"valueName\":\"search_term_string\"}}],\"inLanguage\":\"fr-FR\"}]}<\/script>\n<!-- \/ Yoast SEO plugin. -->","yoast_head_json":{"title":"MET-Fumarate online kopen - MET-Fumarate online te koop","description":"Als u MET Fumaraat online zonder recept wilt kopen, is rckopen.com de beste plaats om MET Fumaraat online kopen, MET Fumaraat te koop en MET Fumaraat online tegen de beste prijs te kopen. Bestel nu!","robots":{"index":"index","follow":"follow","max-snippet":"max-snippet:-1","max-image-preview":"max-image-preview:large","max-video-preview":"max-video-preview:-1"},"canonical":"https:\/\/rckopen.com\/fr\/produit\/avec-fumarate\/","og_locale":"fr_FR","og_type":"article","og_title":"MET-Fumarate online kopen - MET-Fumarate online te koop","og_description":"Als u MET Fumaraat online zonder recept wilt kopen, is rckopen.com de beste plaats om MET Fumaraat online kopen, MET Fumaraat te koop en MET Fumaraat online tegen de beste prijs te kopen. Bestel nu!","og_url":"https:\/\/rckopen.com\/fr\/produit\/avec-fumarate\/","og_site_name":"RC Kopen","article_modified_time":"2025-02-04T05:18:12+00:00","twitter_card":"summary_large_image","twitter_misc":{"Dur\u00e9e de lecture estim\u00e9e":"2 minutes"},"schema":{"@context":"https:\/\/schema.org","@graph":[{"@type":"WebPage","@id":"https:\/\/rckopen.com\/product\/met-fumarate\/","url":"https:\/\/rckopen.com\/product\/met-fumarate\/","name":"MET-Fumarate online kopen - MET-Fumarate online te koop","isPartOf":{"@id":"https:\/\/rckopen.com\/#website"},"datePublished":"2023-08-17T11:01:22+00:00","dateModified":"2025-02-04T05:18:12+00:00","description":"Als u MET Fumaraat online zonder recept wilt kopen, is rckopen.com de beste plaats om MET Fumaraat online kopen, MET Fumaraat te koop en MET Fumaraat online tegen de beste prijs te kopen. Bestel nu!","breadcrumb":{"@id":"https:\/\/rckopen.com\/product\/met-fumarate\/#breadcrumb"},"inLanguage":"fr-FR","potentialAction":[{"@type":"ReadAction","target":["https:\/\/rckopen.com\/product\/met-fumarate\/"]}]},{"@type":"BreadcrumbList","@id":"https:\/\/rckopen.com\/product\/met-fumarate\/#breadcrumb","itemListElement":[{"@type":"ListItem","position":1,"name":"Home","item":"https:\/\/rckopen.com\/"},{"@type":"ListItem","position":2,"name":"Shop","item":"https:\/\/rckopen.com\/shop\/"},{"@type":"ListItem","position":3,"name":"MET Fumarate online Kopen"}]},{"@type":"WebSite","@id":"https:\/\/rckopen.com\/#website","url":"https:\/\/rckopen.com\/","name":"RC Kopen","description":"Research Chemicals","potentialAction":[{"@type":"SearchAction","target":{"@type":"EntryPoint","urlTemplate":"https:\/\/rckopen.com\/?s={search_term_string}"},"query-input":{"@type":"PropertyValueSpecification","valueRequired":true,"valueName":"search_term_string"}}],"inLanguage":"fr-FR"}]}},"_links":{"self":[{"href":"https:\/\/rckopen.com\/fr\/wp-json\/wp\/v2\/product\/6757","targetHints":{"allow":["GET"]}}],"collection":[{"href":"https:\/\/rckopen.com\/fr\/wp-json\/wp\/v2\/product"}],"about":[{"href":"https:\/\/rckopen.com\/fr\/wp-json\/wp\/v2\/types\/product"}],"replies":[{"embeddable":true,"href":"https:\/\/rckopen.com\/fr\/wp-json\/wp\/v2\/comments?post=6757"}],"wp:attachment":[{"href":"https:\/\/rckopen.com\/fr\/wp-json\/wp\/v2\/media?parent=6757"}],"wp:term":[{"taxonomy":"product_brand","embeddable":true,"href":"https:\/\/rckopen.com\/fr\/wp-json\/wp\/v2\/product_brand?post=6757"},{"taxonomy":"product_cat","embeddable":true,"href":"https:\/\/rckopen.com\/fr\/wp-json\/wp\/v2\/product_cat?post=6757"},{"taxonomy":"product_tag","embeddable":true,"href":"https:\/\/rckopen.com\/fr\/wp-json\/wp\/v2\/product_tag?post=6757"}],"curies":[{"name":"wp","href":"https:\/\/api.w.org\/{rel}","templated":true}]}}