{"id":6771,"date":"2023-08-17T11:07:31","date_gmt":"2023-08-17T11:07:31","guid":{"rendered":"https:\/\/diligentplug.com\/chems\/?post_type=product&#038;p=6771"},"modified":"2025-01-31T05:24:05","modified_gmt":"2025-01-31T05:24:05","slug":"4-ho-ept","status":"publish","type":"product","link":"https:\/\/rckopen.com\/fr\/produit\/4-ho-ept\/","title":{"rendered":"Achetez 4-HO-EPT en ligne"},"content":{"rendered":"<h2>Ontdek de beste plek om 4-HO-EPT online kopen \u2013 RCKopen<\/h2>\n<p>Bienvenue \u00e0 <a href=\"https:\/\/rckopen.com\/fr\/\">Rckopen.com<\/a>, votre destination num\u00e9ro un pour acheter <a href=\"https:\/\/rckopen.com\/fr\/produit\/4-ho-ept\/\">4-HO-EPT<\/a> et d\u2019autres produits chimiques de recherche. Que vous soyez un chercheur universitaire, un passionn\u00e9 de chimie ou un professionnel du domaine, nous vous proposons une plateforme s\u00e9curis\u00e9e pour acqu\u00e9rir facilement du 4-HO-EPT de haute qualit\u00e9.<\/p>\n<h3>Pourquoi choisir RCKopen pour vos besoins en 4-HO-EPT ?<\/h3>\n<p>Chez RCKopen, nous sommes fiers de fournir des services de premi\u00e8re classe <a href=\"https:\/\/en.wikipedia.org\/wiki\/4-HO-EPT\">4-HO-EPT<\/a> proposer \u00e0 la vente et offrir un service client exceptionnel. C'est pourquoi nous nous d\u00e9marquons :<br \/>\nVari\u00e9t\u00e9 : Explorez notre large s\u00e9lection de produits chimiques de recherche, commandez 4-HO-EPT, pour vous assurer de trouver les compos\u00e9s dont vous avez besoin pour vos \u00e9tudes ou exp\u00e9riences.<\/p>\n<p>Assurance qualit\u00e9 : nous nous approvisionnons en 4-HO-EPT aupr\u00e8s de fournisseurs r\u00e9put\u00e9s, ce qui garantit la puret\u00e9 et l'authenticit\u00e9 de chaque produit que nous proposons.<br \/>\nConformit\u00e9 l\u00e9gale : Vous pouvez \u00eatre assur\u00e9 que lorsque vous achetez du 4-HO-EPT chez nous, vous l'obtenez l\u00e9galement. Nous respectons toutes les r\u00e9glementations et lignes directrices et garantissons un processus d'achat transparent et conforme.<\/p>\n<p>Transactions s\u00e9curis\u00e9es : votre s\u00e9curit\u00e9 est notre priorit\u00e9. Avec des passerelles de paiement crypt\u00e9es et des processus de paiement s\u00e9curis\u00e9s, vous pouvez acheter 4-HO-EPT chez nous en toute confiance.<\/p>\n<p>O\u00f9 peut-on acheter 4-HO-EPT sans ordonnance ? Ne cherchez pas plus loin !<br \/>\nVous vous demandez o\u00f9 acheter 4-HO-EPT sans ordonnance ? RCKopen s'occupe de vous. Gr\u00e2ce \u00e0 notre plateforme, vous pouvez commander 4-HO-EPT en toute tranquillit\u00e9, sans avoir besoin d'une ordonnance. Il vous suffit de naviguer sur notre site, d'ajouter les produits souhait\u00e9s au panier et de passer \u00e0 la caisse - c'est aussi simple que cela.<\/p>\n<h3>Faites l'exp\u00e9rience d'un magasinage pratique pour 4-HO-EPT en ligne<\/h3>\n<p>Oubliez l'obligation de vous rendre dans plusieurs magasins \u00e0 la recherche de 4-HO-EPT. Avec RCKopen, vous pouvez acheter 4-HO-EPT en ligne dans le confort de votre fauteuil. Notre interface conviviale facilite la navigation et l'achat, ce qui vous permet d'\u00e9conomiser du temps et des efforts.<\/p>\n<h3>Achetez 4-HO-EPT en ligne l\u00e9galement au Royaume-Uni et \u00e0 l'\u00e9tranger<\/h3>\n<p>Pour les clients au Royaume-Uni et \u00e0 l'\u00e9tranger, RCKopen offre une solution pratique pour acheter 4-HO-EPT l\u00e9galement. Que vous meniez des recherches dans le domaine universitaire ou industriel, notre plateforme garantit un acc\u00e8s au 4-HO-EPT en conformit\u00e9 avec les lois et r\u00e9glementations en vigueur.<\/p>\n<h3>Pr\u00eat \u00e0 commencer ? Achetez 4-HO-EPT en ligne d\u00e8s aujourd'hui\u00a0!<\/h3>\n<p>N'attendez plus pour acheter 4-HO-EPT en France pour vos travaux de recherche. Explorez notre site Web, parcourez notre gamme de produits et passez votre commande d\u00e8s aujourd'hui. Avec une livraison rapide et un service fiable, RCKopen est votre destination pr\u00e9f\u00e9r\u00e9e pour l'achat de 4-HO-EPT en ligne. D\u00e9bloquez le potentiel de votre recherche avec RCKopen.<\/p>","protected":false},"excerpt":{"rendered":"<p><strong>Nom IUPAC : <\/strong>3-{2-[Ethyl(propyl)amino]ethyl}-1H-indol-4-ol<\/p>\n<p><strong>CAS # <\/strong>N\/A<\/p>\n<p><strong>Autre nom : <\/strong>4-hydroxy-N-\u00e9thyl-N-propyltryptamine<\/p>\n<p><strong>Apparence : <\/strong>poudre<\/p>\n<p><strong>Forme : <\/strong>fumarate<\/p>\n<p><strong>Analyse RMN : <\/strong>C15H22N2O<\/p>","protected":false},"featured_media":6948,"comment_status":"open","ping_status":"closed","template":"","meta":{"_joinchat":[]},"product_brand":[],"product_cat":[149],"product_tag":[],"class_list":{"0":"post-6771","1":"product","2":"type-product","3":"status-publish","4":"has-post-thumbnail","6":"product_cat-tryptaminen","8":"first","9":"instock","10":"shipping-taxable","11":"purchasable","12":"product-type-variable"},"yoast_head":"<!-- This site is optimized with the Yoast SEO plugin v26.3 - https:\/\/yoast.com\/wordpress\/plugins\/seo\/ -->\n<title>4-Ho-EPT online kopen - 4-Ho-EPT te koop | RC Kopen<\/title>\n<meta name=\"description\" content=\"In onze RC Kopen online winkel hebben we 4-Ho-EPT te koop. 4-Ho-EPT kunt u bij ons eenvoudig online kopen van topkwaliteit tegen de beste prijzen. Bestel nu!\" \/>\n<meta name=\"robots\" content=\"index, follow, max-snippet:-1, max-image-preview:large, max-video-preview:-1\" \/>\n<link rel=\"canonical\" href=\"https:\/\/rckopen.com\/fr\/produit\/4-ho-ept\/\" \/>\n<meta property=\"og:locale\" content=\"fr_FR\" \/>\n<meta property=\"og:type\" content=\"article\" \/>\n<meta property=\"og:title\" content=\"4-Ho-EPT online kopen - 4-Ho-EPT te koop | RC Kopen\" \/>\n<meta property=\"og:description\" content=\"In onze RC Kopen online winkel hebben we 4-Ho-EPT te koop. 4-Ho-EPT kunt u bij ons eenvoudig online kopen van topkwaliteit tegen de beste prijzen. Bestel nu!\" \/>\n<meta property=\"og:url\" content=\"https:\/\/rckopen.com\/fr\/produit\/4-ho-ept\/\" \/>\n<meta property=\"og:site_name\" content=\"RC Kopen\" \/>\n<meta property=\"article:modified_time\" content=\"2025-01-31T05:24:05+00:00\" \/>\n<meta property=\"og:image\" content=\"https:\/\/rckopen.com\/wp-content\/uploads\/2023\/08\/4-HO-EPT.jpg\" \/>\n\t<meta property=\"og:image:width\" content=\"600\" \/>\n\t<meta property=\"og:image:height\" content=\"600\" \/>\n\t<meta property=\"og:image:type\" content=\"image\/jpeg\" \/>\n<meta name=\"twitter:card\" content=\"summary_large_image\" \/>\n<meta name=\"twitter:label1\" content=\"Dur\u00e9e de lecture estim\u00e9e\" \/>\n\t<meta name=\"twitter:data1\" content=\"2 minutes\" \/>\n<script type=\"application\/ld+json\" class=\"yoast-schema-graph\">{\"@context\":\"https:\/\/schema.org\",\"@graph\":[{\"@type\":\"WebPage\",\"@id\":\"https:\/\/rckopen.com\/product\/4-ho-ept\/\",\"url\":\"https:\/\/rckopen.com\/product\/4-ho-ept\/\",\"name\":\"4-Ho-EPT online kopen - 4-Ho-EPT te koop | RC Kopen\",\"isPartOf\":{\"@id\":\"https:\/\/rckopen.com\/#website\"},\"primaryImageOfPage\":{\"@id\":\"https:\/\/rckopen.com\/product\/4-ho-ept\/#primaryimage\"},\"image\":{\"@id\":\"https:\/\/rckopen.com\/product\/4-ho-ept\/#primaryimage\"},\"thumbnailUrl\":\"https:\/\/rckopen.com\/wp-content\/uploads\/2023\/08\/4-HO-EPT.jpg\",\"datePublished\":\"2023-08-17T11:07:31+00:00\",\"dateModified\":\"2025-01-31T05:24:05+00:00\",\"description\":\"In onze RC Kopen online winkel hebben we 4-Ho-EPT te koop. 4-Ho-EPT kunt u bij ons eenvoudig online kopen van topkwaliteit tegen de beste prijzen. Bestel nu!\",\"breadcrumb\":{\"@id\":\"https:\/\/rckopen.com\/product\/4-ho-ept\/#breadcrumb\"},\"inLanguage\":\"fr-FR\",\"potentialAction\":[{\"@type\":\"ReadAction\",\"target\":[\"https:\/\/rckopen.com\/product\/4-ho-ept\/\"]}]},{\"@type\":\"ImageObject\",\"inLanguage\":\"fr-FR\",\"@id\":\"https:\/\/rckopen.com\/product\/4-ho-ept\/#primaryimage\",\"url\":\"https:\/\/rckopen.com\/wp-content\/uploads\/2023\/08\/4-HO-EPT.jpg\",\"contentUrl\":\"https:\/\/rckopen.com\/wp-content\/uploads\/2023\/08\/4-HO-EPT.jpg\",\"width\":600,\"height\":600,\"caption\":\"4-HO-EPT online kopen\"},{\"@type\":\"BreadcrumbList\",\"@id\":\"https:\/\/rckopen.com\/product\/4-ho-ept\/#breadcrumb\",\"itemListElement\":[{\"@type\":\"ListItem\",\"position\":1,\"name\":\"Home\",\"item\":\"https:\/\/rckopen.com\/\"},{\"@type\":\"ListItem\",\"position\":2,\"name\":\"Shop\",\"item\":\"https:\/\/rckopen.com\/shop\/\"},{\"@type\":\"ListItem\",\"position\":3,\"name\":\"4-HO-EPT online kopen\"}]},{\"@type\":\"WebSite\",\"@id\":\"https:\/\/rckopen.com\/#website\",\"url\":\"https:\/\/rckopen.com\/\",\"name\":\"RC Kopen\",\"description\":\"Research Chemicals\",\"potentialAction\":[{\"@type\":\"SearchAction\",\"target\":{\"@type\":\"EntryPoint\",\"urlTemplate\":\"https:\/\/rckopen.com\/?s={search_term_string}\"},\"query-input\":{\"@type\":\"PropertyValueSpecification\",\"valueRequired\":true,\"valueName\":\"search_term_string\"}}],\"inLanguage\":\"fr-FR\"}]}<\/script>\n<!-- \/ Yoast SEO plugin. -->","yoast_head_json":{"title":"4-Ho-EPT online kopen - 4-Ho-EPT te koop | RC Kopen","description":"In onze RC Kopen online winkel hebben we 4-Ho-EPT te koop. 4-Ho-EPT kunt u bij ons eenvoudig online kopen van topkwaliteit tegen de beste prijzen. Bestel nu!","robots":{"index":"index","follow":"follow","max-snippet":"max-snippet:-1","max-image-preview":"max-image-preview:large","max-video-preview":"max-video-preview:-1"},"canonical":"https:\/\/rckopen.com\/fr\/produit\/4-ho-ept\/","og_locale":"fr_FR","og_type":"article","og_title":"4-Ho-EPT online kopen - 4-Ho-EPT te koop | RC Kopen","og_description":"In onze RC Kopen online winkel hebben we 4-Ho-EPT te koop. 4-Ho-EPT kunt u bij ons eenvoudig online kopen van topkwaliteit tegen de beste prijzen. Bestel nu!","og_url":"https:\/\/rckopen.com\/fr\/produit\/4-ho-ept\/","og_site_name":"RC Kopen","article_modified_time":"2025-01-31T05:24:05+00:00","og_image":[{"width":600,"height":600,"url":"https:\/\/rckopen.com\/wp-content\/uploads\/2023\/08\/4-HO-EPT.jpg","type":"image\/jpeg"}],"twitter_card":"summary_large_image","twitter_misc":{"Dur\u00e9e de lecture estim\u00e9e":"2 minutes"},"schema":{"@context":"https:\/\/schema.org","@graph":[{"@type":"WebPage","@id":"https:\/\/rckopen.com\/product\/4-ho-ept\/","url":"https:\/\/rckopen.com\/product\/4-ho-ept\/","name":"4-Ho-EPT online kopen - 4-Ho-EPT te koop | RC Kopen","isPartOf":{"@id":"https:\/\/rckopen.com\/#website"},"primaryImageOfPage":{"@id":"https:\/\/rckopen.com\/product\/4-ho-ept\/#primaryimage"},"image":{"@id":"https:\/\/rckopen.com\/product\/4-ho-ept\/#primaryimage"},"thumbnailUrl":"https:\/\/rckopen.com\/wp-content\/uploads\/2023\/08\/4-HO-EPT.jpg","datePublished":"2023-08-17T11:07:31+00:00","dateModified":"2025-01-31T05:24:05+00:00","description":"In onze RC Kopen online winkel hebben we 4-Ho-EPT te koop. 4-Ho-EPT kunt u bij ons eenvoudig online kopen van topkwaliteit tegen de beste prijzen. Bestel nu!","breadcrumb":{"@id":"https:\/\/rckopen.com\/product\/4-ho-ept\/#breadcrumb"},"inLanguage":"fr-FR","potentialAction":[{"@type":"ReadAction","target":["https:\/\/rckopen.com\/product\/4-ho-ept\/"]}]},{"@type":"ImageObject","inLanguage":"fr-FR","@id":"https:\/\/rckopen.com\/product\/4-ho-ept\/#primaryimage","url":"https:\/\/rckopen.com\/wp-content\/uploads\/2023\/08\/4-HO-EPT.jpg","contentUrl":"https:\/\/rckopen.com\/wp-content\/uploads\/2023\/08\/4-HO-EPT.jpg","width":600,"height":600,"caption":"4-HO-EPT online kopen"},{"@type":"BreadcrumbList","@id":"https:\/\/rckopen.com\/product\/4-ho-ept\/#breadcrumb","itemListElement":[{"@type":"ListItem","position":1,"name":"Home","item":"https:\/\/rckopen.com\/"},{"@type":"ListItem","position":2,"name":"Shop","item":"https:\/\/rckopen.com\/shop\/"},{"@type":"ListItem","position":3,"name":"4-HO-EPT online kopen"}]},{"@type":"WebSite","@id":"https:\/\/rckopen.com\/#website","url":"https:\/\/rckopen.com\/","name":"RC Kopen","description":"Research Chemicals","potentialAction":[{"@type":"SearchAction","target":{"@type":"EntryPoint","urlTemplate":"https:\/\/rckopen.com\/?s={search_term_string}"},"query-input":{"@type":"PropertyValueSpecification","valueRequired":true,"valueName":"search_term_string"}}],"inLanguage":"fr-FR"}]}},"_links":{"self":[{"href":"https:\/\/rckopen.com\/fr\/wp-json\/wp\/v2\/product\/6771","targetHints":{"allow":["GET"]}}],"collection":[{"href":"https:\/\/rckopen.com\/fr\/wp-json\/wp\/v2\/product"}],"about":[{"href":"https:\/\/rckopen.com\/fr\/wp-json\/wp\/v2\/types\/product"}],"replies":[{"embeddable":true,"href":"https:\/\/rckopen.com\/fr\/wp-json\/wp\/v2\/comments?post=6771"}],"wp:featuredmedia":[{"embeddable":true,"href":"https:\/\/rckopen.com\/fr\/wp-json\/wp\/v2\/media\/6948"}],"wp:attachment":[{"href":"https:\/\/rckopen.com\/fr\/wp-json\/wp\/v2\/media?parent=6771"}],"wp:term":[{"taxonomy":"product_brand","embeddable":true,"href":"https:\/\/rckopen.com\/fr\/wp-json\/wp\/v2\/product_brand?post=6771"},{"taxonomy":"product_cat","embeddable":true,"href":"https:\/\/rckopen.com\/fr\/wp-json\/wp\/v2\/product_cat?post=6771"},{"taxonomy":"product_tag","embeddable":true,"href":"https:\/\/rckopen.com\/fr\/wp-json\/wp\/v2\/product_tag?post=6771"}],"curies":[{"name":"wp","href":"https:\/\/api.w.org\/{rel}","templated":true}]}}