{"id":6773,"date":"2023-08-17T11:12:29","date_gmt":"2023-08-17T11:12:29","guid":{"rendered":"https:\/\/diligentplug.com\/chems\/?post_type=product&#038;p=6773"},"modified":"2025-01-31T05:29:02","modified_gmt":"2025-01-31T05:29:02","slug":"4-ho-mipt","status":"publish","type":"product","link":"https:\/\/rckopen.com\/fr\/produit\/4-ho-mipt\/","title":{"rendered":"4-HO-MiPT gratuit en ligne"},"content":{"rendered":"<h2>Bestel hoogwaardige 4-HO-MiPT online kopen bij RCKopen<\/h2>\n<p>Bienvenue \u00e0 <a href=\"https:\/\/rckopen.com\/fr\/\">Rckopen.com<\/a>, votre premi\u00e8re destination pour un acc\u00e8s en ligne \u00e0 des connexions 4-HO-MiPT de qualit\u00e9 sup\u00e9rieure. Avec un engagement envers l'excellence, nous offrons aux chercheurs et aux passionn\u00e9s une plate-forme de confiance pour <a href=\"https:\/\/rckopen.com\/fr\/produit\/4-ho-mipt\/\">4-HO-MiPT<\/a> l\u00e9gal et s\u00fbr \u00e0 acheter. Notre vaste magasin 4-HO-MiPT propose une s\u00e9lection diversifi\u00e9e de produits provenant de fournisseurs r\u00e9put\u00e9s, garantissant une qualit\u00e9 et une puret\u00e9 sans compromis. Que vous soyez au Royaume-Uni ou \u00e0 l'\u00e9tranger, vous pouvez acheter 4-HO-MiPT sans ordonnance gr\u00e2ce \u00e0 notre processus de commande pratique. D\u00e9couvrez la commodit\u00e9, la fiabilit\u00e9 et l\u2019excellence de RCKopen lorsque vous commencez votre parcours de recherche.<\/p>\n<p>Vous cherchez o\u00f9 acheter 4-HO-MiPT en ligne ? Ne cherchez plus ! Chez RCKopen, nous proposons une s\u00e9lection premium de 4-HO-MiPT \u00e0 la vente. Que vous soyez chercheur ou passionn\u00e9, nous vous proposons une plateforme pratique pour commander du 4-HO-MiPT l\u00e9galement et en toute s\u00e9curit\u00e9.<\/p>\n<p>D\u00e9couvrez notre vaste boutique 4-HO-MiPT<br \/>\nOnze <a href=\"https:\/\/en.wikipedia.org\/wiki\/4-MeO-MiPT\">4-HO-MiPT<\/a>-store propose des produits de haute qualit\u00e9 provenant de fournisseurs renomm\u00e9s. Nous comprenons l\u2019importance de la qualit\u00e9 et de la puret\u00e9 et c\u2019est pourquoi nous veillons \u00e0 ce que tous nos produits r\u00e9pondent \u00e0 des normes strictes.<\/p>\n<p>Un service pratique et fiable<br \/>\nAvec RCKopen, l'achat de 4-HO-MiPT en Grande-Bretagne est sans tracas. Vous pouvez acheter 4-HO-MiPT en ligne sans ordonnance, ce qui vous fait gagner du temps et vous \u00e9vite des tracas. Notre site Web convivial rend le processus de commande transparent et notre \u00e9quipe de service client d\u00e9di\u00e9e est toujours disponible pour vous aider.<\/p>\n<h3>Pourquoi choisir RCKopen pour vos besoins 4-HO-MiPT ?<\/h3>\n<p>Large choix : Nous proposons une gamme diversifi\u00e9e de produits 4-HO-MiPT pour r\u00e9pondre aux diff\u00e9rentes exigences de recherche.<\/p>\n<p>Quality assurance: Our commitment to quality ensures that you receive only the best 4-HO-MiPT compounds.<\/p>\n<p>Transactions s\u00e9curis\u00e9es : votre s\u00e9curit\u00e9 et votre confidentialit\u00e9 sont nos principales priorit\u00e9s. Nous utilisons des mesures de s\u00e9curit\u00e9 robustes pour prot\u00e9ger vos informations.<br \/>\nExp\u00e9dition rapide : Profitez d'une livraison rapide de votre commande 4-HO-MiPT afin de pouvoir commencer vos recherches imm\u00e9diatement.<br \/>\nPassez votre commande aujourd'hui<\/p>\n<p>Pr\u00eat \u00e0 acheter 4-HO-MiPT au Royaume-Uni ? D\u00e9couvrez d\u00e8s maintenant notre site internet et d\u00e9couvrez la commodit\u00e9 de faire vos achats chez RCKopen. Gr\u00e2ce \u00e0 notre processus de commande transparent et \u00e0 notre service fiable, vous pouvez nous faire confiance pour r\u00e9pondre \u00e0 tous vos besoins 4-HO-MiPT. D\u00e9couvrez la diff\u00e9rence avec RCKopen d\u00e8s aujourd'hui !<\/p>\n<h3>Restez inform\u00e9 avec RCKopen<\/h3>\n<p>Chez RCKopen, nous sommes plus qu'un simple fournisseur de 4-HO-MiPT ; nous sommes un centre de connaissances pour les chercheurs et les passionn\u00e9s. Visitez notre section blog pour acc\u00e9der \u00e0 des articles informatifs, des mises \u00e0 jour de recherche et des informations sur la communaut\u00e9. Gardez une longueur d'avance avec RCKopen !<\/p>","protected":false},"excerpt":{"rendered":"<p>Bestel hoogwaardige 4-HO-MiPT online kopen bij RCKopen Welkom bij Rckopen.com, uw belangrijkste bestemming voor online toegang tot 4-HO-MiPT-verbindingen van topkwaliteit. Met een streven naar uitmuntendheid bieden we onderzoekers en enthousiastelingen een vertrouwd platform om 4-HO-MiPT legaal en veilig te koop. Onze uitgebreide 4-HO-MiPT-winkel biedt een gevarieerde selectie producten afkomstig van<\/p>","protected":false},"featured_media":6952,"comment_status":"open","ping_status":"closed","template":"","meta":{"_joinchat":[]},"product_brand":[],"product_cat":[149],"product_tag":[],"class_list":{"0":"post-6773","1":"product","2":"type-product","3":"status-publish","4":"has-post-thumbnail","6":"product_cat-tryptaminen","8":"first","9":"instock","10":"shipping-taxable","11":"purchasable","12":"product-type-variable"},"yoast_head":"<!-- This site is optimized with the Yoast SEO plugin v26.3 - https:\/\/yoast.com\/wordpress\/plugins\/seo\/ -->\n<title>4-HO-MIPT online kopen - 4-HO-MIPT te koop | RC Kopen<\/title>\n<meta name=\"description\" content=\"Uw bestelling voor 4-ho-mipt te koop is onze verantwoordelijkheid. Wij zullen uw bestelling voor de aankoop van 4-ho-mipt online kopen in overweging nemen en u binnen korte tijd bereiken. Plaats nu bulkbestellingen!\" \/>\n<meta name=\"robots\" content=\"index, follow, max-snippet:-1, max-image-preview:large, max-video-preview:-1\" \/>\n<link rel=\"canonical\" href=\"https:\/\/rckopen.com\/fr\/produit\/4-ho-mipt\/\" \/>\n<meta property=\"og:locale\" content=\"fr_FR\" \/>\n<meta property=\"og:type\" content=\"article\" \/>\n<meta property=\"og:title\" content=\"4-HO-MIPT online kopen - 4-HO-MIPT te koop | RC Kopen\" \/>\n<meta property=\"og:description\" content=\"Uw bestelling voor 4-ho-mipt te koop is onze verantwoordelijkheid. Wij zullen uw bestelling voor de aankoop van 4-ho-mipt online kopen in overweging nemen en u binnen korte tijd bereiken. Plaats nu bulkbestellingen!\" \/>\n<meta property=\"og:url\" content=\"https:\/\/rckopen.com\/fr\/produit\/4-ho-mipt\/\" \/>\n<meta property=\"og:site_name\" content=\"RC Kopen\" \/>\n<meta property=\"article:modified_time\" content=\"2025-01-31T05:29:02+00:00\" \/>\n<meta property=\"og:image\" content=\"https:\/\/rckopen.com\/wp-content\/uploads\/2023\/08\/4-HO-MiPT-2.jpg\" \/>\n\t<meta property=\"og:image:width\" content=\"600\" \/>\n\t<meta property=\"og:image:height\" content=\"600\" \/>\n\t<meta property=\"og:image:type\" content=\"image\/jpeg\" \/>\n<meta name=\"twitter:card\" content=\"summary_large_image\" \/>\n<meta name=\"twitter:label1\" content=\"Dur\u00e9e de lecture estim\u00e9e\" \/>\n\t<meta name=\"twitter:data1\" content=\"2 minutes\" \/>\n<script type=\"application\/ld+json\" class=\"yoast-schema-graph\">{\"@context\":\"https:\/\/schema.org\",\"@graph\":[{\"@type\":\"WebPage\",\"@id\":\"https:\/\/rckopen.com\/product\/4-ho-mipt\/\",\"url\":\"https:\/\/rckopen.com\/product\/4-ho-mipt\/\",\"name\":\"4-HO-MIPT online kopen - 4-HO-MIPT te koop | RC Kopen\",\"isPartOf\":{\"@id\":\"https:\/\/rckopen.com\/#website\"},\"primaryImageOfPage\":{\"@id\":\"https:\/\/rckopen.com\/product\/4-ho-mipt\/#primaryimage\"},\"image\":{\"@id\":\"https:\/\/rckopen.com\/product\/4-ho-mipt\/#primaryimage\"},\"thumbnailUrl\":\"https:\/\/rckopen.com\/wp-content\/uploads\/2023\/08\/4-HO-MiPT-2.jpg\",\"datePublished\":\"2023-08-17T11:12:29+00:00\",\"dateModified\":\"2025-01-31T05:29:02+00:00\",\"description\":\"Uw bestelling voor 4-ho-mipt te koop is onze verantwoordelijkheid. Wij zullen uw bestelling voor de aankoop van 4-ho-mipt online kopen in overweging nemen en u binnen korte tijd bereiken. Plaats nu bulkbestellingen!\",\"breadcrumb\":{\"@id\":\"https:\/\/rckopen.com\/product\/4-ho-mipt\/#breadcrumb\"},\"inLanguage\":\"fr-FR\",\"potentialAction\":[{\"@type\":\"ReadAction\",\"target\":[\"https:\/\/rckopen.com\/product\/4-ho-mipt\/\"]}]},{\"@type\":\"ImageObject\",\"inLanguage\":\"fr-FR\",\"@id\":\"https:\/\/rckopen.com\/product\/4-ho-mipt\/#primaryimage\",\"url\":\"https:\/\/rckopen.com\/wp-content\/uploads\/2023\/08\/4-HO-MiPT-2.jpg\",\"contentUrl\":\"https:\/\/rckopen.com\/wp-content\/uploads\/2023\/08\/4-HO-MiPT-2.jpg\",\"width\":600,\"height\":600,\"caption\":\"4-HO-MiPT online kopen\"},{\"@type\":\"BreadcrumbList\",\"@id\":\"https:\/\/rckopen.com\/product\/4-ho-mipt\/#breadcrumb\",\"itemListElement\":[{\"@type\":\"ListItem\",\"position\":1,\"name\":\"Home\",\"item\":\"https:\/\/rckopen.com\/\"},{\"@type\":\"ListItem\",\"position\":2,\"name\":\"Shop\",\"item\":\"https:\/\/rckopen.com\/shop\/\"},{\"@type\":\"ListItem\",\"position\":3,\"name\":\"4-HO-MiPT online kopen\"}]},{\"@type\":\"WebSite\",\"@id\":\"https:\/\/rckopen.com\/#website\",\"url\":\"https:\/\/rckopen.com\/\",\"name\":\"RC Kopen\",\"description\":\"Research Chemicals\",\"potentialAction\":[{\"@type\":\"SearchAction\",\"target\":{\"@type\":\"EntryPoint\",\"urlTemplate\":\"https:\/\/rckopen.com\/?s={search_term_string}\"},\"query-input\":{\"@type\":\"PropertyValueSpecification\",\"valueRequired\":true,\"valueName\":\"search_term_string\"}}],\"inLanguage\":\"fr-FR\"}]}<\/script>\n<!-- \/ Yoast SEO plugin. -->","yoast_head_json":{"title":"4-HO-MIPT online kopen - 4-HO-MIPT te koop | RC Kopen","description":"Uw bestelling voor 4-ho-mipt te koop is onze verantwoordelijkheid. Wij zullen uw bestelling voor de aankoop van 4-ho-mipt online kopen in overweging nemen en u binnen korte tijd bereiken. Plaats nu bulkbestellingen!","robots":{"index":"index","follow":"follow","max-snippet":"max-snippet:-1","max-image-preview":"max-image-preview:large","max-video-preview":"max-video-preview:-1"},"canonical":"https:\/\/rckopen.com\/fr\/produit\/4-ho-mipt\/","og_locale":"fr_FR","og_type":"article","og_title":"4-HO-MIPT online kopen - 4-HO-MIPT te koop | RC Kopen","og_description":"Uw bestelling voor 4-ho-mipt te koop is onze verantwoordelijkheid. Wij zullen uw bestelling voor de aankoop van 4-ho-mipt online kopen in overweging nemen en u binnen korte tijd bereiken. Plaats nu bulkbestellingen!","og_url":"https:\/\/rckopen.com\/fr\/produit\/4-ho-mipt\/","og_site_name":"RC Kopen","article_modified_time":"2025-01-31T05:29:02+00:00","og_image":[{"width":600,"height":600,"url":"https:\/\/rckopen.com\/wp-content\/uploads\/2023\/08\/4-HO-MiPT-2.jpg","type":"image\/jpeg"}],"twitter_card":"summary_large_image","twitter_misc":{"Dur\u00e9e de lecture estim\u00e9e":"2 minutes"},"schema":{"@context":"https:\/\/schema.org","@graph":[{"@type":"WebPage","@id":"https:\/\/rckopen.com\/product\/4-ho-mipt\/","url":"https:\/\/rckopen.com\/product\/4-ho-mipt\/","name":"4-HO-MIPT online kopen - 4-HO-MIPT te koop | RC Kopen","isPartOf":{"@id":"https:\/\/rckopen.com\/#website"},"primaryImageOfPage":{"@id":"https:\/\/rckopen.com\/product\/4-ho-mipt\/#primaryimage"},"image":{"@id":"https:\/\/rckopen.com\/product\/4-ho-mipt\/#primaryimage"},"thumbnailUrl":"https:\/\/rckopen.com\/wp-content\/uploads\/2023\/08\/4-HO-MiPT-2.jpg","datePublished":"2023-08-17T11:12:29+00:00","dateModified":"2025-01-31T05:29:02+00:00","description":"Uw bestelling voor 4-ho-mipt te koop is onze verantwoordelijkheid. Wij zullen uw bestelling voor de aankoop van 4-ho-mipt online kopen in overweging nemen en u binnen korte tijd bereiken. Plaats nu bulkbestellingen!","breadcrumb":{"@id":"https:\/\/rckopen.com\/product\/4-ho-mipt\/#breadcrumb"},"inLanguage":"fr-FR","potentialAction":[{"@type":"ReadAction","target":["https:\/\/rckopen.com\/product\/4-ho-mipt\/"]}]},{"@type":"ImageObject","inLanguage":"fr-FR","@id":"https:\/\/rckopen.com\/product\/4-ho-mipt\/#primaryimage","url":"https:\/\/rckopen.com\/wp-content\/uploads\/2023\/08\/4-HO-MiPT-2.jpg","contentUrl":"https:\/\/rckopen.com\/wp-content\/uploads\/2023\/08\/4-HO-MiPT-2.jpg","width":600,"height":600,"caption":"4-HO-MiPT online kopen"},{"@type":"BreadcrumbList","@id":"https:\/\/rckopen.com\/product\/4-ho-mipt\/#breadcrumb","itemListElement":[{"@type":"ListItem","position":1,"name":"Home","item":"https:\/\/rckopen.com\/"},{"@type":"ListItem","position":2,"name":"Shop","item":"https:\/\/rckopen.com\/shop\/"},{"@type":"ListItem","position":3,"name":"4-HO-MiPT online kopen"}]},{"@type":"WebSite","@id":"https:\/\/rckopen.com\/#website","url":"https:\/\/rckopen.com\/","name":"RC Kopen","description":"Research Chemicals","potentialAction":[{"@type":"SearchAction","target":{"@type":"EntryPoint","urlTemplate":"https:\/\/rckopen.com\/?s={search_term_string}"},"query-input":{"@type":"PropertyValueSpecification","valueRequired":true,"valueName":"search_term_string"}}],"inLanguage":"fr-FR"}]}},"_links":{"self":[{"href":"https:\/\/rckopen.com\/fr\/wp-json\/wp\/v2\/product\/6773","targetHints":{"allow":["GET"]}}],"collection":[{"href":"https:\/\/rckopen.com\/fr\/wp-json\/wp\/v2\/product"}],"about":[{"href":"https:\/\/rckopen.com\/fr\/wp-json\/wp\/v2\/types\/product"}],"replies":[{"embeddable":true,"href":"https:\/\/rckopen.com\/fr\/wp-json\/wp\/v2\/comments?post=6773"}],"wp:featuredmedia":[{"embeddable":true,"href":"https:\/\/rckopen.com\/fr\/wp-json\/wp\/v2\/media\/6952"}],"wp:attachment":[{"href":"https:\/\/rckopen.com\/fr\/wp-json\/wp\/v2\/media?parent=6773"}],"wp:term":[{"taxonomy":"product_brand","embeddable":true,"href":"https:\/\/rckopen.com\/fr\/wp-json\/wp\/v2\/product_brand?post=6773"},{"taxonomy":"product_cat","embeddable":true,"href":"https:\/\/rckopen.com\/fr\/wp-json\/wp\/v2\/product_cat?post=6773"},{"taxonomy":"product_tag","embeddable":true,"href":"https:\/\/rckopen.com\/fr\/wp-json\/wp\/v2\/product_tag?post=6773"}],"curies":[{"name":"wp","href":"https:\/\/api.w.org\/{rel}","templated":true}]}}