{"id":6774,"date":"2023-08-17T11:14:28","date_gmt":"2023-08-17T11:14:28","guid":{"rendered":"https:\/\/diligentplug.com\/chems\/?post_type=product&#038;p=6774"},"modified":"2025-01-31T05:20:08","modified_gmt":"2025-01-31T05:20:08","slug":"4-ho-det","status":"publish","type":"product","link":"https:\/\/rckopen.com\/fr\/produit\/4-ho-det\/","title":{"rendered":"Achetez 4-HO-DET en ligne"},"content":{"rendered":"<h2>Achetez 4-HO-DET en ligne<\/h2>\n<p>D\u00e9couvrez la meilleure exp\u00e9rience 4-HO-DET avec rckopen.com<br \/>\nBienvenue \u00e0 <a href=\"https:\/\/rckopen.com\/fr\/\">Rckopen.com<\/a>, votre destination ultime pour acheter du 4-HO-DET et d'autres produits chimiques de recherche. Avec un engagement envers la qualit\u00e9, la l\u00e9galit\u00e9 et la satisfaction du client, nous sommes fiers d'\u00eatre un magasin 4-HO-DET de confiance au service des chercheurs du monde entier. Que vous soyez au Royaume-Uni ou \u00e0 l'\u00e9tranger, notre plateforme en ligne transparente garantit des transactions s\u00fbres et sans tracas, vous permettant d'acheter du 4-HO-DET l\u00e9galement en toute confiance. D\u00e9couvrez notre vaste gamme, profitez d'une livraison rapide et b\u00e9n\u00e9ficiez d'un support client d\u00e9di\u00e9 \u00e0 chaque \u00e9tape du processus. Visitez-nous sur rckopen.com et d\u00e9couvrez le meilleur du jeu d\u00e8s aujourd'hui <a href=\"https:\/\/rckopen.com\/fr\/produit\/4-ho-det\/\">4-HO-DET-inkoop<\/a>.<\/p>\n<h3>Votre meilleure destination pour acheter 4-HO-DET en ligne<\/h3>\n<p>Voulez-vous acheter 4-HO-DET en ligne ? Votre recherche se termine ici \u00e0 rckopen.com, o\u00f9 nous offrons une s\u00e9lection de qualit\u00e9 sup\u00e9rieure de 4-HO-DET \u00e0 vendre. Notre engagement \u00e0 l'excellence fait de nous votre magasin pr\u00e9f\u00e9r\u00e9 de 4-HO-DET pour tous vos besoins de recherche.<\/p>\n<h3>Des transactions 4-HO-DET s\u00e9curis\u00e9es, l\u00e9gales et sans effort<\/h3>\n<p>Votre s\u00e9curit\u00e9 et votre tranquillit\u00e9 d\u2019esprit sont notre priorit\u00e9 absolue. <a href=\"https:\/\/en.wikipedia.org\/wiki\/4-HO-DET\">Achetez 4-HO-DET en ligne<\/a> sans ordonnance via notre plateforme s\u00e9curis\u00e9e. En quelques clics, vous pouvez commander 4-HO-DET en toute confiance, sachant que vous obtenez un produit l\u00e9gitime.<\/p>\n<h3>Livraison rapide, o\u00f9 que vous soyez<\/h3>\n<p>Que vous viviez au Royaume-Uni ou ailleurs, notre syst\u00e8me de livraison efficace garantit un acc\u00e8s rapide \u00e0 l'achat de 4-HO-DET au Royaume-Uni et \u00e0 l'\u00e9tranger. \u00c9vitez les tracas des ordonnances - notre boutique discr\u00e8te de 4-HO-DET garantit un service rapide et confidentiel.<\/p>\n<h3>D\u00e9couvrez notre gamme vari\u00e9e de produits chimiques de recherche<\/h3>\n<p>Chez rckopen.com, nous sommes fiers de notre vaste s\u00e9lection de produits chimiques de recherche. En plus d'acheter du 4-HO-DET en ligne, vous pouvez explorer divers compos\u00e9s adapt\u00e9s \u00e0 vos exp\u00e9riences. Faites-nous confiance pour vous fournir des produits de haute qualit\u00e9 \u00e0 des prix comp\u00e9titifs.<\/p>\n<h3>Une assistance client\u00e8le d\u00e9di\u00e9e pour votre tranquillit\u00e9 d'esprit<\/h3>\n<p>Vous avez besoin d'aide ou vous avez des questions sur nos produits ? Notre \u00e9quipe de service client\u00e8le est pr\u00eate \u00e0 vous aider. Nous accordons la priorit\u00e9 \u00e0 votre satisfaction et nous nous effor\u00e7ons de r\u00e9soudre rapidement tout probl\u00e8me afin de vous garantir une exp\u00e9rience d'achat 4-HO-DET sans accroc.<\/p>\n<h3>L'assurance qualit\u00e9 \u00e0 chaque \u00e9tape<\/h3>\n<p>De l'approvisionnement \u00e0 la livraison, nous appliquons des normes de qualit\u00e9 strictes pour garantir l'int\u00e9grit\u00e9 de nos produits. Soyez assur\u00e9 que lorsque vous achetez 4-HO-DET chez rckopen.com, vous obtenez ce qu'il y a de mieux.<\/p>\n<p>Chez rckopen.com votre satisfaction est notre priorit\u00e9. D\u00e9couvrez la commodit\u00e9, la fiabilit\u00e9 et l'excellence de l'achat en ligne de 4-HO-DET et d'autres produits chimiques de recherche chez nous d\u00e8s aujourd'hui\u00a0!<\/p>","protected":false},"excerpt":{"rendered":"<p>rckopen.com propose des produits qui ne sont pas destin\u00e9s \u00e0 la consommation humaine. La consommation (involontaire) de ce produit peut avoir de graves cons\u00e9quences m\u00e9dicales.<\/p>","protected":false},"featured_media":6962,"comment_status":"open","ping_status":"closed","template":"","meta":{"_joinchat":[]},"product_brand":[],"product_cat":[149],"product_tag":[],"class_list":{"0":"post-6774","1":"product","2":"type-product","3":"status-publish","4":"has-post-thumbnail","6":"product_cat-tryptaminen","8":"first","9":"instock","10":"shipping-taxable","11":"purchasable","12":"product-type-variable"},"yoast_head":"<!-- This site is optimized with the Yoast SEO plugin v26.3 - https:\/\/yoast.com\/wordpress\/plugins\/seo\/ -->\n<title>4-HO-DET te koop - 4-HO-DET online kopen | RC Kopen<\/title>\n<meta name=\"description\" content=\"U kunt 4-HO-Det te koop krijgen tegen de beste prijzen in onze online RCKopen-winkel. Wij zijn hier om u te helpen 4-HO-DET online kopen. Maak vandaag nog contact met de beste winkel van de stad!\" \/>\n<meta name=\"robots\" content=\"index, follow, max-snippet:-1, max-image-preview:large, max-video-preview:-1\" \/>\n<link rel=\"canonical\" href=\"https:\/\/rckopen.com\/fr\/produit\/4-ho-det\/\" \/>\n<meta property=\"og:locale\" content=\"fr_FR\" \/>\n<meta property=\"og:type\" content=\"article\" \/>\n<meta property=\"og:title\" content=\"4-HO-DET te koop - 4-HO-DET online kopen | RC Kopen\" \/>\n<meta property=\"og:description\" content=\"U kunt 4-HO-Det te koop krijgen tegen de beste prijzen in onze online RCKopen-winkel. Wij zijn hier om u te helpen 4-HO-DET online kopen. Maak vandaag nog contact met de beste winkel van de stad!\" \/>\n<meta property=\"og:url\" content=\"https:\/\/rckopen.com\/fr\/produit\/4-ho-det\/\" \/>\n<meta property=\"og:site_name\" content=\"RC Kopen\" \/>\n<meta property=\"article:modified_time\" content=\"2025-01-31T05:20:08+00:00\" \/>\n<meta property=\"og:image\" content=\"https:\/\/rckopen.com\/wp-content\/uploads\/2023\/08\/4-HO-DET.jpg\" \/>\n\t<meta property=\"og:image:width\" content=\"600\" \/>\n\t<meta property=\"og:image:height\" content=\"600\" \/>\n\t<meta property=\"og:image:type\" content=\"image\/jpeg\" \/>\n<meta name=\"twitter:card\" content=\"summary_large_image\" \/>\n<meta name=\"twitter:label1\" content=\"Dur\u00e9e de lecture estim\u00e9e\" \/>\n\t<meta name=\"twitter:data1\" content=\"2 minutes\" \/>\n<script type=\"application\/ld+json\" class=\"yoast-schema-graph\">{\"@context\":\"https:\/\/schema.org\",\"@graph\":[{\"@type\":\"WebPage\",\"@id\":\"https:\/\/rckopen.com\/product\/4-ho-det\/\",\"url\":\"https:\/\/rckopen.com\/product\/4-ho-det\/\",\"name\":\"4-HO-DET te koop - 4-HO-DET online kopen | RC Kopen\",\"isPartOf\":{\"@id\":\"https:\/\/rckopen.com\/#website\"},\"primaryImageOfPage\":{\"@id\":\"https:\/\/rckopen.com\/product\/4-ho-det\/#primaryimage\"},\"image\":{\"@id\":\"https:\/\/rckopen.com\/product\/4-ho-det\/#primaryimage\"},\"thumbnailUrl\":\"https:\/\/rckopen.com\/wp-content\/uploads\/2023\/08\/4-HO-DET.jpg\",\"datePublished\":\"2023-08-17T11:14:28+00:00\",\"dateModified\":\"2025-01-31T05:20:08+00:00\",\"description\":\"U kunt 4-HO-Det te koop krijgen tegen de beste prijzen in onze online RCKopen-winkel. Wij zijn hier om u te helpen 4-HO-DET online kopen. Maak vandaag nog contact met de beste winkel van de stad!\",\"breadcrumb\":{\"@id\":\"https:\/\/rckopen.com\/product\/4-ho-det\/#breadcrumb\"},\"inLanguage\":\"fr-FR\",\"potentialAction\":[{\"@type\":\"ReadAction\",\"target\":[\"https:\/\/rckopen.com\/product\/4-ho-det\/\"]}]},{\"@type\":\"ImageObject\",\"inLanguage\":\"fr-FR\",\"@id\":\"https:\/\/rckopen.com\/product\/4-ho-det\/#primaryimage\",\"url\":\"https:\/\/rckopen.com\/wp-content\/uploads\/2023\/08\/4-HO-DET.jpg\",\"contentUrl\":\"https:\/\/rckopen.com\/wp-content\/uploads\/2023\/08\/4-HO-DET.jpg\",\"width\":600,\"height\":600,\"caption\":\"4-HO-DET online kopen\"},{\"@type\":\"BreadcrumbList\",\"@id\":\"https:\/\/rckopen.com\/product\/4-ho-det\/#breadcrumb\",\"itemListElement\":[{\"@type\":\"ListItem\",\"position\":1,\"name\":\"Home\",\"item\":\"https:\/\/rckopen.com\/\"},{\"@type\":\"ListItem\",\"position\":2,\"name\":\"Shop\",\"item\":\"https:\/\/rckopen.com\/shop\/\"},{\"@type\":\"ListItem\",\"position\":3,\"name\":\"4-HO-DET online kopen\"}]},{\"@type\":\"WebSite\",\"@id\":\"https:\/\/rckopen.com\/#website\",\"url\":\"https:\/\/rckopen.com\/\",\"name\":\"RC Kopen\",\"description\":\"Research Chemicals\",\"potentialAction\":[{\"@type\":\"SearchAction\",\"target\":{\"@type\":\"EntryPoint\",\"urlTemplate\":\"https:\/\/rckopen.com\/?s={search_term_string}\"},\"query-input\":{\"@type\":\"PropertyValueSpecification\",\"valueRequired\":true,\"valueName\":\"search_term_string\"}}],\"inLanguage\":\"fr-FR\"}]}<\/script>\n<!-- \/ Yoast SEO plugin. -->","yoast_head_json":{"title":"4-HO-DET te koop - 4-HO-DET online kopen | RC Kopen","description":"U kunt 4-HO-Det te koop krijgen tegen de beste prijzen in onze online RCKopen-winkel. Wij zijn hier om u te helpen 4-HO-DET online kopen. Maak vandaag nog contact met de beste winkel van de stad!","robots":{"index":"index","follow":"follow","max-snippet":"max-snippet:-1","max-image-preview":"max-image-preview:large","max-video-preview":"max-video-preview:-1"},"canonical":"https:\/\/rckopen.com\/fr\/produit\/4-ho-det\/","og_locale":"fr_FR","og_type":"article","og_title":"4-HO-DET te koop - 4-HO-DET online kopen | RC Kopen","og_description":"U kunt 4-HO-Det te koop krijgen tegen de beste prijzen in onze online RCKopen-winkel. Wij zijn hier om u te helpen 4-HO-DET online kopen. Maak vandaag nog contact met de beste winkel van de stad!","og_url":"https:\/\/rckopen.com\/fr\/produit\/4-ho-det\/","og_site_name":"RC Kopen","article_modified_time":"2025-01-31T05:20:08+00:00","og_image":[{"width":600,"height":600,"url":"https:\/\/rckopen.com\/wp-content\/uploads\/2023\/08\/4-HO-DET.jpg","type":"image\/jpeg"}],"twitter_card":"summary_large_image","twitter_misc":{"Dur\u00e9e de lecture estim\u00e9e":"2 minutes"},"schema":{"@context":"https:\/\/schema.org","@graph":[{"@type":"WebPage","@id":"https:\/\/rckopen.com\/product\/4-ho-det\/","url":"https:\/\/rckopen.com\/product\/4-ho-det\/","name":"4-HO-DET te koop - 4-HO-DET online kopen | RC Kopen","isPartOf":{"@id":"https:\/\/rckopen.com\/#website"},"primaryImageOfPage":{"@id":"https:\/\/rckopen.com\/product\/4-ho-det\/#primaryimage"},"image":{"@id":"https:\/\/rckopen.com\/product\/4-ho-det\/#primaryimage"},"thumbnailUrl":"https:\/\/rckopen.com\/wp-content\/uploads\/2023\/08\/4-HO-DET.jpg","datePublished":"2023-08-17T11:14:28+00:00","dateModified":"2025-01-31T05:20:08+00:00","description":"U kunt 4-HO-Det te koop krijgen tegen de beste prijzen in onze online RCKopen-winkel. Wij zijn hier om u te helpen 4-HO-DET online kopen. Maak vandaag nog contact met de beste winkel van de stad!","breadcrumb":{"@id":"https:\/\/rckopen.com\/product\/4-ho-det\/#breadcrumb"},"inLanguage":"fr-FR","potentialAction":[{"@type":"ReadAction","target":["https:\/\/rckopen.com\/product\/4-ho-det\/"]}]},{"@type":"ImageObject","inLanguage":"fr-FR","@id":"https:\/\/rckopen.com\/product\/4-ho-det\/#primaryimage","url":"https:\/\/rckopen.com\/wp-content\/uploads\/2023\/08\/4-HO-DET.jpg","contentUrl":"https:\/\/rckopen.com\/wp-content\/uploads\/2023\/08\/4-HO-DET.jpg","width":600,"height":600,"caption":"4-HO-DET online kopen"},{"@type":"BreadcrumbList","@id":"https:\/\/rckopen.com\/product\/4-ho-det\/#breadcrumb","itemListElement":[{"@type":"ListItem","position":1,"name":"Home","item":"https:\/\/rckopen.com\/"},{"@type":"ListItem","position":2,"name":"Shop","item":"https:\/\/rckopen.com\/shop\/"},{"@type":"ListItem","position":3,"name":"4-HO-DET online kopen"}]},{"@type":"WebSite","@id":"https:\/\/rckopen.com\/#website","url":"https:\/\/rckopen.com\/","name":"RC Kopen","description":"Research Chemicals","potentialAction":[{"@type":"SearchAction","target":{"@type":"EntryPoint","urlTemplate":"https:\/\/rckopen.com\/?s={search_term_string}"},"query-input":{"@type":"PropertyValueSpecification","valueRequired":true,"valueName":"search_term_string"}}],"inLanguage":"fr-FR"}]}},"_links":{"self":[{"href":"https:\/\/rckopen.com\/fr\/wp-json\/wp\/v2\/product\/6774","targetHints":{"allow":["GET"]}}],"collection":[{"href":"https:\/\/rckopen.com\/fr\/wp-json\/wp\/v2\/product"}],"about":[{"href":"https:\/\/rckopen.com\/fr\/wp-json\/wp\/v2\/types\/product"}],"replies":[{"embeddable":true,"href":"https:\/\/rckopen.com\/fr\/wp-json\/wp\/v2\/comments?post=6774"}],"wp:featuredmedia":[{"embeddable":true,"href":"https:\/\/rckopen.com\/fr\/wp-json\/wp\/v2\/media\/6962"}],"wp:attachment":[{"href":"https:\/\/rckopen.com\/fr\/wp-json\/wp\/v2\/media?parent=6774"}],"wp:term":[{"taxonomy":"product_brand","embeddable":true,"href":"https:\/\/rckopen.com\/fr\/wp-json\/wp\/v2\/product_brand?post=6774"},{"taxonomy":"product_cat","embeddable":true,"href":"https:\/\/rckopen.com\/fr\/wp-json\/wp\/v2\/product_cat?post=6774"},{"taxonomy":"product_tag","embeddable":true,"href":"https:\/\/rckopen.com\/fr\/wp-json\/wp\/v2\/product_tag?post=6774"}],"curies":[{"name":"wp","href":"https:\/\/api.w.org\/{rel}","templated":true}]}}