{"id":6776,"date":"2023-08-17T11:34:04","date_gmt":"2023-08-17T11:34:04","guid":{"rendered":"https:\/\/diligentplug.com\/chems\/?post_type=product&#038;p=6776"},"modified":"2025-01-31T09:49:36","modified_gmt":"2025-01-31T09:49:36","slug":"4f-pihp","status":"publish","type":"product","link":"https:\/\/rckopen.com\/fr\/produit\/4f-pihp\/","title":{"rendered":"Achetez 4F-PiHp en ligne"},"content":{"rendered":"<h2>ACHETER 4F-PHP CRYSTAL EN LIGNE IMM\u00c9DIATEMENT CHEZ RCKOPEN<a href=\"https:\/\/en.wikipedia.org\/wiki\/4F-PHP\">!<\/a><\/h2>\n<p><a href=\"https:\/\/rckopen.com\/fr\/produit\/4f-pihp\/\">Achetez 4F-PIHP en ligne,<\/a> avez-vous entendu parler du cristal 4F-PHP ? C'est un compos\u00e9 chimique puissant et polyvalent qui a de nombreuses applications. Avec 4F-PHP Crystal \u00e0 vendre, vous pouvez faire des choses incroyables et r\u00e9aliser vos r\u00eaves. Voyons ce que 4F-PHP Crystal peut faire pour vous<a href=\"https:\/\/rckopen.com\/fr\/produit\/metizolam\/\">.<\/a><\/p>\n<h2>POURQUOI ACHETER UNE POUDRE DE CRISTAL 4F-PHP ?<\/h2>\n<p>Pour commander A-PiHP, il faut d'abord comprendre que ce produit est une substance de recherche qui est devenue tr\u00e8s populaire au sein de la communaut\u00e9 scientifique ces derni\u00e8res ann\u00e9es. Il s'agit d'un type de stimulant synth\u00e9tique connu pour ses propri\u00e9t\u00e9s et ses effets uniques. Vous trouverez ci-dessous plus d'informations sur la chimie de l'A-PiHP, ses effets sur l'esprit et les exp\u00e9riences subjectives de ceux qui l'ont utilis\u00e9.<\/p>\n<h2>Fonctionnement de l'A-PiHP<\/h2>\n<p><a href=\"https:\/\/pubchem.ncbi.nlm.nih.gov\/compound\/4F-alpha-Phip-hydrochloride\">4F-PIHP<\/a> \u00e0 vendre est une mol\u00e9cule synth\u00e9tique appartenant \u00e0 la classe des compos\u00e9s cathinone. Sa structure est similaire \u00e0 celle d\u2019autres stimulants populaires tels que les amph\u00e9tamines et son m\u00e9canisme d\u2019action est similaire. Le mode d\u2019action pr\u00e9cis de l\u2019A-PiHP n\u2019est pas bien compris \u00e0 l\u2019heure actuelle, mais on pense qu\u2019il augmente la lib\u00e9ration de neurotransmetteurs tels que la dopamine et la noradr\u00e9naline. <a href=\"https:\/\/rckopen.com\/fr\/\">RCKOpen.com<\/a><\/p>\n<h3>Effets A-PiHP<\/h3>\n<p>L'A-PiHP est un stimulant connu pour avoir une s\u00e9rie d'effets sur une personne. Ces effets comprennent une augmentation de la vigilance, de l'\u00e9nergie et de la motivation. Il peut \u00e9galement am\u00e9liorer l'attention, la concentration et les performances cognitives. Cependant, elle peut \u00e9galement provoquer des effets secondaires tels que la nervosit\u00e9, l'anxi\u00e9t\u00e9 et l'acc\u00e9l\u00e9ration du rythme cardiaque.<\/p>\n<h3>Exp\u00e9riences A-PiHP<\/h3>\n<p>Les exp\u00e9riences subjectives de ceux qui ont utilis\u00e9 A-PiHP varient consid\u00e9rablement. Certains utilisateurs font \u00e9tat, dans des rapports en ligne, d'un sentiment d'euphorie, d'un regain d'\u00e9nergie et d'une am\u00e9lioration des performances cognitives. D'autres disent se sentir anxieux, nerveux ou avoir de grandes difficult\u00e9s \u00e0 dormir. Il est important de noter que les r\u00e9actions individuelles \u00e0 l'A-PiHP peuvent \u00eatre tr\u00e8s variables et que la substance doit \u00eatre utilis\u00e9e avec prudence.<\/p>\n<h4>Achetez A-PiHP en ligne<\/h4>\n<p>Achetez la meilleure qualit\u00e9 A-PiHP en ligne sur rckopen.com. Command\u00e9 avant 17h30, livr\u00e9 demain ! Nous mettons tout en \u0153uvre pour vous faire parvenir nos produits le plus rapidement possible. Avec iDEAL, vous pouvez payer facilement et en toute s\u00e9curit\u00e9, comme vous en avez l'habitude avec d'autres boutiques en ligne.<\/p>\n<p>Le 4-Fluoro-alpha-PHP (4F-PHP) est une drogue r\u00e9cr\u00e9ative qui comprend l'\u03b1-PHP, le 3F-PVP, le 3F-NEH, le 3F-PHP, le 3F-PiHP, le 4F-PVP, le 4Cl-PVP, le 4-Cl -PHP,<br \/>\n4F-POP, MFPVP, MDPHP, N-Ethylhexedron, N-Ethylhexylon.<\/p>","protected":false},"excerpt":{"rendered":"<p><strong>Nom IUPAC : <\/strong>1-(4-fluoroph\u00e9nyl)-4-m\u00e9thyl-2-(pyrrolidin-1-yl)pentan-1-one, monohydrochloride<\/p>\n<p><strong>Autre nom : <\/strong>4-fluoro-\u03b1-PiHP<\/p>\n<p><strong>Forme : <\/strong>solide cristallin<\/p>\n<p><strong>Analyse RMN : <\/strong>C16H22FNO - HCl<\/p>","protected":false},"featured_media":7659,"comment_status":"open","ping_status":"closed","template":"","meta":{"_joinchat":[]},"product_brand":[],"product_cat":[134],"product_tag":[],"class_list":{"0":"post-6776","1":"product","2":"type-product","3":"status-publish","4":"has-post-thumbnail","6":"product_cat-cathinon","8":"first","9":"instock","10":"shipping-taxable","11":"purchasable","12":"product-type-variable"},"yoast_head":"<!-- This site is optimized with the Yoast SEO plugin v26.3 - https:\/\/yoast.com\/wordpress\/plugins\/seo\/ -->\n<title>4F-PIHP online kopen - 4F-PIHP te koop | Rckopen<\/title>\n<meta name=\"description\" content=\"4F-PIHP te koop tegen goedkope prijzen. Onze online RcKopen-winkel verkoopt wereldwijd 4F-PIHP. Bestel binnenkort om 4F-PIHP online te kopen.\" \/>\n<meta name=\"robots\" content=\"index, follow, max-snippet:-1, max-image-preview:large, max-video-preview:-1\" \/>\n<link rel=\"canonical\" href=\"https:\/\/rckopen.com\/fr\/produit\/4f-pihp\/\" \/>\n<meta property=\"og:locale\" content=\"fr_FR\" \/>\n<meta property=\"og:type\" content=\"article\" \/>\n<meta property=\"og:title\" content=\"4F-PIHP online kopen - 4F-PIHP te koop | Rckopen\" \/>\n<meta property=\"og:description\" content=\"4F-PIHP te koop tegen goedkope prijzen. Onze online RcKopen-winkel verkoopt wereldwijd 4F-PIHP. Bestel binnenkort om 4F-PIHP online te kopen.\" \/>\n<meta property=\"og:url\" content=\"https:\/\/rckopen.com\/fr\/produit\/4f-pihp\/\" \/>\n<meta property=\"og:site_name\" content=\"RC Kopen\" \/>\n<meta property=\"article:modified_time\" content=\"2025-01-31T09:49:36+00:00\" \/>\n<meta property=\"og:image\" content=\"https:\/\/rckopen.com\/wp-content\/uploads\/2023\/08\/4f-Pihp-1.jpg\" \/>\n\t<meta property=\"og:image:width\" content=\"600\" \/>\n\t<meta property=\"og:image:height\" content=\"600\" \/>\n\t<meta property=\"og:image:type\" content=\"image\/jpeg\" \/>\n<meta name=\"twitter:card\" content=\"summary_large_image\" \/>\n<meta name=\"twitter:label1\" content=\"Dur\u00e9e de lecture estim\u00e9e\" \/>\n\t<meta name=\"twitter:data1\" content=\"2 minutes\" \/>\n<script type=\"application\/ld+json\" class=\"yoast-schema-graph\">{\"@context\":\"https:\/\/schema.org\",\"@graph\":[{\"@type\":\"WebPage\",\"@id\":\"https:\/\/rckopen.com\/product\/4f-pihp\/\",\"url\":\"https:\/\/rckopen.com\/product\/4f-pihp\/\",\"name\":\"4F-PIHP online kopen - 4F-PIHP te koop | Rckopen\",\"isPartOf\":{\"@id\":\"https:\/\/rckopen.com\/#website\"},\"primaryImageOfPage\":{\"@id\":\"https:\/\/rckopen.com\/product\/4f-pihp\/#primaryimage\"},\"image\":{\"@id\":\"https:\/\/rckopen.com\/product\/4f-pihp\/#primaryimage\"},\"thumbnailUrl\":\"https:\/\/rckopen.com\/wp-content\/uploads\/2023\/08\/4f-Pihp-1.jpg\",\"datePublished\":\"2023-08-17T11:34:04+00:00\",\"dateModified\":\"2025-01-31T09:49:36+00:00\",\"description\":\"4F-PIHP te koop tegen goedkope prijzen. Onze online RcKopen-winkel verkoopt wereldwijd 4F-PIHP. Bestel binnenkort om 4F-PIHP online te kopen.\",\"breadcrumb\":{\"@id\":\"https:\/\/rckopen.com\/product\/4f-pihp\/#breadcrumb\"},\"inLanguage\":\"fr-FR\",\"potentialAction\":[{\"@type\":\"ReadAction\",\"target\":[\"https:\/\/rckopen.com\/product\/4f-pihp\/\"]}]},{\"@type\":\"ImageObject\",\"inLanguage\":\"fr-FR\",\"@id\":\"https:\/\/rckopen.com\/product\/4f-pihp\/#primaryimage\",\"url\":\"https:\/\/rckopen.com\/wp-content\/uploads\/2023\/08\/4f-Pihp-1.jpg\",\"contentUrl\":\"https:\/\/rckopen.com\/wp-content\/uploads\/2023\/08\/4f-Pihp-1.jpg\",\"width\":600,\"height\":600,\"caption\":\"4f-Pihp online kopen\"},{\"@type\":\"BreadcrumbList\",\"@id\":\"https:\/\/rckopen.com\/product\/4f-pihp\/#breadcrumb\",\"itemListElement\":[{\"@type\":\"ListItem\",\"position\":1,\"name\":\"Home\",\"item\":\"https:\/\/rckopen.com\/\"},{\"@type\":\"ListItem\",\"position\":2,\"name\":\"Shop\",\"item\":\"https:\/\/rckopen.com\/shop\/\"},{\"@type\":\"ListItem\",\"position\":3,\"name\":\"4F-PiHp online kopen\"}]},{\"@type\":\"WebSite\",\"@id\":\"https:\/\/rckopen.com\/#website\",\"url\":\"https:\/\/rckopen.com\/\",\"name\":\"RC Kopen\",\"description\":\"Research Chemicals\",\"potentialAction\":[{\"@type\":\"SearchAction\",\"target\":{\"@type\":\"EntryPoint\",\"urlTemplate\":\"https:\/\/rckopen.com\/?s={search_term_string}\"},\"query-input\":{\"@type\":\"PropertyValueSpecification\",\"valueRequired\":true,\"valueName\":\"search_term_string\"}}],\"inLanguage\":\"fr-FR\"}]}<\/script>\n<!-- \/ Yoast SEO plugin. -->","yoast_head_json":{"title":"4F-PIHP online kopen - 4F-PIHP te koop | Rckopen","description":"4F-PIHP te koop tegen goedkope prijzen. Onze online RcKopen-winkel verkoopt wereldwijd 4F-PIHP. Bestel binnenkort om 4F-PIHP online te kopen.","robots":{"index":"index","follow":"follow","max-snippet":"max-snippet:-1","max-image-preview":"max-image-preview:large","max-video-preview":"max-video-preview:-1"},"canonical":"https:\/\/rckopen.com\/fr\/produit\/4f-pihp\/","og_locale":"fr_FR","og_type":"article","og_title":"4F-PIHP online kopen - 4F-PIHP te koop | Rckopen","og_description":"4F-PIHP te koop tegen goedkope prijzen. Onze online RcKopen-winkel verkoopt wereldwijd 4F-PIHP. Bestel binnenkort om 4F-PIHP online te kopen.","og_url":"https:\/\/rckopen.com\/fr\/produit\/4f-pihp\/","og_site_name":"RC Kopen","article_modified_time":"2025-01-31T09:49:36+00:00","og_image":[{"width":600,"height":600,"url":"https:\/\/rckopen.com\/wp-content\/uploads\/2023\/08\/4f-Pihp-1.jpg","type":"image\/jpeg"}],"twitter_card":"summary_large_image","twitter_misc":{"Dur\u00e9e de lecture estim\u00e9e":"2 minutes"},"schema":{"@context":"https:\/\/schema.org","@graph":[{"@type":"WebPage","@id":"https:\/\/rckopen.com\/product\/4f-pihp\/","url":"https:\/\/rckopen.com\/product\/4f-pihp\/","name":"4F-PIHP online kopen - 4F-PIHP te koop | Rckopen","isPartOf":{"@id":"https:\/\/rckopen.com\/#website"},"primaryImageOfPage":{"@id":"https:\/\/rckopen.com\/product\/4f-pihp\/#primaryimage"},"image":{"@id":"https:\/\/rckopen.com\/product\/4f-pihp\/#primaryimage"},"thumbnailUrl":"https:\/\/rckopen.com\/wp-content\/uploads\/2023\/08\/4f-Pihp-1.jpg","datePublished":"2023-08-17T11:34:04+00:00","dateModified":"2025-01-31T09:49:36+00:00","description":"4F-PIHP te koop tegen goedkope prijzen. Onze online RcKopen-winkel verkoopt wereldwijd 4F-PIHP. Bestel binnenkort om 4F-PIHP online te kopen.","breadcrumb":{"@id":"https:\/\/rckopen.com\/product\/4f-pihp\/#breadcrumb"},"inLanguage":"fr-FR","potentialAction":[{"@type":"ReadAction","target":["https:\/\/rckopen.com\/product\/4f-pihp\/"]}]},{"@type":"ImageObject","inLanguage":"fr-FR","@id":"https:\/\/rckopen.com\/product\/4f-pihp\/#primaryimage","url":"https:\/\/rckopen.com\/wp-content\/uploads\/2023\/08\/4f-Pihp-1.jpg","contentUrl":"https:\/\/rckopen.com\/wp-content\/uploads\/2023\/08\/4f-Pihp-1.jpg","width":600,"height":600,"caption":"4f-Pihp online kopen"},{"@type":"BreadcrumbList","@id":"https:\/\/rckopen.com\/product\/4f-pihp\/#breadcrumb","itemListElement":[{"@type":"ListItem","position":1,"name":"Home","item":"https:\/\/rckopen.com\/"},{"@type":"ListItem","position":2,"name":"Shop","item":"https:\/\/rckopen.com\/shop\/"},{"@type":"ListItem","position":3,"name":"4F-PiHp online kopen"}]},{"@type":"WebSite","@id":"https:\/\/rckopen.com\/#website","url":"https:\/\/rckopen.com\/","name":"RC Kopen","description":"Research Chemicals","potentialAction":[{"@type":"SearchAction","target":{"@type":"EntryPoint","urlTemplate":"https:\/\/rckopen.com\/?s={search_term_string}"},"query-input":{"@type":"PropertyValueSpecification","valueRequired":true,"valueName":"search_term_string"}}],"inLanguage":"fr-FR"}]}},"_links":{"self":[{"href":"https:\/\/rckopen.com\/fr\/wp-json\/wp\/v2\/product\/6776","targetHints":{"allow":["GET"]}}],"collection":[{"href":"https:\/\/rckopen.com\/fr\/wp-json\/wp\/v2\/product"}],"about":[{"href":"https:\/\/rckopen.com\/fr\/wp-json\/wp\/v2\/types\/product"}],"replies":[{"embeddable":true,"href":"https:\/\/rckopen.com\/fr\/wp-json\/wp\/v2\/comments?post=6776"}],"wp:featuredmedia":[{"embeddable":true,"href":"https:\/\/rckopen.com\/fr\/wp-json\/wp\/v2\/media\/7659"}],"wp:attachment":[{"href":"https:\/\/rckopen.com\/fr\/wp-json\/wp\/v2\/media?parent=6776"}],"wp:term":[{"taxonomy":"product_brand","embeddable":true,"href":"https:\/\/rckopen.com\/fr\/wp-json\/wp\/v2\/product_brand?post=6776"},{"taxonomy":"product_cat","embeddable":true,"href":"https:\/\/rckopen.com\/fr\/wp-json\/wp\/v2\/product_cat?post=6776"},{"taxonomy":"product_tag","embeddable":true,"href":"https:\/\/rckopen.com\/fr\/wp-json\/wp\/v2\/product_tag?post=6776"}],"curies":[{"name":"wp","href":"https:\/\/api.w.org\/{rel}","templated":true}]}}