{"id":6778,"date":"2023-08-17T11:34:51","date_gmt":"2023-08-17T11:34:51","guid":{"rendered":"https:\/\/diligentplug.com\/chems\/?post_type=product&#038;p=6778"},"modified":"2025-01-31T05:00:26","modified_gmt":"2025-01-31T05:00:26","slug":"4-cl-pvp","status":"publish","type":"product","link":"https:\/\/rckopen.com\/fr\/produit\/4-cl-pvp\/","title":{"rendered":"Acheter 4-CL-PVP en ligne"},"content":{"rendered":"<h2>Qu'est-ce que le 4-CL-PVP ?<\/h2>\n<p><a href=\"https:\/\/rckopen.com\/fr\/produit\/4-cl-pvp\/\">Acheter 4-CL-PVP en ligne<\/a>, 4-CL-PVP (4-chloro-alpha-pyrrolidinovaleroph\u00e9none) est un produit chimique de recherche de la classe des pyrrolidinoph\u00e9nones. C'est \u00e9galement un analogue cristallin de l'a-PVP, ce qui signifie que les chercheurs ont d\u00e9couvert qu'il s'agissait d'une excellente alternative ! Le 4-CL-PVP produit ses effets stimulants car il est un inhibiteur de la recapture de la noradr\u00e9naline et de la dopamine. Des rapports anecdotiques ont indiqu\u00e9 que les participants pr\u00e9sentaient des effets d'\u00e9nergie \u00e9lev\u00e9e, de vigilance accrue et d'euphorie.<a href=\"https:\/\/chemswell.com\/product-category\/research-chemicals\/\">.<\/a><\/p>\n<h2>Acheter le cristal de 4-CL-PVP en ligne<\/h2>\n<p>Achetez le cristal 4-CL-PVP en ligne chez nous. Nous avons la meilleure qualit\u00e9 et puret\u00e9 de cristal 4-CL-PVP \u00e0 vendre en ligne avec une livraison garantie.<\/p>\n<h3>4-cl-pvp crystal for sale online ( Acheter 4-cl-pvp crystal online )<\/h3>\n<p><a href=\"https:\/\/en.wikipedia.org\/wiki\/4-Chloro-%CE%B1-pyrrolidinovalerophenone\">4-CL-PVP<\/a> cristal en vente en ligne, c'est une nouvelle recherche chimique et est class\u00e9 dans la famille des cathinones. Sur zanerpharma.com, vous pouvez acheter en ligne des cristaux de 4-CL-PVP, un produit chimique de recherche qui a un poids mol\u00e9culaire de 265,12 g\/mol et le num\u00e9ro CAS 902324-25-5. Notre boutique de produits chimiques en ligne vend du 4-CL-PVP avec une puret\u00e9 de composition de plus de 99,7 % et ach\u00e8te des cristaux de 4-CL-PVP en ligne. Achetez des cathinones et d'autres produits chimiques de recherche chez nous<a href=\"https:\/\/rckopen.com\/fr\/produit\/2-mmc\/ \u200e\/\">.<\/a><\/p>\n<h4>Acheter du cristal 4-Cl-PVP en ligne \u2013 Cristaux 4-Cl-PVP \u00e0 vendre<\/h4>\n<p>Le 4-CL-PVP est un nouveau produit chimique de recherche, class\u00e9 dans la famille des stimulants. La formule chimique du 4-CL-PVP est C15H20ClNO avec un nom IUPAC de 1-(4-chlorophenyl)-2-(pyrrolidin-1-yl)pentan-1-one 265.12 et une masse mol\u00e9culaire de 265.12. Le 4-CL-PVP \u00e9tant tr\u00e8s r\u00e9cent sur le march\u00e9, aucune donn\u00e9e de recherche n'est disponible.<\/p>\n<p><a href=\"https:\/\/rckopen.com\/fr\/\">RCKopen<\/a> propose des produits qui ne sont pas destin\u00e9s \u00e0 la consommation humaine. Si vous consommez ce produit (involontairement), cela peut avoir de graves cons\u00e9quences m\u00e9dicales.<\/p>","protected":false},"excerpt":{"rendered":"<p>Nom UICPA : 1-(4-chloroph\u00e9nyl)-2-(pyrrolidin-1-yl)pentan-1-one<\/p>\n<p>CAS # 902324-25-5<\/p>\n<p>Aspect : cristaux<\/p>\n<p>Analyse RMN : C15H20CINO<\/p>\n<p>Vous pouvez trouver la 4-CL-PVP dans notre gamme de produits chimiques de recherche. Il s'agit d'un produit chimique de recherche relativement nouveau, consid\u00e9r\u00e9 comme un substitut de l'a-PVP. La structure du RC est cristalline. Le m\u00e9dicament est \u00e9galement appel\u00e9 : 1-(4-chloroph\u00e9nyl)-2-(pyrrolidin-1-yl)pentan-1-one.<\/p>","protected":false},"featured_media":7660,"comment_status":"open","ping_status":"closed","template":"","meta":{"_joinchat":[]},"product_brand":[],"product_cat":[134],"product_tag":[],"class_list":{"0":"post-6778","1":"product","2":"type-product","3":"status-publish","4":"has-post-thumbnail","6":"product_cat-cathinon","8":"first","9":"instock","10":"shipping-taxable","11":"purchasable","12":"product-type-variable"},"yoast_head":"<!-- This site is optimized with the Yoast SEO plugin v26.3 - https:\/\/yoast.com\/wordpress\/plugins\/seo\/ -->\n<title>4-CL-PVP - 4-CL-PVP online te koop - 4-CL-PVP online kopen<\/title>\n<meta name=\"description\" content=\"RCKopen-winkel kunt u 4-CL-PVP tegen lage tarieven te koop krijgen. Wij werken alleen met A-kwaliteit producten. 4-CL-PVP nu online kopen in onze winkel.\" \/>\n<meta name=\"robots\" content=\"index, follow, max-snippet:-1, max-image-preview:large, max-video-preview:-1\" \/>\n<link rel=\"canonical\" href=\"https:\/\/rckopen.com\/fr\/produit\/4-cl-pvp\/\" \/>\n<meta property=\"og:locale\" content=\"fr_FR\" \/>\n<meta property=\"og:type\" content=\"article\" \/>\n<meta property=\"og:title\" content=\"4-CL-PVP - 4-CL-PVP online te koop - 4-CL-PVP online kopen\" \/>\n<meta property=\"og:description\" content=\"RCKopen-winkel kunt u 4-CL-PVP tegen lage tarieven te koop krijgen. Wij werken alleen met A-kwaliteit producten. 4-CL-PVP nu online kopen in onze winkel.\" \/>\n<meta property=\"og:url\" content=\"https:\/\/rckopen.com\/fr\/produit\/4-cl-pvp\/\" \/>\n<meta property=\"og:site_name\" content=\"RC Kopen\" \/>\n<meta property=\"article:modified_time\" content=\"2025-01-31T05:00:26+00:00\" \/>\n<meta property=\"og:image\" content=\"https:\/\/rckopen.com\/wp-content\/uploads\/2023\/08\/4-CL-PVP-1.jpg\" \/>\n\t<meta property=\"og:image:width\" content=\"600\" \/>\n\t<meta property=\"og:image:height\" content=\"600\" \/>\n\t<meta property=\"og:image:type\" content=\"image\/jpeg\" \/>\n<meta name=\"twitter:card\" content=\"summary_large_image\" \/>\n<meta name=\"twitter:label1\" content=\"Dur\u00e9e de lecture estim\u00e9e\" \/>\n\t<meta name=\"twitter:data1\" content=\"2 minutes\" \/>\n<script type=\"application\/ld+json\" class=\"yoast-schema-graph\">{\"@context\":\"https:\/\/schema.org\",\"@graph\":[{\"@type\":\"WebPage\",\"@id\":\"https:\/\/rckopen.com\/product\/4-cl-pvp\/\",\"url\":\"https:\/\/rckopen.com\/product\/4-cl-pvp\/\",\"name\":\"4-CL-PVP - 4-CL-PVP online te koop - 4-CL-PVP online kopen\",\"isPartOf\":{\"@id\":\"https:\/\/rckopen.com\/#website\"},\"primaryImageOfPage\":{\"@id\":\"https:\/\/rckopen.com\/product\/4-cl-pvp\/#primaryimage\"},\"image\":{\"@id\":\"https:\/\/rckopen.com\/product\/4-cl-pvp\/#primaryimage\"},\"thumbnailUrl\":\"https:\/\/rckopen.com\/wp-content\/uploads\/2023\/08\/4-CL-PVP-1.jpg\",\"datePublished\":\"2023-08-17T11:34:51+00:00\",\"dateModified\":\"2025-01-31T05:00:26+00:00\",\"description\":\"RCKopen-winkel kunt u 4-CL-PVP tegen lage tarieven te koop krijgen. Wij werken alleen met A-kwaliteit producten. 4-CL-PVP nu online kopen in onze winkel.\",\"breadcrumb\":{\"@id\":\"https:\/\/rckopen.com\/product\/4-cl-pvp\/#breadcrumb\"},\"inLanguage\":\"fr-FR\",\"potentialAction\":[{\"@type\":\"ReadAction\",\"target\":[\"https:\/\/rckopen.com\/product\/4-cl-pvp\/\"]}]},{\"@type\":\"ImageObject\",\"inLanguage\":\"fr-FR\",\"@id\":\"https:\/\/rckopen.com\/product\/4-cl-pvp\/#primaryimage\",\"url\":\"https:\/\/rckopen.com\/wp-content\/uploads\/2023\/08\/4-CL-PVP-1.jpg\",\"contentUrl\":\"https:\/\/rckopen.com\/wp-content\/uploads\/2023\/08\/4-CL-PVP-1.jpg\",\"width\":600,\"height\":600,\"caption\":\"4-CL-PVP online kopen\"},{\"@type\":\"BreadcrumbList\",\"@id\":\"https:\/\/rckopen.com\/product\/4-cl-pvp\/#breadcrumb\",\"itemListElement\":[{\"@type\":\"ListItem\",\"position\":1,\"name\":\"Home\",\"item\":\"https:\/\/rckopen.com\/\"},{\"@type\":\"ListItem\",\"position\":2,\"name\":\"Shop\",\"item\":\"https:\/\/rckopen.com\/shop\/\"},{\"@type\":\"ListItem\",\"position\":3,\"name\":\"4-CL-PVP online kopen\"}]},{\"@type\":\"WebSite\",\"@id\":\"https:\/\/rckopen.com\/#website\",\"url\":\"https:\/\/rckopen.com\/\",\"name\":\"RC Kopen\",\"description\":\"Research Chemicals\",\"potentialAction\":[{\"@type\":\"SearchAction\",\"target\":{\"@type\":\"EntryPoint\",\"urlTemplate\":\"https:\/\/rckopen.com\/?s={search_term_string}\"},\"query-input\":{\"@type\":\"PropertyValueSpecification\",\"valueRequired\":true,\"valueName\":\"search_term_string\"}}],\"inLanguage\":\"fr-FR\"}]}<\/script>\n<!-- \/ Yoast SEO plugin. -->","yoast_head_json":{"title":"4-CL-PVP - 4-CL-PVP online te koop - 4-CL-PVP online kopen","description":"RCKopen-winkel kunt u 4-CL-PVP tegen lage tarieven te koop krijgen. Wij werken alleen met A-kwaliteit producten. 4-CL-PVP nu online kopen in onze winkel.","robots":{"index":"index","follow":"follow","max-snippet":"max-snippet:-1","max-image-preview":"max-image-preview:large","max-video-preview":"max-video-preview:-1"},"canonical":"https:\/\/rckopen.com\/fr\/produit\/4-cl-pvp\/","og_locale":"fr_FR","og_type":"article","og_title":"4-CL-PVP - 4-CL-PVP online te koop - 4-CL-PVP online kopen","og_description":"RCKopen-winkel kunt u 4-CL-PVP tegen lage tarieven te koop krijgen. Wij werken alleen met A-kwaliteit producten. 4-CL-PVP nu online kopen in onze winkel.","og_url":"https:\/\/rckopen.com\/fr\/produit\/4-cl-pvp\/","og_site_name":"RC Kopen","article_modified_time":"2025-01-31T05:00:26+00:00","og_image":[{"width":600,"height":600,"url":"https:\/\/rckopen.com\/wp-content\/uploads\/2023\/08\/4-CL-PVP-1.jpg","type":"image\/jpeg"}],"twitter_card":"summary_large_image","twitter_misc":{"Dur\u00e9e de lecture estim\u00e9e":"2 minutes"},"schema":{"@context":"https:\/\/schema.org","@graph":[{"@type":"WebPage","@id":"https:\/\/rckopen.com\/product\/4-cl-pvp\/","url":"https:\/\/rckopen.com\/product\/4-cl-pvp\/","name":"4-CL-PVP - 4-CL-PVP online te koop - 4-CL-PVP online kopen","isPartOf":{"@id":"https:\/\/rckopen.com\/#website"},"primaryImageOfPage":{"@id":"https:\/\/rckopen.com\/product\/4-cl-pvp\/#primaryimage"},"image":{"@id":"https:\/\/rckopen.com\/product\/4-cl-pvp\/#primaryimage"},"thumbnailUrl":"https:\/\/rckopen.com\/wp-content\/uploads\/2023\/08\/4-CL-PVP-1.jpg","datePublished":"2023-08-17T11:34:51+00:00","dateModified":"2025-01-31T05:00:26+00:00","description":"RCKopen-winkel kunt u 4-CL-PVP tegen lage tarieven te koop krijgen. Wij werken alleen met A-kwaliteit producten. 4-CL-PVP nu online kopen in onze winkel.","breadcrumb":{"@id":"https:\/\/rckopen.com\/product\/4-cl-pvp\/#breadcrumb"},"inLanguage":"fr-FR","potentialAction":[{"@type":"ReadAction","target":["https:\/\/rckopen.com\/product\/4-cl-pvp\/"]}]},{"@type":"ImageObject","inLanguage":"fr-FR","@id":"https:\/\/rckopen.com\/product\/4-cl-pvp\/#primaryimage","url":"https:\/\/rckopen.com\/wp-content\/uploads\/2023\/08\/4-CL-PVP-1.jpg","contentUrl":"https:\/\/rckopen.com\/wp-content\/uploads\/2023\/08\/4-CL-PVP-1.jpg","width":600,"height":600,"caption":"4-CL-PVP online kopen"},{"@type":"BreadcrumbList","@id":"https:\/\/rckopen.com\/product\/4-cl-pvp\/#breadcrumb","itemListElement":[{"@type":"ListItem","position":1,"name":"Home","item":"https:\/\/rckopen.com\/"},{"@type":"ListItem","position":2,"name":"Shop","item":"https:\/\/rckopen.com\/shop\/"},{"@type":"ListItem","position":3,"name":"4-CL-PVP online kopen"}]},{"@type":"WebSite","@id":"https:\/\/rckopen.com\/#website","url":"https:\/\/rckopen.com\/","name":"RC Kopen","description":"Research Chemicals","potentialAction":[{"@type":"SearchAction","target":{"@type":"EntryPoint","urlTemplate":"https:\/\/rckopen.com\/?s={search_term_string}"},"query-input":{"@type":"PropertyValueSpecification","valueRequired":true,"valueName":"search_term_string"}}],"inLanguage":"fr-FR"}]}},"_links":{"self":[{"href":"https:\/\/rckopen.com\/fr\/wp-json\/wp\/v2\/product\/6778","targetHints":{"allow":["GET"]}}],"collection":[{"href":"https:\/\/rckopen.com\/fr\/wp-json\/wp\/v2\/product"}],"about":[{"href":"https:\/\/rckopen.com\/fr\/wp-json\/wp\/v2\/types\/product"}],"replies":[{"embeddable":true,"href":"https:\/\/rckopen.com\/fr\/wp-json\/wp\/v2\/comments?post=6778"}],"wp:featuredmedia":[{"embeddable":true,"href":"https:\/\/rckopen.com\/fr\/wp-json\/wp\/v2\/media\/7660"}],"wp:attachment":[{"href":"https:\/\/rckopen.com\/fr\/wp-json\/wp\/v2\/media?parent=6778"}],"wp:term":[{"taxonomy":"product_brand","embeddable":true,"href":"https:\/\/rckopen.com\/fr\/wp-json\/wp\/v2\/product_brand?post=6778"},{"taxonomy":"product_cat","embeddable":true,"href":"https:\/\/rckopen.com\/fr\/wp-json\/wp\/v2\/product_cat?post=6778"},{"taxonomy":"product_tag","embeddable":true,"href":"https:\/\/rckopen.com\/fr\/wp-json\/wp\/v2\/product_tag?post=6778"}],"curies":[{"name":"wp","href":"https:\/\/api.w.org\/{rel}","templated":true}]}}