{"id":6802,"date":"2023-08-17T12:12:47","date_gmt":"2023-08-17T12:12:47","guid":{"rendered":"https:\/\/diligentplug.com\/chems\/?post_type=product&#038;p=6802"},"modified":"2025-01-31T05:32:23","modified_gmt":"2025-01-31T05:32:23","slug":"koop-4-ho-met-2","status":"publish","type":"product","link":"https:\/\/rckopen.com\/fr\/produit\/acheter-4-ho-avec-2\/","title":{"rendered":"Achetez 4-HO-MPT en ligne"},"content":{"rendered":"<div data-content-type=\"row\" data-appearance=\"contained\" data-element=\"main\">\n<div data-enable-parallax=\"0\" data-parallax-speed=\"0.5\" data-background-images=\"{}\" data-background-type=\"image\" data-video-loop=\"true\" data-video-play-only-visible=\"true\" data-video-lazy-load=\"true\" data-video-fallback-src=\"\" data-element=\"inner\" data-pb-style=\"OI9WT2O\">\n<div data-content-type=\"text\" data-appearance=\"default\" data-element=\"main\">\n<h2>Uw one-stop-shop voor 4-HO-MPT online kopen<\/h2>\n<p>Est-ce que tu veux <a href=\"https:\/\/rckopen.com\/fr\/produit\/acheter-4-ho-avec-2\/\">Achetez 4-HO-MPT en ligne<\/a>? Vous \u00eates au bon endroit ! RCKopen offre une exp\u00e9rience d'achat transparente aux passionn\u00e9s de 4-HO-MPT du monde entier.<\/p>\n<h3>Pourquoi choisir RCKopen pour vos besoins en 4-HO-MPT ?<\/h3>\n<p>Chez RCKopen, nous comprenons l\u2019importance de la qualit\u00e9 et de la l\u00e9galit\u00e9 en mati\u00e8re de recherche chimique. C'est pourquoi nous nous effor\u00e7ons de ne <a href=\"https:\/\/en.wikipedia.org\/wiki\/4-HO-MPT\">4-HO-MPT<\/a> de la plus haute qualit\u00e9 \u00e0 vendre, afin que les chercheurs puissent mener leurs exp\u00e9riences en toute confiance et tranquillit\u00e9 d'esprit.<\/p>\n<h3>Commodit\u00e9 et fiabilit\u00e9<\/h3>\n<p>O\u00f9 acheter du 4-HO-MPT sans les tracas des ordonnances ou des probl\u00e8mes juridiques. Ne cherchez pas plus loin que <a href=\"https:\/\/rckopen.com\/fr\/\">Rckopen.com<\/a>. Notre site Web convivial facilite la commande de 4-HO-MPT en quelques clics, et notre exp\u00e9dition discr\u00e8te garantit que votre colis arrive en toute s\u00e9curit\u00e9.<\/p>\n<h3>L\u00e9galit\u00e9 et l\u00e9gitimit\u00e9<\/h3>\n<p>Vous pouvez \u00eatre assur\u00e9 qu'en achetant du 4-HO-MPT chez RCKopen, vous achetez aupr\u00e8s d'une source fiable. Nous op\u00e9rons en totale conformit\u00e9 avec toutes les lois et r\u00e9glementations en vigueur. Vous pouvez donc acheter en toute confiance, en sachant que votre achat provient d'une source l\u00e9gale et l\u00e9gitime.<\/p>\n<h3>Exp\u00e9dition internationale possible<\/h3>\n<p>Que vous soyez au Royaume-Uni ou \u00e0 l'\u00e9tranger, RCKopen propose la vente de 4-HO-MPT avec des options d'exp\u00e9dition dans le monde entier. O\u00f9 que vous soyez, vous pouvez acc\u00e9der \u00e0 notre boutique de 4-HO-MPT et vous faire livrer votre substance de recherche \u00e0 domicile.<\/p>\n<h3>Satisfaction du client garantie<\/h3>\n<p>Votre satisfaction est notre priorit\u00e9 absolue chez RCKopen. De notre processus de commande simple \u00e0 notre \u00e9quipe de service client\u00e8le r\u00e9active, nous nous engageons \u00e0 vous fournir la meilleure exp\u00e9rience possible \u00e0 chaque \u00e9tape.<\/p>\n<h3>Commencez votre voyage de recherche d\u00e8s aujourd'hui<\/h3>\n<p>Pr\u00eat \u00e0 acheter 4-HO-MPT et \u00e0 faire passer vos recherches au niveau sup\u00e9rieur ? Visitez RCKopen maintenant pour d\u00e9couvrir notre s\u00e9lection de produits chimiques de recherche de haute qualit\u00e9 et passez votre commande en toute confiance. Lib\u00e9rez le potentiel du 4-HO-MPT dans vos exp\u00e9riences d\u00e8s aujourd'hui\u00a0!<\/p>\n<h3>Des informations transparentes sur les produits<\/h3>\n<p>Chez RCKopen, nous croyons en la transparence. C'est pourquoi nous offrons des informations d\u00e9taill\u00e9es sur nos produits 4-HO-MPT, y compris les niveaux de puret\u00e9, les dosages recommand\u00e9s et les effets possibles. Avec nous, vous savez toujours exactement ce que vous obtenez.<\/p>\n<h3>Options de paiement s\u00e9curis\u00e9<\/h3>\n<p>Votre s\u00e9curit\u00e9 est notre priorit\u00e9. Lorsque vous commandez 4-HO-MPT chez RCKopen, vous pouvez choisir parmi une vari\u00e9t\u00e9 d'options de paiement s\u00e9curis\u00e9es afin de garantir la protection de votre transaction. Nous utilisons une technologie de cryptage pour prot\u00e9ger vos donn\u00e9es personnelles et financi\u00e8res, afin que vous puissiez acheter en toute tranquillit\u00e9.<\/p>\n<\/div>\n<\/div>\n<\/div>\n<div data-content-type=\"row\" data-appearance=\"contained\" data-element=\"main\">\n<div data-enable-parallax=\"0\" data-parallax-speed=\"0.5\" data-background-images=\"{}\" data-background-type=\"image\" data-video-loop=\"true\" data-video-play-only-visible=\"true\" data-video-lazy-load=\"true\" data-video-fallback-src=\"\" data-element=\"inner\" data-pb-style=\"X1KCBWS\">\n<div data-content-type=\"text\" data-appearance=\"default\" data-element=\"main\"><\/div>\n<\/div>\n<\/div>","protected":false},"excerpt":{"rendered":"<p>Uw one-stop-shop voor 4-HO-MPT online kopen Wilt u 4-HO-MPT online kopen? U bent bij ons aan het juiste adres! RCKopen biedt een naadloze aankoopervaring voor 4-HO-MPT-enthousiastelingen over de hele wereld. Waarom kiezen voor RCKopen voor uw 4-HO-MPT-behoeften? Bij RCKopen begrijpen we het belang van kwaliteit en legaliteit als het gaat<\/p>","protected":false},"featured_media":7664,"comment_status":"open","ping_status":"closed","template":"","meta":{"_joinchat":[]},"product_brand":[],"product_cat":[149],"product_tag":[],"class_list":{"0":"post-6802","1":"product","2":"type-product","3":"status-publish","4":"has-post-thumbnail","6":"product_cat-tryptaminen","8":"first","9":"instock","10":"shipping-taxable","11":"purchasable","12":"product-type-variable"},"yoast_head":"<!-- This site is optimized with the Yoast SEO plugin v26.3 - https:\/\/yoast.com\/wordpress\/plugins\/seo\/ -->\n<title>4-HO-MPT online kopen - 4-HO-MPT te koop | RC Kopen<\/title>\n<meta name=\"description\" content=\"4-HO-MPT online kopen Je kunt contact opnemen met onze RCKOPEN en 4-ho-mpt online bestellen. We hebben 4-ho-mpt te koop tegen goedkope prijzen.\" \/>\n<meta name=\"robots\" content=\"index, follow, max-snippet:-1, max-image-preview:large, max-video-preview:-1\" \/>\n<link rel=\"canonical\" href=\"https:\/\/rckopen.com\/fr\/produit\/acheter-4-ho-avec-2\/\" \/>\n<meta property=\"og:locale\" content=\"fr_FR\" \/>\n<meta property=\"og:type\" content=\"article\" \/>\n<meta property=\"og:title\" content=\"4-HO-MPT online kopen - 4-HO-MPT te koop | RC Kopen\" \/>\n<meta property=\"og:description\" content=\"4-HO-MPT online kopen Je kunt contact opnemen met onze RCKOPEN en 4-ho-mpt online bestellen. We hebben 4-ho-mpt te koop tegen goedkope prijzen.\" \/>\n<meta property=\"og:url\" content=\"https:\/\/rckopen.com\/fr\/produit\/acheter-4-ho-avec-2\/\" \/>\n<meta property=\"og:site_name\" content=\"RC Kopen\" \/>\n<meta property=\"article:modified_time\" content=\"2025-01-31T05:32:23+00:00\" \/>\n<meta property=\"og:image\" content=\"https:\/\/rckopen.com\/wp-content\/uploads\/2023\/08\/4-HO-MET-1.jpg\" \/>\n\t<meta property=\"og:image:width\" content=\"600\" \/>\n\t<meta property=\"og:image:height\" content=\"600\" \/>\n\t<meta property=\"og:image:type\" content=\"image\/jpeg\" \/>\n<meta name=\"twitter:card\" content=\"summary_large_image\" \/>\n<meta name=\"twitter:label1\" content=\"Dur\u00e9e de lecture estim\u00e9e\" \/>\n\t<meta name=\"twitter:data1\" content=\"2 minutes\" \/>\n<script type=\"application\/ld+json\" class=\"yoast-schema-graph\">{\"@context\":\"https:\/\/schema.org\",\"@graph\":[{\"@type\":\"WebPage\",\"@id\":\"https:\/\/rckopen.com\/product\/koop-4-ho-met-2\/\",\"url\":\"https:\/\/rckopen.com\/product\/koop-4-ho-met-2\/\",\"name\":\"4-HO-MPT online kopen - 4-HO-MPT te koop | RC Kopen\",\"isPartOf\":{\"@id\":\"https:\/\/rckopen.com\/#website\"},\"primaryImageOfPage\":{\"@id\":\"https:\/\/rckopen.com\/product\/koop-4-ho-met-2\/#primaryimage\"},\"image\":{\"@id\":\"https:\/\/rckopen.com\/product\/koop-4-ho-met-2\/#primaryimage\"},\"thumbnailUrl\":\"https:\/\/rckopen.com\/wp-content\/uploads\/2023\/08\/4-HO-MET-1.jpg\",\"datePublished\":\"2023-08-17T12:12:47+00:00\",\"dateModified\":\"2025-01-31T05:32:23+00:00\",\"description\":\"4-HO-MPT online kopen Je kunt contact opnemen met onze RCKOPEN en 4-ho-mpt online bestellen. We hebben 4-ho-mpt te koop tegen goedkope prijzen.\",\"breadcrumb\":{\"@id\":\"https:\/\/rckopen.com\/product\/koop-4-ho-met-2\/#breadcrumb\"},\"inLanguage\":\"fr-FR\",\"potentialAction\":[{\"@type\":\"ReadAction\",\"target\":[\"https:\/\/rckopen.com\/product\/koop-4-ho-met-2\/\"]}]},{\"@type\":\"ImageObject\",\"inLanguage\":\"fr-FR\",\"@id\":\"https:\/\/rckopen.com\/product\/koop-4-ho-met-2\/#primaryimage\",\"url\":\"https:\/\/rckopen.com\/wp-content\/uploads\/2023\/08\/4-HO-MET-1.jpg\",\"contentUrl\":\"https:\/\/rckopen.com\/wp-content\/uploads\/2023\/08\/4-HO-MET-1.jpg\",\"width\":600,\"height\":600,\"caption\":\"4-HO-MET online kopen\"},{\"@type\":\"BreadcrumbList\",\"@id\":\"https:\/\/rckopen.com\/product\/koop-4-ho-met-2\/#breadcrumb\",\"itemListElement\":[{\"@type\":\"ListItem\",\"position\":1,\"name\":\"Home\",\"item\":\"https:\/\/rckopen.com\/\"},{\"@type\":\"ListItem\",\"position\":2,\"name\":\"Shop\",\"item\":\"https:\/\/rckopen.com\/shop\/\"},{\"@type\":\"ListItem\",\"position\":3,\"name\":\"4-HO-MPT online kopen\"}]},{\"@type\":\"WebSite\",\"@id\":\"https:\/\/rckopen.com\/#website\",\"url\":\"https:\/\/rckopen.com\/\",\"name\":\"RC Kopen\",\"description\":\"Research Chemicals\",\"potentialAction\":[{\"@type\":\"SearchAction\",\"target\":{\"@type\":\"EntryPoint\",\"urlTemplate\":\"https:\/\/rckopen.com\/?s={search_term_string}\"},\"query-input\":{\"@type\":\"PropertyValueSpecification\",\"valueRequired\":true,\"valueName\":\"search_term_string\"}}],\"inLanguage\":\"fr-FR\"}]}<\/script>\n<!-- \/ Yoast SEO plugin. -->","yoast_head_json":{"title":"4-HO-MPT online kopen - 4-HO-MPT te koop | RC Kopen","description":"4-HO-MPT online kopen Je kunt contact opnemen met onze RCKOPEN en 4-ho-mpt online bestellen. We hebben 4-ho-mpt te koop tegen goedkope prijzen.","robots":{"index":"index","follow":"follow","max-snippet":"max-snippet:-1","max-image-preview":"max-image-preview:large","max-video-preview":"max-video-preview:-1"},"canonical":"https:\/\/rckopen.com\/fr\/produit\/acheter-4-ho-avec-2\/","og_locale":"fr_FR","og_type":"article","og_title":"4-HO-MPT online kopen - 4-HO-MPT te koop | RC Kopen","og_description":"4-HO-MPT online kopen Je kunt contact opnemen met onze RCKOPEN en 4-ho-mpt online bestellen. We hebben 4-ho-mpt te koop tegen goedkope prijzen.","og_url":"https:\/\/rckopen.com\/fr\/produit\/acheter-4-ho-avec-2\/","og_site_name":"RC Kopen","article_modified_time":"2025-01-31T05:32:23+00:00","og_image":[{"width":600,"height":600,"url":"https:\/\/rckopen.com\/wp-content\/uploads\/2023\/08\/4-HO-MET-1.jpg","type":"image\/jpeg"}],"twitter_card":"summary_large_image","twitter_misc":{"Dur\u00e9e de lecture estim\u00e9e":"2 minutes"},"schema":{"@context":"https:\/\/schema.org","@graph":[{"@type":"WebPage","@id":"https:\/\/rckopen.com\/product\/koop-4-ho-met-2\/","url":"https:\/\/rckopen.com\/product\/koop-4-ho-met-2\/","name":"4-HO-MPT online kopen - 4-HO-MPT te koop | RC Kopen","isPartOf":{"@id":"https:\/\/rckopen.com\/#website"},"primaryImageOfPage":{"@id":"https:\/\/rckopen.com\/product\/koop-4-ho-met-2\/#primaryimage"},"image":{"@id":"https:\/\/rckopen.com\/product\/koop-4-ho-met-2\/#primaryimage"},"thumbnailUrl":"https:\/\/rckopen.com\/wp-content\/uploads\/2023\/08\/4-HO-MET-1.jpg","datePublished":"2023-08-17T12:12:47+00:00","dateModified":"2025-01-31T05:32:23+00:00","description":"4-HO-MPT online kopen Je kunt contact opnemen met onze RCKOPEN en 4-ho-mpt online bestellen. We hebben 4-ho-mpt te koop tegen goedkope prijzen.","breadcrumb":{"@id":"https:\/\/rckopen.com\/product\/koop-4-ho-met-2\/#breadcrumb"},"inLanguage":"fr-FR","potentialAction":[{"@type":"ReadAction","target":["https:\/\/rckopen.com\/product\/koop-4-ho-met-2\/"]}]},{"@type":"ImageObject","inLanguage":"fr-FR","@id":"https:\/\/rckopen.com\/product\/koop-4-ho-met-2\/#primaryimage","url":"https:\/\/rckopen.com\/wp-content\/uploads\/2023\/08\/4-HO-MET-1.jpg","contentUrl":"https:\/\/rckopen.com\/wp-content\/uploads\/2023\/08\/4-HO-MET-1.jpg","width":600,"height":600,"caption":"4-HO-MET online kopen"},{"@type":"BreadcrumbList","@id":"https:\/\/rckopen.com\/product\/koop-4-ho-met-2\/#breadcrumb","itemListElement":[{"@type":"ListItem","position":1,"name":"Home","item":"https:\/\/rckopen.com\/"},{"@type":"ListItem","position":2,"name":"Shop","item":"https:\/\/rckopen.com\/shop\/"},{"@type":"ListItem","position":3,"name":"4-HO-MPT online kopen"}]},{"@type":"WebSite","@id":"https:\/\/rckopen.com\/#website","url":"https:\/\/rckopen.com\/","name":"RC Kopen","description":"Research Chemicals","potentialAction":[{"@type":"SearchAction","target":{"@type":"EntryPoint","urlTemplate":"https:\/\/rckopen.com\/?s={search_term_string}"},"query-input":{"@type":"PropertyValueSpecification","valueRequired":true,"valueName":"search_term_string"}}],"inLanguage":"fr-FR"}]}},"_links":{"self":[{"href":"https:\/\/rckopen.com\/fr\/wp-json\/wp\/v2\/product\/6802","targetHints":{"allow":["GET"]}}],"collection":[{"href":"https:\/\/rckopen.com\/fr\/wp-json\/wp\/v2\/product"}],"about":[{"href":"https:\/\/rckopen.com\/fr\/wp-json\/wp\/v2\/types\/product"}],"replies":[{"embeddable":true,"href":"https:\/\/rckopen.com\/fr\/wp-json\/wp\/v2\/comments?post=6802"}],"wp:featuredmedia":[{"embeddable":true,"href":"https:\/\/rckopen.com\/fr\/wp-json\/wp\/v2\/media\/7664"}],"wp:attachment":[{"href":"https:\/\/rckopen.com\/fr\/wp-json\/wp\/v2\/media?parent=6802"}],"wp:term":[{"taxonomy":"product_brand","embeddable":true,"href":"https:\/\/rckopen.com\/fr\/wp-json\/wp\/v2\/product_brand?post=6802"},{"taxonomy":"product_cat","embeddable":true,"href":"https:\/\/rckopen.com\/fr\/wp-json\/wp\/v2\/product_cat?post=6802"},{"taxonomy":"product_tag","embeddable":true,"href":"https:\/\/rckopen.com\/fr\/wp-json\/wp\/v2\/product_tag?post=6802"}],"curies":[{"name":"wp","href":"https:\/\/api.w.org\/{rel}","templated":true}]}}