{"id":6993,"date":"2023-08-18T08:08:58","date_gmt":"2023-08-18T08:08:58","guid":{"rendered":"https:\/\/diligentplug.com\/chems\/?post_type=product&#038;p=6993"},"modified":"2025-02-07T07:28:11","modified_gmt":"2025-02-07T07:28:11","slug":"koop-4-ho-met","status":"publish","type":"product","link":"https:\/\/rckopen.com\/fr\/produit\/acheter-4-ho-avec-3\/","title":{"rendered":"Achetez 4-HO-MET en ligne"},"content":{"rendered":"<h2>Achetez 4-HO-MET en ligne<\/h2>\n<h2>Voordelen van het kopen van 4-HO-MET online kopen bij RCKopen<\/h2>\n<p>Vous cherchez <a href=\"https:\/\/rckopen.com\/fr\/produit\/acheter-4-ho-avec-3\/\">Achetez 4-HO-MET en ligne<\/a> de qualit\u00e9 sup\u00e9rieure ? Ne cherchez pas plus loin que RCKopen, votre destination ultime pour obtenir ce tissu recherch\u00e9. C'est pourquoi commander 4-HO-MET chez nous est un choix judicieux :<\/p>\n<h3>Large choix<\/h3>\n<p>Abeille <a href=\"https:\/\/rckopen.com\/fr\/\">RCKopen<\/a> nous proposons une large gamme de produits chimiques de recherche, notamment le 4-HO-MET, achetez en ligne afin que vous ayez acc\u00e8s aux produits dont vous avez besoin pour vos exp\u00e9riences et vos recherches.<\/p>\n<h3>Garantie de qualit\u00e9 sup\u00e9rieure<\/h3>\n<p>Quand tu <a href=\"https:\/\/en.wikipedia.org\/wiki\/4-HO-MET\">Achetez 4-HO-MET en ligne\u00a0<\/a> Lorsque vous achetez chez nous, vous pouvez \u00eatre assur\u00e9 que vous obtenez un produit de la plus haute qualit\u00e9. Nos mesures strictes de contr\u00f4le de qualit\u00e9 garantissent la puret\u00e9 et la puissance, r\u00e9pondant aux normes des chercheurs et des scientifiques du monde entier.<\/p>\n<h3>Conformit\u00e9 l\u00e9gale<\/h3>\n<p>Comprar en RCKopen significa comprar 4-HO-MET en l\u00ednea de forma legal. Cumplimos estrictamente con las normas y directrices, y garantizamos que todas las transacciones se realicen conforme a la ley.<\/p>\n<h3>Exp\u00e9dition s\u00fbre et discr\u00e8te<\/h3>\n<p>Votre confidentialit\u00e9 et votre s\u00e9curit\u00e9 sont nos principales priorit\u00e9s. Nous proposons des options d'exp\u00e9dition s\u00e9curis\u00e9es et discr\u00e8tes pour toutes les commandes, vous offrant ainsi une tranquillit\u00e9 d'esprit pendant le processus de livraison.<\/p>\n<h3>Processus de commande pratique<\/h3>\n<p>Avec notre site Web convivial, acheter Buy 4-HO-MET est simple et rapide. Parcourez simplement notre s\u00e9lection, ajoutez les produits souhait\u00e9s au panier et passez \u00e0 la caisse - c'est aussi simple que cela !<\/p>\n<h3>Livraison rapide<\/h3>\n<p>Nous comprenons l'importance d'une livraison rapide, c'est pourquoi nous nous effor\u00e7ons d'exp\u00e9dier les commandes rapidement. B\u00e9n\u00e9ficiez de d\u00e9lais de livraison rapides lorsque vous commandez Achetez 4-HO-MET chez RCKopen.<\/p>\n<h3>Une r\u00e9putation de confiance<\/h3>\n<p>RCKopen s'est forg\u00e9 une r\u00e9putation de fiabilit\u00e9 et de professionnalisme au sein de la communaut\u00e9 de recherche en chimie. De nombreux chercheurs et scientifiques comptent sur nous pour leurs besoins en approvisionnement en produits chimiques.<\/p>\n<h3>Excellent service client<\/h3>\n<p>Vous avez des questions ou besoin d'aide ? Notre \u00e9quipe de service client d\u00e9di\u00e9e est pr\u00eate \u00e0 vous aider. Contactez-nous \u00e0 tout moment pour une assistance rapide et utile concernant vos questions.<\/p>\n<h3>Disponibilit\u00e9 mondiale<\/h3>\n<p>Que vous soyez au Royaume-Uni ou n'importe o\u00f9 dans le monde, RCKopen vous permet d'acheter facilement du 4-HO-MET sans ordonnance. B\u00e9n\u00e9ficiez d'une commande et d'une livraison sans tracas, o\u00f9 que vous soyez.<\/p>\n<h3>Achetez 4-HO-MET en ligne en toute confiance<\/h3>\n<p>Ne vous contentez pas de produits chimiques de recherche de qualit\u00e9 inf\u00e9rieure \u2013 choisissez RCKopen pour acheter du 4-HO-MET de qualit\u00e9 sup\u00e9rieure et une exp\u00e9rience d\u2019achat fluide. Commandez maintenant et d\u00e9couvrez pourquoi les chercheurs nous font confiance pour tous leurs besoins chimiques. Pr\u00eat \u00e0 acheter 4-HO-MET ? Visitez RCKopen aujourd'hui !<\/p>","protected":false},"excerpt":{"rendered":"<h6>Nom IUPAC :<\/h6>\n<p>3-(2-(\u00e9thyl(m\u00e9thyl)amino)\u00e9thyl)-1H-indol-4-ol<\/p>","protected":false},"featured_media":6999,"comment_status":"open","ping_status":"closed","template":"","meta":{"_joinchat":[]},"product_brand":[],"product_cat":[149],"product_tag":[],"class_list":{"0":"post-6993","1":"product","2":"type-product","3":"status-publish","4":"has-post-thumbnail","6":"product_cat-tryptaminen","8":"first","9":"instock","10":"shipping-taxable","11":"purchasable","12":"product-type-variable"},"yoast_head":"<!-- This site is optimized with the Yoast SEO plugin v26.3 - https:\/\/yoast.com\/wordpress\/plugins\/seo\/ -->\n<title>4-HO-MET online kopen - 4-HO-MET te koop<\/title>\n<meta name=\"description\" content=\"4-HO-MET te koop is nu eenvoudig verkrijgbaar in onze online winkel. U kunt rechtstreeks verbinding maken met onze RC-koopwinkel en 4-HO-MET online kopen tegen de beste prijzen.\" \/>\n<meta name=\"robots\" content=\"index, follow, max-snippet:-1, max-image-preview:large, max-video-preview:-1\" \/>\n<link rel=\"canonical\" href=\"https:\/\/rckopen.com\/fr\/produit\/acheter-4-ho-avec-3\/\" \/>\n<meta property=\"og:locale\" content=\"fr_FR\" \/>\n<meta property=\"og:type\" content=\"article\" \/>\n<meta property=\"og:title\" content=\"4-HO-MET online kopen - 4-HO-MET te koop\" \/>\n<meta property=\"og:description\" content=\"4-HO-MET te koop is nu eenvoudig verkrijgbaar in onze online winkel. U kunt rechtstreeks verbinding maken met onze RC-koopwinkel en 4-HO-MET online kopen tegen de beste prijzen.\" \/>\n<meta property=\"og:url\" content=\"https:\/\/rckopen.com\/fr\/produit\/acheter-4-ho-avec-3\/\" \/>\n<meta property=\"og:site_name\" content=\"RC Kopen\" \/>\n<meta property=\"article:modified_time\" content=\"2025-02-07T07:28:11+00:00\" \/>\n<meta property=\"og:image\" content=\"https:\/\/rckopen.com\/wp-content\/uploads\/2023\/08\/4-HO-MET.jpg\" \/>\n\t<meta property=\"og:image:width\" content=\"600\" \/>\n\t<meta property=\"og:image:height\" content=\"600\" \/>\n\t<meta property=\"og:image:type\" content=\"image\/jpeg\" \/>\n<meta name=\"twitter:card\" content=\"summary_large_image\" \/>\n<meta name=\"twitter:label1\" content=\"Dur\u00e9e de lecture estim\u00e9e\" \/>\n\t<meta name=\"twitter:data1\" content=\"2 minutes\" \/>\n<script type=\"application\/ld+json\" class=\"yoast-schema-graph\">{\"@context\":\"https:\/\/schema.org\",\"@graph\":[{\"@type\":\"WebPage\",\"@id\":\"https:\/\/rckopen.com\/product\/koop-4-ho-met\/\",\"url\":\"https:\/\/rckopen.com\/product\/koop-4-ho-met\/\",\"name\":\"4-HO-MET online kopen - 4-HO-MET te koop\",\"isPartOf\":{\"@id\":\"https:\/\/rckopen.com\/#website\"},\"primaryImageOfPage\":{\"@id\":\"https:\/\/rckopen.com\/product\/koop-4-ho-met\/#primaryimage\"},\"image\":{\"@id\":\"https:\/\/rckopen.com\/product\/koop-4-ho-met\/#primaryimage\"},\"thumbnailUrl\":\"https:\/\/rckopen.com\/wp-content\/uploads\/2023\/08\/4-HO-MET.jpg\",\"datePublished\":\"2023-08-18T08:08:58+00:00\",\"dateModified\":\"2025-02-07T07:28:11+00:00\",\"description\":\"4-HO-MET te koop is nu eenvoudig verkrijgbaar in onze online winkel. U kunt rechtstreeks verbinding maken met onze RC-koopwinkel en 4-HO-MET online kopen tegen de beste prijzen.\",\"breadcrumb\":{\"@id\":\"https:\/\/rckopen.com\/product\/koop-4-ho-met\/#breadcrumb\"},\"inLanguage\":\"fr-FR\",\"potentialAction\":[{\"@type\":\"ReadAction\",\"target\":[\"https:\/\/rckopen.com\/product\/koop-4-ho-met\/\"]}]},{\"@type\":\"ImageObject\",\"inLanguage\":\"fr-FR\",\"@id\":\"https:\/\/rckopen.com\/product\/koop-4-ho-met\/#primaryimage\",\"url\":\"https:\/\/rckopen.com\/wp-content\/uploads\/2023\/08\/4-HO-MET.jpg\",\"contentUrl\":\"https:\/\/rckopen.com\/wp-content\/uploads\/2023\/08\/4-HO-MET.jpg\",\"width\":600,\"height\":600,\"caption\":\"4-HO-MET online kopen\"},{\"@type\":\"BreadcrumbList\",\"@id\":\"https:\/\/rckopen.com\/product\/koop-4-ho-met\/#breadcrumb\",\"itemListElement\":[{\"@type\":\"ListItem\",\"position\":1,\"name\":\"Home\",\"item\":\"https:\/\/rckopen.com\/\"},{\"@type\":\"ListItem\",\"position\":2,\"name\":\"Shop\",\"item\":\"https:\/\/rckopen.com\/shop\/\"},{\"@type\":\"ListItem\",\"position\":3,\"name\":\"4-HO-MET online kopen\"}]},{\"@type\":\"WebSite\",\"@id\":\"https:\/\/rckopen.com\/#website\",\"url\":\"https:\/\/rckopen.com\/\",\"name\":\"RC Kopen\",\"description\":\"Research Chemicals\",\"potentialAction\":[{\"@type\":\"SearchAction\",\"target\":{\"@type\":\"EntryPoint\",\"urlTemplate\":\"https:\/\/rckopen.com\/?s={search_term_string}\"},\"query-input\":{\"@type\":\"PropertyValueSpecification\",\"valueRequired\":true,\"valueName\":\"search_term_string\"}}],\"inLanguage\":\"fr-FR\"}]}<\/script>\n<!-- \/ Yoast SEO plugin. -->","yoast_head_json":{"title":"4-HO-MET online kopen - 4-HO-MET te koop","description":"4-HO-MET te koop is nu eenvoudig verkrijgbaar in onze online winkel. U kunt rechtstreeks verbinding maken met onze RC-koopwinkel en 4-HO-MET online kopen tegen de beste prijzen.","robots":{"index":"index","follow":"follow","max-snippet":"max-snippet:-1","max-image-preview":"max-image-preview:large","max-video-preview":"max-video-preview:-1"},"canonical":"https:\/\/rckopen.com\/fr\/produit\/acheter-4-ho-avec-3\/","og_locale":"fr_FR","og_type":"article","og_title":"4-HO-MET online kopen - 4-HO-MET te koop","og_description":"4-HO-MET te koop is nu eenvoudig verkrijgbaar in onze online winkel. U kunt rechtstreeks verbinding maken met onze RC-koopwinkel en 4-HO-MET online kopen tegen de beste prijzen.","og_url":"https:\/\/rckopen.com\/fr\/produit\/acheter-4-ho-avec-3\/","og_site_name":"RC Kopen","article_modified_time":"2025-02-07T07:28:11+00:00","og_image":[{"width":600,"height":600,"url":"https:\/\/rckopen.com\/wp-content\/uploads\/2023\/08\/4-HO-MET.jpg","type":"image\/jpeg"}],"twitter_card":"summary_large_image","twitter_misc":{"Dur\u00e9e de lecture estim\u00e9e":"2 minutes"},"schema":{"@context":"https:\/\/schema.org","@graph":[{"@type":"WebPage","@id":"https:\/\/rckopen.com\/product\/koop-4-ho-met\/","url":"https:\/\/rckopen.com\/product\/koop-4-ho-met\/","name":"4-HO-MET online kopen - 4-HO-MET te koop","isPartOf":{"@id":"https:\/\/rckopen.com\/#website"},"primaryImageOfPage":{"@id":"https:\/\/rckopen.com\/product\/koop-4-ho-met\/#primaryimage"},"image":{"@id":"https:\/\/rckopen.com\/product\/koop-4-ho-met\/#primaryimage"},"thumbnailUrl":"https:\/\/rckopen.com\/wp-content\/uploads\/2023\/08\/4-HO-MET.jpg","datePublished":"2023-08-18T08:08:58+00:00","dateModified":"2025-02-07T07:28:11+00:00","description":"4-HO-MET te koop is nu eenvoudig verkrijgbaar in onze online winkel. U kunt rechtstreeks verbinding maken met onze RC-koopwinkel en 4-HO-MET online kopen tegen de beste prijzen.","breadcrumb":{"@id":"https:\/\/rckopen.com\/product\/koop-4-ho-met\/#breadcrumb"},"inLanguage":"fr-FR","potentialAction":[{"@type":"ReadAction","target":["https:\/\/rckopen.com\/product\/koop-4-ho-met\/"]}]},{"@type":"ImageObject","inLanguage":"fr-FR","@id":"https:\/\/rckopen.com\/product\/koop-4-ho-met\/#primaryimage","url":"https:\/\/rckopen.com\/wp-content\/uploads\/2023\/08\/4-HO-MET.jpg","contentUrl":"https:\/\/rckopen.com\/wp-content\/uploads\/2023\/08\/4-HO-MET.jpg","width":600,"height":600,"caption":"4-HO-MET online kopen"},{"@type":"BreadcrumbList","@id":"https:\/\/rckopen.com\/product\/koop-4-ho-met\/#breadcrumb","itemListElement":[{"@type":"ListItem","position":1,"name":"Home","item":"https:\/\/rckopen.com\/"},{"@type":"ListItem","position":2,"name":"Shop","item":"https:\/\/rckopen.com\/shop\/"},{"@type":"ListItem","position":3,"name":"4-HO-MET online kopen"}]},{"@type":"WebSite","@id":"https:\/\/rckopen.com\/#website","url":"https:\/\/rckopen.com\/","name":"RC Kopen","description":"Research Chemicals","potentialAction":[{"@type":"SearchAction","target":{"@type":"EntryPoint","urlTemplate":"https:\/\/rckopen.com\/?s={search_term_string}"},"query-input":{"@type":"PropertyValueSpecification","valueRequired":true,"valueName":"search_term_string"}}],"inLanguage":"fr-FR"}]}},"_links":{"self":[{"href":"https:\/\/rckopen.com\/fr\/wp-json\/wp\/v2\/product\/6993","targetHints":{"allow":["GET"]}}],"collection":[{"href":"https:\/\/rckopen.com\/fr\/wp-json\/wp\/v2\/product"}],"about":[{"href":"https:\/\/rckopen.com\/fr\/wp-json\/wp\/v2\/types\/product"}],"replies":[{"embeddable":true,"href":"https:\/\/rckopen.com\/fr\/wp-json\/wp\/v2\/comments?post=6993"}],"wp:featuredmedia":[{"embeddable":true,"href":"https:\/\/rckopen.com\/fr\/wp-json\/wp\/v2\/media\/6999"}],"wp:attachment":[{"href":"https:\/\/rckopen.com\/fr\/wp-json\/wp\/v2\/media?parent=6993"}],"wp:term":[{"taxonomy":"product_brand","embeddable":true,"href":"https:\/\/rckopen.com\/fr\/wp-json\/wp\/v2\/product_brand?post=6993"},{"taxonomy":"product_cat","embeddable":true,"href":"https:\/\/rckopen.com\/fr\/wp-json\/wp\/v2\/product_cat?post=6993"},{"taxonomy":"product_tag","embeddable":true,"href":"https:\/\/rckopen.com\/fr\/wp-json\/wp\/v2\/product_tag?post=6993"}],"curies":[{"name":"wp","href":"https:\/\/api.w.org\/{rel}","templated":true}]}}