{"id":8152,"date":"2024-04-15T16:42:14","date_gmt":"2024-04-15T16:42:14","guid":{"rendered":"https:\/\/rckopen.com\/?post_type=product&#038;p=8152"},"modified":"2025-02-04T04:23:08","modified_gmt":"2025-02-04T04:23:08","slug":"koop-caluanie-muelear-oxidize-online","status":"publish","type":"product","link":"https:\/\/rckopen.com\/fr\/produit\/koop-caluanie-muelear-oxidize-online\/","title":{"rendered":"Caluanie Muelear Oxidize acheter en ligne"},"content":{"rendered":"<h2 style=\"text-align: justify;\">Caluanie Muelear Oxidize acheter en ligne<\/h2>\n<p style=\"text-align: justify;\"><a href=\"https:\/\/rckopen.com\/fr\/produit\/koop-caluanie-muelear-oxidize-online\/\">Caluanie Muelear Oxidize acheter en ligne<\/a>, le produit chimique Caluanie est un liquide visqueux brun clair d\u00e9riv\u00e9 de la transmogrification d'une solution de palme brute. Le Caluanie brut est g\u00e9n\u00e9r\u00e9 \u00e0 99 % dans l'usine d'oxydation et de pasteurisation de Muelear et constitue un excellent produit chimique avec des applications potentielles dans le monde entier, principalement dans les industries de fabrication centralis\u00e9es de produits chimiques.<\/p>\n<p style=\"text-align: justify;\">La caluanie est largement utilis\u00e9e dans l'industrie chimique et de la peinture comme agent hygroscopique et est largement applicable dans les industries des rev\u00eatements, des peintures, des plastiques et des encres d'impression. Achetez des produits chimiques Caluanie 100 % purs aupr\u00e8s d'une source fiable. <a href=\"https:\/\/rckopen.com\/fr\/\">RCKopen<\/a><\/p>\n<p style=\"text-align: justify;\">La caluaine est un liquide visqueux brun\u00e2tre g\u00e9n\u00e9r\u00e9 par Muelear Oxidize. On l'appelle eau lourde car elle contient plus d'atomes d'hydrog\u00e8ne lourds que d'atomes d'hydrog\u00e8ne classiques. La caluaine Muelear Oxidize est con\u00e7ue pour dissoudre et br\u00fbler les oxydes m\u00e9talliques tout en \u00e9vitant les interactions avec d'autres produits chimiques.<\/p>\n<p style=\"text-align: justify;\">Ce liquide clair et incolore a \u00e9t\u00e9 test\u00e9 en laboratoire pour v\u00e9rifier que la manipulation manuelle n'a aucun effet n\u00e9gatif. Vous pouvez acheter de la caluaine dans notre boutique en toute confiance quant \u00e0 sa puret\u00e9 et sa s\u00e9curit\u00e9. Les achats en gros vous permettent de b\u00e9n\u00e9ficier d'\u00e9conomies importantes !<\/p>\n<p style=\"text-align: justify;\">Caluanie Muelear Oxidize est disponible pour plusieurs applications<\/p>\n<p style=\"text-align: justify;\">Dans le secteur industriel, les produits chimiques sont largement utilis\u00e9s pour une vari\u00e9t\u00e9 d\u2019applications. Caluaine Muelear <a href=\"https:\/\/en.wikipedia.org\/wiki\/Oxidizing_acid\">Oxidize<\/a> est un produit tr\u00e8s recherch\u00e9 dans les industries de transformation des m\u00e9taux et des produits chimiques. Les principales applications comprennent\u00a0:<\/p>\n<p style=\"text-align: justify;\">Traitement de quincaillerie m\u00e9tallique<br \/>\nD\u00e9tachage<br \/>\n\u00c9mulsifiant<br \/>\nRaffinage de pierres pr\u00e9cieuses et semi-pr\u00e9cieuses<br \/>\nBroyage chimique des m\u00e9taux<br \/>\n\u00c9liminer les substances que d\u2019autres produits chimiques ne peuvent pas \u00e9liminer<\/p>\n<p style=\"text-align: justify;\">Ce compos\u00e9 est accessible \u00e0 la fois pour une utilisation en laboratoire et pour une application industrielle. Caluanie Muelear Oxidize est en vente par les instituts scientifiques et les personnes sp\u00e9cialis\u00e9es dans les oxydants et l'eau lourde. \u00c9vitez toute mauvaise utilisation de ce produit car il peut provoquer un empoisonnement. Pour r\u00e9duire les risques, les travailleurs professionnels des industries doivent \u00eatre correctement form\u00e9s.<\/p>\n<p style=\"text-align: justify;\">Travailler avec ces compos\u00e9s n\u00e9cessite une compr\u00e9hension de base des exigences de s\u00e9curit\u00e9 pour la manipulation et le stockage des produits chimiques. Pour \u00e9viter l'ingestion ou le contact avec la peau, des v\u00eatements de protection doivent \u00eatre port\u00e9s. Nous faisons de notre mieux pour garantir que la qualit\u00e9 ne soit pas alt\u00e9r\u00e9e de notre c\u00f4t\u00e9, mais vous devez faire preuve de prudence lorsque vous utilisez ce produit.<\/p>\n<h2 style=\"text-align: justify;\">Wij bieden Caluanie Muelear Oxidize online kopen aan<\/h2>\n<p style=\"text-align: justify;\">Produit : Caluanie Muelear Oxidize (le Caluanie brut \u00e0 99 % est g\u00e9n\u00e9r\u00e9 \u00e0 partir de l'oxydation de Muelear), Caluanie (thermostat de partage oxydatif, eau lourde) :<\/p>\n<p style=\"text-align: justify;\">Ce produit est utilis\u00e9 pour le broyage et le traitement des m\u00e9taux pr\u00e9cieux et des pierres semi-pr\u00e9cieuses. Il est utilis\u00e9 pour le traitement des pierres pr\u00e9cieuses et semi-pr\u00e9cieuses, ainsi que pour le concassage des m\u00e9taux dans l'industrie chimique. Caluanie Mulear Oxide en ligne aux \u00c9tats-Unis.<\/p>\n<h3 style=\"text-align: justify;\">Qu'est-ce qui fait de nous le premier fabricant de Caluanie Muelear Oxidize ?<\/h3>\n<p style=\"text-align: justify;\">Le probl\u00e8me avec la plupart des produits chimiques d'aujourd'hui est qu'ils sont disponibles en concentrations diff\u00e9rentes. Compte tenu de la concurrence f\u00e9roce, la qualit\u00e9 est l'un des probl\u00e8mes les plus urgents. Les unit\u00e9s de production \u00e0 faible volume utilisent des strat\u00e9gies de r\u00e9duction des co\u00fbts pour maximiser les profits en vendant des produits de mauvaise qualit\u00e9. Caluanie Chemicals LTD n'en fait pas partie.<\/p>\n<p style=\"text-align: justify;\">En mati\u00e8re de qualit\u00e9 et de cr\u00e9ation de valeur, nous avons la passion d'aller au-del\u00e0 des attentes. Nous proposons du Caluanie Muelear Oxidize test\u00e9 en laboratoire \u00e0 des prix imbattables. De plus, nous nous engageons \u00e0 assurer la s\u00e9curit\u00e9 de nos clients et \u00e0 leur fournir des conseils appropri\u00e9s. Nos services peuvent \u00eatre adapt\u00e9s \u00e0 des besoins sp\u00e9cifiques et vous pouvez toujours nous contacter si vous avez des questions ou des commentaires.<\/p>\n<p style=\"text-align: justify;\">Packs disponibles : 5L et packs en vrac de 20L, 50L, 100L ou selon la demande de l'acheteur.<\/p>","protected":false},"excerpt":{"rendered":"<p>Produit : Caluanie Muelear Oxidize (le Caluanie brut \u00e0 99 % est g\u00e9n\u00e9r\u00e9 \u00e0 partir de l'oxydation de Muelear), Caluanie (thermostat de partage oxydatif, eau lourde) :<\/p>\n<p>Nous sommes une entreprise fournisseur fiable et obtenons un succ\u00e8s \u00e0 100 % dans tous les pays.<\/p>\n<p>L'eau lourde modifie les propri\u00e9t\u00e9s du m\u00e9tal, le rendant cassant. Mais lorsque l'eau lourde s'\u00e9vapore, le m\u00e9tal retrouve son \u00e9tat ant\u00e9rieur.<\/p>","protected":false},"featured_media":8159,"comment_status":"open","ping_status":"closed","template":"","meta":{"_joinchat":[]},"product_brand":[],"product_cat":[194],"product_tag":[],"class_list":{"0":"post-8152","1":"product","2":"type-product","3":"status-publish","4":"has-post-thumbnail","6":"product_cat-liquid-mercury","8":"first","9":"instock","10":"shipping-taxable","11":"purchasable","12":"product-type-variable"},"yoast_head":"<!-- This site is optimized with the Yoast SEO plugin v26.3 - https:\/\/yoast.com\/wordpress\/plugins\/seo\/ -->\n<title>Caluanie Muelear Oxidize online kopen @ Rckopen<\/title>\n<meta name=\"description\" content=\"caluanie muelear oxidize te koop is nu eenvoudig verkrijgbaar in onze online winkel. U kunt rechtstreeks verbinding maken met onze RC-koopwinkel en caluanie muelear oxidize online kopen tegen de beste prijzen.\" \/>\n<meta name=\"robots\" content=\"index, follow, max-snippet:-1, max-image-preview:large, max-video-preview:-1\" \/>\n<link rel=\"canonical\" href=\"https:\/\/rckopen.com\/fr\/produit\/koop-caluanie-muelear-oxidize-online\/\" \/>\n<meta property=\"og:locale\" content=\"fr_FR\" \/>\n<meta property=\"og:type\" content=\"article\" \/>\n<meta property=\"og:title\" content=\"Caluanie Muelear Oxidize online kopen @ Rckopen\" \/>\n<meta property=\"og:description\" content=\"caluanie muelear oxidize te koop is nu eenvoudig verkrijgbaar in onze online winkel. U kunt rechtstreeks verbinding maken met onze RC-koopwinkel en caluanie muelear oxidize online kopen tegen de beste prijzen.\" \/>\n<meta property=\"og:url\" content=\"https:\/\/rckopen.com\/fr\/produit\/koop-caluanie-muelear-oxidize-online\/\" \/>\n<meta property=\"og:site_name\" content=\"RC Kopen\" \/>\n<meta property=\"article:modified_time\" content=\"2025-02-04T04:23:08+00:00\" \/>\n<meta property=\"og:image\" content=\"https:\/\/rckopen.com\/wp-content\/uploads\/2024\/04\/caluanie-muelear-oxidize.jpg\" \/>\n\t<meta property=\"og:image:width\" content=\"600\" \/>\n\t<meta property=\"og:image:height\" content=\"600\" \/>\n\t<meta property=\"og:image:type\" content=\"image\/jpeg\" \/>\n<meta name=\"twitter:card\" content=\"summary_large_image\" \/>\n<meta name=\"twitter:label1\" content=\"Dur\u00e9e de lecture estim\u00e9e\" \/>\n\t<meta name=\"twitter:data1\" content=\"3 minutes\" \/>\n<script type=\"application\/ld+json\" class=\"yoast-schema-graph\">{\"@context\":\"https:\/\/schema.org\",\"@graph\":[{\"@type\":\"WebPage\",\"@id\":\"https:\/\/rckopen.com\/product\/koop-caluanie-muelear-oxidize-online\/\",\"url\":\"https:\/\/rckopen.com\/product\/koop-caluanie-muelear-oxidize-online\/\",\"name\":\"Caluanie Muelear Oxidize online kopen @ Rckopen\",\"isPartOf\":{\"@id\":\"https:\/\/rckopen.com\/#website\"},\"primaryImageOfPage\":{\"@id\":\"https:\/\/rckopen.com\/product\/koop-caluanie-muelear-oxidize-online\/#primaryimage\"},\"image\":{\"@id\":\"https:\/\/rckopen.com\/product\/koop-caluanie-muelear-oxidize-online\/#primaryimage\"},\"thumbnailUrl\":\"https:\/\/rckopen.com\/wp-content\/uploads\/2024\/04\/caluanie-muelear-oxidize.jpg\",\"datePublished\":\"2024-04-15T16:42:14+00:00\",\"dateModified\":\"2025-02-04T04:23:08+00:00\",\"description\":\"caluanie muelear oxidize te koop is nu eenvoudig verkrijgbaar in onze online winkel. U kunt rechtstreeks verbinding maken met onze RC-koopwinkel en caluanie muelear oxidize online kopen tegen de beste prijzen.\",\"breadcrumb\":{\"@id\":\"https:\/\/rckopen.com\/product\/koop-caluanie-muelear-oxidize-online\/#breadcrumb\"},\"inLanguage\":\"fr-FR\",\"potentialAction\":[{\"@type\":\"ReadAction\",\"target\":[\"https:\/\/rckopen.com\/product\/koop-caluanie-muelear-oxidize-online\/\"]}]},{\"@type\":\"ImageObject\",\"inLanguage\":\"fr-FR\",\"@id\":\"https:\/\/rckopen.com\/product\/koop-caluanie-muelear-oxidize-online\/#primaryimage\",\"url\":\"https:\/\/rckopen.com\/wp-content\/uploads\/2024\/04\/caluanie-muelear-oxidize.jpg\",\"contentUrl\":\"https:\/\/rckopen.com\/wp-content\/uploads\/2024\/04\/caluanie-muelear-oxidize.jpg\",\"width\":600,\"height\":600,\"caption\":\"Caluanie Muelear Oxidize online kopen\"},{\"@type\":\"BreadcrumbList\",\"@id\":\"https:\/\/rckopen.com\/product\/koop-caluanie-muelear-oxidize-online\/#breadcrumb\",\"itemListElement\":[{\"@type\":\"ListItem\",\"position\":1,\"name\":\"Home\",\"item\":\"https:\/\/rckopen.com\/\"},{\"@type\":\"ListItem\",\"position\":2,\"name\":\"Shop\",\"item\":\"https:\/\/rckopen.com\/shop\/\"},{\"@type\":\"ListItem\",\"position\":3,\"name\":\"Caluanie Muelear Oxidize online kopen\"}]},{\"@type\":\"WebSite\",\"@id\":\"https:\/\/rckopen.com\/#website\",\"url\":\"https:\/\/rckopen.com\/\",\"name\":\"RC Kopen\",\"description\":\"Research Chemicals\",\"potentialAction\":[{\"@type\":\"SearchAction\",\"target\":{\"@type\":\"EntryPoint\",\"urlTemplate\":\"https:\/\/rckopen.com\/?s={search_term_string}\"},\"query-input\":{\"@type\":\"PropertyValueSpecification\",\"valueRequired\":true,\"valueName\":\"search_term_string\"}}],\"inLanguage\":\"fr-FR\"}]}<\/script>\n<!-- \/ Yoast SEO plugin. -->","yoast_head_json":{"title":"Caluanie Muelear Oxidize online kopen @ Rckopen","description":"caluanie muelear oxidize te koop is nu eenvoudig verkrijgbaar in onze online winkel. U kunt rechtstreeks verbinding maken met onze RC-koopwinkel en caluanie muelear oxidize online kopen tegen de beste prijzen.","robots":{"index":"index","follow":"follow","max-snippet":"max-snippet:-1","max-image-preview":"max-image-preview:large","max-video-preview":"max-video-preview:-1"},"canonical":"https:\/\/rckopen.com\/fr\/produit\/koop-caluanie-muelear-oxidize-online\/","og_locale":"fr_FR","og_type":"article","og_title":"Caluanie Muelear Oxidize online kopen @ Rckopen","og_description":"caluanie muelear oxidize te koop is nu eenvoudig verkrijgbaar in onze online winkel. U kunt rechtstreeks verbinding maken met onze RC-koopwinkel en caluanie muelear oxidize online kopen tegen de beste prijzen.","og_url":"https:\/\/rckopen.com\/fr\/produit\/koop-caluanie-muelear-oxidize-online\/","og_site_name":"RC Kopen","article_modified_time":"2025-02-04T04:23:08+00:00","og_image":[{"width":600,"height":600,"url":"https:\/\/rckopen.com\/wp-content\/uploads\/2024\/04\/caluanie-muelear-oxidize.jpg","type":"image\/jpeg"}],"twitter_card":"summary_large_image","twitter_misc":{"Dur\u00e9e de lecture estim\u00e9e":"3 minutes"},"schema":{"@context":"https:\/\/schema.org","@graph":[{"@type":"WebPage","@id":"https:\/\/rckopen.com\/product\/koop-caluanie-muelear-oxidize-online\/","url":"https:\/\/rckopen.com\/product\/koop-caluanie-muelear-oxidize-online\/","name":"Caluanie Muelear Oxidize online kopen @ Rckopen","isPartOf":{"@id":"https:\/\/rckopen.com\/#website"},"primaryImageOfPage":{"@id":"https:\/\/rckopen.com\/product\/koop-caluanie-muelear-oxidize-online\/#primaryimage"},"image":{"@id":"https:\/\/rckopen.com\/product\/koop-caluanie-muelear-oxidize-online\/#primaryimage"},"thumbnailUrl":"https:\/\/rckopen.com\/wp-content\/uploads\/2024\/04\/caluanie-muelear-oxidize.jpg","datePublished":"2024-04-15T16:42:14+00:00","dateModified":"2025-02-04T04:23:08+00:00","description":"caluanie muelear oxidize te koop is nu eenvoudig verkrijgbaar in onze online winkel. U kunt rechtstreeks verbinding maken met onze RC-koopwinkel en caluanie muelear oxidize online kopen tegen de beste prijzen.","breadcrumb":{"@id":"https:\/\/rckopen.com\/product\/koop-caluanie-muelear-oxidize-online\/#breadcrumb"},"inLanguage":"fr-FR","potentialAction":[{"@type":"ReadAction","target":["https:\/\/rckopen.com\/product\/koop-caluanie-muelear-oxidize-online\/"]}]},{"@type":"ImageObject","inLanguage":"fr-FR","@id":"https:\/\/rckopen.com\/product\/koop-caluanie-muelear-oxidize-online\/#primaryimage","url":"https:\/\/rckopen.com\/wp-content\/uploads\/2024\/04\/caluanie-muelear-oxidize.jpg","contentUrl":"https:\/\/rckopen.com\/wp-content\/uploads\/2024\/04\/caluanie-muelear-oxidize.jpg","width":600,"height":600,"caption":"Caluanie Muelear Oxidize online kopen"},{"@type":"BreadcrumbList","@id":"https:\/\/rckopen.com\/product\/koop-caluanie-muelear-oxidize-online\/#breadcrumb","itemListElement":[{"@type":"ListItem","position":1,"name":"Home","item":"https:\/\/rckopen.com\/"},{"@type":"ListItem","position":2,"name":"Shop","item":"https:\/\/rckopen.com\/shop\/"},{"@type":"ListItem","position":3,"name":"Caluanie Muelear Oxidize online kopen"}]},{"@type":"WebSite","@id":"https:\/\/rckopen.com\/#website","url":"https:\/\/rckopen.com\/","name":"RC Kopen","description":"Research Chemicals","potentialAction":[{"@type":"SearchAction","target":{"@type":"EntryPoint","urlTemplate":"https:\/\/rckopen.com\/?s={search_term_string}"},"query-input":{"@type":"PropertyValueSpecification","valueRequired":true,"valueName":"search_term_string"}}],"inLanguage":"fr-FR"}]}},"_links":{"self":[{"href":"https:\/\/rckopen.com\/fr\/wp-json\/wp\/v2\/product\/8152","targetHints":{"allow":["GET"]}}],"collection":[{"href":"https:\/\/rckopen.com\/fr\/wp-json\/wp\/v2\/product"}],"about":[{"href":"https:\/\/rckopen.com\/fr\/wp-json\/wp\/v2\/types\/product"}],"replies":[{"embeddable":true,"href":"https:\/\/rckopen.com\/fr\/wp-json\/wp\/v2\/comments?post=8152"}],"wp:featuredmedia":[{"embeddable":true,"href":"https:\/\/rckopen.com\/fr\/wp-json\/wp\/v2\/media\/8159"}],"wp:attachment":[{"href":"https:\/\/rckopen.com\/fr\/wp-json\/wp\/v2\/media?parent=8152"}],"wp:term":[{"taxonomy":"product_brand","embeddable":true,"href":"https:\/\/rckopen.com\/fr\/wp-json\/wp\/v2\/product_brand?post=8152"},{"taxonomy":"product_cat","embeddable":true,"href":"https:\/\/rckopen.com\/fr\/wp-json\/wp\/v2\/product_cat?post=8152"},{"taxonomy":"product_tag","embeddable":true,"href":"https:\/\/rckopen.com\/fr\/wp-json\/wp\/v2\/product_tag?post=8152"}],"curies":[{"name":"wp","href":"https:\/\/api.w.org\/{rel}","templated":true}]}}