{"id":6228,"date":"2023-08-14T06:52:51","date_gmt":"2023-08-14T06:52:51","guid":{"rendered":"https:\/\/diligentplug.com\/chems\/?post_type=product&#038;p=6228"},"modified":"2025-01-31T08:50:37","modified_gmt":"2025-01-31T08:50:37","slug":"4f-mar","status":"publish","type":"product","link":"https:\/\/rckopen.com\/hu\/termek\/4f-mar\/","title":{"rendered":"4F-MAR V\u00e1s\u00e1roljon online"},"content":{"rendered":"<h2>4F-MAR POEDER INFORM\u00c1CI\u00d3 Online v\u00e1s\u00e1rl\u00e1s<\/h2>\n<p><a href=\"https:\/\/rckopen.com\/hu\/termek\/4f-mar\/\">4F-MAR elad\u00f3<\/a>, A 4F-MAR por, <em>4F<\/em>-Metilfenid\u00e1t. csak kutat\u00e1si c\u00e9lokra \u00e9rhet\u0151 el. Az RC Kopen mellett kieg\u00e9sz\u00edt\u0151ket is rendelhet kutat\u00e1saihoz, mint p\u00e9ld\u00e1ul: k\u00fcl\u00f6nb\u00f6z\u0151 m\u00e9ret\u0171 \u00fcres kapszul\u00e1k, m\u00e9rleg \u00e9s tasakz\u00e1rak <a href=\"https:\/\/rckopen.com\/hu\/\">RCKOpen.com<\/a><\/p>\n<h3>4F-MAR POR<a href=\"https:\/\/rckopen.com\/hu\/termek\/4-fma\/\">:<\/a><\/h3>\n<ul>\n<li>L\u00e9g\u00fati irrit\u00e1ci\u00f3t \u00e9s szemirrit\u00e1ci\u00f3t okozhat. Soha ne juttassa a k\u00f6rnyezetbe a kutat\u00e1si vegyszereket.<\/li>\n<\/ul>\n<h3>BIZTONS\u00c1GI AJ\u00c1NL\u00c1SOK 4F-MAR POR:<\/h3>\n<p>HA A SZEMBE KER\u00dcL: Szembe ker\u00fcl\u00e9s: Legal\u00e1bb 10-15 percig \u00f3vatosan \u00f6bl\u00edtse ki v\u00edzzel, sz\u00fcks\u00e9g eset\u00e9n t\u00e1vol\u00edtsa el a kontaktlencs\u00e9t. B\u0151rrel val\u00f3 \u00e9rintkez\u00e9s eset\u00e9n: \u00d6bl\u00edtse le v\u00edzzel, lehet\u0151s\u00e9g szerint szappannal is. Bel\u00e9gz\u00e9s eset\u00e9n: Friss leveg\u0151t sz\u00edvni \u00e9s olyan testhelyzetet felvenni, amely el\u0151seg\u00edti a l\u00e9gz\u00e9st.<\/p>\n<ul>\n<li>Of <a href=\"https:\/\/en.wikipedia.org\/wiki\/4%27-Fluoro-4-methylaminorex\">4F-MAR<\/a> Ne tegye ki a port h\u0151forr\u00e1soknak. T\u00e1rolja sz\u00e1raz helyen, szobah\u0151m\u00e9rs\u00e9kleten, \u00e9s j\u00f3 ed\u00e9nyben, gyermekekt\u0151l elz\u00e1rva t\u00e1rolja. A 4F-MAR por j\u00f3 stabilit\u00e1sa a fenti k\u00f6r\u00fclm\u00e9nyek k\u00f6z\u00f6tt ak\u00e1r 2 \u00e9vig is eltarthat<a href=\"https:\/\/en.wikipedia.org\/w\/index.php?search=4F-MAR+&amp;title=Special%3ASearch&amp;ns0=1\">.<\/a><\/li>\n<\/ul>\n<h4>Hol v\u00e1s\u00e1rolhatok 4F-MAR freebase-t?<\/h4>\n<p>A RareChems webhely\u00fcnkr\u0151l v\u00e1s\u00e1rolhat kutat\u00e1si vegyszereket, bele\u00e9rtve a 4F-MAR freebase-t is. Minden kutat\u00e1si vegyi anyagunkat tesztelj\u00fck \u00e9s elemezz\u00fck, miel\u0151tt elad\u00e1sra ker\u00fcln\u00e9nek. Ez az egyetlen m\u00f3dja annak, hogy r\u00f6gz\u00edtse a kiv\u00e1l\u00f3 min\u0151s\u00e9g\u0171 4F-MAR szabadb\u00e1zisunkat. Ha az eredm\u00e9nyekre vagy tov\u00e1bbi seg\u00edts\u00e9gre van sz\u00fcks\u00e9ge, k\u00e9rj\u00fck, ne habozzon kapcsolatba l\u00e9pni vel\u00fcnk. A 4F-MAR freebase csak por alakban kaphat\u00f3, de van n\u00e9h\u00e1ny egy\u00e9b kutat\u00e1si vegyszer\u00fcnk blotter \u00e9s pellet form\u00e1ban is elad\u00f3 4F-MAR.<\/p>","protected":false},"excerpt":{"rendered":"<p>IUPAC-n\u00e9v: 5-(4-fluorofenil)-4-metil-4,5-dihidrooxazol-2-amin<\/p>\n<p>Egy\u00e9b n\u00e9v: 4-Fluor-4-metilaminorex<\/p>","protected":false},"featured_media":6247,"comment_status":"open","ping_status":"closed","template":"","meta":{"_joinchat":[]},"product_brand":[],"product_cat":[127],"product_tag":[],"class_list":{"0":"post-6228","1":"product","2":"type-product","3":"status-publish","4":"has-post-thumbnail","6":"product_cat-amfetamine","8":"first","9":"instock","10":"shipping-taxable","11":"purchasable","12":"product-type-variable"},"yoast_head":"<!-- This site is optimized with the Yoast SEO plugin v26.3 - https:\/\/yoast.com\/wordpress\/plugins\/seo\/ -->\n<title>4F-MAR Online Kopen - 4F-MAR te koop - 4F-MAR kopen<\/title>\n<meta name=\"description\" content=\",Als u 4F-MAR online wilt kopen, kan onze online rc kopen-winkel u helpen. We hebben hier 4F-MAR te koop tegen de beste tarieven.\" \/>\n<meta name=\"robots\" content=\"index, follow, max-snippet:-1, max-image-preview:large, max-video-preview:-1\" \/>\n<link rel=\"canonical\" href=\"https:\/\/rckopen.com\/hu\/termek\/4f-mar\/\" \/>\n<meta property=\"og:locale\" content=\"hu_HU\" \/>\n<meta property=\"og:type\" content=\"article\" \/>\n<meta property=\"og:title\" content=\"4F-MAR Online Kopen - 4F-MAR te koop - 4F-MAR kopen\" \/>\n<meta property=\"og:description\" content=\",Als u 4F-MAR online wilt kopen, kan onze online rc kopen-winkel u helpen. We hebben hier 4F-MAR te koop tegen de beste tarieven.\" \/>\n<meta property=\"og:url\" content=\"https:\/\/rckopen.com\/hu\/termek\/4f-mar\/\" \/>\n<meta property=\"og:site_name\" content=\"RC Kopen\" \/>\n<meta property=\"article:modified_time\" content=\"2025-01-31T08:50:37+00:00\" \/>\n<meta property=\"og:image\" content=\"https:\/\/rckopen.com\/wp-content\/uploads\/2023\/08\/4f-mar.jpg\" \/>\n\t<meta property=\"og:image:width\" content=\"600\" \/>\n\t<meta property=\"og:image:height\" content=\"600\" \/>\n\t<meta property=\"og:image:type\" content=\"image\/jpeg\" \/>\n<meta name=\"twitter:card\" content=\"summary_large_image\" \/>\n<meta name=\"twitter:label1\" content=\"Becs\u00fclt olvas\u00e1si id\u0151\" \/>\n\t<meta name=\"twitter:data1\" content=\"2 perc\" \/>\n<script type=\"application\/ld+json\" class=\"yoast-schema-graph\">{\"@context\":\"https:\/\/schema.org\",\"@graph\":[{\"@type\":\"WebPage\",\"@id\":\"https:\/\/rckopen.com\/product\/4f-mar\/\",\"url\":\"https:\/\/rckopen.com\/product\/4f-mar\/\",\"name\":\"4F-MAR Online Kopen - 4F-MAR te koop - 4F-MAR kopen\",\"isPartOf\":{\"@id\":\"https:\/\/rckopen.com\/#website\"},\"primaryImageOfPage\":{\"@id\":\"https:\/\/rckopen.com\/product\/4f-mar\/#primaryimage\"},\"image\":{\"@id\":\"https:\/\/rckopen.com\/product\/4f-mar\/#primaryimage\"},\"thumbnailUrl\":\"https:\/\/rckopen.com\/wp-content\/uploads\/2023\/08\/4f-mar.jpg\",\"datePublished\":\"2023-08-14T06:52:51+00:00\",\"dateModified\":\"2025-01-31T08:50:37+00:00\",\"description\":\",Als u 4F-MAR online wilt kopen, kan onze online rc kopen-winkel u helpen. We hebben hier 4F-MAR te koop tegen de beste tarieven.\",\"breadcrumb\":{\"@id\":\"https:\/\/rckopen.com\/product\/4f-mar\/#breadcrumb\"},\"inLanguage\":\"hu\",\"potentialAction\":[{\"@type\":\"ReadAction\",\"target\":[\"https:\/\/rckopen.com\/product\/4f-mar\/\"]}]},{\"@type\":\"ImageObject\",\"inLanguage\":\"hu\",\"@id\":\"https:\/\/rckopen.com\/product\/4f-mar\/#primaryimage\",\"url\":\"https:\/\/rckopen.com\/wp-content\/uploads\/2023\/08\/4f-mar.jpg\",\"contentUrl\":\"https:\/\/rckopen.com\/wp-content\/uploads\/2023\/08\/4f-mar.jpg\",\"width\":600,\"height\":600,\"caption\":\"4F-MAR Online Kopen\"},{\"@type\":\"BreadcrumbList\",\"@id\":\"https:\/\/rckopen.com\/product\/4f-mar\/#breadcrumb\",\"itemListElement\":[{\"@type\":\"ListItem\",\"position\":1,\"name\":\"Home\",\"item\":\"https:\/\/rckopen.com\/\"},{\"@type\":\"ListItem\",\"position\":2,\"name\":\"Shop\",\"item\":\"https:\/\/rckopen.com\/shop\/\"},{\"@type\":\"ListItem\",\"position\":3,\"name\":\"4F-MAR Online Kopen\"}]},{\"@type\":\"WebSite\",\"@id\":\"https:\/\/rckopen.com\/#website\",\"url\":\"https:\/\/rckopen.com\/\",\"name\":\"RC Kopen\",\"description\":\"Research Chemicals\",\"potentialAction\":[{\"@type\":\"SearchAction\",\"target\":{\"@type\":\"EntryPoint\",\"urlTemplate\":\"https:\/\/rckopen.com\/?s={search_term_string}\"},\"query-input\":{\"@type\":\"PropertyValueSpecification\",\"valueRequired\":true,\"valueName\":\"search_term_string\"}}],\"inLanguage\":\"hu\"}]}<\/script>\n<!-- \/ Yoast SEO plugin. -->","yoast_head_json":{"title":"4F-MAR Online Kopen - 4F-MAR te koop - 4F-MAR kopen","description":",Als u 4F-MAR online wilt kopen, kan onze online rc kopen-winkel u helpen. We hebben hier 4F-MAR te koop tegen de beste tarieven.","robots":{"index":"index","follow":"follow","max-snippet":"max-snippet:-1","max-image-preview":"max-image-preview:large","max-video-preview":"max-video-preview:-1"},"canonical":"https:\/\/rckopen.com\/hu\/termek\/4f-mar\/","og_locale":"hu_HU","og_type":"article","og_title":"4F-MAR Online Kopen - 4F-MAR te koop - 4F-MAR kopen","og_description":",Als u 4F-MAR online wilt kopen, kan onze online rc kopen-winkel u helpen. We hebben hier 4F-MAR te koop tegen de beste tarieven.","og_url":"https:\/\/rckopen.com\/hu\/termek\/4f-mar\/","og_site_name":"RC Kopen","article_modified_time":"2025-01-31T08:50:37+00:00","og_image":[{"width":600,"height":600,"url":"https:\/\/rckopen.com\/wp-content\/uploads\/2023\/08\/4f-mar.jpg","type":"image\/jpeg"}],"twitter_card":"summary_large_image","twitter_misc":{"Becs\u00fclt olvas\u00e1si id\u0151":"2 perc"},"schema":{"@context":"https:\/\/schema.org","@graph":[{"@type":"WebPage","@id":"https:\/\/rckopen.com\/product\/4f-mar\/","url":"https:\/\/rckopen.com\/product\/4f-mar\/","name":"4F-MAR Online Kopen - 4F-MAR te koop - 4F-MAR kopen","isPartOf":{"@id":"https:\/\/rckopen.com\/#website"},"primaryImageOfPage":{"@id":"https:\/\/rckopen.com\/product\/4f-mar\/#primaryimage"},"image":{"@id":"https:\/\/rckopen.com\/product\/4f-mar\/#primaryimage"},"thumbnailUrl":"https:\/\/rckopen.com\/wp-content\/uploads\/2023\/08\/4f-mar.jpg","datePublished":"2023-08-14T06:52:51+00:00","dateModified":"2025-01-31T08:50:37+00:00","description":",Als u 4F-MAR online wilt kopen, kan onze online rc kopen-winkel u helpen. We hebben hier 4F-MAR te koop tegen de beste tarieven.","breadcrumb":{"@id":"https:\/\/rckopen.com\/product\/4f-mar\/#breadcrumb"},"inLanguage":"hu","potentialAction":[{"@type":"ReadAction","target":["https:\/\/rckopen.com\/product\/4f-mar\/"]}]},{"@type":"ImageObject","inLanguage":"hu","@id":"https:\/\/rckopen.com\/product\/4f-mar\/#primaryimage","url":"https:\/\/rckopen.com\/wp-content\/uploads\/2023\/08\/4f-mar.jpg","contentUrl":"https:\/\/rckopen.com\/wp-content\/uploads\/2023\/08\/4f-mar.jpg","width":600,"height":600,"caption":"4F-MAR Online Kopen"},{"@type":"BreadcrumbList","@id":"https:\/\/rckopen.com\/product\/4f-mar\/#breadcrumb","itemListElement":[{"@type":"ListItem","position":1,"name":"Home","item":"https:\/\/rckopen.com\/"},{"@type":"ListItem","position":2,"name":"Shop","item":"https:\/\/rckopen.com\/shop\/"},{"@type":"ListItem","position":3,"name":"4F-MAR Online Kopen"}]},{"@type":"WebSite","@id":"https:\/\/rckopen.com\/#website","url":"https:\/\/rckopen.com\/","name":"RC Kopen","description":"Research Chemicals","potentialAction":[{"@type":"SearchAction","target":{"@type":"EntryPoint","urlTemplate":"https:\/\/rckopen.com\/?s={search_term_string}"},"query-input":{"@type":"PropertyValueSpecification","valueRequired":true,"valueName":"search_term_string"}}],"inLanguage":"hu"}]}},"_links":{"self":[{"href":"https:\/\/rckopen.com\/hu\/wp-json\/wp\/v2\/product\/6228","targetHints":{"allow":["GET"]}}],"collection":[{"href":"https:\/\/rckopen.com\/hu\/wp-json\/wp\/v2\/product"}],"about":[{"href":"https:\/\/rckopen.com\/hu\/wp-json\/wp\/v2\/types\/product"}],"replies":[{"embeddable":true,"href":"https:\/\/rckopen.com\/hu\/wp-json\/wp\/v2\/comments?post=6228"}],"wp:featuredmedia":[{"embeddable":true,"href":"https:\/\/rckopen.com\/hu\/wp-json\/wp\/v2\/media\/6247"}],"wp:attachment":[{"href":"https:\/\/rckopen.com\/hu\/wp-json\/wp\/v2\/media?parent=6228"}],"wp:term":[{"taxonomy":"product_brand","embeddable":true,"href":"https:\/\/rckopen.com\/hu\/wp-json\/wp\/v2\/product_brand?post=6228"},{"taxonomy":"product_cat","embeddable":true,"href":"https:\/\/rckopen.com\/hu\/wp-json\/wp\/v2\/product_cat?post=6228"},{"taxonomy":"product_tag","embeddable":true,"href":"https:\/\/rckopen.com\/hu\/wp-json\/wp\/v2\/product_tag?post=6228"}],"curies":[{"name":"wp","href":"https:\/\/api.w.org\/{rel}","templated":true}]}}