{"id":6230,"date":"2023-08-14T07:12:58","date_gmt":"2023-08-14T07:12:58","guid":{"rendered":"https:\/\/diligentplug.com\/chems\/?post_type=product&#038;p=6230"},"modified":"2025-01-30T05:40:36","modified_gmt":"2025-01-30T05:40:36","slug":"3-mma-powder","status":"publish","type":"product","link":"https:\/\/rckopen.com\/hu\/termek\/3-mma-por\/","title":{"rendered":"V\u00e1s\u00e1roljon 3-MMA port online"},"content":{"rendered":"<h2>\u00c1ltal\u00e1nos inform\u00e1ci\u00f3k a 3-MMA por online v\u00e1s\u00e1rl\u00e1s\u00e1r\u00f3l<\/h2>\n<p><a href=\"https:\/\/rckopen.com\/hu\/termek\/3-mma-por\/\">V\u00e1s\u00e1roljon 3-MMA port online<\/a>, A 3-metoxi-4-metilamfetamin \u2013 3-MMA n\u00e9ven ismert \u2013 a katinonok oszt\u00e1ly\u00e1nak l\u00e9nyeges vegyi anyaga. A 3MMA \u2013 m\u00e1s n\u00e9ven \u201emetil-meszkalin\u201d \u2013 egy pszichedelikus vegyi anyag, amely amfetaminnak min\u0151s\u00fcl. K\u00e9miai szerkezete hasonl\u00edt a meszkalinra, amely egy figyelemre m\u00e9lt\u00f3, gyakori, nagyon keresett vegy\u00fclet, amely bizonyos t\u00fcsk\u00e9s n\u00f6v\u00e9nyekben tal\u00e1lhat\u00f3, \u00e9s \u00fagy gondolj\u00e1k, hogy az 5-HT2A receptor alt\u00edpust kedveli. Ez m\u00e1r nem lehets\u00e9ges, mert tilos a 3-MMC v\u00e1s\u00e1rl\u00e1sa. Cser\u00e9lje ki a 3-MMC-t? <a href=\"https:\/\/rckopen.com\/hu\/termek\/2-fma\/\">Akkor kattintson ide!<\/a><\/p>\n<p>Mindenesetre a konkr\u00e9t tev\u00e9kenys\u00e9grendszer csak r\u00e9szben figyelhet\u0151 meg. A 3MMA hat\u00e1sai kiv\u00e9telesek lehetnek, \u00e9s n\u00e9h\u00e1ny v\u00e1ltoz\u00f3t\u00f3l f\u00fcgghetnek, bele\u00e9rtve a m\u00e9r\u00e9seket, az egy\u00e9ni ellen\u00e1ll\u00e1st \u00e9s a term\u00e9szeti elemeket.<\/p>\n<h3>A 3-MMA por k\u00e9miai \u00f6sszet\u00e9tele.<\/h3>\n<p>A k\u00e9miai \u00f6sszet\u00e9tele <a href=\"https:\/\/en.wikipedia.org\/wiki\/3-Methoxymethamphetamine\">3-MMA (3-metil-metamfetamin) por<\/a> a C11H17N molekulak\u00e9plettel jellemezhet\u0151.<\/p>\n<p>Az egyes elemszimb\u00f3lumok ut\u00e1ni sz\u00e1mok az adott elem atomjainak sz\u00e1m\u00e1t jelzik a 3-MMA egy molekul\u00e1j\u00e1ban.<\/p>\n<p>Ez a k\u00e9miai szerkezet azt mutatja, hogy a 3-MMA 11 sz\u00e9natomb\u00f3l (C11), 17 hidrog\u00e9natomb\u00f3l (H17) \u00e9s egy nitrog\u00e9natomb\u00f3l (N) \u00e1ll.<\/p>\n<p>A 3-MMA (3-metilmetamfetamin) por k\u00e9mi\u00e1ja mag\u00e1ban foglalja a molekul\u00e1ris szerkezet\u00e9t \u00e9s tulajdons\u00e1gait. A 3-MMA-ra vonatkoz\u00f3 korl\u00e1tozott inform\u00e1ci\u00f3k miatt azonban, bele\u00e9rtve a k\u00e9miai tulajdons\u00e1gait \u00e9s a szint\u00e9zism\u00f3dszereket, kih\u00edv\u00e1st jelent a k\u00e9mia teljes meg\u00e9rt\u00e9se.<a href=\"https:\/\/en.wikipedia.org\/w\/index.php?search=3-MMA&amp;title=Special%3ASearch&amp;ns0=1\">.<\/a><\/p>\n<p>A neve alapj\u00e1n a 3-MMA val\u00f3sz\u00edn\u0171leg az amfetamin vegy\u00fcletcsoportba tartoz\u00f3 metamfetamin sz\u00e1rmaz\u00e9ka. A metamfetaminra jellemz\u0151, hogy a fenilgy\u0171r\u0171 3-as poz\u00edci\u00f3j\u00e1ban egy metilcsoporttal (CH3) rendelkez\u0151 aminocsoporthoz (NH2) kapcsol\u00f3d\u00f3 fenilgy\u0171r\u0171 tal\u00e1lhat\u00f3.<\/p>\n<h3>V\u00e1s\u00e1roljon kiv\u00e1l\u00f3 min\u0151s\u00e9g\u0171 3-MMA port online.<\/h3>\n<p><a href=\"https:\/\/rckopen.com\/hu\/\">RC V\u00c1S\u00c1RL\u00c1S<\/a> Az RC SHOP t\u00f6bb \u00e9ves ipari tapasztalattal rendelkezik a kutat\u00e1si vegyszerek tervez\u00e9se ter\u00e9n, ami lehet\u0151v\u00e9 teszi sz\u00e1munkra, hogy biztos\u00edtsuk e kutat\u00e1si vegyszerek legmagasabb min\u0151s\u00e9g\u00e9t. A 3-MMA por vegyszerek megv\u00e1s\u00e1rl\u00e1sa egyszer\u0171 \u00e9s kiv\u00e1l\u00f3 min\u0151s\u00e9g\u0171. A 3-MMA por k\u00f6lts\u00e9ge viszonylag alacsony m\u00e1s v\u00e1llalatokhoz k\u00e9pest.<\/p>\n<p>A kutat\u00e1si vegyi anyagok, bele\u00e9rtve a 3-MMA port is, megfelelnek minden biztons\u00e1gi k\u00f6vetelm\u00e9nynek. A kutat\u00e1si vegyszereket gondosan elosztj\u00e1k \u00e9s h\u0171v\u00f6s, sz\u00e1raz helyen t\u00e1rolj\u00e1k.<\/p>\n<p>Minden term\u00e9ket rendszeresen ellen\u0151riznek min\u0151s\u00e9g, tisztas\u00e1g \u00e9s biztons\u00e1g szempontj\u00e1b\u00f3l. A Buy 3-MMA por csak kutat\u00e1si c\u00e9lokra szolg\u00e1l.<\/p>\n<p>Term\u00e9keink tisztess\u00e9ges \u00e1rat k\u00edn\u00e1lnak, \u00e9s a 3-MMA port nagyon alacsony \u00e1ron v\u00e1s\u00e1rolhatja meg online.<\/p>\n<h3>Laborat\u00f3riumban tesztelt 3-MMA por \u00e9s eredm\u00e9nyek.<\/h3>\n<p>Meg\u00fajul\u00f3 el\u0151rel\u00e9p\u00e9st tesz \u00fcgyfelei \u00e1ltal\u00e1nos kiel\u00e9g\u00edt\u00e9se \u00e9rdek\u00e9ben. Sz\u00e1mos felm\u00e9r\u00e9s kimutatta, hogy az \u00fcgyfelek a szintetikus kutat\u00e1si vegyszerek v\u00e1s\u00e1rl\u00e1sa el\u0151tt a v\u00e1rtn\u00e1l t\u00f6bb adatot k\u00e9rnek. Ezenk\u00edv\u00fcl minden egyes kutat\u00e1si vegyi anyag \u00f6sszes laborat\u00f3riumi k\u00f6vetkezm\u00e9ny\u00e9t k\u00f6zz\u00e9tessz\u00fck egy PDF-nyilv\u00e1ntart\u00e1sban.<\/p>\n<p>3-MMA porunk k\u00f6vetkezetesen megfelel a hat\u00f3anyagoknak \u00e9s b\u00e1rki l\u00e1thatja elad\u00f3 3-MMA por.<\/p>\n<p>Minden egyes kutat\u00e1si vegyszer \u00f6sszes laborat\u00f3riumi k\u00f6vetkezm\u00e9ny\u00e9t PDF-dokumentumon terjesztj\u00fck.<\/p>\n<h3>Biztons\u00e1gos rendel\u00e9s a 3-MMA porban.<\/h3>\n<p>Az RC BUY diz\u00e1jner kutat\u00e1si vegyszerek kiv\u00e1l\u00f3 min\u0151s\u00e9g\u0171ek \u00e9s m\u00e9lt\u00e1nyos \u00e1raik vannak. Ez\u00e9rt garant\u00e1ljuk, hogy amikor kutat\u00e1si vegyszereit k\u00e9ri az RC SHOP-t\u00f3l, gyorsan \u00e9s biztons\u00e1gosan h\u00e1zhoz sz\u00e1ll\u00edtjuk k\u00e9r\u00e9s\u00e9t, mivel a kutat\u00e1si vegyszerek \u00e9rt\u00e9kes\u00edt\u00e9se mindig el\u00e9rhet\u0151 az RCKOPEN-t\u0151l.<\/p>\n<p>A szintetikus kutat\u00f3vegy\u00fcletek Bitcoinnal vagy banki \u00e1tutal\u00e1ssal t\u00f6rt\u00e9n\u0151 rendel\u00e9se egyszer\u0171 az RC BUY-n\u00e1l.<\/p>\n<p>A kutat\u00e1si vegyszereket m\u00e9g aznap kisz\u00e1ll\u00edtjuk, ha a fizet\u00e9s 15:00 CEST el\u0151tt be\u00e9rkezik.18 \u00e9ven aluliaknak nem sz\u00e1ll\u00edtunk term\u00e9keket!<\/p>\n<p>Az elad\u00f3 3-MMA por csak kutat\u00e1si c\u00e9lokra szolg\u00e1l.<\/p>\n<h3>A kutat\u00e1si vegyszerek diszkr\u00e9t sz\u00e1ll\u00edt\u00e1sa.<\/h3>\n<p>Az RC KOPEN biztons\u00e1gosan becsomagolja megrendel\u00e9s\u00e9t a megfelel\u0151 sz\u00e1ll\u00edt\u00e1s \u00e9rdek\u00e9ben. R\u00e1ad\u00e1sul t\u00f6k\u00e9letesen \u00e9szrev\u00e9tlen\u00fcl pakolunk, \u00e9s semmi sem l\u00e1tszik a k\u00edv\u00fclr\u0151l, ami benne lehet.<\/p>\n<p>Megjegyz\u00e9s: Az rckopen.com nem emberi fogyaszt\u00e1sra sz\u00e1nt term\u00e9keket k\u00edn\u00e1l. A term\u00e9k (sz\u00e1nd\u00e9kolatlan) fogyaszt\u00e1sa s\u00falyos eg\u00e9szs\u00e9g\u00fcgyi k\u00f6vetkezm\u00e9nyekkel j\u00e1rhat.<\/p>","protected":false},"excerpt":{"rendered":"<p>IUPAC-n\u00e9v:N-metil-1-(3-metilfenil)propan-2-amin<\/p>\n<p>CAS # 1419922-19-2<\/p>\n<p>Egy\u00e9b n\u00e9v: 3-metil-metamfetamin (3-Me-MA)<\/p>\n<p>Form\u00e1ja: Por<\/p>\n<p>NMR-elemz\u00e9s: N\/A<\/p>","protected":false},"featured_media":6252,"comment_status":"open","ping_status":"closed","template":"","meta":{"_joinchat":[]},"product_brand":[],"product_cat":[127],"product_tag":[],"class_list":{"0":"post-6230","1":"product","2":"type-product","3":"status-publish","4":"has-post-thumbnail","6":"product_cat-amfetamine","8":"first","9":"instock","10":"shipping-taxable","11":"purchasable","12":"product-type-variable"},"yoast_head":"<!-- This site is optimized with the Yoast SEO plugin v26.3 - https:\/\/yoast.com\/wordpress\/plugins\/seo\/ -->\n<title>3-MMA-poeder online kopen- 3-MMA-poeder online te koop<\/title>\n<meta name=\"description\" content=\"Als u 3-MMA-poeder online wilt kopen, heeft RCKopen een hoogwaardig 3-MMA-poeder te koop. Wij helpen u 3-MMA-poeder online te kopen tegen goedkope tarieven.\" \/>\n<meta name=\"robots\" content=\"index, follow, max-snippet:-1, max-image-preview:large, max-video-preview:-1\" \/>\n<link rel=\"canonical\" href=\"https:\/\/rckopen.com\/hu\/termek\/3-mma-por\/\" \/>\n<meta property=\"og:locale\" content=\"hu_HU\" \/>\n<meta property=\"og:type\" content=\"article\" \/>\n<meta property=\"og:title\" content=\"3-MMA-poeder online kopen- 3-MMA-poeder online te koop\" \/>\n<meta property=\"og:description\" content=\"Als u 3-MMA-poeder online wilt kopen, heeft RCKopen een hoogwaardig 3-MMA-poeder te koop. Wij helpen u 3-MMA-poeder online te kopen tegen goedkope tarieven.\" \/>\n<meta property=\"og:url\" content=\"https:\/\/rckopen.com\/hu\/termek\/3-mma-por\/\" \/>\n<meta property=\"og:site_name\" content=\"RC Kopen\" \/>\n<meta property=\"article:modified_time\" content=\"2025-01-30T05:40:36+00:00\" \/>\n<meta property=\"og:image\" content=\"https:\/\/rckopen.com\/wp-content\/uploads\/2023\/08\/dmc-Dimethocaine-freebase.jpg\" \/>\n\t<meta property=\"og:image:width\" content=\"600\" \/>\n\t<meta property=\"og:image:height\" content=\"600\" \/>\n\t<meta property=\"og:image:type\" content=\"image\/jpeg\" \/>\n<meta name=\"twitter:card\" content=\"summary_large_image\" \/>\n<meta name=\"twitter:label1\" content=\"Becs\u00fclt olvas\u00e1si id\u0151\" \/>\n\t<meta name=\"twitter:data1\" content=\"3 perc\" \/>\n<script type=\"application\/ld+json\" class=\"yoast-schema-graph\">{\"@context\":\"https:\/\/schema.org\",\"@graph\":[{\"@type\":\"WebPage\",\"@id\":\"https:\/\/rckopen.com\/product\/3-mma-powder\/\",\"url\":\"https:\/\/rckopen.com\/product\/3-mma-powder\/\",\"name\":\"3-MMA-poeder online kopen- 3-MMA-poeder online te koop\",\"isPartOf\":{\"@id\":\"https:\/\/rckopen.com\/#website\"},\"primaryImageOfPage\":{\"@id\":\"https:\/\/rckopen.com\/product\/3-mma-powder\/#primaryimage\"},\"image\":{\"@id\":\"https:\/\/rckopen.com\/product\/3-mma-powder\/#primaryimage\"},\"thumbnailUrl\":\"https:\/\/rckopen.com\/wp-content\/uploads\/2023\/08\/dmc-Dimethocaine-freebase.jpg\",\"datePublished\":\"2023-08-14T07:12:58+00:00\",\"dateModified\":\"2025-01-30T05:40:36+00:00\",\"description\":\"Als u 3-MMA-poeder online wilt kopen, heeft RCKopen een hoogwaardig 3-MMA-poeder te koop. Wij helpen u 3-MMA-poeder online te kopen tegen goedkope tarieven.\",\"breadcrumb\":{\"@id\":\"https:\/\/rckopen.com\/product\/3-mma-powder\/#breadcrumb\"},\"inLanguage\":\"hu\",\"potentialAction\":[{\"@type\":\"ReadAction\",\"target\":[\"https:\/\/rckopen.com\/product\/3-mma-powder\/\"]}]},{\"@type\":\"ImageObject\",\"inLanguage\":\"hu\",\"@id\":\"https:\/\/rckopen.com\/product\/3-mma-powder\/#primaryimage\",\"url\":\"https:\/\/rckopen.com\/wp-content\/uploads\/2023\/08\/dmc-Dimethocaine-freebase.jpg\",\"contentUrl\":\"https:\/\/rckopen.com\/wp-content\/uploads\/2023\/08\/dmc-Dimethocaine-freebase.jpg\",\"width\":600,\"height\":600,\"caption\":\"dmc-(Dimethocaine)-freebase online kopen\"},{\"@type\":\"BreadcrumbList\",\"@id\":\"https:\/\/rckopen.com\/product\/3-mma-powder\/#breadcrumb\",\"itemListElement\":[{\"@type\":\"ListItem\",\"position\":1,\"name\":\"Home\",\"item\":\"https:\/\/rckopen.com\/\"},{\"@type\":\"ListItem\",\"position\":2,\"name\":\"Shop\",\"item\":\"https:\/\/rckopen.com\/shop\/\"},{\"@type\":\"ListItem\",\"position\":3,\"name\":\"3-MMA powder online kopen\"}]},{\"@type\":\"WebSite\",\"@id\":\"https:\/\/rckopen.com\/#website\",\"url\":\"https:\/\/rckopen.com\/\",\"name\":\"RC Kopen\",\"description\":\"Research Chemicals\",\"potentialAction\":[{\"@type\":\"SearchAction\",\"target\":{\"@type\":\"EntryPoint\",\"urlTemplate\":\"https:\/\/rckopen.com\/?s={search_term_string}\"},\"query-input\":{\"@type\":\"PropertyValueSpecification\",\"valueRequired\":true,\"valueName\":\"search_term_string\"}}],\"inLanguage\":\"hu\"}]}<\/script>\n<!-- \/ Yoast SEO plugin. -->","yoast_head_json":{"title":"3-MMA-poeder online kopen- 3-MMA-poeder online te koop","description":"Als u 3-MMA-poeder online wilt kopen, heeft RCKopen een hoogwaardig 3-MMA-poeder te koop. Wij helpen u 3-MMA-poeder online te kopen tegen goedkope tarieven.","robots":{"index":"index","follow":"follow","max-snippet":"max-snippet:-1","max-image-preview":"max-image-preview:large","max-video-preview":"max-video-preview:-1"},"canonical":"https:\/\/rckopen.com\/hu\/termek\/3-mma-por\/","og_locale":"hu_HU","og_type":"article","og_title":"3-MMA-poeder online kopen- 3-MMA-poeder online te koop","og_description":"Als u 3-MMA-poeder online wilt kopen, heeft RCKopen een hoogwaardig 3-MMA-poeder te koop. Wij helpen u 3-MMA-poeder online te kopen tegen goedkope tarieven.","og_url":"https:\/\/rckopen.com\/hu\/termek\/3-mma-por\/","og_site_name":"RC Kopen","article_modified_time":"2025-01-30T05:40:36+00:00","og_image":[{"width":600,"height":600,"url":"https:\/\/rckopen.com\/wp-content\/uploads\/2023\/08\/dmc-Dimethocaine-freebase.jpg","type":"image\/jpeg"}],"twitter_card":"summary_large_image","twitter_misc":{"Becs\u00fclt olvas\u00e1si id\u0151":"3 perc"},"schema":{"@context":"https:\/\/schema.org","@graph":[{"@type":"WebPage","@id":"https:\/\/rckopen.com\/product\/3-mma-powder\/","url":"https:\/\/rckopen.com\/product\/3-mma-powder\/","name":"3-MMA-poeder online kopen- 3-MMA-poeder online te koop","isPartOf":{"@id":"https:\/\/rckopen.com\/#website"},"primaryImageOfPage":{"@id":"https:\/\/rckopen.com\/product\/3-mma-powder\/#primaryimage"},"image":{"@id":"https:\/\/rckopen.com\/product\/3-mma-powder\/#primaryimage"},"thumbnailUrl":"https:\/\/rckopen.com\/wp-content\/uploads\/2023\/08\/dmc-Dimethocaine-freebase.jpg","datePublished":"2023-08-14T07:12:58+00:00","dateModified":"2025-01-30T05:40:36+00:00","description":"Als u 3-MMA-poeder online wilt kopen, heeft RCKopen een hoogwaardig 3-MMA-poeder te koop. Wij helpen u 3-MMA-poeder online te kopen tegen goedkope tarieven.","breadcrumb":{"@id":"https:\/\/rckopen.com\/product\/3-mma-powder\/#breadcrumb"},"inLanguage":"hu","potentialAction":[{"@type":"ReadAction","target":["https:\/\/rckopen.com\/product\/3-mma-powder\/"]}]},{"@type":"ImageObject","inLanguage":"hu","@id":"https:\/\/rckopen.com\/product\/3-mma-powder\/#primaryimage","url":"https:\/\/rckopen.com\/wp-content\/uploads\/2023\/08\/dmc-Dimethocaine-freebase.jpg","contentUrl":"https:\/\/rckopen.com\/wp-content\/uploads\/2023\/08\/dmc-Dimethocaine-freebase.jpg","width":600,"height":600,"caption":"dmc-(Dimethocaine)-freebase online kopen"},{"@type":"BreadcrumbList","@id":"https:\/\/rckopen.com\/product\/3-mma-powder\/#breadcrumb","itemListElement":[{"@type":"ListItem","position":1,"name":"Home","item":"https:\/\/rckopen.com\/"},{"@type":"ListItem","position":2,"name":"Shop","item":"https:\/\/rckopen.com\/shop\/"},{"@type":"ListItem","position":3,"name":"3-MMA powder online kopen"}]},{"@type":"WebSite","@id":"https:\/\/rckopen.com\/#website","url":"https:\/\/rckopen.com\/","name":"RC Kopen","description":"Research Chemicals","potentialAction":[{"@type":"SearchAction","target":{"@type":"EntryPoint","urlTemplate":"https:\/\/rckopen.com\/?s={search_term_string}"},"query-input":{"@type":"PropertyValueSpecification","valueRequired":true,"valueName":"search_term_string"}}],"inLanguage":"hu"}]}},"_links":{"self":[{"href":"https:\/\/rckopen.com\/hu\/wp-json\/wp\/v2\/product\/6230","targetHints":{"allow":["GET"]}}],"collection":[{"href":"https:\/\/rckopen.com\/hu\/wp-json\/wp\/v2\/product"}],"about":[{"href":"https:\/\/rckopen.com\/hu\/wp-json\/wp\/v2\/types\/product"}],"replies":[{"embeddable":true,"href":"https:\/\/rckopen.com\/hu\/wp-json\/wp\/v2\/comments?post=6230"}],"wp:featuredmedia":[{"embeddable":true,"href":"https:\/\/rckopen.com\/hu\/wp-json\/wp\/v2\/media\/6252"}],"wp:attachment":[{"href":"https:\/\/rckopen.com\/hu\/wp-json\/wp\/v2\/media?parent=6230"}],"wp:term":[{"taxonomy":"product_brand","embeddable":true,"href":"https:\/\/rckopen.com\/hu\/wp-json\/wp\/v2\/product_brand?post=6230"},{"taxonomy":"product_cat","embeddable":true,"href":"https:\/\/rckopen.com\/hu\/wp-json\/wp\/v2\/product_cat?post=6230"},{"taxonomy":"product_tag","embeddable":true,"href":"https:\/\/rckopen.com\/hu\/wp-json\/wp\/v2\/product_tag?post=6230"}],"curies":[{"name":"wp","href":"https:\/\/api.w.org\/{rel}","templated":true}]}}