{"id":6231,"date":"2023-08-14T07:23:33","date_gmt":"2023-08-14T07:23:33","guid":{"rendered":"https:\/\/diligentplug.com\/chems\/?post_type=product&#038;p=6231"},"modified":"2025-02-04T05:46:50","modified_gmt":"2025-02-04T05:46:50","slug":"nm-2ai","status":"publish","type":"product","link":"https:\/\/rckopen.com\/hu\/termek\/nm-2ai\/","title":{"rendered":"V\u00e1s\u00e1roljon NM-2AI-t online"},"content":{"rendered":"<h1>\u00c1ltal\u00e1nos inform\u00e1ci\u00f3k a MEAI Crystal online v\u00e1s\u00e1rl\u00e1s\u00e1r\u00f3ls<\/h1>\n<p>V\u00e1s\u00e1rolja meg az NM-2AI-t online, a MEAI-t (5-metoxi-2-amino-ind\u00e1n) el\u0151sz\u00f6r az 1990-es \u00e9vekben szintetiz\u00e1lt\u00e1k \u00e9s fedezt\u00e9k fel.<\/p>\n<p>A MEAI Crystal, m\u00e1s n\u00e9ven 5-Methoxy-2-aminoind\u00e1n az aminoind\u00e1nok oszt\u00e1ly\u00e1ba tartoz\u00f3 k\u00e9miai vegy\u00fclet. Mint kutat\u00e1si vegyi anyagot, potenci\u00e1lis pszichoakt\u00edv hat\u00e1sai miatt tanulm\u00e1nyozt\u00e1k.<\/p>\n<p>A MEAI Crystal \u00e1ltal\u00e1ban krist\u00e1lyos form\u00e1ban tal\u00e1lhat\u00f3, \u00e9s \u00e1ltal\u00e1ban kutat\u00e1si vegyszerk\u00e9nt \u00e9rt\u00e9kes\u00edtik. Fontos megjegyezni, hogy a MEAI Crystal \u00e9s m\u00e1s hasonl\u00f3 vegy\u00fcletek pszichoakt\u00edv hat\u00e1s\u00faak lehetnek, de konkr\u00e9t hat\u00e1smechanizmusaik \u00e9s farmakol\u00f3giai tulajdons\u00e1gaik nem teljesen ismertek vagy j\u00f3l dokument\u00e1ltak.<\/p>\n<h2>A MEAI krist\u00e1ly k\u00e9miai \u00f6sszet\u00e9tele<\/h2>\n<p>A MEAI (5-metoxi-2-aminoind\u00e1n) krist\u00e1ly k\u00e9miai \u00f6sszet\u00e9tele a k\u00f6vetkez\u0151k\u00e9ppen \u00edrhat\u00f3 le: K\u00e9miai k\u00e9plet: C11H15NOMolekulat\u00f6meg: 177,24 g\/mol<\/p>\n<p>A MEAI Crystal 11 sz\u00e9natomb\u00f3l (C11), 15 hidrog\u00e9natomb\u00f3l (H15), egy nitrog\u00e9natomb\u00f3l (N) \u00e9s egy oxig\u00e9natomb\u00f3l (O) \u00e1ll\u00f3 vegy\u00fclet. Magszerkezete 2 aminoind\u00e1nb\u00f3l \u00e1ll, amelyhez az ind\u00e1ngy\u0171r\u0171 5. poz\u00edci\u00f3j\u00e1ban egy metoxicsoport (CH3O) kapcsol\u00f3dik. Az aminocsoport (NH2) az ind\u00e1ngy\u0171r\u0171 2. poz\u00edci\u00f3j\u00e1ban tal\u00e1lhat\u00f3.<\/p>\n<p>\u00c1ltal\u00e1ban a MEAI krist\u00e1ly k\u00e9miai \u00f6sszet\u00e9tele a C11H15NO k\u00e9miai k\u00e9plettel \u00e1br\u00e1zolhat\u00f3, amely a vegy\u00fcletben l\u00e9v\u0151 atomok meghat\u00e1rozott elrendez\u00e9s\u00e9t \u00e9s sz\u00e1m\u00e1t jelzi.<\/p>\n<h2>hoogwaardig MEAI-kristal online kopen.<\/h2>\n<p>RC SHOP hossz\u00fa ideje r\u00e9szt vesz a kutat\u00e1si vegyiparban, ami lehet\u0151v\u00e9 teszi sz\u00e1munkra, hogy garant\u00e1ljuk a legjobb kutat\u00e1si vegyszereket. A MEAI Crystal megv\u00e1s\u00e1rl\u00e1sa egyszer\u0171 \u00e9s kiv\u00e1l\u00f3 min\u0151s\u00e9g\u0171. A MEAI Crystal beszerz\u00e9se alacsonyabb, mint m\u00e1s szervezetek\u00e9.<\/p>\n<p>A kutat\u00e1si vegyi anyagok, bele\u00e9rtve a MEAI Crystal-t is, megfelelnek minden biztons\u00e1gi k\u00f6vetelm\u00e9nynek. A kutat\u00e1si vegyszereket gondosan elosztj\u00e1k \u00e9s kiv\u00e1l\u00f3, sz\u00e1raz helyen t\u00e1rolj\u00e1k.<\/p>\n<p>Minden term\u00e9ket k\u00f6vetkezetesen megvizsg\u00e1lunk a min\u0151s\u00e9g, a biztons\u00e1g \u00e9s a tisztas\u00e1g szempontj\u00e1b\u00f3l.<\/p>\n<p>A MEAI Crystal kiz\u00e1r\u00f3lag kutat\u00e1si c\u00e9lokat szolg\u00e1l. T\u00e9teleink tisztess\u00e9ges \u00e1ron vannak, \u00e9s MEAI Crystal kutat\u00e1si vegy\u00fcleteket v\u00e1s\u00e1rolhat online kiv\u00e9telesen szer\u00e9ny \u00e1ron.<\/p>\n<h3>Laborat\u00f3riumban tesztelt MEAI Crystal az eredm\u00e9nyekkel.<\/h3>\n<p>Meg\u00fajul\u00f3 el\u0151rel\u00e9p\u00e9st tesz \u00fcgyfelei \u00e1ltal\u00e1nos kiel\u00e9g\u00edt\u00e9se \u00e9rdek\u00e9ben. Sz\u00e1mos felm\u00e9r\u00e9s kimutatta, hogy az \u00fcgyfelek a szintetikus kutat\u00e1si vegyszerek v\u00e1s\u00e1rl\u00e1sa el\u0151tt a v\u00e1rtn\u00e1l t\u00f6bb adatot k\u00e9rnek. Ezenk\u00edv\u00fcl minden egyes kutat\u00e1si vegyi anyag \u00f6sszes laborat\u00f3riumi k\u00f6vetkezm\u00e9ny\u00e9t k\u00f6zz\u00e9tessz\u00fck egy PDF-nyilv\u00e1ntart\u00e1sban.<\/p>\n<p>A MEAI Crystal online k\u00f6vetkezetesen megfelel a hat\u00f3anyagoknak, \u00e9s mindenki sz\u00e1m\u00e1ra l\u00e1that\u00f3.<\/p>\n<p>Minden egyes kutat\u00e1si vegyszer \u00f6sszes laborat\u00f3riumi k\u00f6vetkezm\u00e9ny\u00e9t PDF-dokumentumon terjesztj\u00fck.<\/p>\n<h2>Rendelje meg a MEAI Crystal-t biztons\u00e1gosan online.<\/h2>\n<p>Az RC SHOP designer kutat\u00e1si vegyszerek kiv\u00e1l\u00f3 min\u0151s\u00e9g\u0171ek \u00e9s tisztess\u00e9ges \u00e1ron kaphat\u00f3k. Ez\u00e9rt, amikor az RC SHOP-t\u00f3l k\u00e9ri a kutat\u00e1si vegyszereket, garant\u00e1ljuk, hogy gyorsan \u00e9s biztons\u00e1gosan sz\u00e1ll\u00edtjuk h\u00e1zhoz a k\u00e9r\u00e9s\u00e9t, mivel a kutat\u00e1si vegyszerek \u00e9rt\u00e9kes\u00edt\u00e9se mindig el\u00e9rhet\u0151 az RC SHOP-n\u00e1l.<\/p>\n<p>A szintetikus kutat\u00e1si kapcsolatok k\u00e9r\u00e9se Bitcoin vagy banki \u00e1tutal\u00e1ssal egyszer\u0171 az RC SHOP-n\u00e1l.<\/p>\n<p>A kutat\u00e1si vegyszereket m\u00e9g aznap kisz\u00e1ll\u00edtjuk, ha a fizet\u00e9s 15:00 CEST el\u0151tt be\u00e9rkezik.18 \u00e9ven aluliaknak nem sz\u00e1ll\u00edtunk term\u00e9keket!<\/p>\n<h3>Az elad\u00f3 MEAI krist\u00e1ly kiz\u00e1r\u00f3lag kutat\u00e1si c\u00e9lokra szolg\u00e1l.<a href=\"https:\/\/rckopen.com\/hu\/termek\/nm-2ai\/\">.<\/a><\/h3>\n<p>A kutat\u00e1si vegyi anyagok diszkr\u00e9t sz\u00e1ll\u00edt\u00e1sa<a href=\"https:\/\/en.wikipedia.org\/w\/index.php?search=MEAI+Crystal&amp;title=Special%3ASearch&amp;ns0=1\">.<\/a><\/p>\n<p>RC SHOP \u5c06\u5b89\u5168\u53ef\u9760\u5730\u5305\u88c5\u60a8\u7684\u8ba2\u5355\uff0c\u4ee5\u786e\u4fdd\u6b63\u786e\u8fd0\u8f93\u3002\u6b64\u5916\uff0c\u6211\u4eec\u7684\u5305\u88c5\u975e\u5e38\u9690\u853d\uff0c\u5916\u9762\u770b\u4e0d\u5230\u91cc\u9762\u7684\u4e1c\u897f\u3002\u5728\u7ebf\u8d2d\u4e70 NM-2AI\u3002<\/p>\n<p>Megjegyz\u00e9s: Az rckopen.com nem emberi fogyaszt\u00e1sra sz\u00e1nt term\u00e9keket k\u00edn\u00e1l. A term\u00e9k (v\u00e9letlenszer\u0171) fogyaszt\u00e1sa s\u00falyos eg\u00e9szs\u00e9g\u00fcgyi k\u00f6vetkezm\u00e9nyekkel j\u00e1rhat.<\/p>\n<h2><span style=\"font-size: 1rem;\">.<\/span><\/h2>","protected":false},"excerpt":{"rendered":"<p>IUPAC-n\u00e9v: 5-Methoxy-2-indanamin<\/p>\n<p>CAS # 73305-09-6<\/p>\n<p>Megjelen\u00e9s: krist\u00e1lyok<\/p>\n<p>NMR-elemz\u00e9s: C10H13NO<\/p>","protected":false},"featured_media":6265,"comment_status":"open","ping_status":"closed","template":"","meta":{"_joinchat":[]},"product_brand":[],"product_cat":[127],"product_tag":[],"class_list":{"0":"post-6231","1":"product","2":"type-product","3":"status-publish","4":"has-post-thumbnail","6":"product_cat-amfetamine","8":"first","9":"instock","10":"shipping-taxable","11":"purchasable","12":"product-type-variable"},"yoast_head":"<!-- This site is optimized with the Yoast SEO plugin v26.3 - https:\/\/yoast.com\/wordpress\/plugins\/seo\/ -->\n<title>Koop NM-2AI online - NM-2AI te kopen | RC Kopen<\/title>\n<meta name=\"description\" content=\"Our online Rc Kopen heeft de beste kwaliteit NM-2AI te koop. Als je NM-2AI online wilt kopen, kunnen we je van alle kanten helpen. Bestel vandaag nog!\" \/>\n<meta name=\"robots\" content=\"index, follow, max-snippet:-1, max-image-preview:large, max-video-preview:-1\" \/>\n<link rel=\"canonical\" href=\"https:\/\/rckopen.com\/hu\/termek\/nm-2ai\/\" \/>\n<meta property=\"og:locale\" content=\"hu_HU\" \/>\n<meta property=\"og:type\" content=\"article\" \/>\n<meta property=\"og:title\" content=\"Koop NM-2AI online - NM-2AI te kopen | RC Kopen\" \/>\n<meta property=\"og:description\" content=\"Our online Rc Kopen heeft de beste kwaliteit NM-2AI te koop. Als je NM-2AI online wilt kopen, kunnen we je van alle kanten helpen. Bestel vandaag nog!\" \/>\n<meta property=\"og:url\" content=\"https:\/\/rckopen.com\/hu\/termek\/nm-2ai\/\" \/>\n<meta property=\"og:site_name\" content=\"RC Kopen\" \/>\n<meta property=\"article:modified_time\" content=\"2025-02-04T05:46:50+00:00\" \/>\n<meta property=\"og:image\" content=\"https:\/\/rckopen.com\/wp-content\/uploads\/2023\/08\/NM-2AI.jpg\" \/>\n\t<meta property=\"og:image:width\" content=\"600\" \/>\n\t<meta property=\"og:image:height\" content=\"600\" \/>\n\t<meta property=\"og:image:type\" content=\"image\/jpeg\" \/>\n<meta name=\"twitter:card\" content=\"summary_large_image\" \/>\n<meta name=\"twitter:label1\" content=\"Becs\u00fclt olvas\u00e1si id\u0151\" \/>\n\t<meta name=\"twitter:data1\" content=\"3 perc\" \/>\n<script type=\"application\/ld+json\" class=\"yoast-schema-graph\">{\"@context\":\"https:\/\/schema.org\",\"@graph\":[{\"@type\":\"WebPage\",\"@id\":\"https:\/\/rckopen.com\/product\/nm-2ai\/\",\"url\":\"https:\/\/rckopen.com\/product\/nm-2ai\/\",\"name\":\"Koop NM-2AI online - NM-2AI te kopen | RC Kopen\",\"isPartOf\":{\"@id\":\"https:\/\/rckopen.com\/#website\"},\"primaryImageOfPage\":{\"@id\":\"https:\/\/rckopen.com\/product\/nm-2ai\/#primaryimage\"},\"image\":{\"@id\":\"https:\/\/rckopen.com\/product\/nm-2ai\/#primaryimage\"},\"thumbnailUrl\":\"https:\/\/rckopen.com\/wp-content\/uploads\/2023\/08\/NM-2AI.jpg\",\"datePublished\":\"2023-08-14T07:23:33+00:00\",\"dateModified\":\"2025-02-04T05:46:50+00:00\",\"description\":\"Our online Rc Kopen heeft de beste kwaliteit NM-2AI te koop. Als je NM-2AI online wilt kopen, kunnen we je van alle kanten helpen. Bestel vandaag nog!\",\"breadcrumb\":{\"@id\":\"https:\/\/rckopen.com\/product\/nm-2ai\/#breadcrumb\"},\"inLanguage\":\"hu\",\"potentialAction\":[{\"@type\":\"ReadAction\",\"target\":[\"https:\/\/rckopen.com\/product\/nm-2ai\/\"]}]},{\"@type\":\"ImageObject\",\"inLanguage\":\"hu\",\"@id\":\"https:\/\/rckopen.com\/product\/nm-2ai\/#primaryimage\",\"url\":\"https:\/\/rckopen.com\/wp-content\/uploads\/2023\/08\/NM-2AI.jpg\",\"contentUrl\":\"https:\/\/rckopen.com\/wp-content\/uploads\/2023\/08\/NM-2AI.jpg\",\"width\":600,\"height\":600,\"caption\":\"NM-2AI online kopen\"},{\"@type\":\"BreadcrumbList\",\"@id\":\"https:\/\/rckopen.com\/product\/nm-2ai\/#breadcrumb\",\"itemListElement\":[{\"@type\":\"ListItem\",\"position\":1,\"name\":\"Home\",\"item\":\"https:\/\/rckopen.com\/\"},{\"@type\":\"ListItem\",\"position\":2,\"name\":\"Shop\",\"item\":\"https:\/\/rckopen.com\/shop\/\"},{\"@type\":\"ListItem\",\"position\":3,\"name\":\"NM-2AI online kopen\"}]},{\"@type\":\"WebSite\",\"@id\":\"https:\/\/rckopen.com\/#website\",\"url\":\"https:\/\/rckopen.com\/\",\"name\":\"RC Kopen\",\"description\":\"Research Chemicals\",\"potentialAction\":[{\"@type\":\"SearchAction\",\"target\":{\"@type\":\"EntryPoint\",\"urlTemplate\":\"https:\/\/rckopen.com\/?s={search_term_string}\"},\"query-input\":{\"@type\":\"PropertyValueSpecification\",\"valueRequired\":true,\"valueName\":\"search_term_string\"}}],\"inLanguage\":\"hu\"}]}<\/script>\n<!-- \/ Yoast SEO plugin. -->","yoast_head_json":{"title":"Koop NM-2AI online - NM-2AI te kopen | RC Kopen","description":"Our online Rc Kopen heeft de beste kwaliteit NM-2AI te koop. Als je NM-2AI online wilt kopen, kunnen we je van alle kanten helpen. Bestel vandaag nog!","robots":{"index":"index","follow":"follow","max-snippet":"max-snippet:-1","max-image-preview":"max-image-preview:large","max-video-preview":"max-video-preview:-1"},"canonical":"https:\/\/rckopen.com\/hu\/termek\/nm-2ai\/","og_locale":"hu_HU","og_type":"article","og_title":"Koop NM-2AI online - NM-2AI te kopen | RC Kopen","og_description":"Our online Rc Kopen heeft de beste kwaliteit NM-2AI te koop. Als je NM-2AI online wilt kopen, kunnen we je van alle kanten helpen. Bestel vandaag nog!","og_url":"https:\/\/rckopen.com\/hu\/termek\/nm-2ai\/","og_site_name":"RC Kopen","article_modified_time":"2025-02-04T05:46:50+00:00","og_image":[{"width":600,"height":600,"url":"https:\/\/rckopen.com\/wp-content\/uploads\/2023\/08\/NM-2AI.jpg","type":"image\/jpeg"}],"twitter_card":"summary_large_image","twitter_misc":{"Becs\u00fclt olvas\u00e1si id\u0151":"3 perc"},"schema":{"@context":"https:\/\/schema.org","@graph":[{"@type":"WebPage","@id":"https:\/\/rckopen.com\/product\/nm-2ai\/","url":"https:\/\/rckopen.com\/product\/nm-2ai\/","name":"Koop NM-2AI online - NM-2AI te kopen | RC Kopen","isPartOf":{"@id":"https:\/\/rckopen.com\/#website"},"primaryImageOfPage":{"@id":"https:\/\/rckopen.com\/product\/nm-2ai\/#primaryimage"},"image":{"@id":"https:\/\/rckopen.com\/product\/nm-2ai\/#primaryimage"},"thumbnailUrl":"https:\/\/rckopen.com\/wp-content\/uploads\/2023\/08\/NM-2AI.jpg","datePublished":"2023-08-14T07:23:33+00:00","dateModified":"2025-02-04T05:46:50+00:00","description":"Our online Rc Kopen heeft de beste kwaliteit NM-2AI te koop. Als je NM-2AI online wilt kopen, kunnen we je van alle kanten helpen. Bestel vandaag nog!","breadcrumb":{"@id":"https:\/\/rckopen.com\/product\/nm-2ai\/#breadcrumb"},"inLanguage":"hu","potentialAction":[{"@type":"ReadAction","target":["https:\/\/rckopen.com\/product\/nm-2ai\/"]}]},{"@type":"ImageObject","inLanguage":"hu","@id":"https:\/\/rckopen.com\/product\/nm-2ai\/#primaryimage","url":"https:\/\/rckopen.com\/wp-content\/uploads\/2023\/08\/NM-2AI.jpg","contentUrl":"https:\/\/rckopen.com\/wp-content\/uploads\/2023\/08\/NM-2AI.jpg","width":600,"height":600,"caption":"NM-2AI online kopen"},{"@type":"BreadcrumbList","@id":"https:\/\/rckopen.com\/product\/nm-2ai\/#breadcrumb","itemListElement":[{"@type":"ListItem","position":1,"name":"Home","item":"https:\/\/rckopen.com\/"},{"@type":"ListItem","position":2,"name":"Shop","item":"https:\/\/rckopen.com\/shop\/"},{"@type":"ListItem","position":3,"name":"NM-2AI online kopen"}]},{"@type":"WebSite","@id":"https:\/\/rckopen.com\/#website","url":"https:\/\/rckopen.com\/","name":"RC Kopen","description":"Research Chemicals","potentialAction":[{"@type":"SearchAction","target":{"@type":"EntryPoint","urlTemplate":"https:\/\/rckopen.com\/?s={search_term_string}"},"query-input":{"@type":"PropertyValueSpecification","valueRequired":true,"valueName":"search_term_string"}}],"inLanguage":"hu"}]}},"_links":{"self":[{"href":"https:\/\/rckopen.com\/hu\/wp-json\/wp\/v2\/product\/6231","targetHints":{"allow":["GET"]}}],"collection":[{"href":"https:\/\/rckopen.com\/hu\/wp-json\/wp\/v2\/product"}],"about":[{"href":"https:\/\/rckopen.com\/hu\/wp-json\/wp\/v2\/types\/product"}],"replies":[{"embeddable":true,"href":"https:\/\/rckopen.com\/hu\/wp-json\/wp\/v2\/comments?post=6231"}],"wp:featuredmedia":[{"embeddable":true,"href":"https:\/\/rckopen.com\/hu\/wp-json\/wp\/v2\/media\/6265"}],"wp:attachment":[{"href":"https:\/\/rckopen.com\/hu\/wp-json\/wp\/v2\/media?parent=6231"}],"wp:term":[{"taxonomy":"product_brand","embeddable":true,"href":"https:\/\/rckopen.com\/hu\/wp-json\/wp\/v2\/product_brand?post=6231"},{"taxonomy":"product_cat","embeddable":true,"href":"https:\/\/rckopen.com\/hu\/wp-json\/wp\/v2\/product_cat?post=6231"},{"taxonomy":"product_tag","embeddable":true,"href":"https:\/\/rckopen.com\/hu\/wp-json\/wp\/v2\/product_tag?post=6231"}],"curies":[{"name":"wp","href":"https:\/\/api.w.org\/{rel}","templated":true}]}}