{"id":6267,"date":"2023-08-14T08:42:00","date_gmt":"2023-08-14T08:42:00","guid":{"rendered":"https:\/\/diligentplug.com\/chems\/?post_type=product&#038;p=6267"},"modified":"2026-03-03T07:00:40","modified_gmt":"2026-03-03T07:00:40","slug":"2-fma","status":"publish","type":"product","link":"https:\/\/rckopen.com\/hu\/termek\/2-fma\/","title":{"rendered":"2-FMA V\u00e1s\u00e1rl\u00e1s online"},"content":{"rendered":"<h2 data-start=\"63\" data-end=\"131\"><strong data-start=\"63\" data-end=\"131\">2-FMA Online Kopen \u2013 Premium 2-Fluormethamfetamine voor Onderzoek<\/strong><\/h2>\n<h3 data-start=\"133\" data-end=\"617\"><strong data-start=\"133\" data-end=\"174\">Wat is 2-FMA (2-Fluormethamfetamine)?<\/strong><\/h3>\n<p data-start=\"133\" data-end=\"617\"><a href=\"https:\/\/rckopen.com\/hu\/\">2-FMA,<\/a> A 2-fluor-metamfetamin, vagy 2-fluor-metamfetamin, egy hat\u00e9kony kutat\u00e1si vegy\u00fclet, amely a szubsztitu\u00e1lt metamfetamin csal\u00e1dba tartozik. Stimul\u00e1ns tulajdons\u00e1gair\u00f3l ismert 2-FMA sz\u00e9les k\u00f6rben haszn\u00e1latos a tudom\u00e1nyos vizsg\u00e1latokban, egyedi profilja miatt, amely \u00f6tv\u00f6zi a kognit\u00edv javul\u00e1st a f\u00f3kusz\u00e1lt energi\u00e1val. N\u00e9pszer\u0171 v\u00e1laszt\u00e1s a kutat\u00f3k \u00e9s a k\u00e9mia szerelmesei k\u00f6r\u00e9ben, akik megb\u00edzhat\u00f3 \u00e9s konzisztens vegy\u00fcleteket keresnek.<\/p>\n<h3 data-start=\"619\" data-end=\"1025\"><strong data-start=\"619\" data-end=\"651\">\u00c1ltal\u00e1nos haszn\u00e1lat \u00e9s hat\u00e1sok<\/strong><\/h3>\n<p data-start=\"619\" data-end=\"1025\"><br data-start=\"651\" data-end=\"654\" \/>A 2-FMA-t gyakran haszn\u00e1lj\u00e1k kontroll\u00e1lt laborat\u00f3riumi k\u00f6r\u00fclm\u00e9nyek k\u00f6z\u00f6tt a neurok\u00e9mi\u00e1ra \u00e9s a kognit\u00edv funkci\u00f3kra gyakorolt \u200b\u200bhat\u00e1sainak tanulm\u00e1nyoz\u00e1s\u00e1ra. A felhaszn\u00e1l\u00f3k fokozott \u00e9bers\u00e9gr\u0151l, ment\u00e1lis tisztas\u00e1gr\u00f3l \u00e9s motiv\u00e1ci\u00f3r\u00f3l sz\u00e1molnak be, ami \u00e9rt\u00e9kess\u00e9 teszi a stimul\u00e1nsok farmakol\u00f3gi\u00e1j\u00e1val kapcsolatos kutat\u00e1sok sz\u00e1m\u00e1ra. Kiegyens\u00falyozott stimul\u00e1ns hat\u00e1sai miatt a 2-FMA kedvelt anyag a k\u00eds\u00e9rleti kutat\u00e1sokban.<\/p>\n<h3 data-start=\"1027\" data-end=\"1555\"><strong data-start=\"1027\" data-end=\"1057\">Mi\u00e9rt \u00e9rdemes online v\u00e1s\u00e1rolnom a 2-FMA-t?<\/strong><\/h3>\n<p data-start=\"1027\" data-end=\"1555\"><br data-start=\"1057\" data-end=\"1060\" \/>Het <a href=\"https:\/\/en.wikipedia.org\/wiki\/2-Fluoromethamphetamine\"><strong>v\u00e1s\u00e1roljon 2-FMA-t online<\/strong><\/a> p\u00e1ratlan k\u00e9nyelmet \u00e9s hozz\u00e1f\u00e9rhet\u0151s\u00e9get k\u00edn\u00e1l. Sz\u00e1mos online \u00e1rus k\u00edn\u00e1l k\u00fcl\u00f6nf\u00e9le adagol\u00e1si lehet\u0151s\u00e9geket, bele\u00e9rtve a tiszta port \u00e9s a tablett\u00e1kat. Az online v\u00e1s\u00e1rl\u00e1s gyakran versenyk\u00e9pes \u00e1rakat jelent, a komoly kutat\u00f3k sz\u00e1m\u00e1ra pedig nagy t\u00e9telben t\u00f6rt\u00e9n\u0151 v\u00e1s\u00e1rl\u00e1si kedvezm\u00e9nyeket. Ak\u00e1r kis mennyis\u00e9gre van sz\u00fcks\u00e9ge tesztel\u00e9shez, ak\u00e1r nagyobb mennyis\u00e9gre kiterjed\u0151 kutat\u00e1shoz, a 2-FMA online v\u00e1s\u00e1rl\u00e1sa biztos\u00edtja, hogy pontosan azt kapja, amire sz\u00fcks\u00e9ge van.<\/p>\n<h3 data-start=\"1557\" data-end=\"2056\"><strong data-start=\"1557\" data-end=\"1588\">A 2-FMA jogi st\u00e1tusza<\/strong><\/h3>\n<p data-start=\"1557\" data-end=\"2056\"><br data-start=\"1588\" data-end=\"1591\" \/>A 2-FMA jogi st\u00e1tusza orsz\u00e1gonk\u00e9nt v\u00e1ltozik, \u00e9s \u00f6sszetett lehet. A jogi bonyodalmak elker\u00fcl\u00e9se \u00e9rdek\u00e9ben elengedhetetlen a helyi szab\u00e1lyoz\u00e1sok ellen\u0151rz\u00e9se a v\u00e1s\u00e1rl\u00e1s el\u0151tt. Egyes orsz\u00e1gok a 2-FMA-t ellen\u0151rz\u00f6tt anyagk\u00e9nt oszt\u00e1lyozz\u00e1k, m\u00edg m\u00e1sok enged\u00e9lyezik a birtokl\u00e1s\u00e1t kutat\u00e1si c\u00e9lokra. Az orsz\u00e1g kutat\u00e1si vegyszerekkel kapcsolatos konkr\u00e9t t\u00f6rv\u00e9nyeinek ismerete elengedhetetlen a biztons\u00e1gos \u00e9s leg\u00e1lis v\u00e1s\u00e1rl\u00e1shoz.<\/p>\n<h3 data-start=\"2058\" data-end=\"2552\"><strong data-start=\"2058\" data-end=\"2111\">Hogyan azonos\u00edtsuk a megb\u00edzhat\u00f3 online elad\u00f3kat<\/strong><\/h3>\n<p data-start=\"2058\" data-end=\"2552\"><br data-start=\"2111\" data-end=\"2114\" \/>Wanneer je 2-FMA online koopt, kies dan altijd voor vertrouwde marktplaatsen en directe leveranciers met bewezen geloofwaardigheid. Zoek naar verkopers die certificaten van analyse (COA) of laboratoriumrapporten verstrekken ter bevestiging van de zuiverheid van het product. Klantbeoordelingen en feedback uit de community zijn waardevolle bronnen om gerenommeerde verkopers te identificeren en oplichters of namaakproducten te vermijden.<\/p>\n<h3 data-start=\"2554\" data-end=\"2931\"><strong data-start=\"2554\" data-end=\"2605\">Biztons\u00e1gi tippek a 2-FMA online v\u00e1s\u00e1rl\u00e1s\u00e1hoz<\/strong><\/h3>\n<p data-start=\"2554\" data-end=\"2931\"><br data-start=\"2605\" data-end=\"2608\" \/>P\u00e9nz\u00fcgyi adataid v\u00e9delme \u00e9rdek\u00e9ben biztons\u00e1gos fizet\u00e9si m\u00f3dokat, p\u00e9ld\u00e1ul kriptovalut\u00e1t \u00e9s hitelk\u00e1rty\u00e1t aj\u00e1nlunk. V\u00e1lassz olyan elad\u00f3kat, akik diszkr\u00e9t csomagol\u00e1st \u00e9s rejtett sz\u00e1ll\u00edt\u00e1st k\u00edn\u00e1lnak az adatv\u00e9delem meg\u0151rz\u00e9se \u00e9rdek\u00e9ben. Mindig v\u00e9dd a szem\u00e9lyes adataidat, \u00e9s l\u00e9gy \u00f3vatos, amikor online megosztasz adatokat.<\/p>\n<h3 data-start=\"2933\" data-end=\"3309\"><strong data-start=\"2933\" data-end=\"2969\">Adagol\u00e1s \u00e9s felhaszn\u00e1l\u00e1si szempontok<\/strong><\/h3>\n<p data-start=\"2933\" data-end=\"3309\"><br data-start=\"2969\" data-end=\"2972\" \/>A 2-FMA-t kiz\u00e1r\u00f3lag kutat\u00e1si c\u00e9lokra haszn\u00e1lja, \u00e9s szigor\u00faan tartsa be az aj\u00e1nlott adagol\u00e1st a biztons\u00e1g \u00e9s a hat\u00e9konys\u00e1g biztos\u00edt\u00e1sa \u00e9rdek\u00e9ben. Kezdje minim\u00e1lis mennyis\u00e9ggel, \u00e9s ker\u00fclje a t\u00faladagol\u00e1st az utas\u00edt\u00e1sok gondos betart\u00e1s\u00e1val. A 2-FMA-t h\u0171v\u00f6s, sz\u00e1raz \u00e9s s\u00f6t\u00e9t helyen t\u00e1rolja a hat\u00e9konys\u00e1g \u00e9s az eltarthat\u00f3s\u00e1g meg\u0151rz\u00e9se \u00e9rdek\u00e9ben.<\/p>\n<h3 data-start=\"3311\" data-end=\"3683\"><strong data-start=\"3311\" data-end=\"3367\">Veelvoorkomende Bijwerkingen en Voorzorgsmaatregelen<\/strong><\/h3>\n<p data-start=\"3311\" data-end=\"3683\"><br data-start=\"3367\" data-end=\"3370\" \/>B\u00e1r a 2-FMA els\u0151sorban kutat\u00e1si c\u00e9lra k\u00e9sz\u00fclt, tiszt\u00e1ban kell lennie a lehets\u00e9ges kock\u00e1zatokkal, mint p\u00e9ld\u00e1ul a megn\u00f6vekedett pulzussz\u00e1m, a szorong\u00e1s vagy az idegess\u00e9g, amelyekr\u0151l anekdotikus besz\u00e1mol\u00f3k is besz\u00e1moltak. Hagyja abba a haszn\u00e1lat\u00e1t, ha b\u00e1rmilyen mell\u00e9khat\u00e1st tapasztal, \u00e9s sz\u00fcks\u00e9g eset\u00e9n forduljon szakk\u00e9pzett eg\u00e9szs\u00e9g\u00fcgyi szakemberhez. A biztons\u00e1got r\u00e9szes\u00edtse el\u0151nyben, \u00e9s kezelje az anyagot felel\u0151ss\u00e9gteljesen.<\/p>\n<h3 data-start=\"3685\" data-end=\"4132\"><strong data-start=\"3685\" data-end=\"3698\">K\u00f6vetkeztet\u00e9s<\/strong><\/h3>\n<p data-start=\"3685\" data-end=\"4132\"><br data-start=\"3698\" data-end=\"3701\" \/>2-FMA-t keres online? Platformunk kiv\u00e1l\u00f3 min\u0151s\u00e9g\u0171, laborat\u00f3riumban tesztelt term\u00e9keket k\u00edn\u00e1l <strong>2-FMA elad\u00f3<\/strong> nagyszer\u0171 \u00e1ron, \u00edgy ez a legjobb hely <a href=\"https:\/\/rckopen.com\/hu\/termek\/2-fma\/\"><strong>2-FMA te kopen<\/strong><\/a> Kutat\u00e1si ig\u00e9nyeidhez. Ellen\u0151rz\u00f6tt elad\u00f3kkal, biztons\u00e1gos fizet\u00e9si lehet\u0151s\u00e9gekkel \u00e9s diszkr\u00e9t sz\u00e1ll\u00edt\u00e1ssal magabiztosan \u00e9s k\u00f6nnyed\u00e9n rendelhetsz. Fedezd fel a 2-fluor-metamfetamin teljes potenci\u00e1lj\u00e1t \u2013 rendeld meg 2-FMA-dat online m\u00e9g ma!<\/p>","protected":false},"excerpt":{"rendered":"<p><strong>IUPAC-n\u00e9v: <\/strong>2-fluor-N-(x-dimetil-benzol-et\u00e9n-amin<\/p>\n<p><strong>CAS # <\/strong>1780004-19-4<\/p>\n<p><strong>Megjelen\u00e9s: <\/strong>por<\/p>\n<p><strong>NMR-elemz\u00e9s: <\/strong>N\/A<\/p>","protected":false},"featured_media":6321,"comment_status":"open","ping_status":"closed","template":"","meta":{"_joinchat":[]},"product_brand":[],"product_cat":[127],"product_tag":[],"class_list":{"0":"post-6267","1":"product","2":"type-product","3":"status-publish","4":"has-post-thumbnail","6":"product_cat-amfetamine","8":"first","9":"instock","10":"shipping-taxable","11":"purchasable","12":"product-type-variable"},"yoast_head":"<!-- This site is optimized with the Yoast SEO plugin v26.3 - https:\/\/yoast.com\/wordpress\/plugins\/seo\/ -->\n<title>2-FMA online Kopen - 2-FMA online te koop<\/title>\n<meta name=\"description\" content=\"In onze RCKopen-winkel kunt u 2-fma tegen lage tarieven te koop krijgen. Wij werken alleen met A-kwaliteit producten. 2-fma nu online kopen in onze winkel.\" \/>\n<meta name=\"robots\" content=\"index, follow, max-snippet:-1, max-image-preview:large, max-video-preview:-1\" \/>\n<link rel=\"canonical\" href=\"https:\/\/rckopen.com\/hu\/termek\/2-fma\/\" \/>\n<meta property=\"og:locale\" content=\"hu_HU\" \/>\n<meta property=\"og:type\" content=\"article\" \/>\n<meta property=\"og:title\" content=\"2-FMA online Kopen - 2-FMA online te koop\" \/>\n<meta property=\"og:description\" content=\"In onze RCKopen-winkel kunt u 2-fma tegen lage tarieven te koop krijgen. Wij werken alleen met A-kwaliteit producten. 2-fma nu online kopen in onze winkel.\" \/>\n<meta property=\"og:url\" content=\"https:\/\/rckopen.com\/hu\/termek\/2-fma\/\" \/>\n<meta property=\"og:site_name\" content=\"RC Kopen\" \/>\n<meta property=\"article:modified_time\" content=\"2026-03-03T07:00:40+00:00\" \/>\n<meta property=\"og:image\" content=\"https:\/\/rckopen.com\/wp-content\/uploads\/2023\/08\/2-FMA.jpg\" \/>\n\t<meta property=\"og:image:width\" content=\"600\" \/>\n\t<meta property=\"og:image:height\" content=\"600\" \/>\n\t<meta property=\"og:image:type\" content=\"image\/jpeg\" \/>\n<meta name=\"twitter:card\" content=\"summary_large_image\" \/>\n<meta name=\"twitter:label1\" content=\"Becs\u00fclt olvas\u00e1si id\u0151\" \/>\n\t<meta name=\"twitter:data1\" content=\"3 perc\" \/>\n<script type=\"application\/ld+json\" class=\"yoast-schema-graph\">{\"@context\":\"https:\/\/schema.org\",\"@graph\":[{\"@type\":\"WebPage\",\"@id\":\"https:\/\/rckopen.com\/product\/2-fma\/\",\"url\":\"https:\/\/rckopen.com\/product\/2-fma\/\",\"name\":\"2-FMA online Kopen - 2-FMA online te koop\",\"isPartOf\":{\"@id\":\"https:\/\/rckopen.com\/#website\"},\"primaryImageOfPage\":{\"@id\":\"https:\/\/rckopen.com\/product\/2-fma\/#primaryimage\"},\"image\":{\"@id\":\"https:\/\/rckopen.com\/product\/2-fma\/#primaryimage\"},\"thumbnailUrl\":\"https:\/\/rckopen.com\/wp-content\/uploads\/2023\/08\/2-FMA.jpg\",\"datePublished\":\"2023-08-14T08:42:00+00:00\",\"dateModified\":\"2026-03-03T07:00:40+00:00\",\"description\":\"In onze RCKopen-winkel kunt u 2-fma tegen lage tarieven te koop krijgen. Wij werken alleen met A-kwaliteit producten. 2-fma nu online kopen in onze winkel.\",\"breadcrumb\":{\"@id\":\"https:\/\/rckopen.com\/product\/2-fma\/#breadcrumb\"},\"inLanguage\":\"hu\",\"potentialAction\":[{\"@type\":\"ReadAction\",\"target\":[\"https:\/\/rckopen.com\/product\/2-fma\/\"]}]},{\"@type\":\"ImageObject\",\"inLanguage\":\"hu\",\"@id\":\"https:\/\/rckopen.com\/product\/2-fma\/#primaryimage\",\"url\":\"https:\/\/rckopen.com\/wp-content\/uploads\/2023\/08\/2-FMA.jpg\",\"contentUrl\":\"https:\/\/rckopen.com\/wp-content\/uploads\/2023\/08\/2-FMA.jpg\",\"width\":600,\"height\":600,\"caption\":\"2-FMA online kopen\"},{\"@type\":\"BreadcrumbList\",\"@id\":\"https:\/\/rckopen.com\/product\/2-fma\/#breadcrumb\",\"itemListElement\":[{\"@type\":\"ListItem\",\"position\":1,\"name\":\"Home\",\"item\":\"https:\/\/rckopen.com\/\"},{\"@type\":\"ListItem\",\"position\":2,\"name\":\"Shop\",\"item\":\"https:\/\/rckopen.com\/shop\/\"},{\"@type\":\"ListItem\",\"position\":3,\"name\":\"2-FMA Online Kopen\"}]},{\"@type\":\"WebSite\",\"@id\":\"https:\/\/rckopen.com\/#website\",\"url\":\"https:\/\/rckopen.com\/\",\"name\":\"RC Kopen\",\"description\":\"Research Chemicals\",\"potentialAction\":[{\"@type\":\"SearchAction\",\"target\":{\"@type\":\"EntryPoint\",\"urlTemplate\":\"https:\/\/rckopen.com\/?s={search_term_string}\"},\"query-input\":{\"@type\":\"PropertyValueSpecification\",\"valueRequired\":true,\"valueName\":\"search_term_string\"}}],\"inLanguage\":\"hu\"}]}<\/script>\n<!-- \/ Yoast SEO plugin. -->","yoast_head_json":{"title":"2-FMA online Kopen - 2-FMA online te koop","description":"In onze RCKopen-winkel kunt u 2-fma tegen lage tarieven te koop krijgen. Wij werken alleen met A-kwaliteit producten. 2-fma nu online kopen in onze winkel.","robots":{"index":"index","follow":"follow","max-snippet":"max-snippet:-1","max-image-preview":"max-image-preview:large","max-video-preview":"max-video-preview:-1"},"canonical":"https:\/\/rckopen.com\/hu\/termek\/2-fma\/","og_locale":"hu_HU","og_type":"article","og_title":"2-FMA online Kopen - 2-FMA online te koop","og_description":"In onze RCKopen-winkel kunt u 2-fma tegen lage tarieven te koop krijgen. Wij werken alleen met A-kwaliteit producten. 2-fma nu online kopen in onze winkel.","og_url":"https:\/\/rckopen.com\/hu\/termek\/2-fma\/","og_site_name":"RC Kopen","article_modified_time":"2026-03-03T07:00:40+00:00","og_image":[{"width":600,"height":600,"url":"https:\/\/rckopen.com\/wp-content\/uploads\/2023\/08\/2-FMA.jpg","type":"image\/jpeg"}],"twitter_card":"summary_large_image","twitter_misc":{"Becs\u00fclt olvas\u00e1si id\u0151":"3 perc"},"schema":{"@context":"https:\/\/schema.org","@graph":[{"@type":"WebPage","@id":"https:\/\/rckopen.com\/product\/2-fma\/","url":"https:\/\/rckopen.com\/product\/2-fma\/","name":"2-FMA online Kopen - 2-FMA online te koop","isPartOf":{"@id":"https:\/\/rckopen.com\/#website"},"primaryImageOfPage":{"@id":"https:\/\/rckopen.com\/product\/2-fma\/#primaryimage"},"image":{"@id":"https:\/\/rckopen.com\/product\/2-fma\/#primaryimage"},"thumbnailUrl":"https:\/\/rckopen.com\/wp-content\/uploads\/2023\/08\/2-FMA.jpg","datePublished":"2023-08-14T08:42:00+00:00","dateModified":"2026-03-03T07:00:40+00:00","description":"In onze RCKopen-winkel kunt u 2-fma tegen lage tarieven te koop krijgen. Wij werken alleen met A-kwaliteit producten. 2-fma nu online kopen in onze winkel.","breadcrumb":{"@id":"https:\/\/rckopen.com\/product\/2-fma\/#breadcrumb"},"inLanguage":"hu","potentialAction":[{"@type":"ReadAction","target":["https:\/\/rckopen.com\/product\/2-fma\/"]}]},{"@type":"ImageObject","inLanguage":"hu","@id":"https:\/\/rckopen.com\/product\/2-fma\/#primaryimage","url":"https:\/\/rckopen.com\/wp-content\/uploads\/2023\/08\/2-FMA.jpg","contentUrl":"https:\/\/rckopen.com\/wp-content\/uploads\/2023\/08\/2-FMA.jpg","width":600,"height":600,"caption":"2-FMA online kopen"},{"@type":"BreadcrumbList","@id":"https:\/\/rckopen.com\/product\/2-fma\/#breadcrumb","itemListElement":[{"@type":"ListItem","position":1,"name":"Home","item":"https:\/\/rckopen.com\/"},{"@type":"ListItem","position":2,"name":"Shop","item":"https:\/\/rckopen.com\/shop\/"},{"@type":"ListItem","position":3,"name":"2-FMA Online Kopen"}]},{"@type":"WebSite","@id":"https:\/\/rckopen.com\/#website","url":"https:\/\/rckopen.com\/","name":"RC Kopen","description":"Research Chemicals","potentialAction":[{"@type":"SearchAction","target":{"@type":"EntryPoint","urlTemplate":"https:\/\/rckopen.com\/?s={search_term_string}"},"query-input":{"@type":"PropertyValueSpecification","valueRequired":true,"valueName":"search_term_string"}}],"inLanguage":"hu"}]}},"_links":{"self":[{"href":"https:\/\/rckopen.com\/hu\/wp-json\/wp\/v2\/product\/6267","targetHints":{"allow":["GET"]}}],"collection":[{"href":"https:\/\/rckopen.com\/hu\/wp-json\/wp\/v2\/product"}],"about":[{"href":"https:\/\/rckopen.com\/hu\/wp-json\/wp\/v2\/types\/product"}],"replies":[{"embeddable":true,"href":"https:\/\/rckopen.com\/hu\/wp-json\/wp\/v2\/comments?post=6267"}],"wp:featuredmedia":[{"embeddable":true,"href":"https:\/\/rckopen.com\/hu\/wp-json\/wp\/v2\/media\/6321"}],"wp:attachment":[{"href":"https:\/\/rckopen.com\/hu\/wp-json\/wp\/v2\/media?parent=6267"}],"wp:term":[{"taxonomy":"product_brand","embeddable":true,"href":"https:\/\/rckopen.com\/hu\/wp-json\/wp\/v2\/product_brand?post=6267"},{"taxonomy":"product_cat","embeddable":true,"href":"https:\/\/rckopen.com\/hu\/wp-json\/wp\/v2\/product_cat?post=6267"},{"taxonomy":"product_tag","embeddable":true,"href":"https:\/\/rckopen.com\/hu\/wp-json\/wp\/v2\/product_tag?post=6267"}],"curies":[{"name":"wp","href":"https:\/\/api.w.org\/{rel}","templated":true}]}}