{"id":6268,"date":"2023-08-14T08:42:07","date_gmt":"2023-08-14T08:42:07","guid":{"rendered":"https:\/\/diligentplug.com\/chems\/?post_type=product&#038;p=6268"},"modified":"2025-01-11T08:44:02","modified_gmt":"2025-01-11T08:44:02","slug":"4-fma","status":"publish","type":"product","link":"https:\/\/rckopen.com\/hu\/termek\/4-fma\/","title":{"rendered":"4-FMA"},"content":{"rendered":"<h2>\u00c1ltal\u00e1nos inform\u00e1ci\u00f3k 4-FMA<\/h2>\n<p><a href=\"https:\/\/rckopen.com\/hu\/termek\/4-fma\/\">4-FMA online v\u00e1s\u00e1rl\u00e1s<\/a>V\u00e1s\u00e1rl\u00e1s 4-FMA online, 4-Fluorometamfetamin (4-FMA) egy kev\u00e9sb\u00e9 n\u00e9pszer\u0171 \u00faj stimul\u00e1ns entaktog\u00e9n az amfetamin oszt\u00e1lyb\u00f3l. A 4-FMA mesters\u00e9gesen kapcsol\u00f3dik a 4-FA-hoz \u00e9s a metamfetaminhoz. Farmakol\u00f3gi\u00e1j\u00e1r\u00f3l keveset tudunk. Val\u00f3sz\u00edn\u0171leg azonban a dopamin, a noradrenalin \u00e9s a szerotonin szintj\u00e9nek n\u00f6vel\u00e9s\u00e9vel fejti ki hat\u00e1s\u00e1t az elm\u00e9ben.<\/p>\n<h3>A 4-FMA k\u00e9miai \u00f6sszet\u00e9tele<\/h3>\n<p>A 4-FMA, a 4-Fluorometamfetamin egy \u00faj entaktog\u00e9n stimul\u00e1ns \u00e9s vegy\u00fclet. Ezek a molekul\u00e1k egy fenetilamin magot tartalmaznak, amely egy fenilgy\u0171r\u0171h\u00f6z kapcsol\u00f3dik az R-hez kapcsolt amino (NH-2), egy etil-extra-metil szubsztit\u00faci\u00f3t tartalmaz\u00f3 l\u00e1ncon kereszt\u00fcl.<\/p>\n<p>A forma az alfa-metil-fenetil-amin fenilgy\u0171r\u0171j\u00e9nek R-4-\u00e9ben fluoratomot tartalmaz. 4-fluor-metamfetamin, teh\u00e1t a metamfetamin fluorozott anal\u00f3gja.<\/p>\n<h3>A 4-FMA farmakol\u00f3gi\u00e1ja<\/h3>\n<p><a href=\"https:\/\/en.wikipedia.org\/wiki\/4-Fluoromethamphetamine\">4-FMA<\/a> A 4-FMA a 4-FA \u00e9s a metamfetamin rokona. A 4-FMA dopaminszer\u0171 anyagot szabad\u00edt fel. Magasabb szintre emeli az agym\u0171k\u00f6d\u00e9st, ami friss\u00edt\u0151 \u00e9s izgalmas eredm\u00e9nyekhez vezet. Az ismert hat\u00e1sok k\u00f6z\u00e9 tartozik a magas termel\u00e9kenys\u00e9g \u00e9s a koncentr\u00e1ci\u00f3t jav\u00edt\u00f3 \u00f6sszpontos\u00edt\u00e1s, mint a 4-FA eset\u00e9ben.<\/p>\n<p>Ezeknek a kutat\u00e1si vegyszereknek a hat\u00e1sa nagyobb zenei megbecs\u00fcl\u00e9shez vezethet, \u00e9s a kapcsolat \u00e9rz\u00e9s\u00e9t biztos\u00edthatja. Hat\u00e1s\u00e1t az agy dopamin-, noradrenalin- \u00e9s szerotoninszintj\u00e9nek n\u00f6vel\u00e9s\u00e9vel v\u00e1ltja ki, de a farmakol\u00f3gi\u00e1ban keveset tudunk r\u00f3la.<\/p>\n<p>V\u00e1s\u00e1rl\u00e1s 4-FMA online el\u0151sz\u00f6r 2006-ban fedezt\u00e9k fel Jap\u00e1nban a 2-fluoroamphetamin (2-FA), a 3-fluoroamphetamin (3-FA) \u00e9s a 4-FA 4-fluoroamphetamin (4-FA) tanulm\u00e1nyoz\u00e1s\u00e1ra.<\/p>\n<p>A 4-FMA eredm\u00e9nyei szubjekt\u00edven a 4-FA \u00e9s a 4-FMP k\u00f6z\u00f6tt tal\u00e1lhat\u00f3k, \u00e9s hasonl\u00f3ak m\u00e1s amfetaminokat tartalmaz\u00f3 amfetaminokhoz, p\u00e9ld\u00e1ul az XTC-hez.<\/p>\n<h3>V\u00e1s\u00e1roljon kiv\u00e1l\u00f3 min\u0151s\u00e9g\u0171 4-FMA-t<\/h3>\n<p><a href=\"https:\/\/rckopen.com\/hu\/\">Rckopen.com<\/a> Az RC Kopen sok\u00e9ves tapasztalattal rendelkezik a kutat\u00e1si vegyszertervez\u00e9si iparban, ami lehet\u0151v\u00e9 teszi sz\u00e1munkra, hogy garant\u00e1ljuk term\u00e9keink tisztas\u00e1g\u00e1t. Ezen a weboldalon mostant\u00f3l 4-FMA por tal\u00e1lhat\u00f3 a k\u00edn\u00e1latunkban. A kutat\u00e1si vegyszereket, bele\u00e9rtve a 4-FMA kutat\u00e1si vegyszereket is, gondosan sz\u00e1ll\u00edtjuk, t\u00e1roljuk \u00e9s rakt\u00e1rozzuk kiv\u00e1l\u00f3, sz\u00e1raz k\u00f6r\u00fclm\u00e9nyek k\u00f6z\u00f6tt.<\/p>\n<p>A term\u00e9ket j\u00f3 t\u00e1rol\u00e1si k\u00f6r\u00fclm\u00e9nyek k\u00f6z\u00f6tt kell t\u00e1rolni az \u00e1lland\u00f3 min\u0151s\u00e9g meg\u0151rz\u00e9se \u00e9rdek\u00e9ben. Az \u00e1lland\u00f3 min\u0151s\u00e9g fenntart\u00e1sa elengedhetetlen a term\u00e9k min\u0151s\u00e9ge szempontj\u00e1b\u00f3l. L\u00e9g\u00fati irrit\u00e1ci\u00f3t okozhat.<\/p>\n<p>Minden kutat\u00e1si vegyszert rendszeresen tesztelnek min\u0151s\u00e9g, tisztas\u00e1g \u00e9s biztons\u00e1g szempontj\u00e1b\u00f3l. V\u00e1s\u00e1rolja meg \u0151ket most kedvez\u0151 \u00e1ron.<\/p>\n<p>Ha szereted a p\u00fadert \u00e9s leny\u0171g\u00f6z\u0151 dolgokat szeretn\u00e9l? Ha szereted a leny\u0171g\u00f6z\u0151 dolgokat, akkor a weboldalunkon kedvez\u0151 \u00e1ron v\u00e1s\u00e1rolhatsz kutat\u00e1si vegyszereket. Megfizethet\u0151 \u00e1ron v\u00e1s\u00e1rolhat kutat\u00e1si vegyszereket weboldalunkon. K\u00f6nnyed\u00e9n v\u00e1s\u00e1rolhat kutat\u00e1si vegyszereket online elfogadhat\u00f3 \u00e1ron.<\/p>\n<p>Az \u00d6n term\u00e9k\u00e9t okosan csomagoljuk \u00e9s ingyenesen sz\u00e1ll\u00edtjuk. V\u00e1s\u00e1rolja meg a term\u00e9ket kiz\u00e1r\u00f3lag kutat\u00e1si c\u00e9lokra. Garant\u00e1ltan j\u00f3 szolg\u00e1ltat\u00e1st kap, ha t\u0151l\u00fcnk rendel. Garant\u00e1ljuk a j\u00f3 szolg\u00e1ltat\u00e1st.<\/p>\n<p>Minden term\u00e9knek, bele\u00e9rtve a 4-FAM vagy 4-FA kutat\u00e1si vegyszereket is, tisztess\u00e9ges \u00e1ra van.<\/p>\n<h3>Laborat\u00f3riumban tesztelt 4-FMA eredm\u00e9nyekkel.<\/h3>\n<p>Az RC Kopen el\u0151rel\u00e9p\u00e9st tesz \u00fcgyfelei \u00e1ltal\u00e1nos el\u00e9gedetts\u00e9ge fel\u00e9. Sz\u00e1mos felm\u00e9r\u00e9s kimutatta, hogy az \u00fcgyfelek a szintetikus kutat\u00e1si vegyszerek v\u00e1s\u00e1rl\u00e1sa el\u0151tt az elv\u00e1r\u00e1soknak megfelel\u0151 mennyis\u00e9g\u0171 adatot k\u00e9rnek. Ezenk\u00edv\u00fcl minden egyes kutat\u00e1si vegyszer \u00f6sszes laborat\u00f3riumi k\u00f6vetkezm\u00e9ny\u00e9t PDF-nyilv\u00e1ntart\u00e1sban k\u00f6zz\u00e9tessz\u00fck.<\/p>\n<p>A 4-FMA k\u00f6vetkezetesen megfelel a hat\u00f3anyagoknak, \u00e9s mindenki sz\u00e1m\u00e1ra j\u00f3l l\u00e1that\u00f3.<\/p>\n<p>Minden egyes kutat\u00e1si vegyszer \u00f6sszes laborat\u00f3riumi k\u00f6vetkezm\u00e9ny\u00e9t PDF-dokumentumon terjesztj\u00fck.<\/p>\n<h3>Biztons\u00e1gos rendel\u00e9s a 4-FMA-n\u00e1l.<\/h3>\n<p>RC Kopen designer kutat\u00e1si vegyszerek kiv\u00e1l\u00f3 min\u0151s\u00e9g\u0171ek \u00e9s tisztess\u00e9ges \u00e1ron. Ez\u00e9rt garant\u00e1ljuk, hogy amikor az RC Kopen-t\u0151l kutat\u00e1si vegyszereket k\u00e9r, gyorsan \u00e9s biztons\u00e1gosan h\u00e1zhoz sz\u00e1ll\u00edtjuk a k\u00e9r\u00e9s\u00e9t, mivel a kutat\u00e1si vegyszerek \u00e9rt\u00e9kes\u00edt\u00e9se mindig el\u00e9rhet\u0151 az RC Kopen-en.<\/p>\n<p>A szintetikus kutat\u00e1si vegy\u00fcletek Bitcoin vagy banki \u00e1tutal\u00e1ssal t\u00f6rt\u00e9n\u0151 ig\u00e9nyl\u00e9se egyszer\u0171 az RC Kopen-n\u00e9l.<\/p>\n<p>A kutat\u00e1si vegyszerekhez sz\u00fcks\u00e9ges porokat m\u00e9g aznap elk\u00fcldj\u00fck, ha a fizet\u00e9s 15:00 CEST el\u0151tt be\u00e9rkezik.<\/p>\n<p>18 \u00e9v alatti szem\u00e9lyeknek nem sz\u00e1ll\u00edtunk term\u00e9keket.<a href=\"https:\/\/rckopen.com\/hu\/termek\/2-fma\/\">!<\/a><\/p>\n<p>A kutat\u00e1si c\u00e9l\u00fa vegyszerek \u00e9rt\u00e9kes\u00edt\u00e9se kiz\u00e1r\u00f3lag kutat\u00e1si c\u00e9lokra szolg\u00e1l.<\/p>\n<h3>A kutat\u00e1si vegyi anyagok diszkr\u00e9t sz\u00e1ll\u00edt\u00e1sa<a href=\"https:\/\/en.wikipedia.org\/wiki\/4-Fluoromethamphetamine\">.<\/a><\/h3>\n<p>Az RC Buy biztons\u00e1gosan \u00e9s biztons\u00e1gosan csomagolja a megrendel\u00e9s\u00e9t a megfelel\u0151 sz\u00e1ll\u00edt\u00e1s \u00e9rdek\u00e9ben. S\u0151t, t\u00f6k\u00e9letesen felt\u0171n\u00e9smentesen csomagolunk, \u00e9s semmi sem l\u00e1tszik a k\u00fclsej\u00e9n, ami lehet, hogy bel\u00fclr\u0151lv\u00e1s\u00e1roljon 4-FMA online.<\/p>","protected":false},"excerpt":{"rendered":"<p><strong>IUPAC-n\u00e9v: <\/strong>n\u00e9v 1-(4-Fluorofenil)-N-metilprop\u00e1n-2-amin<\/p>\n<p><strong>CAS # <\/strong>52063-62-4<\/p>\n<p><strong>M\u00e1sik n\u00e9v: <\/strong>4-Fluorometamfetamin<\/p>\n<p><strong>Megjelen\u00e9s: <\/strong>por<\/p>\n<p><strong>Forma: <\/strong>HCL<\/p>\n<p><strong>NMR-elemz\u00e9s: <\/strong>C10H14FN - HCl<\/p>","protected":false},"featured_media":6322,"comment_status":"open","ping_status":"closed","template":"","meta":{"_joinchat":[]},"product_brand":[],"product_cat":[127],"product_tag":[],"class_list":{"0":"post-6268","1":"product","2":"type-product","3":"status-publish","4":"has-post-thumbnail","6":"product_cat-amfetamine","8":"first","9":"instock","10":"shipping-taxable","11":"purchasable","12":"product-type-variable"},"yoast_head":"<!-- This site is optimized with the Yoast SEO plugin v26.3 - https:\/\/yoast.com\/wordpress\/plugins\/seo\/ -->\n<title>Koop 4-FMA online - 4-FMA te kopen - Bestel 4-FMA<\/title>\n<meta name=\"description\" content=\"Koop 4-FMA online, dan zijn wij de juiste keuze voor jou. Onze medewerkers zullen je helpen 4-FMA online te kopen tegen goedkope tarieven.\" \/>\n<meta name=\"robots\" content=\"index, follow, max-snippet:-1, max-image-preview:large, max-video-preview:-1\" \/>\n<link rel=\"canonical\" href=\"https:\/\/rckopen.com\/hu\/termek\/4-fma\/\" \/>\n<meta property=\"og:locale\" content=\"hu_HU\" \/>\n<meta property=\"og:type\" content=\"article\" \/>\n<meta property=\"og:title\" content=\"Koop 4-FMA online - 4-FMA te kopen - Bestel 4-FMA\" \/>\n<meta property=\"og:description\" content=\"Koop 4-FMA online, dan zijn wij de juiste keuze voor jou. Onze medewerkers zullen je helpen 4-FMA online te kopen tegen goedkope tarieven.\" \/>\n<meta property=\"og:url\" content=\"https:\/\/rckopen.com\/hu\/termek\/4-fma\/\" \/>\n<meta property=\"og:site_name\" content=\"RC Kopen\" \/>\n<meta property=\"article:modified_time\" content=\"2025-01-11T08:44:02+00:00\" \/>\n<meta property=\"og:image\" content=\"https:\/\/rckopen.com\/wp-content\/uploads\/2023\/08\/4-FMA.jpg\" \/>\n\t<meta property=\"og:image:width\" content=\"600\" \/>\n\t<meta property=\"og:image:height\" content=\"600\" \/>\n\t<meta property=\"og:image:type\" content=\"image\/jpeg\" \/>\n<meta name=\"twitter:card\" content=\"summary_large_image\" \/>\n<meta name=\"twitter:label1\" content=\"Becs\u00fclt olvas\u00e1si id\u0151\" \/>\n\t<meta name=\"twitter:data1\" content=\"4 perc\" \/>\n<script type=\"application\/ld+json\" class=\"yoast-schema-graph\">{\"@context\":\"https:\/\/schema.org\",\"@graph\":[{\"@type\":\"WebPage\",\"@id\":\"https:\/\/rckopen.com\/product\/4-fma\/\",\"url\":\"https:\/\/rckopen.com\/product\/4-fma\/\",\"name\":\"Koop 4-FMA online - 4-FMA te kopen - Bestel 4-FMA\",\"isPartOf\":{\"@id\":\"https:\/\/rckopen.com\/#website\"},\"primaryImageOfPage\":{\"@id\":\"https:\/\/rckopen.com\/product\/4-fma\/#primaryimage\"},\"image\":{\"@id\":\"https:\/\/rckopen.com\/product\/4-fma\/#primaryimage\"},\"thumbnailUrl\":\"https:\/\/rckopen.com\/wp-content\/uploads\/2023\/08\/4-FMA.jpg\",\"datePublished\":\"2023-08-14T08:42:07+00:00\",\"dateModified\":\"2025-01-11T08:44:02+00:00\",\"description\":\"Koop 4-FMA online, dan zijn wij de juiste keuze voor jou. Onze medewerkers zullen je helpen 4-FMA online te kopen tegen goedkope tarieven.\",\"breadcrumb\":{\"@id\":\"https:\/\/rckopen.com\/product\/4-fma\/#breadcrumb\"},\"inLanguage\":\"hu\",\"potentialAction\":[{\"@type\":\"ReadAction\",\"target\":[\"https:\/\/rckopen.com\/product\/4-fma\/\"]}]},{\"@type\":\"ImageObject\",\"inLanguage\":\"hu\",\"@id\":\"https:\/\/rckopen.com\/product\/4-fma\/#primaryimage\",\"url\":\"https:\/\/rckopen.com\/wp-content\/uploads\/2023\/08\/4-FMA.jpg\",\"contentUrl\":\"https:\/\/rckopen.com\/wp-content\/uploads\/2023\/08\/4-FMA.jpg\",\"width\":600,\"height\":600,\"caption\":\"Koop 4-FMA online\"},{\"@type\":\"BreadcrumbList\",\"@id\":\"https:\/\/rckopen.com\/product\/4-fma\/#breadcrumb\",\"itemListElement\":[{\"@type\":\"ListItem\",\"position\":1,\"name\":\"Home\",\"item\":\"https:\/\/rckopen.com\/\"},{\"@type\":\"ListItem\",\"position\":2,\"name\":\"Shop\",\"item\":\"https:\/\/rckopen.com\/shop\/\"},{\"@type\":\"ListItem\",\"position\":3,\"name\":\"4-FMA\"}]},{\"@type\":\"WebSite\",\"@id\":\"https:\/\/rckopen.com\/#website\",\"url\":\"https:\/\/rckopen.com\/\",\"name\":\"RC Kopen\",\"description\":\"Research Chemicals\",\"potentialAction\":[{\"@type\":\"SearchAction\",\"target\":{\"@type\":\"EntryPoint\",\"urlTemplate\":\"https:\/\/rckopen.com\/?s={search_term_string}\"},\"query-input\":{\"@type\":\"PropertyValueSpecification\",\"valueRequired\":true,\"valueName\":\"search_term_string\"}}],\"inLanguage\":\"hu\"}]}<\/script>\n<!-- \/ Yoast SEO plugin. -->","yoast_head_json":{"title":"Koop 4-FMA online - 4-FMA te kopen - Bestel 4-FMA","description":"Koop 4-FMA online, dan zijn wij de juiste keuze voor jou. Onze medewerkers zullen je helpen 4-FMA online te kopen tegen goedkope tarieven.","robots":{"index":"index","follow":"follow","max-snippet":"max-snippet:-1","max-image-preview":"max-image-preview:large","max-video-preview":"max-video-preview:-1"},"canonical":"https:\/\/rckopen.com\/hu\/termek\/4-fma\/","og_locale":"hu_HU","og_type":"article","og_title":"Koop 4-FMA online - 4-FMA te kopen - Bestel 4-FMA","og_description":"Koop 4-FMA online, dan zijn wij de juiste keuze voor jou. Onze medewerkers zullen je helpen 4-FMA online te kopen tegen goedkope tarieven.","og_url":"https:\/\/rckopen.com\/hu\/termek\/4-fma\/","og_site_name":"RC Kopen","article_modified_time":"2025-01-11T08:44:02+00:00","og_image":[{"width":600,"height":600,"url":"https:\/\/rckopen.com\/wp-content\/uploads\/2023\/08\/4-FMA.jpg","type":"image\/jpeg"}],"twitter_card":"summary_large_image","twitter_misc":{"Becs\u00fclt olvas\u00e1si id\u0151":"4 perc"},"schema":{"@context":"https:\/\/schema.org","@graph":[{"@type":"WebPage","@id":"https:\/\/rckopen.com\/product\/4-fma\/","url":"https:\/\/rckopen.com\/product\/4-fma\/","name":"Koop 4-FMA online - 4-FMA te kopen - Bestel 4-FMA","isPartOf":{"@id":"https:\/\/rckopen.com\/#website"},"primaryImageOfPage":{"@id":"https:\/\/rckopen.com\/product\/4-fma\/#primaryimage"},"image":{"@id":"https:\/\/rckopen.com\/product\/4-fma\/#primaryimage"},"thumbnailUrl":"https:\/\/rckopen.com\/wp-content\/uploads\/2023\/08\/4-FMA.jpg","datePublished":"2023-08-14T08:42:07+00:00","dateModified":"2025-01-11T08:44:02+00:00","description":"Koop 4-FMA online, dan zijn wij de juiste keuze voor jou. Onze medewerkers zullen je helpen 4-FMA online te kopen tegen goedkope tarieven.","breadcrumb":{"@id":"https:\/\/rckopen.com\/product\/4-fma\/#breadcrumb"},"inLanguage":"hu","potentialAction":[{"@type":"ReadAction","target":["https:\/\/rckopen.com\/product\/4-fma\/"]}]},{"@type":"ImageObject","inLanguage":"hu","@id":"https:\/\/rckopen.com\/product\/4-fma\/#primaryimage","url":"https:\/\/rckopen.com\/wp-content\/uploads\/2023\/08\/4-FMA.jpg","contentUrl":"https:\/\/rckopen.com\/wp-content\/uploads\/2023\/08\/4-FMA.jpg","width":600,"height":600,"caption":"Koop 4-FMA online"},{"@type":"BreadcrumbList","@id":"https:\/\/rckopen.com\/product\/4-fma\/#breadcrumb","itemListElement":[{"@type":"ListItem","position":1,"name":"Home","item":"https:\/\/rckopen.com\/"},{"@type":"ListItem","position":2,"name":"Shop","item":"https:\/\/rckopen.com\/shop\/"},{"@type":"ListItem","position":3,"name":"4-FMA"}]},{"@type":"WebSite","@id":"https:\/\/rckopen.com\/#website","url":"https:\/\/rckopen.com\/","name":"RC Kopen","description":"Research Chemicals","potentialAction":[{"@type":"SearchAction","target":{"@type":"EntryPoint","urlTemplate":"https:\/\/rckopen.com\/?s={search_term_string}"},"query-input":{"@type":"PropertyValueSpecification","valueRequired":true,"valueName":"search_term_string"}}],"inLanguage":"hu"}]}},"_links":{"self":[{"href":"https:\/\/rckopen.com\/hu\/wp-json\/wp\/v2\/product\/6268","targetHints":{"allow":["GET"]}}],"collection":[{"href":"https:\/\/rckopen.com\/hu\/wp-json\/wp\/v2\/product"}],"about":[{"href":"https:\/\/rckopen.com\/hu\/wp-json\/wp\/v2\/types\/product"}],"replies":[{"embeddable":true,"href":"https:\/\/rckopen.com\/hu\/wp-json\/wp\/v2\/comments?post=6268"}],"wp:featuredmedia":[{"embeddable":true,"href":"https:\/\/rckopen.com\/hu\/wp-json\/wp\/v2\/media\/6322"}],"wp:attachment":[{"href":"https:\/\/rckopen.com\/hu\/wp-json\/wp\/v2\/media?parent=6268"}],"wp:term":[{"taxonomy":"product_brand","embeddable":true,"href":"https:\/\/rckopen.com\/hu\/wp-json\/wp\/v2\/product_brand?post=6268"},{"taxonomy":"product_cat","embeddable":true,"href":"https:\/\/rckopen.com\/hu\/wp-json\/wp\/v2\/product_cat?post=6268"},{"taxonomy":"product_tag","embeddable":true,"href":"https:\/\/rckopen.com\/hu\/wp-json\/wp\/v2\/product_tag?post=6268"}],"curies":[{"name":"wp","href":"https:\/\/api.w.org\/{rel}","templated":true}]}}