{"id":6269,"date":"2023-08-14T08:42:16","date_gmt":"2023-08-14T08:42:16","guid":{"rendered":"https:\/\/diligentplug.com\/chems\/?post_type=product&#038;p=6269"},"modified":"2025-01-31T05:15:11","modified_gmt":"2025-01-31T05:15:11","slug":"4-fea","status":"publish","type":"product","link":"https:\/\/rckopen.com\/hu\/termek\/4-fea\/","title":{"rendered":"V\u00e1s\u00e1roljon 4-FEA-t online"},"content":{"rendered":"<h2>V\u00e1s\u00e1roljon 4-FEA-t online<\/h2>\n<p><a href=\"https:\/\/rckopen.com\/hu\/termek\/4-fea\/\">V\u00e1s\u00e1roljon 4-FEA-t<\/a>, Bij <a href=\"https:\/\/rckopen.com\/hu\/\">Rckopen.com<\/a> v\u00e1s\u00e1rolhat megb\u00edzhat\u00f3 4-FMA-t kutat\u00e1si c\u00e9lokra. A 4-FMA az amfetamin alcsoportba tartozik, \u00e9s hasonl\u00f3 hat\u00e1ssal b\u00edr, mint az MDMA, bele\u00e9rtve az euf\u00f3ri\u00e1t, az energi\u00e1t \u00e9s a fokozott emp\u00e1ti\u00e1t. A 4-FMA adagol\u00e1sa befoly\u00e1solja a vizsg\u00e1lat intenzit\u00e1s\u00e1t, \u00e9s a min\u0151s\u00e9g \u00e9s a sz\u00e1rmaz\u00e1s biztos\u00edt\u00e1sa \u00e9rdek\u00e9ben tan\u00e1csos olyan j\u00f3 h\u00edr\u0171 elad\u00f3t\u00f3l v\u00e1s\u00e1rolni, mint p\u00e9ld\u00e1ul a Funcaps. Felh\u00edvjuk figyelm\u00e9t, hogy a 4-FMA nem emberi fogyaszt\u00e1sra szolg\u00e1l, \u00e9s biztons\u00e1gosan kell kezelni \u00e9s t\u00e1rolni.<\/p>\n<h1><strong>4 FMA<\/strong><\/h1>\n<p><a href=\"https:\/\/en.wikipedia.org\/wiki\/4-Fluoromethamphetamine\">4-FMA<\/a>, amelynek tudom\u00e1nyos neve 4-fluorometamfetamin, az amfetamin egyik alt\u00edpusa. A 4 FMA els\u0151 hivatalos elad\u00e1sa 2006-ban volt Jap\u00e1nban. Ez a kutat\u00e1si vegyszer, ak\u00e1rcsak a rendk\u00edv\u00fcl n\u00e9pszer\u0171 2-FA \u00e9s 3-FA kutat\u00e1si vegyszerek, az \u00e9vek sor\u00e1n egyre n\u00e9pszer\u0171bb lett Hollandi\u00e1ban. Ez a Hollandi\u00e1ban 2007 \u00f3ta n\u00f6vekv\u0151 n\u00e9pszer\u0171s\u00e9g a vizsg\u00e1lt hat\u00e1soknak is k\u00f6sz\u00f6nhet\u0151. Ha kutat\u00e1si c\u00e9lb\u00f3l szeretne 4 FMA-t v\u00e1s\u00e1rolni, javasoljuk, hogy ezt egy megb\u00edzhat\u00f3 f\u00e9lt\u0151l, p\u00e9ld\u00e1ul a Funcapst\u0151l tegye meg. Ennek oka, hogy a megv\u00e1s\u00e1rolt kutat\u00e1si anyag min\u0151s\u00e9g\u00e9re \u00e9s eredet\u00e9re egyar\u00e1nt garanci\u00e1t v\u00e1llalunk. Ezenk\u00edv\u00fcl az order4 FMA hat\u00e1s k\u00fcl\u00f6nb\u00f6z\u0151 eredm\u00e9nyeket \u00e9rhet el a kutat\u00e1s sor\u00e1n, ha megb\u00edzhatatlan elad\u00f3t\u00f3l v\u00e1s\u00e1rolja meg, \u00e9s nem biztos, hogy mi van benne.<\/p>\n<div data-content-type=\"row\" data-appearance=\"contained\" data-element=\"main\">\n<div data-enable-parallax=\"0\" data-parallax-speed=\"0.5\" data-background-images=\"{}\" data-background-type=\"image\" data-video-loop=\"true\" data-video-play-only-visible=\"true\" data-video-lazy-load=\"true\" data-video-fallback-src=\"\" data-element=\"inner\" data-pb-style=\"SM2UFQT\">\n<div data-content-type=\"text\" data-appearance=\"default\" data-element=\"main\">\n<h2>4-FMA M\u0170K\u00d6D\u00c9S<\/h2>\n<p>A 4-Fluorometamfetamin hat\u00e1sait kutatt\u00e1k. A 4 FMA hat\u00e1sai tanulm\u00e1nyr\u00f3l tanulm\u00e1nyra v\u00e1ltoznak, term\u00e9szetesen nincs k\u00e9t egyforma vizsg\u00e1lat. Teh\u00e1t a m\u00e9rt 4 FMA-\u00e9lm\u00e9ny tanulm\u00e1nyr\u00f3l tanulm\u00e1nyra v\u00e1ltozhat, de a k\u00f6z\u00f6s von\u00e1s a k\u00f6vetkez\u0151: a jelent\u00e9sek szerint az MDMA-hoz hasonl\u00f3 hat\u00e1st fejt ki az euf\u00f3rikus \u00e9lm\u00e9nyek fokoz\u00e1s\u00e1val. Azt is mondj\u00e1k, hogy t\u00f6bb energi\u00e1t ad. A boldog \u00e9s meleg \u00e9rz\u00e9sek n\u00f6veked\u00e9se, amelyet \"\u00f6lel\u00e9s \u00e9rz\u00e9snek\" is neveznek, \u00f6sszhangban van a tapasztalt fokozott emp\u00e1ti\u00e1val. N\u00f6veli az \u00f6sszetartoz\u00e1s \u00e9rz\u00e9s\u00e9t \u00e9s a m\u00e1sok ir\u00e1nti verb\u00e1lis nyitotts\u00e1g ig\u00e9ny\u00e9t is. Ez \u00f6sszhangban \u00e1ll m\u00e1s, kontroll\u00e1lt k\u00f6rnyezetben tesztelt kutat\u00e1si vegyszerekkel. Nem ez az a kutat\u00e1s, amit keresel? Akkor n\u00e9zze meg m\u00e1s n\u00e9pszer\u0171 kutat\u00e1si vegyszereinket, p\u00e9ld\u00e1ul a Cathinones-t!<\/p>\n<p>Felh\u00edvjuk figyelm\u00e9t, hogy az ezekkel a kutat\u00e1si vegyi anyagokkal kapcsolatos minden inform\u00e1ci\u00f3 \u00e9s maguk a kutat\u00e1si vegyi anyagok kiz\u00e1r\u00f3lag oktat\u00e1si \u00e9s kutat\u00e1si c\u00e9lokat szolg\u00e1lnak. Ezek a term\u00e9kek nem \u00e9trend-kieg\u00e9sz\u00edt\u0151k, \u00e9s emberi fogyaszt\u00e1sra nem alkalmasak.<\/p>\n<p>Tov\u00e1bb\u00e1, mivel ez egy amfetamin, a 4-FMA \u00e9lm\u00e9ny fogcsikorgat\u00e1st okozhat \u00e9s elveszi az \u00e9tv\u00e1gyat. A kutat\u00e1sok azt is mutatj\u00e1k, hogy a t\u00falhev\u00edt\u0151 hat\u00e1s kev\u00e9sb\u00e9 jelent probl\u00e9m\u00e1t, mint m\u00e1s ismert amfetaminok eset\u00e9ben. Ami viszont megegyezik, hogy, mint mondjuk az XTC eset\u00e9ben, a 4 FMA d\u00f3zisa k\u00f6zvetlen\u00fcl belej\u00e1tszik abba, hogy p\u00e9ld\u00e1ul a zene milyen intenzit\u00e1ssal \"sz\u00edv\u00f3dik be\" a szervezetedbe. V\u00e9g\u00fcl, de nem utols\u00f3sorban a tanulm\u00e1ny megjegyzi, hogy az empatikus hat\u00e1s az els\u0151 h\u00e1rom \u00f3r\u00e1ban a legink\u00e1bb \u00e9rezhet\u0151, majd a k\u00f6vetkez\u0151 \u00f3r\u00e1ban a 4 FMA energikusan hat. Ak\u00e1r egy \u00f3ra is eltelhet, mire mindez \u00e9rz\u00e9kelhet\u0151v\u00e9 v\u00e1lik.<\/p>\n<p>Ezenk\u00edv\u00fcl a kutat\u00e1s \u00e9s az online v\u00e9lem\u00e9ny\u00fcket megoszt\u00f3 felhaszn\u00e1l\u00f3k szerint a k\u00f6vetkez\u0151 v\u00e1rhat\u00f3 mell\u00e9khat\u00e1s: a 4-FMA n\u00e9gy \u00e9s hat \u00f3ra k\u00f6z\u00f6tt b\u00e1rhol m\u0171k\u00f6dhet. Azok a forgat\u00f3k\u00f6nyvek, ahol a kezdeti adag ut\u00e1n t\u00f6bbet vettek be, 24 \u00f3r\u00e1s \u00e9szrevehet\u0151 hat\u00e1st eredm\u00e9nyeztek. Azt is megjegyezt\u00e9k, hogy a 4-FEA v\u00e1s\u00e1rl\u00e1s\u00e1nak \u00e9szrevehet\u0151 hat\u00e1sai sokkal \u00f6sszehasonl\u00edthat\u00f3ak a tiltott k\u00e1b\u00edt\u00f3szerekhez, p\u00e9ld\u00e1ul az MDMA-hoz k\u00e9pest. Meg kell jegyezni, hogy az \u00e9szrevehet\u0151 hat\u00e1sok kutat\u00e1si helyzetenk\u00e9nt v\u00e1ltozhatnak \u00e9s v\u00e1ltoznak. Csak\u00fagy, mint az emberek, nincs k\u00e9t tanulm\u00e1ny soha nem ugyanaz.<\/p>\n<\/div>\n<\/div>\n<\/div>\n<div data-content-type=\"row\" data-appearance=\"contained\" data-element=\"main\">\n<div data-enable-parallax=\"0\" data-parallax-speed=\"0.5\" data-background-images=\"{}\" data-background-type=\"image\" data-video-loop=\"true\" data-video-play-only-visible=\"true\" data-video-lazy-load=\"true\" data-video-fallback-src=\"\" data-element=\"inner\" data-pb-style=\"PDUI88Q\">\n<div data-content-type=\"text\" data-appearance=\"default\" data-element=\"main\">\n<h2>4-FMA ADAGOL\u00c1S<\/h2>\n<p>Az, hogy a 4 FMA hat\u00e1sa milyen m\u00e9rt\u00e9kben \u00e9rz\u00e9kelhet\u0151, k\u00f6zvetlen\u00fcl a vizsg\u00e1lt d\u00f3zist\u00f3l f\u00fcgg. A kutat\u00e1s sor\u00e1n \u00e1ltal\u00e1ban 70 \u00e9s 140 mg k\u00f6z\u00f6tti d\u00f3zisokat haszn\u00e1lnak. A 4 FMA \u00e1ltal\u00e1ban feh\u00e9r sz\u00edn\u0171 por form\u00e1j\u00e1ban fordul el\u0151. Ez a por kapszul\u00e1ban vagy pelletben is el\u0151fordulhat. Nagyobb d\u00f3zis hat\u00e1s\u00e1ra a kutat\u00e1si eredm\u00e9nyek nagyobb magass\u00e1gban is \u00e9szrevehet\u0151k lehetnek. Nagy d\u00f3zisokn\u00e1l az egyik legnagyobb ut\u00f3hat\u00e1s \u00e1ll\u00edt\u00f3lag az \u00e1lmatlans\u00e1g.<\/p>\n<\/div>\n<\/div>\n<\/div>\n<div data-content-type=\"row\" data-appearance=\"contained\" data-element=\"main\">\n<div data-enable-parallax=\"0\" data-parallax-speed=\"0.5\" data-background-images=\"{}\" data-background-type=\"image\" data-video-loop=\"true\" data-video-play-only-visible=\"true\" data-video-lazy-load=\"true\" data-video-fallback-src=\"\" data-element=\"inner\" data-pb-style=\"D1DX3KR\">\n<div data-content-type=\"text\" data-appearance=\"default\" data-element=\"main\">\n<h2>HOGYAN SZ\u00c1LL\u00cdTUNK<\/h2>\n<p>Minden csomagunkat a DHL vagy a PostNL seg\u00edts\u00e9g\u00e9vel sz\u00e1ll\u00edtjuk. K\u00fclf\u00f6ldi k\u00fcldem\u00e9nyek eset\u00e9n a DHL, belf\u00f6ldi k\u00fcldem\u00e9nyek eset\u00e9n a PostNL. Ha munkanapon 16.30 el\u0151tt rendel, m\u00e9g aznap feladjuk. Ezenk\u00edv\u00fcl a csomagol\u00e1s teljes diszkr\u00e9ci\u00f3val j\u00e1r. \u00cdgy Hollandi\u00e1n bel\u00fcl n\u00e9gy sz\u00e1ll\u00edt\u00e1si lehet\u0151s\u00e9g\u00fcnk van. Nevezetesen:<\/p>\n<ul>\n<li>Norm\u00e1l k\u00fcldem\u00e9ny, ez egy \u00fcres bor\u00edt\u00e9kban l\u00e9v\u0151 megrendel\u00e9s, felad\u00f3 n\u00e9lk\u00fcl. Ennek a sz\u00e1ll\u00edt\u00e1si ideje k\u00f6r\u00fclbel\u00fcl egy-k\u00e9t nap.<\/li>\n<li>Track and trace k\u00fcldem\u00e9ny, ugyanaz, mint a fentiekben, csak track and trace szolg\u00e1ltat\u00e1ssal<\/li>\n<li>\"K\u00fcl\u00f6nleges id\u0151pontok\" sz\u00e1ll\u00edt\u00e1s, ez a rendel\u00e9s nyomon k\u00f6vet\u00e9ssel \u00e9s nyomon k\u00f6vet\u00e9ssel egy meghat\u00e1rozott id\u0151pontban ker\u00fcl kisz\u00e1ll\u00edt\u00e1sra.<\/li>\n<li>PostNL gy\u0171jt\u0151pont, itt kiv\u00e1laszthatja, hogy a csomagj\u00e1t egy \u00d6nh\u00f6z k\u00f6zeli PostNL gy\u0171jt\u0151ponton szeretn\u00e9 \u00e1tvenni.<\/li>\n<\/ul>\n<\/div>\n<\/div>\n<\/div>\n<div data-content-type=\"row\" data-appearance=\"contained\" data-element=\"main\">\n<div data-enable-parallax=\"0\" data-parallax-speed=\"0.5\" data-background-images=\"{}\" data-background-type=\"image\" data-video-loop=\"true\" data-video-play-only-visible=\"true\" data-video-lazy-load=\"true\" data-video-fallback-src=\"\" data-element=\"inner\" data-pb-style=\"P3WNWOB\">\n<div data-content-type=\"text\" data-appearance=\"default\" data-element=\"main\">\n<h2>BIZTONS\u00c1GI AJ\u00c1NL\u00c1SOK A VIZSG\u00c1LATOK K\u00d6R\u00dcL 4 FMA<\/h2>\n<p>4 FMA szemmel val\u00f3 \u00e9rintkez\u00e9se eset\u00e9n: Szembe ker\u00fcl\u00e9s: Legal\u00e1bb 10-15 percig \u00f3vatosan \u00f6bl\u00edtse ki v\u00edzzel, sz\u00fcks\u00e9g eset\u00e9n vegye le a kontaktlencs\u00e9t. B\u0151rrel val\u00f3 \u00e9rintkez\u00e9s eset\u00e9n: \u00d6bl\u00edtse le v\u00edzzel, lehet\u0151s\u00e9g szerint szappannal is. Bel\u00e9gz\u00e9s eset\u00e9n: Friss leveg\u0151t sz\u00edvni \u00e9s olyan testhelyzetet felvenni, amely el\u0151seg\u00edti a l\u00e9gz\u00e9st.<a href=\"https:\/\/en.wikipedia.org\/w\/index.php?search=4-FEA&amp;title=Special%3ASearch&amp;ns0=1\">.<\/a><\/p>\n<p>Ne tegye ki a 4-FMA-t h\u0151forr\u00e1soknak. Sz\u00e1raz k\u00f6rnyezetben, szobah\u0151m\u00e9rs\u00e9kleten \u00e9s megfelel\u0151 csomagol\u00e1sban t\u00e1rolja. Gyermekek el\u0151l elz\u00e1rva tartand\u00f3. A 4-FEA v\u00e1s\u00e1rl\u00e1s j\u00f3 stabilit\u00e1sa a fenti k\u00f6r\u00fclm\u00e9nyek k\u00f6z\u00f6tt ak\u00e1r k\u00e9t \u00e9vig is eltarthat.<a href=\"https:\/\/rckopen.com\/hu\/termek\/dmc-dimethocaine-freebase\/\">.<\/a><\/p>\n<\/div>\n<\/div>\n<\/div>","protected":false},"excerpt":{"rendered":"<p>IUPAC-n\u00e9v: N-etil-4-fluoro-\u03b1-metil-benzol-etanamin, monohidroklorid<\/p>\n<p><strong>CAS # <\/strong>3823-31-2<\/p>\n<p><strong>M\u00e1sik n\u00e9v: <\/strong>4-Fluor-etamfetamin (hidroklorid)<\/p>\n<p><strong>Megjelen\u00e9s: <\/strong>por<\/p>\n<p><strong>Forma: <\/strong>null<\/p>\n<p><strong>NMR-elemz\u00e9s: <\/strong>C11H16FN - HCl<\/p>","protected":false},"featured_media":6323,"comment_status":"open","ping_status":"closed","template":"","meta":{"_joinchat":[]},"product_brand":[],"product_cat":[127],"product_tag":[],"class_list":{"0":"post-6269","1":"product","2":"type-product","3":"status-publish","4":"has-post-thumbnail","6":"product_cat-amfetamine","8":"first","9":"instock","10":"shipping-taxable","11":"purchasable","12":"product-type-variable"},"yoast_head":"<!-- This site is optimized with the Yoast SEO plugin v26.3 - https:\/\/yoast.com\/wordpress\/plugins\/seo\/ -->\n<title>4-FEA online kopen - 4-FMA te koop<\/title>\n<meta name=\"description\" content=\"4-FEA online kopen, Als je 4-FEA uit onze RC kopen-winkel nog niet hebt geprobeerd, dan mis je veel. Wij helpen u 4-FEA te koop tegen goedkope tarieven te kopen.\" \/>\n<meta name=\"robots\" content=\"index, follow, max-snippet:-1, max-image-preview:large, max-video-preview:-1\" \/>\n<link rel=\"canonical\" href=\"https:\/\/rckopen.com\/hu\/termek\/4-fea\/\" \/>\n<meta property=\"og:locale\" content=\"hu_HU\" \/>\n<meta property=\"og:type\" content=\"article\" \/>\n<meta property=\"og:title\" content=\"4-FEA online kopen - 4-FMA te koop\" \/>\n<meta property=\"og:description\" content=\"4-FEA online kopen, Als je 4-FEA uit onze RC kopen-winkel nog niet hebt geprobeerd, dan mis je veel. Wij helpen u 4-FEA te koop tegen goedkope tarieven te kopen.\" \/>\n<meta property=\"og:url\" content=\"https:\/\/rckopen.com\/hu\/termek\/4-fea\/\" \/>\n<meta property=\"og:site_name\" content=\"RC Kopen\" \/>\n<meta property=\"article:modified_time\" content=\"2025-01-31T05:15:11+00:00\" \/>\n<meta property=\"og:image\" content=\"https:\/\/rckopen.com\/wp-content\/uploads\/2023\/08\/4-FEA.jpg\" \/>\n\t<meta property=\"og:image:width\" content=\"600\" \/>\n\t<meta property=\"og:image:height\" content=\"600\" \/>\n\t<meta property=\"og:image:type\" content=\"image\/jpeg\" \/>\n<meta name=\"twitter:card\" content=\"summary_large_image\" \/>\n<meta name=\"twitter:label1\" content=\"Becs\u00fclt olvas\u00e1si id\u0151\" \/>\n\t<meta name=\"twitter:data1\" content=\"5 perc\" \/>\n<script type=\"application\/ld+json\" class=\"yoast-schema-graph\">{\"@context\":\"https:\/\/schema.org\",\"@graph\":[{\"@type\":\"WebPage\",\"@id\":\"https:\/\/rckopen.com\/product\/4-fea\/\",\"url\":\"https:\/\/rckopen.com\/product\/4-fea\/\",\"name\":\"4-FEA online kopen - 4-FMA te koop\",\"isPartOf\":{\"@id\":\"https:\/\/rckopen.com\/#website\"},\"primaryImageOfPage\":{\"@id\":\"https:\/\/rckopen.com\/product\/4-fea\/#primaryimage\"},\"image\":{\"@id\":\"https:\/\/rckopen.com\/product\/4-fea\/#primaryimage\"},\"thumbnailUrl\":\"https:\/\/rckopen.com\/wp-content\/uploads\/2023\/08\/4-FEA.jpg\",\"datePublished\":\"2023-08-14T08:42:16+00:00\",\"dateModified\":\"2025-01-31T05:15:11+00:00\",\"description\":\"4-FEA online kopen, Als je 4-FEA uit onze RC kopen-winkel nog niet hebt geprobeerd, dan mis je veel. Wij helpen u 4-FEA te koop tegen goedkope tarieven te kopen.\",\"breadcrumb\":{\"@id\":\"https:\/\/rckopen.com\/product\/4-fea\/#breadcrumb\"},\"inLanguage\":\"hu\",\"potentialAction\":[{\"@type\":\"ReadAction\",\"target\":[\"https:\/\/rckopen.com\/product\/4-fea\/\"]}]},{\"@type\":\"ImageObject\",\"inLanguage\":\"hu\",\"@id\":\"https:\/\/rckopen.com\/product\/4-fea\/#primaryimage\",\"url\":\"https:\/\/rckopen.com\/wp-content\/uploads\/2023\/08\/4-FEA.jpg\",\"contentUrl\":\"https:\/\/rckopen.com\/wp-content\/uploads\/2023\/08\/4-FEA.jpg\",\"width\":600,\"height\":600,\"caption\":\"4-FEA online kopen\"},{\"@type\":\"BreadcrumbList\",\"@id\":\"https:\/\/rckopen.com\/product\/4-fea\/#breadcrumb\",\"itemListElement\":[{\"@type\":\"ListItem\",\"position\":1,\"name\":\"Home\",\"item\":\"https:\/\/rckopen.com\/\"},{\"@type\":\"ListItem\",\"position\":2,\"name\":\"Shop\",\"item\":\"https:\/\/rckopen.com\/shop\/\"},{\"@type\":\"ListItem\",\"position\":3,\"name\":\"4-FEA online kopen\"}]},{\"@type\":\"WebSite\",\"@id\":\"https:\/\/rckopen.com\/#website\",\"url\":\"https:\/\/rckopen.com\/\",\"name\":\"RC Kopen\",\"description\":\"Research Chemicals\",\"potentialAction\":[{\"@type\":\"SearchAction\",\"target\":{\"@type\":\"EntryPoint\",\"urlTemplate\":\"https:\/\/rckopen.com\/?s={search_term_string}\"},\"query-input\":{\"@type\":\"PropertyValueSpecification\",\"valueRequired\":true,\"valueName\":\"search_term_string\"}}],\"inLanguage\":\"hu\"}]}<\/script>\n<!-- \/ Yoast SEO plugin. -->","yoast_head_json":{"title":"4-FEA online kopen - 4-FMA te koop","description":"4-FEA online kopen, Als je 4-FEA uit onze RC kopen-winkel nog niet hebt geprobeerd, dan mis je veel. Wij helpen u 4-FEA te koop tegen goedkope tarieven te kopen.","robots":{"index":"index","follow":"follow","max-snippet":"max-snippet:-1","max-image-preview":"max-image-preview:large","max-video-preview":"max-video-preview:-1"},"canonical":"https:\/\/rckopen.com\/hu\/termek\/4-fea\/","og_locale":"hu_HU","og_type":"article","og_title":"4-FEA online kopen - 4-FMA te koop","og_description":"4-FEA online kopen, Als je 4-FEA uit onze RC kopen-winkel nog niet hebt geprobeerd, dan mis je veel. Wij helpen u 4-FEA te koop tegen goedkope tarieven te kopen.","og_url":"https:\/\/rckopen.com\/hu\/termek\/4-fea\/","og_site_name":"RC Kopen","article_modified_time":"2025-01-31T05:15:11+00:00","og_image":[{"width":600,"height":600,"url":"https:\/\/rckopen.com\/wp-content\/uploads\/2023\/08\/4-FEA.jpg","type":"image\/jpeg"}],"twitter_card":"summary_large_image","twitter_misc":{"Becs\u00fclt olvas\u00e1si id\u0151":"5 perc"},"schema":{"@context":"https:\/\/schema.org","@graph":[{"@type":"WebPage","@id":"https:\/\/rckopen.com\/product\/4-fea\/","url":"https:\/\/rckopen.com\/product\/4-fea\/","name":"4-FEA online kopen - 4-FMA te koop","isPartOf":{"@id":"https:\/\/rckopen.com\/#website"},"primaryImageOfPage":{"@id":"https:\/\/rckopen.com\/product\/4-fea\/#primaryimage"},"image":{"@id":"https:\/\/rckopen.com\/product\/4-fea\/#primaryimage"},"thumbnailUrl":"https:\/\/rckopen.com\/wp-content\/uploads\/2023\/08\/4-FEA.jpg","datePublished":"2023-08-14T08:42:16+00:00","dateModified":"2025-01-31T05:15:11+00:00","description":"4-FEA online kopen, Als je 4-FEA uit onze RC kopen-winkel nog niet hebt geprobeerd, dan mis je veel. Wij helpen u 4-FEA te koop tegen goedkope tarieven te kopen.","breadcrumb":{"@id":"https:\/\/rckopen.com\/product\/4-fea\/#breadcrumb"},"inLanguage":"hu","potentialAction":[{"@type":"ReadAction","target":["https:\/\/rckopen.com\/product\/4-fea\/"]}]},{"@type":"ImageObject","inLanguage":"hu","@id":"https:\/\/rckopen.com\/product\/4-fea\/#primaryimage","url":"https:\/\/rckopen.com\/wp-content\/uploads\/2023\/08\/4-FEA.jpg","contentUrl":"https:\/\/rckopen.com\/wp-content\/uploads\/2023\/08\/4-FEA.jpg","width":600,"height":600,"caption":"4-FEA online kopen"},{"@type":"BreadcrumbList","@id":"https:\/\/rckopen.com\/product\/4-fea\/#breadcrumb","itemListElement":[{"@type":"ListItem","position":1,"name":"Home","item":"https:\/\/rckopen.com\/"},{"@type":"ListItem","position":2,"name":"Shop","item":"https:\/\/rckopen.com\/shop\/"},{"@type":"ListItem","position":3,"name":"4-FEA online kopen"}]},{"@type":"WebSite","@id":"https:\/\/rckopen.com\/#website","url":"https:\/\/rckopen.com\/","name":"RC Kopen","description":"Research Chemicals","potentialAction":[{"@type":"SearchAction","target":{"@type":"EntryPoint","urlTemplate":"https:\/\/rckopen.com\/?s={search_term_string}"},"query-input":{"@type":"PropertyValueSpecification","valueRequired":true,"valueName":"search_term_string"}}],"inLanguage":"hu"}]}},"_links":{"self":[{"href":"https:\/\/rckopen.com\/hu\/wp-json\/wp\/v2\/product\/6269","targetHints":{"allow":["GET"]}}],"collection":[{"href":"https:\/\/rckopen.com\/hu\/wp-json\/wp\/v2\/product"}],"about":[{"href":"https:\/\/rckopen.com\/hu\/wp-json\/wp\/v2\/types\/product"}],"replies":[{"embeddable":true,"href":"https:\/\/rckopen.com\/hu\/wp-json\/wp\/v2\/comments?post=6269"}],"wp:featuredmedia":[{"embeddable":true,"href":"https:\/\/rckopen.com\/hu\/wp-json\/wp\/v2\/media\/6323"}],"wp:attachment":[{"href":"https:\/\/rckopen.com\/hu\/wp-json\/wp\/v2\/media?parent=6269"}],"wp:term":[{"taxonomy":"product_brand","embeddable":true,"href":"https:\/\/rckopen.com\/hu\/wp-json\/wp\/v2\/product_brand?post=6269"},{"taxonomy":"product_cat","embeddable":true,"href":"https:\/\/rckopen.com\/hu\/wp-json\/wp\/v2\/product_cat?post=6269"},{"taxonomy":"product_tag","embeddable":true,"href":"https:\/\/rckopen.com\/hu\/wp-json\/wp\/v2\/product_tag?post=6269"}],"curies":[{"name":"wp","href":"https:\/\/api.w.org\/{rel}","templated":true}]}}