{"id":6271,"date":"2023-08-14T08:42:46","date_gmt":"2023-08-14T08:42:46","guid":{"rendered":"https:\/\/diligentplug.com\/chems\/?post_type=product&#038;p=6271"},"modified":"2026-03-03T05:55:29","modified_gmt":"2026-03-03T05:55:29","slug":"2-fea","status":"publish","type":"product","link":"https:\/\/rckopen.com\/hu\/termek\/2-fea\/","title":{"rendered":"V\u00e1s\u00e1roljon 2-FEA-t online"},"content":{"rendered":"<h2><b>V\u00e1s\u00e1rl\u00e1s 2-FEA Online - Pr\u00e9mium 2-Fluor-etilamfetamin elad\u00f3<\/b><\/h2>\n<p><span style=\"font-weight: 400;\">Szeretn\u00e9, hogy <\/span><a href=\"https:\/\/en.wikipedia.org\/wiki\/2-Furylethylamine\"><b>2-FEA online v\u00e1s\u00e1rl\u00e1s<\/b><\/a><span style=\"font-weight: 400;\"> Biztons\u00e1gos \u00e9s megb\u00edzhat\u00f3 m\u00f3don? Kiv\u00e1l\u00f3 min\u0151s\u00e9g\u0171 2-Fluor-etil-amfetaminunk (2-FEA) a stimul\u00e1ns hat\u00e1sok egyed\u00fcl\u00e1ll\u00f3 kever\u00e9k\u00e9t k\u00edn\u00e1lja, jellegzetes k\u00e9miai profillal. Ak\u00e1r tapasztalt felhaszn\u00e1l\u00f3 vagy, ak\u00e1r \u00faj anyagokat kutatsz, a 2-FEA vil\u00e1gszerte egyre n\u00e9pszer\u0171bb.<\/span><\/p>\n<h3><b>Mi az a 2-FEA?<\/b><\/h3>\n<p><span style=\"font-weight: 400;\">A 2-FEA vagy 2-Fluor-etilamfetamin az amfetaminokkal k\u00e9miailag rokon szintetikus stimul\u00e1ns. A szubsztitu\u00e1lt fenetilaminok csal\u00e1dj\u00e1ba tartozik, amelyek energiz\u00e1l\u00f3, hangulatjav\u00edt\u00f3 \u00e9s empatog\u00e9n hat\u00e1saikr\u00f3l ismertek. A 2-FEA a hasonl\u00f3 anyagokkal, mint a 2-FA \u00e9s a klasszikus amfetaminokkal \u00f6sszehasonl\u00edtva kiegyens\u00falyozott \u00e9lm\u00e9nyt ny\u00fajt, finom k\u00fcl\u00f6nbs\u00e9gekkel a hat\u00e1s \u00e9s az id\u0151tartam tekintet\u00e9ben.<\/span><\/p>\n<h3><b>Mi\u00e9rt v\u00e1lik egyre n\u00e9pszer\u0171bb\u00e9 a 2-FEA?<\/b><\/h3>\n<p><span style=\"font-weight: 400;\">A 2-FEA tiszta stimul\u00e1ci\u00f3j\u00e1r\u00f3l \u00e9s kezelhet\u0151 mell\u00e9khat\u00e1sair\u00f3l ismert, ami n\u00e9pszer\u0171v\u00e9 teszi a felhaszn\u00e1l\u00f3k k\u00f6r\u00e9ben, akik megb\u00edzhat\u00f3 energi\u00e1t szeretn\u00e9nek t\u00falzott izgatotts\u00e1g n\u00e9lk\u00fcl. Egyedi k\u00e9miai szerkezete a kutat\u00e1s \u00e9s a szem\u00e9lyes felfedez\u00e9s szempontj\u00e1b\u00f3l is \u00e9rdekess\u00e9 teszi. <strong><a href=\"https:\/\/rckopen.com\/hu\/\">RcKopen<\/a><\/strong><\/span><\/p>\n<h3><b>Jog\u00e1ll\u00e1s \u00e9s szab\u00e1lyoz\u00e1s<\/b><\/h3>\n<p><span style=\"font-weight: 400;\">Miel\u0151tt <\/span><b>2-FEA online rendel\u00e9s<\/b><span style=\"font-weight: 400;\">, fontos, hogy ellen\u0151rizze az \u00d6n orsz\u00e1g\u00e1ban \u00e9rv\u00e9nyes jogi st\u00e1tuszt. A szab\u00e1lyok r\u00e9gi\u00f3nk\u00e9nt nagyon elt\u00e9r\u0151ek, ez\u00e9rt a probl\u00e9m\u00e1k elker\u00fcl\u00e9se \u00e9rdek\u00e9ben gy\u0151z\u0151dj\u00f6n meg arr\u00f3l, hogy ismeri a kutat\u00e1si vegyi anyagokkal kapcsolatos helyi jogszab\u00e1lyokat.<\/span><\/p>\n<h3><b>Hol v\u00e1s\u00e1rolhat 2-FEA-t online?<\/b><\/h3>\n<p><span style=\"font-weight: 400;\">A megb\u00edzhat\u00f3 elad\u00f3 megtal\u00e1l\u00e1sa kulcsfontoss\u00e1g\u00fa. V\u00e1s\u00e1roljon 2-FEA-t csak olyan j\u00f3 h\u00edr\u0171 platformokon, amelyek \u00e1tl\u00e1that\u00f3 term\u00e9kinform\u00e1ci\u00f3kat, f\u00fcggetlen laborat\u00f3riumi vizsg\u00e1latokat \u00e9s pozit\u00edv v\u00e1s\u00e1rl\u00f3i v\u00e9lem\u00e9nyeket k\u00edn\u00e1lnak. A megb\u00edzhat\u00f3 elad\u00f3k garant\u00e1lj\u00e1k a min\u0151s\u00e9get, az adatv\u00e9delmet \u00e9s a biztons\u00e1gos sz\u00e1ll\u00edt\u00e1st.<\/span><\/p>\n<h3><b>Hogyan rendelhetek biztons\u00e1gosan 2-FEA-t online?<\/b><\/h3>\n<p><span style=\"font-weight: 400;\">V\u00e1lasszon olyan elad\u00f3kat, amelyek diszkr\u00e9t csomagol\u00e1st \u00e9s biztons\u00e1gos fizet\u00e9si m\u00f3dokat, p\u00e9ld\u00e1ul kriptovalut\u00e1t vagy hitelk\u00e1rty\u00e1t k\u00edn\u00e1lnak. Keresse a nyomon k\u00f6vet\u00e9ssel ell\u00e1tott sz\u00e1ll\u00edt\u00e1si lehet\u0151s\u00e9geket, hogy nyomon k\u00f6vethesse a megrendel\u00e9s\u00e9t \u00e9s biztos\u00edtsa az adatv\u00e9delmet.<\/span><\/p>\n<h3><b>Term\u00e9kmin\u0151s\u00e9g \u00e9s tesztel\u00e9s<\/b><\/h3>\n<p><span style=\"font-weight: 400;\">A 2-FEA-t mindig olyan f\u00fcggetlen laborat\u00f3riumt\u00f3l sz\u00e1rmaz\u00f3 analitikai tan\u00fas\u00edtv\u00e1nnyal (COA) v\u00e1lassza, amely igazolja a tisztas\u00e1got \u00e9s a szennyez\u0151d\u00e9sek hi\u00e1ny\u00e1t. Ker\u00fclje az egy\u00e9rtelm\u0171 le\u00edr\u00e1s vagy laborat\u00f3riumi jelent\u00e9s n\u00e9lk\u00fcli term\u00e9keket, mivel ez gyenge min\u0151s\u00e9g\u0171 vagy nem biztons\u00e1gos anyagokra utalhat.<\/span><\/p>\n<h3><b>Alkalmaz\u00e1si tippek \u00e9s \u00f3vint\u00e9zked\u00e9sek<\/b><\/h3>\n<p><span style=\"font-weight: 400;\">A 2-FEA-t h\u0171v\u00f6s, sz\u00e1raz, k\u00f6zvetlen napf\u00e9nyt\u0151l v\u00e9dett helyen t\u00e1rolja, hogy meg\u0151rizze hat\u00e1s\u00e1t. Haszn\u00e1lja felel\u0151ss\u00e9gteljesen, kezdje alacsony d\u00f3zisokkal, hogy tesztelje a toleranci\u00e1j\u00e1t, \u00e9s ker\u00fclje a m\u00e1s anyagokkal val\u00f3 kombin\u00e1ci\u00f3t. Figyeljen az olyan lehets\u00e9ges mell\u00e9khat\u00e1sokra, mint a megn\u00f6vekedett pulzussz\u00e1m, szorong\u00e1s vagy \u00e1lmatlans\u00e1g, \u00e9s mell\u00e9khat\u00e1sok eset\u00e9n hagyja abba a haszn\u00e1lat\u00e1t.<\/span><\/p>\n<h3><b>K\u00f6vetkeztet\u00e9s<\/b><\/h3>\n<p><span style=\"font-weight: 400;\">Akarsz <\/span><a href=\"https:\/\/rckopen.com\/hu\/termek\/2-fea\/\"><b>V\u00e1s\u00e1roljon 2-FEA-t online<\/b><\/a><span style=\"font-weight: 400;\"> egy <\/span><b>olcs\u00f3 2-FEA \u00e1r<\/b><span style=\"font-weight: 400;\"> an\u00e9lk\u00fcl, hogy kompromisszumot k\u00f6tn\u00e9nk a min\u0151s\u00e9g ter\u00e9n? Akkor v\u00e1lassza a bizony\u00edtottan j\u00f3 h\u00edrn\u00e9vvel \u00e9s ellen\u0151rz\u00f6tt laborat\u00f3riumi vizsg\u00e1latokkal rendelkez\u0151 forgalmaz\u00f3kat. Mi a <b>legjobb hely a 2-FEA megv\u00e1s\u00e1rl\u00e1s\u00e1ra<\/b><\/span><span style=\"font-weight: 400;\">, biztons\u00e1gos sz\u00e1ll\u00edt\u00e1ssal, kiv\u00e1l\u00f3 \u00fcgyf\u00e9lszolg\u00e1lattal \u00e9s kiv\u00e1l\u00f3 min\u0151s\u00e9g\u0171 term\u00e9kekkel.<\/span><\/p>","protected":false},"excerpt":{"rendered":"<p><strong>IUPAC-n\u00e9v: <\/strong>N-etil-2-fluor-\u03b1-metil-benzol-etanamin, monohidroklorid<\/p>\n<p><strong>CAS # <\/strong>3871-89-4<\/p>\n<p><strong>M\u00e1sik n\u00e9v: <\/strong>2-Fluor-etil-amfetamin<\/p>\n<p><strong>Forma: <\/strong>por<\/p>","protected":false},"featured_media":6325,"comment_status":"open","ping_status":"closed","template":"","meta":{"_joinchat":[]},"product_brand":[],"product_cat":[127],"product_tag":[],"class_list":{"0":"post-6271","1":"product","2":"type-product","3":"status-publish","4":"has-post-thumbnail","6":"product_cat-amfetamine","8":"first","9":"instock","10":"shipping-taxable","11":"purchasable","12":"product-type-variable"},"yoast_head":"<!-- This site is optimized with the Yoast SEO plugin v26.3 - https:\/\/yoast.com\/wordpress\/plugins\/seo\/ -->\n<title>2-FEA online kopen - 2-FEA online te kopen<\/title>\n<meta name=\"description\" content=\"In onze Rc kopen winkel kun je 2-fea goedkoop bestellen. Wij werken alleen met A-kwaliteit producten. nu 2-fea online kopen , 2-FEA kopen\" \/>\n<meta name=\"robots\" content=\"index, follow, max-snippet:-1, max-image-preview:large, max-video-preview:-1\" \/>\n<link rel=\"canonical\" href=\"https:\/\/rckopen.com\/hu\/termek\/2-fea\/\" \/>\n<meta property=\"og:locale\" content=\"hu_HU\" \/>\n<meta property=\"og:type\" content=\"article\" \/>\n<meta property=\"og:title\" content=\"2-FEA online kopen - 2-FEA online te kopen\" \/>\n<meta property=\"og:description\" content=\"In onze Rc kopen winkel kun je 2-fea goedkoop bestellen. Wij werken alleen met A-kwaliteit producten. nu 2-fea online kopen , 2-FEA kopen\" \/>\n<meta property=\"og:url\" content=\"https:\/\/rckopen.com\/hu\/termek\/2-fea\/\" \/>\n<meta property=\"og:site_name\" content=\"RC Kopen\" \/>\n<meta property=\"article:modified_time\" content=\"2026-03-03T05:55:29+00:00\" \/>\n<meta property=\"og:image\" content=\"https:\/\/rckopen.com\/wp-content\/uploads\/2023\/08\/2-FEA.jpg\" \/>\n\t<meta property=\"og:image:width\" content=\"600\" \/>\n\t<meta property=\"og:image:height\" content=\"600\" \/>\n\t<meta property=\"og:image:type\" content=\"image\/jpeg\" \/>\n<meta name=\"twitter:card\" content=\"summary_large_image\" \/>\n<meta name=\"twitter:label1\" content=\"Becs\u00fclt olvas\u00e1si id\u0151\" \/>\n\t<meta name=\"twitter:data1\" content=\"2 perc\" \/>\n<script type=\"application\/ld+json\" class=\"yoast-schema-graph\">{\"@context\":\"https:\/\/schema.org\",\"@graph\":[{\"@type\":\"WebPage\",\"@id\":\"https:\/\/rckopen.com\/product\/2-fea\/\",\"url\":\"https:\/\/rckopen.com\/product\/2-fea\/\",\"name\":\"2-FEA online kopen - 2-FEA online te kopen\",\"isPartOf\":{\"@id\":\"https:\/\/rckopen.com\/#website\"},\"primaryImageOfPage\":{\"@id\":\"https:\/\/rckopen.com\/product\/2-fea\/#primaryimage\"},\"image\":{\"@id\":\"https:\/\/rckopen.com\/product\/2-fea\/#primaryimage\"},\"thumbnailUrl\":\"https:\/\/rckopen.com\/wp-content\/uploads\/2023\/08\/2-FEA.jpg\",\"datePublished\":\"2023-08-14T08:42:46+00:00\",\"dateModified\":\"2026-03-03T05:55:29+00:00\",\"description\":\"In onze Rc kopen winkel kun je 2-fea goedkoop bestellen. Wij werken alleen met A-kwaliteit producten. nu 2-fea online kopen , 2-FEA kopen\",\"breadcrumb\":{\"@id\":\"https:\/\/rckopen.com\/product\/2-fea\/#breadcrumb\"},\"inLanguage\":\"hu\",\"potentialAction\":[{\"@type\":\"ReadAction\",\"target\":[\"https:\/\/rckopen.com\/product\/2-fea\/\"]}]},{\"@type\":\"ImageObject\",\"inLanguage\":\"hu\",\"@id\":\"https:\/\/rckopen.com\/product\/2-fea\/#primaryimage\",\"url\":\"https:\/\/rckopen.com\/wp-content\/uploads\/2023\/08\/2-FEA.jpg\",\"contentUrl\":\"https:\/\/rckopen.com\/wp-content\/uploads\/2023\/08\/2-FEA.jpg\",\"width\":600,\"height\":600,\"caption\":\"2-FEA Online Kopen\"},{\"@type\":\"BreadcrumbList\",\"@id\":\"https:\/\/rckopen.com\/product\/2-fea\/#breadcrumb\",\"itemListElement\":[{\"@type\":\"ListItem\",\"position\":1,\"name\":\"Home\",\"item\":\"https:\/\/rckopen.com\/\"},{\"@type\":\"ListItem\",\"position\":2,\"name\":\"Shop\",\"item\":\"https:\/\/rckopen.com\/shop\/\"},{\"@type\":\"ListItem\",\"position\":3,\"name\":\"2-FEA Online Kopen\"}]},{\"@type\":\"WebSite\",\"@id\":\"https:\/\/rckopen.com\/#website\",\"url\":\"https:\/\/rckopen.com\/\",\"name\":\"RC Kopen\",\"description\":\"Research Chemicals\",\"potentialAction\":[{\"@type\":\"SearchAction\",\"target\":{\"@type\":\"EntryPoint\",\"urlTemplate\":\"https:\/\/rckopen.com\/?s={search_term_string}\"},\"query-input\":{\"@type\":\"PropertyValueSpecification\",\"valueRequired\":true,\"valueName\":\"search_term_string\"}}],\"inLanguage\":\"hu\"}]}<\/script>\n<!-- \/ Yoast SEO plugin. -->","yoast_head_json":{"title":"2-FEA online kopen - 2-FEA online te kopen","description":"In onze Rc kopen winkel kun je 2-fea goedkoop bestellen. Wij werken alleen met A-kwaliteit producten. nu 2-fea online kopen , 2-FEA kopen","robots":{"index":"index","follow":"follow","max-snippet":"max-snippet:-1","max-image-preview":"max-image-preview:large","max-video-preview":"max-video-preview:-1"},"canonical":"https:\/\/rckopen.com\/hu\/termek\/2-fea\/","og_locale":"hu_HU","og_type":"article","og_title":"2-FEA online kopen - 2-FEA online te kopen","og_description":"In onze Rc kopen winkel kun je 2-fea goedkoop bestellen. Wij werken alleen met A-kwaliteit producten. nu 2-fea online kopen , 2-FEA kopen","og_url":"https:\/\/rckopen.com\/hu\/termek\/2-fea\/","og_site_name":"RC Kopen","article_modified_time":"2026-03-03T05:55:29+00:00","og_image":[{"width":600,"height":600,"url":"https:\/\/rckopen.com\/wp-content\/uploads\/2023\/08\/2-FEA.jpg","type":"image\/jpeg"}],"twitter_card":"summary_large_image","twitter_misc":{"Becs\u00fclt olvas\u00e1si id\u0151":"2 perc"},"schema":{"@context":"https:\/\/schema.org","@graph":[{"@type":"WebPage","@id":"https:\/\/rckopen.com\/product\/2-fea\/","url":"https:\/\/rckopen.com\/product\/2-fea\/","name":"2-FEA online kopen - 2-FEA online te kopen","isPartOf":{"@id":"https:\/\/rckopen.com\/#website"},"primaryImageOfPage":{"@id":"https:\/\/rckopen.com\/product\/2-fea\/#primaryimage"},"image":{"@id":"https:\/\/rckopen.com\/product\/2-fea\/#primaryimage"},"thumbnailUrl":"https:\/\/rckopen.com\/wp-content\/uploads\/2023\/08\/2-FEA.jpg","datePublished":"2023-08-14T08:42:46+00:00","dateModified":"2026-03-03T05:55:29+00:00","description":"In onze Rc kopen winkel kun je 2-fea goedkoop bestellen. Wij werken alleen met A-kwaliteit producten. nu 2-fea online kopen , 2-FEA kopen","breadcrumb":{"@id":"https:\/\/rckopen.com\/product\/2-fea\/#breadcrumb"},"inLanguage":"hu","potentialAction":[{"@type":"ReadAction","target":["https:\/\/rckopen.com\/product\/2-fea\/"]}]},{"@type":"ImageObject","inLanguage":"hu","@id":"https:\/\/rckopen.com\/product\/2-fea\/#primaryimage","url":"https:\/\/rckopen.com\/wp-content\/uploads\/2023\/08\/2-FEA.jpg","contentUrl":"https:\/\/rckopen.com\/wp-content\/uploads\/2023\/08\/2-FEA.jpg","width":600,"height":600,"caption":"2-FEA Online Kopen"},{"@type":"BreadcrumbList","@id":"https:\/\/rckopen.com\/product\/2-fea\/#breadcrumb","itemListElement":[{"@type":"ListItem","position":1,"name":"Home","item":"https:\/\/rckopen.com\/"},{"@type":"ListItem","position":2,"name":"Shop","item":"https:\/\/rckopen.com\/shop\/"},{"@type":"ListItem","position":3,"name":"2-FEA Online Kopen"}]},{"@type":"WebSite","@id":"https:\/\/rckopen.com\/#website","url":"https:\/\/rckopen.com\/","name":"RC Kopen","description":"Research Chemicals","potentialAction":[{"@type":"SearchAction","target":{"@type":"EntryPoint","urlTemplate":"https:\/\/rckopen.com\/?s={search_term_string}"},"query-input":{"@type":"PropertyValueSpecification","valueRequired":true,"valueName":"search_term_string"}}],"inLanguage":"hu"}]}},"_links":{"self":[{"href":"https:\/\/rckopen.com\/hu\/wp-json\/wp\/v2\/product\/6271","targetHints":{"allow":["GET"]}}],"collection":[{"href":"https:\/\/rckopen.com\/hu\/wp-json\/wp\/v2\/product"}],"about":[{"href":"https:\/\/rckopen.com\/hu\/wp-json\/wp\/v2\/types\/product"}],"replies":[{"embeddable":true,"href":"https:\/\/rckopen.com\/hu\/wp-json\/wp\/v2\/comments?post=6271"}],"wp:featuredmedia":[{"embeddable":true,"href":"https:\/\/rckopen.com\/hu\/wp-json\/wp\/v2\/media\/6325"}],"wp:attachment":[{"href":"https:\/\/rckopen.com\/hu\/wp-json\/wp\/v2\/media?parent=6271"}],"wp:term":[{"taxonomy":"product_brand","embeddable":true,"href":"https:\/\/rckopen.com\/hu\/wp-json\/wp\/v2\/product_brand?post=6271"},{"taxonomy":"product_cat","embeddable":true,"href":"https:\/\/rckopen.com\/hu\/wp-json\/wp\/v2\/product_cat?post=6271"},{"taxonomy":"product_tag","embeddable":true,"href":"https:\/\/rckopen.com\/hu\/wp-json\/wp\/v2\/product_tag?post=6271"}],"curies":[{"name":"wp","href":"https:\/\/api.w.org\/{rel}","templated":true}]}}