{"id":6272,"date":"2023-08-14T08:45:05","date_gmt":"2023-08-14T08:45:05","guid":{"rendered":"https:\/\/diligentplug.com\/chems\/?post_type=product&#038;p=6272"},"modified":"2025-02-06T06:34:26","modified_gmt":"2025-02-06T06:34:26","slug":"pyrazolam","status":"publish","type":"product","link":"https:\/\/rckopen.com\/hu\/termek\/pyrazolam\/","title":{"rendered":"Pirazolam online v\u00e1s\u00e1rl\u00e1sa"},"content":{"rendered":"<h2>Pirazolam online v\u00e1s\u00e1rl\u00e1sa<\/h2>\n<p>A legjobbak kiv\u00e9telesen diszkr\u00e9t sz\u00e1ll\u00edt\u00e1sa <a href=\"https:\/\/rckopen.com\/hu\/termek\/pyrazolam\/\">Pirazol\u00e1m pelletek<\/a> (25x3mg).<\/p>\n<p>A 19.30-as munkanap egyszer\u0171en fantasztikus!<\/p>\n<p>Waarschuwing: 21 \u00e9vn\u00e9l fiatalabbakt\u00f3l nem v\u00e1s\u00e1rolunk.<\/p>\n<p>Ez a term\u00e9k, a Pyrazolam Pellets (25x3mg) k\u00e1ros lehet \u00e9s fogyaszt\u00e1sra nem alkalmas. Legyen tudat\u00e1ban annak, hogy a biztons\u00e1gi utas\u00edt\u00e1saink be nem tart\u00e1sa s\u00falyos eg\u00e9szs\u00e9g\u00fcgyi kock\u00e1zatokat okozhat? \u00c9rdekelnek biztons\u00e1gi el\u0151\u00edr\u00e1saink?<\/p>\n<h3>Pirazolam online v\u00e1s\u00e1rl\u00e1sa<\/h3>\n<p>A pirazol\u00e1mot el\u0151sz\u00f6r 1976-ban vezett\u00e9k be, \u00e9s 2016-ban ker\u00fclt forgalomba. A bromazol\u00e1mhoz, a norflurazepamhoz \u00e9s a dezkl\u00f3retizol\u00e1mhoz hasonl\u00f3an a pirazolam k\u00e9miailag hasonl\u00f3 a benzodiazepinekhez. Pyrazolam pelletet \u00e1rulunk 25x 3mg-os darabokban. Egy ilyen term\u00e9k ide\u00e1lis onderzoeksdoeleinden, \u00e9s hat\u00e1rozottan nem alkalmas fogyaszt\u00e1sra. Miel\u0151tt meg\u00e9p\u00edtette, gyerek volt \u00e9s h\u00e1ziasszony. K\u00f6sz\u00f6nj\u00fck, hogy weboldalunk veiligheidsvoorschriftenj\u00e9t haszn\u00e1lja. Minden term\u00e9k\u00fcnket Hollandia eg\u00e9sz ter\u00fclet\u00e9n sz\u00e1ll\u00edtjuk. <a href=\"https:\/\/rckopen.com\/hu\/\">RC Kopen<\/a><\/p>\n<h3>A pirazolam megsemmis\u00edt\u00e9se<\/h3>\n<p>A Pyrazolam pelletek k\u00fcl\u00f6nb\u00f6z\u0151 sz\u00edn\u0171 \u00e9s vastags\u00e1g\u00fa zakjes csomagol\u00e1sban vannak:<br \/>\nArany = kett\u0151, lila = \u00f6t, k\u00e9k = t\u00edz, fekete = huszon\u00f6t, ez\u00fcst = egy.<\/p>\n<p>Tekintse meg a csomagt\u00e1j\u00e9koztat\u00f3t itt.<br \/>\nTekintse meg a csomagt\u00e1j\u00e9koztat\u00f3t itt.<\/p>","protected":false},"excerpt":{"rendered":"<p><strong>IUPAC-n\u00e9v: <\/strong>8-Bromo-1-methyl-6-(pyridin-2-yl)-4H-[1,2,4]triazolo[4,3-a][1,4]benzodiazepine<\/p>\n<p><strong>CAS # <\/strong>39243-02-2<\/p>\n<p><strong>Megjelen\u00e9s: <\/strong>por<\/p>\n<p><strong>Forma: <\/strong>por<\/p>\n<p><strong>NMR-elemz\u00e9s: <\/strong>C16H12BrN5<\/p>","protected":false},"featured_media":6326,"comment_status":"open","ping_status":"closed","template":"","meta":{"_joinchat":[]},"product_brand":[],"product_cat":[128],"product_tag":[],"class_list":{"0":"post-6272","1":"product","2":"type-product","3":"status-publish","4":"has-post-thumbnail","6":"product_cat-benzodiazepinen","8":"first","9":"instock","10":"shipping-taxable","11":"purchasable","12":"product-type-variable"},"yoast_head":"<!-- This site is optimized with the Yoast SEO plugin v26.3 - https:\/\/yoast.com\/wordpress\/plugins\/seo\/ -->\n<title>Pyrazolam online kopen - Pyrazolam te koop | RC Kopen<\/title>\n<meta name=\"description\" content=\"Pyrazolam online kopen in onze vertrouwde RC Kopen-winkel. Hier is de kans om Pyrazolam te koop te kopen tegen goedkope prijzen. Plaats uw bestelling en ontvang uw product op tijd.\" \/>\n<meta name=\"robots\" content=\"index, follow, max-snippet:-1, max-image-preview:large, max-video-preview:-1\" \/>\n<link rel=\"canonical\" href=\"https:\/\/rckopen.com\/hu\/termek\/pyrazolam\/\" \/>\n<meta property=\"og:locale\" content=\"hu_HU\" \/>\n<meta property=\"og:type\" content=\"article\" \/>\n<meta property=\"og:title\" content=\"Pyrazolam online kopen - Pyrazolam te koop | RC Kopen\" \/>\n<meta property=\"og:description\" content=\"Pyrazolam online kopen in onze vertrouwde RC Kopen-winkel. Hier is de kans om Pyrazolam te koop te kopen tegen goedkope prijzen. Plaats uw bestelling en ontvang uw product op tijd.\" \/>\n<meta property=\"og:url\" content=\"https:\/\/rckopen.com\/hu\/termek\/pyrazolam\/\" \/>\n<meta property=\"og:site_name\" content=\"RC Kopen\" \/>\n<meta property=\"article:modified_time\" content=\"2025-02-06T06:34:26+00:00\" \/>\n<meta property=\"og:image\" content=\"https:\/\/rckopen.com\/wp-content\/uploads\/2023\/08\/Pyrazolam.jpg\" \/>\n\t<meta property=\"og:image:width\" content=\"600\" \/>\n\t<meta property=\"og:image:height\" content=\"600\" \/>\n\t<meta property=\"og:image:type\" content=\"image\/jpeg\" \/>\n<meta name=\"twitter:card\" content=\"summary_large_image\" \/>\n<meta name=\"twitter:label1\" content=\"Becs\u00fclt olvas\u00e1si id\u0151\" \/>\n\t<meta name=\"twitter:data1\" content=\"1 perc\" \/>\n<script type=\"application\/ld+json\" class=\"yoast-schema-graph\">{\"@context\":\"https:\/\/schema.org\",\"@graph\":[{\"@type\":\"WebPage\",\"@id\":\"https:\/\/rckopen.com\/product\/pyrazolam\/\",\"url\":\"https:\/\/rckopen.com\/product\/pyrazolam\/\",\"name\":\"Pyrazolam online kopen - Pyrazolam te koop | RC Kopen\",\"isPartOf\":{\"@id\":\"https:\/\/rckopen.com\/#website\"},\"primaryImageOfPage\":{\"@id\":\"https:\/\/rckopen.com\/product\/pyrazolam\/#primaryimage\"},\"image\":{\"@id\":\"https:\/\/rckopen.com\/product\/pyrazolam\/#primaryimage\"},\"thumbnailUrl\":\"https:\/\/rckopen.com\/wp-content\/uploads\/2023\/08\/Pyrazolam.jpg\",\"datePublished\":\"2023-08-14T08:45:05+00:00\",\"dateModified\":\"2025-02-06T06:34:26+00:00\",\"description\":\"Pyrazolam online kopen in onze vertrouwde RC Kopen-winkel. Hier is de kans om Pyrazolam te koop te kopen tegen goedkope prijzen. Plaats uw bestelling en ontvang uw product op tijd.\",\"breadcrumb\":{\"@id\":\"https:\/\/rckopen.com\/product\/pyrazolam\/#breadcrumb\"},\"inLanguage\":\"hu\",\"potentialAction\":[{\"@type\":\"ReadAction\",\"target\":[\"https:\/\/rckopen.com\/product\/pyrazolam\/\"]}]},{\"@type\":\"ImageObject\",\"inLanguage\":\"hu\",\"@id\":\"https:\/\/rckopen.com\/product\/pyrazolam\/#primaryimage\",\"url\":\"https:\/\/rckopen.com\/wp-content\/uploads\/2023\/08\/Pyrazolam.jpg\",\"contentUrl\":\"https:\/\/rckopen.com\/wp-content\/uploads\/2023\/08\/Pyrazolam.jpg\",\"width\":600,\"height\":600,\"caption\":\"Pyrazolam online kopen\"},{\"@type\":\"BreadcrumbList\",\"@id\":\"https:\/\/rckopen.com\/product\/pyrazolam\/#breadcrumb\",\"itemListElement\":[{\"@type\":\"ListItem\",\"position\":1,\"name\":\"Home\",\"item\":\"https:\/\/rckopen.com\/\"},{\"@type\":\"ListItem\",\"position\":2,\"name\":\"Shop\",\"item\":\"https:\/\/rckopen.com\/shop\/\"},{\"@type\":\"ListItem\",\"position\":3,\"name\":\"Pyrazolam online kopen\"}]},{\"@type\":\"WebSite\",\"@id\":\"https:\/\/rckopen.com\/#website\",\"url\":\"https:\/\/rckopen.com\/\",\"name\":\"RC Kopen\",\"description\":\"Research Chemicals\",\"potentialAction\":[{\"@type\":\"SearchAction\",\"target\":{\"@type\":\"EntryPoint\",\"urlTemplate\":\"https:\/\/rckopen.com\/?s={search_term_string}\"},\"query-input\":{\"@type\":\"PropertyValueSpecification\",\"valueRequired\":true,\"valueName\":\"search_term_string\"}}],\"inLanguage\":\"hu\"}]}<\/script>\n<!-- \/ Yoast SEO plugin. -->","yoast_head_json":{"title":"Pyrazolam online kopen - Pyrazolam te koop | RC Kopen","description":"Pyrazolam online kopen in onze vertrouwde RC Kopen-winkel. Hier is de kans om Pyrazolam te koop te kopen tegen goedkope prijzen. Plaats uw bestelling en ontvang uw product op tijd.","robots":{"index":"index","follow":"follow","max-snippet":"max-snippet:-1","max-image-preview":"max-image-preview:large","max-video-preview":"max-video-preview:-1"},"canonical":"https:\/\/rckopen.com\/hu\/termek\/pyrazolam\/","og_locale":"hu_HU","og_type":"article","og_title":"Pyrazolam online kopen - Pyrazolam te koop | RC Kopen","og_description":"Pyrazolam online kopen in onze vertrouwde RC Kopen-winkel. Hier is de kans om Pyrazolam te koop te kopen tegen goedkope prijzen. Plaats uw bestelling en ontvang uw product op tijd.","og_url":"https:\/\/rckopen.com\/hu\/termek\/pyrazolam\/","og_site_name":"RC Kopen","article_modified_time":"2025-02-06T06:34:26+00:00","og_image":[{"width":600,"height":600,"url":"https:\/\/rckopen.com\/wp-content\/uploads\/2023\/08\/Pyrazolam.jpg","type":"image\/jpeg"}],"twitter_card":"summary_large_image","twitter_misc":{"Becs\u00fclt olvas\u00e1si id\u0151":"1 perc"},"schema":{"@context":"https:\/\/schema.org","@graph":[{"@type":"WebPage","@id":"https:\/\/rckopen.com\/product\/pyrazolam\/","url":"https:\/\/rckopen.com\/product\/pyrazolam\/","name":"Pyrazolam online kopen - Pyrazolam te koop | RC Kopen","isPartOf":{"@id":"https:\/\/rckopen.com\/#website"},"primaryImageOfPage":{"@id":"https:\/\/rckopen.com\/product\/pyrazolam\/#primaryimage"},"image":{"@id":"https:\/\/rckopen.com\/product\/pyrazolam\/#primaryimage"},"thumbnailUrl":"https:\/\/rckopen.com\/wp-content\/uploads\/2023\/08\/Pyrazolam.jpg","datePublished":"2023-08-14T08:45:05+00:00","dateModified":"2025-02-06T06:34:26+00:00","description":"Pyrazolam online kopen in onze vertrouwde RC Kopen-winkel. Hier is de kans om Pyrazolam te koop te kopen tegen goedkope prijzen. Plaats uw bestelling en ontvang uw product op tijd.","breadcrumb":{"@id":"https:\/\/rckopen.com\/product\/pyrazolam\/#breadcrumb"},"inLanguage":"hu","potentialAction":[{"@type":"ReadAction","target":["https:\/\/rckopen.com\/product\/pyrazolam\/"]}]},{"@type":"ImageObject","inLanguage":"hu","@id":"https:\/\/rckopen.com\/product\/pyrazolam\/#primaryimage","url":"https:\/\/rckopen.com\/wp-content\/uploads\/2023\/08\/Pyrazolam.jpg","contentUrl":"https:\/\/rckopen.com\/wp-content\/uploads\/2023\/08\/Pyrazolam.jpg","width":600,"height":600,"caption":"Pyrazolam online kopen"},{"@type":"BreadcrumbList","@id":"https:\/\/rckopen.com\/product\/pyrazolam\/#breadcrumb","itemListElement":[{"@type":"ListItem","position":1,"name":"Home","item":"https:\/\/rckopen.com\/"},{"@type":"ListItem","position":2,"name":"Shop","item":"https:\/\/rckopen.com\/shop\/"},{"@type":"ListItem","position":3,"name":"Pyrazolam online kopen"}]},{"@type":"WebSite","@id":"https:\/\/rckopen.com\/#website","url":"https:\/\/rckopen.com\/","name":"RC Kopen","description":"Research Chemicals","potentialAction":[{"@type":"SearchAction","target":{"@type":"EntryPoint","urlTemplate":"https:\/\/rckopen.com\/?s={search_term_string}"},"query-input":{"@type":"PropertyValueSpecification","valueRequired":true,"valueName":"search_term_string"}}],"inLanguage":"hu"}]}},"_links":{"self":[{"href":"https:\/\/rckopen.com\/hu\/wp-json\/wp\/v2\/product\/6272","targetHints":{"allow":["GET"]}}],"collection":[{"href":"https:\/\/rckopen.com\/hu\/wp-json\/wp\/v2\/product"}],"about":[{"href":"https:\/\/rckopen.com\/hu\/wp-json\/wp\/v2\/types\/product"}],"replies":[{"embeddable":true,"href":"https:\/\/rckopen.com\/hu\/wp-json\/wp\/v2\/comments?post=6272"}],"wp:featuredmedia":[{"embeddable":true,"href":"https:\/\/rckopen.com\/hu\/wp-json\/wp\/v2\/media\/6326"}],"wp:attachment":[{"href":"https:\/\/rckopen.com\/hu\/wp-json\/wp\/v2\/media?parent=6272"}],"wp:term":[{"taxonomy":"product_brand","embeddable":true,"href":"https:\/\/rckopen.com\/hu\/wp-json\/wp\/v2\/product_brand?post=6272"},{"taxonomy":"product_cat","embeddable":true,"href":"https:\/\/rckopen.com\/hu\/wp-json\/wp\/v2\/product_cat?post=6272"},{"taxonomy":"product_tag","embeddable":true,"href":"https:\/\/rckopen.com\/hu\/wp-json\/wp\/v2\/product_tag?post=6272"}],"curies":[{"name":"wp","href":"https:\/\/api.w.org\/{rel}","templated":true}]}}