{"id":6335,"date":"2023-08-14T10:37:18","date_gmt":"2023-08-14T10:37:18","guid":{"rendered":"https:\/\/diligentplug.com\/chems\/?post_type=product&#038;p=6335"},"modified":"2025-02-03T05:49:16","modified_gmt":"2025-02-03T05:49:16","slug":"bromonordiazepam","status":"publish","type":"product","link":"https:\/\/rckopen.com\/hu\/termek\/bromonordiazepam\/","title":{"rendered":"v\u00e1s\u00e1roljon bromonordiazep\u00e1mot online"},"content":{"rendered":"<h2>Algemene informatie Bromonordiazepam online kopen<\/h2>\n<p>A bromazepam egy benzodiazepin. Els\u0151sorban szorong\u00e1sold\u00f3 gy\u00f3gyszer, amelynek ut\u00f3hat\u00e1sai a diazep\u00e1mhoz (v\u00e1lium) hasonl\u00f3ak. A bromazep\u00e1mot nemcsak fesz\u00fclts\u00e9g vagy d\u00fchrohamok kezel\u00e9s\u00e9re haszn\u00e1lj\u00e1k, hanem kisebb orvosi beavatkoz\u00e1sok el\u0151tti premedik\u00e1ci\u00f3k\u00e9nt is alkalmazhat\u00f3. A bromazepam rendszeresen 3 mg-os \u00e9s 6 mg-os tablett\u00e1kb\u00f3l \u00e1ll\u00f3 adagokban ker\u00fcl forgalomba.<\/p>\n<p>A Roche 1961-ben enged\u00e9lyezte, \u00e9s 1974-ben enged\u00e9lyezte klinikai alkalmaz\u00e1sra.<\/p>\n<p>A bromazepam \u00e9jszakai bead\u00e1sa ut\u00e1n a gyomorsavszekr\u00e9ci\u00f3 nagyon er\u0151teljes cs\u00f6kken\u00e9se k\u00f6vetkezik be a pihen\u00e9s alatt, amelyet a gyomorsav tesztanyag m\u00e1snap kiv\u00e9telesen kritikus visszaes\u00e9se k\u00f6vet.<\/p>\n<h3>A bromonordiazep\u00e1m k\u00e9miai \u00f6sszet\u00e9tele<\/h3>\n<p>Hagyom\u00e1nyos neve 7-brom-1,3-dihidro-5-fenil-2H-1,4-benzodiazepin-2-on. A bromazep\u00e1m molekul\u00e1ris egyenlete C15H11BrN2O. A bromazepam a benzodiazepin metabolitjak\u00e9nt besorolt tudom\u00e1nyos referenciastandard.1 A desalkilgidazepam a gidazepam metabolitja. Ezt a felt\u00e1r\u00f3 vegy\u00fcletet t\u00f6rv\u00e9nysz\u00e9ki \u00e9s kutat\u00e1si alkalmaz\u00e1sokra tervezik.<\/p>\n<h3>A bromonordiazep\u00e1m farmakol\u00f3gi\u00e1ja<\/h3>\n<p>A bromazep\u00e1m egy \"klasszikus\" benzodiazepin; m\u00e1s r\u00e9gi t\u00edpus\u00fa benzodiazepinek: diazep\u00e1m, klonazep\u00e1m, oxazep\u00e1m, lorazep\u00e1m, nitrazep\u00e1m, flurazep\u00e1m \u00e9s klorazep\u00e1t. A molekulaszerkezet egy benzolgy\u0171r\u0171vel \u00e9s egy piridingy\u0171r\u0171vel t\u00e1rs\u00edtott diazepinb\u0151l \u00e1ll, ahol a benzolgy\u0171r\u0171ben egy mag\u00e1nyos nitrog\u00e9n r\u00e9szecske van, amely a gy\u0171r\u0171szerkezetben az egyik sz\u00e9nmolekul\u00e1t helyettes\u00edti. Ez egy 1,4-benzodiazepin, ami azt jelenti, hogy a h\u00e9toldal\u00fa diazepingy\u0171r\u0171 nitrog\u00e9natomjai az 1 \u00e9s 4 poz\u00edci\u00f3ban vannak.<\/p>\n<p>A bromazepam a GABA receptor GABAA-hoz k\u00f6t\u0151dik, konform\u00e1ci\u00f3s v\u00e1ltoz\u00e1st okozva \u00e9s kiterjesztve a GABA g\u00e1tl\u00f3 hat\u00e1s\u00e1t. Pozit\u00edv modul\u00e1tork\u00e9nt viselkedik, \u00e9s a receptorv\u00e1laszt fejleszti, ha maga a GABA vagy egy agonista (p\u00e9ld\u00e1ul szesz) ind\u00edtja be. A barbital helyett a BZD-k nem GABA-receptor-aktiv\u00e1torok, \u00e9s a szinapszis biol\u00f3giai aktivit\u00e1s\u00e1nak meghosszabb\u00edt\u00e1s\u00e1ra t\u00e1maszkodnak. A bromazepam egy f\u00e9lakt\u00edv benzodiazepin, a csoportj\u00e1ba tartoz\u00f3 t\u00f6bbi anyagt\u00f3l elt\u00e9r\u0151en m\u00e9rs\u00e9kelten lipofil, \u00e9s oxidat\u00edv \u00faton hasznosul a m\u00e1jban. Nincs stimul\u00e1ns vagy antipszichotikus tulajdons\u00e1ga.<\/p>\n<h3>V\u00e1s\u00e1roljon kiv\u00e1l\u00f3 min\u0151s\u00e9g\u0171 bromonordiazepam port online<\/h3>\n<p>Az RC Buy sok\u00e9ves tapasztalattal rendelkezik a kutat\u00e1si vegyszertervez\u0151 iparban, ami lehet\u0151v\u00e9 teszi sz\u00e1munkra, hogy biztos\u00edtsuk a kutat\u00e1si vegyszerek legmagasabb min\u0151s\u00e9g\u00e9t. A kutat\u00e1si vegyszer csapat \u00e9rt\u00e9kes\u00edti a bromonordiazep\u00e1mot \u00e9s a 2,5 mg-os pelleteket. A kutat\u00e1si vegyi anyagok, bele\u00e9rtve a bromonordiazep\u00e1mot is, megfelelnek minden biztons\u00e1gi k\u00f6vetelm\u00e9nynek. A kutat\u00e1si vegyszereket gondosan elosztjuk \u00e9s h\u0171v\u00f6s, sz\u00e1raz helyen t\u00e1roljuk.<\/p>\n<p>Minden term\u00e9ket rendszeresen ellen\u0151riznek min\u0151s\u00e9g, tisztas\u00e1g \u00e9s biztons\u00e1g szempontj\u00e1b\u00f3l. A bromonordiazep\u00e1mot mindig szobah\u0151m\u00e9rs\u00e9kleten, gyermekek \u00e9s h\u00e1zi\u00e1llatok el\u0151l elz\u00e1rva t\u00e1rolja. Bromonordiazep\u00e1munk nem szem\u00e9lyes haszn\u00e1latra k\u00e9sz\u00fclt. Kiz\u00e1r\u00f3lag kutat\u00e1si c\u00e9lokra szolg\u00e1l.<\/p>\n<p>Nem szabad alkohollal vagy kutat\u00e1si vegyszerekkel keverni, amikor ezt a kutat\u00e1si vegyszert vizsg\u00e1lja!V\u00e1s\u00e1roljon bromonordizep\u00e1m port online RC V\u00e1s\u00e1rl\u00e1s. Minden term\u00e9k\u00fcnk tisztess\u00e9ges \u00e1ron!<\/p>\n<h3>Laborat\u00f3riumban vizsg\u00e1lt bromonordiazep\u00e1m eredm\u00e9nyekkel.<\/h3>\n<p>Meg\u00fajul\u00f3 el\u0151rel\u00e9p\u00e9st tesz \u00fcgyfelei \u00e1ltal\u00e1nos kiel\u00e9g\u00edt\u00e9se \u00e9rdek\u00e9ben. Sz\u00e1mos felm\u00e9r\u00e9s kimutatta, hogy az \u00fcgyfelek a szintetikus kutat\u00e1si vegyszerek v\u00e1s\u00e1rl\u00e1sa el\u0151tt a v\u00e1rtn\u00e1l t\u00f6bb adatot k\u00e9rnek. Ezenk\u00edv\u00fcl minden egyes kutat\u00e1si vegyi anyag \u00f6sszes laborat\u00f3riumi k\u00f6vetkezm\u00e9ny\u00e9t k\u00f6zz\u00e9tessz\u00fck egy PDF-nyilv\u00e1ntart\u00e1sban.<\/p>\n<p>A mi bromonordiazep\u00e1munk k\u00f6vetkezetesen megfelel a hat\u00f3anyagoknak, \u00e9s mindenki sz\u00e1m\u00e1ra egy\u00e9rtelm\u0171.<\/p>\n<p>Minden egyes kutat\u00e1si vegyszer \u00f6sszes laborat\u00f3riumi k\u00f6vetkezm\u00e9ny\u00e9t PDF-dokumentumon terjesztj\u00fck.<\/p>\n<h3>Biztons\u00e1gos rendel\u00e9s a bromonordiazepamn\u00e1l.<\/h3>\n<p>Az RCKOPEN diz\u00e1jner kutat\u00e1si vegyszerek kiv\u00e1l\u00f3 min\u0151s\u00e9g\u0171ek \u00e9s m\u00e9lt\u00e1nyos \u00e1raik vannak. Ez\u00e9rt ha kutat\u00e1si vegyszereit k\u00e9ri a TRRC SHOP-t\u00f3l, garant\u00e1ljuk, hogy k\u00e9r\u00e9s\u00e9t gyorsan \u00e9s biztons\u00e1gosan elk\u00fcldj\u00fck kutat\u00f3laborat\u00f3rium\u00e1ba, mivel a kutat\u00e1si vegyszerek \u00e9rt\u00e9kes\u00edt\u00e9se mindig el\u00e9rhet\u0151 az RCKOPEN-en.<\/p>\n<p>Az RCKOPEN-n\u00e9l egyszer\u0171 a szintetikus kutat\u00e1si vegy\u00fcletek k\u00e9r\u00e9se Bitcoinnal vagy banki \u00e1tutal\u00e1ssal.<\/p>\n<p>A kutat\u00e1si vegyszereket ugyanazon a munkanapon sz\u00e1ll\u00edtjuk, ha a fizet\u00e9s 15:00 CEST el\u0151tt be\u00e9rkezik.<\/p>\n<p>18 \u00e9ven aluliaknak nem sz\u00e1ll\u00edtunk!<\/p>\n<p>Az elad\u00f3 bromonordiazepam kiz\u00e1r\u00f3lag kutat\u00e1si c\u00e9lokat szolg\u00e1l.<\/p>\n<h3>A kutat\u00e1si vegyszerek diszkr\u00e9t sz\u00e1ll\u00edt\u00e1sa.<\/h3>\n<p>Az RCKOPEN kisz\u00e1ll\u00edtja rendel\u00e9s\u00e9t Bromonor Diazepam v\u00e1s\u00e1rl\u00e1sa online \u2013 Bromonor Diazepam elad\u00f3 | RC V\u00e1s\u00e1roljon biztons\u00e1gosan \u00e9s csomagolja be a j\u00f3 sz\u00e1ll\u00edt\u00e1s \u00e9rdek\u00e9ben. R\u00e1ad\u00e1sul t\u00f6k\u00e9letesen \u00e9szrev\u00e9tlen\u00fcl pakolunk, \u00e9s semmi nem l\u00e1tszik a k\u00edv\u00fclr\u0151l, ami benne lehet.<\/p>","protected":false},"excerpt":{"rendered":"<p><strong>IUPAC-n\u00e9v: <\/strong>7-bromo-5-phenyl-1,3-dihydro-1,4-benzodiazepin-2-one<\/p>\n<p><strong>CAS # <\/strong>2894-61-3<\/p>\n<p><strong>M\u00e1sik n\u00e9v: <\/strong>desalkylgidazepam<\/p>\n<p><strong>Forma: <\/strong>por<\/p>\n<p><strong>NMR-elemz\u00e9s: <\/strong>C15H11BrN2O<\/p>","protected":false},"featured_media":6351,"comment_status":"open","ping_status":"closed","template":"","meta":{"_joinchat":[]},"product_brand":[],"product_cat":[128],"product_tag":[],"class_list":{"0":"post-6335","1":"product","2":"type-product","3":"status-publish","4":"has-post-thumbnail","6":"product_cat-benzodiazepinen","8":"first","9":"instock","10":"shipping-taxable","11":"purchasable","12":"product-type-variable"},"yoast_head":"<!-- This site is optimized with the Yoast SEO plugin v26.3 - https:\/\/yoast.com\/wordpress\/plugins\/seo\/ -->\n<title>Koop Bromonor Diazepam online - Bromonor Diazepam te koop | RC Kopen<\/title>\n<meta name=\"description\" content=\"U kunt Bromonordiazepam te koop krijgen in onze winkel en het zonder problemen bij u thuis krijgen. Wij helpen u broomordiazepam online te kopen. Bestel nu!\" \/>\n<meta name=\"robots\" content=\"index, follow, max-snippet:-1, max-image-preview:large, max-video-preview:-1\" \/>\n<link rel=\"canonical\" href=\"https:\/\/rckopen.com\/hu\/termek\/bromonordiazepam\/\" \/>\n<meta property=\"og:locale\" content=\"hu_HU\" \/>\n<meta property=\"og:type\" content=\"article\" \/>\n<meta property=\"og:title\" content=\"Koop Bromonor Diazepam online - Bromonor Diazepam te koop | RC Kopen\" \/>\n<meta property=\"og:description\" content=\"U kunt Bromonordiazepam te koop krijgen in onze winkel en het zonder problemen bij u thuis krijgen. Wij helpen u broomordiazepam online te kopen. Bestel nu!\" \/>\n<meta property=\"og:url\" content=\"https:\/\/rckopen.com\/hu\/termek\/bromonordiazepam\/\" \/>\n<meta property=\"og:site_name\" content=\"RC Kopen\" \/>\n<meta property=\"article:modified_time\" content=\"2025-02-03T05:49:16+00:00\" \/>\n<meta property=\"og:image\" content=\"https:\/\/rckopen.com\/wp-content\/uploads\/2023\/08\/Bromazolam.jpg\" \/>\n\t<meta property=\"og:image:width\" content=\"600\" \/>\n\t<meta property=\"og:image:height\" content=\"600\" \/>\n\t<meta property=\"og:image:type\" content=\"image\/jpeg\" \/>\n<meta name=\"twitter:card\" content=\"summary_large_image\" \/>\n<meta name=\"twitter:label1\" content=\"Becs\u00fclt olvas\u00e1si id\u0151\" \/>\n\t<meta name=\"twitter:data1\" content=\"4 perc\" \/>\n<script type=\"application\/ld+json\" class=\"yoast-schema-graph\">{\"@context\":\"https:\/\/schema.org\",\"@graph\":[{\"@type\":\"WebPage\",\"@id\":\"https:\/\/rckopen.com\/product\/bromonordiazepam\/\",\"url\":\"https:\/\/rckopen.com\/product\/bromonordiazepam\/\",\"name\":\"Koop Bromonor Diazepam online - Bromonor Diazepam te koop | RC Kopen\",\"isPartOf\":{\"@id\":\"https:\/\/rckopen.com\/#website\"},\"primaryImageOfPage\":{\"@id\":\"https:\/\/rckopen.com\/product\/bromonordiazepam\/#primaryimage\"},\"image\":{\"@id\":\"https:\/\/rckopen.com\/product\/bromonordiazepam\/#primaryimage\"},\"thumbnailUrl\":\"https:\/\/rckopen.com\/wp-content\/uploads\/2023\/08\/Bromazolam.jpg\",\"datePublished\":\"2023-08-14T10:37:18+00:00\",\"dateModified\":\"2025-02-03T05:49:16+00:00\",\"description\":\"U kunt Bromonordiazepam te koop krijgen in onze winkel en het zonder problemen bij u thuis krijgen. Wij helpen u broomordiazepam online te kopen. Bestel nu!\",\"breadcrumb\":{\"@id\":\"https:\/\/rckopen.com\/product\/bromonordiazepam\/#breadcrumb\"},\"inLanguage\":\"hu\",\"potentialAction\":[{\"@type\":\"ReadAction\",\"target\":[\"https:\/\/rckopen.com\/product\/bromonordiazepam\/\"]}]},{\"@type\":\"ImageObject\",\"inLanguage\":\"hu\",\"@id\":\"https:\/\/rckopen.com\/product\/bromonordiazepam\/#primaryimage\",\"url\":\"https:\/\/rckopen.com\/wp-content\/uploads\/2023\/08\/Bromazolam.jpg\",\"contentUrl\":\"https:\/\/rckopen.com\/wp-content\/uploads\/2023\/08\/Bromazolam.jpg\",\"width\":600,\"height\":600,\"caption\":\"Bromazolam online kopen\"},{\"@type\":\"BreadcrumbList\",\"@id\":\"https:\/\/rckopen.com\/product\/bromonordiazepam\/#breadcrumb\",\"itemListElement\":[{\"@type\":\"ListItem\",\"position\":1,\"name\":\"Home\",\"item\":\"https:\/\/rckopen.com\/\"},{\"@type\":\"ListItem\",\"position\":2,\"name\":\"Shop\",\"item\":\"https:\/\/rckopen.com\/shop\/\"},{\"@type\":\"ListItem\",\"position\":3,\"name\":\"bromonordiazepam online kopen\"}]},{\"@type\":\"WebSite\",\"@id\":\"https:\/\/rckopen.com\/#website\",\"url\":\"https:\/\/rckopen.com\/\",\"name\":\"RC Kopen\",\"description\":\"Research Chemicals\",\"potentialAction\":[{\"@type\":\"SearchAction\",\"target\":{\"@type\":\"EntryPoint\",\"urlTemplate\":\"https:\/\/rckopen.com\/?s={search_term_string}\"},\"query-input\":{\"@type\":\"PropertyValueSpecification\",\"valueRequired\":true,\"valueName\":\"search_term_string\"}}],\"inLanguage\":\"hu\"}]}<\/script>\n<!-- \/ Yoast SEO plugin. -->","yoast_head_json":{"title":"Koop Bromonor Diazepam online - Bromonor Diazepam te koop | RC Kopen","description":"U kunt Bromonordiazepam te koop krijgen in onze winkel en het zonder problemen bij u thuis krijgen. Wij helpen u broomordiazepam online te kopen. Bestel nu!","robots":{"index":"index","follow":"follow","max-snippet":"max-snippet:-1","max-image-preview":"max-image-preview:large","max-video-preview":"max-video-preview:-1"},"canonical":"https:\/\/rckopen.com\/hu\/termek\/bromonordiazepam\/","og_locale":"hu_HU","og_type":"article","og_title":"Koop Bromonor Diazepam online - Bromonor Diazepam te koop | RC Kopen","og_description":"U kunt Bromonordiazepam te koop krijgen in onze winkel en het zonder problemen bij u thuis krijgen. Wij helpen u broomordiazepam online te kopen. Bestel nu!","og_url":"https:\/\/rckopen.com\/hu\/termek\/bromonordiazepam\/","og_site_name":"RC Kopen","article_modified_time":"2025-02-03T05:49:16+00:00","og_image":[{"width":600,"height":600,"url":"https:\/\/rckopen.com\/wp-content\/uploads\/2023\/08\/Bromazolam.jpg","type":"image\/jpeg"}],"twitter_card":"summary_large_image","twitter_misc":{"Becs\u00fclt olvas\u00e1si id\u0151":"4 perc"},"schema":{"@context":"https:\/\/schema.org","@graph":[{"@type":"WebPage","@id":"https:\/\/rckopen.com\/product\/bromonordiazepam\/","url":"https:\/\/rckopen.com\/product\/bromonordiazepam\/","name":"Koop Bromonor Diazepam online - Bromonor Diazepam te koop | RC Kopen","isPartOf":{"@id":"https:\/\/rckopen.com\/#website"},"primaryImageOfPage":{"@id":"https:\/\/rckopen.com\/product\/bromonordiazepam\/#primaryimage"},"image":{"@id":"https:\/\/rckopen.com\/product\/bromonordiazepam\/#primaryimage"},"thumbnailUrl":"https:\/\/rckopen.com\/wp-content\/uploads\/2023\/08\/Bromazolam.jpg","datePublished":"2023-08-14T10:37:18+00:00","dateModified":"2025-02-03T05:49:16+00:00","description":"U kunt Bromonordiazepam te koop krijgen in onze winkel en het zonder problemen bij u thuis krijgen. Wij helpen u broomordiazepam online te kopen. Bestel nu!","breadcrumb":{"@id":"https:\/\/rckopen.com\/product\/bromonordiazepam\/#breadcrumb"},"inLanguage":"hu","potentialAction":[{"@type":"ReadAction","target":["https:\/\/rckopen.com\/product\/bromonordiazepam\/"]}]},{"@type":"ImageObject","inLanguage":"hu","@id":"https:\/\/rckopen.com\/product\/bromonordiazepam\/#primaryimage","url":"https:\/\/rckopen.com\/wp-content\/uploads\/2023\/08\/Bromazolam.jpg","contentUrl":"https:\/\/rckopen.com\/wp-content\/uploads\/2023\/08\/Bromazolam.jpg","width":600,"height":600,"caption":"Bromazolam online kopen"},{"@type":"BreadcrumbList","@id":"https:\/\/rckopen.com\/product\/bromonordiazepam\/#breadcrumb","itemListElement":[{"@type":"ListItem","position":1,"name":"Home","item":"https:\/\/rckopen.com\/"},{"@type":"ListItem","position":2,"name":"Shop","item":"https:\/\/rckopen.com\/shop\/"},{"@type":"ListItem","position":3,"name":"bromonordiazepam online kopen"}]},{"@type":"WebSite","@id":"https:\/\/rckopen.com\/#website","url":"https:\/\/rckopen.com\/","name":"RC Kopen","description":"Research Chemicals","potentialAction":[{"@type":"SearchAction","target":{"@type":"EntryPoint","urlTemplate":"https:\/\/rckopen.com\/?s={search_term_string}"},"query-input":{"@type":"PropertyValueSpecification","valueRequired":true,"valueName":"search_term_string"}}],"inLanguage":"hu"}]}},"_links":{"self":[{"href":"https:\/\/rckopen.com\/hu\/wp-json\/wp\/v2\/product\/6335","targetHints":{"allow":["GET"]}}],"collection":[{"href":"https:\/\/rckopen.com\/hu\/wp-json\/wp\/v2\/product"}],"about":[{"href":"https:\/\/rckopen.com\/hu\/wp-json\/wp\/v2\/types\/product"}],"replies":[{"embeddable":true,"href":"https:\/\/rckopen.com\/hu\/wp-json\/wp\/v2\/comments?post=6335"}],"wp:featuredmedia":[{"embeddable":true,"href":"https:\/\/rckopen.com\/hu\/wp-json\/wp\/v2\/media\/6351"}],"wp:attachment":[{"href":"https:\/\/rckopen.com\/hu\/wp-json\/wp\/v2\/media?parent=6335"}],"wp:term":[{"taxonomy":"product_brand","embeddable":true,"href":"https:\/\/rckopen.com\/hu\/wp-json\/wp\/v2\/product_brand?post=6335"},{"taxonomy":"product_cat","embeddable":true,"href":"https:\/\/rckopen.com\/hu\/wp-json\/wp\/v2\/product_cat?post=6335"},{"taxonomy":"product_tag","embeddable":true,"href":"https:\/\/rckopen.com\/hu\/wp-json\/wp\/v2\/product_tag?post=6335"}],"curies":[{"name":"wp","href":"https:\/\/api.w.org\/{rel}","templated":true}]}}