{"id":6343,"date":"2023-08-14T13:06:23","date_gmt":"2023-08-14T13:06:23","guid":{"rendered":"https:\/\/diligentplug.com\/chems\/?post_type=product&#038;p=6343"},"modified":"2025-02-05T10:17:02","modified_gmt":"2025-02-05T10:17:02","slug":"5-mapb-brown","status":"publish","type":"product","link":"https:\/\/rckopen.com\/hu\/termek\/5-mapb-barna\/","title":{"rendered":"V\u00e1s\u00e1roljon 5-MAPB barn\u00e1t online"},"content":{"rendered":"<h2>V\u00e1s\u00e1roljon 5-MAPB barn\u00e1t online<\/h2>\n<p><a href=\"https:\/\/rckopen.com\/hu\/termek\/5-mapb-barna\/\">5-MAPB barna<\/a>Az 5-metilaminopropil-benzofur\u00e1n (5ma) n\u00e9ven is ismert, a szubsztitu\u00e1lt benzofur\u00e1nok oszt\u00e1ly\u00e1ba tartoz\u00f3 szintetikus vegy\u00fclet. A n\u00e9pszer\u0171 dalok, p\u00e9ld\u00e1ul a 6-APB, az 5-APB \u00e9s az 5-EAPB szint\u00e9n itt sz\u00f3lalnak meg. 5-MAPB darabokat \u00e1rulunk, egyenk\u00e9nt 0,5 gramm s\u00faly\u00fa. Ez a term\u00e9k nem csak h\u00e1tr\u00e1nyos helyzet\u0171 egy\u00e9nek sz\u00e1m\u00e1ra aj\u00e1nlott, de fogyaszt\u00e1sa sem aj\u00e1nlott. Tartsa t\u00e1vol h\u00e1zi kedvencekt\u0151l \u00e9s gyermekekt\u0151l, \u00e9s haszn\u00e1lat el\u0151tt olvassa el a weboldalunkon tal\u00e1lhat\u00f3 biztons\u00e1gi utas\u00edt\u00e1sokat. <a href=\"https:\/\/rckopen.com\/hu\/\">RC Shop<\/a><\/p>\n<p>Az 5-MAPB barna v\u00e1ltozatos sz\u00edn\u0171 \u00e9s bels\u0151 kialak\u00edt\u00e1s\u00fa zacsk\u00f3kba van csomagolva:<br \/>\nArany = kett\u0151, lila = \u00f6t, k\u00e9k = t\u00edz, fekete = huszon\u00f6t, ez\u00fcst = egy.<\/p>\n<h3>Minden term\u00e9k\u00fcnket Hollandia eg\u00e9sz ter\u00fclet\u00e9n sz\u00e1ll\u00edtjuk.<\/h3>\n<p>Tekintse meg a csomagt\u00e1j\u00e9koztat\u00f3t itt.<br \/>\nGyere \u00e1t V.I.B.<\/p>\n<p>CAS 1823925-53-6 1-(1-benzofuran-5-il), 5-(2-metilaminopropil)benzofur\u00e1n, 5-mapb(1-(Benzofuran-5-il)-N-metilprop\u00e1n-2-amin, N-metilprop\u00e1n-2-amin-hidroklorid A hidroklorid<\/p>\n<p>&nbsp;<\/p>","protected":false},"excerpt":{"rendered":"<p><strong>IUPAC-n\u00e9v: <\/strong>(1-(benzofur\u00e1n-5-il)-N-metilprop\u00e1n-2-amin)<\/p>\n<p><strong>CAS # <\/strong>1823925-53-6<\/p>\n<p><strong>Megjelen\u00e9s: <\/strong>barna por<\/p>\n<p><strong>Forma: <\/strong>HCl<\/p>\n<p><strong>NMR-elemz\u00e9s: <\/strong>C12H15NO.HCL<\/p>","protected":false},"featured_media":6371,"comment_status":"open","ping_status":"closed","template":"","meta":{"_joinchat":[]},"product_brand":[],"product_cat":[128],"product_tag":[],"class_list":{"0":"post-6343","1":"product","2":"type-product","3":"status-publish","4":"has-post-thumbnail","6":"product_cat-benzodiazepinen","8":"first","9":"instock","10":"shipping-taxable","11":"purchasable","12":"product-type-variable"},"yoast_head":"<!-- This site is optimized with the Yoast SEO plugin v26.3 - https:\/\/yoast.com\/wordpress\/plugins\/seo\/ -->\n<title>5-MAPB Bruin online kopen- 5-MAPB Bruin online te koop<\/title>\n<meta name=\"description\" content=\"Als u 5-MAPB Brown online kopen zonder recept wilt kopen, is rckopen.com de beste plaats om 5-MAPB Brown online te kopen, 5-MAPB Brown te koop, Bestel nu!\" \/>\n<meta name=\"robots\" content=\"index, follow, max-snippet:-1, max-image-preview:large, max-video-preview:-1\" \/>\n<link rel=\"canonical\" href=\"https:\/\/rckopen.com\/hu\/termek\/5-mapb-barna\/\" \/>\n<meta property=\"og:locale\" content=\"hu_HU\" \/>\n<meta property=\"og:type\" content=\"article\" \/>\n<meta property=\"og:title\" content=\"5-MAPB Bruin online kopen- 5-MAPB Bruin online te koop\" \/>\n<meta property=\"og:description\" content=\"Als u 5-MAPB Brown online kopen zonder recept wilt kopen, is rckopen.com de beste plaats om 5-MAPB Brown online te kopen, 5-MAPB Brown te koop, Bestel nu!\" \/>\n<meta property=\"og:url\" content=\"https:\/\/rckopen.com\/hu\/termek\/5-mapb-barna\/\" \/>\n<meta property=\"og:site_name\" content=\"RC Kopen\" \/>\n<meta property=\"article:modified_time\" content=\"2025-02-05T10:17:02+00:00\" \/>\n<meta property=\"og:image\" content=\"https:\/\/rckopen.com\/wp-content\/uploads\/2023\/08\/5-MAPB-brown.jpg\" \/>\n\t<meta property=\"og:image:width\" content=\"600\" \/>\n\t<meta property=\"og:image:height\" content=\"600\" \/>\n\t<meta property=\"og:image:type\" content=\"image\/jpeg\" \/>\n<meta name=\"twitter:card\" content=\"summary_large_image\" \/>\n<meta name=\"twitter:label1\" content=\"Becs\u00fclt olvas\u00e1si id\u0151\" \/>\n\t<meta name=\"twitter:data1\" content=\"1 perc\" \/>\n<script type=\"application\/ld+json\" class=\"yoast-schema-graph\">{\"@context\":\"https:\/\/schema.org\",\"@graph\":[{\"@type\":\"WebPage\",\"@id\":\"https:\/\/rckopen.com\/product\/5-mapb-brown\/\",\"url\":\"https:\/\/rckopen.com\/product\/5-mapb-brown\/\",\"name\":\"5-MAPB Bruin online kopen- 5-MAPB Bruin online te koop\",\"isPartOf\":{\"@id\":\"https:\/\/rckopen.com\/#website\"},\"primaryImageOfPage\":{\"@id\":\"https:\/\/rckopen.com\/product\/5-mapb-brown\/#primaryimage\"},\"image\":{\"@id\":\"https:\/\/rckopen.com\/product\/5-mapb-brown\/#primaryimage\"},\"thumbnailUrl\":\"https:\/\/rckopen.com\/wp-content\/uploads\/2023\/08\/5-MAPB-brown.jpg\",\"datePublished\":\"2023-08-14T13:06:23+00:00\",\"dateModified\":\"2025-02-05T10:17:02+00:00\",\"description\":\"Als u 5-MAPB Brown online kopen zonder recept wilt kopen, is rckopen.com de beste plaats om 5-MAPB Brown online te kopen, 5-MAPB Brown te koop, Bestel nu!\",\"breadcrumb\":{\"@id\":\"https:\/\/rckopen.com\/product\/5-mapb-brown\/#breadcrumb\"},\"inLanguage\":\"hu\",\"potentialAction\":[{\"@type\":\"ReadAction\",\"target\":[\"https:\/\/rckopen.com\/product\/5-mapb-brown\/\"]}]},{\"@type\":\"ImageObject\",\"inLanguage\":\"hu\",\"@id\":\"https:\/\/rckopen.com\/product\/5-mapb-brown\/#primaryimage\",\"url\":\"https:\/\/rckopen.com\/wp-content\/uploads\/2023\/08\/5-MAPB-brown.jpg\",\"contentUrl\":\"https:\/\/rckopen.com\/wp-content\/uploads\/2023\/08\/5-MAPB-brown.jpg\",\"width\":600,\"height\":600,\"caption\":\"5-MAPB-brown online kopen\"},{\"@type\":\"BreadcrumbList\",\"@id\":\"https:\/\/rckopen.com\/product\/5-mapb-brown\/#breadcrumb\",\"itemListElement\":[{\"@type\":\"ListItem\",\"position\":1,\"name\":\"Home\",\"item\":\"https:\/\/rckopen.com\/\"},{\"@type\":\"ListItem\",\"position\":2,\"name\":\"Shop\",\"item\":\"https:\/\/rckopen.com\/shop\/\"},{\"@type\":\"ListItem\",\"position\":3,\"name\":\"5-MAPB brown Online kopen\"}]},{\"@type\":\"WebSite\",\"@id\":\"https:\/\/rckopen.com\/#website\",\"url\":\"https:\/\/rckopen.com\/\",\"name\":\"RC Kopen\",\"description\":\"Research Chemicals\",\"potentialAction\":[{\"@type\":\"SearchAction\",\"target\":{\"@type\":\"EntryPoint\",\"urlTemplate\":\"https:\/\/rckopen.com\/?s={search_term_string}\"},\"query-input\":{\"@type\":\"PropertyValueSpecification\",\"valueRequired\":true,\"valueName\":\"search_term_string\"}}],\"inLanguage\":\"hu\"}]}<\/script>\n<!-- \/ Yoast SEO plugin. -->","yoast_head_json":{"title":"5-MAPB Bruin online kopen- 5-MAPB Bruin online te koop","description":"Als u 5-MAPB Brown online kopen zonder recept wilt kopen, is rckopen.com de beste plaats om 5-MAPB Brown online te kopen, 5-MAPB Brown te koop, Bestel nu!","robots":{"index":"index","follow":"follow","max-snippet":"max-snippet:-1","max-image-preview":"max-image-preview:large","max-video-preview":"max-video-preview:-1"},"canonical":"https:\/\/rckopen.com\/hu\/termek\/5-mapb-barna\/","og_locale":"hu_HU","og_type":"article","og_title":"5-MAPB Bruin online kopen- 5-MAPB Bruin online te koop","og_description":"Als u 5-MAPB Brown online kopen zonder recept wilt kopen, is rckopen.com de beste plaats om 5-MAPB Brown online te kopen, 5-MAPB Brown te koop, Bestel nu!","og_url":"https:\/\/rckopen.com\/hu\/termek\/5-mapb-barna\/","og_site_name":"RC Kopen","article_modified_time":"2025-02-05T10:17:02+00:00","og_image":[{"width":600,"height":600,"url":"https:\/\/rckopen.com\/wp-content\/uploads\/2023\/08\/5-MAPB-brown.jpg","type":"image\/jpeg"}],"twitter_card":"summary_large_image","twitter_misc":{"Becs\u00fclt olvas\u00e1si id\u0151":"1 perc"},"schema":{"@context":"https:\/\/schema.org","@graph":[{"@type":"WebPage","@id":"https:\/\/rckopen.com\/product\/5-mapb-brown\/","url":"https:\/\/rckopen.com\/product\/5-mapb-brown\/","name":"5-MAPB Bruin online kopen- 5-MAPB Bruin online te koop","isPartOf":{"@id":"https:\/\/rckopen.com\/#website"},"primaryImageOfPage":{"@id":"https:\/\/rckopen.com\/product\/5-mapb-brown\/#primaryimage"},"image":{"@id":"https:\/\/rckopen.com\/product\/5-mapb-brown\/#primaryimage"},"thumbnailUrl":"https:\/\/rckopen.com\/wp-content\/uploads\/2023\/08\/5-MAPB-brown.jpg","datePublished":"2023-08-14T13:06:23+00:00","dateModified":"2025-02-05T10:17:02+00:00","description":"Als u 5-MAPB Brown online kopen zonder recept wilt kopen, is rckopen.com de beste plaats om 5-MAPB Brown online te kopen, 5-MAPB Brown te koop, Bestel nu!","breadcrumb":{"@id":"https:\/\/rckopen.com\/product\/5-mapb-brown\/#breadcrumb"},"inLanguage":"hu","potentialAction":[{"@type":"ReadAction","target":["https:\/\/rckopen.com\/product\/5-mapb-brown\/"]}]},{"@type":"ImageObject","inLanguage":"hu","@id":"https:\/\/rckopen.com\/product\/5-mapb-brown\/#primaryimage","url":"https:\/\/rckopen.com\/wp-content\/uploads\/2023\/08\/5-MAPB-brown.jpg","contentUrl":"https:\/\/rckopen.com\/wp-content\/uploads\/2023\/08\/5-MAPB-brown.jpg","width":600,"height":600,"caption":"5-MAPB-brown online kopen"},{"@type":"BreadcrumbList","@id":"https:\/\/rckopen.com\/product\/5-mapb-brown\/#breadcrumb","itemListElement":[{"@type":"ListItem","position":1,"name":"Home","item":"https:\/\/rckopen.com\/"},{"@type":"ListItem","position":2,"name":"Shop","item":"https:\/\/rckopen.com\/shop\/"},{"@type":"ListItem","position":3,"name":"5-MAPB brown Online kopen"}]},{"@type":"WebSite","@id":"https:\/\/rckopen.com\/#website","url":"https:\/\/rckopen.com\/","name":"RC Kopen","description":"Research Chemicals","potentialAction":[{"@type":"SearchAction","target":{"@type":"EntryPoint","urlTemplate":"https:\/\/rckopen.com\/?s={search_term_string}"},"query-input":{"@type":"PropertyValueSpecification","valueRequired":true,"valueName":"search_term_string"}}],"inLanguage":"hu"}]}},"_links":{"self":[{"href":"https:\/\/rckopen.com\/hu\/wp-json\/wp\/v2\/product\/6343","targetHints":{"allow":["GET"]}}],"collection":[{"href":"https:\/\/rckopen.com\/hu\/wp-json\/wp\/v2\/product"}],"about":[{"href":"https:\/\/rckopen.com\/hu\/wp-json\/wp\/v2\/types\/product"}],"replies":[{"embeddable":true,"href":"https:\/\/rckopen.com\/hu\/wp-json\/wp\/v2\/comments?post=6343"}],"wp:featuredmedia":[{"embeddable":true,"href":"https:\/\/rckopen.com\/hu\/wp-json\/wp\/v2\/media\/6371"}],"wp:attachment":[{"href":"https:\/\/rckopen.com\/hu\/wp-json\/wp\/v2\/media?parent=6343"}],"wp:term":[{"taxonomy":"product_brand","embeddable":true,"href":"https:\/\/rckopen.com\/hu\/wp-json\/wp\/v2\/product_brand?post=6343"},{"taxonomy":"product_cat","embeddable":true,"href":"https:\/\/rckopen.com\/hu\/wp-json\/wp\/v2\/product_cat?post=6343"},{"taxonomy":"product_tag","embeddable":true,"href":"https:\/\/rckopen.com\/hu\/wp-json\/wp\/v2\/product_tag?post=6343"}],"curies":[{"name":"wp","href":"https:\/\/api.w.org\/{rel}","templated":true}]}}