{"id":6373,"date":"2023-08-14T13:15:09","date_gmt":"2023-08-14T13:15:09","guid":{"rendered":"https:\/\/diligentplug.com\/chems\/?post_type=product&#038;p=6373"},"modified":"2025-02-01T08:58:59","modified_gmt":"2025-02-01T08:58:59","slug":"6-apb-succinate","status":"publish","type":"product","link":"https:\/\/rckopen.com\/hu\/termek\/6-apb-succinate\/","title":{"rendered":"V\u00e1s\u00e1roljon 6-APB (szukcin\u00e1t) online"},"content":{"rendered":"<h2>V\u00e1s\u00e1roljon 6-APB (szukcin\u00e1t) online<\/h2>\n<p><a href=\"https:\/\/rckopen.com\/hu\/termek\/6-apb-succinate\/\">6-Opab (6-(2-aminopropil)benzofur\u00e1n)<\/a> a szubsztitu\u00e1lt benzofur\u00e1n \u00e9s helyettes\u00edtett fenetil-amin oszt\u00e1lyokba tartoz\u00f3 empatog\u00e9n pszichoakt\u00edv vegy\u00fclet. V\u00e1s\u00e1roljon 6-APB-t \u00e9s m\u00e1s vegy\u00fcleteket n\u00e9ha inform\u00e1lisan \u201ebenzofuronnak\u201d nevezik. Szerkezet\u00e9ben hasonl\u00f3 az MDA-hoz, de abban k\u00fcl\u00f6nb\u00f6zik, hogy a 3,4-metil\u00e9n-dioxi-fenil-gy\u0171r\u0171rendszert benzofur\u00e1ngy\u0171r\u0171 helyettes\u00edti. A 6-APB-szukcin\u00e1t a 6-APDB tel\u00edtetlen benzofur\u00e1n sz\u00e1rmaz\u00e9ka is. Barna sz\u00edn\u0171 szemcs\u00e9s pork\u00e9nt jelenhet meg<a href=\"https:\/\/rckopen.com\/hu\/termek\/5-dbfpv\/\">.<\/a><\/p>\n<p>A 6-APDB a kutat\u00e1si vegyszerek kateg\u00f3ri\u00e1j\u00e1ba tartozik, amelyeket n\u00e9ha \u201eleg\u00e1lis b\u00f3d\u00edt\u00f3szereknek\u201d is neveznek. Mivel a 6-APDB \u00e9s m\u00e1s helyettes\u00edtett benzofur\u00e1nok egyes orsz\u00e1gokban nincsenek kifejezetten tiltva, gyakran technikailag leg\u00e1lisak, ami hozz\u00e1j\u00e1rul n\u00e9pszer\u0171s\u00e9g\u00fckh\u00f6z. A 6-APDB megv\u00e1s\u00e1rolhat\u00f3 itt: <a href=\"https:\/\/rckopen.com\/hu\/\">rckopen.com<\/a> nem emberi fogyaszt\u00e1sra sz\u00e1nt term\u00e9keket k\u00edn\u00e1l. Ha ezt a term\u00e9ket (akaratlanul) fogyasztja, annak s\u00falyos eg\u00e9szs\u00e9g\u00fcgyi k\u00f6vetkezm\u00e9nyei lehetnek<a href=\"https:\/\/en.wikipedia.org\/wiki\/6-APB\">.<\/a><\/p>","protected":false},"excerpt":{"rendered":"<p><strong>IUPAC-n\u00e9v: <\/strong>\u03b1-metil-6-benzofur\u00e1netanamin, szukcin\u00e1t<\/p>\n<p><strong>CAS # <\/strong>286834-84-2<\/p>\n<p><strong>M\u00e1sik n\u00e9v: <\/strong>6-(2-Aminopropil)Benzofur\u00e1n Benzo Fury<\/p>\n<p><strong>Megjelen\u00e9s: <\/strong>barna por<\/p>\n<p><strong>NMR-elemz\u00e9s: <\/strong>C11H13NO<\/p>","protected":false},"featured_media":6379,"comment_status":"open","ping_status":"closed","template":"","meta":{"_joinchat":[]},"product_brand":[],"product_cat":[151],"product_tag":[],"class_list":{"0":"post-6373","1":"product","2":"type-product","3":"status-publish","4":"has-post-thumbnail","6":"product_cat-benzofuranen","8":"first","9":"instock","10":"shipping-taxable","11":"purchasable","12":"product-type-variable"},"yoast_head":"<!-- This site is optimized with the Yoast SEO plugin v26.3 - https:\/\/yoast.com\/wordpress\/plugins\/seo\/ -->\n<title>6 APB - 6 APB-succinaat online kopen - 6 APB online te kopen<\/title>\n<meta name=\"description\" content=\"6 APB, 6 APB succinaat kopen tegen de beste prijzen bij de online Rckopen. Wij hebben 6 APB van hoge kwaliteit te koop en bieden een veilige levering.\" \/>\n<meta name=\"robots\" content=\"index, follow, max-snippet:-1, max-image-preview:large, max-video-preview:-1\" \/>\n<link rel=\"canonical\" href=\"https:\/\/rckopen.com\/hu\/termek\/6-apb-succinate\/\" \/>\n<meta property=\"og:locale\" content=\"hu_HU\" \/>\n<meta property=\"og:type\" content=\"article\" \/>\n<meta property=\"og:title\" content=\"6 APB - 6 APB-succinaat online kopen - 6 APB online te kopen\" \/>\n<meta property=\"og:description\" content=\"6 APB, 6 APB succinaat kopen tegen de beste prijzen bij de online Rckopen. Wij hebben 6 APB van hoge kwaliteit te koop en bieden een veilige levering.\" \/>\n<meta property=\"og:url\" content=\"https:\/\/rckopen.com\/hu\/termek\/6-apb-succinate\/\" \/>\n<meta property=\"og:site_name\" content=\"RC Kopen\" \/>\n<meta property=\"article:modified_time\" content=\"2025-02-01T08:58:59+00:00\" \/>\n<meta property=\"og:image\" content=\"https:\/\/rckopen.com\/wp-content\/uploads\/2023\/08\/6-APB-succinate.jpg\" \/>\n\t<meta property=\"og:image:width\" content=\"600\" \/>\n\t<meta property=\"og:image:height\" content=\"600\" \/>\n\t<meta property=\"og:image:type\" content=\"image\/jpeg\" \/>\n<meta name=\"twitter:card\" content=\"summary_large_image\" \/>\n<meta name=\"twitter:label1\" content=\"Becs\u00fclt olvas\u00e1si id\u0151\" \/>\n\t<meta name=\"twitter:data1\" content=\"1 perc\" \/>\n<script type=\"application\/ld+json\" class=\"yoast-schema-graph\">{\"@context\":\"https:\/\/schema.org\",\"@graph\":[{\"@type\":\"WebPage\",\"@id\":\"https:\/\/rckopen.com\/product\/6-apb-succinate\/\",\"url\":\"https:\/\/rckopen.com\/product\/6-apb-succinate\/\",\"name\":\"6 APB - 6 APB-succinaat online kopen - 6 APB online te kopen\",\"isPartOf\":{\"@id\":\"https:\/\/rckopen.com\/#website\"},\"primaryImageOfPage\":{\"@id\":\"https:\/\/rckopen.com\/product\/6-apb-succinate\/#primaryimage\"},\"image\":{\"@id\":\"https:\/\/rckopen.com\/product\/6-apb-succinate\/#primaryimage\"},\"thumbnailUrl\":\"https:\/\/rckopen.com\/wp-content\/uploads\/2023\/08\/6-APB-succinate.jpg\",\"datePublished\":\"2023-08-14T13:15:09+00:00\",\"dateModified\":\"2025-02-01T08:58:59+00:00\",\"description\":\"6 APB, 6 APB succinaat kopen tegen de beste prijzen bij de online Rckopen. Wij hebben 6 APB van hoge kwaliteit te koop en bieden een veilige levering.\",\"breadcrumb\":{\"@id\":\"https:\/\/rckopen.com\/product\/6-apb-succinate\/#breadcrumb\"},\"inLanguage\":\"hu\",\"potentialAction\":[{\"@type\":\"ReadAction\",\"target\":[\"https:\/\/rckopen.com\/product\/6-apb-succinate\/\"]}]},{\"@type\":\"ImageObject\",\"inLanguage\":\"hu\",\"@id\":\"https:\/\/rckopen.com\/product\/6-apb-succinate\/#primaryimage\",\"url\":\"https:\/\/rckopen.com\/wp-content\/uploads\/2023\/08\/6-APB-succinate.jpg\",\"contentUrl\":\"https:\/\/rckopen.com\/wp-content\/uploads\/2023\/08\/6-APB-succinate.jpg\",\"width\":600,\"height\":600,\"caption\":\"6-APB-(succinate) online kopen\"},{\"@type\":\"BreadcrumbList\",\"@id\":\"https:\/\/rckopen.com\/product\/6-apb-succinate\/#breadcrumb\",\"itemListElement\":[{\"@type\":\"ListItem\",\"position\":1,\"name\":\"Home\",\"item\":\"https:\/\/rckopen.com\/\"},{\"@type\":\"ListItem\",\"position\":2,\"name\":\"Shop\",\"item\":\"https:\/\/rckopen.com\/shop\/\"},{\"@type\":\"ListItem\",\"position\":3,\"name\":\"6-APB (succinate) Online Kopen\"}]},{\"@type\":\"WebSite\",\"@id\":\"https:\/\/rckopen.com\/#website\",\"url\":\"https:\/\/rckopen.com\/\",\"name\":\"RC Kopen\",\"description\":\"Research Chemicals\",\"potentialAction\":[{\"@type\":\"SearchAction\",\"target\":{\"@type\":\"EntryPoint\",\"urlTemplate\":\"https:\/\/rckopen.com\/?s={search_term_string}\"},\"query-input\":{\"@type\":\"PropertyValueSpecification\",\"valueRequired\":true,\"valueName\":\"search_term_string\"}}],\"inLanguage\":\"hu\"}]}<\/script>\n<!-- \/ Yoast SEO plugin. -->","yoast_head_json":{"title":"6 APB - 6 APB-succinaat online kopen - 6 APB online te kopen","description":"6 APB, 6 APB succinaat kopen tegen de beste prijzen bij de online Rckopen. Wij hebben 6 APB van hoge kwaliteit te koop en bieden een veilige levering.","robots":{"index":"index","follow":"follow","max-snippet":"max-snippet:-1","max-image-preview":"max-image-preview:large","max-video-preview":"max-video-preview:-1"},"canonical":"https:\/\/rckopen.com\/hu\/termek\/6-apb-succinate\/","og_locale":"hu_HU","og_type":"article","og_title":"6 APB - 6 APB-succinaat online kopen - 6 APB online te kopen","og_description":"6 APB, 6 APB succinaat kopen tegen de beste prijzen bij de online Rckopen. Wij hebben 6 APB van hoge kwaliteit te koop en bieden een veilige levering.","og_url":"https:\/\/rckopen.com\/hu\/termek\/6-apb-succinate\/","og_site_name":"RC Kopen","article_modified_time":"2025-02-01T08:58:59+00:00","og_image":[{"width":600,"height":600,"url":"https:\/\/rckopen.com\/wp-content\/uploads\/2023\/08\/6-APB-succinate.jpg","type":"image\/jpeg"}],"twitter_card":"summary_large_image","twitter_misc":{"Becs\u00fclt olvas\u00e1si id\u0151":"1 perc"},"schema":{"@context":"https:\/\/schema.org","@graph":[{"@type":"WebPage","@id":"https:\/\/rckopen.com\/product\/6-apb-succinate\/","url":"https:\/\/rckopen.com\/product\/6-apb-succinate\/","name":"6 APB - 6 APB-succinaat online kopen - 6 APB online te kopen","isPartOf":{"@id":"https:\/\/rckopen.com\/#website"},"primaryImageOfPage":{"@id":"https:\/\/rckopen.com\/product\/6-apb-succinate\/#primaryimage"},"image":{"@id":"https:\/\/rckopen.com\/product\/6-apb-succinate\/#primaryimage"},"thumbnailUrl":"https:\/\/rckopen.com\/wp-content\/uploads\/2023\/08\/6-APB-succinate.jpg","datePublished":"2023-08-14T13:15:09+00:00","dateModified":"2025-02-01T08:58:59+00:00","description":"6 APB, 6 APB succinaat kopen tegen de beste prijzen bij de online Rckopen. Wij hebben 6 APB van hoge kwaliteit te koop en bieden een veilige levering.","breadcrumb":{"@id":"https:\/\/rckopen.com\/product\/6-apb-succinate\/#breadcrumb"},"inLanguage":"hu","potentialAction":[{"@type":"ReadAction","target":["https:\/\/rckopen.com\/product\/6-apb-succinate\/"]}]},{"@type":"ImageObject","inLanguage":"hu","@id":"https:\/\/rckopen.com\/product\/6-apb-succinate\/#primaryimage","url":"https:\/\/rckopen.com\/wp-content\/uploads\/2023\/08\/6-APB-succinate.jpg","contentUrl":"https:\/\/rckopen.com\/wp-content\/uploads\/2023\/08\/6-APB-succinate.jpg","width":600,"height":600,"caption":"6-APB-(succinate) online kopen"},{"@type":"BreadcrumbList","@id":"https:\/\/rckopen.com\/product\/6-apb-succinate\/#breadcrumb","itemListElement":[{"@type":"ListItem","position":1,"name":"Home","item":"https:\/\/rckopen.com\/"},{"@type":"ListItem","position":2,"name":"Shop","item":"https:\/\/rckopen.com\/shop\/"},{"@type":"ListItem","position":3,"name":"6-APB (succinate) Online Kopen"}]},{"@type":"WebSite","@id":"https:\/\/rckopen.com\/#website","url":"https:\/\/rckopen.com\/","name":"RC Kopen","description":"Research Chemicals","potentialAction":[{"@type":"SearchAction","target":{"@type":"EntryPoint","urlTemplate":"https:\/\/rckopen.com\/?s={search_term_string}"},"query-input":{"@type":"PropertyValueSpecification","valueRequired":true,"valueName":"search_term_string"}}],"inLanguage":"hu"}]}},"_links":{"self":[{"href":"https:\/\/rckopen.com\/hu\/wp-json\/wp\/v2\/product\/6373","targetHints":{"allow":["GET"]}}],"collection":[{"href":"https:\/\/rckopen.com\/hu\/wp-json\/wp\/v2\/product"}],"about":[{"href":"https:\/\/rckopen.com\/hu\/wp-json\/wp\/v2\/types\/product"}],"replies":[{"embeddable":true,"href":"https:\/\/rckopen.com\/hu\/wp-json\/wp\/v2\/comments?post=6373"}],"wp:featuredmedia":[{"embeddable":true,"href":"https:\/\/rckopen.com\/hu\/wp-json\/wp\/v2\/media\/6379"}],"wp:attachment":[{"href":"https:\/\/rckopen.com\/hu\/wp-json\/wp\/v2\/media?parent=6373"}],"wp:term":[{"taxonomy":"product_brand","embeddable":true,"href":"https:\/\/rckopen.com\/hu\/wp-json\/wp\/v2\/product_brand?post=6373"},{"taxonomy":"product_cat","embeddable":true,"href":"https:\/\/rckopen.com\/hu\/wp-json\/wp\/v2\/product_cat?post=6373"},{"taxonomy":"product_tag","embeddable":true,"href":"https:\/\/rckopen.com\/hu\/wp-json\/wp\/v2\/product_tag?post=6373"}],"curies":[{"name":"wp","href":"https:\/\/api.w.org\/{rel}","templated":true}]}}