{"id":6375,"date":"2023-08-14T13:21:19","date_gmt":"2023-08-14T13:21:19","guid":{"rendered":"https:\/\/diligentplug.com\/chems\/?post_type=product&#038;p=6375"},"modified":"2026-02-28T12:18:50","modified_gmt":"2026-02-28T12:18:50","slug":"1v-lsd-150mcg-blotters","status":"publish","type":"product","link":"https:\/\/rckopen.com\/hu\/termek\/1v-lsd-150mcg-blotters\/","title":{"rendered":"V\u00e1s\u00e1roljon 1V-LSD 150mcg blottereket online"},"content":{"rendered":"<h2><b><span dir=\"auto\" style=\"vertical-align: inherit;\"><span dir=\"auto\" style=\"vertical-align: inherit;\">Buy 1V-LSD 150mcg Blotters Online \u2013 Premium Psychedelic Experience<\/span><\/span><\/b><\/h2>\n<h3><b><span dir=\"auto\" style=\"vertical-align: inherit;\"><span dir=\"auto\" style=\"vertical-align: inherit;\">Mi az az 1V-LSD?<\/span><\/span><\/b><\/h3>\n<p><span style=\"font-weight: 400;\"><strong><a href=\"https:\/\/en.wikipedia.org\/wiki\/1V-LSD\"><span dir=\"auto\" style=\"vertical-align: inherit;\"><span dir=\"auto\" style=\"vertical-align: inherit;\">1V-LSD (1-valeril-lizergsav-dietilamid)<\/span><\/span><\/a><\/strong><span dir=\"auto\" style=\"vertical-align: inherit;\"><span dir=\"auto\" style=\"vertical-align: inherit;\"> egy \u00fajfajta pszichedelikus szer, amely szorosan kapcsol\u00f3dik a klasszikus LSD-hez, de egyedi tulajdons\u00e1gokkal rendelkezik. A lizergamid csal\u00e1dba tartozik, \u00e9s jellegzetes pszichedelikus \u00e9lm\u00e9nyt ny\u00fajt. K\u00e9miailag az 1V-LSD valerilcsoportot tartalmaz, amely befoly\u00e1solja a hat\u00e1sait. Az LSD-hez k\u00e9pest az 1V-LSD-t gyakran egy m\u00e9ly kognit\u00edv felismer\u00e9sekkel j\u00e1r\u00f3, vil\u00e1gos, introspekt\u00edv utaz\u00e1sk\u00e9nt \u00edrj\u00e1k le. Emiatt n\u00e9pszer\u0171s\u00e9ge a pszichedelikus k\u00f6z\u00f6ss\u00e9gben gyorsan n\u00f6vekszik.<\/span><\/span><\/span><\/p>\n<h3><b><span dir=\"auto\" style=\"vertical-align: inherit;\"><span dir=\"auto\" style=\"vertical-align: inherit;\">A 150mcg-os adagol\u00e1s meg\u00e9rt\u00e9se<\/span><\/span><\/b><\/h3>\n<p><span style=\"font-weight: 400;\"><span dir=\"auto\" style=\"vertical-align: inherit;\"><span dir=\"auto\" style=\"vertical-align: inherit;\">Minden egyes itat\u00f3spap\u00edr pontosan 150 mikrogramm 1V-LSD-t tartalmaz, ami er\u0151teljes, m\u00e9gis k\u00f6nnyen kezelhet\u0151 \u00e9lm\u00e9nyt ny\u00fajt. Ez az adag ide\u00e1lis a tapasztalt felhaszn\u00e1l\u00f3k sz\u00e1m\u00e1ra, akik \u00e9l\u00e9nk vizu\u00e1lis \u00e9lm\u00e9nyekre, kreat\u00edv inspir\u00e1ci\u00f3ra \u00e9s spiritu\u00e1lis megl\u00e1t\u00e1sokra v\u00e1gynak an\u00e9lk\u00fcl, hogy t\u00falterheltek lenn\u00e9nek. A kezd\u0151knek azt tan\u00e1csoljuk, hogy lassan kezdjenek. A biztons\u00e1g a legfontosabb: kezdjenek alacsony mennyis\u00e9gben, ker\u00fclj\u00e9k m\u00e1s anyagokkal val\u00f3 kombin\u00e1l\u00e1st, \u00e9s biztos\u00edtsanak biztons\u00e1gos k\u00f6rnyezetet.<\/span><\/span><\/span><\/p>\n<h3><b><span dir=\"auto\" style=\"vertical-align: inherit;\"><span dir=\"auto\" style=\"vertical-align: inherit;\">Az 1V-LSD blottereinek el\u0151nyei<\/span><\/span><\/b><\/h3>\n<p><span style=\"font-weight: 400;\"><span dir=\"auto\" style=\"vertical-align: inherit;\"><span dir=\"auto\" style=\"vertical-align: inherit;\">Az itat\u00f3sok az 1V-LSD el\u0151nyben r\u00e9szes\u00edtett form\u00e1i a pontos adagol\u00e1s, a k\u00f6nny\u0171 haszn\u00e1lat \u00e9s a diszkr\u00e9t hordozhat\u00f3s\u00e1g miatt. A pap\u00edrform\u00e1tum lehet\u0151v\u00e9 teszi a gyors felsz\u00edv\u00f3d\u00e1st a sz\u00e1jny\u00e1lkah\u00e1rty\u00e1n kereszt\u00fcl, biztos\u00edtva a megb\u00edzhat\u00f3 hat\u00e9konys\u00e1got. Az itat\u00f3sok hordozhat\u00f3ak \u00e9s diszkr\u00e9tek, t\u00f6k\u00e9letesek azok sz\u00e1m\u00e1ra, akik \u00e9rt\u00e9kelik a mag\u00e1n\u00e9letet \u00e9s az egyszer\u0171s\u00e9get.<\/span><\/span><\/span><\/p>\n<h3><b><span dir=\"auto\" style=\"vertical-align: inherit;\"><span dir=\"auto\" style=\"vertical-align: inherit;\">Hol lehet 1V-LSD 150mcg-os itat\u00f3spap\u00edrt v\u00e1s\u00e1rolni online?<\/span><\/span><\/b><\/h3>\n<p><span style=\"font-weight: 400;\"><span dir=\"auto\" style=\"vertical-align: inherit;\"><span dir=\"auto\" style=\"vertical-align: inherit;\">1V-LSD 150mcg itat\u00f3spap\u00edr online v\u00e1s\u00e1rl\u00e1sakor elengedhetetlen a megb\u00edzhat\u00f3 elad\u00f3k kiv\u00e1laszt\u00e1sa. Laborat\u00f3riumban tesztelt term\u00e9keket, \u00e1tl\u00e1that\u00f3 eredetet \u00e9s diszkr\u00e9t sz\u00e1ll\u00edt\u00e1st k\u00edn\u00e1lnak. Ellen\u0151rizze a hiteless\u00e9get t\u00e9telteszt-tan\u00fas\u00edtv\u00e1nyok, a felismerhet\u0151 ST Design 1 log\u00f3 \u00e9s pozit\u00edv v\u00e1s\u00e1rl\u00f3i v\u00e9lem\u00e9nyek seg\u00edts\u00e9g\u00e9vel. Legyen tiszt\u00e1ban a helyi szab\u00e1lyoz\u00e1sokkal, amelyek jelent\u0151sen elt\u00e9rhetnek. Rendel\u00e9s el\u0151tt alaposan t\u00e1j\u00e9koz\u00f3djon. <a href=\"https:\/\/rckopen.com\/hu\/\">Rckopen<\/a><\/span><\/span><\/span><\/p>\n<h3><b><span dir=\"auto\" style=\"vertical-align: inherit;\"><span dir=\"auto\" style=\"vertical-align: inherit;\">Hogyan v\u00e1s\u00e1roljunk \u00e9s haszn\u00e1ljunk biztons\u00e1gosan 1V-LSD blottereket?<\/span><\/span><\/b><\/h3>\n<p><span style=\"font-weight: 400;\"><span dir=\"auto\" style=\"vertical-align: inherit;\"><span dir=\"auto\" style=\"vertical-align: inherit;\">Haszn\u00e1ljon biztons\u00e1gos fizet\u00e9si m\u00f3dokat, p\u00e9ld\u00e1ul kriptovalut\u00e1t vagy elismert fizet\u00e9si platformokat az adatai v\u00e9delme \u00e9rdek\u00e9ben. Mindig k\u00f6vesse az adagol\u00e1si utas\u00edt\u00e1sokat, kezdjen alacsony adaggal, ha nem ismeri a gy\u00f3gyszert, \u00e9s haszn\u00e1lja biztons\u00e1gos \u00e9s k\u00e9nyelmes k\u00f6rnyezetben. A folyad\u00e9kp\u00f6tty\u00f6ket h\u0171v\u00f6s, sz\u00e1raz \u00e9s s\u00f6t\u00e9t helyen t\u00e1rolja a hat\u00e9konys\u00e1guk meg\u0151rz\u00e9se \u00e9rdek\u00e9ben.<\/span><\/span><\/span><\/p>\n<h3><b><span dir=\"auto\" style=\"vertical-align: inherit;\"><span dir=\"auto\" style=\"vertical-align: inherit;\">K\u00f6vetkeztet\u00e9s<\/span><\/span><\/b><\/h3>\n<p><span style=\"font-weight: 400;\"><span dir=\"auto\" style=\"vertical-align: inherit;\"><span dir=\"auto\" style=\"vertical-align: inherit;\">Az 1V-LSD 150mcg blotterek er\u0151teljes, kiv\u00e1l\u00f3 min\u0151s\u00e9g\u0171 pszichedelikus \u00e9lm\u00e9nyt ny\u00fajtanak k\u00e9nyelmes \u00e9s diszkr\u00e9t csomagol\u00e1sban. T\u00f6k\u00e9letesek azok sz\u00e1m\u00e1ra, akik a hagyom\u00e1nyos LSD alternat\u00edv\u00e1j\u00e1t keresik megb\u00edzhat\u00f3 min\u0151s\u00e9ggel \u00e9s biztons\u00e1ggal. Szeretne 1V-LSD 150mcg blottereket online v\u00e1s\u00e1rolni? Mindig megb\u00edzhat\u00f3 besz\u00e1ll\u00edt\u00f3kat v\u00e1lasszon, akik tesztelt \u00e9s ellen\u0151rz\u00f6tt term\u00e9keket k\u00edn\u00e1lnak versenyk\u00e9pes \u00e1ron.<\/span><\/span><\/span><\/p>\n<p><b><a href=\"https:\/\/rckopen.com\/hu\/termek\/1v-lsd-150mcg-blotters\/\"><span dir=\"auto\" style=\"vertical-align: inherit;\"><span dir=\"auto\" style=\"vertical-align: inherit;\">Ready to explore? Order your 1V-LSD 150mcg blotters online<\/span><\/span><\/a><span dir=\"auto\" style=\"vertical-align: inherit;\"><span dir=\"auto\" style=\"vertical-align: inherit;\"> today from <\/span><span dir=\"auto\" style=\"vertical-align: inherit;\">a legkelend\u0151bb, \u00e9s \u00e9lvezd a biztons\u00e1gos, diszkr\u00e9t sz\u00e1ll\u00edt\u00e1s \u00e9s a nagyszer\u0171 \u00e1r el\u0151nyeit!<\/span><\/span><\/b><\/p>","protected":false},"excerpt":{"rendered":"<p><strong><span dir=\"auto\" style=\"vertical-align: inherit;\"><span dir=\"auto\" style=\"vertical-align: inherit;\">Megjelen\u00e9s:<\/span><\/span><\/strong><span dir=\"auto\" style=\"vertical-align: inherit;\"><span dir=\"auto\" style=\"vertical-align: inherit;\"> blotterek<\/span><\/span><\/p>\n<p><strong><span dir=\"auto\" style=\"vertical-align: inherit;\"><span dir=\"auto\" style=\"vertical-align: inherit;\">Forma:<\/span><\/span><\/strong><span dir=\"auto\" style=\"vertical-align: inherit;\"><span dir=\"auto\" style=\"vertical-align: inherit;\"> blotterek<\/span><\/span><\/p>","protected":false},"featured_media":6381,"comment_status":"open","ping_status":"closed","template":"","meta":{"_joinchat":[]},"product_brand":[],"product_cat":[130],"product_tag":[],"class_list":{"0":"post-6375","1":"product","2":"type-product","3":"status-publish","4":"has-post-thumbnail","6":"product_cat-blotters","8":"first","9":"instock","10":"shipping-taxable","11":"purchasable","12":"product-type-variable"},"yoast_head":"<!-- This site is optimized with the Yoast SEO plugin v26.3 - https:\/\/yoast.com\/wordpress\/plugins\/seo\/ -->\n<title>1V-LSD-150MCG-blotters online kopen - 1V-LSD-150MCG kopen<\/title>\n<meta name=\"description\" content=\"1v-lsd-150mcg-blotters online kopen in onze vertrouwde online winkel voor producten van topkwaliteit. kopen 1v-lsd-150mcg-blotters eenvoudig en veilig te koop op ons platform voor ultieme klanttevredenheid. Bestel nu!\" \/>\n<meta name=\"robots\" content=\"index, follow, max-snippet:-1, max-image-preview:large, max-video-preview:-1\" \/>\n<link rel=\"canonical\" href=\"https:\/\/rckopen.com\/hu\/termek\/1v-lsd-150mcg-blotters\/\" \/>\n<meta property=\"og:locale\" content=\"hu_HU\" \/>\n<meta property=\"og:type\" content=\"article\" \/>\n<meta property=\"og:title\" content=\"1V-LSD-150MCG-blotters online kopen - 1V-LSD-150MCG kopen\" \/>\n<meta property=\"og:description\" content=\"1v-lsd-150mcg-blotters online kopen in onze vertrouwde online winkel voor producten van topkwaliteit. kopen 1v-lsd-150mcg-blotters eenvoudig en veilig te koop op ons platform voor ultieme klanttevredenheid. Bestel nu!\" \/>\n<meta property=\"og:url\" content=\"https:\/\/rckopen.com\/hu\/termek\/1v-lsd-150mcg-blotters\/\" \/>\n<meta property=\"og:site_name\" content=\"RC Kopen\" \/>\n<meta property=\"article:modified_time\" content=\"2026-02-28T12:18:50+00:00\" \/>\n<meta property=\"og:image\" content=\"https:\/\/rckopen.com\/wp-content\/uploads\/2023\/08\/1V-LSD-150mcg-Blotters.jpg\" \/>\n\t<meta property=\"og:image:width\" content=\"600\" \/>\n\t<meta property=\"og:image:height\" content=\"600\" \/>\n\t<meta property=\"og:image:type\" content=\"image\/jpeg\" \/>\n<meta name=\"twitter:card\" content=\"summary_large_image\" \/>\n<meta name=\"twitter:label1\" content=\"Becs\u00fclt olvas\u00e1si id\u0151\" \/>\n\t<meta name=\"twitter:data1\" content=\"2 perc\" \/>\n<script type=\"application\/ld+json\" class=\"yoast-schema-graph\">{\"@context\":\"https:\/\/schema.org\",\"@graph\":[{\"@type\":\"WebPage\",\"@id\":\"https:\/\/rckopen.com\/product\/1v-lsd-150mcg-blotters\/\",\"url\":\"https:\/\/rckopen.com\/product\/1v-lsd-150mcg-blotters\/\",\"name\":\"1V-LSD-150MCG-blotters online kopen - 1V-LSD-150MCG kopen\",\"isPartOf\":{\"@id\":\"https:\/\/rckopen.com\/#website\"},\"primaryImageOfPage\":{\"@id\":\"https:\/\/rckopen.com\/product\/1v-lsd-150mcg-blotters\/#primaryimage\"},\"image\":{\"@id\":\"https:\/\/rckopen.com\/product\/1v-lsd-150mcg-blotters\/#primaryimage\"},\"thumbnailUrl\":\"https:\/\/rckopen.com\/wp-content\/uploads\/2023\/08\/1V-LSD-150mcg-Blotters.jpg\",\"datePublished\":\"2023-08-14T13:21:19+00:00\",\"dateModified\":\"2026-02-28T12:18:50+00:00\",\"description\":\"1v-lsd-150mcg-blotters online kopen in onze vertrouwde online winkel voor producten van topkwaliteit. kopen 1v-lsd-150mcg-blotters eenvoudig en veilig te koop op ons platform voor ultieme klanttevredenheid. Bestel nu!\",\"breadcrumb\":{\"@id\":\"https:\/\/rckopen.com\/product\/1v-lsd-150mcg-blotters\/#breadcrumb\"},\"inLanguage\":\"hu\",\"potentialAction\":[{\"@type\":\"ReadAction\",\"target\":[\"https:\/\/rckopen.com\/product\/1v-lsd-150mcg-blotters\/\"]}]},{\"@type\":\"ImageObject\",\"inLanguage\":\"hu\",\"@id\":\"https:\/\/rckopen.com\/product\/1v-lsd-150mcg-blotters\/#primaryimage\",\"url\":\"https:\/\/rckopen.com\/wp-content\/uploads\/2023\/08\/1V-LSD-150mcg-Blotters.jpg\",\"contentUrl\":\"https:\/\/rckopen.com\/wp-content\/uploads\/2023\/08\/1V-LSD-150mcg-Blotters.jpg\",\"width\":600,\"height\":600,\"caption\":\"1V-LSD 150mcg Blotters Online Kopen\"},{\"@type\":\"BreadcrumbList\",\"@id\":\"https:\/\/rckopen.com\/product\/1v-lsd-150mcg-blotters\/#breadcrumb\",\"itemListElement\":[{\"@type\":\"ListItem\",\"position\":1,\"name\":\"Home\",\"item\":\"https:\/\/rckopen.com\/\"},{\"@type\":\"ListItem\",\"position\":2,\"name\":\"Shop\",\"item\":\"https:\/\/rckopen.com\/shop\/\"},{\"@type\":\"ListItem\",\"position\":3,\"name\":\"1V-LSD 150mcg Blotters Online Kopen\"}]},{\"@type\":\"WebSite\",\"@id\":\"https:\/\/rckopen.com\/#website\",\"url\":\"https:\/\/rckopen.com\/\",\"name\":\"RC Kopen\",\"description\":\"Research Chemicals\",\"potentialAction\":[{\"@type\":\"SearchAction\",\"target\":{\"@type\":\"EntryPoint\",\"urlTemplate\":\"https:\/\/rckopen.com\/?s={search_term_string}\"},\"query-input\":{\"@type\":\"PropertyValueSpecification\",\"valueRequired\":true,\"valueName\":\"search_term_string\"}}],\"inLanguage\":\"hu\"}]}<\/script>\n<!-- \/ Yoast SEO plugin. -->","yoast_head_json":{"title":"1V-LSD-150MCG-blotters online kopen - 1V-LSD-150MCG kopen","description":"1v-lsd-150mcg-blotters online kopen in onze vertrouwde online winkel voor producten van topkwaliteit. kopen 1v-lsd-150mcg-blotters eenvoudig en veilig te koop op ons platform voor ultieme klanttevredenheid. Bestel nu!","robots":{"index":"index","follow":"follow","max-snippet":"max-snippet:-1","max-image-preview":"max-image-preview:large","max-video-preview":"max-video-preview:-1"},"canonical":"https:\/\/rckopen.com\/hu\/termek\/1v-lsd-150mcg-blotters\/","og_locale":"hu_HU","og_type":"article","og_title":"1V-LSD-150MCG-blotters online kopen - 1V-LSD-150MCG kopen","og_description":"1v-lsd-150mcg-blotters online kopen in onze vertrouwde online winkel voor producten van topkwaliteit. kopen 1v-lsd-150mcg-blotters eenvoudig en veilig te koop op ons platform voor ultieme klanttevredenheid. Bestel nu!","og_url":"https:\/\/rckopen.com\/hu\/termek\/1v-lsd-150mcg-blotters\/","og_site_name":"RC Kopen","article_modified_time":"2026-02-28T12:18:50+00:00","og_image":[{"width":600,"height":600,"url":"https:\/\/rckopen.com\/wp-content\/uploads\/2023\/08\/1V-LSD-150mcg-Blotters.jpg","type":"image\/jpeg"}],"twitter_card":"summary_large_image","twitter_misc":{"Becs\u00fclt olvas\u00e1si id\u0151":"2 perc"},"schema":{"@context":"https:\/\/schema.org","@graph":[{"@type":"WebPage","@id":"https:\/\/rckopen.com\/product\/1v-lsd-150mcg-blotters\/","url":"https:\/\/rckopen.com\/product\/1v-lsd-150mcg-blotters\/","name":"1V-LSD-150MCG-blotters online kopen - 1V-LSD-150MCG kopen","isPartOf":{"@id":"https:\/\/rckopen.com\/#website"},"primaryImageOfPage":{"@id":"https:\/\/rckopen.com\/product\/1v-lsd-150mcg-blotters\/#primaryimage"},"image":{"@id":"https:\/\/rckopen.com\/product\/1v-lsd-150mcg-blotters\/#primaryimage"},"thumbnailUrl":"https:\/\/rckopen.com\/wp-content\/uploads\/2023\/08\/1V-LSD-150mcg-Blotters.jpg","datePublished":"2023-08-14T13:21:19+00:00","dateModified":"2026-02-28T12:18:50+00:00","description":"1v-lsd-150mcg-blotters online kopen in onze vertrouwde online winkel voor producten van topkwaliteit. kopen 1v-lsd-150mcg-blotters eenvoudig en veilig te koop op ons platform voor ultieme klanttevredenheid. Bestel nu!","breadcrumb":{"@id":"https:\/\/rckopen.com\/product\/1v-lsd-150mcg-blotters\/#breadcrumb"},"inLanguage":"hu","potentialAction":[{"@type":"ReadAction","target":["https:\/\/rckopen.com\/product\/1v-lsd-150mcg-blotters\/"]}]},{"@type":"ImageObject","inLanguage":"hu","@id":"https:\/\/rckopen.com\/product\/1v-lsd-150mcg-blotters\/#primaryimage","url":"https:\/\/rckopen.com\/wp-content\/uploads\/2023\/08\/1V-LSD-150mcg-Blotters.jpg","contentUrl":"https:\/\/rckopen.com\/wp-content\/uploads\/2023\/08\/1V-LSD-150mcg-Blotters.jpg","width":600,"height":600,"caption":"1V-LSD 150mcg Blotters Online Kopen"},{"@type":"BreadcrumbList","@id":"https:\/\/rckopen.com\/product\/1v-lsd-150mcg-blotters\/#breadcrumb","itemListElement":[{"@type":"ListItem","position":1,"name":"Home","item":"https:\/\/rckopen.com\/"},{"@type":"ListItem","position":2,"name":"Shop","item":"https:\/\/rckopen.com\/shop\/"},{"@type":"ListItem","position":3,"name":"1V-LSD 150mcg Blotters Online Kopen"}]},{"@type":"WebSite","@id":"https:\/\/rckopen.com\/#website","url":"https:\/\/rckopen.com\/","name":"RC Kopen","description":"Research Chemicals","potentialAction":[{"@type":"SearchAction","target":{"@type":"EntryPoint","urlTemplate":"https:\/\/rckopen.com\/?s={search_term_string}"},"query-input":{"@type":"PropertyValueSpecification","valueRequired":true,"valueName":"search_term_string"}}],"inLanguage":"hu"}]}},"_links":{"self":[{"href":"https:\/\/rckopen.com\/hu\/wp-json\/wp\/v2\/product\/6375","targetHints":{"allow":["GET"]}}],"collection":[{"href":"https:\/\/rckopen.com\/hu\/wp-json\/wp\/v2\/product"}],"about":[{"href":"https:\/\/rckopen.com\/hu\/wp-json\/wp\/v2\/types\/product"}],"replies":[{"embeddable":true,"href":"https:\/\/rckopen.com\/hu\/wp-json\/wp\/v2\/comments?post=6375"}],"wp:featuredmedia":[{"embeddable":true,"href":"https:\/\/rckopen.com\/hu\/wp-json\/wp\/v2\/media\/6381"}],"wp:attachment":[{"href":"https:\/\/rckopen.com\/hu\/wp-json\/wp\/v2\/media?parent=6375"}],"wp:term":[{"taxonomy":"product_brand","embeddable":true,"href":"https:\/\/rckopen.com\/hu\/wp-json\/wp\/v2\/product_brand?post=6375"},{"taxonomy":"product_cat","embeddable":true,"href":"https:\/\/rckopen.com\/hu\/wp-json\/wp\/v2\/product_cat?post=6375"},{"taxonomy":"product_tag","embeddable":true,"href":"https:\/\/rckopen.com\/hu\/wp-json\/wp\/v2\/product_tag?post=6375"}],"curies":[{"name":"wp","href":"https:\/\/api.w.org\/{rel}","templated":true}]}}