{"id":6376,"date":"2023-08-14T13:24:52","date_gmt":"2023-08-14T13:24:52","guid":{"rendered":"https:\/\/diligentplug.com\/chems\/?post_type=product&#038;p=6376"},"modified":"2025-02-05T10:49:20","modified_gmt":"2025-02-05T10:49:20","slug":"deschloroetizolam-blotters-2-mg","status":"publish","type":"product","link":"https:\/\/rckopen.com\/hu\/termek\/deskloroetizolam-blotters-2-mg\/","title":{"rendered":"Deschloroetizolam blotters 2 mg online kopen"},"content":{"rendered":"<h2>Deschloroetizolam blotters 2 mg online kopen<\/h2>\n<p>22\u00d75 mg Deschloroetizolam blotter 2mg; 0,38-t\u00f3l pelletenk\u00e9nt<\/p>\n<p>Pellets of <a href=\"https:\/\/rckopen.com\/hu\/termek\/deskloroetizolam-blotters-2-mg\/\">deskloroetizolam blotters 2 mg<\/a>\u00a0 diszkr\u00e9ten megv\u00e1s\u00e1rolhat\u00f3 az interneten. Deschloroetizolam pelletjeink a legjobb min\u0151s\u00e9g\u0171 \u00e9s autentikus holland bodem! A Bestel je direct megfizethet\u0151bb (ak\u00e1r 110 stuk-kal), \u00e9s pelletenk\u00e9nt mind\u00f6ssze 0,66 eur\u00f3ba ker\u00fcl. Ez a term\u00e9k Deschloroetizolam Pelletstrips n\u00e9ven is ismert. A kemoter\u00e1pi\u00e1ban haszn\u00e1lt term\u00e9kek k\u00f6z\u00e9 tartoznak a Flubromazepam, Pagoclone, Bromazolam, Norflurazepam, Gidazepam, Diclazepam, Difludiazepam, Meclonazepam \u00e9s Desmethylflunitrazepam.<\/p>\n<h3>A legjobb 2 mg-os (22x5 mg-os) dezkl\u00f3retizol\u00e1m blottereket diszkr\u00e9ten biztos\u00edtjuk.<\/h3>\n<p>A 19.30-as munkanap egyszer\u0171en fantasztikus!<\/p>\n<p>Waarschuwing: 21 \u00e9vn\u00e9l fiatalabbakt\u00f3l nem v\u00e1s\u00e1rolunk.<br \/>\nA Deschloroetizolam Pellets (22x5mg) term\u00e9k k\u00e1ros lehet, fogyaszt\u00e1sra nem alkalmas. Meglepett, hogy nem \u00f6lt meg minket? A biztons\u00e1gi el\u0151\u00edr\u00e1sok komoly eg\u00e9szs\u00e9g\u00fcgyi kock\u00e1zatokkal j\u00e1rhatnak. \u00c9rdekelnek biztons\u00e1gi el\u0151\u00edr\u00e1saink?<\/p>\n<h3>V\u00e1s\u00e1roljon 2mg Deschloroetizolam blottert online<\/h3>\n<p>Deschloroetizolamunkat (minden term\u00e9k\u00fcnket fel\u00fcl\u00edrja) Hollandia eg\u00e9sz ter\u00fclet\u00e9n sz\u00e1ll\u00edtjuk! Csod\u00e1latos volt, ahogy ezt elk\u00e9sz\u00edtetted! Ennek f\u00e9ny\u00e9ben fontos, hogy ne keverj\u00fck alkohollal, gy\u00f3gyszerekkel! Seg\u00edts\u00e9g\u00e9rt b\u00e1rmikor fordulhat \u00fcgyf\u00e9lszolg\u00e1latunkhoz! <a href=\"https:\/\/rckopen.com\/hu\/\">RC Kopen<\/a><\/p>\n<p>&nbsp;<\/p>","protected":false},"excerpt":{"rendered":"<p><strong>Forma: <\/strong>blotterek<\/p>","protected":false},"featured_media":6382,"comment_status":"open","ping_status":"closed","template":"","meta":{"_joinchat":[]},"product_brand":[],"product_cat":[130],"product_tag":[],"class_list":{"0":"post-6376","1":"product","2":"type-product","3":"status-publish","4":"has-post-thumbnail","6":"product_cat-blotters","8":"first","9":"instock","10":"shipping-taxable","11":"purchasable","12":"product-type-variable"},"yoast_head":"<!-- This site is optimized with the Yoast SEO plugin v26.3 - https:\/\/yoast.com\/wordpress\/plugins\/seo\/ -->\n<title>Koop Deschloroetizolam-blotters 2 mg online | RC Kopen<\/title>\n<meta name=\"description\" content=\"Op zoek naar hoogwaardige Deschloroetizolam-blotters 2 mg online te koop? RC kopen is een toonaangevende winkel waar u Deschloroetizolam Blotters 2mg online kunt kopen tegen de beste prijs. Bestel nu met discrete verzending!\" \/>\n<meta name=\"robots\" content=\"index, follow, max-snippet:-1, max-image-preview:large, max-video-preview:-1\" \/>\n<link rel=\"canonical\" href=\"https:\/\/rckopen.com\/hu\/termek\/deskloroetizolam-blotters-2-mg\/\" \/>\n<meta property=\"og:locale\" content=\"hu_HU\" \/>\n<meta property=\"og:type\" content=\"article\" \/>\n<meta property=\"og:title\" content=\"Koop Deschloroetizolam-blotters 2 mg online | RC Kopen\" \/>\n<meta property=\"og:description\" content=\"Op zoek naar hoogwaardige Deschloroetizolam-blotters 2 mg online te koop? RC kopen is een toonaangevende winkel waar u Deschloroetizolam Blotters 2mg online kunt kopen tegen de beste prijs. Bestel nu met discrete verzending!\" \/>\n<meta property=\"og:url\" content=\"https:\/\/rckopen.com\/hu\/termek\/deskloroetizolam-blotters-2-mg\/\" \/>\n<meta property=\"og:site_name\" content=\"RC Kopen\" \/>\n<meta property=\"article:modified_time\" content=\"2025-02-05T10:49:20+00:00\" \/>\n<meta property=\"og:image\" content=\"https:\/\/rckopen.com\/wp-content\/uploads\/2023\/08\/Deschloroetizolam-blotters-2-mg.jpg\" \/>\n\t<meta property=\"og:image:width\" content=\"600\" \/>\n\t<meta property=\"og:image:height\" content=\"600\" \/>\n\t<meta property=\"og:image:type\" content=\"image\/jpeg\" \/>\n<meta name=\"twitter:card\" content=\"summary_large_image\" \/>\n<meta name=\"twitter:label1\" content=\"Becs\u00fclt olvas\u00e1si id\u0151\" \/>\n\t<meta name=\"twitter:data1\" content=\"2 perc\" \/>\n<script type=\"application\/ld+json\" class=\"yoast-schema-graph\">{\"@context\":\"https:\/\/schema.org\",\"@graph\":[{\"@type\":\"WebPage\",\"@id\":\"https:\/\/rckopen.com\/product\/deschloroetizolam-blotters-2-mg\/\",\"url\":\"https:\/\/rckopen.com\/product\/deschloroetizolam-blotters-2-mg\/\",\"name\":\"Koop Deschloroetizolam-blotters 2 mg online | RC Kopen\",\"isPartOf\":{\"@id\":\"https:\/\/rckopen.com\/#website\"},\"primaryImageOfPage\":{\"@id\":\"https:\/\/rckopen.com\/product\/deschloroetizolam-blotters-2-mg\/#primaryimage\"},\"image\":{\"@id\":\"https:\/\/rckopen.com\/product\/deschloroetizolam-blotters-2-mg\/#primaryimage\"},\"thumbnailUrl\":\"https:\/\/rckopen.com\/wp-content\/uploads\/2023\/08\/Deschloroetizolam-blotters-2-mg.jpg\",\"datePublished\":\"2023-08-14T13:24:52+00:00\",\"dateModified\":\"2025-02-05T10:49:20+00:00\",\"description\":\"Op zoek naar hoogwaardige Deschloroetizolam-blotters 2 mg online te koop? RC kopen is een toonaangevende winkel waar u Deschloroetizolam Blotters 2mg online kunt kopen tegen de beste prijs. Bestel nu met discrete verzending!\",\"breadcrumb\":{\"@id\":\"https:\/\/rckopen.com\/product\/deschloroetizolam-blotters-2-mg\/#breadcrumb\"},\"inLanguage\":\"hu\",\"potentialAction\":[{\"@type\":\"ReadAction\",\"target\":[\"https:\/\/rckopen.com\/product\/deschloroetizolam-blotters-2-mg\/\"]}]},{\"@type\":\"ImageObject\",\"inLanguage\":\"hu\",\"@id\":\"https:\/\/rckopen.com\/product\/deschloroetizolam-blotters-2-mg\/#primaryimage\",\"url\":\"https:\/\/rckopen.com\/wp-content\/uploads\/2023\/08\/Deschloroetizolam-blotters-2-mg.jpg\",\"contentUrl\":\"https:\/\/rckopen.com\/wp-content\/uploads\/2023\/08\/Deschloroetizolam-blotters-2-mg.jpg\",\"width\":600,\"height\":600,\"caption\":\"Deschloroetizolam-blotters-2-mg online kopen\"},{\"@type\":\"BreadcrumbList\",\"@id\":\"https:\/\/rckopen.com\/product\/deschloroetizolam-blotters-2-mg\/#breadcrumb\",\"itemListElement\":[{\"@type\":\"ListItem\",\"position\":1,\"name\":\"Home\",\"item\":\"https:\/\/rckopen.com\/\"},{\"@type\":\"ListItem\",\"position\":2,\"name\":\"Shop\",\"item\":\"https:\/\/rckopen.com\/shop\/\"},{\"@type\":\"ListItem\",\"position\":3,\"name\":\"Deschloroetizolam blotters 2 mg online kopen\"}]},{\"@type\":\"WebSite\",\"@id\":\"https:\/\/rckopen.com\/#website\",\"url\":\"https:\/\/rckopen.com\/\",\"name\":\"RC Kopen\",\"description\":\"Research Chemicals\",\"potentialAction\":[{\"@type\":\"SearchAction\",\"target\":{\"@type\":\"EntryPoint\",\"urlTemplate\":\"https:\/\/rckopen.com\/?s={search_term_string}\"},\"query-input\":{\"@type\":\"PropertyValueSpecification\",\"valueRequired\":true,\"valueName\":\"search_term_string\"}}],\"inLanguage\":\"hu\"}]}<\/script>\n<!-- \/ Yoast SEO plugin. -->","yoast_head_json":{"title":"Koop Deschloroetizolam-blotters 2 mg online | RC Kopen","description":"Op zoek naar hoogwaardige Deschloroetizolam-blotters 2 mg online te koop? RC kopen is een toonaangevende winkel waar u Deschloroetizolam Blotters 2mg online kunt kopen tegen de beste prijs. Bestel nu met discrete verzending!","robots":{"index":"index","follow":"follow","max-snippet":"max-snippet:-1","max-image-preview":"max-image-preview:large","max-video-preview":"max-video-preview:-1"},"canonical":"https:\/\/rckopen.com\/hu\/termek\/deskloroetizolam-blotters-2-mg\/","og_locale":"hu_HU","og_type":"article","og_title":"Koop Deschloroetizolam-blotters 2 mg online | RC Kopen","og_description":"Op zoek naar hoogwaardige Deschloroetizolam-blotters 2 mg online te koop? RC kopen is een toonaangevende winkel waar u Deschloroetizolam Blotters 2mg online kunt kopen tegen de beste prijs. Bestel nu met discrete verzending!","og_url":"https:\/\/rckopen.com\/hu\/termek\/deskloroetizolam-blotters-2-mg\/","og_site_name":"RC Kopen","article_modified_time":"2025-02-05T10:49:20+00:00","og_image":[{"width":600,"height":600,"url":"https:\/\/rckopen.com\/wp-content\/uploads\/2023\/08\/Deschloroetizolam-blotters-2-mg.jpg","type":"image\/jpeg"}],"twitter_card":"summary_large_image","twitter_misc":{"Becs\u00fclt olvas\u00e1si id\u0151":"2 perc"},"schema":{"@context":"https:\/\/schema.org","@graph":[{"@type":"WebPage","@id":"https:\/\/rckopen.com\/product\/deschloroetizolam-blotters-2-mg\/","url":"https:\/\/rckopen.com\/product\/deschloroetizolam-blotters-2-mg\/","name":"Koop Deschloroetizolam-blotters 2 mg online | RC Kopen","isPartOf":{"@id":"https:\/\/rckopen.com\/#website"},"primaryImageOfPage":{"@id":"https:\/\/rckopen.com\/product\/deschloroetizolam-blotters-2-mg\/#primaryimage"},"image":{"@id":"https:\/\/rckopen.com\/product\/deschloroetizolam-blotters-2-mg\/#primaryimage"},"thumbnailUrl":"https:\/\/rckopen.com\/wp-content\/uploads\/2023\/08\/Deschloroetizolam-blotters-2-mg.jpg","datePublished":"2023-08-14T13:24:52+00:00","dateModified":"2025-02-05T10:49:20+00:00","description":"Op zoek naar hoogwaardige Deschloroetizolam-blotters 2 mg online te koop? RC kopen is een toonaangevende winkel waar u Deschloroetizolam Blotters 2mg online kunt kopen tegen de beste prijs. Bestel nu met discrete verzending!","breadcrumb":{"@id":"https:\/\/rckopen.com\/product\/deschloroetizolam-blotters-2-mg\/#breadcrumb"},"inLanguage":"hu","potentialAction":[{"@type":"ReadAction","target":["https:\/\/rckopen.com\/product\/deschloroetizolam-blotters-2-mg\/"]}]},{"@type":"ImageObject","inLanguage":"hu","@id":"https:\/\/rckopen.com\/product\/deschloroetizolam-blotters-2-mg\/#primaryimage","url":"https:\/\/rckopen.com\/wp-content\/uploads\/2023\/08\/Deschloroetizolam-blotters-2-mg.jpg","contentUrl":"https:\/\/rckopen.com\/wp-content\/uploads\/2023\/08\/Deschloroetizolam-blotters-2-mg.jpg","width":600,"height":600,"caption":"Deschloroetizolam-blotters-2-mg online kopen"},{"@type":"BreadcrumbList","@id":"https:\/\/rckopen.com\/product\/deschloroetizolam-blotters-2-mg\/#breadcrumb","itemListElement":[{"@type":"ListItem","position":1,"name":"Home","item":"https:\/\/rckopen.com\/"},{"@type":"ListItem","position":2,"name":"Shop","item":"https:\/\/rckopen.com\/shop\/"},{"@type":"ListItem","position":3,"name":"Deschloroetizolam blotters 2 mg online kopen"}]},{"@type":"WebSite","@id":"https:\/\/rckopen.com\/#website","url":"https:\/\/rckopen.com\/","name":"RC Kopen","description":"Research Chemicals","potentialAction":[{"@type":"SearchAction","target":{"@type":"EntryPoint","urlTemplate":"https:\/\/rckopen.com\/?s={search_term_string}"},"query-input":{"@type":"PropertyValueSpecification","valueRequired":true,"valueName":"search_term_string"}}],"inLanguage":"hu"}]}},"_links":{"self":[{"href":"https:\/\/rckopen.com\/hu\/wp-json\/wp\/v2\/product\/6376","targetHints":{"allow":["GET"]}}],"collection":[{"href":"https:\/\/rckopen.com\/hu\/wp-json\/wp\/v2\/product"}],"about":[{"href":"https:\/\/rckopen.com\/hu\/wp-json\/wp\/v2\/types\/product"}],"replies":[{"embeddable":true,"href":"https:\/\/rckopen.com\/hu\/wp-json\/wp\/v2\/comments?post=6376"}],"wp:featuredmedia":[{"embeddable":true,"href":"https:\/\/rckopen.com\/hu\/wp-json\/wp\/v2\/media\/6382"}],"wp:attachment":[{"href":"https:\/\/rckopen.com\/hu\/wp-json\/wp\/v2\/media?parent=6376"}],"wp:term":[{"taxonomy":"product_brand","embeddable":true,"href":"https:\/\/rckopen.com\/hu\/wp-json\/wp\/v2\/product_brand?post=6376"},{"taxonomy":"product_cat","embeddable":true,"href":"https:\/\/rckopen.com\/hu\/wp-json\/wp\/v2\/product_cat?post=6376"},{"taxonomy":"product_tag","embeddable":true,"href":"https:\/\/rckopen.com\/hu\/wp-json\/wp\/v2\/product_tag?post=6376"}],"curies":[{"name":"wp","href":"https:\/\/api.w.org\/{rel}","templated":true}]}}