{"id":6389,"date":"2023-08-14T14:17:30","date_gmt":"2023-08-14T14:17:30","guid":{"rendered":"https:\/\/diligentplug.com\/chems\/?post_type=product&#038;p=6389"},"modified":"2026-02-27T09:23:37","modified_gmt":"2026-02-27T09:23:37","slug":"1p-lsd-150mcg-blotters-st-design-1","status":"publish","type":"product","link":"https:\/\/rckopen.com\/hu\/termek\/1p-lsd-150mcg-blotters-st-design-1\/","title":{"rendered":"V\u00e1s\u00e1roljon 1P-LSD 150mcg blottert (ST Design 1) online"},"content":{"rendered":"<h2><b>1P-LSD 150mcg Blotters (ST Design 1) Online Kopen \u2013 Premium Psychedelische Blotters van Topkwaliteit<\/b><\/h2>\n<h3><b>Bevezet\u00e9s az 1P-LSD-be<\/b><\/h3>\n<p><b>Mi az 1P-LSD?<\/b><b><br \/>\n<\/b><span style=\"font-weight: 400;\"><a href=\"https:\/\/en.wikipedia.org\/wiki\/1P-LSD\"> 1P-LSD (1-propionyl-lyserginezuurdiethylamide)<\/a> egy er\u0151s pszichedelikus szer, amely szorosan kapcsol\u00f3dik a klasszikus LSD-hez. Ismert vil\u00e1gos, introspekt\u00edv \u00e9s gyakran euforikus hat\u00e1sair\u00f3l. Az 1P-LSD egyre n\u00e9pszer\u0171bb a pszichonaut\u00e1k k\u00f6r\u00e9ben a megb\u00edzhat\u00f3 \u00e9s k\u00f6vetkezetes \u00e9lm\u00e9ny miatt. N\u00e9pszer\u0171 azok k\u00f6r\u00e9ben, akik a pszichedelikus \u00e1llapotokat szem\u00e9lyes fejl\u0151d\u00e9s, kreativit\u00e1s vagy kikapcsol\u00f3d\u00e1s c\u00e9lj\u00e1b\u00f3l szeretn\u00e9k felfedezni.<\/span><\/p>\n<p><b>A 150mcg-os adagol\u00e1s hat\u00e1sai \u00e9s er\u0151ss\u00e9ge<\/b><b><br \/>\n<\/b><span style=\"font-weight: 400;\"> Minden egyes adagol\u00f3 pontosan 150 mikrogrammot tartalmaz, ami egy er\u0151teljes, m\u00e9gis kezelhet\u0151 \u00e9lm\u00e9nyt eredm\u00e9nyez. Ez az adag ide\u00e1lis azoknak a felhaszn\u00e1l\u00f3knak, akik \u00e9l\u00e9nk vizu\u00e1lis \u00e9lm\u00e9nyekre, fokozott \u00e9rz\u00e9kszervi \u00e9szlel\u00e9sre \u00e9s m\u00e9lyrehat\u00f3 kognit\u00edv v\u00e1ltoz\u00e1sokra v\u00e1gynak an\u00e9lk\u00fcl, hogy t\u00fal intenz\u00edv lenne. A 150 mcg t\u00f6k\u00e9letes egyens\u00falyt k\u00edn\u00e1l a m\u00e9rs\u00e9kelt \u00e9s az er\u0151s pszichedelikus \u00e9lm\u00e9ny k\u00f6z\u00f6tt, \u00e9s mind a mikrodoz\u00edroz\u00f3k, mind a tapasztalt felhaszn\u00e1l\u00f3k sz\u00e1m\u00e1ra alkalmas.<\/span><\/p>\n<p><b>Az ST Design 1 feliratoz\u00f3k r\u00f6vid le\u00edr\u00e1sa<\/b><b><br \/>\n<\/b><span style=\"font-weight: 400;\"> Az ST Design 1 itat\u00f3sok egyedi \u00e9s vizu\u00e1lisan felt\u0171n\u0151 diz\u00e1jnnal rendelkeznek, amely nemcsak a hiteless\u00e9get garant\u00e1lja, hanem gy\u0171jt\u0151i \u00e9rt\u00e9kkel is b\u00edr. Ez a diz\u00e1jn a min\u0151s\u00e9g \u00e9s a bizalom szimb\u00f3lum\u00e1v\u00e1 v\u00e1lt az 1P-LSD k\u00f6z\u00f6ss\u00e9gen bel\u00fcl, megk\u00fcl\u00f6nb\u00f6ztetve ezeket az itat\u00f3sokat a generikus alternat\u00edv\u00e1kt\u00f3l.<\/span><\/p>\n<h3><b>Mi\u00e9rt v\u00e1lassza az 1P-LSD 150mcg blottereket?<\/b><\/h3>\n<p><b>A Blotter alak el\u0151nyei<\/b><b><br \/>\n<\/b><span style=\"font-weight: 400;\"> Az 1P-LSD eset\u00e9ben az itat\u00f3s tasakok az el\u0151nyben r\u00e9szes\u00edtett bead\u00e1si m\u00f3dok, mivel k\u00f6nnyen haszn\u00e1lhat\u00f3ak, pontos adagol\u00e1s\u00faak \u00e9s diszkr\u00e9t m\u00e9ret\u0171ek. Kis m\u00e9ret\u00fcknek k\u00f6sz\u00f6nhet\u0151en k\u00f6nnyen hordozhat\u00f3k, \u00e9s gyors \u00e9s megb\u00edzhat\u00f3 felsz\u00edv\u00f3d\u00e1st biztos\u00edtanak.<\/span><\/p>\n<p><b>A 150mcg-os adagol\u00e1s konkr\u00e9t el\u0151nyei<\/b><b><br \/>\n<\/b><span style=\"font-weight: 400;\"> A 150 mcg-os adag t\u00f6k\u00e9letes mind a kezd\u0151k, mind a tapasztalt felhaszn\u00e1l\u00f3k sz\u00e1m\u00e1ra, akik egy er\u0151teljes pszichedelikus \u00e9lm\u00e9nyre v\u00e1gynak an\u00e9lk\u00fcl, hogy t\u00falz\u00e1sba vinn\u00e9k. Lehet\u0151v\u00e9 teszi a m\u00e9lyebb tudat\u00e1llapotok felfedez\u00e9s\u00e9t, mik\u00f6zben meg\u0151rzik az ir\u00e1ny\u00edt\u00e1st \u00e9s a tisztas\u00e1got.<\/span><\/p>\n<p><b>Az ST Design 1 egyedi jellemz\u0151i<\/b><b><br \/>\n<\/b><span style=\"font-weight: 400;\"> Az ST Design 1 itat\u00f3spap\u00edrok egyedi nyomtat\u00e1sukr\u00f3l \u00e9s kiv\u00e1l\u00f3 min\u0151s\u00e9g\u00fckr\u0151l ismerhet\u0151k fel. A diz\u00e1jn nemcsak eszt\u00e9tikus, hanem a min\u0151s\u00e9gellen\u0151rz\u00e9s \u00e9s a term\u00e9k integrit\u00e1s\u00e1nak jele is, \u00edgy a v\u00e1s\u00e1rl\u00f3k bizalmat szavazhatnak nekik.<\/span><\/p>\n<h3><b>Hol lehet online 1P-LSD 150mcg-os itat\u00f3spap\u00edrt v\u00e1s\u00e1rolni?<\/b><\/h3>\n<p><b>Megb\u00edzhat\u00f3 online \u00e9rt\u00e9kes\u00edt\u00e9s \u00e9s piacterek<\/b><b><br \/>\n<\/b><span style=\"font-weight: 400;\"> 1P-LSD 150mcg itat\u00f3spap\u00edr online v\u00e1s\u00e1rl\u00e1sakor elengedhetetlen a j\u00f3 h\u00edr\u0171 elad\u00f3k kiv\u00e1laszt\u00e1sa. A megb\u00edzhat\u00f3 besz\u00e1ll\u00edt\u00f3k laborat\u00f3riumban tesztelt term\u00e9keket, \u00e1tl\u00e1that\u00f3 eredetet \u00e9s diszkr\u00e9t sz\u00e1ll\u00edt\u00e1st k\u00edn\u00e1lnak. Mindig olyan elad\u00f3kat keressen, akik j\u00f3 \u00e9rt\u00e9kel\u00e9sekkel, biztons\u00e1gos fizet\u00e9si m\u00f3dokkal \u00e9s kiv\u00e1l\u00f3 \u00fcgyf\u00e9lszolg\u00e1lattal rendelkeznek.<\/span><\/p>\n<p><b>Hogyan ellen\u0151rizd a hiteless\u00e9get?<\/b><b><br \/>\n<\/b><span style=\"font-weight: 400;\"> Gy\u0151z\u0151dj\u00f6n meg r\u00f3la, hogy az 1P-LSD itat\u00f3spap\u00edr megb\u00edzhat\u00f3 forr\u00e1sb\u00f3l sz\u00e1rmazik. Az eredeti ST Design 1 itat\u00f3spap\u00edrok \u00e1lland\u00f3 nyomtat\u00e1si min\u0151s\u00e9get k\u00edn\u00e1lnak, \u00e9s sok besz\u00e1ll\u00edt\u00f3 ad ki t\u00e9telenk\u00e9nti teszt tan\u00fas\u00edtv\u00e1nyokat. Ker\u00fclje a t\u00fal olcs\u00f3nak t\u0171n\u0151 aj\u00e1nlatokat, vagy az olyan elad\u00f3kat, akiknek nincs egy\u00e9rtelm\u0171 forr\u00e1suk.<\/span><\/p>\n<p><b>Jogi megfontol\u00e1sok r\u00e9gi\u00f3nk\u00e9nt<\/b><b><br \/>\n<\/b><span style=\"font-weight: 400;\"> Az 1P-LSD-t szab\u00e1lyoz\u00f3 t\u00f6rv\u00e9nyek orsz\u00e1gonk\u00e9nt elt\u00e9r\u0151ek. Rendel\u00e9s el\u0151tt mindig ellen\u0151rizze a helyi el\u0151\u00edr\u00e1sokat. Sok orsz\u00e1gban az 1P-LSD kutat\u00e1si vegyi anyagnak sz\u00e1m\u00edt, \u00e9s b\u00e1r nem mindenhol tiltott, jogi kock\u00e1zatokkal j\u00e1r. V\u00e1s\u00e1roljon felel\u0151ss\u00e9gteljesen \u00e9s t\u00e1j\u00e9kozottan.<\/span><\/p>\n<h3><b>V\u00e1s\u00e1rl\u00f3i v\u00e9lem\u00e9nyek \u00e9s tapasztalatok<\/b><\/h3>\n<p><b>Felhaszn\u00e1l\u00f3i \u00e9lm\u00e9nyek az ST Design 1 Blotters-szel<\/b><b><br \/>\n<\/b><span style=\"font-weight: 400;\"> A felhaszn\u00e1l\u00f3k gyakran dics\u00e9rik az ST Design 1 itat\u00f3sokat a tiszta, megb\u00edzhat\u00f3 hat\u00e1suk\u00e9rt \u00e9s az \u00e1lland\u00f3 adagol\u00e1suk\u00e9rt. Az egyedi diz\u00e1jnt a min\u0151s\u00e9g jelek\u00e9nt is \u00e9rt\u00e9kelik.<\/span><\/p>\n<p><b>\u00d6sszehasonl\u00edt\u00e1s m\u00e1s mint\u00e1kkal \u00e9s adagol\u00e1sokkal<\/b><b><br \/>\n<\/b><span style=\"font-weight: 400;\"> M\u00e1s itat\u00f3sokhoz \u00e9s adagol\u00e1sokhoz k\u00e9pest az ST Design 1 150mcg itat\u00f3sokat kiegyens\u00falyozott hat\u00e9konys\u00e1guk \u00e9s sima hat\u00e1suk miatt kedvelik. Kontroll\u00e1ltabb \u00e9lm\u00e9nyt ny\u00fajtanak, mint a nagyobb d\u00f3zisok, \u00e9s er\u0151sebb hat\u00e1st, mint a mikrod\u00f3zisok.<\/span><\/p>\n<h3><b>K\u00f6vetkeztet\u00e9s<\/b><\/h3>\n<p><b>A f\u0151bb pontok \u00f6sszefoglal\u00e1sa<\/b><b><br \/>\n<\/b><span style=\"font-weight: 400;\"> Az 1P-LSD 150mcg blotterek (ST Design 1) kiv\u00e1l\u00f3 min\u0151s\u00e9g\u0171 \u00e9s er\u0151teljes pszichedelikus \u00e9lm\u00e9nyt ny\u00fajtanak a prec\u00edz adagol\u00e1s \u00e9s a megb\u00edzhat\u00f3 kialak\u00edt\u00e1s el\u0151nyeivel. K\u00fcl\u00f6nb\u00f6z\u0151 \u00e9lm\u00e9nyszintekhez alkalmasak, \u00e9s a maxim\u00e1lis biztons\u00e1g \u00e9s hiteless\u00e9g \u00e9rdek\u00e9ben ellen\u0151rz\u00f6tt forr\u00e1sokb\u00f3l sz\u00e1rmaznak.<\/span><\/p>\n<p><b>Leg\u00fajabb v\u00e1s\u00e1rl\u00f3i aj\u00e1nl\u00e1sok<\/b><b><br \/>\n<\/b><span style=\"font-weight: 400;\"> Als je <a href=\"https:\/\/rckopen.com\/hu\/termek\/1p-lsd-150mcg-blotters-st-design-1\/\"><strong>Kaufen wilt 1P-LSD 150mcg Blotters (ST Design 1) online<\/strong><\/a>, mindig megb\u00edzhat\u00f3 elad\u00f3kat v\u00e1lasszon, akik diszkr\u00e9t sz\u00e1ll\u00edt\u00e1si szab\u00e1lyzattal, bizony\u00edtott tisztas\u00e1ggal \u00e9s versenyk\u00e9pes \u00e1rakkal rendelkeznek. Ak\u00e1r m\u00e9lyebb betekint\u00e9st, ak\u00e1r kreat\u00edv lend\u00fcletet keres, ezek az \u00e9rtes\u00edt\u0151k k\u00f6vetkezetes, kiv\u00e1l\u00f3 min\u0151s\u00e9g\u0171 utaz\u00e1st biztos\u00edtanak, amely kiemelkedik a piacon.<\/span><\/p>","protected":false},"excerpt":{"rendered":"<p><strong>IUPAC-n\u00e9v: <\/strong>(6aR,9R)-4-propionil-N,N-dietil-7-metil-4,6,6,6a,7,8,9-hexahidroindolo[4,3-fg]kinolin-9-karboxamid<\/p>\n<p><strong>M\u00e1sik n\u00e9v: <\/strong>1P-LSD, 1-propionil-lizergsav-dietilamid<\/p>\n<p><strong>Megjelen\u00e9s: <\/strong>150ug Blotters (&gt;99% tisztas\u00e1g)<\/p>\n<p><strong>Forma: <\/strong>L-tartar\u00e1t<\/p>\n<p><strong>NMR-elemz\u00e9s: <\/strong>N\/A<\/p>","protected":false},"featured_media":6397,"comment_status":"open","ping_status":"closed","template":"","meta":{"_joinchat":[]},"product_brand":[],"product_cat":[130],"product_tag":[],"class_list":{"0":"post-6389","1":"product","2":"type-product","3":"status-publish","4":"has-post-thumbnail","6":"product_cat-blotters","8":"first","9":"instock","10":"shipping-taxable","11":"purchasable","12":"product-type-variable"},"yoast_head":"<!-- This site is optimized with the Yoast SEO plugin v26.3 - https:\/\/yoast.com\/wordpress\/plugins\/seo\/ -->\n<title>1P-LSD-150MCG-Blotters-ST- Design-1 online kopen<\/title>\n<meta name=\"description\" content=\"Als u 1p-lsd-150mcg-blotters-st-design-1 online wilt kopen, heeft RCKopen een hoogwaardige 1p-lsd-150mcg-blotters-st-design-1 te koop. Wij helpen u 1p-lsd-150mcg-blotters-st-design-1 online te bestellen tegen lage tarieven.\" \/>\n<meta name=\"robots\" content=\"index, follow, max-snippet:-1, max-image-preview:large, max-video-preview:-1\" \/>\n<link rel=\"canonical\" href=\"https:\/\/rckopen.com\/hu\/termek\/1p-lsd-150mcg-blotters-st-design-1\/\" \/>\n<meta property=\"og:locale\" content=\"hu_HU\" \/>\n<meta property=\"og:type\" content=\"article\" \/>\n<meta property=\"og:title\" content=\"1P-LSD-150MCG-Blotters-ST- Design-1 online kopen\" \/>\n<meta property=\"og:description\" content=\"Als u 1p-lsd-150mcg-blotters-st-design-1 online wilt kopen, heeft RCKopen een hoogwaardige 1p-lsd-150mcg-blotters-st-design-1 te koop. Wij helpen u 1p-lsd-150mcg-blotters-st-design-1 online te bestellen tegen lage tarieven.\" \/>\n<meta property=\"og:url\" content=\"https:\/\/rckopen.com\/hu\/termek\/1p-lsd-150mcg-blotters-st-design-1\/\" \/>\n<meta property=\"og:site_name\" content=\"RC Kopen\" \/>\n<meta property=\"article:modified_time\" content=\"2026-02-27T09:23:37+00:00\" \/>\n<meta property=\"og:image\" content=\"https:\/\/rckopen.com\/wp-content\/uploads\/2023\/08\/1P-LSD-150mcg-Blotters-ST-Design-1.jpg\" \/>\n\t<meta property=\"og:image:width\" content=\"600\" \/>\n\t<meta property=\"og:image:height\" content=\"600\" \/>\n\t<meta property=\"og:image:type\" content=\"image\/jpeg\" \/>\n<meta name=\"twitter:card\" content=\"summary_large_image\" \/>\n<meta name=\"twitter:label1\" content=\"Becs\u00fclt olvas\u00e1si id\u0151\" \/>\n\t<meta name=\"twitter:data1\" content=\"3 perc\" \/>\n<script type=\"application\/ld+json\" class=\"yoast-schema-graph\">{\"@context\":\"https:\/\/schema.org\",\"@graph\":[{\"@type\":\"WebPage\",\"@id\":\"https:\/\/rckopen.com\/product\/1p-lsd-150mcg-blotters-st-design-1\/\",\"url\":\"https:\/\/rckopen.com\/product\/1p-lsd-150mcg-blotters-st-design-1\/\",\"name\":\"1P-LSD-150MCG-Blotters-ST- Design-1 online kopen\",\"isPartOf\":{\"@id\":\"https:\/\/rckopen.com\/#website\"},\"primaryImageOfPage\":{\"@id\":\"https:\/\/rckopen.com\/product\/1p-lsd-150mcg-blotters-st-design-1\/#primaryimage\"},\"image\":{\"@id\":\"https:\/\/rckopen.com\/product\/1p-lsd-150mcg-blotters-st-design-1\/#primaryimage\"},\"thumbnailUrl\":\"https:\/\/rckopen.com\/wp-content\/uploads\/2023\/08\/1P-LSD-150mcg-Blotters-ST-Design-1.jpg\",\"datePublished\":\"2023-08-14T14:17:30+00:00\",\"dateModified\":\"2026-02-27T09:23:37+00:00\",\"description\":\"Als u 1p-lsd-150mcg-blotters-st-design-1 online wilt kopen, heeft RCKopen een hoogwaardige 1p-lsd-150mcg-blotters-st-design-1 te koop. Wij helpen u 1p-lsd-150mcg-blotters-st-design-1 online te bestellen tegen lage tarieven.\",\"breadcrumb\":{\"@id\":\"https:\/\/rckopen.com\/product\/1p-lsd-150mcg-blotters-st-design-1\/#breadcrumb\"},\"inLanguage\":\"hu\",\"potentialAction\":[{\"@type\":\"ReadAction\",\"target\":[\"https:\/\/rckopen.com\/product\/1p-lsd-150mcg-blotters-st-design-1\/\"]}]},{\"@type\":\"ImageObject\",\"inLanguage\":\"hu\",\"@id\":\"https:\/\/rckopen.com\/product\/1p-lsd-150mcg-blotters-st-design-1\/#primaryimage\",\"url\":\"https:\/\/rckopen.com\/wp-content\/uploads\/2023\/08\/1P-LSD-150mcg-Blotters-ST-Design-1.jpg\",\"contentUrl\":\"https:\/\/rckopen.com\/wp-content\/uploads\/2023\/08\/1P-LSD-150mcg-Blotters-ST-Design-1.jpg\",\"width\":600,\"height\":600,\"caption\":\"1P-LSD 150mcg Blotters (ST Design 1) Online Kopen\"},{\"@type\":\"BreadcrumbList\",\"@id\":\"https:\/\/rckopen.com\/product\/1p-lsd-150mcg-blotters-st-design-1\/#breadcrumb\",\"itemListElement\":[{\"@type\":\"ListItem\",\"position\":1,\"name\":\"Home\",\"item\":\"https:\/\/rckopen.com\/\"},{\"@type\":\"ListItem\",\"position\":2,\"name\":\"Shop\",\"item\":\"https:\/\/rckopen.com\/shop\/\"},{\"@type\":\"ListItem\",\"position\":3,\"name\":\"1P-LSD 150mcg Blotters (ST Design 1) Online Kopen\"}]},{\"@type\":\"WebSite\",\"@id\":\"https:\/\/rckopen.com\/#website\",\"url\":\"https:\/\/rckopen.com\/\",\"name\":\"RC Kopen\",\"description\":\"Research Chemicals\",\"potentialAction\":[{\"@type\":\"SearchAction\",\"target\":{\"@type\":\"EntryPoint\",\"urlTemplate\":\"https:\/\/rckopen.com\/?s={search_term_string}\"},\"query-input\":{\"@type\":\"PropertyValueSpecification\",\"valueRequired\":true,\"valueName\":\"search_term_string\"}}],\"inLanguage\":\"hu\"}]}<\/script>\n<!-- \/ Yoast SEO plugin. -->","yoast_head_json":{"title":"1P-LSD-150MCG-Blotters-ST- Design-1 online kopen","description":"Als u 1p-lsd-150mcg-blotters-st-design-1 online wilt kopen, heeft RCKopen een hoogwaardige 1p-lsd-150mcg-blotters-st-design-1 te koop. Wij helpen u 1p-lsd-150mcg-blotters-st-design-1 online te bestellen tegen lage tarieven.","robots":{"index":"index","follow":"follow","max-snippet":"max-snippet:-1","max-image-preview":"max-image-preview:large","max-video-preview":"max-video-preview:-1"},"canonical":"https:\/\/rckopen.com\/hu\/termek\/1p-lsd-150mcg-blotters-st-design-1\/","og_locale":"hu_HU","og_type":"article","og_title":"1P-LSD-150MCG-Blotters-ST- Design-1 online kopen","og_description":"Als u 1p-lsd-150mcg-blotters-st-design-1 online wilt kopen, heeft RCKopen een hoogwaardige 1p-lsd-150mcg-blotters-st-design-1 te koop. Wij helpen u 1p-lsd-150mcg-blotters-st-design-1 online te bestellen tegen lage tarieven.","og_url":"https:\/\/rckopen.com\/hu\/termek\/1p-lsd-150mcg-blotters-st-design-1\/","og_site_name":"RC Kopen","article_modified_time":"2026-02-27T09:23:37+00:00","og_image":[{"width":600,"height":600,"url":"https:\/\/rckopen.com\/wp-content\/uploads\/2023\/08\/1P-LSD-150mcg-Blotters-ST-Design-1.jpg","type":"image\/jpeg"}],"twitter_card":"summary_large_image","twitter_misc":{"Becs\u00fclt olvas\u00e1si id\u0151":"3 perc"},"schema":{"@context":"https:\/\/schema.org","@graph":[{"@type":"WebPage","@id":"https:\/\/rckopen.com\/product\/1p-lsd-150mcg-blotters-st-design-1\/","url":"https:\/\/rckopen.com\/product\/1p-lsd-150mcg-blotters-st-design-1\/","name":"1P-LSD-150MCG-Blotters-ST- Design-1 online kopen","isPartOf":{"@id":"https:\/\/rckopen.com\/#website"},"primaryImageOfPage":{"@id":"https:\/\/rckopen.com\/product\/1p-lsd-150mcg-blotters-st-design-1\/#primaryimage"},"image":{"@id":"https:\/\/rckopen.com\/product\/1p-lsd-150mcg-blotters-st-design-1\/#primaryimage"},"thumbnailUrl":"https:\/\/rckopen.com\/wp-content\/uploads\/2023\/08\/1P-LSD-150mcg-Blotters-ST-Design-1.jpg","datePublished":"2023-08-14T14:17:30+00:00","dateModified":"2026-02-27T09:23:37+00:00","description":"Als u 1p-lsd-150mcg-blotters-st-design-1 online wilt kopen, heeft RCKopen een hoogwaardige 1p-lsd-150mcg-blotters-st-design-1 te koop. Wij helpen u 1p-lsd-150mcg-blotters-st-design-1 online te bestellen tegen lage tarieven.","breadcrumb":{"@id":"https:\/\/rckopen.com\/product\/1p-lsd-150mcg-blotters-st-design-1\/#breadcrumb"},"inLanguage":"hu","potentialAction":[{"@type":"ReadAction","target":["https:\/\/rckopen.com\/product\/1p-lsd-150mcg-blotters-st-design-1\/"]}]},{"@type":"ImageObject","inLanguage":"hu","@id":"https:\/\/rckopen.com\/product\/1p-lsd-150mcg-blotters-st-design-1\/#primaryimage","url":"https:\/\/rckopen.com\/wp-content\/uploads\/2023\/08\/1P-LSD-150mcg-Blotters-ST-Design-1.jpg","contentUrl":"https:\/\/rckopen.com\/wp-content\/uploads\/2023\/08\/1P-LSD-150mcg-Blotters-ST-Design-1.jpg","width":600,"height":600,"caption":"1P-LSD 150mcg Blotters (ST Design 1) Online Kopen"},{"@type":"BreadcrumbList","@id":"https:\/\/rckopen.com\/product\/1p-lsd-150mcg-blotters-st-design-1\/#breadcrumb","itemListElement":[{"@type":"ListItem","position":1,"name":"Home","item":"https:\/\/rckopen.com\/"},{"@type":"ListItem","position":2,"name":"Shop","item":"https:\/\/rckopen.com\/shop\/"},{"@type":"ListItem","position":3,"name":"1P-LSD 150mcg Blotters (ST Design 1) Online Kopen"}]},{"@type":"WebSite","@id":"https:\/\/rckopen.com\/#website","url":"https:\/\/rckopen.com\/","name":"RC Kopen","description":"Research Chemicals","potentialAction":[{"@type":"SearchAction","target":{"@type":"EntryPoint","urlTemplate":"https:\/\/rckopen.com\/?s={search_term_string}"},"query-input":{"@type":"PropertyValueSpecification","valueRequired":true,"valueName":"search_term_string"}}],"inLanguage":"hu"}]}},"_links":{"self":[{"href":"https:\/\/rckopen.com\/hu\/wp-json\/wp\/v2\/product\/6389","targetHints":{"allow":["GET"]}}],"collection":[{"href":"https:\/\/rckopen.com\/hu\/wp-json\/wp\/v2\/product"}],"about":[{"href":"https:\/\/rckopen.com\/hu\/wp-json\/wp\/v2\/types\/product"}],"replies":[{"embeddable":true,"href":"https:\/\/rckopen.com\/hu\/wp-json\/wp\/v2\/comments?post=6389"}],"wp:featuredmedia":[{"embeddable":true,"href":"https:\/\/rckopen.com\/hu\/wp-json\/wp\/v2\/media\/6397"}],"wp:attachment":[{"href":"https:\/\/rckopen.com\/hu\/wp-json\/wp\/v2\/media?parent=6389"}],"wp:term":[{"taxonomy":"product_brand","embeddable":true,"href":"https:\/\/rckopen.com\/hu\/wp-json\/wp\/v2\/product_brand?post=6389"},{"taxonomy":"product_cat","embeddable":true,"href":"https:\/\/rckopen.com\/hu\/wp-json\/wp\/v2\/product_cat?post=6389"},{"taxonomy":"product_tag","embeddable":true,"href":"https:\/\/rckopen.com\/hu\/wp-json\/wp\/v2\/product_tag?post=6389"}],"curies":[{"name":"wp","href":"https:\/\/api.w.org\/{rel}","templated":true}]}}