{"id":6403,"date":"2023-08-15T05:33:43","date_gmt":"2023-08-15T05:33:43","guid":{"rendered":"https:\/\/diligentplug.com\/chems\/?post_type=product&#038;p=6403"},"modified":"2026-02-25T09:25:49","modified_gmt":"2026-02-25T09:25:49","slug":"1cp-lsd-100mcg-blotters","status":"publish","type":"product","link":"https:\/\/rckopen.com\/hu\/termek\/1cp-lsd-100mcg-blotters\/","title":{"rendered":"1cP-LSD 100mcg blotter Online Kopen"},"content":{"rendered":"<h2><b>1cP-LSD 100mcg Blotters Online Kopen \u2013 Nauwkeurig Gedoceerd voor Onderzoeksgebruik<\/b><\/h2>\n<h3><b>Mi az 1cP-LSD?<\/b><\/h3>\n<p>Az 1cP-LSD (1-ciklopropionil-lizergsav-dietilamid) egy modern lizergamid \u00e9s az LSD-25 prodrugja. K\u00e9miailag hasonl\u00f3, de jogilag elk\u00fcl\u00f6n\u00fcl\u0151 1cP-LSD-t sz\u00e1mos r\u00e9gi\u00f3ban leg\u00e1lis alternat\u00edvak\u00e9nt haszn\u00e1lj\u00e1k. A kutat\u00f3i \u00e9s pszichedelikus k\u00f6z\u00f6ss\u00e9gben az 1cP-LSD ir\u00e1nti kereslet egyre n\u00f6vekszik egyedi farmakol\u00f3giai profilja miatt. 1cP-LSD 100mcg-os blottereinket kifejezetten laborat\u00f3riumi vizsg\u00e1latokhoz \u00e9s tudom\u00e1nyos kutat\u00e1shoz tervezt\u00fck.<\/p>\n<h3><b>H\u00e1tt\u00e9r \u00e9s kutat\u00e1si relevancia<\/b><\/h3>\n<p><span style=\"font-weight: 400;\">Az 1cP-LSD LSD-25-t\u00e9 metaboliz\u00e1l\u00f3dik, ami azt jelenti, hogy hasonl\u00f3 hat\u00e1sai vannak, a leboml\u00e1s \u00e9s az id\u0151z\u00edt\u00e9s finom k\u00fcl\u00f6nbs\u00e9geivel. Ez k\u00fcl\u00f6n\u00f6sen \u00e9rt\u00e9kess\u00e9 teszi a szerotonerg receptorok, a pszichedelikus dinamika \u00e9s a neuropszichol\u00f3gia kutat\u00e1s\u00e1ban.<\/span><\/p>\n<h3><b>Mi\u00e9rt 100mcg a standard adag?<\/b><\/h3>\n<p><a href=\"https:\/\/rckopen.com\/hu\/\"><b>1cP-LSD 100mcg foltok<\/b><\/a><span style=\"font-weight: 400;\"> Standardiz\u00e1lt \u00e9s megb\u00edzhat\u00f3 adagol\u00e1st biztos\u00edt. Ennek olyan el\u0151nyei vannak, mint:<\/span><\/p>\n<ul>\n<li style=\"font-weight: 400;\" aria-level=\"1\"><span style=\"font-weight: 400;\">Constante, reproduceerbare resultaten in experimenten<\/span><\/li>\n<li style=\"font-weight: 400;\" aria-level=\"1\"><span style=\"font-weight: 400;\">Egyszer\u0171 \u00f6sszehasonl\u00edt\u00e1s LSD-vel, ALD-52-vel \u00e9s 1P-LSD-vel<\/span><\/li>\n<li style=\"font-weight: 400;\" aria-level=\"1\"><span style=\"font-weight: 400;\">Alkalmazhat\u00f3s\u00e1g a megl\u00e9v\u0151 kutat\u00f3int\u00e9zetekben<\/span><\/li>\n<\/ul>\n<p><span style=\"font-weight: 400;\">A 100 mcg-os d\u00f3zist nemzetk\u00f6zileg elismert referenciapontk\u00e9nt tartj\u00e1k sz\u00e1mon sz\u00e1mos lizergamid-vizsg\u00e1latban.<\/span><\/p>\n<h3><b>Jog\u00e1ll\u00e1s<\/b><\/h3>\n<p>Az 1cP-LSD jogi st\u00e1tusza a c\u00e9lorsz\u00e1gt\u00f3l f\u00fcgg:<\/p>\n<ul>\n<li style=\"font-weight: 400;\" aria-level=\"1\">Egyes\u00fclt \u00c1llamok: Nincs kifejezetten szab\u00e1lyozva, de a sz\u00f6vets\u00e9gi anal\u00f3g t\u00f6rv\u00e9ny tilthatja.<\/li>\n<li style=\"font-weight: 400;\" aria-level=\"1\">Egyes\u00fclt Kir\u00e1lys\u00e1g: Tiltva a pszichoakt\u00edv anyagokr\u00f3l sz\u00f3l\u00f3 t\u00f6rv\u00e9ny alapj\u00e1n<\/li>\n<li style=\"font-weight: 400;\" aria-level=\"1\">EU: Tag\u00e1llamonk\u00e9nt v\u00e1ltoz\u00f3 \u2013 egyes orsz\u00e1gokban leg\u00e1lis kutat\u00e1si c\u00e9lokra<\/li>\n<li style=\"font-weight: 400;\" aria-level=\"1\">Kanada: \u00c1ltal\u00e1ban szab\u00e1lyozatlan, de \u00e9rtelmez\u00e9st\u0151l f\u00fcgg<\/li>\n<\/ul>\n<p>Kanada: \u00c1ltal\u00e1ban szab\u00e1lyozatlan, de \u00e9rtelmez\u00e9st\u0151l f\u00fcgg <strong><a href=\"https:\/\/en.wikipedia.org\/wiki\/1cP-LSD\">Rendeljen 1cP-LSD 100mcg blottert online<\/a><\/strong>Ez a term\u00e9k kiz\u00e1r\u00f3lag laborat\u00f3riumi \u00e9s kutat\u00e1si haszn\u00e1latra k\u00e9sz\u00fclt.<\/p>\n<h3><b>Hol lehet online 1cP-LSD blottereket v\u00e1s\u00e1rolni \u2013 Mire kell figyelni?<\/b><\/h3>\n<p>Amikor keres <strong><a href=\"https:\/\/rckopen.com\/hu\/termek\/1cp-lsd-100mcg-blotters\/\">1cP-LSD 100mcg itat\u00f3spap\u00edr elad\u00f3<\/a><\/strong>, akkor figyelj oda:<\/p>\n<ul>\n<li style=\"font-weight: 400;\" aria-level=\"1\">A megb\u00edzhat\u00f3 besz\u00e1ll\u00edt\u00f3k mindig tesztjelent\u00e9seket (COA), egy\u00e9rtelm\u0171 term\u00e9kinform\u00e1ci\u00f3kat \u00e9s \u00fcgyf\u00e9lk\u00f6zpont\u00fa szolg\u00e1ltat\u00e1st biztos\u00edtanak.<\/li>\n<li style=\"font-weight: 400;\" aria-level=\"1\">Ker\u00fcld a megb\u00edzhatatlan besz\u00e1ll\u00edt\u00f3kat, akik hom\u00e1lyos le\u00edr\u00e1sokkal rendelkeznek, nem rendelkeznek \u00fcgyf\u00e9lszolg\u00e1lattal vagy laborat\u00f3riumi elemz\u00e9sekkel.<\/li>\n<li style=\"font-weight: 400;\" aria-level=\"1\">Olyan elad\u00f3kat v\u00e1lasszon, akik garant\u00e1lj\u00e1k a min\u0151s\u00e9get, az adagol\u00e1s pontoss\u00e1g\u00e1t \u00e9s a diszkr\u00e9ci\u00f3t.<\/li>\n<\/ul>\n<p>Kiv\u00e1l\u00f3 min\u0151s\u00e9g\u0171, tesztelt \u00e9s a legmagasabb szabv\u00e1nyoknak megfelel\u0151 itat\u00f3sokat k\u00edn\u00e1lunk. Ez\u00e9rt vagyunk a legjobb hely az 1cP-LSD 100mcg itat\u00f3sok v\u00e1s\u00e1rl\u00e1s\u00e1ra.<\/p>\n<h3><b>Sz\u00e1ll\u00edt\u00e1s \u00e9s fizet\u00e9s<\/b><\/h3>\n<p>Meg\u00e9rtj\u00fck az adatv\u00e9delem \u00e9s a biztons\u00e1g fontoss\u00e1g\u00e1t a kutat\u00e1si anyagok tekintet\u00e9ben:<\/p>\n<ul>\n<li style=\"font-weight: 400;\" aria-level=\"1\">Diszkr\u00e9t csomagol\u00e1s: Nincsenek term\u00e9knevek vagy log\u00f3k a csomagol\u00e1son<\/li>\n<li style=\"font-weight: 400;\" aria-level=\"1\">Vil\u00e1gszerte sz\u00e1ll\u00edt\u00e1s: Gyors, nyomon k\u00f6vethet\u0151 \u00e9s gondosan csomagolva<\/li>\n<li style=\"font-weight: 400;\" aria-level=\"1\">Biztons\u00e1gos fizet\u00e9sek: T\u00e1mogatja a kriptovalut\u00e1kat, p\u00e9ld\u00e1ul a Bitcoint<\/li>\n<li style=\"font-weight: 400;\" aria-level=\"1\">K\u00e9rj\u00fck, vegye figyelembe a v\u00e1mkezel\u00e9si szab\u00e1lyokat: \u00d6n felel\u0151s az orsz\u00e1g\u00e1ban \u00e9rv\u00e9nyes importszab\u00e1lyoz\u00e1sok betart\u00e1s\u00e1\u00e9rt.<\/li>\n<\/ul>\n<h3><b>K\u00f6vetkeztet\u00e9s<\/b><\/h3>\n<p><span style=\"font-weight: 400;\">Akarsz <\/span><b>V\u00e1s\u00e1roljon olcs\u00f3 1cP-LSD 100mcg blottereket a min\u0151s\u00e9g fel\u00e1ldoz\u00e1sa n\u00e9lk\u00fcl<\/b><span style=\"font-weight: 400;\">Akkor j\u00f3 helyen j\u00e1r. Itat\u00f3sainkat gondosan gy\u00e1rtjuk, tesztelj\u00fck \u00e9s szigor\u00fa ir\u00e1nyelvek szerint sz\u00e1ll\u00edtjuk. Alkalmasak egyetemek, mag\u00e1nlaborat\u00f3riumok \u00e9s tudom\u00e1nyos int\u00e9zm\u00e9nyek sz\u00e1m\u00e1ra, amelyek megb\u00edzhat\u00f3s\u00e1got \u00e9s tisztas\u00e1got ig\u00e9nyelnek.<\/span><\/p>","protected":false},"excerpt":{"rendered":"<p><strong>IUPAC-n\u00e9v: <\/strong>1-cycloPropionil-Lysergs\u00e4urediethylamid<\/p>\n<p><strong>Forma: <\/strong>blotterek<\/p>\n<p><strong>NMR-elemz\u00e9s: <\/strong>N\/A<\/p>","protected":false},"featured_media":6417,"comment_status":"open","ping_status":"closed","template":"","meta":{"_joinchat":[]},"product_brand":[],"product_cat":[130],"product_tag":[],"class_list":{"0":"post-6403","1":"product","2":"type-product","3":"status-publish","4":"has-post-thumbnail","6":"product_cat-blotters","8":"first","9":"instock","10":"shipping-taxable","11":"purchasable","12":"product-type-variable"},"yoast_head":"<!-- This site is optimized with the Yoast SEO plugin v26.3 - https:\/\/yoast.com\/wordpress\/plugins\/seo\/ -->\n<title>1CP-LSD-100MCG-blotters online kopen | Rc Kopen<\/title>\n<meta name=\"description\" content=\"Als u 1CP-LSD-100MCG-blotters online wilt kopen, zijn wij uw beste keuze. 1CP-LSD-100MCG-blotters voor de beste prijs Kopen. Plaats nu een bestelling!\" \/>\n<meta name=\"robots\" content=\"index, follow, max-snippet:-1, max-image-preview:large, max-video-preview:-1\" \/>\n<link rel=\"canonical\" href=\"https:\/\/rckopen.com\/hu\/termek\/1cp-lsd-100mcg-blotters\/\" \/>\n<meta property=\"og:locale\" content=\"hu_HU\" \/>\n<meta property=\"og:type\" content=\"article\" \/>\n<meta property=\"og:title\" content=\"1CP-LSD-100MCG-blotters online kopen | Rc Kopen\" \/>\n<meta property=\"og:description\" content=\"Als u 1CP-LSD-100MCG-blotters online wilt kopen, zijn wij uw beste keuze. 1CP-LSD-100MCG-blotters voor de beste prijs Kopen. Plaats nu een bestelling!\" \/>\n<meta property=\"og:url\" content=\"https:\/\/rckopen.com\/hu\/termek\/1cp-lsd-100mcg-blotters\/\" \/>\n<meta property=\"og:site_name\" content=\"RC Kopen\" \/>\n<meta property=\"article:modified_time\" content=\"2026-02-25T09:25:49+00:00\" \/>\n<meta property=\"og:image\" content=\"https:\/\/rckopen.com\/wp-content\/uploads\/2023\/08\/1cP-LSD-100mcg-blotters.jpg\" \/>\n\t<meta property=\"og:image:width\" content=\"600\" \/>\n\t<meta property=\"og:image:height\" content=\"600\" \/>\n\t<meta property=\"og:image:type\" content=\"image\/jpeg\" \/>\n<meta name=\"twitter:card\" content=\"summary_large_image\" \/>\n<meta name=\"twitter:label1\" content=\"Becs\u00fclt olvas\u00e1si id\u0151\" \/>\n\t<meta name=\"twitter:data1\" content=\"2 perc\" \/>\n<script type=\"application\/ld+json\" class=\"yoast-schema-graph\">{\"@context\":\"https:\/\/schema.org\",\"@graph\":[{\"@type\":\"WebPage\",\"@id\":\"https:\/\/rckopen.com\/product\/1cp-lsd-100mcg-blotters\/\",\"url\":\"https:\/\/rckopen.com\/product\/1cp-lsd-100mcg-blotters\/\",\"name\":\"1CP-LSD-100MCG-blotters online kopen | Rc Kopen\",\"isPartOf\":{\"@id\":\"https:\/\/rckopen.com\/#website\"},\"primaryImageOfPage\":{\"@id\":\"https:\/\/rckopen.com\/product\/1cp-lsd-100mcg-blotters\/#primaryimage\"},\"image\":{\"@id\":\"https:\/\/rckopen.com\/product\/1cp-lsd-100mcg-blotters\/#primaryimage\"},\"thumbnailUrl\":\"https:\/\/rckopen.com\/wp-content\/uploads\/2023\/08\/1cP-LSD-100mcg-blotters.jpg\",\"datePublished\":\"2023-08-15T05:33:43+00:00\",\"dateModified\":\"2026-02-25T09:25:49+00:00\",\"description\":\"Als u 1CP-LSD-100MCG-blotters online wilt kopen, zijn wij uw beste keuze. 1CP-LSD-100MCG-blotters voor de beste prijs Kopen. Plaats nu een bestelling!\",\"breadcrumb\":{\"@id\":\"https:\/\/rckopen.com\/product\/1cp-lsd-100mcg-blotters\/#breadcrumb\"},\"inLanguage\":\"hu\",\"potentialAction\":[{\"@type\":\"ReadAction\",\"target\":[\"https:\/\/rckopen.com\/product\/1cp-lsd-100mcg-blotters\/\"]}]},{\"@type\":\"ImageObject\",\"inLanguage\":\"hu\",\"@id\":\"https:\/\/rckopen.com\/product\/1cp-lsd-100mcg-blotters\/#primaryimage\",\"url\":\"https:\/\/rckopen.com\/wp-content\/uploads\/2023\/08\/1cP-LSD-100mcg-blotters.jpg\",\"contentUrl\":\"https:\/\/rckopen.com\/wp-content\/uploads\/2023\/08\/1cP-LSD-100mcg-blotters.jpg\",\"width\":600,\"height\":600,\"caption\":\"1cP-LSD-100mcg-blotters online kopen\"},{\"@type\":\"BreadcrumbList\",\"@id\":\"https:\/\/rckopen.com\/product\/1cp-lsd-100mcg-blotters\/#breadcrumb\",\"itemListElement\":[{\"@type\":\"ListItem\",\"position\":1,\"name\":\"Home\",\"item\":\"https:\/\/rckopen.com\/\"},{\"@type\":\"ListItem\",\"position\":2,\"name\":\"Shop\",\"item\":\"https:\/\/rckopen.com\/shop\/\"},{\"@type\":\"ListItem\",\"position\":3,\"name\":\"1cP-LSD 100mcg blotters Online Kopen\"}]},{\"@type\":\"WebSite\",\"@id\":\"https:\/\/rckopen.com\/#website\",\"url\":\"https:\/\/rckopen.com\/\",\"name\":\"RC Kopen\",\"description\":\"Research Chemicals\",\"potentialAction\":[{\"@type\":\"SearchAction\",\"target\":{\"@type\":\"EntryPoint\",\"urlTemplate\":\"https:\/\/rckopen.com\/?s={search_term_string}\"},\"query-input\":{\"@type\":\"PropertyValueSpecification\",\"valueRequired\":true,\"valueName\":\"search_term_string\"}}],\"inLanguage\":\"hu\"}]}<\/script>\n<!-- \/ Yoast SEO plugin. -->","yoast_head_json":{"title":"1CP-LSD-100MCG-blotters online kopen | Rc Kopen","description":"Als u 1CP-LSD-100MCG-blotters online wilt kopen, zijn wij uw beste keuze. 1CP-LSD-100MCG-blotters voor de beste prijs Kopen. Plaats nu een bestelling!","robots":{"index":"index","follow":"follow","max-snippet":"max-snippet:-1","max-image-preview":"max-image-preview:large","max-video-preview":"max-video-preview:-1"},"canonical":"https:\/\/rckopen.com\/hu\/termek\/1cp-lsd-100mcg-blotters\/","og_locale":"hu_HU","og_type":"article","og_title":"1CP-LSD-100MCG-blotters online kopen | Rc Kopen","og_description":"Als u 1CP-LSD-100MCG-blotters online wilt kopen, zijn wij uw beste keuze. 1CP-LSD-100MCG-blotters voor de beste prijs Kopen. Plaats nu een bestelling!","og_url":"https:\/\/rckopen.com\/hu\/termek\/1cp-lsd-100mcg-blotters\/","og_site_name":"RC Kopen","article_modified_time":"2026-02-25T09:25:49+00:00","og_image":[{"width":600,"height":600,"url":"https:\/\/rckopen.com\/wp-content\/uploads\/2023\/08\/1cP-LSD-100mcg-blotters.jpg","type":"image\/jpeg"}],"twitter_card":"summary_large_image","twitter_misc":{"Becs\u00fclt olvas\u00e1si id\u0151":"2 perc"},"schema":{"@context":"https:\/\/schema.org","@graph":[{"@type":"WebPage","@id":"https:\/\/rckopen.com\/product\/1cp-lsd-100mcg-blotters\/","url":"https:\/\/rckopen.com\/product\/1cp-lsd-100mcg-blotters\/","name":"1CP-LSD-100MCG-blotters online kopen | Rc Kopen","isPartOf":{"@id":"https:\/\/rckopen.com\/#website"},"primaryImageOfPage":{"@id":"https:\/\/rckopen.com\/product\/1cp-lsd-100mcg-blotters\/#primaryimage"},"image":{"@id":"https:\/\/rckopen.com\/product\/1cp-lsd-100mcg-blotters\/#primaryimage"},"thumbnailUrl":"https:\/\/rckopen.com\/wp-content\/uploads\/2023\/08\/1cP-LSD-100mcg-blotters.jpg","datePublished":"2023-08-15T05:33:43+00:00","dateModified":"2026-02-25T09:25:49+00:00","description":"Als u 1CP-LSD-100MCG-blotters online wilt kopen, zijn wij uw beste keuze. 1CP-LSD-100MCG-blotters voor de beste prijs Kopen. Plaats nu een bestelling!","breadcrumb":{"@id":"https:\/\/rckopen.com\/product\/1cp-lsd-100mcg-blotters\/#breadcrumb"},"inLanguage":"hu","potentialAction":[{"@type":"ReadAction","target":["https:\/\/rckopen.com\/product\/1cp-lsd-100mcg-blotters\/"]}]},{"@type":"ImageObject","inLanguage":"hu","@id":"https:\/\/rckopen.com\/product\/1cp-lsd-100mcg-blotters\/#primaryimage","url":"https:\/\/rckopen.com\/wp-content\/uploads\/2023\/08\/1cP-LSD-100mcg-blotters.jpg","contentUrl":"https:\/\/rckopen.com\/wp-content\/uploads\/2023\/08\/1cP-LSD-100mcg-blotters.jpg","width":600,"height":600,"caption":"1cP-LSD-100mcg-blotters online kopen"},{"@type":"BreadcrumbList","@id":"https:\/\/rckopen.com\/product\/1cp-lsd-100mcg-blotters\/#breadcrumb","itemListElement":[{"@type":"ListItem","position":1,"name":"Home","item":"https:\/\/rckopen.com\/"},{"@type":"ListItem","position":2,"name":"Shop","item":"https:\/\/rckopen.com\/shop\/"},{"@type":"ListItem","position":3,"name":"1cP-LSD 100mcg blotters Online Kopen"}]},{"@type":"WebSite","@id":"https:\/\/rckopen.com\/#website","url":"https:\/\/rckopen.com\/","name":"RC Kopen","description":"Research Chemicals","potentialAction":[{"@type":"SearchAction","target":{"@type":"EntryPoint","urlTemplate":"https:\/\/rckopen.com\/?s={search_term_string}"},"query-input":{"@type":"PropertyValueSpecification","valueRequired":true,"valueName":"search_term_string"}}],"inLanguage":"hu"}]}},"_links":{"self":[{"href":"https:\/\/rckopen.com\/hu\/wp-json\/wp\/v2\/product\/6403","targetHints":{"allow":["GET"]}}],"collection":[{"href":"https:\/\/rckopen.com\/hu\/wp-json\/wp\/v2\/product"}],"about":[{"href":"https:\/\/rckopen.com\/hu\/wp-json\/wp\/v2\/types\/product"}],"replies":[{"embeddable":true,"href":"https:\/\/rckopen.com\/hu\/wp-json\/wp\/v2\/comments?post=6403"}],"wp:featuredmedia":[{"embeddable":true,"href":"https:\/\/rckopen.com\/hu\/wp-json\/wp\/v2\/media\/6417"}],"wp:attachment":[{"href":"https:\/\/rckopen.com\/hu\/wp-json\/wp\/v2\/media?parent=6403"}],"wp:term":[{"taxonomy":"product_brand","embeddable":true,"href":"https:\/\/rckopen.com\/hu\/wp-json\/wp\/v2\/product_brand?post=6403"},{"taxonomy":"product_cat","embeddable":true,"href":"https:\/\/rckopen.com\/hu\/wp-json\/wp\/v2\/product_cat?post=6403"},{"taxonomy":"product_tag","embeddable":true,"href":"https:\/\/rckopen.com\/hu\/wp-json\/wp\/v2\/product_tag?post=6403"}],"curies":[{"name":"wp","href":"https:\/\/api.w.org\/{rel}","templated":true}]}}