{"id":6408,"date":"2023-08-15T06:06:13","date_gmt":"2023-08-15T06:06:13","guid":{"rendered":"https:\/\/diligentplug.com\/chems\/?post_type=product&#038;p=6408"},"modified":"2025-02-03T05:16:42","modified_gmt":"2025-02-03T05:16:42","slug":"7-add-wet-batch","status":"publish","type":"product","link":"https:\/\/rckopen.com\/hu\/termek\/7-nedves-tetel-hozzaadasa\/","title":{"rendered":"7-ADD nedves t\u00e9tel online kopen"},"content":{"rendered":"<h2>Az rckopen.com nem emberi fogyaszt\u00e1sra sz\u00e1nt term\u00e9keket k\u00edn\u00e1l.<br \/>\n\u00c1ltal\u00e1nos inform\u00e1ci\u00f3k Cannabinoid por<\/h2>\n<p><a href=\"https:\/\/rckopen.com\/hu\/termek\/7-nedves-tetel-hozzaadasa\/\">V\u00e1s\u00e1roljon 7 ADD-t online<\/a> wet batch online, a kannabinoidok a kannabiszban tal\u00e1lhat\u00f3 vegy\u00fcletek vagy el\u0151\u00e1ll\u00edtott vegy\u00fcletek, amelyek k\u00f6lcs\u00f6nhat\u00e1sba l\u00e9phetnek az endokannabinoid rendszerrel. A fitokannabinoid tetrahidrokannabinol (THC) (Delta-9-THC) a legjelent\u0151sebb kannabinoid, a kannabisz esszenci\u00e1lis m\u00e9rgez\u0151 vegy\u00fclete. A kannabidiol (CBD) n\u00e9h\u00e1ny kannabiszn\u00f6v\u00e9ny m\u00e1sik fontos \u00f6sszetev\u0151je. K\u00f6r\u00fclbel\u00fcl 113 specifikus kannabinoidot izol\u00e1ltak a kannabiszb\u00f3l. Amit 2020-ban figyelembe vettek, az az, hogy a kannabinoidok k\u00fcl\u00f6nb\u00f6z\u0151 n\u00f6v\u00e9nyekben, p\u00e9ld\u00e1ul a rododendronban, az \u00e9desgy\u00f6k\u00e9rben \u00e9s a m\u00e1jf\u0171ben, kor\u00e1bban pedig az Echinace\u00e1ban is megtal\u00e1lhat\u00f3k.<\/p>\n<h3>A klasszikus kannabinoidok f\u0151k\u00e9nt a THC-hez kapcsol\u00f3dnak.<\/h3>\n<p>A nem klasszikus kannabinoidok (kannabimimetikumok) k\u00f6z\u00e9 tartoznak az aminoalkilindolok, az 1,5-diaril-pirazolok, a kinolinok \u00e9s az arilszulfonamidok, valamint az endokannabinoidokhoz kapcsol\u00f3d\u00f3 eikozanoidok.<\/p>\n<h3>A kannabinoid k\u00e9miai \u00f6sszet\u00e9tele<\/h3>\n<p>Ennek a THC-izomernek a t\u00f6k\u00e9letesen sz\u00e1nd\u00e9kos neve (-)- (6aR,10aR)- 6,6,9-trimetil-3-pentil-6a,7,8,10a-tetrahidro-6H-benzo[c]kromen-1 -old. K\u00e9t rokon anyag, a \u03949-tetrahidrokannabinol-2-savas mar\u00f3anyag \u00e9s a \u03949-tetrahidrokannabinol-4-savas mar\u00f3anyag (THCA) szint\u00e9n jelen van a kannabiszban, n\u00e9ha hatalmas mennyis\u00e9gben.<\/p>\n<p>A k\u00e9t els\u0151dleges kannabinoid a delta-9-tetrahidrokannabinol (THC) \u00e9s a kannabidiol (CBD). A kett\u0151 k\u00f6z\u00fcl a legismertebb a delta-9-tetrahidrokannabinol (THC), a marihu\u00e1na pszichoakt\u00edv hat\u00e1s\u00e1\u00e9rt felel\u0151s anyag.<\/p>\n<h3>A kannabinoid farmakol\u00f3gi\u00e1ja<\/h3>\n<p>A kannabisz farmakol\u00f3gi\u00e1j\u00e1t megzavarja a kannabinoidok sz\u00e9les sk\u00e1l\u00e1j\u00e1nak jelenl\u00e9te. Az anandamidot a kannabinoid receptor endog\u00e9n ligandjak\u00e9nt ismerik el, \u00e9s a THC-hez hasonl\u00f3 farmakol\u00f3giai tulajdons\u00e1gokkal rendelkezik.<\/p>\n<p>A kannabiszgyanta a n\u00f6v\u00e9ny gyant\u00e1s r\u00e9szeinek felhaszn\u00e1l\u00e1s\u00e1val el\u0151\u00e1ll\u00edtott s\u0171r\u00edtett folyad\u00e9k, a kannabiszolaj pedig a kannabisz oldhat\u00f3 koncentr\u00e1tuma.<\/p>\n<p>K\u00e9t akt\u00edv metabolit k\u00e9pz\u0151dik: 11-hidroxi-\u03949-THC \u00e9s 8\u03b2-hidroxi-\u03949-THC. Az el\u0151bbit r\u00e1ad\u00e1sul \u03949-THC-11-oic korroz\u00edvv\u00e1 dolgozz\u00e1k fel. K\u00e9t l\u00e1tens anyag ugyanilyen form\u00e1ban - 8\u03b1-hidroxi-\u03949-THC \u00e9s 8\u03b1,11-dihidroxi-\u03949-THC - \u00e9s sz\u00e1mos m\u00e1s kisebb metabolit, amelyek k\u00f6z\u00fcl sok a vizeletben \u00e9s a sz\u00e9kletben gl\u00fckuronid form\u00e1ban jelenik meg.<\/p>\n<h3>V\u00e1s\u00e1roljon kiv\u00e1l\u00f3 min\u0151s\u00e9g\u0171 fluorexetamint online<\/h3>\n<p>Az RCKOPEN sok \u00e9ves tapasztalattal rendelkezik a kutat\u00f3vegyi tervez\u0151iparban, ami lehet\u0151v\u00e9 teszi sz\u00e1munkra, hogy garant\u00e1ljuk ezen kutat\u00e1si vegyszerek legmagasabb min\u0151s\u00e9g\u00e9t. A k\u00e9miai kutat\u00f3csoport fluorexetamint \u00e9s 2,5 mg-os pelleteket \u00e1rul. A kutat\u00e1si vegyszerek, k\u00f6zt\u00fck a fluorexetaminok, megfelelnek minden biztons\u00e1gi k\u00f6vetelm\u00e9nynek. A kutat\u00e1si vegyszereket gondosan elosztj\u00e1k \u00e9s h\u0171v\u00f6s, sz\u00e1raz helyen t\u00e1rolj\u00e1k.<\/p>\n<p>Minden term\u00e9ket rendszeresen ellen\u0151riznek min\u0151s\u00e9g, tisztas\u00e1g \u00e9s biztons\u00e1g szempontj\u00e1b\u00f3l. A Fluorexetamine-t mindig szobah\u0151m\u00e9rs\u00e9kleten, gyermekek \u00e9s h\u00e1zi\u00e1llatok el\u0151l elz\u00e1rva t\u00e1rolja. Fluorexetaminunk nem szem\u00e9lyes haszn\u00e1latra k\u00e9sz\u00fclt. Kiz\u00e1r\u00f3lag kutat\u00e1si c\u00e9lokra szolg\u00e1l.<\/p>\n<p>Nem szabad alkohollal vagy kutat\u00e1si vegyszerekkel keverni, amikor ezt a kutat\u00e1si vegyszert vizsg\u00e1ljuk!<\/p>\n<p>Minden term\u00e9k\u00fcnknek tisztess\u00e9ges \u00e1ra van!<\/p>\n<h3>Laborat\u00f3riumban megvizsg\u00e1lt\u00e1k a fluorexetamin eredm\u00e9ny\u00e9t.<\/h3>\n<p>Meg\u00fajul\u00f3 el\u0151rel\u00e9p\u00e9st tesz \u00fcgyfelei teljes k\u00f6r\u0171 kiel\u00e9g\u00edt\u00e9se \u00e9rdek\u00e9ben. Sz\u00e1mos felm\u00e9r\u00e9s kimutatta, hogy az \u00fcgyfelek a szintetikus kutat\u00e1si vegyszerek v\u00e1s\u00e1rl\u00e1sa el\u0151tt a v\u00e1rtn\u00e1l t\u00f6bb adatot k\u00e9rnek. Ezenk\u00edv\u00fcl minden egyes kutat\u00e1si vegyi anyag \u00f6sszes laborat\u00f3riumi k\u00f6vetkezm\u00e9ny\u00e9t k\u00f6zz\u00e9tessz\u00fck egy PDF-nyilv\u00e1ntart\u00e1sban.<a href=\"https:\/\/legitchemicals.com\/\">.<\/a><\/p>\n<p>Fluorexetaminunk k\u00f6vetkezetesen megfelel a hat\u00f3anyagoknak, \u00e9s mindenki sz\u00e1m\u00e1ra egy\u00e9rtelm\u0171.<\/p>\n<p>Minden egyes kutat\u00e1si vegyszer \u00f6sszes laborat\u00f3riumi k\u00f6vetkezm\u00e9ny\u00e9t PDF-dokumentumon terjesztj\u00fck.<\/p>\n<h3>Rendeljen biztons\u00e1gosan a Fluorexetamine-t\u00f3l.<\/h3>\n<p>Az RCKOPEN diz\u00e1jner kutat\u00e1si vegyszerek kiv\u00e1l\u00f3 min\u0151s\u00e9g\u0171ek \u00e9s m\u00e9lt\u00e1nyos \u00e1raik vannak. Ez\u00e9rt garant\u00e1ljuk, hogy amikor megrendeli a Fluorexetamint, <a href=\"https:\/\/rckopen.com\/hu\/\">RCKOPEN<\/a> k\u00e9r\u00e9seket, k\u00e9r\u00e9s\u00e9t gyorsan \u00e9s biztons\u00e1gosan h\u00e1zhoz sz\u00e1ll\u00edtjuk. V\u00e1s\u00e1roljon 7 ADD nedves t\u00e9telt online.<\/p>\n<p>A szintetikus kutat\u00e1si kapcsolatok k\u00e9r\u00e9se Bitcoin vagy banki \u00e1tutal\u00e1ssal egyszer\u0171 az RC KOPEN P-n\u00e1l.<\/p>\n<p>A Fluorexetamine-t ugyanazon a munkanapon sz\u00e1ll\u00edtjuk, ha a fizet\u00e9s 14:00 CEST el\u0151tt be\u00e9rkezik. Szombaton, vas\u00e1rnap \u00e9s nemzeti\/nemzetk\u00f6zi \u00fcnnepnapokon \u00e1ltal\u00e1ban nem sz\u00e1ll\u00edtunk.<\/p>\n<h3>A kutat\u00e1si vegyszerek diszkr\u00e9t sz\u00e1ll\u00edt\u00e1sa.<\/h3>\n<p>B\u00e1r a diz\u00e1jner kutat\u00e1si vegyszerek leg\u00e1lisan el\u00e9rhet\u0151k online, mi az RCKOPEN-n\u00e9l a legt\u00f6bbet biztons\u00e1gosan \u00e9s \u00e9sszer\u0171en sz\u00e1ll\u00edtjuk. Nagyon j\u00f3 lopakod\u00e1ssal csomagolunk, \u00e9s k\u00edv\u00fclr\u0151l semmi sem l\u00e1tszik arr\u00f3l, hogy mi lehet benne.<\/p>\n<p>500 eur\u00f3 feletti megrendel\u00e9seket track and follow szolg\u00e1ltat\u00e1ssal k\u00fcld\u00fcnk, \u00edgy fokozatosan nyomon k\u00f6vetheti a csomagot. 500 eur\u00f3 feletti megrendel\u00e9seket ingyenes track szolg\u00e1ltat\u00e1ssal k\u00fcld\u00fcnk.<\/p>\n<p>18 \u00e9ven aluliaknak nem sz\u00e1ll\u00edtunk!<\/p>\n<p>\u00d3vint\u00e9zked\u00e9sek<br \/>\nV\u00e1s\u00e1roljon megfelel\u0151 egy\u00e9ni v\u00e9d\u0151felszerel\u00e9st, p\u00e9ld\u00e1ul v\u00e9d\u0151szem\u00fcveget \u00e9s keszty\u0171t. Tiszt\u00edtsa \u00e9s gondozza \u0151ket megfelel\u0151en. K\u00f6vesse a biztons\u00e1gos rendszereket a kutat\u00e1si vegyi anyagok kezel\u00e9se sor\u00e1n, \u00e9s ne r\u00f6vid\u00edtsen.<br \/>\nHa a vizsg\u00e1lt anyag a szembe ker\u00fcl, j\u00f3l ki kell \u00f6bl\u00edteni, \u00e9s ha sz\u00fcks\u00e9ges, ki kell venni a kontaktlencs\u00e9t.<a href=\"https:\/\/rckopen.com\/de\/produkt\/3-merkmale\/\">.<\/a><br \/>\nPr\u00f3b\u00e1ljon meg maszkot haszn\u00e1lni, mik\u00f6zben ezeket a vegyszereket haszn\u00e1lja, hogy ne<\/p>","protected":false},"excerpt":{"rendered":"<p><strong>IUPAC-n\u00e9v: <\/strong>N-(1-amino-3,3-dimethyl-1-oxobutan-2-yl)-1-butyl-1H-indazole-3-acetamide<\/p>\n<p><strong>M\u00e1sik n\u00e9v: <\/strong>AB-Pyca<\/p>\n<p><strong>Megjelen\u00e9s: <\/strong>por<\/p>\n<p><strong>Forma: <\/strong>nedves t\u00e9tel<\/p>\n<p><strong>NMR-elemz\u00e9s: <\/strong>C19H28N4O2<\/p>","protected":false},"featured_media":6424,"comment_status":"open","ping_status":"closed","template":"","meta":{"_joinchat":[]},"product_brand":[],"product_cat":[132],"product_tag":[],"class_list":{"0":"post-6408","1":"product","2":"type-product","3":"status-publish","4":"has-post-thumbnail","6":"product_cat-cannabinoiden","8":"first","9":"instock","10":"shipping-taxable","11":"purchasable","12":"product-type-variable"},"yoast_head":"<!-- This site is optimized with the Yoast SEO plugin v26.3 - https:\/\/yoast.com\/wordpress\/plugins\/seo\/ -->\n<title>7 ADD natte batch online kopen - 7 ADD natte batch te koop<\/title>\n<meta name=\"description\" content=\"Als je 7 ADD Wet Batch uit onze winkel nog niet hebt geprobeerd, dan mis je veel. Wij helpen u 7 ADD Wet Batch online te kopen tegen goedkope tarieven. Ontvang vandaag nog 7 ADD Wet Batch te koop!\" \/>\n<meta name=\"robots\" content=\"index, follow, max-snippet:-1, max-image-preview:large, max-video-preview:-1\" \/>\n<link rel=\"canonical\" href=\"https:\/\/rckopen.com\/hu\/termek\/7-nedves-tetel-hozzaadasa\/\" \/>\n<meta property=\"og:locale\" content=\"hu_HU\" \/>\n<meta property=\"og:type\" content=\"article\" \/>\n<meta property=\"og:title\" content=\"7 ADD natte batch online kopen - 7 ADD natte batch te koop\" \/>\n<meta property=\"og:description\" content=\"Als je 7 ADD Wet Batch uit onze winkel nog niet hebt geprobeerd, dan mis je veel. Wij helpen u 7 ADD Wet Batch online te kopen tegen goedkope tarieven. Ontvang vandaag nog 7 ADD Wet Batch te koop!\" \/>\n<meta property=\"og:url\" content=\"https:\/\/rckopen.com\/hu\/termek\/7-nedves-tetel-hozzaadasa\/\" \/>\n<meta property=\"og:site_name\" content=\"RC Kopen\" \/>\n<meta property=\"article:modified_time\" content=\"2025-02-03T05:16:42+00:00\" \/>\n<meta property=\"og:image\" content=\"https:\/\/rckopen.com\/wp-content\/uploads\/2023\/08\/7-ADD-wet-batch.jpg\" \/>\n\t<meta property=\"og:image:width\" content=\"600\" \/>\n\t<meta property=\"og:image:height\" content=\"600\" \/>\n\t<meta property=\"og:image:type\" content=\"image\/jpeg\" \/>\n<meta name=\"twitter:card\" content=\"summary_large_image\" \/>\n<meta name=\"twitter:label1\" content=\"Becs\u00fclt olvas\u00e1si id\u0151\" \/>\n\t<meta name=\"twitter:data1\" content=\"4 perc\" \/>\n<script type=\"application\/ld+json\" class=\"yoast-schema-graph\">{\"@context\":\"https:\/\/schema.org\",\"@graph\":[{\"@type\":\"WebPage\",\"@id\":\"https:\/\/rckopen.com\/product\/7-add-wet-batch\/\",\"url\":\"https:\/\/rckopen.com\/product\/7-add-wet-batch\/\",\"name\":\"7 ADD natte batch online kopen - 7 ADD natte batch te koop\",\"isPartOf\":{\"@id\":\"https:\/\/rckopen.com\/#website\"},\"primaryImageOfPage\":{\"@id\":\"https:\/\/rckopen.com\/product\/7-add-wet-batch\/#primaryimage\"},\"image\":{\"@id\":\"https:\/\/rckopen.com\/product\/7-add-wet-batch\/#primaryimage\"},\"thumbnailUrl\":\"https:\/\/rckopen.com\/wp-content\/uploads\/2023\/08\/7-ADD-wet-batch.jpg\",\"datePublished\":\"2023-08-15T06:06:13+00:00\",\"dateModified\":\"2025-02-03T05:16:42+00:00\",\"description\":\"Als je 7 ADD Wet Batch uit onze winkel nog niet hebt geprobeerd, dan mis je veel. Wij helpen u 7 ADD Wet Batch online te kopen tegen goedkope tarieven. Ontvang vandaag nog 7 ADD Wet Batch te koop!\",\"breadcrumb\":{\"@id\":\"https:\/\/rckopen.com\/product\/7-add-wet-batch\/#breadcrumb\"},\"inLanguage\":\"hu\",\"potentialAction\":[{\"@type\":\"ReadAction\",\"target\":[\"https:\/\/rckopen.com\/product\/7-add-wet-batch\/\"]}]},{\"@type\":\"ImageObject\",\"inLanguage\":\"hu\",\"@id\":\"https:\/\/rckopen.com\/product\/7-add-wet-batch\/#primaryimage\",\"url\":\"https:\/\/rckopen.com\/wp-content\/uploads\/2023\/08\/7-ADD-wet-batch.jpg\",\"contentUrl\":\"https:\/\/rckopen.com\/wp-content\/uploads\/2023\/08\/7-ADD-wet-batch.jpg\",\"width\":600,\"height\":600,\"caption\":\"7-ADD-wet-batch online kopen\"},{\"@type\":\"BreadcrumbList\",\"@id\":\"https:\/\/rckopen.com\/product\/7-add-wet-batch\/#breadcrumb\",\"itemListElement\":[{\"@type\":\"ListItem\",\"position\":1,\"name\":\"Home\",\"item\":\"https:\/\/rckopen.com\/\"},{\"@type\":\"ListItem\",\"position\":2,\"name\":\"Shop\",\"item\":\"https:\/\/rckopen.com\/shop\/\"},{\"@type\":\"ListItem\",\"position\":3,\"name\":\"7-ADD wet batch online kopen\"}]},{\"@type\":\"WebSite\",\"@id\":\"https:\/\/rckopen.com\/#website\",\"url\":\"https:\/\/rckopen.com\/\",\"name\":\"RC Kopen\",\"description\":\"Research Chemicals\",\"potentialAction\":[{\"@type\":\"SearchAction\",\"target\":{\"@type\":\"EntryPoint\",\"urlTemplate\":\"https:\/\/rckopen.com\/?s={search_term_string}\"},\"query-input\":{\"@type\":\"PropertyValueSpecification\",\"valueRequired\":true,\"valueName\":\"search_term_string\"}}],\"inLanguage\":\"hu\"}]}<\/script>\n<!-- \/ Yoast SEO plugin. -->","yoast_head_json":{"title":"7 ADD natte batch online kopen - 7 ADD natte batch te koop","description":"Als je 7 ADD Wet Batch uit onze winkel nog niet hebt geprobeerd, dan mis je veel. Wij helpen u 7 ADD Wet Batch online te kopen tegen goedkope tarieven. Ontvang vandaag nog 7 ADD Wet Batch te koop!","robots":{"index":"index","follow":"follow","max-snippet":"max-snippet:-1","max-image-preview":"max-image-preview:large","max-video-preview":"max-video-preview:-1"},"canonical":"https:\/\/rckopen.com\/hu\/termek\/7-nedves-tetel-hozzaadasa\/","og_locale":"hu_HU","og_type":"article","og_title":"7 ADD natte batch online kopen - 7 ADD natte batch te koop","og_description":"Als je 7 ADD Wet Batch uit onze winkel nog niet hebt geprobeerd, dan mis je veel. Wij helpen u 7 ADD Wet Batch online te kopen tegen goedkope tarieven. Ontvang vandaag nog 7 ADD Wet Batch te koop!","og_url":"https:\/\/rckopen.com\/hu\/termek\/7-nedves-tetel-hozzaadasa\/","og_site_name":"RC Kopen","article_modified_time":"2025-02-03T05:16:42+00:00","og_image":[{"width":600,"height":600,"url":"https:\/\/rckopen.com\/wp-content\/uploads\/2023\/08\/7-ADD-wet-batch.jpg","type":"image\/jpeg"}],"twitter_card":"summary_large_image","twitter_misc":{"Becs\u00fclt olvas\u00e1si id\u0151":"4 perc"},"schema":{"@context":"https:\/\/schema.org","@graph":[{"@type":"WebPage","@id":"https:\/\/rckopen.com\/product\/7-add-wet-batch\/","url":"https:\/\/rckopen.com\/product\/7-add-wet-batch\/","name":"7 ADD natte batch online kopen - 7 ADD natte batch te koop","isPartOf":{"@id":"https:\/\/rckopen.com\/#website"},"primaryImageOfPage":{"@id":"https:\/\/rckopen.com\/product\/7-add-wet-batch\/#primaryimage"},"image":{"@id":"https:\/\/rckopen.com\/product\/7-add-wet-batch\/#primaryimage"},"thumbnailUrl":"https:\/\/rckopen.com\/wp-content\/uploads\/2023\/08\/7-ADD-wet-batch.jpg","datePublished":"2023-08-15T06:06:13+00:00","dateModified":"2025-02-03T05:16:42+00:00","description":"Als je 7 ADD Wet Batch uit onze winkel nog niet hebt geprobeerd, dan mis je veel. Wij helpen u 7 ADD Wet Batch online te kopen tegen goedkope tarieven. Ontvang vandaag nog 7 ADD Wet Batch te koop!","breadcrumb":{"@id":"https:\/\/rckopen.com\/product\/7-add-wet-batch\/#breadcrumb"},"inLanguage":"hu","potentialAction":[{"@type":"ReadAction","target":["https:\/\/rckopen.com\/product\/7-add-wet-batch\/"]}]},{"@type":"ImageObject","inLanguage":"hu","@id":"https:\/\/rckopen.com\/product\/7-add-wet-batch\/#primaryimage","url":"https:\/\/rckopen.com\/wp-content\/uploads\/2023\/08\/7-ADD-wet-batch.jpg","contentUrl":"https:\/\/rckopen.com\/wp-content\/uploads\/2023\/08\/7-ADD-wet-batch.jpg","width":600,"height":600,"caption":"7-ADD-wet-batch online kopen"},{"@type":"BreadcrumbList","@id":"https:\/\/rckopen.com\/product\/7-add-wet-batch\/#breadcrumb","itemListElement":[{"@type":"ListItem","position":1,"name":"Home","item":"https:\/\/rckopen.com\/"},{"@type":"ListItem","position":2,"name":"Shop","item":"https:\/\/rckopen.com\/shop\/"},{"@type":"ListItem","position":3,"name":"7-ADD wet batch online kopen"}]},{"@type":"WebSite","@id":"https:\/\/rckopen.com\/#website","url":"https:\/\/rckopen.com\/","name":"RC Kopen","description":"Research Chemicals","potentialAction":[{"@type":"SearchAction","target":{"@type":"EntryPoint","urlTemplate":"https:\/\/rckopen.com\/?s={search_term_string}"},"query-input":{"@type":"PropertyValueSpecification","valueRequired":true,"valueName":"search_term_string"}}],"inLanguage":"hu"}]}},"_links":{"self":[{"href":"https:\/\/rckopen.com\/hu\/wp-json\/wp\/v2\/product\/6408","targetHints":{"allow":["GET"]}}],"collection":[{"href":"https:\/\/rckopen.com\/hu\/wp-json\/wp\/v2\/product"}],"about":[{"href":"https:\/\/rckopen.com\/hu\/wp-json\/wp\/v2\/types\/product"}],"replies":[{"embeddable":true,"href":"https:\/\/rckopen.com\/hu\/wp-json\/wp\/v2\/comments?post=6408"}],"wp:featuredmedia":[{"embeddable":true,"href":"https:\/\/rckopen.com\/hu\/wp-json\/wp\/v2\/media\/6424"}],"wp:attachment":[{"href":"https:\/\/rckopen.com\/hu\/wp-json\/wp\/v2\/media?parent=6408"}],"wp:term":[{"taxonomy":"product_brand","embeddable":true,"href":"https:\/\/rckopen.com\/hu\/wp-json\/wp\/v2\/product_brand?post=6408"},{"taxonomy":"product_cat","embeddable":true,"href":"https:\/\/rckopen.com\/hu\/wp-json\/wp\/v2\/product_cat?post=6408"},{"taxonomy":"product_tag","embeddable":true,"href":"https:\/\/rckopen.com\/hu\/wp-json\/wp\/v2\/product_tag?post=6408"}],"curies":[{"name":"wp","href":"https:\/\/api.w.org\/{rel}","templated":true}]}}