{"id":6414,"date":"2023-08-15T06:32:13","date_gmt":"2023-08-15T06:32:13","guid":{"rendered":"https:\/\/diligentplug.com\/chems\/?post_type=product&#038;p=6414"},"modified":"2025-02-04T04:20:17","modified_gmt":"2025-02-04T04:20:17","slug":"jwh-210","status":"publish","type":"product","link":"https:\/\/rckopen.com\/hu\/termek\/jwh-210\/","title":{"rendered":"V\u00e1s\u00e1roljon JWH-210-et online"},"content":{"rendered":"<h2>\u00c1ltal\u00e1nos inform\u00e1ci\u00f3k a JWH-210-r\u0151l<\/h2>\n<p><a href=\"https:\/\/rckopen.com\/hu\/termek\/jwh-210\/\">V\u00e1s\u00e1roljon JWH-210-et online<\/a>, A JWH-210 egy szintetikus kannabinoid, amelyet el\u0151sz\u00f6r John W. Huffman szintetiz\u00e1lt 1993-ban kannabinoidkutat\u00e1sa r\u00e9szek\u00e9nt. Az indol-3-karboxil\u00e1t csal\u00e1dba tartozik, \u00e9s teljes agonistak\u00e9nt m\u0171k\u00f6dik mind a CB1, mind a CB2 receptorokon.<\/p>\n<p><a href=\"https:\/\/en.wikipedia.org\/wiki\/JWH-210\">JWH-210<\/a> gyakran a THC-hez (tetrahidrokannabinol \u00e9s marihu\u00e1na) hasonl\u00f3 tulajdons\u00e1gokkal rendelkez\u0151 kutat\u00e1si vegyi anyagk\u00e9nt \u00e1rulj\u00e1k.<\/p>\n<p>A JWH-210 egy szintetikus kannabinoid, amely kutat\u00e1si vegyi anyagnak min\u0151s\u00fcl. A kutat\u00e1si vegyi anyagok olyan vegyi anyagok, amelyeket tudom\u00e1nyos kutat\u00e1sokban haszn\u00e1lnak tulajdons\u00e1gaik, hat\u00e1saik \u00e9s lehets\u00e9ges alkalmaz\u00e1saik vizsg\u00e1lat\u00e1ra.<\/p>\n<p>Ezt k\u00f6vet\u0151en sz\u00e1mos tanulm\u00e1nyban haszn\u00e1lt\u00e1k a szintetikus kannabinoidok farmakol\u00f3giai tulajdons\u00e1gainak vizsg\u00e1lat\u00e1ra, bele\u00e9rtve a CB1 \u00e9s CB2 receptorokra gyakorolt hat\u00e1sukat, a lehets\u00e9ges felhaszn\u00e1l\u00e1si m\u00f3dokat \u00e9s a toxicit\u00e1st.<\/p>\n<p>A JWH-210-r\u0151l kimutatt\u00e1k, hogy nagyobb k\u00f6t\u0151d\u00e9si affinit\u00e1ssal rendelkezik a CB1 receptorhoz, mint a CB2 receptorhoz. Amikor ezekhez a receptorokhoz k\u00f6t\u0151dik, ugyanazokat a jel\u00e1tviteli utakat aktiv\u00e1lja, amelyeket a term\u00e9szetben el\u0151fordul\u00f3 kannabinoidok, p\u00e9ld\u00e1ul az anandamid \u00e9s a 2-arachidonoilglicerin aktiv\u00e1lnak.<\/p>\n<h3>A JWH-210 k\u00e9miai \u00f6sszet\u00e9tele<\/h3>\n<p>A JWH-210 k\u00e9miai neve (4-etil-naftalin-1-il-(1-pentilindol-3-il)metanon), molekulaformul\u00e1ja pedig C26H27NO. Az indol-3-karboxil\u00e1tok csal\u00e1dj\u00e1ba tartozik, \u00e9s szintetikus kannabinoid.<\/p>\n<p>A JWH-210 port \u00e1ltal\u00e1ban tiszta form\u00e1ban vagy old\u00f3szerben, p\u00e9ld\u00e1ul acetonban vagy etanolban oldott form\u00e1ban \u00e9rt\u00e9kes\u00edtik. 760 mmHg nyom\u00e1son 510,9 \u00b0C a forr\u00e1spontja \u00e9s 139-140 \u00b0C az olvad\u00e1spontja.<\/p>\n<p>A JWH-210 szerkezetileg hasonl\u00edt m\u00e1s szintetikus kannabinoidokhoz, p\u00e9ld\u00e1ul a JWH-018-hoz \u00e9s a CP-47,497-hez, de a naftalingy\u0171r\u0171 4-poz\u00edci\u00f3j\u00e1ban l\u00e9v\u0151 etilcsoport jelenl\u00e9te miatt elt\u00e9r\u0151 k\u00e9miai szerkezettel rendelkezik. \u00dagy v\u00e9lik, hogy ez a m\u00f3dos\u00edt\u00e1s jav\u00edtja a JWH-210 hat\u00e1soss\u00e1g\u00e1t \u00e9s affinit\u00e1s\u00e1t.<\/p>\n<h3>V\u00e1s\u00e1roljon kiv\u00e1l\u00f3 min\u0151s\u00e9g\u0171 JWH-210-et online<\/h3>\n<p>A JWH-210 online v\u00e1s\u00e1rl\u00e1sa sok \u00e9ves tapasztalattal rendelkezik a kutat\u00e1si vegyszertervez\u0151 iparban, ami lehet\u0151v\u00e9 teszi sz\u00e1munkra, hogy garant\u00e1ljuk ezeknek a kutat\u00e1si vegyszereknek a legmagasabb min\u0151s\u00e9g\u00e9t. A JWH-210 v\u00e1s\u00e1rl\u00e1sa egyszer\u0171 \u00e9s kiv\u00e1l\u00f3 min\u0151s\u00e9g\u0171. A JWH-210 \u00e1ra viszonylag alacsony, mint m\u00e1s c\u00e9gek\u00e9. A kutat\u00e1si vegyszerek, k\u00f6zt\u00fck a JWH-210, megfelelnek minden biztons\u00e1gi k\u00f6vetelm\u00e9nynek. A kutat\u00e1si vegyszereket gondosan elosztj\u00e1k \u00e9s h\u0171v\u00f6s, sz\u00e1raz helyen t\u00e1rolj\u00e1k.<\/p>\n<p>Minden term\u00e9ket rendszeresen ellen\u0151riznek min\u0151s\u00e9g, tisztas\u00e1g \u00e9s biztons\u00e1g szempontj\u00e1b\u00f3l. A JWH-210-et mindig szobah\u0151m\u00e9rs\u00e9kleten, gyermekek \u00e9s h\u00e1zi\u00e1llatok el\u0151l elz\u00e1rva t\u00e1rolja. A JWH-210 term\u00e9k\u00fcnket nem szem\u00e9lyes haszn\u00e1latra sz\u00e1njuk. Kiz\u00e1r\u00f3lag kutat\u00e1si c\u00e9lokra szolg\u00e1l.<\/p>\n<p>Term\u00e9keink tisztess\u00e9ges \u00e1ron kaphat\u00f3k, \u00e9s a JWH-210-et nagyon olcs\u00f3n v\u00e1s\u00e1rolhatja meg online.<\/p>\n<h3>Laborat\u00f3riumban tesztelt JWH-210 eredm\u00e9nyekkel.<\/h3>\n<p>Meg\u00fajul\u00f3 el\u0151rel\u00e9p\u00e9st tesz \u00fcgyfelei \u00e1ltal\u00e1nos kiel\u00e9g\u00edt\u00e9se \u00e9rdek\u00e9ben. Sz\u00e1mos felm\u00e9r\u00e9s kimutatta, hogy az \u00fcgyfelek a szintetikus kutat\u00e1si vegyszerek v\u00e1s\u00e1rl\u00e1sa el\u0151tt a v\u00e1rtn\u00e1l t\u00f6bb adatot k\u00e9rnek. Ezenk\u00edv\u00fcl minden egyes kutat\u00e1si vegyi anyag \u00f6sszes laborat\u00f3riumi k\u00f6vetkezm\u00e9ny\u00e9t k\u00f6zz\u00e9tessz\u00fck egy PDF-nyilv\u00e1ntart\u00e1sban.<\/p>\n<p>A JWH-210 porunk k\u00f6vetkezetesen megfelel a hat\u00f3anyagoknak, \u00e9s mindenki sz\u00e1m\u00e1ra l\u00e1that\u00f3.<\/p>\n<p>Minden egyes kutat\u00e1si vegyszer \u00f6sszes laborat\u00f3riumi k\u00f6vetkezm\u00e9ny\u00e9t PDF-dokumentumon terjesztj\u00fck.<\/p>\n<h3>Biztons\u00e1gos rendel\u00e9s a JWH-210 oldalon.<\/h3>\n<p><a href=\"https:\/\/rckopen.com\/hu\/\">RCKopen<\/a> a diz\u00e1jner kutat\u00e1si vegyszerek kiv\u00e1l\u00f3 min\u0151s\u00e9g\u0171ek \u00e9s m\u00e9lt\u00e1nyos \u00e1raik vannak. Ez\u00e9rt garant\u00e1ljuk, hogy gyorsan \u00e9s biztons\u00e1gosan h\u00e1zhoz sz\u00e1ll\u00edtjuk k\u00e9r\u00e9s\u00e9t, amikor kutat\u00e1si vegyszereit k\u00e9ri az rckopen.com oldalon, mivel a kutat\u00e1si vegyszerek \u00e9rt\u00e9kes\u00edt\u00e9se mindig el\u00e9rhet\u0151 az rckopen.com oldalon.<\/p>\n<p>A szintetikus kutat\u00e1si kapcsolatok k\u00e9r\u00e9se Bitcoin vagy banki \u00e1tutal\u00e1ssal k\u00f6nnyen megoldhat\u00f3 az rckopen.com oldalon.<\/p>\n<p>A kutat\u00e1si vegyszerekhez sz\u00fcks\u00e9ges porokat m\u00e9g aznap elk\u00fcldj\u00fck, ha a fizet\u00e9s 15:00 CEST el\u0151tt be\u00e9rkezik.<\/p>\n<p>18 \u00e9ven aluliaknak nem sz\u00e1ll\u00edtunk!<\/p>\n<p>A kutat\u00e1si c\u00e9l\u00fa vegyszerek \u00e9rt\u00e9kes\u00edt\u00e9se kiz\u00e1r\u00f3lag kutat\u00e1si c\u00e9lokra szolg\u00e1l.<\/p>\n<h3>A kutat\u00e1si vegyszerek diszkr\u00e9t sz\u00e1ll\u00edt\u00e1sa.<\/h3>\n<p>Az rckopen.com biztons\u00e1gosan csomagolja a megrendel\u00e9s\u00e9t a megfelel\u0151 sz\u00e1ll\u00edt\u00e1s biztos\u00edt\u00e1sa \u00e9rdek\u00e9ben. S\u0151t, t\u00f6k\u00e9letesen felt\u0171n\u00e9smentesen csomagolunk, \u00e9s semmi sem l\u00e1tszik k\u00edv\u00fclr\u0151l, hogy mi lehet benne.<\/p>","protected":false},"excerpt":{"rendered":"<p><strong>IUPAC-n\u00e9v: <\/strong>(4-etil-1-naftalinil)(1-pentil-1H-indol-3-il)metanon<\/p>\n<p><strong>CAS # <\/strong>824959-81-1<\/p>\n<p><strong>Megjelen\u00e9s: <\/strong>por<\/p>\n<p><strong>Forma: <\/strong>hcl<\/p>\n<p><strong>NMR-elemz\u00e9s: <\/strong>C26H27NO<\/p>","protected":false},"featured_media":6430,"comment_status":"open","ping_status":"closed","template":"","meta":{"_joinchat":[]},"product_brand":[],"product_cat":[132],"product_tag":[],"class_list":{"0":"post-6414","1":"product","2":"type-product","3":"status-publish","4":"has-post-thumbnail","6":"product_cat-cannabinoiden","8":"first","9":"instock","10":"shipping-taxable","11":"purchasable","12":"product-type-variable"},"yoast_head":"<!-- This site is optimized with the Yoast SEO plugin v26.3 - https:\/\/yoast.com\/wordpress\/plugins\/seo\/ -->\n<title>JWH-210 online kopen - JWH-210 te koop<\/title>\n<meta name=\"description\" content=\"Wij zijn de toonaangevende winkel die JWH-210 te koop heeft. Als u JWH-210 online wilt kopen, neem dan onmiddellijk contact met ons op en laat de bestelling bezorgen. Bestel nu!\" \/>\n<meta name=\"robots\" content=\"index, follow, max-snippet:-1, max-image-preview:large, max-video-preview:-1\" \/>\n<link rel=\"canonical\" href=\"https:\/\/rckopen.com\/hu\/termek\/jwh-210\/\" \/>\n<meta property=\"og:locale\" content=\"hu_HU\" \/>\n<meta property=\"og:type\" content=\"article\" \/>\n<meta property=\"og:title\" content=\"JWH-210 online kopen - JWH-210 te koop\" \/>\n<meta property=\"og:description\" content=\"Wij zijn de toonaangevende winkel die JWH-210 te koop heeft. Als u JWH-210 online wilt kopen, neem dan onmiddellijk contact met ons op en laat de bestelling bezorgen. Bestel nu!\" \/>\n<meta property=\"og:url\" content=\"https:\/\/rckopen.com\/hu\/termek\/jwh-210\/\" \/>\n<meta property=\"og:site_name\" content=\"RC Kopen\" \/>\n<meta property=\"article:modified_time\" content=\"2025-02-04T04:20:17+00:00\" \/>\n<meta property=\"og:image\" content=\"https:\/\/rckopen.com\/wp-content\/uploads\/2023\/08\/JWH-210.jpg\" \/>\n\t<meta property=\"og:image:width\" content=\"600\" \/>\n\t<meta property=\"og:image:height\" content=\"600\" \/>\n\t<meta property=\"og:image:type\" content=\"image\/jpeg\" \/>\n<meta name=\"twitter:card\" content=\"summary_large_image\" \/>\n<meta name=\"twitter:label1\" content=\"Becs\u00fclt olvas\u00e1si id\u0151\" \/>\n\t<meta name=\"twitter:data1\" content=\"3 perc\" \/>\n<script type=\"application\/ld+json\" class=\"yoast-schema-graph\">{\"@context\":\"https:\/\/schema.org\",\"@graph\":[{\"@type\":\"WebPage\",\"@id\":\"https:\/\/rckopen.com\/product\/jwh-210\/\",\"url\":\"https:\/\/rckopen.com\/product\/jwh-210\/\",\"name\":\"JWH-210 online kopen - JWH-210 te koop\",\"isPartOf\":{\"@id\":\"https:\/\/rckopen.com\/#website\"},\"primaryImageOfPage\":{\"@id\":\"https:\/\/rckopen.com\/product\/jwh-210\/#primaryimage\"},\"image\":{\"@id\":\"https:\/\/rckopen.com\/product\/jwh-210\/#primaryimage\"},\"thumbnailUrl\":\"https:\/\/rckopen.com\/wp-content\/uploads\/2023\/08\/JWH-210.jpg\",\"datePublished\":\"2023-08-15T06:32:13+00:00\",\"dateModified\":\"2025-02-04T04:20:17+00:00\",\"description\":\"Wij zijn de toonaangevende winkel die JWH-210 te koop heeft. Als u JWH-210 online wilt kopen, neem dan onmiddellijk contact met ons op en laat de bestelling bezorgen. Bestel nu!\",\"breadcrumb\":{\"@id\":\"https:\/\/rckopen.com\/product\/jwh-210\/#breadcrumb\"},\"inLanguage\":\"hu\",\"potentialAction\":[{\"@type\":\"ReadAction\",\"target\":[\"https:\/\/rckopen.com\/product\/jwh-210\/\"]}]},{\"@type\":\"ImageObject\",\"inLanguage\":\"hu\",\"@id\":\"https:\/\/rckopen.com\/product\/jwh-210\/#primaryimage\",\"url\":\"https:\/\/rckopen.com\/wp-content\/uploads\/2023\/08\/JWH-210.jpg\",\"contentUrl\":\"https:\/\/rckopen.com\/wp-content\/uploads\/2023\/08\/JWH-210.jpg\",\"width\":600,\"height\":600,\"caption\":\"JWH-210 online kopen\"},{\"@type\":\"BreadcrumbList\",\"@id\":\"https:\/\/rckopen.com\/product\/jwh-210\/#breadcrumb\",\"itemListElement\":[{\"@type\":\"ListItem\",\"position\":1,\"name\":\"Home\",\"item\":\"https:\/\/rckopen.com\/\"},{\"@type\":\"ListItem\",\"position\":2,\"name\":\"Shop\",\"item\":\"https:\/\/rckopen.com\/shop\/\"},{\"@type\":\"ListItem\",\"position\":3,\"name\":\"JWH-210 online kopen\"}]},{\"@type\":\"WebSite\",\"@id\":\"https:\/\/rckopen.com\/#website\",\"url\":\"https:\/\/rckopen.com\/\",\"name\":\"RC Kopen\",\"description\":\"Research Chemicals\",\"potentialAction\":[{\"@type\":\"SearchAction\",\"target\":{\"@type\":\"EntryPoint\",\"urlTemplate\":\"https:\/\/rckopen.com\/?s={search_term_string}\"},\"query-input\":{\"@type\":\"PropertyValueSpecification\",\"valueRequired\":true,\"valueName\":\"search_term_string\"}}],\"inLanguage\":\"hu\"}]}<\/script>\n<!-- \/ Yoast SEO plugin. -->","yoast_head_json":{"title":"JWH-210 online kopen - JWH-210 te koop","description":"Wij zijn de toonaangevende winkel die JWH-210 te koop heeft. Als u JWH-210 online wilt kopen, neem dan onmiddellijk contact met ons op en laat de bestelling bezorgen. Bestel nu!","robots":{"index":"index","follow":"follow","max-snippet":"max-snippet:-1","max-image-preview":"max-image-preview:large","max-video-preview":"max-video-preview:-1"},"canonical":"https:\/\/rckopen.com\/hu\/termek\/jwh-210\/","og_locale":"hu_HU","og_type":"article","og_title":"JWH-210 online kopen - JWH-210 te koop","og_description":"Wij zijn de toonaangevende winkel die JWH-210 te koop heeft. Als u JWH-210 online wilt kopen, neem dan onmiddellijk contact met ons op en laat de bestelling bezorgen. Bestel nu!","og_url":"https:\/\/rckopen.com\/hu\/termek\/jwh-210\/","og_site_name":"RC Kopen","article_modified_time":"2025-02-04T04:20:17+00:00","og_image":[{"width":600,"height":600,"url":"https:\/\/rckopen.com\/wp-content\/uploads\/2023\/08\/JWH-210.jpg","type":"image\/jpeg"}],"twitter_card":"summary_large_image","twitter_misc":{"Becs\u00fclt olvas\u00e1si id\u0151":"3 perc"},"schema":{"@context":"https:\/\/schema.org","@graph":[{"@type":"WebPage","@id":"https:\/\/rckopen.com\/product\/jwh-210\/","url":"https:\/\/rckopen.com\/product\/jwh-210\/","name":"JWH-210 online kopen - JWH-210 te koop","isPartOf":{"@id":"https:\/\/rckopen.com\/#website"},"primaryImageOfPage":{"@id":"https:\/\/rckopen.com\/product\/jwh-210\/#primaryimage"},"image":{"@id":"https:\/\/rckopen.com\/product\/jwh-210\/#primaryimage"},"thumbnailUrl":"https:\/\/rckopen.com\/wp-content\/uploads\/2023\/08\/JWH-210.jpg","datePublished":"2023-08-15T06:32:13+00:00","dateModified":"2025-02-04T04:20:17+00:00","description":"Wij zijn de toonaangevende winkel die JWH-210 te koop heeft. Als u JWH-210 online wilt kopen, neem dan onmiddellijk contact met ons op en laat de bestelling bezorgen. Bestel nu!","breadcrumb":{"@id":"https:\/\/rckopen.com\/product\/jwh-210\/#breadcrumb"},"inLanguage":"hu","potentialAction":[{"@type":"ReadAction","target":["https:\/\/rckopen.com\/product\/jwh-210\/"]}]},{"@type":"ImageObject","inLanguage":"hu","@id":"https:\/\/rckopen.com\/product\/jwh-210\/#primaryimage","url":"https:\/\/rckopen.com\/wp-content\/uploads\/2023\/08\/JWH-210.jpg","contentUrl":"https:\/\/rckopen.com\/wp-content\/uploads\/2023\/08\/JWH-210.jpg","width":600,"height":600,"caption":"JWH-210 online kopen"},{"@type":"BreadcrumbList","@id":"https:\/\/rckopen.com\/product\/jwh-210\/#breadcrumb","itemListElement":[{"@type":"ListItem","position":1,"name":"Home","item":"https:\/\/rckopen.com\/"},{"@type":"ListItem","position":2,"name":"Shop","item":"https:\/\/rckopen.com\/shop\/"},{"@type":"ListItem","position":3,"name":"JWH-210 online kopen"}]},{"@type":"WebSite","@id":"https:\/\/rckopen.com\/#website","url":"https:\/\/rckopen.com\/","name":"RC Kopen","description":"Research Chemicals","potentialAction":[{"@type":"SearchAction","target":{"@type":"EntryPoint","urlTemplate":"https:\/\/rckopen.com\/?s={search_term_string}"},"query-input":{"@type":"PropertyValueSpecification","valueRequired":true,"valueName":"search_term_string"}}],"inLanguage":"hu"}]}},"_links":{"self":[{"href":"https:\/\/rckopen.com\/hu\/wp-json\/wp\/v2\/product\/6414","targetHints":{"allow":["GET"]}}],"collection":[{"href":"https:\/\/rckopen.com\/hu\/wp-json\/wp\/v2\/product"}],"about":[{"href":"https:\/\/rckopen.com\/hu\/wp-json\/wp\/v2\/types\/product"}],"replies":[{"embeddable":true,"href":"https:\/\/rckopen.com\/hu\/wp-json\/wp\/v2\/comments?post=6414"}],"wp:featuredmedia":[{"embeddable":true,"href":"https:\/\/rckopen.com\/hu\/wp-json\/wp\/v2\/media\/6430"}],"wp:attachment":[{"href":"https:\/\/rckopen.com\/hu\/wp-json\/wp\/v2\/media?parent=6414"}],"wp:term":[{"taxonomy":"product_brand","embeddable":true,"href":"https:\/\/rckopen.com\/hu\/wp-json\/wp\/v2\/product_brand?post=6414"},{"taxonomy":"product_cat","embeddable":true,"href":"https:\/\/rckopen.com\/hu\/wp-json\/wp\/v2\/product_cat?post=6414"},{"taxonomy":"product_tag","embeddable":true,"href":"https:\/\/rckopen.com\/hu\/wp-json\/wp\/v2\/product_tag?post=6414"}],"curies":[{"name":"wp","href":"https:\/\/api.w.org\/{rel}","templated":true}]}}