{"id":6421,"date":"2023-08-15T05:57:38","date_gmt":"2023-08-15T05:57:38","guid":{"rendered":"https:\/\/diligentplug.com\/chems\/?post_type=product&#038;p=6421"},"modified":"2025-09-16T10:19:50","modified_gmt":"2025-09-16T10:19:50","slug":"adb-ca","status":"publish","type":"product","link":"https:\/\/rckopen.com\/hu\/termek\/adb-ca\/","title":{"rendered":"V\u00e1s\u00e1roljon ADB CA online"},"content":{"rendered":"<h2>V\u00e1s\u00e1roljon ADB CA online<\/h2>\n<p>Az AB-CHMINACA nev\u0171 indazol alap\u00fa szintetikus kannabinoid (CB) t\u00edzszer nagyobb affinit\u00e1st (Ki = 0,9 nM) mutat a f\u0151 CB1 receptorhoz, mint a JWH 018.<\/p>\n<p><a href=\"https:\/\/rckopen.com\/hu\/termek\/adb-ca\/\">ADB CA<\/a> El\u0151sz\u00f6r a Pfizer, Inc. hozta l\u00e9tre er\u0151s \u00e9s hat\u00e9kony CB1 receptor modul\u00e1tork\u00e9nt, potenci\u00e1lis orvosi alkalmaz\u00e1sokkal. Csak nemr\u00e9g fedezt\u00e9k fel azonban az ADB CA \u00e1ltal tiltott gy\u00f3gyn\u00f6v\u00e9ny-f\u0151zetekben.<\/p>\n<p>Az ADB CA \u00e9s az AB-FUBINACA szerkezeti hasonl\u00f3s\u00e1gokat mutat, az ut\u00f3bbiban ciklohexilcsoport van a 4-fluor-fenil-csoport helyett. Az anyag toxikol\u00f3giai \u00e9s fizikai jellemz\u0151it nem \u00e1llap\u00edtott\u00e1k meg. A term\u00e9ket kutat\u00e1si \u00e9s t\u00f6rv\u00e9nysz\u00e9ki felhaszn\u00e1l\u00e1sra hozt\u00e1k l\u00e9tre. <a href=\"https:\/\/rckopen.com\/hu\/\">Rc kopen<\/a><\/p>\n<p>Laborat\u00f3riumunkban van ez a nagyszer\u0171 kutat\u00f3 vegyszer. \u00cdg\u00e9rj\u00fck, hogy a rendel\u00e9s lead\u00e1sakor nagyon tiszta kutat\u00e1si vegyszert fog kapni tanulm\u00e1nyaihoz. V\u00e1s\u00e1roljon Nembutalt<\/p>\n<h3>Laborat\u00f3riumunkban van ez a nagyszer\u0171 kutat\u00f3 vegyszer. \u00cdg\u00e9rj\u00fck, hogy a rendel\u00e9s lead\u00e1sakor nagyon tiszta kutat\u00e1si vegyszert fog kapni tanulm\u00e1nyaihoz. V\u00e1s\u00e1roljon Nembutalt<\/h3>\n<p>V\u00e1s\u00e1roljon ADB CA-t online egy vezet\u0151 eur\u00f3pai vegyszergy\u00e1rt\u00f3t\u00f3l. szakszer\u0171en gy\u00e1rtott, minimum 98%+ tisztas\u00e1gi garanci\u00e1val. COA-t biztos\u00edtunk minden egyes, kutat\u00e1si vegyi anyagaink \u00e1ltal l\u00e9trehozott t\u00e9telhez!<\/p>\n<p>Az ADB CA az akt\u00edv komponens.<br \/>\nrendel\u00e9si egys\u00e9genk\u00e9nt egy gramm ADB CA-t tartalmaz, amely legal\u00e1bb 98%-os tisztas\u00e1g\u00fa.<\/p>\n<h3>Az ADB CA \u00f6sszege<\/h3>\n<p>Mivel az ADB CA-t csak tudom\u00e1nyos k\u00e9miai kutat\u00e1sokhoz sz\u00e1ll\u00edtj\u00e1k, \u00e9s nem emberi fogyaszt\u00e1sra sz\u00e1nj\u00e1k, nincs aj\u00e1nlott adagol\u00e1s.<\/p>\n<p><strong>Az AB-CHMINACA hat\u00e1sai:<\/strong> A legt\u00f6bb \u00faj diz\u00e1jngy\u00f3gyszer, bele\u00e9rtve az ADB CA-t is, olyan klinikai hat\u00e1sokkal rendelkezik, amelyek opioidszer\u0171, stimul\u00e1ns vagy hallucinog\u00e9n hat\u00e1s\u00faakk\u00e9nt sorolhat\u00f3k be. A tervez\u0151i oldall\u00e1nc-helyettes\u00edt\u00e9sek szint\u00e9n ezeknek a tulajdons\u00e1goknak a kever\u00e9k\u00e9t adj\u00e1k nekik.<\/p>\n<h3>Az ADB CA nemk\u00edv\u00e1natos reakci\u00f3i<\/h3>\n<p>A t\u00f6bbi tervez\u0151i gy\u00f3gyszerhez hasonl\u00f3an az ADB CA-nak is s\u00falyos negat\u00edv hat\u00e1sai lehetnek; sem klinikailag nem vizsg\u00e1lt\u00e1k, sem \u00e9lelmiszeripari term\u00e9kk\u00e9nt val\u00f3 felhaszn\u00e1l\u00e1sa nem enged\u00e9lyezett. Ez\u00e9rt az ADB CA csak tudom\u00e1nyos kutat\u00e1sra szolg\u00e1l, \u00e9s nem fogyaszthatj\u00e1k emberek.<\/p>\n<h3>Az ADB CA meg\u0151rz\u00e9s\u00e9nek m\u00f3djai<\/h3>\n<p>Az ADB CA-t 30 Celsius-fok alatt kell tartani. Tartsa az ADB CA-t az eredeti tart\u00e1ly\u00e1ban, \u00e9s \u00f3vja a nedvess\u00e9gt\u0151l \u00e9s a napf\u00e9nyt\u0151l.<\/p>","protected":false},"excerpt":{"rendered":"<p>IUPAC-n\u00e9v: ADB-CA<\/p>","protected":false},"featured_media":6422,"comment_status":"open","ping_status":"closed","template":"","meta":{"_joinchat":[]},"product_brand":[],"product_cat":[132],"product_tag":[],"class_list":{"0":"post-6421","1":"product","2":"type-product","3":"status-publish","4":"has-post-thumbnail","6":"product_cat-cannabinoiden","8":"first","9":"instock","10":"shipping-taxable","11":"purchasable","12":"product-type-variable"},"yoast_head":"<!-- This site is optimized with the Yoast SEO plugin v26.3 - https:\/\/yoast.com\/wordpress\/plugins\/seo\/ -->\n<title>ADB-CA te koop - ADB-CA online kopen | RC Kopen<\/title>\n<meta name=\"description\" content=\"U kunt ADB-CA tegen de beste prijzen te koop krijgen in onze online RCK-winkel. Wij zijn hier om u te helpen ADB-CA online te kopen. Maak vandaag nog contact met de beste winkel van de stad!\" \/>\n<meta name=\"robots\" content=\"index, follow, max-snippet:-1, max-image-preview:large, max-video-preview:-1\" \/>\n<link rel=\"canonical\" href=\"https:\/\/rckopen.com\/hu\/termek\/adb-ca\/\" \/>\n<meta property=\"og:locale\" content=\"hu_HU\" \/>\n<meta property=\"og:type\" content=\"article\" \/>\n<meta property=\"og:title\" content=\"ADB-CA te koop - ADB-CA online kopen | RC Kopen\" \/>\n<meta property=\"og:description\" content=\"U kunt ADB-CA tegen de beste prijzen te koop krijgen in onze online RCK-winkel. Wij zijn hier om u te helpen ADB-CA online te kopen. Maak vandaag nog contact met de beste winkel van de stad!\" \/>\n<meta property=\"og:url\" content=\"https:\/\/rckopen.com\/hu\/termek\/adb-ca\/\" \/>\n<meta property=\"og:site_name\" content=\"RC Kopen\" \/>\n<meta property=\"article:modified_time\" content=\"2025-09-16T10:19:50+00:00\" \/>\n<meta property=\"og:image\" content=\"https:\/\/rckopen.com\/wp-content\/uploads\/2023\/08\/ADB-CA.jpg\" \/>\n\t<meta property=\"og:image:width\" content=\"600\" \/>\n\t<meta property=\"og:image:height\" content=\"600\" \/>\n\t<meta property=\"og:image:type\" content=\"image\/jpeg\" \/>\n<meta name=\"twitter:card\" content=\"summary_large_image\" \/>\n<meta name=\"twitter:label1\" content=\"Becs\u00fclt olvas\u00e1si id\u0151\" \/>\n\t<meta name=\"twitter:data1\" content=\"2 perc\" \/>\n<script type=\"application\/ld+json\" class=\"yoast-schema-graph\">{\"@context\":\"https:\/\/schema.org\",\"@graph\":[{\"@type\":\"WebPage\",\"@id\":\"https:\/\/rckopen.com\/product\/adb-ca\/\",\"url\":\"https:\/\/rckopen.com\/product\/adb-ca\/\",\"name\":\"ADB-CA te koop - ADB-CA online kopen | RC Kopen\",\"isPartOf\":{\"@id\":\"https:\/\/rckopen.com\/#website\"},\"primaryImageOfPage\":{\"@id\":\"https:\/\/rckopen.com\/product\/adb-ca\/#primaryimage\"},\"image\":{\"@id\":\"https:\/\/rckopen.com\/product\/adb-ca\/#primaryimage\"},\"thumbnailUrl\":\"https:\/\/rckopen.com\/wp-content\/uploads\/2023\/08\/ADB-CA.jpg\",\"datePublished\":\"2023-08-15T05:57:38+00:00\",\"dateModified\":\"2025-09-16T10:19:50+00:00\",\"description\":\"U kunt ADB-CA tegen de beste prijzen te koop krijgen in onze online RCK-winkel. Wij zijn hier om u te helpen ADB-CA online te kopen. Maak vandaag nog contact met de beste winkel van de stad!\",\"breadcrumb\":{\"@id\":\"https:\/\/rckopen.com\/product\/adb-ca\/#breadcrumb\"},\"inLanguage\":\"hu\",\"potentialAction\":[{\"@type\":\"ReadAction\",\"target\":[\"https:\/\/rckopen.com\/product\/adb-ca\/\"]}]},{\"@type\":\"ImageObject\",\"inLanguage\":\"hu\",\"@id\":\"https:\/\/rckopen.com\/product\/adb-ca\/#primaryimage\",\"url\":\"https:\/\/rckopen.com\/wp-content\/uploads\/2023\/08\/ADB-CA.jpg\",\"contentUrl\":\"https:\/\/rckopen.com\/wp-content\/uploads\/2023\/08\/ADB-CA.jpg\",\"width\":600,\"height\":600,\"caption\":\"ADB-CA Online bestellen\"},{\"@type\":\"BreadcrumbList\",\"@id\":\"https:\/\/rckopen.com\/product\/adb-ca\/#breadcrumb\",\"itemListElement\":[{\"@type\":\"ListItem\",\"position\":1,\"name\":\"Home\",\"item\":\"https:\/\/rckopen.com\/\"},{\"@type\":\"ListItem\",\"position\":2,\"name\":\"Shop\",\"item\":\"https:\/\/rckopen.com\/shop\/\"},{\"@type\":\"ListItem\",\"position\":3,\"name\":\"ADB CA Online kopen\"}]},{\"@type\":\"WebSite\",\"@id\":\"https:\/\/rckopen.com\/#website\",\"url\":\"https:\/\/rckopen.com\/\",\"name\":\"RC Kopen\",\"description\":\"Research Chemicals\",\"potentialAction\":[{\"@type\":\"SearchAction\",\"target\":{\"@type\":\"EntryPoint\",\"urlTemplate\":\"https:\/\/rckopen.com\/?s={search_term_string}\"},\"query-input\":{\"@type\":\"PropertyValueSpecification\",\"valueRequired\":true,\"valueName\":\"search_term_string\"}}],\"inLanguage\":\"hu\"}]}<\/script>\n<!-- \/ Yoast SEO plugin. -->","yoast_head_json":{"title":"ADB-CA te koop - ADB-CA online kopen | RC Kopen","description":"U kunt ADB-CA tegen de beste prijzen te koop krijgen in onze online RCK-winkel. Wij zijn hier om u te helpen ADB-CA online te kopen. Maak vandaag nog contact met de beste winkel van de stad!","robots":{"index":"index","follow":"follow","max-snippet":"max-snippet:-1","max-image-preview":"max-image-preview:large","max-video-preview":"max-video-preview:-1"},"canonical":"https:\/\/rckopen.com\/hu\/termek\/adb-ca\/","og_locale":"hu_HU","og_type":"article","og_title":"ADB-CA te koop - ADB-CA online kopen | RC Kopen","og_description":"U kunt ADB-CA tegen de beste prijzen te koop krijgen in onze online RCK-winkel. Wij zijn hier om u te helpen ADB-CA online te kopen. Maak vandaag nog contact met de beste winkel van de stad!","og_url":"https:\/\/rckopen.com\/hu\/termek\/adb-ca\/","og_site_name":"RC Kopen","article_modified_time":"2025-09-16T10:19:50+00:00","og_image":[{"width":600,"height":600,"url":"https:\/\/rckopen.com\/wp-content\/uploads\/2023\/08\/ADB-CA.jpg","type":"image\/jpeg"}],"twitter_card":"summary_large_image","twitter_misc":{"Becs\u00fclt olvas\u00e1si id\u0151":"2 perc"},"schema":{"@context":"https:\/\/schema.org","@graph":[{"@type":"WebPage","@id":"https:\/\/rckopen.com\/product\/adb-ca\/","url":"https:\/\/rckopen.com\/product\/adb-ca\/","name":"ADB-CA te koop - ADB-CA online kopen | RC Kopen","isPartOf":{"@id":"https:\/\/rckopen.com\/#website"},"primaryImageOfPage":{"@id":"https:\/\/rckopen.com\/product\/adb-ca\/#primaryimage"},"image":{"@id":"https:\/\/rckopen.com\/product\/adb-ca\/#primaryimage"},"thumbnailUrl":"https:\/\/rckopen.com\/wp-content\/uploads\/2023\/08\/ADB-CA.jpg","datePublished":"2023-08-15T05:57:38+00:00","dateModified":"2025-09-16T10:19:50+00:00","description":"U kunt ADB-CA tegen de beste prijzen te koop krijgen in onze online RCK-winkel. Wij zijn hier om u te helpen ADB-CA online te kopen. Maak vandaag nog contact met de beste winkel van de stad!","breadcrumb":{"@id":"https:\/\/rckopen.com\/product\/adb-ca\/#breadcrumb"},"inLanguage":"hu","potentialAction":[{"@type":"ReadAction","target":["https:\/\/rckopen.com\/product\/adb-ca\/"]}]},{"@type":"ImageObject","inLanguage":"hu","@id":"https:\/\/rckopen.com\/product\/adb-ca\/#primaryimage","url":"https:\/\/rckopen.com\/wp-content\/uploads\/2023\/08\/ADB-CA.jpg","contentUrl":"https:\/\/rckopen.com\/wp-content\/uploads\/2023\/08\/ADB-CA.jpg","width":600,"height":600,"caption":"ADB-CA Online bestellen"},{"@type":"BreadcrumbList","@id":"https:\/\/rckopen.com\/product\/adb-ca\/#breadcrumb","itemListElement":[{"@type":"ListItem","position":1,"name":"Home","item":"https:\/\/rckopen.com\/"},{"@type":"ListItem","position":2,"name":"Shop","item":"https:\/\/rckopen.com\/shop\/"},{"@type":"ListItem","position":3,"name":"ADB CA Online kopen"}]},{"@type":"WebSite","@id":"https:\/\/rckopen.com\/#website","url":"https:\/\/rckopen.com\/","name":"RC Kopen","description":"Research Chemicals","potentialAction":[{"@type":"SearchAction","target":{"@type":"EntryPoint","urlTemplate":"https:\/\/rckopen.com\/?s={search_term_string}"},"query-input":{"@type":"PropertyValueSpecification","valueRequired":true,"valueName":"search_term_string"}}],"inLanguage":"hu"}]}},"_links":{"self":[{"href":"https:\/\/rckopen.com\/hu\/wp-json\/wp\/v2\/product\/6421","targetHints":{"allow":["GET"]}}],"collection":[{"href":"https:\/\/rckopen.com\/hu\/wp-json\/wp\/v2\/product"}],"about":[{"href":"https:\/\/rckopen.com\/hu\/wp-json\/wp\/v2\/types\/product"}],"replies":[{"embeddable":true,"href":"https:\/\/rckopen.com\/hu\/wp-json\/wp\/v2\/comments?post=6421"}],"wp:featuredmedia":[{"embeddable":true,"href":"https:\/\/rckopen.com\/hu\/wp-json\/wp\/v2\/media\/6422"}],"wp:attachment":[{"href":"https:\/\/rckopen.com\/hu\/wp-json\/wp\/v2\/media?parent=6421"}],"wp:term":[{"taxonomy":"product_brand","embeddable":true,"href":"https:\/\/rckopen.com\/hu\/wp-json\/wp\/v2\/product_brand?post=6421"},{"taxonomy":"product_cat","embeddable":true,"href":"https:\/\/rckopen.com\/hu\/wp-json\/wp\/v2\/product_cat?post=6421"},{"taxonomy":"product_tag","embeddable":true,"href":"https:\/\/rckopen.com\/hu\/wp-json\/wp\/v2\/product_tag?post=6421"}],"curies":[{"name":"wp","href":"https:\/\/api.w.org\/{rel}","templated":true}]}}