{"id":6434,"date":"2023-08-15T08:05:17","date_gmt":"2023-08-15T08:05:17","guid":{"rendered":"https:\/\/diligentplug.com\/chems\/?post_type=product&#038;p=6434"},"modified":"2025-02-04T04:28:05","modified_gmt":"2025-02-04T04:28:05","slug":"mdphp-hcl","status":"publish","type":"product","link":"https:\/\/rckopen.com\/hu\/termek\/mdphp-hcl\/","title":{"rendered":"V\u00e1s\u00e1roljon MDPHP HCL-t online"},"content":{"rendered":"<h2>V\u00e1s\u00e1roljon MDPHP HCL-t online<\/h2>\n<p><a href=\"https:\/\/rckopen.com\/hu\/termek\/mdphp-hcl\/\">V\u00e1s\u00e1roljon MDPHP HCL-t online<\/a>,\u00a0 Az MDPHP a katinon oszt\u00e1lyba tartoz\u00f3 vegyi anyag. A kathihinon oszt\u00e1ly tov\u00e1bbi term\u00e9kei k\u00f6z\u00e9 tartozik a 3-CMC \u00e9s a 4-EMC.Ezt az anyagot szabad b\u00e1zisk\u00e9nt \u00e9s HCL-k\u00e9nt \u00e1ruljuk, mindkett\u0151 1 grammonk\u00e9nt. Ezen k\u00edv\u00fcl MDPHP-t is \u00e1rulunk pelletk\u00e9nt, darabonk\u00e9nt 10x25mg. Ez a term\u00e9k kiz\u00e1r\u00f3lag kutat\u00e1si c\u00e9lokat szolg\u00e1l, \u00e9s kifejezetten nem fogyaszt\u00e1sra szolg\u00e1l. Ez\u00e9rt tartsa gyermekekt\u0151l \u00e9s h\u00e1zi\u00e1llatokt\u00f3l t\u00e1vol, \u00e9s haszn\u00e1lat el\u0151tt olvassa el a weboldalunkon tal\u00e1lhat\u00f3 biztons\u00e1gi utas\u00edt\u00e1sokat<a href=\"https:\/\/rckopen.com\/hu\/termekkategoria\/kratom\/\">.<\/a><\/p>\n<h2>MDPHP HCL \u00e9s csomagol\u00e1sa<\/h2>\n<p>Az MDPHP-t k\u00fcl\u00f6nb\u00f6z\u0151 sz\u00edn\u0171 \u00e9s tartalm\u00fa zs\u00e1kokba csomagolj\u00e1k:<br \/>\nEz\u00fcst = 1 t\u00e9tel, Arany = 2 t\u00e9tel, Lila = 5 t\u00e9tel, K\u00e9k = 10 t\u00e9tel, Fekete = 25 t\u00e9tel.<\/p>\n<p>Term\u00e9keinket kiz\u00e1r\u00f3lag Hollandi\u00e1n bel\u00fcl sz\u00e1ll\u00edtjuk.<\/p>\n<p>A t\u00e1j\u00e9koztat\u00f3t itt olvashatja el.<br \/>\nA V.I.B. itt olvashat\u00f3<\/p>\n<p>CAS: 24622-61-5<\/p>\n<p>MDPHP (3\u2032,4\u2032-metil\u00e9ndioxi-\u03b1-pirrolidinohexiophenon)<\/p>\n<div id=\"enhancedtextwidget-500\" class=\"widget-2 widget widget_text enhanced-text-widget widget-shortcode area-arbitrary\">\n<div class=\"textwidget widget-text\"><strong>Sz\u00e1ll\u00edt\u00e1s*<\/strong><br \/>\nRendeld meg a h\u00e9ten 17:00 el\u0151tt postafi\u00f3kkal vagy 19:30-ig csomagpost\u00e1val, \u00e9s m\u00e9g aznap feladjuk. Rendeld meg MDPHP HCL-t szombaton 12 \u00f3r\u00e1ig csomagpost\u00e1val \u00e9s (majdnem mindig) h\u00e9tf\u0151n!<\/p>\n<h2><strong>\u00d3vint\u00e9zked\u00e9sek<\/strong><\/h2>\n<p>A kezel\u00e9s sor\u00e1n keszty\u0171, v\u00e9d\u0151szem\u00fcveg \u00e9s l\u00e9gz\u0151k\u00e9sz\u00fcl\u00e9k visel\u00e9se javasolt <a href=\"https:\/\/en.wikipedia.org\/wiki\/MDPHP\">MDPHP<\/a>-por a laborat\u00f3riumban, mert ez egy finom por, amely k\u00f6nnyen bejuthat a l\u00e9gutakba \u00e9s v\u00e9letlen\u00fcl bel\u00e9legezhet\u0151.<\/p>\n<p>V\u00e9letlen expoz\u00edci\u00f3 eset\u00e9n aj\u00e1nlott a term\u00e9k c\u00edmk\u00e9j\u00e9t (az IUPAC \u00e9s CAS adatokkal) az eg\u00e9szs\u00e9g\u00fcgyi szakemberek rendelkez\u00e9s\u00e9re bocs\u00e1tani.<\/p>\n<p>A szemmel val\u00f3 v\u00e9letlen \u00e9rintkez\u00e9st a kontaktlencse elt\u00e1vol\u00edt\u00e1sa ut\u00e1n azonnal, v\u00edzzel t\u00f6rt\u00e9n\u0151 alapos \u00f6bl\u00edt\u00e9ssel kell kezelni.<\/p>\n<h2><strong>Waar ik MDPHP online kopen?<\/strong><\/h2>\n<p>A legitchemicals-n\u00e9l b\u00fcszk\u00e9n k\u00edn\u00e1ljuk a legmagasabb min\u0151s\u00e9g\u0171 MDPHP-t elad\u00e1sra. Az rckopen a legjobb c\u00e9lpont mindazok sz\u00e1m\u00e1ra, akik MDPHP-t szeretn\u00e9nek v\u00e1s\u00e1rolni. Szigor\u00fa GC MS vizsg\u00e1latokat v\u00e9gz\u00fcnk, miel\u0151tt elad\u00e1sra bocs\u00e1tan\u00e1nk k\u00edn\u00e1latunkat.<\/p>\n<p>Felh\u00edvjuk figyelm\u00e9t, hogy legal\u00e1bb 18 \u00e9vesnek kell lennie ahhoz, hogy az MDPHP-t online v\u00e1s\u00e1rolhassa meg a legitchemicals-t\u0151l. Az \u00f6sszes \u00e9rt\u00e9kes\u00edtett kutat\u00e1si vegyszer kiz\u00e1r\u00f3lag laborat\u00f3riumi kutat\u00e1si felhaszn\u00e1l\u00e1sra szolg\u00e1l, \u00e9s nem emberi fogyaszt\u00e1sra sz\u00e1nt.\u00a0<strong>Az MDPHP leg\u00e1lis?<\/strong><strong><br \/>\n<\/strong><\/p>\n<p>Az MDPHP jogszer\u0171s\u00e9g\u00e9t illet\u0151en er\u0151sen javasoljuk, hogy t\u00e1j\u00e9koz\u00f3djon az \u00d6n lak\u00f3helye\/haj\u00f3z\u00e1si helye szerinti orsz\u00e1g vonatkoz\u00f3 jogi helyzet\u00e9r\u0151l. Minden er\u0151fesz\u00edt\u00e9st megtesz\u00fcnk annak \u00e9rdek\u00e9ben, hogy az akt\u00edv ell\u00e1t\u00e1si korl\u00e1toz\u00e1sok miatt \u00fcgyfeleinket \u00e9rint\u0151 kock\u00e1zatot a lehet\u0151 legkisebbre cs\u00f6kkents\u00fck.<\/p>\n<p>A t\u00f6rv\u00e9nyek azonban vil\u00e1gszerte folyamatosan v\u00e1ltoznak, \u00e9s a legitchemicals nem v\u00e1llal felel\u0151ss\u00e9get, ha komplik\u00e1ci\u00f3k l\u00e9pnek fel. V\u00e9gs\u0151 soron a vev\u0151 felel\u0151ss\u00e9ge annak biztos\u00edt\u00e1sa, hogy a term\u00e9k nem s\u00e9rti a sz\u00e1ll\u00edt\u00e1si c\u00e9lorsz\u00e1g t\u00f6rv\u00e9nyeit vagy joghat\u00f3s\u00e1g\u00e1t.<\/p>\n<\/div>\n<\/div>\n<p><a href=\"https:\/\/rckopen.com\/hu\/\">RCKopen<\/a> nem emberi fogyaszt\u00e1sra sz\u00e1nt term\u00e9keket k\u00edn\u00e1l. Ha ezt a term\u00e9ket (akaratlanul) fogyasztja, annak s\u00falyos eg\u00e9szs\u00e9g\u00fcgyi k\u00f6vetkezm\u00e9nyei lehetnek<a href=\"https:\/\/chemswell.com\/product-category\/psychedelic-drug\/\">.<\/a><\/p>","protected":false},"excerpt":{"rendered":"<p><strong>IUPAC n\u00e9v:<\/strong> 1-(1,3-benzodioxol-5-il)-2-pirrolidin-1-ilhex\u00e1n-1-on; hidroklorid<\/p>\n<p><strong>CAS #<\/strong> 24622-61-5<\/p>\n<p><strong>Megjelen\u00e9s:<\/strong> por<\/p>\n<p><strong>Alak:<\/strong> HCL<\/p>\n<p><strong>NMR-elemz\u00e9s:<\/strong> C17H24ClNO3<\/p>\n<p>A legjobb MDPHP Freebase (0,5gr) szupergyors \u00e9s diszkr\u00e9t sz\u00e1ll\u00edt\u00e1sa.<\/p>\n<p><strong>H\u00e9tk\u00f6znapokon 19.30 el\u0151tt megrendelt term\u00e9keket m\u00e9g aznap kisz\u00e1ll\u00edtjuk!*<\/strong><\/p>\n<p><b>Figyelmeztet\u00e9s:<\/b><b>\u00a0Nem adunk el 21 \u00e9v alatti szem\u00e9lyeknek.<\/b><br \/>\nAz MDPHP Freebase (0,5gr) term\u00e9k k\u00e1ros lehet az eg\u00e9szs\u00e9gre, \u00e9s fogyaszt\u00e1sra nem alkalmas. K\u00e9rj\u00fck, vegye figyelembe, hogy a biztons\u00e1gi utas\u00edt\u00e1saink be nem tart\u00e1sa potenci\u00e1lisan s\u00falyos eg\u00e9szs\u00e9g\u00fcgyi kock\u00e1zatokat okozhat. K\u00e9rj\u00fck, hogy ez\u00e9rt tartsa be biztons\u00e1gi utas\u00edt\u00e1sainkat.<\/p>","protected":false},"featured_media":6451,"comment_status":"open","ping_status":"closed","template":"","meta":{"_joinchat":[]},"product_brand":[],"product_cat":[134],"product_tag":[],"class_list":{"0":"post-6434","1":"product","2":"type-product","3":"status-publish","4":"has-post-thumbnail","6":"product_cat-cathinon","8":"first","9":"instock","10":"shipping-taxable","11":"purchasable","12":"product-type-variable"},"yoast_head":"<!-- This site is optimized with the Yoast SEO plugin v26.3 - https:\/\/yoast.com\/wordpress\/plugins\/seo\/ -->\n<title>MDPHP HCL Online kopen | MDPHP HCL te koop | RC Kopen<\/title>\n<meta name=\"description\" content=\"MDPHP HCL van topkwaliteit te koop. U kunt nooit om de kwaliteit van onze producten heen. Als u dat nodig heeft, kunt u MDPHP HCL meteen online kopen.\" \/>\n<meta name=\"robots\" content=\"index, follow, max-snippet:-1, max-image-preview:large, max-video-preview:-1\" \/>\n<link rel=\"canonical\" href=\"https:\/\/rckopen.com\/hu\/termek\/mdphp-hcl\/\" \/>\n<meta property=\"og:locale\" content=\"hu_HU\" \/>\n<meta property=\"og:type\" content=\"article\" \/>\n<meta property=\"og:title\" content=\"MDPHP HCL Online kopen | MDPHP HCL te koop | RC Kopen\" \/>\n<meta property=\"og:description\" content=\"MDPHP HCL van topkwaliteit te koop. U kunt nooit om de kwaliteit van onze producten heen. Als u dat nodig heeft, kunt u MDPHP HCL meteen online kopen.\" \/>\n<meta property=\"og:url\" content=\"https:\/\/rckopen.com\/hu\/termek\/mdphp-hcl\/\" \/>\n<meta property=\"og:site_name\" content=\"RC Kopen\" \/>\n<meta property=\"article:modified_time\" content=\"2025-02-04T04:28:05+00:00\" \/>\n<meta property=\"og:image\" content=\"https:\/\/rckopen.com\/wp-content\/uploads\/2023\/08\/MDPHP-HCL.jpg\" \/>\n\t<meta property=\"og:image:width\" content=\"600\" \/>\n\t<meta property=\"og:image:height\" content=\"600\" \/>\n\t<meta property=\"og:image:type\" content=\"image\/jpeg\" \/>\n<meta name=\"twitter:card\" content=\"summary_large_image\" \/>\n<meta name=\"twitter:label1\" content=\"Becs\u00fclt olvas\u00e1si id\u0151\" \/>\n\t<meta name=\"twitter:data1\" content=\"3 perc\" \/>\n<script type=\"application\/ld+json\" class=\"yoast-schema-graph\">{\"@context\":\"https:\/\/schema.org\",\"@graph\":[{\"@type\":\"WebPage\",\"@id\":\"https:\/\/rckopen.com\/product\/mdphp-hcl\/\",\"url\":\"https:\/\/rckopen.com\/product\/mdphp-hcl\/\",\"name\":\"MDPHP HCL Online kopen | MDPHP HCL te koop | RC Kopen\",\"isPartOf\":{\"@id\":\"https:\/\/rckopen.com\/#website\"},\"primaryImageOfPage\":{\"@id\":\"https:\/\/rckopen.com\/product\/mdphp-hcl\/#primaryimage\"},\"image\":{\"@id\":\"https:\/\/rckopen.com\/product\/mdphp-hcl\/#primaryimage\"},\"thumbnailUrl\":\"https:\/\/rckopen.com\/wp-content\/uploads\/2023\/08\/MDPHP-HCL.jpg\",\"datePublished\":\"2023-08-15T08:05:17+00:00\",\"dateModified\":\"2025-02-04T04:28:05+00:00\",\"description\":\"MDPHP HCL van topkwaliteit te koop. U kunt nooit om de kwaliteit van onze producten heen. Als u dat nodig heeft, kunt u MDPHP HCL meteen online kopen.\",\"breadcrumb\":{\"@id\":\"https:\/\/rckopen.com\/product\/mdphp-hcl\/#breadcrumb\"},\"inLanguage\":\"hu\",\"potentialAction\":[{\"@type\":\"ReadAction\",\"target\":[\"https:\/\/rckopen.com\/product\/mdphp-hcl\/\"]}]},{\"@type\":\"ImageObject\",\"inLanguage\":\"hu\",\"@id\":\"https:\/\/rckopen.com\/product\/mdphp-hcl\/#primaryimage\",\"url\":\"https:\/\/rckopen.com\/wp-content\/uploads\/2023\/08\/MDPHP-HCL.jpg\",\"contentUrl\":\"https:\/\/rckopen.com\/wp-content\/uploads\/2023\/08\/MDPHP-HCL.jpg\",\"width\":600,\"height\":600,\"caption\":\"MDPHP HCL online kopen\"},{\"@type\":\"BreadcrumbList\",\"@id\":\"https:\/\/rckopen.com\/product\/mdphp-hcl\/#breadcrumb\",\"itemListElement\":[{\"@type\":\"ListItem\",\"position\":1,\"name\":\"Home\",\"item\":\"https:\/\/rckopen.com\/\"},{\"@type\":\"ListItem\",\"position\":2,\"name\":\"Shop\",\"item\":\"https:\/\/rckopen.com\/shop\/\"},{\"@type\":\"ListItem\",\"position\":3,\"name\":\"MDPHP HCL online kopen\"}]},{\"@type\":\"WebSite\",\"@id\":\"https:\/\/rckopen.com\/#website\",\"url\":\"https:\/\/rckopen.com\/\",\"name\":\"RC Kopen\",\"description\":\"Research Chemicals\",\"potentialAction\":[{\"@type\":\"SearchAction\",\"target\":{\"@type\":\"EntryPoint\",\"urlTemplate\":\"https:\/\/rckopen.com\/?s={search_term_string}\"},\"query-input\":{\"@type\":\"PropertyValueSpecification\",\"valueRequired\":true,\"valueName\":\"search_term_string\"}}],\"inLanguage\":\"hu\"}]}<\/script>\n<!-- \/ Yoast SEO plugin. -->","yoast_head_json":{"title":"MDPHP HCL Online kopen | MDPHP HCL te koop | RC Kopen","description":"MDPHP HCL van topkwaliteit te koop. U kunt nooit om de kwaliteit van onze producten heen. Als u dat nodig heeft, kunt u MDPHP HCL meteen online kopen.","robots":{"index":"index","follow":"follow","max-snippet":"max-snippet:-1","max-image-preview":"max-image-preview:large","max-video-preview":"max-video-preview:-1"},"canonical":"https:\/\/rckopen.com\/hu\/termek\/mdphp-hcl\/","og_locale":"hu_HU","og_type":"article","og_title":"MDPHP HCL Online kopen | MDPHP HCL te koop | RC Kopen","og_description":"MDPHP HCL van topkwaliteit te koop. U kunt nooit om de kwaliteit van onze producten heen. Als u dat nodig heeft, kunt u MDPHP HCL meteen online kopen.","og_url":"https:\/\/rckopen.com\/hu\/termek\/mdphp-hcl\/","og_site_name":"RC Kopen","article_modified_time":"2025-02-04T04:28:05+00:00","og_image":[{"width":600,"height":600,"url":"https:\/\/rckopen.com\/wp-content\/uploads\/2023\/08\/MDPHP-HCL.jpg","type":"image\/jpeg"}],"twitter_card":"summary_large_image","twitter_misc":{"Becs\u00fclt olvas\u00e1si id\u0151":"3 perc"},"schema":{"@context":"https:\/\/schema.org","@graph":[{"@type":"WebPage","@id":"https:\/\/rckopen.com\/product\/mdphp-hcl\/","url":"https:\/\/rckopen.com\/product\/mdphp-hcl\/","name":"MDPHP HCL Online kopen | MDPHP HCL te koop | RC Kopen","isPartOf":{"@id":"https:\/\/rckopen.com\/#website"},"primaryImageOfPage":{"@id":"https:\/\/rckopen.com\/product\/mdphp-hcl\/#primaryimage"},"image":{"@id":"https:\/\/rckopen.com\/product\/mdphp-hcl\/#primaryimage"},"thumbnailUrl":"https:\/\/rckopen.com\/wp-content\/uploads\/2023\/08\/MDPHP-HCL.jpg","datePublished":"2023-08-15T08:05:17+00:00","dateModified":"2025-02-04T04:28:05+00:00","description":"MDPHP HCL van topkwaliteit te koop. U kunt nooit om de kwaliteit van onze producten heen. Als u dat nodig heeft, kunt u MDPHP HCL meteen online kopen.","breadcrumb":{"@id":"https:\/\/rckopen.com\/product\/mdphp-hcl\/#breadcrumb"},"inLanguage":"hu","potentialAction":[{"@type":"ReadAction","target":["https:\/\/rckopen.com\/product\/mdphp-hcl\/"]}]},{"@type":"ImageObject","inLanguage":"hu","@id":"https:\/\/rckopen.com\/product\/mdphp-hcl\/#primaryimage","url":"https:\/\/rckopen.com\/wp-content\/uploads\/2023\/08\/MDPHP-HCL.jpg","contentUrl":"https:\/\/rckopen.com\/wp-content\/uploads\/2023\/08\/MDPHP-HCL.jpg","width":600,"height":600,"caption":"MDPHP HCL online kopen"},{"@type":"BreadcrumbList","@id":"https:\/\/rckopen.com\/product\/mdphp-hcl\/#breadcrumb","itemListElement":[{"@type":"ListItem","position":1,"name":"Home","item":"https:\/\/rckopen.com\/"},{"@type":"ListItem","position":2,"name":"Shop","item":"https:\/\/rckopen.com\/shop\/"},{"@type":"ListItem","position":3,"name":"MDPHP HCL online kopen"}]},{"@type":"WebSite","@id":"https:\/\/rckopen.com\/#website","url":"https:\/\/rckopen.com\/","name":"RC Kopen","description":"Research Chemicals","potentialAction":[{"@type":"SearchAction","target":{"@type":"EntryPoint","urlTemplate":"https:\/\/rckopen.com\/?s={search_term_string}"},"query-input":{"@type":"PropertyValueSpecification","valueRequired":true,"valueName":"search_term_string"}}],"inLanguage":"hu"}]}},"_links":{"self":[{"href":"https:\/\/rckopen.com\/hu\/wp-json\/wp\/v2\/product\/6434","targetHints":{"allow":["GET"]}}],"collection":[{"href":"https:\/\/rckopen.com\/hu\/wp-json\/wp\/v2\/product"}],"about":[{"href":"https:\/\/rckopen.com\/hu\/wp-json\/wp\/v2\/types\/product"}],"replies":[{"embeddable":true,"href":"https:\/\/rckopen.com\/hu\/wp-json\/wp\/v2\/comments?post=6434"}],"wp:featuredmedia":[{"embeddable":true,"href":"https:\/\/rckopen.com\/hu\/wp-json\/wp\/v2\/media\/6451"}],"wp:attachment":[{"href":"https:\/\/rckopen.com\/hu\/wp-json\/wp\/v2\/media?parent=6434"}],"wp:term":[{"taxonomy":"product_brand","embeddable":true,"href":"https:\/\/rckopen.com\/hu\/wp-json\/wp\/v2\/product_brand?post=6434"},{"taxonomy":"product_cat","embeddable":true,"href":"https:\/\/rckopen.com\/hu\/wp-json\/wp\/v2\/product_cat?post=6434"},{"taxonomy":"product_tag","embeddable":true,"href":"https:\/\/rckopen.com\/hu\/wp-json\/wp\/v2\/product_tag?post=6434"}],"curies":[{"name":"wp","href":"https:\/\/api.w.org\/{rel}","templated":true}]}}