{"id":6435,"date":"2023-08-15T08:07:11","date_gmt":"2023-08-15T08:07:11","guid":{"rendered":"https:\/\/diligentplug.com\/chems\/?post_type=product&#038;p=6435"},"modified":"2025-02-03T05:38:27","modified_gmt":"2025-02-03T05:38:27","slug":"avp","status":"publish","type":"product","link":"https:\/\/rckopen.com\/hu\/termek\/avp\/","title":{"rendered":"AVP V\u00c1S\u00c1RL\u00c1S ONLINE"},"content":{"rendered":"<h1>AVP V\u00c1S\u00c1RL\u00c1S ONLINE CRYSTAL INFORM\u00c1CI\u00d3K<\/h1>\n<p><a href=\"https:\/\/rckopen.com\/hu\/termek\/avp\/\">V\u00e1s\u00e1roljon AVP-t online<\/a>, Az AVP krist\u00e1lyok csak kutat\u00e1si c\u00e9lokra \u00e1llnak rendelkez\u00e9sre. Gyakran halljuk a k\u00e9rd\u00e9st: nagyon szeretn\u00e9k valamit kutat\u00e1shoz, de nem tudom, vegyek-e AVP krist\u00e1lyokat. T\u00fals\u00e1gosan is j\u00f3l meg\u00e9rtj\u00fck, csak nem sokat tudnak r\u00f3la. Az AVP szint\u00e9n a szervezet \u00e1ltal termelt anyag, amely az AVP g\u00e9nb\u0151l sz\u00e1rmazik. Egyik funkci\u00f3ja a t\u00e1rsadalmi g\u00e1tl\u00e1sok cs\u00f6kkent\u00e9se, a v\u00e1gy felkelt\u00e9se \u00e9s a m\u00e1sokkal val\u00f3 kapcsolatteremt\u00e9s seg\u00edt\u00e9se <a href=\"https:\/\/en.wikipedia.org\/wiki\/AVP\">AVP<\/a> KOPEN online .<\/p>\n<p>Ez tal\u00e1n nem az \u00d6n sz\u00e1m\u00e1ra k\u00e9sz\u00fclt? Akkor n\u00e9zze meg a t\u00f6bbi kutat\u00e1si vegyszer\u00fcnket itt!<\/p>\n<p>L\u00e9g\u00fati \u00e9s szemirrit\u00e1ci\u00f3t okozhat. Soha ne juttassa a k\u00f6rnyezetbe a kutat\u00e1si vegyszereket.<\/p>\n<h2>BIZTONS\u00c1GI AJ\u00c1NL\u00c1SOK AVP KRIST\u00c1LYOK:<\/h2>\n<p>HA SZEMMEL KAPCSOLT: Legal\u00e1bb 10-15 percig \u00f3vatosan \u00f6bl\u00edtse ki v\u00edzzel, sz\u00fcks\u00e9g eset\u00e9n t\u00e1vol\u00edtsa el a kontaktlencs\u00e9t. HA B\u0150RRE ker\u00fcl: \u00d6bl\u00edtse le v\u00edzzel, ha lehets\u00e9ges, szappannal is. BELE L\u00c9GZ\u00c9S eset\u00e9n: Friss leveg\u0151re kell jutni \u00e9s olyan testhelyzetet kell felvenni, amely megk\u00f6nny\u00edti a l\u00e9gz\u00e9st.<\/p>\n<p>Ne tegye ki a port h\u0151forr\u00e1soknak. Sz\u00e1raz k\u00f6rnyezetben, szobah\u0151m\u00e9rs\u00e9kleten, megfelel\u0151 csomagol\u00e1sban \u00e9s gyermekek el\u0151l elz\u00e1rva t\u00e1rolja. A por j\u00f3 stabilit\u00e1sa a fenti felt\u00e9telek mellett ak\u00e1r 2 \u00e9vig is eltarthat.<a href=\"https:\/\/rckopen.com\/hu\/termek\/a-pcyp\/\">.<\/a><\/p>\n<p><a href=\"https:\/\/rckopen.com\/hu\/\">rckopen.com<\/a> nem emberi fogyaszt\u00e1sra sz\u00e1nt term\u00e9keket k\u00edn\u00e1l. Ha ezt a term\u00e9ket (nem sz\u00e1nd\u00e9kosan) fogyasztja, annak s\u00falyos eg\u00e9szs\u00e9g\u00fcgyi k\u00f6vetkezm\u00e9nyei lehetnek. V\u00e1s\u00e1roljon AVP-t online<a href=\"https:\/\/chemswell.com\/product-category\/ecstacy\/\">.<\/a><\/p>","protected":false},"excerpt":{"rendered":"<p>IUPAC-n\u00e9v: AVP krist\u00e1lyok<\/p>\n<p>Azt a helyet keresi, ahol kiv\u00e1l\u00f3 min\u0151s\u00e9g\u0171 AVP krist\u00e1lyokat v\u00e1s\u00e1rolhat kutat\u00e1saihoz? Akkor az rckopen-n\u00e9l a legjobb helyen j\u00e1r! Gyors sz\u00e1ll\u00edt\u00e1s, kiv\u00e1l\u00f3 min\u0151s\u00e9g \u00e9s sz\u00e9les v\u00e1laszt\u00e9k: rckopen, a Fun Specialist! <b>Az \u00e1rak grammonk\u00e9nt \u00e9rtend\u0151k, a krist\u00e1lyok min\u0151s\u00e9giek!<\/b><\/p>","protected":false},"featured_media":6455,"comment_status":"open","ping_status":"closed","template":"","meta":{"_joinchat":[]},"product_brand":[],"product_cat":[134],"product_tag":[],"class_list":{"0":"post-6435","1":"product","2":"type-product","3":"status-publish","4":"has-post-thumbnail","6":"product_cat-cathinon","8":"first","9":"instock","10":"shipping-taxable","11":"purchasable","12":"product-type-variable"},"yoast_head":"<!-- This site is optimized with the Yoast SEO plugin v26.3 - https:\/\/yoast.com\/wordpress\/plugins\/seo\/ -->\n<title>AVP online kopen - AVP te koop | AVP - RC Kopen<\/title>\n<meta name=\"description\" content=\"Onze online Rc Kopen winkel heeft de beste kwaliteit AVP te koop. Als u AVP online wilt kopen, kunnen wij u van alle kanten helpen. Bestel vandaag nog!\" \/>\n<meta name=\"robots\" content=\"index, follow, max-snippet:-1, max-image-preview:large, max-video-preview:-1\" \/>\n<link rel=\"canonical\" href=\"https:\/\/rckopen.com\/hu\/termek\/avp\/\" \/>\n<meta property=\"og:locale\" content=\"hu_HU\" \/>\n<meta property=\"og:type\" content=\"article\" \/>\n<meta property=\"og:title\" content=\"AVP online kopen - AVP te koop | AVP - RC Kopen\" \/>\n<meta property=\"og:description\" content=\"Onze online Rc Kopen winkel heeft de beste kwaliteit AVP te koop. Als u AVP online wilt kopen, kunnen wij u van alle kanten helpen. Bestel vandaag nog!\" \/>\n<meta property=\"og:url\" content=\"https:\/\/rckopen.com\/hu\/termek\/avp\/\" \/>\n<meta property=\"og:site_name\" content=\"RC Kopen\" \/>\n<meta property=\"article:modified_time\" content=\"2025-02-03T05:38:27+00:00\" \/>\n<meta property=\"og:image\" content=\"https:\/\/rckopen.com\/wp-content\/uploads\/2023\/08\/AVP.jpg\" \/>\n\t<meta property=\"og:image:width\" content=\"600\" \/>\n\t<meta property=\"og:image:height\" content=\"600\" \/>\n\t<meta property=\"og:image:type\" content=\"image\/jpeg\" \/>\n<meta name=\"twitter:card\" content=\"summary_large_image\" \/>\n<meta name=\"twitter:label1\" content=\"Becs\u00fclt olvas\u00e1si id\u0151\" \/>\n\t<meta name=\"twitter:data1\" content=\"2 perc\" \/>\n<script type=\"application\/ld+json\" class=\"yoast-schema-graph\">{\"@context\":\"https:\/\/schema.org\",\"@graph\":[{\"@type\":\"WebPage\",\"@id\":\"https:\/\/rckopen.com\/product\/avp\/\",\"url\":\"https:\/\/rckopen.com\/product\/avp\/\",\"name\":\"AVP online kopen - AVP te koop | AVP - RC Kopen\",\"isPartOf\":{\"@id\":\"https:\/\/rckopen.com\/#website\"},\"primaryImageOfPage\":{\"@id\":\"https:\/\/rckopen.com\/product\/avp\/#primaryimage\"},\"image\":{\"@id\":\"https:\/\/rckopen.com\/product\/avp\/#primaryimage\"},\"thumbnailUrl\":\"https:\/\/rckopen.com\/wp-content\/uploads\/2023\/08\/AVP.jpg\",\"datePublished\":\"2023-08-15T08:07:11+00:00\",\"dateModified\":\"2025-02-03T05:38:27+00:00\",\"description\":\"Onze online Rc Kopen winkel heeft de beste kwaliteit AVP te koop. Als u AVP online wilt kopen, kunnen wij u van alle kanten helpen. Bestel vandaag nog!\",\"breadcrumb\":{\"@id\":\"https:\/\/rckopen.com\/product\/avp\/#breadcrumb\"},\"inLanguage\":\"hu\",\"potentialAction\":[{\"@type\":\"ReadAction\",\"target\":[\"https:\/\/rckopen.com\/product\/avp\/\"]}]},{\"@type\":\"ImageObject\",\"inLanguage\":\"hu\",\"@id\":\"https:\/\/rckopen.com\/product\/avp\/#primaryimage\",\"url\":\"https:\/\/rckopen.com\/wp-content\/uploads\/2023\/08\/AVP.jpg\",\"contentUrl\":\"https:\/\/rckopen.com\/wp-content\/uploads\/2023\/08\/AVP.jpg\",\"width\":600,\"height\":600,\"caption\":\"AVP Online bestellen\"},{\"@type\":\"BreadcrumbList\",\"@id\":\"https:\/\/rckopen.com\/product\/avp\/#breadcrumb\",\"itemListElement\":[{\"@type\":\"ListItem\",\"position\":1,\"name\":\"Home\",\"item\":\"https:\/\/rckopen.com\/\"},{\"@type\":\"ListItem\",\"position\":2,\"name\":\"Shop\",\"item\":\"https:\/\/rckopen.com\/shop\/\"},{\"@type\":\"ListItem\",\"position\":3,\"name\":\"AVP ONLINE KOPEN\"}]},{\"@type\":\"WebSite\",\"@id\":\"https:\/\/rckopen.com\/#website\",\"url\":\"https:\/\/rckopen.com\/\",\"name\":\"RC Kopen\",\"description\":\"Research Chemicals\",\"potentialAction\":[{\"@type\":\"SearchAction\",\"target\":{\"@type\":\"EntryPoint\",\"urlTemplate\":\"https:\/\/rckopen.com\/?s={search_term_string}\"},\"query-input\":{\"@type\":\"PropertyValueSpecification\",\"valueRequired\":true,\"valueName\":\"search_term_string\"}}],\"inLanguage\":\"hu\"}]}<\/script>\n<!-- \/ Yoast SEO plugin. -->","yoast_head_json":{"title":"AVP online kopen - AVP te koop | AVP - RC Kopen","description":"Onze online Rc Kopen winkel heeft de beste kwaliteit AVP te koop. Als u AVP online wilt kopen, kunnen wij u van alle kanten helpen. Bestel vandaag nog!","robots":{"index":"index","follow":"follow","max-snippet":"max-snippet:-1","max-image-preview":"max-image-preview:large","max-video-preview":"max-video-preview:-1"},"canonical":"https:\/\/rckopen.com\/hu\/termek\/avp\/","og_locale":"hu_HU","og_type":"article","og_title":"AVP online kopen - AVP te koop | AVP - RC Kopen","og_description":"Onze online Rc Kopen winkel heeft de beste kwaliteit AVP te koop. Als u AVP online wilt kopen, kunnen wij u van alle kanten helpen. Bestel vandaag nog!","og_url":"https:\/\/rckopen.com\/hu\/termek\/avp\/","og_site_name":"RC Kopen","article_modified_time":"2025-02-03T05:38:27+00:00","og_image":[{"width":600,"height":600,"url":"https:\/\/rckopen.com\/wp-content\/uploads\/2023\/08\/AVP.jpg","type":"image\/jpeg"}],"twitter_card":"summary_large_image","twitter_misc":{"Becs\u00fclt olvas\u00e1si id\u0151":"2 perc"},"schema":{"@context":"https:\/\/schema.org","@graph":[{"@type":"WebPage","@id":"https:\/\/rckopen.com\/product\/avp\/","url":"https:\/\/rckopen.com\/product\/avp\/","name":"AVP online kopen - AVP te koop | AVP - RC Kopen","isPartOf":{"@id":"https:\/\/rckopen.com\/#website"},"primaryImageOfPage":{"@id":"https:\/\/rckopen.com\/product\/avp\/#primaryimage"},"image":{"@id":"https:\/\/rckopen.com\/product\/avp\/#primaryimage"},"thumbnailUrl":"https:\/\/rckopen.com\/wp-content\/uploads\/2023\/08\/AVP.jpg","datePublished":"2023-08-15T08:07:11+00:00","dateModified":"2025-02-03T05:38:27+00:00","description":"Onze online Rc Kopen winkel heeft de beste kwaliteit AVP te koop. Als u AVP online wilt kopen, kunnen wij u van alle kanten helpen. Bestel vandaag nog!","breadcrumb":{"@id":"https:\/\/rckopen.com\/product\/avp\/#breadcrumb"},"inLanguage":"hu","potentialAction":[{"@type":"ReadAction","target":["https:\/\/rckopen.com\/product\/avp\/"]}]},{"@type":"ImageObject","inLanguage":"hu","@id":"https:\/\/rckopen.com\/product\/avp\/#primaryimage","url":"https:\/\/rckopen.com\/wp-content\/uploads\/2023\/08\/AVP.jpg","contentUrl":"https:\/\/rckopen.com\/wp-content\/uploads\/2023\/08\/AVP.jpg","width":600,"height":600,"caption":"AVP Online bestellen"},{"@type":"BreadcrumbList","@id":"https:\/\/rckopen.com\/product\/avp\/#breadcrumb","itemListElement":[{"@type":"ListItem","position":1,"name":"Home","item":"https:\/\/rckopen.com\/"},{"@type":"ListItem","position":2,"name":"Shop","item":"https:\/\/rckopen.com\/shop\/"},{"@type":"ListItem","position":3,"name":"AVP ONLINE KOPEN"}]},{"@type":"WebSite","@id":"https:\/\/rckopen.com\/#website","url":"https:\/\/rckopen.com\/","name":"RC Kopen","description":"Research Chemicals","potentialAction":[{"@type":"SearchAction","target":{"@type":"EntryPoint","urlTemplate":"https:\/\/rckopen.com\/?s={search_term_string}"},"query-input":{"@type":"PropertyValueSpecification","valueRequired":true,"valueName":"search_term_string"}}],"inLanguage":"hu"}]}},"_links":{"self":[{"href":"https:\/\/rckopen.com\/hu\/wp-json\/wp\/v2\/product\/6435","targetHints":{"allow":["GET"]}}],"collection":[{"href":"https:\/\/rckopen.com\/hu\/wp-json\/wp\/v2\/product"}],"about":[{"href":"https:\/\/rckopen.com\/hu\/wp-json\/wp\/v2\/types\/product"}],"replies":[{"embeddable":true,"href":"https:\/\/rckopen.com\/hu\/wp-json\/wp\/v2\/comments?post=6435"}],"wp:featuredmedia":[{"embeddable":true,"href":"https:\/\/rckopen.com\/hu\/wp-json\/wp\/v2\/media\/6455"}],"wp:attachment":[{"href":"https:\/\/rckopen.com\/hu\/wp-json\/wp\/v2\/media?parent=6435"}],"wp:term":[{"taxonomy":"product_brand","embeddable":true,"href":"https:\/\/rckopen.com\/hu\/wp-json\/wp\/v2\/product_brand?post=6435"},{"taxonomy":"product_cat","embeddable":true,"href":"https:\/\/rckopen.com\/hu\/wp-json\/wp\/v2\/product_cat?post=6435"},{"taxonomy":"product_tag","embeddable":true,"href":"https:\/\/rckopen.com\/hu\/wp-json\/wp\/v2\/product_tag?post=6435"}],"curies":[{"name":"wp","href":"https:\/\/api.w.org\/{rel}","templated":true}]}}