{"id":6437,"date":"2023-08-15T08:15:46","date_gmt":"2023-08-15T08:15:46","guid":{"rendered":"https:\/\/diligentplug.com\/chems\/?post_type=product&#038;p=6437"},"modified":"2026-03-09T07:08:09","modified_gmt":"2026-03-09T07:08:09","slug":"2-mmc","status":"publish","type":"product","link":"https:\/\/rckopen.com\/hu\/termek\/2-mmc\/","title":{"rendered":"V\u00e1s\u00e1roljon 2-MMC-t online"},"content":{"rendered":"<h2><b>Koop 2-MMC Online \u2013 Premium Kwaliteit, Betrouwbare Bron en Concurrerende Prijzen<\/b><\/h2>\n<h3><b>Mi az a 2-MMC?<\/b><\/h3>\n<p><span style=\"font-weight: 400;\"><a href=\"https:\/\/en.wikipedia.org\/wiki\/2-Methylmethcathinone\">2-MMC (2-Methylmethcathinon)<\/a> A katinon oszt\u00e1lyba tartoz\u00f3 szintetikus stimul\u00e1ns, amely energiz\u00e1l\u00f3 \u00e9s hangulatjav\u00edt\u00f3 hat\u00e1sair\u00f3l ismert. A kutat\u00e1si k\u00f6rnyezetben gyakran haszn\u00e1lt 2-MMC az euforikus \u00e9s stimul\u00e1l\u00f3 tulajdons\u00e1gok egyed\u00fcl\u00e1ll\u00f3 kombin\u00e1ci\u00f3j\u00e1t k\u00edn\u00e1lja, amely n\u00e9pszer\u0171 a k\u00eds\u00e9rleti felhaszn\u00e1l\u00e1sra megb\u00edzhat\u00f3 vegy\u00fcleteket keres\u0151 szakemberek k\u00f6r\u00e9ben.<\/span><\/p>\n<h3><b>R\u00f6vid \u00e1ttekint\u00e9s az effektekr\u0151l \u00e9s alkalmaz\u00e1sokr\u00f3l<\/b><\/h3>\n<p><span style=\"font-weight: 400;\">A 2-MMC ismert a fokozott koncentr\u00e1ci\u00f3, \u00e9bers\u00e9g \u00e9s t\u00e1rsas\u00e1gi energia el\u0151seg\u00edt\u00e9s\u00e9r\u0151l. A kutat\u00f3k \u00e9s az \u00e9rdekl\u0151d\u0151k gyakran haszn\u00e1lj\u00e1k tudom\u00e1nyos vizsg\u00e1latokhoz, viselked\u00e9selemz\u00e9shez \u00e9s farmakol\u00f3giai kutat\u00e1sokhoz. Hat\u00e9konys\u00e1ga \u00e9s egyedi profilja miatt elengedhetetlen a 2-MMC felel\u0151ss\u00e9gteljes \u00e9s megfelel\u0151 ismeretekkel t\u00f6rt\u00e9n\u0151 haszn\u00e1lata.<\/span><\/p>\n<h3><b>Jogi megfontol\u00e1sok<\/b><\/h3>\n<h4><b>A 2-MMC jelenlegi jogi st\u00e1tusza a k\u00fcl\u00f6nb\u00f6z\u0151 r\u00e9gi\u00f3kban<\/b><\/h4>\n<p><span style=\"font-weight: 400;\">A 2-MMC jogi st\u00e1tusza vil\u00e1gszerte v\u00e1ltoz\u00f3. Sok orsz\u00e1gban szab\u00e1lyozott vagy tiltott pszichoakt\u00edv tulajdons\u00e1gai miatt. Egyes orsz\u00e1gokban teljesen betiltj\u00e1k, m\u00edg m\u00e1sok szigor\u00fa felt\u00e9telek mellett enged\u00e9lyezik kutat\u00e1si c\u00e9lokra. D\u00f6nt\u00e9s el\u0151tt mindig ellen\u0151rizze a r\u00e9gi\u00f3j\u00e1ban \u00e9rv\u00e9nyes t\u00f6rv\u00e9nyeket. <\/span><a href=\"https:\/\/rckopen.com\/hu\/termek\/2-mmc\/\"><b>2-MMC online te kopen<\/b><\/a><span style=\"font-weight: 400;\">.<\/span><\/p>\n<h4><b>A leg\u00e1lis \u00e9s felel\u0151s v\u00e1s\u00e1rl\u00e1s fontoss\u00e1ga<\/b><\/h4>\n<p><span style=\"font-weight: 400;\">A 2-MMC leg\u00e1lis \u00e9s ellen\u0151rz\u00f6tt forr\u00e1sokb\u00f3l t\u00f6rt\u00e9n\u0151 v\u00e1s\u00e1rl\u00e1sa megv\u00e9di \u00d6nt a jogi probl\u00e9m\u00e1kt\u00f3l \u00e9s garant\u00e1lja a term\u00e9k min\u0151s\u00e9g\u00e9t. A felel\u0151s beszerz\u00e9s hozz\u00e1j\u00e1rul a biztons\u00e1ghoz \u00e9s az etikus tudom\u00e1nyos gyakorlatokhoz.<\/span><\/p>\n<h3><b>Hol lehet online 2-MMC-t v\u00e1s\u00e1rolni?<\/b><\/h3>\n<h4><b>Megb\u00edzhat\u00f3 \u00e9s j\u00f3 h\u00edr\u0171 besz\u00e1ll\u00edt\u00f3k<\/b><\/h4>\n<p><span style=\"font-weight: 400;\">Het is essentieel om een betrouwbare plek te kiezen om <\/span><a href=\"https:\/\/rckopen.com\/hu\/\"><b>Rendeljen 2-MMC-t online<\/b><\/a><span style=\"font-weight: 400;\">. Gerenommeerde verkopers bieden geverifieerde zuiverheid, duidelijke productinformatie en veilige betaalmethoden. Zoek leveranciers met transparante klantenservice en positieve reviews.<\/span><\/p>\n<h4><b>Ismeretlen forr\u00e1sb\u00f3l t\u00f6rt\u00e9n\u0151 v\u00e1s\u00e1rl\u00e1s kock\u00e1zatai<\/b><\/h4>\n<p><span style=\"font-weight: 400;\">Ismeretlen elad\u00f3k hamis\u00edtott term\u00e9keket vagy szennyezett anyagokat sz\u00e1ll\u00edthatnak, ami vesz\u00e9lyes az \u00d6n biztons\u00e1g\u00e1ra \u00e9s a kutat\u00e1si eredm\u00e9nyekre n\u00e9zve. Ker\u00fclje a megb\u00edzhatatlan forr\u00e1sokat, \u00e9s mindig ellen\u0151rz\u00f6tt besz\u00e1ll\u00edt\u00f3kat v\u00e1lasszon.<\/span><\/p>\n<h3><b>A term\u00e9kmin\u0151s\u00e9g ellen\u0151rz\u00e9se<\/b><\/h3>\n<h4><b>V\u00e1s\u00e1rl\u00f3i v\u00e9lem\u00e9nyek \u00e9s visszajelz\u00e9sek<\/b><\/h4>\n<p><span style=\"font-weight: 400;\">A val\u00f3di v\u00e1s\u00e1rl\u00f3i v\u00e9lem\u00e9nyek betekint\u00e9st ny\u00fajtanak a besz\u00e1ll\u00edt\u00f3 megb\u00edzhat\u00f3s\u00e1g\u00e1ba \u00e9s term\u00e9keinek \u00e1lland\u00f3s\u00e1g\u00e1ba. A pozit\u00edv v\u00e9lem\u00e9nyek \u00e9s aj\u00e1nl\u00e1sok er\u0151s\u00edtik a bizalmat.<\/span><\/p>\n<h3><b>Fizet\u00e9si m\u00f3dok<\/b><\/h3>\n<h4><b>Veelgebruikte Betaalopties<\/b><\/h4>\n<p><span style=\"font-weight: 400;\">A legt\u00f6bb j\u00f3 h\u00edr\u0171 szolg\u00e1ltat\u00f3 k\u00fcl\u00f6nf\u00e9le fizet\u00e9si m\u00f3dokat fogad el, p\u00e9ld\u00e1ul kriptovalut\u00e1kat (Bitcoin, Ethereum), hitelk\u00e1rty\u00e1kat \u00e9s banki \u00e1tutal\u00e1sokat. Ezek a lehet\u0151s\u00e9gek j\u00f3 egyens\u00falyt k\u00edn\u00e1lnak a k\u00e9nyelem \u00e9s a biztons\u00e1g k\u00f6z\u00f6tt.<\/span><\/p>\n<h4><b>Online fizet\u00e9si biztons\u00e1gi tippek<\/b><\/h4>\n<p><span style=\"font-weight: 400;\">Mindig biztons\u00e1gos fizet\u00e9si platformokat haszn\u00e1ljon, csak a legsz\u00fcks\u00e9gesebb szem\u00e9lyes adatokat ossza meg, \u00e9s fizet\u00e9s el\u0151tt ellen\u0151rizze a sz\u00e1ll\u00edt\u00f3 jogoss\u00e1g\u00e1t.<\/span><\/p>\n<h3><b>K\u00f6vetkeztet\u00e9s<\/b><\/h3>\n<p><span style=\"font-weight: 400;\">Als je <\/span><b>Szeretne online 2-MMC-t v\u00e1s\u00e1rolni?<\/b><span style=\"font-weight: 400;\"> Magabiztoss\u00e1ggal, versenyk\u00e9pes \u00e1rakkal \u00e9s garant\u00e1lt min\u0151s\u00e9ggel j\u00f3 helyen j\u00e1r. Eredeti term\u00e9keket, biztons\u00e1gos fizet\u00e9si lehet\u0151s\u00e9geket \u00e9s megb\u00edzhat\u00f3 sz\u00e1ll\u00edt\u00e1st k\u00edn\u00e1lunk, \u00edgy mi vagyunk a legjobbak. <\/span><b>a legjobb hely 2-MMC v\u00e1s\u00e1rl\u00e1s\u00e1ra<\/b><span style=\"font-weight: 400;\">Rendelj m\u00e9g ma, \u00e9s tapasztald meg a pr\u00e9mium min\u0151s\u00e9get minden v\u00e1s\u00e1rl\u00e1soddal.<\/span><\/p>","protected":false},"excerpt":{"rendered":"<p><strong><span style=\"vertical-align: inherit;\"><span style=\"vertical-align: inherit;\">IUPAC n\u00e9v:<\/span><\/span><\/strong><span style=\"vertical-align: inherit;\"><span style=\"vertical-align: inherit;\"> 2-(metil-amino)-1-(2-metilfenil)propan-1-on<\/span><\/span><\/p>\n<p><strong><span style=\"vertical-align: inherit;\"><span style=\"vertical-align: inherit;\">CAS #<\/span><\/span><\/strong><span style=\"vertical-align: inherit;\"><span style=\"vertical-align: inherit;\"> 1246911-71-6<\/span><\/span><\/p>\n<p><strong><span style=\"vertical-align: inherit;\"><span style=\"vertical-align: inherit;\">Megjelen\u00e9s:<\/span><\/span><\/strong><span style=\"vertical-align: inherit;\"><span style=\"vertical-align: inherit;\"> krist\u00e1ly<\/span><\/span><\/p>\n<p><strong><span style=\"vertical-align: inherit;\"><span style=\"vertical-align: inherit;\">Forma:<\/span><\/span><\/strong><span style=\"vertical-align: inherit;\"><span style=\"vertical-align: inherit;\"> HCL<\/span><\/span><\/p>","protected":false},"featured_media":6457,"comment_status":"open","ping_status":"closed","template":"","meta":{"_joinchat":[]},"product_brand":[],"product_cat":[134],"product_tag":[],"class_list":{"0":"post-6437","1":"product","2":"type-product","3":"status-publish","4":"has-post-thumbnail","6":"product_cat-cathinon","8":"first","9":"instock","10":"shipping-taxable","11":"purchasable","12":"product-type-variable"},"yoast_head":"<!-- This site is optimized with the Yoast SEO plugin v26.3 - https:\/\/yoast.com\/wordpress\/plugins\/seo\/ -->\n<title>2-MMC online kopen -2-MMC te koop - 2-MMC bestellen<\/title>\n<meta name=\"description\" content=\"2-MMC online kopen, U kunt 2-mmc te koop krijgen tegen de beste prijzen in onze online RCK-winkel. Wij zijn er om u te helpen bij het online kopen van 2-mmc\" \/>\n<meta name=\"robots\" content=\"index, follow, max-snippet:-1, max-image-preview:large, max-video-preview:-1\" \/>\n<link rel=\"canonical\" href=\"https:\/\/rckopen.com\/hu\/termek\/2-mmc\/\" \/>\n<meta property=\"og:locale\" content=\"hu_HU\" \/>\n<meta property=\"og:type\" content=\"article\" \/>\n<meta property=\"og:title\" content=\"2-MMC online kopen -2-MMC te koop - 2-MMC bestellen\" \/>\n<meta property=\"og:description\" content=\"2-MMC online kopen, U kunt 2-mmc te koop krijgen tegen de beste prijzen in onze online RCK-winkel. Wij zijn er om u te helpen bij het online kopen van 2-mmc\" \/>\n<meta property=\"og:url\" content=\"https:\/\/rckopen.com\/hu\/termek\/2-mmc\/\" \/>\n<meta property=\"og:site_name\" content=\"RC Kopen\" \/>\n<meta property=\"article:modified_time\" content=\"2026-03-09T07:08:09+00:00\" \/>\n<meta property=\"og:image\" content=\"https:\/\/rckopen.com\/wp-content\/uploads\/2023\/08\/2-MMC.jpg\" \/>\n\t<meta property=\"og:image:width\" content=\"600\" \/>\n\t<meta property=\"og:image:height\" content=\"600\" \/>\n\t<meta property=\"og:image:type\" content=\"image\/jpeg\" \/>\n<meta name=\"twitter:card\" content=\"summary_large_image\" \/>\n<meta name=\"twitter:label1\" content=\"Becs\u00fclt olvas\u00e1si id\u0151\" \/>\n\t<meta name=\"twitter:data1\" content=\"3 perc\" \/>\n<script type=\"application\/ld+json\" class=\"yoast-schema-graph\">{\"@context\":\"https:\/\/schema.org\",\"@graph\":[{\"@type\":\"WebPage\",\"@id\":\"https:\/\/rckopen.com\/product\/2-mmc\/\",\"url\":\"https:\/\/rckopen.com\/product\/2-mmc\/\",\"name\":\"2-MMC online kopen -2-MMC te koop - 2-MMC bestellen\",\"isPartOf\":{\"@id\":\"https:\/\/rckopen.com\/#website\"},\"primaryImageOfPage\":{\"@id\":\"https:\/\/rckopen.com\/product\/2-mmc\/#primaryimage\"},\"image\":{\"@id\":\"https:\/\/rckopen.com\/product\/2-mmc\/#primaryimage\"},\"thumbnailUrl\":\"https:\/\/rckopen.com\/wp-content\/uploads\/2023\/08\/2-MMC.jpg\",\"datePublished\":\"2023-08-15T08:15:46+00:00\",\"dateModified\":\"2026-03-09T07:08:09+00:00\",\"description\":\"2-MMC online kopen, U kunt 2-mmc te koop krijgen tegen de beste prijzen in onze online RCK-winkel. Wij zijn er om u te helpen bij het online kopen van 2-mmc\",\"breadcrumb\":{\"@id\":\"https:\/\/rckopen.com\/product\/2-mmc\/#breadcrumb\"},\"inLanguage\":\"hu\",\"potentialAction\":[{\"@type\":\"ReadAction\",\"target\":[\"https:\/\/rckopen.com\/product\/2-mmc\/\"]}]},{\"@type\":\"ImageObject\",\"inLanguage\":\"hu\",\"@id\":\"https:\/\/rckopen.com\/product\/2-mmc\/#primaryimage\",\"url\":\"https:\/\/rckopen.com\/wp-content\/uploads\/2023\/08\/2-MMC.jpg\",\"contentUrl\":\"https:\/\/rckopen.com\/wp-content\/uploads\/2023\/08\/2-MMC.jpg\",\"width\":600,\"height\":600,\"caption\":\"2-MMC Online Kopen\"},{\"@type\":\"BreadcrumbList\",\"@id\":\"https:\/\/rckopen.com\/product\/2-mmc\/#breadcrumb\",\"itemListElement\":[{\"@type\":\"ListItem\",\"position\":1,\"name\":\"Home\",\"item\":\"https:\/\/rckopen.com\/\"},{\"@type\":\"ListItem\",\"position\":2,\"name\":\"Shop\",\"item\":\"https:\/\/rckopen.com\/shop\/\"},{\"@type\":\"ListItem\",\"position\":3,\"name\":\"2-MMC Online Kopen\"}]},{\"@type\":\"WebSite\",\"@id\":\"https:\/\/rckopen.com\/#website\",\"url\":\"https:\/\/rckopen.com\/\",\"name\":\"RC Kopen\",\"description\":\"Research Chemicals\",\"potentialAction\":[{\"@type\":\"SearchAction\",\"target\":{\"@type\":\"EntryPoint\",\"urlTemplate\":\"https:\/\/rckopen.com\/?s={search_term_string}\"},\"query-input\":{\"@type\":\"PropertyValueSpecification\",\"valueRequired\":true,\"valueName\":\"search_term_string\"}}],\"inLanguage\":\"hu\"}]}<\/script>\n<!-- \/ Yoast SEO plugin. -->","yoast_head_json":{"title":"2-MMC online kopen -2-MMC te koop - 2-MMC bestellen","description":"2-MMC online kopen, U kunt 2-mmc te koop krijgen tegen de beste prijzen in onze online RCK-winkel. Wij zijn er om u te helpen bij het online kopen van 2-mmc","robots":{"index":"index","follow":"follow","max-snippet":"max-snippet:-1","max-image-preview":"max-image-preview:large","max-video-preview":"max-video-preview:-1"},"canonical":"https:\/\/rckopen.com\/hu\/termek\/2-mmc\/","og_locale":"hu_HU","og_type":"article","og_title":"2-MMC online kopen -2-MMC te koop - 2-MMC bestellen","og_description":"2-MMC online kopen, U kunt 2-mmc te koop krijgen tegen de beste prijzen in onze online RCK-winkel. Wij zijn er om u te helpen bij het online kopen van 2-mmc","og_url":"https:\/\/rckopen.com\/hu\/termek\/2-mmc\/","og_site_name":"RC Kopen","article_modified_time":"2026-03-09T07:08:09+00:00","og_image":[{"width":600,"height":600,"url":"https:\/\/rckopen.com\/wp-content\/uploads\/2023\/08\/2-MMC.jpg","type":"image\/jpeg"}],"twitter_card":"summary_large_image","twitter_misc":{"Becs\u00fclt olvas\u00e1si id\u0151":"3 perc"},"schema":{"@context":"https:\/\/schema.org","@graph":[{"@type":"WebPage","@id":"https:\/\/rckopen.com\/product\/2-mmc\/","url":"https:\/\/rckopen.com\/product\/2-mmc\/","name":"2-MMC online kopen -2-MMC te koop - 2-MMC bestellen","isPartOf":{"@id":"https:\/\/rckopen.com\/#website"},"primaryImageOfPage":{"@id":"https:\/\/rckopen.com\/product\/2-mmc\/#primaryimage"},"image":{"@id":"https:\/\/rckopen.com\/product\/2-mmc\/#primaryimage"},"thumbnailUrl":"https:\/\/rckopen.com\/wp-content\/uploads\/2023\/08\/2-MMC.jpg","datePublished":"2023-08-15T08:15:46+00:00","dateModified":"2026-03-09T07:08:09+00:00","description":"2-MMC online kopen, U kunt 2-mmc te koop krijgen tegen de beste prijzen in onze online RCK-winkel. Wij zijn er om u te helpen bij het online kopen van 2-mmc","breadcrumb":{"@id":"https:\/\/rckopen.com\/product\/2-mmc\/#breadcrumb"},"inLanguage":"hu","potentialAction":[{"@type":"ReadAction","target":["https:\/\/rckopen.com\/product\/2-mmc\/"]}]},{"@type":"ImageObject","inLanguage":"hu","@id":"https:\/\/rckopen.com\/product\/2-mmc\/#primaryimage","url":"https:\/\/rckopen.com\/wp-content\/uploads\/2023\/08\/2-MMC.jpg","contentUrl":"https:\/\/rckopen.com\/wp-content\/uploads\/2023\/08\/2-MMC.jpg","width":600,"height":600,"caption":"2-MMC Online Kopen"},{"@type":"BreadcrumbList","@id":"https:\/\/rckopen.com\/product\/2-mmc\/#breadcrumb","itemListElement":[{"@type":"ListItem","position":1,"name":"Home","item":"https:\/\/rckopen.com\/"},{"@type":"ListItem","position":2,"name":"Shop","item":"https:\/\/rckopen.com\/shop\/"},{"@type":"ListItem","position":3,"name":"2-MMC Online Kopen"}]},{"@type":"WebSite","@id":"https:\/\/rckopen.com\/#website","url":"https:\/\/rckopen.com\/","name":"RC Kopen","description":"Research Chemicals","potentialAction":[{"@type":"SearchAction","target":{"@type":"EntryPoint","urlTemplate":"https:\/\/rckopen.com\/?s={search_term_string}"},"query-input":{"@type":"PropertyValueSpecification","valueRequired":true,"valueName":"search_term_string"}}],"inLanguage":"hu"}]}},"_links":{"self":[{"href":"https:\/\/rckopen.com\/hu\/wp-json\/wp\/v2\/product\/6437","targetHints":{"allow":["GET"]}}],"collection":[{"href":"https:\/\/rckopen.com\/hu\/wp-json\/wp\/v2\/product"}],"about":[{"href":"https:\/\/rckopen.com\/hu\/wp-json\/wp\/v2\/types\/product"}],"replies":[{"embeddable":true,"href":"https:\/\/rckopen.com\/hu\/wp-json\/wp\/v2\/comments?post=6437"}],"wp:featuredmedia":[{"embeddable":true,"href":"https:\/\/rckopen.com\/hu\/wp-json\/wp\/v2\/media\/6457"}],"wp:attachment":[{"href":"https:\/\/rckopen.com\/hu\/wp-json\/wp\/v2\/media?parent=6437"}],"wp:term":[{"taxonomy":"product_brand","embeddable":true,"href":"https:\/\/rckopen.com\/hu\/wp-json\/wp\/v2\/product_brand?post=6437"},{"taxonomy":"product_cat","embeddable":true,"href":"https:\/\/rckopen.com\/hu\/wp-json\/wp\/v2\/product_cat?post=6437"},{"taxonomy":"product_tag","embeddable":true,"href":"https:\/\/rckopen.com\/hu\/wp-json\/wp\/v2\/product_tag?post=6437"}],"curies":[{"name":"wp","href":"https:\/\/api.w.org\/{rel}","templated":true}]}}