{"id":6438,"date":"2023-08-15T08:18:48","date_gmt":"2023-08-15T08:18:48","guid":{"rendered":"https:\/\/diligentplug.com\/chems\/?post_type=product&#038;p=6438"},"modified":"2025-02-04T05:41:31","modified_gmt":"2025-02-04T05:41:31","slug":"kopen-nep-poeder","status":"publish","type":"product","link":"https:\/\/rckopen.com\/hu\/termek\/vasarolni-hamis-por\/","title":{"rendered":"V\u00e1s\u00e1roljon hamis port online"},"content":{"rendered":"<h2>Az rckopen.com nem emberi fogyaszt\u00e1sra sz\u00e1nt term\u00e9keket k\u00edn\u00e1l.<br \/>\nAlgemene informatie NEP poeder online kopen<\/h2>\n<p>V\u00e1s\u00e1roljon hamis port online, az N-Etilpentedron (NEP) egy szintetikus stimul\u00e1ns. Gyakran feh\u00e9r vagy sz\u00fcrk\u00e9s sz\u00edn\u0171, \u00e9s por, \u00fcveg vagy tabletta form\u00e1j\u00e1ban kaphat\u00f3. A NEP keverhet\u0151 k\u00fcl\u00f6nf\u00e9le stimul\u00e1nsokkal, p\u00e9ld\u00e1ul kokainnal \u00e9s MDMA-val, vagy rosszul forgalmazhat\u00f3.<\/p>\n<p>Ugyan\u00fagy n\u00e9zhet ki \u00e9s ugyanolyan szaga lehet, mint ezeknek a gy\u00f3gyszereknek. Egy kutat\u00f3k\u00f6zpontban v\u00e9gzett vizsg\u00e1lat n\u00e9lk\u00fcl nem lehet megk\u00fcl\u00f6nb\u00f6ztetni.<a href=\"https:\/\/rckopen.com\/hu\/termekkategoria\/benzodiazepinek\/\">.<\/a><\/p>\n<h3>A NEP por k\u00e9miai \u00f6sszet\u00e9tele<\/h3>\n<p>A NEP vagy N-etil(nor)-pentedron a szintetikus katinonok oszt\u00e1ly\u00e1ban foglal helyet. A pentedron NEP fenetilamin maggal rendelkezik (2 etilamino 1), amelynek alfa-sz\u00e9nhez egy alkilcsoport \u00e9s a b\u00e9ta-sz\u00e9nhez egy oxig\u00e9ncsoport kapcsol\u00f3dik Buy Fake Powder.<\/p>\n<p>A NEP a hexedron le\u00e1nyv\u00e1llalata; az ehhez a nitrog\u00e9nmolekul\u00e1hoz kapcsol\u00f3d\u00f3 metilbunkert egy etilbunkerrel (2-etilamino-1-fenilhex\u00e1n 1 egy) k\u00f6tik \u00f6ssze \u00e9s helyettes\u00edtik. A m\u00e1sodik szubsztit\u00faci\u00f3 egy etilsz\u00e1l, amely az R N2 amincsoportj\u00e1hoz k\u00f6t\u0151dik, \u00edgy N-etil<a href=\"https:\/\/safemedistore.com\/product-category\/cannabinoids-for-sale\/\">.<\/a><\/p>\n<h3>A NEP por farmakol\u00f3gi\u00e1ja<\/h3>\n<p>A NEP farmakol\u00f3gi\u00e1j\u00e1r\u00f3l nem sokat tudunk. Az n-etil-nor-pentedron ( N-Ethylpentedrone, Ethyl-pentedrone, vagy NEP ) azonban egy fejlett katinon oszt\u00e1ly\u00fa energiz\u00e1l\u00f3szer, amelynek bev\u00e9tele \u00e9l\u00e9nk\u00edt\u0151, euforikus hat\u00e1s\u00fa.<\/p>\n<p>A v\u00e1s\u00e1rl\u00f3i jelent\u00e9sek az N-Ethylpentedrone-t euforikus hat\u00e1s\u00fanak \u00e1br\u00e1zolj\u00e1k, amely kifejezetten a tiltott anyagok tulajdons\u00e1gainak megism\u00e9tl\u00e9se \u00e9rdek\u00e9ben sz\u00fcletett, ami hasonl\u00f3 a kokain \u00e9s az euf\u00f3ria hat\u00e1saihoz.<\/p>\n<h3>V\u00e1s\u00e1roljon kiv\u00e1l\u00f3 min\u0151s\u00e9g\u0171 NEP port online.<\/h3>\n<p>Az Rckopen r\u00e9g\u00f3ta jelen van a vegyiparban, ami lehet\u0151v\u00e9 teszi sz\u00e1munkra, hogy a legjobbat garant\u00e1ljuk term\u00e9keinkhez. Itt nyugodtan v\u00e1s\u00e1rolhat egy nagyszer\u0171 NEP port NEP pork\u00e9nt online.s<\/p>\n<p>A kutat\u00e1si vegyszereket, bele\u00e9rtve a Pentedrone N-Ethylpentedrone NEP-t is, gondosan kezelik, sz\u00e1ll\u00edtj\u00e1k, t\u00e1rolj\u00e1k \u00e9s h\u0171v\u00f6s, sz\u00e1raz kl\u00edm\u00e1n tartj\u00e1k. Minden term\u00e9ket \u00e1ltal\u00e1ban el\u0151zetesen tesztelnek a min\u0151s\u00e9g, a hib\u00e1tlans\u00e1g \u00e9s a biztons\u00e1g szempontj\u00e1b\u00f3l. A NEP port folyamatosan szobah\u0151m\u00e9rs\u00e9kleten t\u00e1rolja.<\/p>\n<p>Minden t\u00e9telen szerepel a jelent\u0151s kutat\u00e1si vegyszer, \u00e9s tartalmaz egy let\u00f6lthet\u0151 PDF-dokumentumot a laborat\u00f3riumi eredm\u00e9nyekkel. \u00cdgy mindig biztos lehet benne, hogy a Pentedrone NEP j\u00f3 min\u0151s\u00e9g\u0171. R\u00e1ad\u00e1sul minden egyes t\u00e9tel\u00fcnk tisztess\u00e9ges \u00e1rral rendelkezik!<\/p>\n<h3>Laborat\u00f3riumban tesztelt NEP por eredm\u00e9nyekkel.<\/h3>\n<p>Az Rckopen el\u0151rel\u00e9p\u00e9st tesz \u00fcgyfelei \u00e1ltal\u00e1nos el\u00e9gedetts\u00e9ge fel\u00e9. Sz\u00e1mos felm\u00e9r\u00e9s kimutatta, hogy az \u00fcgyfelek a lehet\u0151 legt\u00f6bb adatot k\u00e9rik, miel\u0151tt szintetikus kutat\u00e1si vegyszereket v\u00e1s\u00e1rolnak. Ezenk\u00edv\u00fcl minden egyes kutat\u00e1si vegy\u00fclet \u00f6sszes laborat\u00f3riumi eredm\u00e9ny\u00e9t k\u00f6zz\u00e9tessz\u00fck egy PDF f\u00e1jlban.<\/p>\n<p>NEP porunk k\u00f6vetkezetesen megfelel a hat\u00f3anyagoknak, \u00e9s mindenki sz\u00e1m\u00e1ra azonnal l\u00e1that\u00f3.<\/p>\n<p>Minden egyes kutat\u00e1si vegyszer \u00f6sszes laborat\u00f3riumi k\u00f6vetkezm\u00e9ny\u00e9t k\u00f6zz\u00e9tessz\u00fck egy PDF-dokumentumban.<\/p>\n<h3>Biztons\u00e1gos rendel\u00e9s a NEP porban.<\/h3>\n<p>Az Rckopen tervez\u0151i kutat\u00e1si vegyszerek kiv\u00e1l\u00f3 min\u0151s\u00e9g\u0171ek \u00e9s tisztess\u00e9ges \u00e1r\u00faak. Abban a pillanatban, hogy NEP por\u00e1t a TRRCSHOP-t\u00f3l k\u00e9ri, garant\u00e1ljuk, hogy k\u00e9r\u00e9s\u00e9t gyorsan \u00e9s biztons\u00e1gosan h\u00e1zhoz sz\u00e1ll\u00edtjuk.<\/p>\n<p>A szintetikus kutat\u00e1si kapcsolatok k\u00e9r\u00e9se Bitcoin vagy banki \u00e1tutal\u00e1ssal egyszer\u0171 az Rckopen-en.<\/p>\n<p>A NEP port ugyanazon a munkanapon sz\u00e1ll\u00edtjuk, ha a fizet\u00e9s d\u00e9lut\u00e1n 2 \u00f3ra el\u0151tt be\u00e9rkezik. Szombaton, vas\u00e1rnap \u00e9s nemzeti\/nemzetk\u00f6zi \u00fcnnepnapokon nem sz\u00e1ll\u00edtunk.<\/p>\n<h3>A kutat\u00e1si vegyszerek diszkr\u00e9t sz\u00e1ll\u00edt\u00e1sa.<\/h3>\n<p>M\u00edg a diz\u00e1jnos kutat\u00e1si vegyi anyagok leg\u00e1lisan megv\u00e1s\u00e1rolhat\u00f3k az interneten, az Rckopenn\u00e9l a legbiztons\u00e1gosabb \u00e9s leg\u00e9sszer\u0171bb term\u00e9kek sz\u00e1ll\u00edt\u00e1s\u00e1ra t\u00f6reksz\u00fcnk. El\u0151sz\u00f6r az elemet egy pattint\u00f3s zacsk\u00f3ba helyezz\u00fck, miel\u0151tt egy zacsk\u00f3ba ker\u00fcl, ahol k\u00e9tszer el\u00e9getik. Nagyon l\u00e1thatatlanul pakoljuk a t\u00e1rgyakat \u00e9s k\u00edv\u00fclr\u0151l semmi nem l\u00e1tszik abb\u00f3l, ami benne lehet.<\/p>\n<p>A nyomon k\u00f6vethet\u0151 megrendel\u00e9shez v\u00e1lassza a nyomon k\u00f6vetett sz\u00e1ll\u00edt\u00e1st a p\u00e9nzt\u00e1rn\u00e1l, \u00edgy fokozatosan nyomon k\u00f6vetheti a megrendel\u00e9s\u00e9t. P\u00e9ld\u00e1ul az 500 eur\u00f3 feletti rendel\u00e9sek nyomon k\u00f6vet\u00e9se ingyenes.<\/p>\n<p>18 \u00e9ven aluliaknak nem sz\u00e1ll\u00edtunk term\u00e9keket!<\/p>\n<h3>\u00d3vint\u00e9zked\u00e9sek<\/h3>\n<ul>\n<li>Az Rckopen-en k\u00edn\u00e1lt RC-k kutat\u00e1si c\u00e9lokat szolg\u00e1lnak; emberi fogyaszt\u00e1s szigor\u00faan tilos.<\/li>\n<li>V\u00e1s\u00e1roljon megfelel\u0151 egy\u00e9ni v\u00e9d\u0151felszerel\u00e9st, p\u00e9ld\u00e1ul v\u00e9d\u0151szem\u00fcveget \u00e9s keszty\u0171t. Tiszt\u00edtsa \u00e9s gondozza \u0151ket megfelel\u0151en. K\u00f6vesse a biztons\u00e1gos rendszereket a kutat\u00e1shoz haszn\u00e1lt vegyi anyagok kezel\u00e9s\u00e9n\u00e9l, \u00e9s ne r\u00f6vid\u00edtsen.<\/li>\n<li>Ha a vizsg\u00e1latb\u00f3l sz\u00e1rmaz\u00f3 vegyszer a szembe ker\u00fcl, alaposan \u00f6bl\u00edtse ki, \u00e9s vegye le a kontaktlencs\u00e9t, ha ez alapvet\u0151 fontoss\u00e1g\u00fa.<\/li>\n<li>Pr\u00f3b\u00e1ljon meg maszkot haszn\u00e1lni, amikor ezeket a vegyszereket haszn\u00e1lja, hogy ne tudjanak bejutni \u00d6nbe, mik\u00f6zben \u00d6n l\u00e9legzik.<\/li>\n<li>Ahogy a t\u00e1mogatott m\u00f3dszerek is jelzik, a vesz\u00e9lyes anyagokat biztons\u00e1gosan kell kezelni, t\u00e1rolni \u00e9s \u00e1rtalmatlan\u00edtani. Soha ne \u00f6ntse azokat a csatorn\u00e1ba vagy csatorn\u00e1ba.<\/li>\n<li>A kutat\u00e1si vegyszereket a n\u00e9v szerint felt\u00fcntetett m\u00f3don t\u00e1rolja. A gy\u00fal\u00e9kony vegyszereket kiv\u00e1l\u00f3, sz\u00e1raz, intenzit\u00e1st\u00f3l \u00e9s napf\u00e9nyt\u0151l v\u00e9dett helyen kell t\u00e1rolni. Egyes szintetikus anyagokat, mint p\u00e9ld\u00e1ul a savakat, \u00f6n\u00e1ll\u00f3an kell t\u00e1rolni.<\/li>\n<\/ul>","protected":false},"excerpt":{"rendered":"<p><strong>IUPAC-n\u00e9v: <\/strong>2-(etilamino)-1-fenil-1-pentanon<\/p>\n<p><strong>CAS # <\/strong>779974-89-9<\/p>\n<p><strong>M\u00e1sik n\u00e9v: <\/strong>N-etil-nor-pentron<\/p>","protected":false},"featured_media":6458,"comment_status":"open","ping_status":"closed","template":"","meta":{"_joinchat":[]},"product_brand":[],"product_cat":[134],"product_tag":[],"class_list":{"0":"post-6438","1":"product","2":"type-product","3":"status-publish","4":"has-post-thumbnail","6":"product_cat-cathinon","8":"first","9":"instock","10":"shipping-taxable","11":"purchasable","12":"product-type-variable"},"yoast_head":"<!-- This site is optimized with the Yoast SEO plugin v26.3 - https:\/\/yoast.com\/wordpress\/plugins\/seo\/ -->\n<title>Nep Poeder online kopen - Nep Poeder Europa te koop<\/title>\n<meta name=\"description\" content=\"Als u Nep Poeder Europe online wilt kopen, kan onze online rc kopen-winkel u helpen. We hebben Nep Powder Europe hier te koop tegen de beste prijzen.\" \/>\n<meta name=\"robots\" content=\"index, follow, max-snippet:-1, max-image-preview:large, max-video-preview:-1\" \/>\n<link rel=\"canonical\" href=\"https:\/\/rckopen.com\/hu\/termek\/vasarolni-hamis-por\/\" \/>\n<meta property=\"og:locale\" content=\"hu_HU\" \/>\n<meta property=\"og:type\" content=\"article\" \/>\n<meta property=\"og:title\" content=\"Nep Poeder online kopen - Nep Poeder Europa te koop\" \/>\n<meta property=\"og:description\" content=\"Als u Nep Poeder Europe online wilt kopen, kan onze online rc kopen-winkel u helpen. We hebben Nep Powder Europe hier te koop tegen de beste prijzen.\" \/>\n<meta property=\"og:url\" content=\"https:\/\/rckopen.com\/hu\/termek\/vasarolni-hamis-por\/\" \/>\n<meta property=\"og:site_name\" content=\"RC Kopen\" \/>\n<meta property=\"article:modified_time\" content=\"2025-02-04T05:41:31+00:00\" \/>\n<meta property=\"og:image\" content=\"https:\/\/rckopen.com\/wp-content\/uploads\/2023\/08\/Nep-powder-Europe.jpg\" \/>\n\t<meta property=\"og:image:width\" content=\"600\" \/>\n\t<meta property=\"og:image:height\" content=\"600\" \/>\n\t<meta property=\"og:image:type\" content=\"image\/jpeg\" \/>\n<meta name=\"twitter:card\" content=\"summary_large_image\" \/>\n<meta name=\"twitter:label1\" content=\"Becs\u00fclt olvas\u00e1si id\u0151\" \/>\n\t<meta name=\"twitter:data1\" content=\"4 perc\" \/>\n<script type=\"application\/ld+json\" class=\"yoast-schema-graph\">{\"@context\":\"https:\/\/schema.org\",\"@graph\":[{\"@type\":\"WebPage\",\"@id\":\"https:\/\/rckopen.com\/product\/kopen-nep-poeder\/\",\"url\":\"https:\/\/rckopen.com\/product\/kopen-nep-poeder\/\",\"name\":\"Nep Poeder online kopen - Nep Poeder Europa te koop\",\"isPartOf\":{\"@id\":\"https:\/\/rckopen.com\/#website\"},\"primaryImageOfPage\":{\"@id\":\"https:\/\/rckopen.com\/product\/kopen-nep-poeder\/#primaryimage\"},\"image\":{\"@id\":\"https:\/\/rckopen.com\/product\/kopen-nep-poeder\/#primaryimage\"},\"thumbnailUrl\":\"https:\/\/rckopen.com\/wp-content\/uploads\/2023\/08\/Nep-powder-Europe.jpg\",\"datePublished\":\"2023-08-15T08:18:48+00:00\",\"dateModified\":\"2025-02-04T05:41:31+00:00\",\"description\":\"Als u Nep Poeder Europe online wilt kopen, kan onze online rc kopen-winkel u helpen. We hebben Nep Powder Europe hier te koop tegen de beste prijzen.\",\"breadcrumb\":{\"@id\":\"https:\/\/rckopen.com\/product\/kopen-nep-poeder\/#breadcrumb\"},\"inLanguage\":\"hu\",\"potentialAction\":[{\"@type\":\"ReadAction\",\"target\":[\"https:\/\/rckopen.com\/product\/kopen-nep-poeder\/\"]}]},{\"@type\":\"ImageObject\",\"inLanguage\":\"hu\",\"@id\":\"https:\/\/rckopen.com\/product\/kopen-nep-poeder\/#primaryimage\",\"url\":\"https:\/\/rckopen.com\/wp-content\/uploads\/2023\/08\/Nep-powder-Europe.jpg\",\"contentUrl\":\"https:\/\/rckopen.com\/wp-content\/uploads\/2023\/08\/Nep-powder-Europe.jpg\",\"width\":600,\"height\":600,\"caption\":\"Nep Poeder online kopen\"},{\"@type\":\"BreadcrumbList\",\"@id\":\"https:\/\/rckopen.com\/product\/kopen-nep-poeder\/#breadcrumb\",\"itemListElement\":[{\"@type\":\"ListItem\",\"position\":1,\"name\":\"Home\",\"item\":\"https:\/\/rckopen.com\/\"},{\"@type\":\"ListItem\",\"position\":2,\"name\":\"Shop\",\"item\":\"https:\/\/rckopen.com\/shop\/\"},{\"@type\":\"ListItem\",\"position\":3,\"name\":\"Nep poeder online kopen\"}]},{\"@type\":\"WebSite\",\"@id\":\"https:\/\/rckopen.com\/#website\",\"url\":\"https:\/\/rckopen.com\/\",\"name\":\"RC Kopen\",\"description\":\"Research Chemicals\",\"potentialAction\":[{\"@type\":\"SearchAction\",\"target\":{\"@type\":\"EntryPoint\",\"urlTemplate\":\"https:\/\/rckopen.com\/?s={search_term_string}\"},\"query-input\":{\"@type\":\"PropertyValueSpecification\",\"valueRequired\":true,\"valueName\":\"search_term_string\"}}],\"inLanguage\":\"hu\"}]}<\/script>\n<!-- \/ Yoast SEO plugin. -->","yoast_head_json":{"title":"Nep Poeder online kopen - Nep Poeder Europa te koop","description":"Als u Nep Poeder Europe online wilt kopen, kan onze online rc kopen-winkel u helpen. We hebben Nep Powder Europe hier te koop tegen de beste prijzen.","robots":{"index":"index","follow":"follow","max-snippet":"max-snippet:-1","max-image-preview":"max-image-preview:large","max-video-preview":"max-video-preview:-1"},"canonical":"https:\/\/rckopen.com\/hu\/termek\/vasarolni-hamis-por\/","og_locale":"hu_HU","og_type":"article","og_title":"Nep Poeder online kopen - Nep Poeder Europa te koop","og_description":"Als u Nep Poeder Europe online wilt kopen, kan onze online rc kopen-winkel u helpen. We hebben Nep Powder Europe hier te koop tegen de beste prijzen.","og_url":"https:\/\/rckopen.com\/hu\/termek\/vasarolni-hamis-por\/","og_site_name":"RC Kopen","article_modified_time":"2025-02-04T05:41:31+00:00","og_image":[{"width":600,"height":600,"url":"https:\/\/rckopen.com\/wp-content\/uploads\/2023\/08\/Nep-powder-Europe.jpg","type":"image\/jpeg"}],"twitter_card":"summary_large_image","twitter_misc":{"Becs\u00fclt olvas\u00e1si id\u0151":"4 perc"},"schema":{"@context":"https:\/\/schema.org","@graph":[{"@type":"WebPage","@id":"https:\/\/rckopen.com\/product\/kopen-nep-poeder\/","url":"https:\/\/rckopen.com\/product\/kopen-nep-poeder\/","name":"Nep Poeder online kopen - Nep Poeder Europa te koop","isPartOf":{"@id":"https:\/\/rckopen.com\/#website"},"primaryImageOfPage":{"@id":"https:\/\/rckopen.com\/product\/kopen-nep-poeder\/#primaryimage"},"image":{"@id":"https:\/\/rckopen.com\/product\/kopen-nep-poeder\/#primaryimage"},"thumbnailUrl":"https:\/\/rckopen.com\/wp-content\/uploads\/2023\/08\/Nep-powder-Europe.jpg","datePublished":"2023-08-15T08:18:48+00:00","dateModified":"2025-02-04T05:41:31+00:00","description":"Als u Nep Poeder Europe online wilt kopen, kan onze online rc kopen-winkel u helpen. We hebben Nep Powder Europe hier te koop tegen de beste prijzen.","breadcrumb":{"@id":"https:\/\/rckopen.com\/product\/kopen-nep-poeder\/#breadcrumb"},"inLanguage":"hu","potentialAction":[{"@type":"ReadAction","target":["https:\/\/rckopen.com\/product\/kopen-nep-poeder\/"]}]},{"@type":"ImageObject","inLanguage":"hu","@id":"https:\/\/rckopen.com\/product\/kopen-nep-poeder\/#primaryimage","url":"https:\/\/rckopen.com\/wp-content\/uploads\/2023\/08\/Nep-powder-Europe.jpg","contentUrl":"https:\/\/rckopen.com\/wp-content\/uploads\/2023\/08\/Nep-powder-Europe.jpg","width":600,"height":600,"caption":"Nep Poeder online kopen"},{"@type":"BreadcrumbList","@id":"https:\/\/rckopen.com\/product\/kopen-nep-poeder\/#breadcrumb","itemListElement":[{"@type":"ListItem","position":1,"name":"Home","item":"https:\/\/rckopen.com\/"},{"@type":"ListItem","position":2,"name":"Shop","item":"https:\/\/rckopen.com\/shop\/"},{"@type":"ListItem","position":3,"name":"Nep poeder online kopen"}]},{"@type":"WebSite","@id":"https:\/\/rckopen.com\/#website","url":"https:\/\/rckopen.com\/","name":"RC Kopen","description":"Research Chemicals","potentialAction":[{"@type":"SearchAction","target":{"@type":"EntryPoint","urlTemplate":"https:\/\/rckopen.com\/?s={search_term_string}"},"query-input":{"@type":"PropertyValueSpecification","valueRequired":true,"valueName":"search_term_string"}}],"inLanguage":"hu"}]}},"_links":{"self":[{"href":"https:\/\/rckopen.com\/hu\/wp-json\/wp\/v2\/product\/6438","targetHints":{"allow":["GET"]}}],"collection":[{"href":"https:\/\/rckopen.com\/hu\/wp-json\/wp\/v2\/product"}],"about":[{"href":"https:\/\/rckopen.com\/hu\/wp-json\/wp\/v2\/types\/product"}],"replies":[{"embeddable":true,"href":"https:\/\/rckopen.com\/hu\/wp-json\/wp\/v2\/comments?post=6438"}],"wp:featuredmedia":[{"embeddable":true,"href":"https:\/\/rckopen.com\/hu\/wp-json\/wp\/v2\/media\/6458"}],"wp:attachment":[{"href":"https:\/\/rckopen.com\/hu\/wp-json\/wp\/v2\/media?parent=6438"}],"wp:term":[{"taxonomy":"product_brand","embeddable":true,"href":"https:\/\/rckopen.com\/hu\/wp-json\/wp\/v2\/product_brand?post=6438"},{"taxonomy":"product_cat","embeddable":true,"href":"https:\/\/rckopen.com\/hu\/wp-json\/wp\/v2\/product_cat?post=6438"},{"taxonomy":"product_tag","embeddable":true,"href":"https:\/\/rckopen.com\/hu\/wp-json\/wp\/v2\/product_tag?post=6438"}],"curies":[{"name":"wp","href":"https:\/\/api.w.org\/{rel}","templated":true}]}}