{"id":6439,"date":"2023-08-15T08:20:39","date_gmt":"2023-08-15T08:20:39","guid":{"rendered":"https:\/\/diligentplug.com\/chems\/?post_type=product&#038;p=6439"},"modified":"2025-02-04T05:12:59","modified_gmt":"2025-02-04T05:12:59","slug":"mephedrene-kopen","status":"publish","type":"product","link":"https:\/\/rckopen.com\/hu\/termek\/vasarolni-mefedrene\/","title":{"rendered":"V\u00e1s\u00e1roljon mefedr\u00e9nt online"},"content":{"rendered":"<h1>V\u00e1s\u00e1roljon 5-MMPA-t (Mephedrene) online<\/h1>\n<p>Mephedrene Buy, 5-MMPA (Mephedrene vagy 5-Methylmethiopropamine) egy \u00faj stimul\u00e1ns vegyi anyag, amely a Cathinone csal\u00e1dba tartozik. Err\u0151l a vegyi anyagr\u00f3l m\u00e9g nem sokat jelentettek, mivel csak 2020 j\u00faniusa \u00f3ta el\u00e9rhet\u0151 a kutat\u00e1si vegyszerek piac\u00e1n! Az 5-MMPA a metiopropaminhoz (MPA) \u00e9s a 4-FA-hoz (4-fluoroamphetamin) hasonl\u00edthat\u00f3, \u00e9s a mefedron (4MMC) anal\u00f3gja is.<a href=\"https:\/\/safemedistore.com\/\">.<\/a><\/p>\n<p>Szeretne 5-MMPA-t (Mephedrene) v\u00e1s\u00e1rolni online? Akkor ne keressen tov\u00e1bb, mint a [weboldal], a kiv\u00e1l\u00f3 min\u0151s\u00e9g\u0171 kutat\u00e1si vegyi anyagok vezet\u0151 forr\u00e1sa. Az 5-MMPA-t elad\u00e1sra k\u00edn\u00e1ljuk, \u00e9s a vil\u00e1g minden t\u00e1j\u00e1n, t\u00f6bbek k\u00f6z\u00f6tt Kanad\u00e1ban, N\u00e9metorsz\u00e1gban, Indon\u00e9zi\u00e1ban, Eur\u00f3p\u00e1ban, Afrik\u00e1ban, Izraelben, Oroszorsz\u00e1gban, Hollandi\u00e1ban, T\u00f6r\u00f6korsz\u00e1gban, Thaif\u00f6ld\u00f6n, Jap\u00e1nban \u00e9s sok m\u00e1s orsz\u00e1gban is sz\u00e1ll\u00edtjuk.<\/p>\n<p>Az rckopen.com-n\u00e1l b\u00fcszk\u00e9k vagyunk arra, hogy a legmagasabb min\u0151s\u00e9g\u0171 term\u00e9keket k\u00edn\u00e1ljuk \u00fcgyfeleinknek. Minden term\u00e9k\u00fcnket gondosan tesztelj\u00fck tisztas\u00e1g \u00e9s hat\u00e9konys\u00e1g szempontj\u00e1b\u00f3l, \u00e9s csak megb\u00edzhat\u00f3 besz\u00e1ll\u00edt\u00f3kkal dolgozunk egy\u00fctt, hogy \u00fcgyfeleink mindig a lehet\u0151 legjobb term\u00e9keket kapj\u00e1k.<a href=\"https:\/\/rckopen.com\/hu\/termek\/green-bali\/\">.<\/a><\/p>\n<p>Az 5-MMPA megrendel\u00e9se a kansobiotech.com webhelyr\u0151l egyszer\u0171 \u00e9s biztons\u00e1gos. K\u00fcl\u00f6nb\u00f6z\u0151 fizet\u00e9si m\u00f3dokat fogadunk el, bele\u00e9rtve a Bitcoint, banki \u00e1tutal\u00e1sokat Meg\u00e9rtj\u00fck, hogy \u00fcgyfeleinknek fontos a mag\u00e1n\u00e9let \u00e9s a diszkr\u00e9ci\u00f3, ez\u00e9rt biztos\u00edtjuk, hogy minden megrendel\u00e9st diszkr\u00e9ten csomagolunk \u00e9s gyorsan sz\u00e1ll\u00edtunk.<\/p>\n<p>Ha megb\u00edzhat\u00f3 forr\u00e1st keres az 5-MMPA sz\u00e1m\u00e1ra, ne keressen tov\u00e1bb, mint a kansobiotech.com. Elk\u00f6telezettek vagyunk amellett, hogy \u00fcgyfeleinknek a lehet\u0151 legjobb term\u00e9keket \u00e9s szolg\u00e1ltat\u00e1st ny\u00fajtsuk, \u00e9s biztosak vagyunk benne, hogy el\u00e9gedett lesz a v\u00e1s\u00e1rl\u00e1ssal. Rendeljen m\u00e9g ma, \u00e9s fedezze fel a [weboldal] k\u00fcl\u00f6nbs\u00e9get saj\u00e1t maga!<\/p>\n<p>Az rckopen.com nem emberi fogyaszt\u00e1sra sz\u00e1nt term\u00e9keket k\u00edn\u00e1l. A term\u00e9k (sz\u00e1nd\u00e9kolatlan) fogyaszt\u00e1sa s\u00falyos eg\u00e9szs\u00e9g\u00fcgyi k\u00f6vetkezm\u00e9nyekkel j\u00e1rhat.<\/p>","protected":false},"excerpt":{"rendered":"<p><strong>IUPAC-n\u00e9v: <\/strong>N-metil-1-(5-metiltiofen-2-il)propan-2-amin<\/p>\n<p><strong>CAS # <\/strong>1340105-79-4<\/p>\n<p><strong>M\u00e1sik n\u00e9v: <\/strong>5-MMPA<\/p>\n<p><strong>NMR-elemz\u00e9s: <\/strong>C9H15NS<\/p>","protected":false},"featured_media":6459,"comment_status":"open","ping_status":"closed","template":"","meta":{"_joinchat":[]},"product_brand":[],"product_cat":[134],"product_tag":[],"class_list":{"0":"post-6439","1":"product","2":"type-product","3":"status-publish","4":"has-post-thumbnail","6":"product_cat-cathinon","8":"first","9":"instock","10":"shipping-taxable","11":"purchasable","12":"product-type-variable"},"yoast_head":"<!-- This site is optimized with the Yoast SEO plugin v26.3 - https:\/\/yoast.com\/wordpress\/plugins\/seo\/ -->\n<title>Mephedrene online Kopen - Mephedrene te koop | RC Kopen<\/title>\n<meta name=\"description\" content=\"Mephedrene Kopen, RC Kopen is een toonaangevende winkel waar u online wiet kunt kopen, Mephedrene online kunt kopen tegen de beste prijs.\" \/>\n<meta name=\"robots\" content=\"index, follow, max-snippet:-1, max-image-preview:large, max-video-preview:-1\" \/>\n<link rel=\"canonical\" href=\"https:\/\/rckopen.com\/hu\/termek\/vasarolni-mefedrene\/\" \/>\n<meta property=\"og:locale\" content=\"hu_HU\" \/>\n<meta property=\"og:type\" content=\"article\" \/>\n<meta property=\"og:title\" content=\"Mephedrene online Kopen - Mephedrene te koop | RC Kopen\" \/>\n<meta property=\"og:description\" content=\"Mephedrene Kopen, RC Kopen is een toonaangevende winkel waar u online wiet kunt kopen, Mephedrene online kunt kopen tegen de beste prijs.\" \/>\n<meta property=\"og:url\" content=\"https:\/\/rckopen.com\/hu\/termek\/vasarolni-mefedrene\/\" \/>\n<meta property=\"og:site_name\" content=\"RC Kopen\" \/>\n<meta property=\"article:modified_time\" content=\"2025-02-04T05:12:59+00:00\" \/>\n<meta property=\"og:image\" content=\"https:\/\/rckopen.com\/wp-content\/uploads\/2023\/08\/Mephedrone.jpg\" \/>\n\t<meta property=\"og:image:width\" content=\"600\" \/>\n\t<meta property=\"og:image:height\" content=\"600\" \/>\n\t<meta property=\"og:image:type\" content=\"image\/jpeg\" \/>\n<meta name=\"twitter:card\" content=\"summary_large_image\" \/>\n<meta name=\"twitter:label1\" content=\"Becs\u00fclt olvas\u00e1si id\u0151\" \/>\n\t<meta name=\"twitter:data1\" content=\"2 perc\" \/>\n<script type=\"application\/ld+json\" class=\"yoast-schema-graph\">{\"@context\":\"https:\/\/schema.org\",\"@graph\":[{\"@type\":\"WebPage\",\"@id\":\"https:\/\/rckopen.com\/product\/mephedrene-kopen\/\",\"url\":\"https:\/\/rckopen.com\/product\/mephedrene-kopen\/\",\"name\":\"Mephedrene online Kopen - Mephedrene te koop | RC Kopen\",\"isPartOf\":{\"@id\":\"https:\/\/rckopen.com\/#website\"},\"primaryImageOfPage\":{\"@id\":\"https:\/\/rckopen.com\/product\/mephedrene-kopen\/#primaryimage\"},\"image\":{\"@id\":\"https:\/\/rckopen.com\/product\/mephedrene-kopen\/#primaryimage\"},\"thumbnailUrl\":\"https:\/\/rckopen.com\/wp-content\/uploads\/2023\/08\/Mephedrone.jpg\",\"datePublished\":\"2023-08-15T08:20:39+00:00\",\"dateModified\":\"2025-02-04T05:12:59+00:00\",\"description\":\"Mephedrene Kopen, RC Kopen is een toonaangevende winkel waar u online wiet kunt kopen, Mephedrene online kunt kopen tegen de beste prijs.\",\"breadcrumb\":{\"@id\":\"https:\/\/rckopen.com\/product\/mephedrene-kopen\/#breadcrumb\"},\"inLanguage\":\"hu\",\"potentialAction\":[{\"@type\":\"ReadAction\",\"target\":[\"https:\/\/rckopen.com\/product\/mephedrene-kopen\/\"]}]},{\"@type\":\"ImageObject\",\"inLanguage\":\"hu\",\"@id\":\"https:\/\/rckopen.com\/product\/mephedrene-kopen\/#primaryimage\",\"url\":\"https:\/\/rckopen.com\/wp-content\/uploads\/2023\/08\/Mephedrone.jpg\",\"contentUrl\":\"https:\/\/rckopen.com\/wp-content\/uploads\/2023\/08\/Mephedrone.jpg\",\"width\":600,\"height\":600,\"caption\":\"Mephedrene online Kopen\"},{\"@type\":\"BreadcrumbList\",\"@id\":\"https:\/\/rckopen.com\/product\/mephedrene-kopen\/#breadcrumb\",\"itemListElement\":[{\"@type\":\"ListItem\",\"position\":1,\"name\":\"Home\",\"item\":\"https:\/\/rckopen.com\/\"},{\"@type\":\"ListItem\",\"position\":2,\"name\":\"Shop\",\"item\":\"https:\/\/rckopen.com\/shop\/\"},{\"@type\":\"ListItem\",\"position\":3,\"name\":\"Mephedrene online kopen\"}]},{\"@type\":\"WebSite\",\"@id\":\"https:\/\/rckopen.com\/#website\",\"url\":\"https:\/\/rckopen.com\/\",\"name\":\"RC Kopen\",\"description\":\"Research Chemicals\",\"potentialAction\":[{\"@type\":\"SearchAction\",\"target\":{\"@type\":\"EntryPoint\",\"urlTemplate\":\"https:\/\/rckopen.com\/?s={search_term_string}\"},\"query-input\":{\"@type\":\"PropertyValueSpecification\",\"valueRequired\":true,\"valueName\":\"search_term_string\"}}],\"inLanguage\":\"hu\"}]}<\/script>\n<!-- \/ Yoast SEO plugin. -->","yoast_head_json":{"title":"Mephedrene online Kopen - Mephedrene te koop | RC Kopen","description":"Mephedrene Kopen, RC Kopen is een toonaangevende winkel waar u online wiet kunt kopen, Mephedrene online kunt kopen tegen de beste prijs.","robots":{"index":"index","follow":"follow","max-snippet":"max-snippet:-1","max-image-preview":"max-image-preview:large","max-video-preview":"max-video-preview:-1"},"canonical":"https:\/\/rckopen.com\/hu\/termek\/vasarolni-mefedrene\/","og_locale":"hu_HU","og_type":"article","og_title":"Mephedrene online Kopen - Mephedrene te koop | RC Kopen","og_description":"Mephedrene Kopen, RC Kopen is een toonaangevende winkel waar u online wiet kunt kopen, Mephedrene online kunt kopen tegen de beste prijs.","og_url":"https:\/\/rckopen.com\/hu\/termek\/vasarolni-mefedrene\/","og_site_name":"RC Kopen","article_modified_time":"2025-02-04T05:12:59+00:00","og_image":[{"width":600,"height":600,"url":"https:\/\/rckopen.com\/wp-content\/uploads\/2023\/08\/Mephedrone.jpg","type":"image\/jpeg"}],"twitter_card":"summary_large_image","twitter_misc":{"Becs\u00fclt olvas\u00e1si id\u0151":"2 perc"},"schema":{"@context":"https:\/\/schema.org","@graph":[{"@type":"WebPage","@id":"https:\/\/rckopen.com\/product\/mephedrene-kopen\/","url":"https:\/\/rckopen.com\/product\/mephedrene-kopen\/","name":"Mephedrene online Kopen - Mephedrene te koop | RC Kopen","isPartOf":{"@id":"https:\/\/rckopen.com\/#website"},"primaryImageOfPage":{"@id":"https:\/\/rckopen.com\/product\/mephedrene-kopen\/#primaryimage"},"image":{"@id":"https:\/\/rckopen.com\/product\/mephedrene-kopen\/#primaryimage"},"thumbnailUrl":"https:\/\/rckopen.com\/wp-content\/uploads\/2023\/08\/Mephedrone.jpg","datePublished":"2023-08-15T08:20:39+00:00","dateModified":"2025-02-04T05:12:59+00:00","description":"Mephedrene Kopen, RC Kopen is een toonaangevende winkel waar u online wiet kunt kopen, Mephedrene online kunt kopen tegen de beste prijs.","breadcrumb":{"@id":"https:\/\/rckopen.com\/product\/mephedrene-kopen\/#breadcrumb"},"inLanguage":"hu","potentialAction":[{"@type":"ReadAction","target":["https:\/\/rckopen.com\/product\/mephedrene-kopen\/"]}]},{"@type":"ImageObject","inLanguage":"hu","@id":"https:\/\/rckopen.com\/product\/mephedrene-kopen\/#primaryimage","url":"https:\/\/rckopen.com\/wp-content\/uploads\/2023\/08\/Mephedrone.jpg","contentUrl":"https:\/\/rckopen.com\/wp-content\/uploads\/2023\/08\/Mephedrone.jpg","width":600,"height":600,"caption":"Mephedrene online Kopen"},{"@type":"BreadcrumbList","@id":"https:\/\/rckopen.com\/product\/mephedrene-kopen\/#breadcrumb","itemListElement":[{"@type":"ListItem","position":1,"name":"Home","item":"https:\/\/rckopen.com\/"},{"@type":"ListItem","position":2,"name":"Shop","item":"https:\/\/rckopen.com\/shop\/"},{"@type":"ListItem","position":3,"name":"Mephedrene online kopen"}]},{"@type":"WebSite","@id":"https:\/\/rckopen.com\/#website","url":"https:\/\/rckopen.com\/","name":"RC Kopen","description":"Research Chemicals","potentialAction":[{"@type":"SearchAction","target":{"@type":"EntryPoint","urlTemplate":"https:\/\/rckopen.com\/?s={search_term_string}"},"query-input":{"@type":"PropertyValueSpecification","valueRequired":true,"valueName":"search_term_string"}}],"inLanguage":"hu"}]}},"_links":{"self":[{"href":"https:\/\/rckopen.com\/hu\/wp-json\/wp\/v2\/product\/6439","targetHints":{"allow":["GET"]}}],"collection":[{"href":"https:\/\/rckopen.com\/hu\/wp-json\/wp\/v2\/product"}],"about":[{"href":"https:\/\/rckopen.com\/hu\/wp-json\/wp\/v2\/types\/product"}],"replies":[{"embeddable":true,"href":"https:\/\/rckopen.com\/hu\/wp-json\/wp\/v2\/comments?post=6439"}],"wp:featuredmedia":[{"embeddable":true,"href":"https:\/\/rckopen.com\/hu\/wp-json\/wp\/v2\/media\/6459"}],"wp:attachment":[{"href":"https:\/\/rckopen.com\/hu\/wp-json\/wp\/v2\/media?parent=6439"}],"wp:term":[{"taxonomy":"product_brand","embeddable":true,"href":"https:\/\/rckopen.com\/hu\/wp-json\/wp\/v2\/product_brand?post=6439"},{"taxonomy":"product_cat","embeddable":true,"href":"https:\/\/rckopen.com\/hu\/wp-json\/wp\/v2\/product_cat?post=6439"},{"taxonomy":"product_tag","embeddable":true,"href":"https:\/\/rckopen.com\/hu\/wp-json\/wp\/v2\/product_tag?post=6439"}],"curies":[{"name":"wp","href":"https:\/\/api.w.org\/{rel}","templated":true}]}}