{"id":6441,"date":"2023-08-15T08:26:57","date_gmt":"2023-08-15T08:26:57","guid":{"rendered":"https:\/\/diligentplug.com\/chems\/?post_type=product&#038;p=6441"},"modified":"2025-02-03T05:18:26","modified_gmt":"2025-02-03T05:18:26","slug":"a-pcyp","status":"publish","type":"product","link":"https:\/\/rckopen.com\/hu\/termek\/a-pcyp\/","title":{"rendered":"V\u00c1S\u00c1RL\u00c1S A-PCYP V\u00c1S\u00c1RL\u00c1S ONLINE"},"content":{"rendered":"<h1>A-PCYP online megv\u00e1s\u00e1rl\u00e1sa<\/h1>\n<p><a href=\"https:\/\/rckopen.com\/hu\/termek\/a-pcyp\/\">A-PCYP online megv\u00e1s\u00e1rl\u00e1sa<\/a>Hat\u00e9kony \u00e9s kiv\u00e1l\u00f3 min\u0151s\u00e9g\u0171 vegyszert keres kutat\u00e1shoz? Akkor ne keressen tov\u00e1bb, mint az A-PCYP, az online megv\u00e1s\u00e1rolhat\u00f3 pr\u00e9mium kutat\u00e1si vegyszerek gy\u0171jtem\u00e9ny\u00e9nek leg\u00fajabb tagja<a href=\"https:\/\/rckopen.com\/hu\/\">.<\/a><\/p>\n<p>M\u00e9h <a href=\"https:\/\/rckopen.com\/hu\/\">rckopen.com<\/a> elk\u00f6telezettek vagyunk amellett, hogy a legjobb kutat\u00e1si vegyszereket k\u00edn\u00e1ljuk \u00d6nnek a piacon, \u00e9s ez al\u00f3l az A-PCYP sem kiv\u00e9tel. Term\u00e9keinket gondosan szintetiz\u00e1ljuk a legfejlettebb laborat\u00f3riumi technik\u00e1kkal, hogy biztos\u00edtsuk a lehet\u0151 legmagasabb min\u0151s\u00e9get \u00e9s tisztas\u00e1got<a href=\"https:\/\/chemswell.com\/product-category\/research-chemicals\/\">.<\/a><\/p>\n<p>Ak\u00e1r tapasztalt kutat\u00f3 vagy, ak\u00e1r csak most kezded, <a href=\"https:\/\/en.wikipedia.org\/wiki\/%CE%91-PCYP\">A-PCYP<\/a> t\u00f6k\u00e9letes kieg\u00e9sz\u00edt\u0151je a labornak. A potenci\u00e1lis alkalmaz\u00e1sok sz\u00e9les sk\u00e1l\u00e1j\u00e1t k\u00edn\u00e1lja, \u00e9s alkalmas k\u00fcl\u00f6nf\u00e9le kutat\u00e1si projektekre.<\/p>\n<p>Ha A-PCYP-t szeretne v\u00e1s\u00e1rolni online, akkor a legjobb helyen j\u00e1r. A [weboldalon] a rendel\u00e9st egyszer\u0171v\u00e9 \u00e9s probl\u00e9mamentess\u00e9 tessz\u00fck. Biztons\u00e1gos online fizet\u00e9si elj\u00e1r\u00e1sunk elfogadja a Bitcoin, Western Union \u00e9s hitelk\u00e1rty\u00e1s fizet\u00e9seket, \u00edgy kiv\u00e1laszthatja az \u00d6nnek legmegfelel\u0151bb fizet\u00e9si m\u00f3dot.<\/p>\n<p>Gyors \u00e9s megb\u00edzhat\u00f3 sz\u00e1ll\u00edt\u00e1si lehet\u0151s\u00e9geinknek k\u00f6sz\u00f6nhet\u0151en pedig az A-PCYP-et k\u00f6zvetlen\u00fcl az \u00d6n otthon\u00e1ba sz\u00e1ll\u00edthatjuk Kanad\u00e1ba, N\u00e9metorsz\u00e1gba, Indon\u00e9zi\u00e1ba, Eur\u00f3p\u00e1ba, Afrik\u00e1ba, Izraelbe, Oroszorsz\u00e1gba, Hollandi\u00e1ba, T\u00f6r\u00f6korsz\u00e1gba, Thaif\u00f6ldre, Jap\u00e1nba \u00e9s a vil\u00e1g sz\u00e1mos m\u00e1s orsz\u00e1g\u00e1ba.<\/p>\n<p>Akkor mi\u00e9rt v\u00e1rjunk? Rendelje meg az A-PCYP-et m\u00e9g ma, \u00e9s tapasztalja meg az online el\u00e9rhet\u0151 legmagasabb min\u0151s\u00e9g\u0171 kutat\u00e1si vegyszereket. A kansobiotech.com seg\u00edts\u00e9g\u00e9vel mindig biztos lehet benne, hogy az ipar\u00e1g legjobb term\u00e9keit, szolg\u00e1ltat\u00e1sait \u00e9s \u00e1rait kapja.<\/p>\n<p>Az rckopen.com nem emberi fogyaszt\u00e1sra sz\u00e1nt term\u00e9keket k\u00edn\u00e1l. A term\u00e9k (sz\u00e1nd\u00e9kolatlan) fogyaszt\u00e1sa s\u00falyos eg\u00e9szs\u00e9g\u00fcgyi k\u00f6vetkezm\u00e9nyekkel j\u00e1rhat.<\/p>","protected":false},"excerpt":{"rendered":"<p><strong>IUPAC-n\u00e9v: <\/strong>2-ciklohexil-1-fenil-2-(pirrolidin-1-il)et\u00e1n-1-on<\/p>\n<p><strong>CAS # <\/strong>1803168-11-7<\/p>\n<p><strong>Megjelen\u00e9s: <\/strong>krist\u00e1ly<\/p>\n<p><strong>NMR-elemz\u00e9s: <\/strong>C18H25NO<\/p>","protected":false},"featured_media":6461,"comment_status":"open","ping_status":"closed","template":"","meta":{"_joinchat":[]},"product_brand":[],"product_cat":[134],"product_tag":[],"class_list":{"0":"post-6441","1":"product","2":"type-product","3":"status-publish","4":"has-post-thumbnail","6":"product_cat-cathinon","8":"first","9":"instock","10":"shipping-taxable","11":"purchasable","12":"product-type-variable"},"yoast_head":"<!-- This site is optimized with the Yoast SEO plugin v26.3 - https:\/\/yoast.com\/wordpress\/plugins\/seo\/ -->\n<title>A-PCYP online kopen - A-PCYP te koop<\/title>\n<meta name=\"description\" content=\"Als u bereid bent A-PCYP te koop aan te schaffen, dan zijn wij de juiste keuze voor u. Onze medewerkers helpen u bij het kopen van A-PCYP tegen goedkope tarieven. Plaats uw bestelling bij ons!\" \/>\n<meta name=\"robots\" content=\"index, follow, max-snippet:-1, max-image-preview:large, max-video-preview:-1\" \/>\n<link rel=\"canonical\" href=\"https:\/\/rckopen.com\/hu\/termek\/a-pcyp\/\" \/>\n<meta property=\"og:locale\" content=\"hu_HU\" \/>\n<meta property=\"og:type\" content=\"article\" \/>\n<meta property=\"og:title\" content=\"A-PCYP online kopen - A-PCYP te koop\" \/>\n<meta property=\"og:description\" content=\"Als u bereid bent A-PCYP te koop aan te schaffen, dan zijn wij de juiste keuze voor u. Onze medewerkers helpen u bij het kopen van A-PCYP tegen goedkope tarieven. Plaats uw bestelling bij ons!\" \/>\n<meta property=\"og:url\" content=\"https:\/\/rckopen.com\/hu\/termek\/a-pcyp\/\" \/>\n<meta property=\"og:site_name\" content=\"RC Kopen\" \/>\n<meta property=\"article:modified_time\" content=\"2025-02-03T05:18:26+00:00\" \/>\n<meta property=\"og:image\" content=\"https:\/\/rckopen.com\/wp-content\/uploads\/2023\/08\/A-PCYP.jpg\" \/>\n\t<meta property=\"og:image:width\" content=\"600\" \/>\n\t<meta property=\"og:image:height\" content=\"600\" \/>\n\t<meta property=\"og:image:type\" content=\"image\/jpeg\" \/>\n<meta name=\"twitter:card\" content=\"summary_large_image\" \/>\n<meta name=\"twitter:label1\" content=\"Becs\u00fclt olvas\u00e1si id\u0151\" \/>\n\t<meta name=\"twitter:data1\" content=\"2 perc\" \/>\n<script type=\"application\/ld+json\" class=\"yoast-schema-graph\">{\"@context\":\"https:\/\/schema.org\",\"@graph\":[{\"@type\":\"WebPage\",\"@id\":\"https:\/\/rckopen.com\/product\/a-pcyp\/\",\"url\":\"https:\/\/rckopen.com\/product\/a-pcyp\/\",\"name\":\"A-PCYP online kopen - A-PCYP te koop\",\"isPartOf\":{\"@id\":\"https:\/\/rckopen.com\/#website\"},\"primaryImageOfPage\":{\"@id\":\"https:\/\/rckopen.com\/product\/a-pcyp\/#primaryimage\"},\"image\":{\"@id\":\"https:\/\/rckopen.com\/product\/a-pcyp\/#primaryimage\"},\"thumbnailUrl\":\"https:\/\/rckopen.com\/wp-content\/uploads\/2023\/08\/A-PCYP.jpg\",\"datePublished\":\"2023-08-15T08:26:57+00:00\",\"dateModified\":\"2025-02-03T05:18:26+00:00\",\"description\":\"Als u bereid bent A-PCYP te koop aan te schaffen, dan zijn wij de juiste keuze voor u. Onze medewerkers helpen u bij het kopen van A-PCYP tegen goedkope tarieven. Plaats uw bestelling bij ons!\",\"breadcrumb\":{\"@id\":\"https:\/\/rckopen.com\/product\/a-pcyp\/#breadcrumb\"},\"inLanguage\":\"hu\",\"potentialAction\":[{\"@type\":\"ReadAction\",\"target\":[\"https:\/\/rckopen.com\/product\/a-pcyp\/\"]}]},{\"@type\":\"ImageObject\",\"inLanguage\":\"hu\",\"@id\":\"https:\/\/rckopen.com\/product\/a-pcyp\/#primaryimage\",\"url\":\"https:\/\/rckopen.com\/wp-content\/uploads\/2023\/08\/A-PCYP.jpg\",\"contentUrl\":\"https:\/\/rckopen.com\/wp-content\/uploads\/2023\/08\/A-PCYP.jpg\",\"width\":600,\"height\":600,\"caption\":\"A-PCYP online kopen\"},{\"@type\":\"BreadcrumbList\",\"@id\":\"https:\/\/rckopen.com\/product\/a-pcyp\/#breadcrumb\",\"itemListElement\":[{\"@type\":\"ListItem\",\"position\":1,\"name\":\"Home\",\"item\":\"https:\/\/rckopen.com\/\"},{\"@type\":\"ListItem\",\"position\":2,\"name\":\"Shop\",\"item\":\"https:\/\/rckopen.com\/shop\/\"},{\"@type\":\"ListItem\",\"position\":3,\"name\":\"A-PCYP KOPEN ONLINE KOPEN\"}]},{\"@type\":\"WebSite\",\"@id\":\"https:\/\/rckopen.com\/#website\",\"url\":\"https:\/\/rckopen.com\/\",\"name\":\"RC Kopen\",\"description\":\"Research Chemicals\",\"potentialAction\":[{\"@type\":\"SearchAction\",\"target\":{\"@type\":\"EntryPoint\",\"urlTemplate\":\"https:\/\/rckopen.com\/?s={search_term_string}\"},\"query-input\":{\"@type\":\"PropertyValueSpecification\",\"valueRequired\":true,\"valueName\":\"search_term_string\"}}],\"inLanguage\":\"hu\"}]}<\/script>\n<!-- \/ Yoast SEO plugin. -->","yoast_head_json":{"title":"A-PCYP online kopen - A-PCYP te koop","description":"Als u bereid bent A-PCYP te koop aan te schaffen, dan zijn wij de juiste keuze voor u. Onze medewerkers helpen u bij het kopen van A-PCYP tegen goedkope tarieven. Plaats uw bestelling bij ons!","robots":{"index":"index","follow":"follow","max-snippet":"max-snippet:-1","max-image-preview":"max-image-preview:large","max-video-preview":"max-video-preview:-1"},"canonical":"https:\/\/rckopen.com\/hu\/termek\/a-pcyp\/","og_locale":"hu_HU","og_type":"article","og_title":"A-PCYP online kopen - A-PCYP te koop","og_description":"Als u bereid bent A-PCYP te koop aan te schaffen, dan zijn wij de juiste keuze voor u. Onze medewerkers helpen u bij het kopen van A-PCYP tegen goedkope tarieven. Plaats uw bestelling bij ons!","og_url":"https:\/\/rckopen.com\/hu\/termek\/a-pcyp\/","og_site_name":"RC Kopen","article_modified_time":"2025-02-03T05:18:26+00:00","og_image":[{"width":600,"height":600,"url":"https:\/\/rckopen.com\/wp-content\/uploads\/2023\/08\/A-PCYP.jpg","type":"image\/jpeg"}],"twitter_card":"summary_large_image","twitter_misc":{"Becs\u00fclt olvas\u00e1si id\u0151":"2 perc"},"schema":{"@context":"https:\/\/schema.org","@graph":[{"@type":"WebPage","@id":"https:\/\/rckopen.com\/product\/a-pcyp\/","url":"https:\/\/rckopen.com\/product\/a-pcyp\/","name":"A-PCYP online kopen - A-PCYP te koop","isPartOf":{"@id":"https:\/\/rckopen.com\/#website"},"primaryImageOfPage":{"@id":"https:\/\/rckopen.com\/product\/a-pcyp\/#primaryimage"},"image":{"@id":"https:\/\/rckopen.com\/product\/a-pcyp\/#primaryimage"},"thumbnailUrl":"https:\/\/rckopen.com\/wp-content\/uploads\/2023\/08\/A-PCYP.jpg","datePublished":"2023-08-15T08:26:57+00:00","dateModified":"2025-02-03T05:18:26+00:00","description":"Als u bereid bent A-PCYP te koop aan te schaffen, dan zijn wij de juiste keuze voor u. Onze medewerkers helpen u bij het kopen van A-PCYP tegen goedkope tarieven. Plaats uw bestelling bij ons!","breadcrumb":{"@id":"https:\/\/rckopen.com\/product\/a-pcyp\/#breadcrumb"},"inLanguage":"hu","potentialAction":[{"@type":"ReadAction","target":["https:\/\/rckopen.com\/product\/a-pcyp\/"]}]},{"@type":"ImageObject","inLanguage":"hu","@id":"https:\/\/rckopen.com\/product\/a-pcyp\/#primaryimage","url":"https:\/\/rckopen.com\/wp-content\/uploads\/2023\/08\/A-PCYP.jpg","contentUrl":"https:\/\/rckopen.com\/wp-content\/uploads\/2023\/08\/A-PCYP.jpg","width":600,"height":600,"caption":"A-PCYP online kopen"},{"@type":"BreadcrumbList","@id":"https:\/\/rckopen.com\/product\/a-pcyp\/#breadcrumb","itemListElement":[{"@type":"ListItem","position":1,"name":"Home","item":"https:\/\/rckopen.com\/"},{"@type":"ListItem","position":2,"name":"Shop","item":"https:\/\/rckopen.com\/shop\/"},{"@type":"ListItem","position":3,"name":"A-PCYP KOPEN ONLINE KOPEN"}]},{"@type":"WebSite","@id":"https:\/\/rckopen.com\/#website","url":"https:\/\/rckopen.com\/","name":"RC Kopen","description":"Research Chemicals","potentialAction":[{"@type":"SearchAction","target":{"@type":"EntryPoint","urlTemplate":"https:\/\/rckopen.com\/?s={search_term_string}"},"query-input":{"@type":"PropertyValueSpecification","valueRequired":true,"valueName":"search_term_string"}}],"inLanguage":"hu"}]}},"_links":{"self":[{"href":"https:\/\/rckopen.com\/hu\/wp-json\/wp\/v2\/product\/6441","targetHints":{"allow":["GET"]}}],"collection":[{"href":"https:\/\/rckopen.com\/hu\/wp-json\/wp\/v2\/product"}],"about":[{"href":"https:\/\/rckopen.com\/hu\/wp-json\/wp\/v2\/types\/product"}],"replies":[{"embeddable":true,"href":"https:\/\/rckopen.com\/hu\/wp-json\/wp\/v2\/comments?post=6441"}],"wp:featuredmedia":[{"embeddable":true,"href":"https:\/\/rckopen.com\/hu\/wp-json\/wp\/v2\/media\/6461"}],"wp:attachment":[{"href":"https:\/\/rckopen.com\/hu\/wp-json\/wp\/v2\/media?parent=6441"}],"wp:term":[{"taxonomy":"product_brand","embeddable":true,"href":"https:\/\/rckopen.com\/hu\/wp-json\/wp\/v2\/product_brand?post=6441"},{"taxonomy":"product_cat","embeddable":true,"href":"https:\/\/rckopen.com\/hu\/wp-json\/wp\/v2\/product_cat?post=6441"},{"taxonomy":"product_tag","embeddable":true,"href":"https:\/\/rckopen.com\/hu\/wp-json\/wp\/v2\/product_tag?post=6441"}],"curies":[{"name":"wp","href":"https:\/\/api.w.org\/{rel}","templated":true}]}}