{"id":6443,"date":"2023-08-15T08:33:45","date_gmt":"2023-08-15T08:33:45","guid":{"rendered":"https:\/\/diligentplug.com\/chems\/?post_type=product&#038;p=6443"},"modified":"2024-01-27T18:51:57","modified_gmt":"2024-01-27T18:51:57","slug":"thiothinone","status":"publish","type":"product","link":"https:\/\/rckopen.com\/hu\/termek\/tiothinon\/","title":{"rendered":"V\u00e1s\u00e1rl\u00e1s Thiothinone"},"content":{"rendered":"<p>Az rckopen.com nem emberi fogyaszt\u00e1sra sz\u00e1nt term\u00e9keket k\u00edn\u00e1l. Ha ezt a term\u00e9ket (akaratlanul) elfogyasztja.<a href=\"https:\/\/rckopen.com\/hu\/termek\/flubromazepam-hcl\/\">,<\/a> s\u00falyos eg\u00e9szs\u00e9g\u00fcgyi k\u00f6vetkezm\u00e9nyekkel j\u00e1rhat.<a href=\"https:\/\/safemedistore.com\/product\/buy-fub-akb48\/\">.<\/a><\/p>","protected":false},"excerpt":{"rendered":"<p><strong>IUPAC-n\u00e9v: <\/strong>2-(metilamino)-1-(tiofen-2-il)propan-1-on<\/p>\n<p><strong>CAS # <\/strong>24065-17-6<\/p>\n<p><strong>Megjelen\u00e9s: <\/strong>por<\/p>\n<p><strong>NMR-elemz\u00e9s: <\/strong>C8H11NOS<\/p>","protected":false},"featured_media":6463,"comment_status":"open","ping_status":"closed","template":"","meta":{"_joinchat":[]},"product_brand":[],"product_cat":[134],"product_tag":[],"class_list":{"0":"post-6443","1":"product","2":"type-product","3":"status-publish","4":"has-post-thumbnail","6":"product_cat-cathinon","8":"first","9":"instock","10":"shipping-taxable","11":"purchasable","12":"product-type-variable"},"yoast_head":"<!-- This site is optimized with the Yoast SEO plugin v26.3 - https:\/\/yoast.com\/wordpress\/plugins\/seo\/ -->\n<title>Kopen Thiothinone - Thiothinone online te koop<\/title>\n<meta name=\"description\" content=\"Thiothinone online kopen tegen de beste prijzen via onze online Rc kopen. We hebben goedkope en hoogwaardige Thiothinone te koop en bieden wereldwijde levering.\" \/>\n<meta name=\"robots\" content=\"index, follow, max-snippet:-1, max-image-preview:large, max-video-preview:-1\" \/>\n<link rel=\"canonical\" href=\"https:\/\/rckopen.com\/hu\/termek\/tiothinon\/\" \/>\n<meta property=\"og:locale\" content=\"hu_HU\" \/>\n<meta property=\"og:type\" content=\"article\" \/>\n<meta property=\"og:title\" content=\"Kopen Thiothinone - Thiothinone online te koop\" \/>\n<meta property=\"og:description\" content=\"Thiothinone online kopen tegen de beste prijzen via onze online Rc kopen. We hebben goedkope en hoogwaardige Thiothinone te koop en bieden wereldwijde levering.\" \/>\n<meta property=\"og:url\" content=\"https:\/\/rckopen.com\/hu\/termek\/tiothinon\/\" \/>\n<meta property=\"og:site_name\" content=\"RC Kopen\" \/>\n<meta property=\"article:modified_time\" content=\"2024-01-27T18:51:57+00:00\" \/>\n<meta property=\"og:image\" content=\"https:\/\/rckopen.com\/wp-content\/uploads\/2023\/08\/Thiothinone.jpg\" \/>\n\t<meta property=\"og:image:width\" content=\"600\" \/>\n\t<meta property=\"og:image:height\" content=\"600\" \/>\n\t<meta property=\"og:image:type\" content=\"image\/jpeg\" \/>\n<meta name=\"twitter:card\" content=\"summary_large_image\" \/>\n<meta name=\"twitter:label1\" content=\"Becs\u00fclt olvas\u00e1si id\u0151\" \/>\n\t<meta name=\"twitter:data1\" content=\"1 perc\" \/>\n<script type=\"application\/ld+json\" class=\"yoast-schema-graph\">{\"@context\":\"https:\/\/schema.org\",\"@graph\":[{\"@type\":\"WebPage\",\"@id\":\"https:\/\/rckopen.com\/product\/thiothinone\/\",\"url\":\"https:\/\/rckopen.com\/product\/thiothinone\/\",\"name\":\"Kopen Thiothinone - Thiothinone online te koop\",\"isPartOf\":{\"@id\":\"https:\/\/rckopen.com\/#website\"},\"primaryImageOfPage\":{\"@id\":\"https:\/\/rckopen.com\/product\/thiothinone\/#primaryimage\"},\"image\":{\"@id\":\"https:\/\/rckopen.com\/product\/thiothinone\/#primaryimage\"},\"thumbnailUrl\":\"https:\/\/rckopen.com\/wp-content\/uploads\/2023\/08\/Thiothinone.jpg\",\"datePublished\":\"2023-08-15T08:33:45+00:00\",\"dateModified\":\"2024-01-27T18:51:57+00:00\",\"description\":\"Thiothinone online kopen tegen de beste prijzen via onze online Rc kopen. We hebben goedkope en hoogwaardige Thiothinone te koop en bieden wereldwijde levering.\",\"breadcrumb\":{\"@id\":\"https:\/\/rckopen.com\/product\/thiothinone\/#breadcrumb\"},\"inLanguage\":\"hu\",\"potentialAction\":[{\"@type\":\"ReadAction\",\"target\":[\"https:\/\/rckopen.com\/product\/thiothinone\/\"]}]},{\"@type\":\"ImageObject\",\"inLanguage\":\"hu\",\"@id\":\"https:\/\/rckopen.com\/product\/thiothinone\/#primaryimage\",\"url\":\"https:\/\/rckopen.com\/wp-content\/uploads\/2023\/08\/Thiothinone.jpg\",\"contentUrl\":\"https:\/\/rckopen.com\/wp-content\/uploads\/2023\/08\/Thiothinone.jpg\",\"width\":600,\"height\":600,\"caption\":\"Thiothinone\"},{\"@type\":\"BreadcrumbList\",\"@id\":\"https:\/\/rckopen.com\/product\/thiothinone\/#breadcrumb\",\"itemListElement\":[{\"@type\":\"ListItem\",\"position\":1,\"name\":\"Home\",\"item\":\"https:\/\/rckopen.com\/\"},{\"@type\":\"ListItem\",\"position\":2,\"name\":\"Shop\",\"item\":\"https:\/\/rckopen.com\/shop\/\"},{\"@type\":\"ListItem\",\"position\":3,\"name\":\"Thiothinone Kopen\"}]},{\"@type\":\"WebSite\",\"@id\":\"https:\/\/rckopen.com\/#website\",\"url\":\"https:\/\/rckopen.com\/\",\"name\":\"RC Kopen\",\"description\":\"Research Chemicals\",\"potentialAction\":[{\"@type\":\"SearchAction\",\"target\":{\"@type\":\"EntryPoint\",\"urlTemplate\":\"https:\/\/rckopen.com\/?s={search_term_string}\"},\"query-input\":{\"@type\":\"PropertyValueSpecification\",\"valueRequired\":true,\"valueName\":\"search_term_string\"}}],\"inLanguage\":\"hu\"}]}<\/script>\n<!-- \/ Yoast SEO plugin. -->","yoast_head_json":{"title":"Kopen Thiothinone - Thiothinone online te koop","description":"Thiothinone online kopen tegen de beste prijzen via onze online Rc kopen. We hebben goedkope en hoogwaardige Thiothinone te koop en bieden wereldwijde levering.","robots":{"index":"index","follow":"follow","max-snippet":"max-snippet:-1","max-image-preview":"max-image-preview:large","max-video-preview":"max-video-preview:-1"},"canonical":"https:\/\/rckopen.com\/hu\/termek\/tiothinon\/","og_locale":"hu_HU","og_type":"article","og_title":"Kopen Thiothinone - Thiothinone online te koop","og_description":"Thiothinone online kopen tegen de beste prijzen via onze online Rc kopen. We hebben goedkope en hoogwaardige Thiothinone te koop en bieden wereldwijde levering.","og_url":"https:\/\/rckopen.com\/hu\/termek\/tiothinon\/","og_site_name":"RC Kopen","article_modified_time":"2024-01-27T18:51:57+00:00","og_image":[{"width":600,"height":600,"url":"https:\/\/rckopen.com\/wp-content\/uploads\/2023\/08\/Thiothinone.jpg","type":"image\/jpeg"}],"twitter_card":"summary_large_image","twitter_misc":{"Becs\u00fclt olvas\u00e1si id\u0151":"1 perc"},"schema":{"@context":"https:\/\/schema.org","@graph":[{"@type":"WebPage","@id":"https:\/\/rckopen.com\/product\/thiothinone\/","url":"https:\/\/rckopen.com\/product\/thiothinone\/","name":"Kopen Thiothinone - Thiothinone online te koop","isPartOf":{"@id":"https:\/\/rckopen.com\/#website"},"primaryImageOfPage":{"@id":"https:\/\/rckopen.com\/product\/thiothinone\/#primaryimage"},"image":{"@id":"https:\/\/rckopen.com\/product\/thiothinone\/#primaryimage"},"thumbnailUrl":"https:\/\/rckopen.com\/wp-content\/uploads\/2023\/08\/Thiothinone.jpg","datePublished":"2023-08-15T08:33:45+00:00","dateModified":"2024-01-27T18:51:57+00:00","description":"Thiothinone online kopen tegen de beste prijzen via onze online Rc kopen. We hebben goedkope en hoogwaardige Thiothinone te koop en bieden wereldwijde levering.","breadcrumb":{"@id":"https:\/\/rckopen.com\/product\/thiothinone\/#breadcrumb"},"inLanguage":"hu","potentialAction":[{"@type":"ReadAction","target":["https:\/\/rckopen.com\/product\/thiothinone\/"]}]},{"@type":"ImageObject","inLanguage":"hu","@id":"https:\/\/rckopen.com\/product\/thiothinone\/#primaryimage","url":"https:\/\/rckopen.com\/wp-content\/uploads\/2023\/08\/Thiothinone.jpg","contentUrl":"https:\/\/rckopen.com\/wp-content\/uploads\/2023\/08\/Thiothinone.jpg","width":600,"height":600,"caption":"Thiothinone"},{"@type":"BreadcrumbList","@id":"https:\/\/rckopen.com\/product\/thiothinone\/#breadcrumb","itemListElement":[{"@type":"ListItem","position":1,"name":"Home","item":"https:\/\/rckopen.com\/"},{"@type":"ListItem","position":2,"name":"Shop","item":"https:\/\/rckopen.com\/shop\/"},{"@type":"ListItem","position":3,"name":"Thiothinone Kopen"}]},{"@type":"WebSite","@id":"https:\/\/rckopen.com\/#website","url":"https:\/\/rckopen.com\/","name":"RC Kopen","description":"Research Chemicals","potentialAction":[{"@type":"SearchAction","target":{"@type":"EntryPoint","urlTemplate":"https:\/\/rckopen.com\/?s={search_term_string}"},"query-input":{"@type":"PropertyValueSpecification","valueRequired":true,"valueName":"search_term_string"}}],"inLanguage":"hu"}]}},"_links":{"self":[{"href":"https:\/\/rckopen.com\/hu\/wp-json\/wp\/v2\/product\/6443","targetHints":{"allow":["GET"]}}],"collection":[{"href":"https:\/\/rckopen.com\/hu\/wp-json\/wp\/v2\/product"}],"about":[{"href":"https:\/\/rckopen.com\/hu\/wp-json\/wp\/v2\/types\/product"}],"replies":[{"embeddable":true,"href":"https:\/\/rckopen.com\/hu\/wp-json\/wp\/v2\/comments?post=6443"}],"wp:featuredmedia":[{"embeddable":true,"href":"https:\/\/rckopen.com\/hu\/wp-json\/wp\/v2\/media\/6463"}],"wp:attachment":[{"href":"https:\/\/rckopen.com\/hu\/wp-json\/wp\/v2\/media?parent=6443"}],"wp:term":[{"taxonomy":"product_brand","embeddable":true,"href":"https:\/\/rckopen.com\/hu\/wp-json\/wp\/v2\/product_brand?post=6443"},{"taxonomy":"product_cat","embeddable":true,"href":"https:\/\/rckopen.com\/hu\/wp-json\/wp\/v2\/product_cat?post=6443"},{"taxonomy":"product_tag","embeddable":true,"href":"https:\/\/rckopen.com\/hu\/wp-json\/wp\/v2\/product_tag?post=6443"}],"curies":[{"name":"wp","href":"https:\/\/api.w.org\/{rel}","templated":true}]}}