{"id":6444,"date":"2023-08-15T08:36:48","date_gmt":"2023-08-15T08:36:48","guid":{"rendered":"https:\/\/diligentplug.com\/chems\/?post_type=product&#038;p=6444"},"modified":"2025-02-03T05:21:26","modified_gmt":"2025-02-03T05:21:26","slug":"a-pihp-crystals","status":"publish","type":"product","link":"https:\/\/rckopen.com\/hu\/termek\/a-pihp-kristalyok\/","title":{"rendered":"V\u00e1s\u00e1roljon A-PiHP krist\u00e1lyokat online"},"content":{"rendered":"<h2>Az rckopen.com nem emberi fogyaszt\u00e1sra sz\u00e1nt term\u00e9keket k\u00edn\u00e1l.<br \/>\nAlgemene informatie over A-PiHP\u00a0 kristallen<\/h2>\n<p><a href=\"https:\/\/rckopen.com\/hu\/termek\/a-pihp-kristalyok\/\">V\u00e1s\u00e1roljon A-Pihp Crystalt online<\/a>, Az A-PiHP egy stimul\u00e1ns vegy\u00fclet, amely a katinon \u00e9s pirovaleron vegyszerek csoportj\u00e1ba tartozik, \u00e9s 2015 v\u00e9g\u00e9n j\u00f6tt l\u00e9tre. Ez az NDRI (noradrenalin-dopamin reuptake inhibitor) n\u00e9ven ismert pirovaleron \u00e9s katinon sz\u00e1rmaz\u00e9kok mennyis\u00e9gi szerkezet-aktivit\u00e1s kapcsolat\u00e1nak meg\u00e9rt\u00e9s\u00e9nek eredm\u00e9nye.<a href=\"https:\/\/rckopen.com\/hu\/termek\/2-methyl-ap-237-20mg-pellets\/\">.<\/a><\/p>\n<p>Ez\u00fattal a csoportunk egy nagyon specifikus vegy\u00fcletet \u00e1ll\u00edtott el\u0151, amely sokkal jobban korl\u00e1tozta \u00e9s elnyomta a dopamin transzportert, mint a noradrenalin transzportert. Ugyanaz a r\u00e9szar\u00e1nyf\u00fcgg\u0151 vegy\u00fclet alakult ki, amely hatalmas hat\u00e1sspektrumot adhat. Az is lehets\u00e9ges, hogy ez az anyag alacsony r\u00e9szrehajl\u00e1ssal rendelkezik a szerotonin transzporterre; de a sikeres felt\u00e1r\u00e1shoz elv\u00e1rt mennyis\u00e9gek eset\u00e9ben ki tudja kihagyni ezt a hat\u00e1st?<\/p>\n<p>Felt\u00e9telezve, hogy m\u00e9g mindig fontolgatja, hogy megv\u00e1s\u00e1rolja-e ezt a vegyi anyagot, itt vannak az adatok, amelyek v\u00e9g\u00fcl meggy\u0151zik \u00d6nt.<a href=\"https:\/\/chemswell.com\/product-category\/crystal-meth\/\">.<\/a><\/p>\n<p>Az \u0391-PiHP az \u03b1-PVP \u00e9s a Pentedrone teljes helyettes\u00edt\u0151je, \u00e9s szerkezeti vizsg\u00e1latokonk\u00e9nt hasonl\u00f3 \u00e9s meglep\u0151 m\u00f3don fejlettebb hat\u00e1sokat mutat. Csak 5 mg a-PiHP sz\u00fcks\u00e9ges a sikeres tesztel\u00e9shez; Azonban az els\u0151 laborat\u00f3riumi vizsg\u00e1lat sor\u00e1n \u00e1ltal\u00e1ban biztons\u00e1gosan kiterjesztik a legsz\u00e9ls\u0151s\u00e9gesebb 25 mg-ra <a href=\"https:\/\/en.wikipedia.org\/wiki\/%CE%91-PHiP\">\u00a0A-Pihp<\/a> V\u00e1s\u00e1roljon krist\u00e1lyt online.<\/p>\n<p>A kutat\u00f3k\u00f6zpontban a k\u00e9miai reakci\u00f3 id\u0151tartama 20 m\u00e1sodperct\u0151l 5 percig tart (a haszn\u00e1lt laborat\u00f3riumi berendez\u00e9sekt\u0151l f\u00fcgg\u0151en), az \u00e1ltal\u00e1nos eredm\u00e9nyek 15 perc ut\u00e1n mutatkoznak be, \u00e9s t\u00f6bb mint m\u00e1sf\u00e9l \u00f3r\u00e1n kereszt\u00fcl stabilak maradnak.<\/p>\n<h3>Az A-PiHP krist\u00e1lyok k\u00e9miai \u00f6sszet\u00e9tele<\/h3>\n<p>Az \u03b1-PiHP krist\u00e1lyok vagy \u03b1-Pirrolidinohexanophenon a szubsztitu\u00e1lt katinon \u00e9s a szubsztitu\u00e1lt pirrolidin k\u00e9miai oszt\u00e1lyok egyik vegy\u00fclete. A konstrukci\u00f3 egy fenilgy\u0171r\u0171h\u00f6z k\u00f6t\u00f6tt hexan\u00e1lt tartalmaz az egyik poz\u00edci\u00f3ban \u00e9s egy pirrolidingy\u0171r\u0171 nitrog\u00e9nj\u00e9t a m\u00e1sik k\u00e9t poz\u00edci\u00f3ban.<\/p>\n<p>Az \u03b1-PHP az \u03b1-PVP hosszabb l\u00e1nc\u00fa homol\u00f3gja, tov\u00e1bbi sz\u00e9nnel az alkil oldall\u00e1ncban. K\u00e9miai egyenlete C16H23NO, mol\u00e1ris t\u00f6mege 245,366 g-mol-1.<\/p>\n<h3>Farmakol\u00f3gia A-PiHP krist\u00e1lyok<\/h3>\n<p>Az \u03b1-PHP hat\u00e1smechanizmusa nem vil\u00e1gos. A l\u00e9nyegesen korl\u00e1tozottabb hossz\u00fas\u00e1g mellett val\u00f3sz\u00edn\u0171s\u00edthet\u0151, hogy hasonl\u00f3an hat, mint a tervez\u0151 kutat\u00e1si vegy\u00fcletek, a pentedron \u00e9s az \u03b1-PVP, mindkett\u0151 er\u0151s noradrenalin-dopamin visszav\u00e9tel g\u00e1tl\u00f3 (NDRI). Ennek a vegy\u00fcletnek a farmakol\u00f3gi\u00e1j\u00e1val kapcsolatban azonban m\u00e9g nem v\u00e9geztek jelent\u0151s kutat\u00e1sokat.<\/p>\n<p>Ez azt jelenti, hogy seg\u00edthet a noradrenalin \u00e9s a dopamin neurotranszmitterek szintj\u00e9n az elm\u00e9ben az\u00e1ltal, hogy korl\u00e1tozza \u00e9s bizonyos m\u00e9rt\u00e9kig akad\u00e1lyozza azokat a transzportfeh\u00e9rj\u00e9ket, amelyek norm\u00e1lis esetben elt\u00e1vol\u00edtj\u00e1k ezeket a monoaminokat a szinaptikus hasad\u00e9kb\u00f3l. Lehet\u0151v\u00e9 teszi a dopamin \u00e9s a noradrenalin felhalmoz\u00f3d\u00e1s\u00e1t a kisagyban, ami stimul\u00e1l\u00f3 \u00e9s euforikus hat\u00e1st biztos\u00edt.<\/p>\n<h3>V\u00e1s\u00e1roljon kiv\u00e1l\u00f3 min\u0151s\u00e9g\u0171 A-PiHP krist\u00e1lyokat<\/h3>\n<p><a href=\"https:\/\/rckopen.com\/hu\/\">RC Kopen<\/a> sok \u00e9ves tapasztalattal rendelkezik a kutat\u00e1si vegyszertervez\u0151 iparban, ami lehet\u0151v\u00e9 teszi sz\u00e1munkra, hogy garant\u00e1ljuk ezen kutat\u00e1si vegyszerek legmagasabb min\u0151s\u00e9g\u00e9t. A Research Chemical csapata A-PiHP krist\u00e1lyokat \u00e1rul. A kutat\u00e1si vegyszerek, k\u00f6zt\u00fck az A-PiHP krist\u00e1lyok, megfelelnek minden biztons\u00e1gi k\u00f6vetelm\u00e9nynek. A kutat\u00e1si vegyszereket gondosan elosztj\u00e1k \u00e9s h\u0171v\u00f6s, sz\u00e1raz helyen t\u00e1rolj\u00e1k.<\/p>\n<p>Minden term\u00e9ket rendszeresen ellen\u0151riznek min\u0151s\u00e9g, tisztas\u00e1g \u00e9s biztons\u00e1g szempontj\u00e1b\u00f3l. Az A-PiHP krist\u00e1lyokat mindig szobah\u0151m\u00e9rs\u00e9kleten, gyermekek \u00e9s h\u00e1zi\u00e1llatok el\u0151l elz\u00e1rva t\u00e1rolja. A-PiHP krist\u00e1lyaink nem szem\u00e9lyes haszn\u00e1latra szolg\u00e1lnak. Kiz\u00e1r\u00f3lag kutat\u00e1si c\u00e9lokra sz\u00e1njuk.<\/p>\n<p>A vegyszer vizsg\u00e1latakor nem szabad alkohollal vagy kutat\u00e1si vegyszerekkel keverni!<\/p>\n<p>Minden term\u00e9k\u00fcnknek tisztess\u00e9ges \u00e1ra van!<\/p>\n<h3>Laborat\u00f3riumban tesztelt A-PiHP krist\u00e1lyok \u00e9s eredm\u00e9nyek.<\/h3>\n<p>A Remakes elk\u00f6telezett \u00fcgyfelei \u00e1ltal\u00e1nos el\u00e9gedetts\u00e9ge mellett. Sz\u00e1mos felm\u00e9r\u00e9s kimutatta, hogy az \u00fcgyfelek a lehet\u0151 legt\u00f6bb adatot k\u00e9rik, miel\u0151tt szintetikus kutat\u00e1si vegyszereket v\u00e1s\u00e1rolnak. S\u0151t, minden egyes kutat\u00e1si vegy\u00fclet \u00f6sszes laborat\u00f3riumi eredm\u00e9ny\u00e9t k\u00f6zz\u00e9tessz\u00fck egy PDF f\u00e1jlban.<\/p>\n<p>A-PiHP krist\u00e1lyaink k\u00f6vetkezetesen megfelelnek a hat\u00f3anyagoknak, \u00e9s mindenki sz\u00e1m\u00e1ra azonnal l\u00e1that\u00f3ak.<\/p>\n<p>Az egyes kutat\u00e1si vegyszerek \u00f6sszes laborat\u00f3riumi eredm\u00e9ny\u00e9t PDF-dokumentumban tessz\u00fck k\u00f6zz\u00e9.<\/p>\n<h3>Biztons\u00e1gos rendel\u00e9s az A-PiHP krist\u00e1lyokt\u00f3l.<\/h3>\n<p>RC Kopen designer kutat\u00e1si vegyszerek kiv\u00e1l\u00f3 min\u0151s\u00e9g\u0171ek \u00e9s tisztess\u00e9ges \u00e1ron. Ez\u00e9rt, amikor az RC Kopen kutat\u00f3 vegyszereket k\u00e9ri, garant\u00e1ljuk, hogy gyorsan \u00e9s biztons\u00e1gosan h\u00e1zhoz sz\u00e1ll\u00edtjuk a k\u00e9r\u00e9s\u00e9t, mivel a kutat\u00f3 vegyszerek \u00e9rt\u00e9kes\u00edt\u00e9se mindig el\u00e9rhet\u0151 az RC Kopen-en.<\/p>\n<p>A szintetikus kutat\u00e1si vegyszerek Bitcoin vagy banki \u00e1tutal\u00e1ssal t\u00f6rt\u00e9n\u0151 ig\u00e9nyl\u00e9se egyszer\u0171 az RC Kopen-n\u00e9l.<\/p>\n<p>A kutat\u00e1si vegyszerport ugyanazon a munkanapon sz\u00e1ll\u00edtjuk, ha a fizet\u00e9s 15:00 \u00f3r\u00e1ig be\u00e9rkezik.<\/p>\n<p>18 \u00e9ven aluliaknak nem sz\u00e1ll\u00edtunk term\u00e9keket!<\/p>\n<p>Kiz\u00e1r\u00f3lag kutat\u00e1si c\u00e9l\u00fa vegyi anyagok \u00e9rt\u00e9kes\u00edt\u00e9se.<\/p>\n<h3>A kutat\u00e1si vegyszerek diszkr\u00e9t sz\u00e1ll\u00edt\u00e1sa.<\/h3>\n<p>Az RC Buy biztons\u00e1gosan \u00e9s biztons\u00e1gosan csomagolja a megrendel\u00e9s\u00e9t a megfelel\u0151 sz\u00e1ll\u00edt\u00e1s \u00e9rdek\u00e9ben. R\u00e1ad\u00e1sul t\u00f6k\u00e9letes lopakod\u00e1ssal csomagolunk, \u00e9s k\u00edv\u00fclr\u0151l semmi jele nem l\u00e1tszik annak, hogy mi lehet benne.<\/p>\n<h3>\u00d3vint\u00e9zked\u00e9sek<\/h3>\n<ul>\n<li>V\u00e1s\u00e1roljon A-PiHP krist\u00e1lyokat \u00e9s megfelel\u0151 egy\u00e9ni v\u00e9d\u0151felszerel\u00e9st, p\u00e9ld\u00e1ul v\u00e9d\u0151szem\u00fcveget \u00e9s keszty\u0171t. Tiszt\u00edtsa meg \u00e9s gondozza \u0151ket megfelel\u0151en. K\u00f6vesse a biztons\u00e1gos rendszereket a vegyi anyagok kutat\u00e1si c\u00e9l\u00fa kezel\u00e9sekor, \u00e9s ne haszn\u00e1ljon gyorsbillenty\u0171ket.<\/li>\n<li>Ha a vizsg\u00e1latb\u00f3l sz\u00e1rmaz\u00f3 vegyszer a szembe ker\u00fcl, alaposan \u00f6bl\u00edtse ki, \u00e9s vegye le a kontaktlencs\u00e9t, ha ez alapvet\u0151 fontoss\u00e1g\u00fa.<\/li>\n<li>Pr\u00f3b\u00e1ljon meg maszkot haszn\u00e1lni, amikor ezeket a vegyszereket haszn\u00e1lja, hogy ne tudjanak bejutni \u00d6nbe, mik\u00f6zben \u00d6n l\u00e9legzik.<\/li>\n<li>Ahogy a t\u00e1mogatott m\u00f3dszerek is jelzik, a vesz\u00e9lyes anyagokat biztons\u00e1gosan kell kezelni, t\u00e1rolni \u00e9s \u00e1rtalmatlan\u00edtani. Soha ne \u00f6ntse \u0151ket csatorn\u00e1ba vagy csatorn\u00e1ba V\u00e1s\u00e1rl\u00e1s A-Pihp Crystal .<\/li>\n<li>A kutat\u00e1si c\u00e9l\u00fa vegyszereket a megfelel\u0151 m\u00f3don, a n\u00e9v szerint felt\u00fcntetett m\u00f3don t\u00e1rolja. A gy\u00fal\u00e9kony vegyszereket kiv\u00e1l\u00f3, sz\u00e1raz k\u00e1nikul\u00e1ban, intenzit\u00e1st\u00f3l \u00e9s napf\u00e9nyt\u0151l t\u00e1vol kell t\u00e1rolni. Egyes szintetikus anyagokat, p\u00e9ld\u00e1ul savakat, \u00f6n\u00e1ll\u00f3an kell t\u00e1rolni.<\/li>\n<li>RC Buy kutat\u00e1si c\u00e9lokra k\u00edn\u00e1lj\u00e1k; emberi fogyaszt\u00e1s szigor\u00faan tilos.<\/li>\n<\/ul>","protected":false},"excerpt":{"rendered":"<p><strong>IUPAC n\u00e9v<\/strong>: 4-metil-1-fenil-2-(pirrolidin-1-il)pent\u00e1n-1-on<\/p>\n<p>CAS # 2181620-71-1<\/p>\n<p><strong>Megjelen\u00e9s<\/strong>: t\u00f6rtfeh\u00e9r krist\u00e1lyok<\/p>\n<p><strong>NMR-elemz\u00e9s:<\/strong> C16H23NO<\/p>","protected":false},"featured_media":6464,"comment_status":"open","ping_status":"closed","template":"","meta":{"_joinchat":[]},"product_brand":[],"product_cat":[134],"product_tag":[],"class_list":{"0":"post-6444","1":"product","2":"type-product","3":"status-publish","4":"has-post-thumbnail","6":"product_cat-cathinon","8":"first","9":"instock","10":"shipping-taxable","11":"purchasable","12":"product-type-variable"},"yoast_head":"<!-- This site is optimized with the Yoast SEO plugin v26.3 - https:\/\/yoast.com\/wordpress\/plugins\/seo\/ -->\n<title>A-Pihp Crystal online kopen - A-PCYP te koop - RCKOPEN<\/title>\n<meta name=\"description\" content=\"A-Pihp Crystal online te kopen bij onze Rckopen. Wij hebben uitsluitend te maken met A-Pihp Crystal te koop tegen goedkope tarieven. Koop A-Pihp Crystal .\" \/>\n<meta name=\"robots\" content=\"index, follow, max-snippet:-1, max-image-preview:large, max-video-preview:-1\" \/>\n<link rel=\"canonical\" href=\"https:\/\/rckopen.com\/hu\/termek\/a-pihp-kristalyok\/\" \/>\n<meta property=\"og:locale\" content=\"hu_HU\" \/>\n<meta property=\"og:type\" content=\"article\" \/>\n<meta property=\"og:title\" content=\"A-Pihp Crystal online kopen - A-PCYP te koop - RCKOPEN\" \/>\n<meta property=\"og:description\" content=\"A-Pihp Crystal online te kopen bij onze Rckopen. Wij hebben uitsluitend te maken met A-Pihp Crystal te koop tegen goedkope tarieven. Koop A-Pihp Crystal .\" \/>\n<meta property=\"og:url\" content=\"https:\/\/rckopen.com\/hu\/termek\/a-pihp-kristalyok\/\" \/>\n<meta property=\"og:site_name\" content=\"RC Kopen\" \/>\n<meta property=\"article:modified_time\" content=\"2025-02-03T05:21:26+00:00\" \/>\n<meta property=\"og:image\" content=\"https:\/\/rckopen.com\/wp-content\/uploads\/2023\/08\/A-PiHP-crystals.jpg\" \/>\n\t<meta property=\"og:image:width\" content=\"600\" \/>\n\t<meta property=\"og:image:height\" content=\"600\" \/>\n\t<meta property=\"og:image:type\" content=\"image\/jpeg\" \/>\n<meta name=\"twitter:card\" content=\"summary_large_image\" \/>\n<meta name=\"twitter:label1\" content=\"Becs\u00fclt olvas\u00e1si id\u0151\" \/>\n\t<meta name=\"twitter:data1\" content=\"5 perc\" \/>\n<script type=\"application\/ld+json\" class=\"yoast-schema-graph\">{\"@context\":\"https:\/\/schema.org\",\"@graph\":[{\"@type\":\"WebPage\",\"@id\":\"https:\/\/rckopen.com\/product\/a-pihp-crystals\/\",\"url\":\"https:\/\/rckopen.com\/product\/a-pihp-crystals\/\",\"name\":\"A-Pihp Crystal online kopen - A-PCYP te koop - RCKOPEN\",\"isPartOf\":{\"@id\":\"https:\/\/rckopen.com\/#website\"},\"primaryImageOfPage\":{\"@id\":\"https:\/\/rckopen.com\/product\/a-pihp-crystals\/#primaryimage\"},\"image\":{\"@id\":\"https:\/\/rckopen.com\/product\/a-pihp-crystals\/#primaryimage\"},\"thumbnailUrl\":\"https:\/\/rckopen.com\/wp-content\/uploads\/2023\/08\/A-PiHP-crystals.jpg\",\"datePublished\":\"2023-08-15T08:36:48+00:00\",\"dateModified\":\"2025-02-03T05:21:26+00:00\",\"description\":\"A-Pihp Crystal online te kopen bij onze Rckopen. Wij hebben uitsluitend te maken met A-Pihp Crystal te koop tegen goedkope tarieven. Koop A-Pihp Crystal .\",\"breadcrumb\":{\"@id\":\"https:\/\/rckopen.com\/product\/a-pihp-crystals\/#breadcrumb\"},\"inLanguage\":\"hu\",\"potentialAction\":[{\"@type\":\"ReadAction\",\"target\":[\"https:\/\/rckopen.com\/product\/a-pihp-crystals\/\"]}]},{\"@type\":\"ImageObject\",\"inLanguage\":\"hu\",\"@id\":\"https:\/\/rckopen.com\/product\/a-pihp-crystals\/#primaryimage\",\"url\":\"https:\/\/rckopen.com\/wp-content\/uploads\/2023\/08\/A-PiHP-crystals.jpg\",\"contentUrl\":\"https:\/\/rckopen.com\/wp-content\/uploads\/2023\/08\/A-PiHP-crystals.jpg\",\"width\":600,\"height\":600,\"caption\":\"A-Pihp Crystal online kopen\"},{\"@type\":\"BreadcrumbList\",\"@id\":\"https:\/\/rckopen.com\/product\/a-pihp-crystals\/#breadcrumb\",\"itemListElement\":[{\"@type\":\"ListItem\",\"position\":1,\"name\":\"Home\",\"item\":\"https:\/\/rckopen.com\/\"},{\"@type\":\"ListItem\",\"position\":2,\"name\":\"Shop\",\"item\":\"https:\/\/rckopen.com\/shop\/\"},{\"@type\":\"ListItem\",\"position\":3,\"name\":\"A-PiHP crystals online kopen\"}]},{\"@type\":\"WebSite\",\"@id\":\"https:\/\/rckopen.com\/#website\",\"url\":\"https:\/\/rckopen.com\/\",\"name\":\"RC Kopen\",\"description\":\"Research Chemicals\",\"potentialAction\":[{\"@type\":\"SearchAction\",\"target\":{\"@type\":\"EntryPoint\",\"urlTemplate\":\"https:\/\/rckopen.com\/?s={search_term_string}\"},\"query-input\":{\"@type\":\"PropertyValueSpecification\",\"valueRequired\":true,\"valueName\":\"search_term_string\"}}],\"inLanguage\":\"hu\"}]}<\/script>\n<!-- \/ Yoast SEO plugin. -->","yoast_head_json":{"title":"A-Pihp Crystal online kopen - A-PCYP te koop - RCKOPEN","description":"A-Pihp Crystal online te kopen bij onze Rckopen. Wij hebben uitsluitend te maken met A-Pihp Crystal te koop tegen goedkope tarieven. Koop A-Pihp Crystal .","robots":{"index":"index","follow":"follow","max-snippet":"max-snippet:-1","max-image-preview":"max-image-preview:large","max-video-preview":"max-video-preview:-1"},"canonical":"https:\/\/rckopen.com\/hu\/termek\/a-pihp-kristalyok\/","og_locale":"hu_HU","og_type":"article","og_title":"A-Pihp Crystal online kopen - A-PCYP te koop - RCKOPEN","og_description":"A-Pihp Crystal online te kopen bij onze Rckopen. Wij hebben uitsluitend te maken met A-Pihp Crystal te koop tegen goedkope tarieven. Koop A-Pihp Crystal .","og_url":"https:\/\/rckopen.com\/hu\/termek\/a-pihp-kristalyok\/","og_site_name":"RC Kopen","article_modified_time":"2025-02-03T05:21:26+00:00","og_image":[{"width":600,"height":600,"url":"https:\/\/rckopen.com\/wp-content\/uploads\/2023\/08\/A-PiHP-crystals.jpg","type":"image\/jpeg"}],"twitter_card":"summary_large_image","twitter_misc":{"Becs\u00fclt olvas\u00e1si id\u0151":"5 perc"},"schema":{"@context":"https:\/\/schema.org","@graph":[{"@type":"WebPage","@id":"https:\/\/rckopen.com\/product\/a-pihp-crystals\/","url":"https:\/\/rckopen.com\/product\/a-pihp-crystals\/","name":"A-Pihp Crystal online kopen - A-PCYP te koop - RCKOPEN","isPartOf":{"@id":"https:\/\/rckopen.com\/#website"},"primaryImageOfPage":{"@id":"https:\/\/rckopen.com\/product\/a-pihp-crystals\/#primaryimage"},"image":{"@id":"https:\/\/rckopen.com\/product\/a-pihp-crystals\/#primaryimage"},"thumbnailUrl":"https:\/\/rckopen.com\/wp-content\/uploads\/2023\/08\/A-PiHP-crystals.jpg","datePublished":"2023-08-15T08:36:48+00:00","dateModified":"2025-02-03T05:21:26+00:00","description":"A-Pihp Crystal online te kopen bij onze Rckopen. Wij hebben uitsluitend te maken met A-Pihp Crystal te koop tegen goedkope tarieven. Koop A-Pihp Crystal .","breadcrumb":{"@id":"https:\/\/rckopen.com\/product\/a-pihp-crystals\/#breadcrumb"},"inLanguage":"hu","potentialAction":[{"@type":"ReadAction","target":["https:\/\/rckopen.com\/product\/a-pihp-crystals\/"]}]},{"@type":"ImageObject","inLanguage":"hu","@id":"https:\/\/rckopen.com\/product\/a-pihp-crystals\/#primaryimage","url":"https:\/\/rckopen.com\/wp-content\/uploads\/2023\/08\/A-PiHP-crystals.jpg","contentUrl":"https:\/\/rckopen.com\/wp-content\/uploads\/2023\/08\/A-PiHP-crystals.jpg","width":600,"height":600,"caption":"A-Pihp Crystal online kopen"},{"@type":"BreadcrumbList","@id":"https:\/\/rckopen.com\/product\/a-pihp-crystals\/#breadcrumb","itemListElement":[{"@type":"ListItem","position":1,"name":"Home","item":"https:\/\/rckopen.com\/"},{"@type":"ListItem","position":2,"name":"Shop","item":"https:\/\/rckopen.com\/shop\/"},{"@type":"ListItem","position":3,"name":"A-PiHP crystals online kopen"}]},{"@type":"WebSite","@id":"https:\/\/rckopen.com\/#website","url":"https:\/\/rckopen.com\/","name":"RC Kopen","description":"Research Chemicals","potentialAction":[{"@type":"SearchAction","target":{"@type":"EntryPoint","urlTemplate":"https:\/\/rckopen.com\/?s={search_term_string}"},"query-input":{"@type":"PropertyValueSpecification","valueRequired":true,"valueName":"search_term_string"}}],"inLanguage":"hu"}]}},"_links":{"self":[{"href":"https:\/\/rckopen.com\/hu\/wp-json\/wp\/v2\/product\/6444","targetHints":{"allow":["GET"]}}],"collection":[{"href":"https:\/\/rckopen.com\/hu\/wp-json\/wp\/v2\/product"}],"about":[{"href":"https:\/\/rckopen.com\/hu\/wp-json\/wp\/v2\/types\/product"}],"replies":[{"embeddable":true,"href":"https:\/\/rckopen.com\/hu\/wp-json\/wp\/v2\/comments?post=6444"}],"wp:featuredmedia":[{"embeddable":true,"href":"https:\/\/rckopen.com\/hu\/wp-json\/wp\/v2\/media\/6464"}],"wp:attachment":[{"href":"https:\/\/rckopen.com\/hu\/wp-json\/wp\/v2\/media?parent=6444"}],"wp:term":[{"taxonomy":"product_brand","embeddable":true,"href":"https:\/\/rckopen.com\/hu\/wp-json\/wp\/v2\/product_brand?post=6444"},{"taxonomy":"product_cat","embeddable":true,"href":"https:\/\/rckopen.com\/hu\/wp-json\/wp\/v2\/product_cat?post=6444"},{"taxonomy":"product_tag","embeddable":true,"href":"https:\/\/rckopen.com\/hu\/wp-json\/wp\/v2\/product_tag?post=6444"}],"curies":[{"name":"wp","href":"https:\/\/api.w.org\/{rel}","templated":true}]}}