{"id":6449,"date":"2023-08-15T08:45:20","date_gmt":"2023-08-15T08:45:20","guid":{"rendered":"https:\/\/diligentplug.com\/chems\/?post_type=product&#038;p=6449"},"modified":"2025-02-03T10:40:44","modified_gmt":"2025-02-03T10:40:44","slug":"fluorexetamine-fxe","status":"publish","type":"product","link":"https:\/\/rckopen.com\/hu\/termek\/fluorexetamin-fxe\/","title":{"rendered":"V\u00e1s\u00e1roljon Fluorexetamint (FXE) online"},"content":{"rendered":"<h2>Az rckopen.com nem emberi fogyaszt\u00e1sra sz\u00e1nt term\u00e9keket k\u00edn\u00e1l.<br \/>\nGeneral information Fluorexetamine Online kopen<\/h2>\n<p><a href=\"https:\/\/rckopen.com\/hu\/termek\/fluorexetamin-fxe\/\">Fluorexetamine<\/a>\u00a0(hidroklorid) egy tudom\u00e1nyos analitikai standard, amely aril-ciklohexil-amink\u00e9nt van besorolva. Ezt a t\u00e9telt kutat\u00e1sra \u00e9s m\u00e9rhet\u0151 alkalmaz\u00e1sokra tervezik.<\/p>\n<p>A fluorexetamin egy disszociat\u00edv hat\u00e1s\u00fa, sporttervez\u0151 kutat\u00e1si vegyi anyag. Egy sportkutat\u00e1si vegyszer, az \u00fagynevezett <a href=\"https:\/\/en.wikipedia.org\/wiki\/Fluoxetine\">Fluorexetamine<\/a> (3-Fluoro-2-Oxo-PCE, FXE) 2017 k\u00f6r\u00fcl kezd\u0151d\u0151en \u00e9rt\u00e9kes\u00edtik az interneten.<\/p>\n<p>Annak ellen\u00e9re, hogy m\u00e1r j\u00f3 ideje l\u00e9tezik, \u00e1ltal\u00e1noss\u00e1gban v\u00e9ve m\u00e9g mindig nem gyakori. A fluorexetamin az arilciklohexilamin csal\u00e1dba tartoz\u00f3 sporttervez\u0151 kutat\u00e1si vegyi anyag, \u00e9s tartoz\u00e9kai nagyon disszociat\u00edvak lehetnek. Azonban 2017 \u00f3ta k\u00e9szen \u00e1ll az interneten val\u00f3 mozg\u00e1sra, \u00e9s felhaszn\u00e1l\u00e1sa m\u00e9rs\u00e9kelten p\u00e9ld\u00e1tlan maradt.<\/p>\n<p>Ez 2022 \u00e1prilis\u00e1ban v\u00e1ltozott meg, amikor a Redditen a kutat\u00e1si vegyszer algoritmikus felismer\u00e9se riadalmat keltett. Ett\u0151l kezdve a Fluorexetaminr\u00f3l sz\u00f3l\u00f3 \u00e9rtes\u00edt\u00e9sek t\u00f6bb mint k\u00e9tszeres\u00e9re b\u0151v\u00fcltek, b\u00e1rmennyire is a 2022. \u00e1prilisi cs\u00facson voltak. A vegy\u00fclet \u00e9lettani \u00e9s toxikol\u00f3giai tulajdons\u00e1gait nem vizsg\u00e1lt\u00e1k. Ennek a vegyi anyagnak a felhaszn\u00e1l\u00e1sa csak kutat\u00e1si \u00e9s m\u00e9rhet\u0151 c\u00e9lokra kellene, hogy legyen. Figyelmeztet\u00e9s ez a t\u00e9tel nem annyira emberi vagy \u00e1llatgy\u00f3gy\u00e1szati felhaszn\u00e1l\u00e1sra.<\/p>\n<h3>A fluorexetamin k\u00e9miai \u00f6sszet\u00e9tele<\/h3>\n<p>A fluorexetamin (3\u2032- Fluoro-2-oxo-PCE, FXE) az arilciklohexilamin csal\u00e1dba tartoz\u00f3, disszociat\u00edv hat\u00e1s\u00fa, sportos designer kutat\u00e1si vegyszer. \u00c1ll\u00edt\u00f3lag k\u00f6r\u00fclbel\u00fcl 2017 \u00f3ta \u00e1rulj\u00e1k a vil\u00e1gh\u00e1l\u00f3n kereszt\u00fcl. Azonban m\u00e9rs\u00e9kelten rendk\u00edv\u00fcli maradt.<\/p>\n<p>Egyenlete C14H18FNO, mol\u00e1ris t\u00f6mege 235,302 g-mol-1.<\/p>\n<h3>A fluorexetamin farmakol\u00f3gi\u00e1ja<\/h3>\n<p>A fluoxetin \u00fagy fejti ki hat\u00e1s\u00e1t, hogy akad\u00e1lyozza a szerotonin visszav\u00e9tel\u00e9t a preszinaptikus szerotonin neuronokba a preszinaptikus termin\u00e1lban tal\u00e1lhat\u00f3 visszav\u00e9tel-\u00e1tviv\u0151 feh\u00e9rje akad\u00e1lyoz\u00e1s\u00e1val. A fluoxetin emellett gyeng\u00e9den hat az 5HT2A \u00e9s 5HT2C receptorokon.<\/p>\n<p>A fluoxetin sz\u00e1jon \u00e1t t\u00f6rt\u00e9n\u0151 bevitel ut\u00e1n fogy, m\u00e9lyen feh\u00e9rj\u00e9hez k\u00f6t\u0151dik, \u00e9s \u00f3ri\u00e1si a sz\u00e1ll\u00edt\u00f3t\u00e9rfogata. A fluoxetin \u00e1rtalmatlan\u00edt\u00e1si felez\u00e9si ideje k\u00f6r\u00fclbel\u00fcl 1-4 nap, m\u00edg metabolitja, a norfluoxetin\u00e9 7-15 napig tart. A fluoxetin farmakokinetikai profilja nem line\u00e1ris.<\/p>\n<h3>Kiv\u00e1l\u00f3 min\u0151s\u00e9g\u0171 Fluorexetamin online kopen<\/h3>\n<p><a href=\"http:\/\/rckopen.com\/hu\/\">RC Kopen<\/a> sok \u00e9ves tapasztalattal rendelkezik a kutat\u00e1si vegyszertervez\u0151 iparban, amely lehet\u0151v\u00e9 teszi sz\u00e1munkra, hogy biztos\u00edtsuk ezen kutat\u00e1si vegyszerek legmagasabb min\u0151s\u00e9g\u00e9t. A kutat\u00f3csoport fluorexetamint \u00e1rul. A kutat\u00e1si vegyszerek, k\u00f6zt\u00fck a fluorexetaminok, megfelelnek minden biztons\u00e1gi k\u00f6vetelm\u00e9nynek. A kutat\u00e1si vegyszereket gondosan elosztj\u00e1k \u00e9s h\u0171v\u00f6s, sz\u00e1raz helyen t\u00e1rolj\u00e1k.<\/p>\n<p>Minden term\u00e9ket rendszeresen ellen\u0151riznek min\u0151s\u00e9g, tisztas\u00e1g \u00e9s biztons\u00e1g szempontj\u00e1b\u00f3l. A Fluorexetamin mindig szobah\u0151m\u00e9rs\u00e9kleten, gyermekek \u00e9s h\u00e1zi\u00e1llatok el\u0151l elz\u00e1rva tartand\u00f3. Fluorexetaminunk nem szem\u00e9lyes haszn\u00e1latra k\u00e9sz\u00fclt. Kiz\u00e1r\u00f3lag kutat\u00e1si c\u00e9lokra szolg\u00e1l.<\/p>\n<p>Nem szabad alkohollal vagy kutat\u00e1si vegyszerekkel keverni, amikor ezt a kutat\u00e1si vegyszert kutatj\u00e1k!<\/p>\n<p>Minden term\u00e9k\u00fcnknek korrekt \u00e1ra van!<\/p>\n<h3>Laborat\u00f3riumban tesztelt fluoroxetamineredm\u00e9nyekkel.<\/h3>\n<p>A Remake az \u00fcgyfelei \u00e1ltal\u00e1nos teljes\u00edt\u00e9se fel\u00e9 halad. K\u00fcl\u00f6nb\u00f6z\u0151 vizsg\u00e1latok kimutatt\u00e1k, hogy az \u00fcgyfelek a szintetikus kutat\u00e1si vegyszerek v\u00e1s\u00e1rl\u00e1sa el\u0151tt annyi adatot k\u00e9rnek, amennyit elv\u00e1rnak. Ezenk\u00edv\u00fcl minden egyes vizsg\u00e1lati vegy\u00fclet \u00f6sszes laborat\u00f3riumi k\u00f6vetkezm\u00e9ny\u00e9t k\u00f6zz\u00e9tessz\u00fck egy PDF-felv\u00e9telen.<\/p>\n<p>A Fluorexetamine Crystal k\u00f6vetkezetesen megfelel a hat\u00f3anyagoknak, \u00e9s mindenki sz\u00e1m\u00e1ra egyszer\u0171en l\u00e1that\u00f3.<\/p>\n<p>Minden egyes kutat\u00e1si vegyszer \u00f6sszes laborat\u00f3riumi k\u00f6vetkezm\u00e9ny\u00e9t PDF-dokumentumon terjesztj\u00fck.<\/p>\n<h3>Biztons\u00e1gosan rendeljen a Fluorexetamine-t\u00f3l.<\/h3>\n<p>RC Kopen designer kutat\u00e1si vegyszerek kiv\u00e1l\u00f3 min\u0151s\u00e9g\u0171ek \u00e9s tisztess\u00e9ges \u00e1ron. Ez\u00e9rt, amikor az RC Kopen-n\u00e9l k\u00e9ri a kutat\u00e1si vegyszereket, garant\u00e1ljuk, hogy gyorsan \u00e9s biztons\u00e1gosan eljuttatjuk a k\u00e9r\u00e9s\u00e9t az \u00d6n otthon\u00e1ba, mivel a kutat\u00e1si vegyszerek elad\u00e1sa mindig el\u00e9rhet\u0151 az RC Kopen-n\u00e9l.<\/p>\n<p>A szintetikus kutat\u00e1si vegy\u00fcletek Bitcoin vagy banki \u00e1tutal\u00e1ssal t\u00f6rt\u00e9n\u0151 ig\u00e9nyl\u00e9se egyszer\u0171 az RC Kopen-n\u00e9l.<\/p>\n<p>A kutat\u00e1si vegyszerport ugyanazon a munkanapon sz\u00e1ll\u00edtjuk, ha a fizet\u00e9s 15:00 PM CEST el\u0151tt be\u00e9rkezik.<\/p>\n<p>18 \u00e9vesn\u00e9l fiatalabbaknak nem sz\u00e1ll\u00edtunk term\u00e9keket!<\/p>\n<p>A kutat\u00e1si vegyszerek \u00e9rt\u00e9kes\u00edt\u00e9se csak kutat\u00e1si c\u00e9lokat szolg\u00e1l.<\/p>\n<p>A kutat\u00e1si vegyszerek diszkr\u00e9t sz\u00e1ll\u00edt\u00e1sa.<\/p>\n<p>Az RC Kopen biztons\u00e1gosan \u00e9s biztons\u00e1gosan csomagolja a megrendel\u00e9s\u00e9t, hogy biztos\u00edtsa a megfelel\u0151 sz\u00e1ll\u00edt\u00e1st. Tov\u00e1bb\u00e1, t\u00f6k\u00e9letes lopakod\u00e1ssal csomagolunk, \u00e9s semmi jele annak, hogy mi lehet benne, nem fog l\u00e1tszani k\u00edv\u00fclr\u0151l.<\/p>\n<h3>\u00d3vint\u00e9zked\u00e9sek<\/h3>\n<ul>\n<li>V\u00e1s\u00e1rolja meg a megfelel\u0151 egy\u00e9ni v\u00e9d\u0151felszerel\u00e9st, p\u00e9ld\u00e1ul v\u00e9d\u0151szem\u00fcveget \u00e9s keszty\u0171t. Tiszt\u00edtsa \u00e9s gondozza \u0151ket megfelel\u0151en. K\u00f6vesse a biztons\u00e1gos rendszereket, amikor kutat\u00e1si vegyszereket kezel, \u00e9s ne r\u00f6vid\u00edtsen.<\/li>\n<li>Ha a kutat\u00e1si vegyszer szembe ker\u00fcl, j\u00f3l \u00f6bl\u00edtse ki, \u00e9s ha alapvet\u0151, t\u00e1vol\u00edtsa el a kontaktlencs\u00e9ket.<\/li>\n<li>Pr\u00f3b\u00e1ljon meg maszkot haszn\u00e1lni, mik\u00f6zben ezeket a vegyi anyagokat haszn\u00e1lja, hogy ne ker\u00fcljenek bel\u00e9je l\u00e9gz\u00e9s k\u00f6zben.<\/li>\n<li>A t\u00e1mogatott m\u00f3dszerek szerint a vesz\u00e9lyes anyagokat biztons\u00e1gosan kezelje, t\u00e1rolja \u00e9s \u00e1rtalmatlan\u00edtsa. Soha ne \u00f6ntse \u0151ket a csatorn\u00e1ba vagy csatorn\u00e1ba.<\/li>\n<li>A kutat\u00e1si vegyszereket megfelel\u0151en, a nev\u00fck\u00f6n szerepl\u0151 utas\u00edt\u00e1soknak megfelel\u0151en t\u00e1rolja. A gy\u00fal\u00e9kony vegyszereket kiv\u00e1l\u00f3, sz\u00e1raz k\u00e1nikul\u00e1ban, intenzit\u00e1st\u00f3l \u00e9s napf\u00e9nyt\u0151l t\u00e1vol kell t\u00e1rolni. N\u00e9h\u00e1ny szintetikus anyagot, mint p\u00e9ld\u00e1ul a savakat, egym\u00e1st\u00f3l f\u00fcggetlen\u00fcl kell eltenni.<\/li>\n<li>Az rc-n\u00e9l k\u00edn\u00e1lt RC Buy kutat\u00e1si c\u00e9lokat szolg\u00e1l; az emberi fogyaszt\u00e1s szigor\u00faan tilos.<\/li>\n<\/ul>","protected":false},"excerpt":{"rendered":"<p><strong>IUPAC-n\u00e9v: <\/strong>2-(etilamino)-2-(3-fluorfenil)ciklohex\u00e1n-1-on<\/p>\n<p><strong>M\u00e1sik n\u00e9v: <\/strong>FXE<\/p>\n<p><strong>Forma: <\/strong>krist\u00e1ly<\/p>\n<p><strong>NMR-elemz\u00e9s: <\/strong>C14H18FNO<\/p>","protected":false},"featured_media":6468,"comment_status":"open","ping_status":"closed","template":"","meta":{"_joinchat":[]},"product_brand":[],"product_cat":[137],"product_tag":[],"class_list":{"0":"post-6449","1":"product","2":"type-product","3":"status-publish","4":"has-post-thumbnail","6":"product_cat-dissociatieven","8":"first","9":"instock","10":"shipping-taxable","11":"purchasable","12":"product-type-variable"},"yoast_head":"<!-- This site is optimized with the Yoast SEO plugin v26.3 - https:\/\/yoast.com\/wordpress\/plugins\/seo\/ -->\n<title>Fluorexrtamine FXE te koop - Fluorexrtamine FXE online kopen<\/title>\n<meta name=\"description\" content=\"U kunt nu Fluorexrtamine FXE te koop krijgen in onze topwinkel RC Kopen. Onze medewerkers zullen u helpen om Fluorexrtamine FXE online te kopen tegen de beste prijzen. Bestel Fluorexrtamine FXE vandaag nog online met wereldwijde verzending!\" \/>\n<meta name=\"robots\" content=\"index, follow, max-snippet:-1, max-image-preview:large, max-video-preview:-1\" \/>\n<link rel=\"canonical\" href=\"https:\/\/rckopen.com\/hu\/termek\/fluorexetamin-fxe\/\" \/>\n<meta property=\"og:locale\" content=\"hu_HU\" \/>\n<meta property=\"og:type\" content=\"article\" \/>\n<meta property=\"og:title\" content=\"Fluorexrtamine FXE te koop - Fluorexrtamine FXE online kopen\" \/>\n<meta property=\"og:description\" content=\"U kunt nu Fluorexrtamine FXE te koop krijgen in onze topwinkel RC Kopen. Onze medewerkers zullen u helpen om Fluorexrtamine FXE online te kopen tegen de beste prijzen. Bestel Fluorexrtamine FXE vandaag nog online met wereldwijde verzending!\" \/>\n<meta property=\"og:url\" content=\"https:\/\/rckopen.com\/hu\/termek\/fluorexetamin-fxe\/\" \/>\n<meta property=\"og:site_name\" content=\"RC Kopen\" \/>\n<meta property=\"article:modified_time\" content=\"2025-02-03T10:40:44+00:00\" \/>\n<meta property=\"og:image\" content=\"https:\/\/rckopen.com\/wp-content\/uploads\/2023\/08\/Fluorexetamine-FXE.jpg\" \/>\n\t<meta property=\"og:image:width\" content=\"600\" \/>\n\t<meta property=\"og:image:height\" content=\"600\" \/>\n\t<meta property=\"og:image:type\" content=\"image\/jpeg\" \/>\n<meta name=\"twitter:card\" content=\"summary_large_image\" \/>\n<meta name=\"twitter:label1\" content=\"Becs\u00fclt olvas\u00e1si id\u0151\" \/>\n\t<meta name=\"twitter:data1\" content=\"4 perc\" \/>\n<script type=\"application\/ld+json\" class=\"yoast-schema-graph\">{\"@context\":\"https:\/\/schema.org\",\"@graph\":[{\"@type\":\"WebPage\",\"@id\":\"https:\/\/rckopen.com\/product\/fluorexetamine-fxe\/\",\"url\":\"https:\/\/rckopen.com\/product\/fluorexetamine-fxe\/\",\"name\":\"Fluorexrtamine FXE te koop - Fluorexrtamine FXE online kopen\",\"isPartOf\":{\"@id\":\"https:\/\/rckopen.com\/#website\"},\"primaryImageOfPage\":{\"@id\":\"https:\/\/rckopen.com\/product\/fluorexetamine-fxe\/#primaryimage\"},\"image\":{\"@id\":\"https:\/\/rckopen.com\/product\/fluorexetamine-fxe\/#primaryimage\"},\"thumbnailUrl\":\"https:\/\/rckopen.com\/wp-content\/uploads\/2023\/08\/Fluorexetamine-FXE.jpg\",\"datePublished\":\"2023-08-15T08:45:20+00:00\",\"dateModified\":\"2025-02-03T10:40:44+00:00\",\"description\":\"U kunt nu Fluorexrtamine FXE te koop krijgen in onze topwinkel RC Kopen. Onze medewerkers zullen u helpen om Fluorexrtamine FXE online te kopen tegen de beste prijzen. Bestel Fluorexrtamine FXE vandaag nog online met wereldwijde verzending!\",\"breadcrumb\":{\"@id\":\"https:\/\/rckopen.com\/product\/fluorexetamine-fxe\/#breadcrumb\"},\"inLanguage\":\"hu\",\"potentialAction\":[{\"@type\":\"ReadAction\",\"target\":[\"https:\/\/rckopen.com\/product\/fluorexetamine-fxe\/\"]}]},{\"@type\":\"ImageObject\",\"inLanguage\":\"hu\",\"@id\":\"https:\/\/rckopen.com\/product\/fluorexetamine-fxe\/#primaryimage\",\"url\":\"https:\/\/rckopen.com\/wp-content\/uploads\/2023\/08\/Fluorexetamine-FXE.jpg\",\"contentUrl\":\"https:\/\/rckopen.com\/wp-content\/uploads\/2023\/08\/Fluorexetamine-FXE.jpg\",\"width\":600,\"height\":600,\"caption\":\"Fluorexetamine-(FXE) online kopen\"},{\"@type\":\"BreadcrumbList\",\"@id\":\"https:\/\/rckopen.com\/product\/fluorexetamine-fxe\/#breadcrumb\",\"itemListElement\":[{\"@type\":\"ListItem\",\"position\":1,\"name\":\"Home\",\"item\":\"https:\/\/rckopen.com\/\"},{\"@type\":\"ListItem\",\"position\":2,\"name\":\"Shop\",\"item\":\"https:\/\/rckopen.com\/shop\/\"},{\"@type\":\"ListItem\",\"position\":3,\"name\":\"Fluorexetamine (FXE) Online kopen\"}]},{\"@type\":\"WebSite\",\"@id\":\"https:\/\/rckopen.com\/#website\",\"url\":\"https:\/\/rckopen.com\/\",\"name\":\"RC Kopen\",\"description\":\"Research Chemicals\",\"potentialAction\":[{\"@type\":\"SearchAction\",\"target\":{\"@type\":\"EntryPoint\",\"urlTemplate\":\"https:\/\/rckopen.com\/?s={search_term_string}\"},\"query-input\":{\"@type\":\"PropertyValueSpecification\",\"valueRequired\":true,\"valueName\":\"search_term_string\"}}],\"inLanguage\":\"hu\"}]}<\/script>\n<!-- \/ Yoast SEO plugin. -->","yoast_head_json":{"title":"Fluorexrtamine FXE te koop - Fluorexrtamine FXE online kopen","description":"U kunt nu Fluorexrtamine FXE te koop krijgen in onze topwinkel RC Kopen. Onze medewerkers zullen u helpen om Fluorexrtamine FXE online te kopen tegen de beste prijzen. Bestel Fluorexrtamine FXE vandaag nog online met wereldwijde verzending!","robots":{"index":"index","follow":"follow","max-snippet":"max-snippet:-1","max-image-preview":"max-image-preview:large","max-video-preview":"max-video-preview:-1"},"canonical":"https:\/\/rckopen.com\/hu\/termek\/fluorexetamin-fxe\/","og_locale":"hu_HU","og_type":"article","og_title":"Fluorexrtamine FXE te koop - Fluorexrtamine FXE online kopen","og_description":"U kunt nu Fluorexrtamine FXE te koop krijgen in onze topwinkel RC Kopen. Onze medewerkers zullen u helpen om Fluorexrtamine FXE online te kopen tegen de beste prijzen. Bestel Fluorexrtamine FXE vandaag nog online met wereldwijde verzending!","og_url":"https:\/\/rckopen.com\/hu\/termek\/fluorexetamin-fxe\/","og_site_name":"RC Kopen","article_modified_time":"2025-02-03T10:40:44+00:00","og_image":[{"width":600,"height":600,"url":"https:\/\/rckopen.com\/wp-content\/uploads\/2023\/08\/Fluorexetamine-FXE.jpg","type":"image\/jpeg"}],"twitter_card":"summary_large_image","twitter_misc":{"Becs\u00fclt olvas\u00e1si id\u0151":"4 perc"},"schema":{"@context":"https:\/\/schema.org","@graph":[{"@type":"WebPage","@id":"https:\/\/rckopen.com\/product\/fluorexetamine-fxe\/","url":"https:\/\/rckopen.com\/product\/fluorexetamine-fxe\/","name":"Fluorexrtamine FXE te koop - Fluorexrtamine FXE online kopen","isPartOf":{"@id":"https:\/\/rckopen.com\/#website"},"primaryImageOfPage":{"@id":"https:\/\/rckopen.com\/product\/fluorexetamine-fxe\/#primaryimage"},"image":{"@id":"https:\/\/rckopen.com\/product\/fluorexetamine-fxe\/#primaryimage"},"thumbnailUrl":"https:\/\/rckopen.com\/wp-content\/uploads\/2023\/08\/Fluorexetamine-FXE.jpg","datePublished":"2023-08-15T08:45:20+00:00","dateModified":"2025-02-03T10:40:44+00:00","description":"U kunt nu Fluorexrtamine FXE te koop krijgen in onze topwinkel RC Kopen. Onze medewerkers zullen u helpen om Fluorexrtamine FXE online te kopen tegen de beste prijzen. Bestel Fluorexrtamine FXE vandaag nog online met wereldwijde verzending!","breadcrumb":{"@id":"https:\/\/rckopen.com\/product\/fluorexetamine-fxe\/#breadcrumb"},"inLanguage":"hu","potentialAction":[{"@type":"ReadAction","target":["https:\/\/rckopen.com\/product\/fluorexetamine-fxe\/"]}]},{"@type":"ImageObject","inLanguage":"hu","@id":"https:\/\/rckopen.com\/product\/fluorexetamine-fxe\/#primaryimage","url":"https:\/\/rckopen.com\/wp-content\/uploads\/2023\/08\/Fluorexetamine-FXE.jpg","contentUrl":"https:\/\/rckopen.com\/wp-content\/uploads\/2023\/08\/Fluorexetamine-FXE.jpg","width":600,"height":600,"caption":"Fluorexetamine-(FXE) online kopen"},{"@type":"BreadcrumbList","@id":"https:\/\/rckopen.com\/product\/fluorexetamine-fxe\/#breadcrumb","itemListElement":[{"@type":"ListItem","position":1,"name":"Home","item":"https:\/\/rckopen.com\/"},{"@type":"ListItem","position":2,"name":"Shop","item":"https:\/\/rckopen.com\/shop\/"},{"@type":"ListItem","position":3,"name":"Fluorexetamine (FXE) Online kopen"}]},{"@type":"WebSite","@id":"https:\/\/rckopen.com\/#website","url":"https:\/\/rckopen.com\/","name":"RC Kopen","description":"Research Chemicals","potentialAction":[{"@type":"SearchAction","target":{"@type":"EntryPoint","urlTemplate":"https:\/\/rckopen.com\/?s={search_term_string}"},"query-input":{"@type":"PropertyValueSpecification","valueRequired":true,"valueName":"search_term_string"}}],"inLanguage":"hu"}]}},"_links":{"self":[{"href":"https:\/\/rckopen.com\/hu\/wp-json\/wp\/v2\/product\/6449","targetHints":{"allow":["GET"]}}],"collection":[{"href":"https:\/\/rckopen.com\/hu\/wp-json\/wp\/v2\/product"}],"about":[{"href":"https:\/\/rckopen.com\/hu\/wp-json\/wp\/v2\/types\/product"}],"replies":[{"embeddable":true,"href":"https:\/\/rckopen.com\/hu\/wp-json\/wp\/v2\/comments?post=6449"}],"wp:featuredmedia":[{"embeddable":true,"href":"https:\/\/rckopen.com\/hu\/wp-json\/wp\/v2\/media\/6468"}],"wp:attachment":[{"href":"https:\/\/rckopen.com\/hu\/wp-json\/wp\/v2\/media?parent=6449"}],"wp:term":[{"taxonomy":"product_brand","embeddable":true,"href":"https:\/\/rckopen.com\/hu\/wp-json\/wp\/v2\/product_brand?post=6449"},{"taxonomy":"product_cat","embeddable":true,"href":"https:\/\/rckopen.com\/hu\/wp-json\/wp\/v2\/product_cat?post=6449"},{"taxonomy":"product_tag","embeddable":true,"href":"https:\/\/rckopen.com\/hu\/wp-json\/wp\/v2\/product_tag?post=6449"}],"curies":[{"name":"wp","href":"https:\/\/api.w.org\/{rel}","templated":true}]}}