{"id":6475,"date":"2023-08-16T05:24:32","date_gmt":"2023-08-16T05:24:32","guid":{"rendered":"https:\/\/diligentplug.com\/chems\/?post_type=product&#038;p=6475"},"modified":"2025-02-04T05:32:10","modified_gmt":"2025-02-04T05:32:10","slug":"mxipr","status":"publish","type":"product","link":"https:\/\/rckopen.com\/hu\/termek\/mxipr\/","title":{"rendered":"V\u00e1s\u00e1roljon MXiPr-t online"},"content":{"rendered":"<h1>V\u00e1s\u00e1roljon MXIPR-t online<\/h1>\n<p>v\u00e1s\u00e1rolni MXIPR online min\u0151s\u00e9gi MXiPr minden tudom\u00e1nyos kutat\u00e1shoz. Az MXiPr kutat\u00e1si vegyszerek tisztas\u00e1ga \u2265<a href=\"https:\/\/rckopen.com\/hu\/termek\/3-fa-pellet-50mg\/\">97%<\/a> \u00e9s emberi fogyaszt\u00e1sra nem alkalmasak.<\/p>\n<p>Az MXiPR vagy (metoxpropamin vagy 2-Oco-3\u2032-metoxi-PCiPr) az arilciklohexilamin vegy\u00fcletek oszt\u00e1ly\u00e1ba tartoz\u00f3 disszociat\u00edv vegyi anyag. Az MXiPr-t gyakran hasonl\u00edtj\u00e1k az MXE-hez \u00e9s az MXPr-hez anal\u00f3g hasonl\u00f3s\u00e1guk miatt. B\u00e1r ezt a vegyi anyagot nem vizsg\u00e1lt\u00e1k sz\u00e9les k\u00f6rben, sz\u00e1mos anekdotikus jelent\u00e9s szerint a r\u00e9sztvev\u0151k nagyon hasonl\u00f3 eredm\u00e9nyeket mutattak, mint az MXE V\u00e1s\u00e1rl\u00e1s MXIPR online.<\/p>\n<h3>Felel\u0151ss\u00e9gteljes kutat\u00e1s az MXiPR-rel<\/h3>\n<p>Mindig v\u00e9gezzen felel\u0151ss\u00e9gteljes kutat\u00e1st. Olvassa el \u00e9s k\u00e9pezze mag\u00e1t j\u00f3l, miel\u0151tt b\u00e1rmilyen vegyi anyaggal kutatna. Az MXiPR-r\u0151l konkr\u00e9tan nem sok inform\u00e1ci\u00f3 \u00e1ll rendelkez\u00e9sre, de a Psychonaut Wiki tartalmaz n\u00e9h\u00e1ny nagyon hasznos forr\u00e1st \u00e9s inform\u00e1ci\u00f3t az MXPr-r\u0151l, amely nagyon hasonl\u00f3 szerkezet\u0171, \u00e9s \u00edgy hasonl\u00f3an kell viselkednie.<\/p>\n<p><strong>FIGYELMEZTET\u00c9S Ez a term\u00e9k nem emberi vagy \u00e1llatgy\u00f3gy\u00e1szati felhaszn\u00e1l\u00e1sra k\u00e9sz\u00fclt.<\/strong><\/p>\n<h2>Mi az az MXiPR?<\/h2>\n<p>Az MXiPr szerkezet\u00e9ben nagyon hasonl\u00edt az MXE \u00e9s az MXPr szerkezet\u00e9re, \u00e9s a kezdeti k\u00eds\u00e9rletek \u00e9s az els\u0151dleges visszajelz\u00e9sek azt mutatj\u00e1k, hogy sz\u00e1mos k\u00f6z\u00f6s tulajdons\u00e1ga van ezekkel az ismertebb vegy\u00fcletekkel.<\/p>\n<p>B\u00e1r kev\u00e9s kutat\u00e1st v\u00e9geztek az MXiPR-rel, a jelent\u00e9sek szerint ketaminszer\u0171 disszociat\u00edv hat\u00e1st v\u00e1lt ki.<\/p>\n<h4><strong>K\u00e9miai tulajdons\u00e1gok \u00e9s farmakol\u00f3giai hat\u00e1sok<\/strong><\/h4>\n<p>Az MXiPR feltehet\u0151en nem kompetit\u00edv NMDA-receptor-antagonistak\u00e9nt hat, ami pszichedelikus \u00e9lm\u00e9nyt eredm\u00e9nyez. A norm\u00e1l agyi aktivit\u00e1s sor\u00e1n a gerincvel\u0151b\u0151l \u00e9s az agy neuronjaib\u00f3l \u00e9rkez\u0151 elektromos jeleknek az NMDA-receptorokon kell \u00e1thaladniuk. Amikor egy antagonista k\u00f6t\u0151dik ezekhez a receptorokhoz, ezek az elektromos impulzusok nem haladnak \u00e1t (mint egy kis antagonista Gandolf), ami a magasabb agyi funkci\u00f3k \u00e9s a gerincvel\u0151 k\u00f6z\u00f6tti kommunik\u00e1ci\u00f3 megsz\u0171n\u00e9s\u00e9t eredm\u00e9nyezi. Ez az \u00e1tmeneti kommunik\u00e1ci\u00f3s vesztes\u00e9g okozza a disszociat\u00edv \u00e1llapotot.<\/p>\n<p>Az rckopen.com nem emberi fogyaszt\u00e1sra sz\u00e1nt term\u00e9keket k\u00edn\u00e1l. A term\u00e9k (v\u00e9letlenszer\u0171) fogyaszt\u00e1sa s\u00falyos eg\u00e9szs\u00e9g\u00fcgyi k\u00f6vetkezm\u00e9nyekkel j\u00e1rhat.<a href=\"https:\/\/en.wikipedia.org\/wiki\/Methoxpropamine\">.<\/a><\/p>","protected":false},"excerpt":{"rendered":"<p><strong>IUPAC-n\u00e9v: <\/strong>2-(izopropilamino)-2-(3-metoxifenil)-ciklohexanon-hidroklorid<\/p>\n<p><strong>M\u00e1sik n\u00e9v: <\/strong>MXiPr hidroklorid<\/p>\n<p><strong>Forma: <\/strong>por<\/p>\n<p><strong>NMR-elemz\u00e9s: <\/strong>C16H23NO2<\/p>","protected":false},"featured_media":6486,"comment_status":"open","ping_status":"closed","template":"","meta":{"_joinchat":[]},"product_brand":[],"product_cat":[137],"product_tag":[],"class_list":{"0":"post-6475","1":"product","2":"type-product","3":"status-publish","4":"has-post-thumbnail","6":"product_cat-dissociatieven","8":"first","9":"instock","10":"shipping-taxable","11":"purchasable","12":"product-type-variable"},"yoast_head":"<!-- This site is optimized with the Yoast SEO plugin v26.3 - https:\/\/yoast.com\/wordpress\/plugins\/seo\/ -->\n<title>MXIPR online kopen - MXIPR te koop | RC Kopen<\/title>\n<meta name=\"description\" content=\"Wilt u Mxipr online kopen tegen een redelijke prijs? Bezoek onze gerenommeerde online RC Kopen-winkel en koop Mxipr vandaag nog te koop.\" \/>\n<meta name=\"robots\" content=\"index, follow, max-snippet:-1, max-image-preview:large, max-video-preview:-1\" \/>\n<link rel=\"canonical\" href=\"https:\/\/rckopen.com\/hu\/termek\/mxipr\/\" \/>\n<meta property=\"og:locale\" content=\"hu_HU\" \/>\n<meta property=\"og:type\" content=\"article\" \/>\n<meta property=\"og:title\" content=\"MXIPR online kopen - MXIPR te koop | RC Kopen\" \/>\n<meta property=\"og:description\" content=\"Wilt u Mxipr online kopen tegen een redelijke prijs? Bezoek onze gerenommeerde online RC Kopen-winkel en koop Mxipr vandaag nog te koop.\" \/>\n<meta property=\"og:url\" content=\"https:\/\/rckopen.com\/hu\/termek\/mxipr\/\" \/>\n<meta property=\"og:site_name\" content=\"RC Kopen\" \/>\n<meta property=\"article:modified_time\" content=\"2025-02-04T05:32:10+00:00\" \/>\n<meta property=\"og:image\" content=\"https:\/\/rckopen.com\/wp-content\/uploads\/2023\/08\/MXiPr.jpg\" \/>\n\t<meta property=\"og:image:width\" content=\"600\" \/>\n\t<meta property=\"og:image:height\" content=\"600\" \/>\n\t<meta property=\"og:image:type\" content=\"image\/jpeg\" \/>\n<meta name=\"twitter:card\" content=\"summary_large_image\" \/>\n<meta name=\"twitter:label1\" content=\"Becs\u00fclt olvas\u00e1si id\u0151\" \/>\n\t<meta name=\"twitter:data1\" content=\"2 perc\" \/>\n<script type=\"application\/ld+json\" class=\"yoast-schema-graph\">{\"@context\":\"https:\/\/schema.org\",\"@graph\":[{\"@type\":\"WebPage\",\"@id\":\"https:\/\/rckopen.com\/product\/mxipr\/\",\"url\":\"https:\/\/rckopen.com\/product\/mxipr\/\",\"name\":\"MXIPR online kopen - MXIPR te koop | RC Kopen\",\"isPartOf\":{\"@id\":\"https:\/\/rckopen.com\/#website\"},\"primaryImageOfPage\":{\"@id\":\"https:\/\/rckopen.com\/product\/mxipr\/#primaryimage\"},\"image\":{\"@id\":\"https:\/\/rckopen.com\/product\/mxipr\/#primaryimage\"},\"thumbnailUrl\":\"https:\/\/rckopen.com\/wp-content\/uploads\/2023\/08\/MXiPr.jpg\",\"datePublished\":\"2023-08-16T05:24:32+00:00\",\"dateModified\":\"2025-02-04T05:32:10+00:00\",\"description\":\"Wilt u Mxipr online kopen tegen een redelijke prijs? Bezoek onze gerenommeerde online RC Kopen-winkel en koop Mxipr vandaag nog te koop.\",\"breadcrumb\":{\"@id\":\"https:\/\/rckopen.com\/product\/mxipr\/#breadcrumb\"},\"inLanguage\":\"hu\",\"potentialAction\":[{\"@type\":\"ReadAction\",\"target\":[\"https:\/\/rckopen.com\/product\/mxipr\/\"]}]},{\"@type\":\"ImageObject\",\"inLanguage\":\"hu\",\"@id\":\"https:\/\/rckopen.com\/product\/mxipr\/#primaryimage\",\"url\":\"https:\/\/rckopen.com\/wp-content\/uploads\/2023\/08\/MXiPr.jpg\",\"contentUrl\":\"https:\/\/rckopen.com\/wp-content\/uploads\/2023\/08\/MXiPr.jpg\",\"width\":600,\"height\":600,\"caption\":\"MXIPR online kopen\"},{\"@type\":\"BreadcrumbList\",\"@id\":\"https:\/\/rckopen.com\/product\/mxipr\/#breadcrumb\",\"itemListElement\":[{\"@type\":\"ListItem\",\"position\":1,\"name\":\"Home\",\"item\":\"https:\/\/rckopen.com\/\"},{\"@type\":\"ListItem\",\"position\":2,\"name\":\"Shop\",\"item\":\"https:\/\/rckopen.com\/shop\/\"},{\"@type\":\"ListItem\",\"position\":3,\"name\":\"MXiPr online kopen\"}]},{\"@type\":\"WebSite\",\"@id\":\"https:\/\/rckopen.com\/#website\",\"url\":\"https:\/\/rckopen.com\/\",\"name\":\"RC Kopen\",\"description\":\"Research Chemicals\",\"potentialAction\":[{\"@type\":\"SearchAction\",\"target\":{\"@type\":\"EntryPoint\",\"urlTemplate\":\"https:\/\/rckopen.com\/?s={search_term_string}\"},\"query-input\":{\"@type\":\"PropertyValueSpecification\",\"valueRequired\":true,\"valueName\":\"search_term_string\"}}],\"inLanguage\":\"hu\"}]}<\/script>\n<!-- \/ Yoast SEO plugin. -->","yoast_head_json":{"title":"MXIPR online kopen - MXIPR te koop | RC Kopen","description":"Wilt u Mxipr online kopen tegen een redelijke prijs? Bezoek onze gerenommeerde online RC Kopen-winkel en koop Mxipr vandaag nog te koop.","robots":{"index":"index","follow":"follow","max-snippet":"max-snippet:-1","max-image-preview":"max-image-preview:large","max-video-preview":"max-video-preview:-1"},"canonical":"https:\/\/rckopen.com\/hu\/termek\/mxipr\/","og_locale":"hu_HU","og_type":"article","og_title":"MXIPR online kopen - MXIPR te koop | RC Kopen","og_description":"Wilt u Mxipr online kopen tegen een redelijke prijs? Bezoek onze gerenommeerde online RC Kopen-winkel en koop Mxipr vandaag nog te koop.","og_url":"https:\/\/rckopen.com\/hu\/termek\/mxipr\/","og_site_name":"RC Kopen","article_modified_time":"2025-02-04T05:32:10+00:00","og_image":[{"width":600,"height":600,"url":"https:\/\/rckopen.com\/wp-content\/uploads\/2023\/08\/MXiPr.jpg","type":"image\/jpeg"}],"twitter_card":"summary_large_image","twitter_misc":{"Becs\u00fclt olvas\u00e1si id\u0151":"2 perc"},"schema":{"@context":"https:\/\/schema.org","@graph":[{"@type":"WebPage","@id":"https:\/\/rckopen.com\/product\/mxipr\/","url":"https:\/\/rckopen.com\/product\/mxipr\/","name":"MXIPR online kopen - MXIPR te koop | RC Kopen","isPartOf":{"@id":"https:\/\/rckopen.com\/#website"},"primaryImageOfPage":{"@id":"https:\/\/rckopen.com\/product\/mxipr\/#primaryimage"},"image":{"@id":"https:\/\/rckopen.com\/product\/mxipr\/#primaryimage"},"thumbnailUrl":"https:\/\/rckopen.com\/wp-content\/uploads\/2023\/08\/MXiPr.jpg","datePublished":"2023-08-16T05:24:32+00:00","dateModified":"2025-02-04T05:32:10+00:00","description":"Wilt u Mxipr online kopen tegen een redelijke prijs? Bezoek onze gerenommeerde online RC Kopen-winkel en koop Mxipr vandaag nog te koop.","breadcrumb":{"@id":"https:\/\/rckopen.com\/product\/mxipr\/#breadcrumb"},"inLanguage":"hu","potentialAction":[{"@type":"ReadAction","target":["https:\/\/rckopen.com\/product\/mxipr\/"]}]},{"@type":"ImageObject","inLanguage":"hu","@id":"https:\/\/rckopen.com\/product\/mxipr\/#primaryimage","url":"https:\/\/rckopen.com\/wp-content\/uploads\/2023\/08\/MXiPr.jpg","contentUrl":"https:\/\/rckopen.com\/wp-content\/uploads\/2023\/08\/MXiPr.jpg","width":600,"height":600,"caption":"MXIPR online kopen"},{"@type":"BreadcrumbList","@id":"https:\/\/rckopen.com\/product\/mxipr\/#breadcrumb","itemListElement":[{"@type":"ListItem","position":1,"name":"Home","item":"https:\/\/rckopen.com\/"},{"@type":"ListItem","position":2,"name":"Shop","item":"https:\/\/rckopen.com\/shop\/"},{"@type":"ListItem","position":3,"name":"MXiPr online kopen"}]},{"@type":"WebSite","@id":"https:\/\/rckopen.com\/#website","url":"https:\/\/rckopen.com\/","name":"RC Kopen","description":"Research Chemicals","potentialAction":[{"@type":"SearchAction","target":{"@type":"EntryPoint","urlTemplate":"https:\/\/rckopen.com\/?s={search_term_string}"},"query-input":{"@type":"PropertyValueSpecification","valueRequired":true,"valueName":"search_term_string"}}],"inLanguage":"hu"}]}},"_links":{"self":[{"href":"https:\/\/rckopen.com\/hu\/wp-json\/wp\/v2\/product\/6475","targetHints":{"allow":["GET"]}}],"collection":[{"href":"https:\/\/rckopen.com\/hu\/wp-json\/wp\/v2\/product"}],"about":[{"href":"https:\/\/rckopen.com\/hu\/wp-json\/wp\/v2\/types\/product"}],"replies":[{"embeddable":true,"href":"https:\/\/rckopen.com\/hu\/wp-json\/wp\/v2\/comments?post=6475"}],"wp:featuredmedia":[{"embeddable":true,"href":"https:\/\/rckopen.com\/hu\/wp-json\/wp\/v2\/media\/6486"}],"wp:attachment":[{"href":"https:\/\/rckopen.com\/hu\/wp-json\/wp\/v2\/media?parent=6475"}],"wp:term":[{"taxonomy":"product_brand","embeddable":true,"href":"https:\/\/rckopen.com\/hu\/wp-json\/wp\/v2\/product_brand?post=6475"},{"taxonomy":"product_cat","embeddable":true,"href":"https:\/\/rckopen.com\/hu\/wp-json\/wp\/v2\/product_cat?post=6475"},{"taxonomy":"product_tag","embeddable":true,"href":"https:\/\/rckopen.com\/hu\/wp-json\/wp\/v2\/product_tag?post=6475"}],"curies":[{"name":"wp","href":"https:\/\/api.w.org\/{rel}","templated":true}]}}