{"id":6479,"date":"2023-08-16T05:36:20","date_gmt":"2023-08-16T05:36:20","guid":{"rendered":"https:\/\/diligentplug.com\/chems\/?post_type=product&#038;p=6479"},"modified":"2025-02-05T10:43:21","modified_gmt":"2025-02-05T10:43:21","slug":"dck-dxe","status":"publish","type":"product","link":"https:\/\/rckopen.com\/hu\/termek\/dck-dxe\/","title":{"rendered":"V\u00e1s\u00e1roljon DCK (DXE) online"},"content":{"rendered":"<h2>V\u00e1s\u00e1roljon DCK (DXE) online<\/h2>\n<p>A k\u00e9miai szerkezetes <a href=\"https:\/\/rckopen.com\/hu\/termek\/dck-dxe\/\">DCK DXE<\/a>, m\u00e1s n\u00e9ven Deschloroketamin, DXE vagy 2\u2032-Oxo-PCM, hasonl\u00f3 az aril-ciklohexil-aminok\u00e9hoz. Ezt az anyagot egyenk\u00e9nt 0,35 gramm\u00e9rt \u00e1ruljuk. Pelletet is \u00e1rulunk, ebb\u0151l n\u00e9gy darab 20 mg-ot tartalmaz. Ez a term\u00e9k nem csak h\u00e1tr\u00e1nyos helyzet\u0171 egy\u00e9nek sz\u00e1m\u00e1ra aj\u00e1nlott, de fogyaszt\u00e1sa sem aj\u00e1nlott. Tartsa t\u00e1vol h\u00e1zi kedvencekt\u0151l \u00e9s gyermekekt\u0151l, \u00e9s haszn\u00e1lat el\u0151tt olvassa el a weboldalunkon tal\u00e1lhat\u00f3 biztons\u00e1gi utas\u00edt\u00e1sokat. <a href=\"https:\/\/rckopen.com\/hu\/\">RC SHop<\/a><\/p>\n<h3>A csomagol\u00e1s \u00e9s a DCK DXE<\/h3>\n<p>A dezkl\u00f3rketamin zakjes csomagol\u00e1sban van k\u00fcl\u00f6nf\u00e9le sz\u00ednekben \u00e9s illatokban:<br \/>\nArany = kett\u0151, lila = \u00f6t, k\u00e9k = t\u00edz, fekete = huszon\u00f6t, ez\u00fcst = egy.<br \/>\nMinden term\u00e9k\u00fcnket Hollandia eg\u00e9sz ter\u00fclet\u00e9n sz\u00e1ll\u00edtjuk.<\/p>\n<p>&nbsp;<\/p>","protected":false},"excerpt":{"rendered":"<p><strong>IUPAC-n\u00e9v: <\/strong>2-(metilamino)-2-fenil-ciklohexanon, monohidroklorid<\/p>\n<p><strong>CAS # <\/strong>4631-27-0<\/p>\n<p><strong>M\u00e1sik n\u00e9v: <\/strong>- 2\u2032-Oxo-PCM - O-PCM<\/p>\n<p><strong>Megjelen\u00e9s: <\/strong>krist\u00e1ly<\/p>\n<p><strong>Forma: <\/strong>HCL<\/p>\n<p><strong>NMR-elemz\u00e9s: <\/strong>C13H17NO<\/p>","protected":false},"featured_media":6490,"comment_status":"open","ping_status":"closed","template":"","meta":{"_joinchat":[]},"product_brand":[],"product_cat":[137],"product_tag":[],"class_list":{"0":"post-6479","1":"product","2":"type-product","3":"status-publish","4":"has-post-thumbnail","6":"product_cat-dissociatieven","8":"first","9":"instock","10":"shipping-taxable","11":"purchasable","12":"product-type-variable"},"yoast_head":"<!-- This site is optimized with the Yoast SEO plugin v26.3 - https:\/\/yoast.com\/wordpress\/plugins\/seo\/ -->\n<title>DCK DXE online kopen - DCK DXE te koop | RC Kopen<\/title>\n<meta name=\"description\" content=\"Hier is de kans om DCK DXE te koop tegen goedkope prijzen. Onze online Rc Kopen-winkel verkoopt DCK DXE wereldwijd. Bestel om DCK DXE binnenkort online te kopen.\" \/>\n<meta name=\"robots\" content=\"index, follow, max-snippet:-1, max-image-preview:large, max-video-preview:-1\" \/>\n<link rel=\"canonical\" href=\"https:\/\/rckopen.com\/hu\/termek\/dck-dxe\/\" \/>\n<meta property=\"og:locale\" content=\"hu_HU\" \/>\n<meta property=\"og:type\" content=\"article\" \/>\n<meta property=\"og:title\" content=\"DCK DXE online kopen - DCK DXE te koop | RC Kopen\" \/>\n<meta property=\"og:description\" content=\"Hier is de kans om DCK DXE te koop tegen goedkope prijzen. Onze online Rc Kopen-winkel verkoopt DCK DXE wereldwijd. Bestel om DCK DXE binnenkort online te kopen.\" \/>\n<meta property=\"og:url\" content=\"https:\/\/rckopen.com\/hu\/termek\/dck-dxe\/\" \/>\n<meta property=\"og:site_name\" content=\"RC Kopen\" \/>\n<meta property=\"article:modified_time\" content=\"2025-02-05T10:43:21+00:00\" \/>\n<meta property=\"og:image\" content=\"https:\/\/rckopen.com\/wp-content\/uploads\/2023\/08\/DCK-DXE.jpg\" \/>\n\t<meta property=\"og:image:width\" content=\"600\" \/>\n\t<meta property=\"og:image:height\" content=\"600\" \/>\n\t<meta property=\"og:image:type\" content=\"image\/jpeg\" \/>\n<meta name=\"twitter:card\" content=\"summary_large_image\" \/>\n<meta name=\"twitter:label1\" content=\"Becs\u00fclt olvas\u00e1si id\u0151\" \/>\n\t<meta name=\"twitter:data1\" content=\"1 perc\" \/>\n<script type=\"application\/ld+json\" class=\"yoast-schema-graph\">{\"@context\":\"https:\/\/schema.org\",\"@graph\":[{\"@type\":\"WebPage\",\"@id\":\"https:\/\/rckopen.com\/product\/dck-dxe\/\",\"url\":\"https:\/\/rckopen.com\/product\/dck-dxe\/\",\"name\":\"DCK DXE online kopen - DCK DXE te koop | RC Kopen\",\"isPartOf\":{\"@id\":\"https:\/\/rckopen.com\/#website\"},\"primaryImageOfPage\":{\"@id\":\"https:\/\/rckopen.com\/product\/dck-dxe\/#primaryimage\"},\"image\":{\"@id\":\"https:\/\/rckopen.com\/product\/dck-dxe\/#primaryimage\"},\"thumbnailUrl\":\"https:\/\/rckopen.com\/wp-content\/uploads\/2023\/08\/DCK-DXE.jpg\",\"datePublished\":\"2023-08-16T05:36:20+00:00\",\"dateModified\":\"2025-02-05T10:43:21+00:00\",\"description\":\"Hier is de kans om DCK DXE te koop tegen goedkope prijzen. Onze online Rc Kopen-winkel verkoopt DCK DXE wereldwijd. Bestel om DCK DXE binnenkort online te kopen.\",\"breadcrumb\":{\"@id\":\"https:\/\/rckopen.com\/product\/dck-dxe\/#breadcrumb\"},\"inLanguage\":\"hu\",\"potentialAction\":[{\"@type\":\"ReadAction\",\"target\":[\"https:\/\/rckopen.com\/product\/dck-dxe\/\"]}]},{\"@type\":\"ImageObject\",\"inLanguage\":\"hu\",\"@id\":\"https:\/\/rckopen.com\/product\/dck-dxe\/#primaryimage\",\"url\":\"https:\/\/rckopen.com\/wp-content\/uploads\/2023\/08\/DCK-DXE.jpg\",\"contentUrl\":\"https:\/\/rckopen.com\/wp-content\/uploads\/2023\/08\/DCK-DXE.jpg\",\"width\":600,\"height\":600,\"caption\":\"DCK-(DXE) online kopen\"},{\"@type\":\"BreadcrumbList\",\"@id\":\"https:\/\/rckopen.com\/product\/dck-dxe\/#breadcrumb\",\"itemListElement\":[{\"@type\":\"ListItem\",\"position\":1,\"name\":\"Home\",\"item\":\"https:\/\/rckopen.com\/\"},{\"@type\":\"ListItem\",\"position\":2,\"name\":\"Shop\",\"item\":\"https:\/\/rckopen.com\/shop\/\"},{\"@type\":\"ListItem\",\"position\":3,\"name\":\"DCK (DXE) online kopen\"}]},{\"@type\":\"WebSite\",\"@id\":\"https:\/\/rckopen.com\/#website\",\"url\":\"https:\/\/rckopen.com\/\",\"name\":\"RC Kopen\",\"description\":\"Research Chemicals\",\"potentialAction\":[{\"@type\":\"SearchAction\",\"target\":{\"@type\":\"EntryPoint\",\"urlTemplate\":\"https:\/\/rckopen.com\/?s={search_term_string}\"},\"query-input\":{\"@type\":\"PropertyValueSpecification\",\"valueRequired\":true,\"valueName\":\"search_term_string\"}}],\"inLanguage\":\"hu\"}]}<\/script>\n<!-- \/ Yoast SEO plugin. -->","yoast_head_json":{"title":"DCK DXE online kopen - DCK DXE te koop | RC Kopen","description":"Hier is de kans om DCK DXE te koop tegen goedkope prijzen. Onze online Rc Kopen-winkel verkoopt DCK DXE wereldwijd. Bestel om DCK DXE binnenkort online te kopen.","robots":{"index":"index","follow":"follow","max-snippet":"max-snippet:-1","max-image-preview":"max-image-preview:large","max-video-preview":"max-video-preview:-1"},"canonical":"https:\/\/rckopen.com\/hu\/termek\/dck-dxe\/","og_locale":"hu_HU","og_type":"article","og_title":"DCK DXE online kopen - DCK DXE te koop | RC Kopen","og_description":"Hier is de kans om DCK DXE te koop tegen goedkope prijzen. Onze online Rc Kopen-winkel verkoopt DCK DXE wereldwijd. Bestel om DCK DXE binnenkort online te kopen.","og_url":"https:\/\/rckopen.com\/hu\/termek\/dck-dxe\/","og_site_name":"RC Kopen","article_modified_time":"2025-02-05T10:43:21+00:00","og_image":[{"width":600,"height":600,"url":"https:\/\/rckopen.com\/wp-content\/uploads\/2023\/08\/DCK-DXE.jpg","type":"image\/jpeg"}],"twitter_card":"summary_large_image","twitter_misc":{"Becs\u00fclt olvas\u00e1si id\u0151":"1 perc"},"schema":{"@context":"https:\/\/schema.org","@graph":[{"@type":"WebPage","@id":"https:\/\/rckopen.com\/product\/dck-dxe\/","url":"https:\/\/rckopen.com\/product\/dck-dxe\/","name":"DCK DXE online kopen - DCK DXE te koop | RC Kopen","isPartOf":{"@id":"https:\/\/rckopen.com\/#website"},"primaryImageOfPage":{"@id":"https:\/\/rckopen.com\/product\/dck-dxe\/#primaryimage"},"image":{"@id":"https:\/\/rckopen.com\/product\/dck-dxe\/#primaryimage"},"thumbnailUrl":"https:\/\/rckopen.com\/wp-content\/uploads\/2023\/08\/DCK-DXE.jpg","datePublished":"2023-08-16T05:36:20+00:00","dateModified":"2025-02-05T10:43:21+00:00","description":"Hier is de kans om DCK DXE te koop tegen goedkope prijzen. Onze online Rc Kopen-winkel verkoopt DCK DXE wereldwijd. Bestel om DCK DXE binnenkort online te kopen.","breadcrumb":{"@id":"https:\/\/rckopen.com\/product\/dck-dxe\/#breadcrumb"},"inLanguage":"hu","potentialAction":[{"@type":"ReadAction","target":["https:\/\/rckopen.com\/product\/dck-dxe\/"]}]},{"@type":"ImageObject","inLanguage":"hu","@id":"https:\/\/rckopen.com\/product\/dck-dxe\/#primaryimage","url":"https:\/\/rckopen.com\/wp-content\/uploads\/2023\/08\/DCK-DXE.jpg","contentUrl":"https:\/\/rckopen.com\/wp-content\/uploads\/2023\/08\/DCK-DXE.jpg","width":600,"height":600,"caption":"DCK-(DXE) online kopen"},{"@type":"BreadcrumbList","@id":"https:\/\/rckopen.com\/product\/dck-dxe\/#breadcrumb","itemListElement":[{"@type":"ListItem","position":1,"name":"Home","item":"https:\/\/rckopen.com\/"},{"@type":"ListItem","position":2,"name":"Shop","item":"https:\/\/rckopen.com\/shop\/"},{"@type":"ListItem","position":3,"name":"DCK (DXE) online kopen"}]},{"@type":"WebSite","@id":"https:\/\/rckopen.com\/#website","url":"https:\/\/rckopen.com\/","name":"RC Kopen","description":"Research Chemicals","potentialAction":[{"@type":"SearchAction","target":{"@type":"EntryPoint","urlTemplate":"https:\/\/rckopen.com\/?s={search_term_string}"},"query-input":{"@type":"PropertyValueSpecification","valueRequired":true,"valueName":"search_term_string"}}],"inLanguage":"hu"}]}},"_links":{"self":[{"href":"https:\/\/rckopen.com\/hu\/wp-json\/wp\/v2\/product\/6479","targetHints":{"allow":["GET"]}}],"collection":[{"href":"https:\/\/rckopen.com\/hu\/wp-json\/wp\/v2\/product"}],"about":[{"href":"https:\/\/rckopen.com\/hu\/wp-json\/wp\/v2\/types\/product"}],"replies":[{"embeddable":true,"href":"https:\/\/rckopen.com\/hu\/wp-json\/wp\/v2\/comments?post=6479"}],"wp:featuredmedia":[{"embeddable":true,"href":"https:\/\/rckopen.com\/hu\/wp-json\/wp\/v2\/media\/6490"}],"wp:attachment":[{"href":"https:\/\/rckopen.com\/hu\/wp-json\/wp\/v2\/media?parent=6479"}],"wp:term":[{"taxonomy":"product_brand","embeddable":true,"href":"https:\/\/rckopen.com\/hu\/wp-json\/wp\/v2\/product_brand?post=6479"},{"taxonomy":"product_cat","embeddable":true,"href":"https:\/\/rckopen.com\/hu\/wp-json\/wp\/v2\/product_cat?post=6479"},{"taxonomy":"product_tag","embeddable":true,"href":"https:\/\/rckopen.com\/hu\/wp-json\/wp\/v2\/product_tag?post=6479"}],"curies":[{"name":"wp","href":"https:\/\/api.w.org\/{rel}","templated":true}]}}