{"id":6494,"date":"2023-08-16T05:48:04","date_gmt":"2023-08-16T05:48:04","guid":{"rendered":"https:\/\/diligentplug.com\/chems\/?post_type=product&#038;p=6494"},"modified":"2026-02-28T13:20:58","modified_gmt":"2026-02-28T13:20:58","slug":"2-fdck-online-kopen","status":"publish","type":"product","link":"https:\/\/rckopen.com\/hu\/termek\/2-fdck-online-kopen\/","title":{"rendered":"V\u00e1s\u00e1roljon 2-FDCK online"},"content":{"rendered":"<h2><b>Koop 2-FDCK Online \u2013 Premium Kwaliteit, Veilig &amp; Betrouwbaar 2-Fluorodeschloroketamine<\/b><\/h2>\n<p><span style=\"font-weight: 400;\">Akarsz <\/span><a href=\"https:\/\/rckopen.com\/hu\/termek\/2-fdck-online-kopen\/\"><b>2-FDCK online kopen<\/b><\/a><span style=\"font-weight: 400;\">Fedezze fel kiv\u00e1l\u00f3 min\u0151s\u00e9g\u0171 2-fluor-dezkl\u00f3rketaminunkat (2-FDCK), egy modern disszociat\u00edv vegy\u00fcletet, amely sima, er\u0151s hat\u00e1sair\u00f3l \u00e9s sokoldal\u00fa alkalmaz\u00e1si lehet\u0151s\u00e9geir\u0151l ismert. Ak\u00e1r kutat\u00f3, ak\u00e1r tapasztalt felhaszn\u00e1l\u00f3, 2-FDCK-nk garant\u00e1lja az \u00e1lland\u00f3 tisztas\u00e1got \u00e9s a megb\u00edzhat\u00f3 adagol\u00e1st az \u00e1lland\u00f3 \u00e9lm\u00e9ny \u00e9rdek\u00e9ben.<\/span><\/p>\n<h3><b>Mi az a 2-FDCK?<\/b><\/h3>\n<p><span style=\"font-weight: 400;\">A 2-FDCK egy szintetikus disszociat\u00edv \u00e9rz\u00e9stelen\u00edt\u0151, amely szorosan kapcsol\u00f3dik a ketaminhoz. Egyedi hat\u00e1sprofilj\u00e1r\u00f3l ismert, enyhe szed\u00e1ci\u00f3t, megv\u00e1ltozott \u00e9rz\u00e9kel\u00e9st \u00e9s euf\u00f3ri\u00e1t okoz. Ez teszi a 2-FDCK-t n\u00e9pszer\u0171v\u00e9 a kreat\u00edv stimul\u00e1ci\u00f3t, az \u00f6nvizsg\u00e1latot vagy a rekre\u00e1ci\u00f3s disszoci\u00e1ci\u00f3t keres\u0151 felhaszn\u00e1l\u00f3k k\u00f6r\u00e9ben.<\/span><\/p>\n<h3><b>Gyakori felhaszn\u00e1l\u00e1sok \u00e9s hat\u00e1sok<\/b><\/h3>\n<p><span style=\"font-weight: 400;\">2-FDCK zorgt voor een kalmerende, dissociatieve staat met minder intense bijwerkingen dan andere dissociatieven. Gebruikers ervaren vaak verbeterde zintuiglijke waarneming, mentale helderheid en een gevoel van afstand van fysieke ongemakken. Ideaal voor persoonlijke verkenning of therapeutische contexten, waarbij focus en ontspanning centraal staan zonder overmatige sedatie.<\/span><\/p>\n<h3><b>Mi\u00e9rt \u00e9rdemes online v\u00e1s\u00e1rolni a 2-FDCK-t?<\/b><\/h3>\n<h4><b>K\u00e9nyelem \u00e9s akad\u00e1lymentes\u00edt\u00e9s<\/b><\/h4>\n<p><span style=\"font-weight: 400;\">A 2-FDCK online v\u00e1s\u00e1rl\u00e1sa p\u00e1ratlan k\u00e9nyelmet k\u00edn\u00e1l \u2013 k\u00f6nnyed\u00e9n \u00f6sszehasonl\u00edthatja, megrendelheti \u00e9s kiv\u00e1laszthatja a term\u00e9keket otthona k\u00e9nyelm\u00e9b\u0151l. Sz\u00e9les v\u00e1laszt\u00e9k\u00fa adagol\u00e1si form\u00e1khoz \u00e9s form\u00e1khoz f\u00e9rhet hozz\u00e1 f\u00f6ldrajzi korl\u00e1toz\u00e1sok n\u00e9lk\u00fcl.<\/span><\/p>\n<h3><b>A 2-FDCK jogi st\u00e1tusza<\/b><\/h3>\n<h4><b>Glob\u00e1lis szab\u00e1lyoz\u00e1sok \u00e1ttekint\u00e9se<\/b><\/h4>\n<p><span style=\"font-weight: 400;\">A 2-FDCK jogi st\u00e1tusza vil\u00e1gszerte v\u00e1ltoz\u00f3. Egyes orsz\u00e1gok szab\u00e1lyozz\u00e1k vagy tiltj\u00e1k, m\u00edg m\u00e1sok enged\u00e9lyezik kutat\u00e1si vagy szem\u00e9lyes haszn\u00e1latra. Mindig t\u00e1j\u00e9koz\u00f3djon a jelenlegi szab\u00e1lyoz\u00e1sokr\u00f3l.<\/span><\/p>\n<h4><b>A helyi t\u00f6rv\u00e9nyek ellen\u0151rz\u00e9s\u00e9nek fontoss\u00e1ga<\/b><\/h4>\n<p><span style=\"font-weight: 400;\">V\u00e1s\u00e1rl\u00e1s el\u0151tt mindig ellen\u0151rizd a r\u00e9gi\u00f3dban \u00e9rv\u00e9nyes t\u00f6rv\u00e9nyeket, hogy elker\u00fcld a jogi probl\u00e9m\u00e1kat. A felel\u0151s v\u00e1s\u00e1rl\u00e1s a t\u00f6rv\u00e9nyek betart\u00e1s\u00e1val kezd\u0151dik.<\/span><\/p>\n<h3><b>Hogyan ismerj\u00fck fel a megb\u00edzhat\u00f3 2-FDCK elad\u00f3kat online?<\/b><\/h3>\n<h4><b>Megb\u00edzhat\u00f3 piacterek \u00e9s weboldalak<\/b><\/h4>\n<p><span style=\"font-weight: 400;\">Olyan elad\u00f3kat v\u00e1lasszon, akik \u00e1tl\u00e1that\u00f3ak, pozit\u00edv v\u00e1s\u00e1rl\u00f3i v\u00e9lem\u00e9nyekkel rendelkeznek, \u00e9s laborat\u00f3riumban tesztelt term\u00e9keket k\u00edn\u00e1lnak. A j\u00f3 h\u00edr\u0171 piacterek gyakran min\u0151s\u00e9gi garanci\u00e1kat \u00e9s diszkr\u00e9t kiszolg\u00e1l\u00e1st k\u00edn\u00e1lnak.<\/span><\/p>\n<h4><b>Figyelmeztet\u0151 jelek a csal\u00e1sok elker\u00fcl\u00e9s\u00e9re<\/b><\/h4>\n<p><span style=\"font-weight: 400;\">Ker\u00fcld a hom\u00e1lyos term\u00e9kinform\u00e1ci\u00f3kat, irre\u00e1lisan alacsony \u00e1rakat vagy rossz kommunik\u00e1ci\u00f3t k\u00edn\u00e1l\u00f3 elad\u00f3kat. A megb\u00edzhat\u00f3 elad\u00f3k r\u00e9szletes term\u00e9kinform\u00e1ci\u00f3kat \u00e9s \u00fcgyf\u00e9lszolg\u00e1latot biztos\u00edtanak.<\/span><\/p>\n<h3><b>V\u00e1s\u00e1rl\u00e1s el\u0151tt figyelembe veend\u0151 t\u00e9nyez\u0151k<\/b><\/h3>\n<h4><b>Tisztas\u00e1g \u00e9s laborat\u00f3riumi vizsg\u00e1latok<\/b><\/h4>\n<p><span style=\"font-weight: 400;\">Gy\u0151z\u0151dj\u00f6n meg arr\u00f3l, hogy a <a href=\"https:\/\/en.wikipedia.org\/wiki\/2-Fluorodeschloroketamine\">2-FDCK, amit megveszel<\/a> F\u00fcggetlen\u00fcl tesztelt. A tisztas\u00e1gi jelent\u00e9sek garant\u00e1lj\u00e1k a biztons\u00e1goss\u00e1got, a hat\u00e9konys\u00e1got \u00e9s az \u00e1r-\u00e9rt\u00e9k ar\u00e1nyt.<\/span><\/p>\n<h4><b>Prijzen en Hoeveelheidsopties<\/b><\/h4>\n<p><span style=\"font-weight: 400;\">Hasonl\u00edtsa \u00f6ssze az \u00e1rakat, hogy nagyszer\u0171 aj\u00e1nlatokat tal\u00e1ljon, de legyen \u00f3vatos azokkal az aj\u00e1nlatokkal, amelyek t\u00fal sz\u00e9pek ahhoz, hogy igazak legyenek. V\u00e1s\u00e1roljon olyan mennyis\u00e9gben, amely megfelel a tapasztalatainak \u00e9s a haszn\u00e1lati szok\u00e1sainak.<\/span><\/p>\n<h3><b>Sz\u00e1ll\u00edt\u00e1s, csomagol\u00e1s \u00e9s k\u00e9zbes\u00edt\u00e9s<\/b><\/h3>\n<h4><b>Diszkr\u00e9t csomagol\u00e1si gyakorlatok<\/b><\/h4>\n<p><span style=\"font-weight: 400;\">A megb\u00edzhat\u00f3 elad\u00f3k diszkr\u00e9t, biztons\u00e1gos csomagol\u00e1sban sz\u00e1ll\u00edtj\u00e1k a 2-FDCK-t, hogy megv\u00e9dj\u00e9k az \u00d6n adatait \u00e9s biztos\u00edts\u00e1k a term\u00e9k integrit\u00e1s\u00e1t.<\/span><\/p>\n<h4><b>Sz\u00e1ll\u00edt\u00e1si id\u0151k \u00e9s k\u00f6vet\u00e9s<\/b><\/h4>\n<p><span style=\"font-weight: 400;\">A j\u00f3 elad\u00f3k k\u00f6vet\u00e9st \u00e9s re\u00e1lis sz\u00e1ll\u00edt\u00e1si hat\u00e1rid\u0151ket k\u00edn\u00e1lnak, \u00edgy nyomon k\u00f6vetheted a rendel\u00e9sed.<\/span><\/p>\n<h3><b>Tippek a 2-FDCK felel\u0151ss\u00e9gteljes haszn\u00e1lat\u00e1hoz<\/b><\/h3>\n<h4><b>Aj\u00e1nlott adagol\u00e1s<\/b><\/h4>\n<p><span style=\"font-weight: 400;\">Begin met een lage dosis om je tolerantie te testen en risico\u2019s te minimaliseren. Volg de richtlijnen van de verkoper en overschrijd de aanbevolen limieten niet.<\/span><\/p>\n<h4><b>Voorkomen van Bijwerkingen en Overdosering<\/b><\/h4>\n<p><span style=\"font-weight: 400;\">Soha ne keverje a 2-FDCK-t m\u00e1s anyagokkal. Tartson elegend\u0151 folyad\u00e9kot, haszn\u00e1lja biztons\u00e1gos k\u00f6rnyezetben, \u00e9s szokatlan t\u00fcnetek eset\u00e9n forduljon orvoshoz.<\/span><\/p>\n<h3><b>K\u00f6vetkeztet\u00e9s<\/b><\/h3>\n<p><span style=\"font-weight: 400;\">Pr\u00e9mium 2-FDCK-nk z\u00f6kken\u0151mentes \u00e9s megb\u00edzhat\u00f3 disszociat\u00edv \u00e9lm\u00e9nyt ny\u00fajt, garant\u00e1lt tisztas\u00e1ggal \u00e9s biztons\u00e1ggal. Megb\u00edzhat\u00f3 online keresked\u0151kt\u0151l v\u00e1s\u00e1rolva, betartva a jogi el\u0151\u00edr\u00e1sokat \u00e9s felel\u0151ss\u00e9gteljesen haszn\u00e1lva magabiztosan \u00e9lvezheti a 2-fluor-dezkl\u00f3rketamin egyed\u00fcl\u00e1ll\u00f3 el\u0151nyeit.<\/span><\/p>\n<h3><b>Z\u00e1r\u00f3 tan\u00e1csok a 2-FDCK online v\u00e1s\u00e1rl\u00e1s\u00e1hoz<\/b><\/h3>\n<p><span style=\"font-weight: 400;\">K\u00e9szen \u00e1llsz a 2-FDCK felfedez\u00e9s\u00e9re? V\u00e1laszd megb\u00edzhat\u00f3 platformunkat \u2014 a <\/span><a href=\"https:\/\/rckopen.com\/hu\/\"><b>a legjobb hely 2-FDCK 60mg online v\u00e1s\u00e1rl\u00e1s\u00e1ra<\/b><\/a><span style=\"font-weight: 400;\"> egy <\/span><b>olcs\u00f3 2-FDCK \u00e1r<\/b><span style=\"font-weight: 400;\"> Min\u0151s\u00e9gi kompromisszumok n\u00e9lk\u00fcl. Rendeljen m\u00e9g ma gyors \u00e9s diszkr\u00e9t kisz\u00e1ll\u00edt\u00e1s\u00e9rt.<\/span><\/p>","protected":false},"excerpt":{"rendered":"<p><strong>IUPAC-n\u00e9v: <\/strong>(R\/S)-2-(2-fluorofenil)-2-(metilamino)ciklohexanon<\/p>\n<p><strong>CAS # <\/strong>111982-50-4<\/p>\n<p><strong>M\u00e1sik n\u00e9v: <\/strong>2-F-2\u2032-Oxo-PCM<\/p>\n<p><strong>Megjelen\u00e9s: <\/strong>krist\u00e1lyok<\/p>\n<p><strong>Forma: <\/strong>null<\/p>\n<p><strong>NMR-elemz\u00e9s: <\/strong>C13H16FNO<\/p>","protected":false},"featured_media":6504,"comment_status":"open","ping_status":"closed","template":"","meta":{"_joinchat":[]},"product_brand":[],"product_cat":[137],"product_tag":[],"class_list":{"0":"post-6494","1":"product","2":"type-product","3":"status-publish","4":"has-post-thumbnail","6":"product_cat-dissociatieven","8":"first","9":"instock","10":"shipping-taxable","11":"purchasable","12":"product-type-variable"},"yoast_head":"<!-- This site is optimized with the Yoast SEO plugin v26.3 - https:\/\/yoast.com\/wordpress\/plugins\/seo\/ -->\n<title>2-FDCK online kopen - 2-FDCK online te koop- 2-FDCK kopen<\/title>\n<meta name=\"description\" content=\"Onze RCKopen online winkel heeft hoogwaardige 2-fdck te koop. Als u bereid bent 2-fdck online te koop, laat het ons dan weten.\" \/>\n<meta name=\"robots\" content=\"index, follow, max-snippet:-1, max-image-preview:large, max-video-preview:-1\" \/>\n<link rel=\"canonical\" href=\"https:\/\/rckopen.com\/hu\/termek\/2-fdck-online-kopen\/\" \/>\n<meta property=\"og:locale\" content=\"hu_HU\" \/>\n<meta property=\"og:type\" content=\"article\" \/>\n<meta property=\"og:title\" content=\"2-FDCK online kopen - 2-FDCK online te koop- 2-FDCK kopen\" \/>\n<meta property=\"og:description\" content=\"Onze RCKopen online winkel heeft hoogwaardige 2-fdck te koop. Als u bereid bent 2-fdck online te koop, laat het ons dan weten.\" \/>\n<meta property=\"og:url\" content=\"https:\/\/rckopen.com\/hu\/termek\/2-fdck-online-kopen\/\" \/>\n<meta property=\"og:site_name\" content=\"RC Kopen\" \/>\n<meta property=\"article:modified_time\" content=\"2026-02-28T13:20:58+00:00\" \/>\n<meta property=\"og:image\" content=\"https:\/\/rckopen.com\/wp-content\/uploads\/2023\/08\/2-FDCK.jpg\" \/>\n\t<meta property=\"og:image:width\" content=\"600\" \/>\n\t<meta property=\"og:image:height\" content=\"600\" \/>\n\t<meta property=\"og:image:type\" content=\"image\/jpeg\" \/>\n<meta name=\"twitter:card\" content=\"summary_large_image\" \/>\n<meta name=\"twitter:label1\" content=\"Becs\u00fclt olvas\u00e1si id\u0151\" \/>\n\t<meta name=\"twitter:data1\" content=\"3 perc\" \/>\n<script type=\"application\/ld+json\" class=\"yoast-schema-graph\">{\"@context\":\"https:\/\/schema.org\",\"@graph\":[{\"@type\":\"WebPage\",\"@id\":\"https:\/\/rckopen.com\/product\/2-fdck-online-kopen\/\",\"url\":\"https:\/\/rckopen.com\/product\/2-fdck-online-kopen\/\",\"name\":\"2-FDCK online kopen - 2-FDCK online te koop- 2-FDCK kopen\",\"isPartOf\":{\"@id\":\"https:\/\/rckopen.com\/#website\"},\"primaryImageOfPage\":{\"@id\":\"https:\/\/rckopen.com\/product\/2-fdck-online-kopen\/#primaryimage\"},\"image\":{\"@id\":\"https:\/\/rckopen.com\/product\/2-fdck-online-kopen\/#primaryimage\"},\"thumbnailUrl\":\"https:\/\/rckopen.com\/wp-content\/uploads\/2023\/08\/2-FDCK.jpg\",\"datePublished\":\"2023-08-16T05:48:04+00:00\",\"dateModified\":\"2026-02-28T13:20:58+00:00\",\"description\":\"Onze RCKopen online winkel heeft hoogwaardige 2-fdck te koop. Als u bereid bent 2-fdck online te koop, laat het ons dan weten.\",\"breadcrumb\":{\"@id\":\"https:\/\/rckopen.com\/product\/2-fdck-online-kopen\/#breadcrumb\"},\"inLanguage\":\"hu\",\"potentialAction\":[{\"@type\":\"ReadAction\",\"target\":[\"https:\/\/rckopen.com\/product\/2-fdck-online-kopen\/\"]}]},{\"@type\":\"ImageObject\",\"inLanguage\":\"hu\",\"@id\":\"https:\/\/rckopen.com\/product\/2-fdck-online-kopen\/#primaryimage\",\"url\":\"https:\/\/rckopen.com\/wp-content\/uploads\/2023\/08\/2-FDCK.jpg\",\"contentUrl\":\"https:\/\/rckopen.com\/wp-content\/uploads\/2023\/08\/2-FDCK.jpg\",\"width\":600,\"height\":600,\"caption\":\"2-FDCK Online Kopen\"},{\"@type\":\"BreadcrumbList\",\"@id\":\"https:\/\/rckopen.com\/product\/2-fdck-online-kopen\/#breadcrumb\",\"itemListElement\":[{\"@type\":\"ListItem\",\"position\":1,\"name\":\"Home\",\"item\":\"https:\/\/rckopen.com\/\"},{\"@type\":\"ListItem\",\"position\":2,\"name\":\"Shop\",\"item\":\"https:\/\/rckopen.com\/shop\/\"},{\"@type\":\"ListItem\",\"position\":3,\"name\":\"2-FDCK Online Kopen\"}]},{\"@type\":\"WebSite\",\"@id\":\"https:\/\/rckopen.com\/#website\",\"url\":\"https:\/\/rckopen.com\/\",\"name\":\"RC Kopen\",\"description\":\"Research Chemicals\",\"potentialAction\":[{\"@type\":\"SearchAction\",\"target\":{\"@type\":\"EntryPoint\",\"urlTemplate\":\"https:\/\/rckopen.com\/?s={search_term_string}\"},\"query-input\":{\"@type\":\"PropertyValueSpecification\",\"valueRequired\":true,\"valueName\":\"search_term_string\"}}],\"inLanguage\":\"hu\"}]}<\/script>\n<!-- \/ Yoast SEO plugin. -->","yoast_head_json":{"title":"2-FDCK online kopen - 2-FDCK online te koop- 2-FDCK kopen","description":"Onze RCKopen online winkel heeft hoogwaardige 2-fdck te koop. Als u bereid bent 2-fdck online te koop, laat het ons dan weten.","robots":{"index":"index","follow":"follow","max-snippet":"max-snippet:-1","max-image-preview":"max-image-preview:large","max-video-preview":"max-video-preview:-1"},"canonical":"https:\/\/rckopen.com\/hu\/termek\/2-fdck-online-kopen\/","og_locale":"hu_HU","og_type":"article","og_title":"2-FDCK online kopen - 2-FDCK online te koop- 2-FDCK kopen","og_description":"Onze RCKopen online winkel heeft hoogwaardige 2-fdck te koop. Als u bereid bent 2-fdck online te koop, laat het ons dan weten.","og_url":"https:\/\/rckopen.com\/hu\/termek\/2-fdck-online-kopen\/","og_site_name":"RC Kopen","article_modified_time":"2026-02-28T13:20:58+00:00","og_image":[{"width":600,"height":600,"url":"https:\/\/rckopen.com\/wp-content\/uploads\/2023\/08\/2-FDCK.jpg","type":"image\/jpeg"}],"twitter_card":"summary_large_image","twitter_misc":{"Becs\u00fclt olvas\u00e1si id\u0151":"3 perc"},"schema":{"@context":"https:\/\/schema.org","@graph":[{"@type":"WebPage","@id":"https:\/\/rckopen.com\/product\/2-fdck-online-kopen\/","url":"https:\/\/rckopen.com\/product\/2-fdck-online-kopen\/","name":"2-FDCK online kopen - 2-FDCK online te koop- 2-FDCK kopen","isPartOf":{"@id":"https:\/\/rckopen.com\/#website"},"primaryImageOfPage":{"@id":"https:\/\/rckopen.com\/product\/2-fdck-online-kopen\/#primaryimage"},"image":{"@id":"https:\/\/rckopen.com\/product\/2-fdck-online-kopen\/#primaryimage"},"thumbnailUrl":"https:\/\/rckopen.com\/wp-content\/uploads\/2023\/08\/2-FDCK.jpg","datePublished":"2023-08-16T05:48:04+00:00","dateModified":"2026-02-28T13:20:58+00:00","description":"Onze RCKopen online winkel heeft hoogwaardige 2-fdck te koop. Als u bereid bent 2-fdck online te koop, laat het ons dan weten.","breadcrumb":{"@id":"https:\/\/rckopen.com\/product\/2-fdck-online-kopen\/#breadcrumb"},"inLanguage":"hu","potentialAction":[{"@type":"ReadAction","target":["https:\/\/rckopen.com\/product\/2-fdck-online-kopen\/"]}]},{"@type":"ImageObject","inLanguage":"hu","@id":"https:\/\/rckopen.com\/product\/2-fdck-online-kopen\/#primaryimage","url":"https:\/\/rckopen.com\/wp-content\/uploads\/2023\/08\/2-FDCK.jpg","contentUrl":"https:\/\/rckopen.com\/wp-content\/uploads\/2023\/08\/2-FDCK.jpg","width":600,"height":600,"caption":"2-FDCK Online Kopen"},{"@type":"BreadcrumbList","@id":"https:\/\/rckopen.com\/product\/2-fdck-online-kopen\/#breadcrumb","itemListElement":[{"@type":"ListItem","position":1,"name":"Home","item":"https:\/\/rckopen.com\/"},{"@type":"ListItem","position":2,"name":"Shop","item":"https:\/\/rckopen.com\/shop\/"},{"@type":"ListItem","position":3,"name":"2-FDCK Online Kopen"}]},{"@type":"WebSite","@id":"https:\/\/rckopen.com\/#website","url":"https:\/\/rckopen.com\/","name":"RC Kopen","description":"Research Chemicals","potentialAction":[{"@type":"SearchAction","target":{"@type":"EntryPoint","urlTemplate":"https:\/\/rckopen.com\/?s={search_term_string}"},"query-input":{"@type":"PropertyValueSpecification","valueRequired":true,"valueName":"search_term_string"}}],"inLanguage":"hu"}]}},"_links":{"self":[{"href":"https:\/\/rckopen.com\/hu\/wp-json\/wp\/v2\/product\/6494","targetHints":{"allow":["GET"]}}],"collection":[{"href":"https:\/\/rckopen.com\/hu\/wp-json\/wp\/v2\/product"}],"about":[{"href":"https:\/\/rckopen.com\/hu\/wp-json\/wp\/v2\/types\/product"}],"replies":[{"embeddable":true,"href":"https:\/\/rckopen.com\/hu\/wp-json\/wp\/v2\/comments?post=6494"}],"wp:featuredmedia":[{"embeddable":true,"href":"https:\/\/rckopen.com\/hu\/wp-json\/wp\/v2\/media\/6504"}],"wp:attachment":[{"href":"https:\/\/rckopen.com\/hu\/wp-json\/wp\/v2\/media?parent=6494"}],"wp:term":[{"taxonomy":"product_brand","embeddable":true,"href":"https:\/\/rckopen.com\/hu\/wp-json\/wp\/v2\/product_brand?post=6494"},{"taxonomy":"product_cat","embeddable":true,"href":"https:\/\/rckopen.com\/hu\/wp-json\/wp\/v2\/product_cat?post=6494"},{"taxonomy":"product_tag","embeddable":true,"href":"https:\/\/rckopen.com\/hu\/wp-json\/wp\/v2\/product_tag?post=6494"}],"curies":[{"name":"wp","href":"https:\/\/api.w.org\/{rel}","templated":true}]}}