{"id":6514,"date":"2023-08-16T06:40:18","date_gmt":"2023-08-16T06:40:18","guid":{"rendered":"https:\/\/diligentplug.com\/chems\/?post_type=product&#038;p=6514"},"modified":"2023-09-14T09:54:20","modified_gmt":"2023-09-14T09:54:20","slug":"white-jongkong","status":"publish","type":"product","link":"https:\/\/rckopen.com\/hu\/termek\/feher-jongkong\/","title":{"rendered":"White JongKong"},"content":{"rendered":"<p>Az rckopen.com nem emberi fogyaszt\u00e1sra sz\u00e1nt term\u00e9keket k\u00edn\u00e1l. A term\u00e9k (v\u00e9letlenszer\u0171) fogyaszt\u00e1sa s\u00falyos eg\u00e9szs\u00e9g\u00fcgyi k\u00f6vetkezm\u00e9nyekkel j\u00e1rhat.<\/p>","protected":false},"excerpt":{"rendered":"<p><strong>Forma: <\/strong>por<\/p>\n<p><strong>NMR-elemz\u00e9s: <\/strong>N\/A<\/p>","protected":false},"featured_media":6535,"comment_status":"open","ping_status":"closed","template":"","meta":{"_joinchat":[]},"product_brand":[],"product_cat":[139],"product_tag":[],"class_list":{"0":"post-6514","1":"product","2":"type-product","3":"status-publish","4":"has-post-thumbnail","6":"product_cat-kratom","8":"first","9":"instock","10":"shipping-taxable","11":"purchasable","12":"product-type-variable"},"yoast_head":"<!-- This site is optimized with the Yoast SEO plugin v26.3 - https:\/\/yoast.com\/wordpress\/plugins\/seo\/ -->\n<title>Koop White JongKong Online - White JongKong te koop<\/title>\n<meta name=\"description\" content=\"Als je White JongKong uit onze winkel nog niet hebt geprobeerd, dan mis je veel. Wij helpen u White JongKong online te kopen tegen goedkope tarieven. Koop White JongKong vandaag nog te koop!\" \/>\n<meta name=\"robots\" content=\"index, follow, max-snippet:-1, max-image-preview:large, max-video-preview:-1\" \/>\n<link rel=\"canonical\" href=\"https:\/\/rckopen.com\/hu\/termek\/feher-jongkong\/\" \/>\n<meta property=\"og:locale\" content=\"hu_HU\" \/>\n<meta property=\"og:type\" content=\"article\" \/>\n<meta property=\"og:title\" content=\"Koop White JongKong Online - White JongKong te koop\" \/>\n<meta property=\"og:description\" content=\"Als je White JongKong uit onze winkel nog niet hebt geprobeerd, dan mis je veel. Wij helpen u White JongKong online te kopen tegen goedkope tarieven. Koop White JongKong vandaag nog te koop!\" \/>\n<meta property=\"og:url\" content=\"https:\/\/rckopen.com\/hu\/termek\/feher-jongkong\/\" \/>\n<meta property=\"og:site_name\" content=\"RC Kopen\" \/>\n<meta property=\"article:modified_time\" content=\"2023-09-14T09:54:20+00:00\" \/>\n<meta property=\"og:image\" content=\"https:\/\/rckopen.com\/wp-content\/uploads\/2023\/08\/White-JongKong.jpg\" \/>\n\t<meta property=\"og:image:width\" content=\"600\" \/>\n\t<meta property=\"og:image:height\" content=\"600\" \/>\n\t<meta property=\"og:image:type\" content=\"image\/jpeg\" \/>\n<meta name=\"twitter:card\" content=\"summary_large_image\" \/>\n<meta name=\"twitter:label1\" content=\"Becs\u00fclt olvas\u00e1si id\u0151\" \/>\n\t<meta name=\"twitter:data1\" content=\"1 perc\" \/>\n<script type=\"application\/ld+json\" class=\"yoast-schema-graph\">{\"@context\":\"https:\/\/schema.org\",\"@graph\":[{\"@type\":\"WebPage\",\"@id\":\"https:\/\/rckopen.com\/product\/white-jongkong\/\",\"url\":\"https:\/\/rckopen.com\/product\/white-jongkong\/\",\"name\":\"Koop White JongKong Online - White JongKong te koop\",\"isPartOf\":{\"@id\":\"https:\/\/rckopen.com\/#website\"},\"primaryImageOfPage\":{\"@id\":\"https:\/\/rckopen.com\/product\/white-jongkong\/#primaryimage\"},\"image\":{\"@id\":\"https:\/\/rckopen.com\/product\/white-jongkong\/#primaryimage\"},\"thumbnailUrl\":\"https:\/\/rckopen.com\/wp-content\/uploads\/2023\/08\/White-JongKong.jpg\",\"datePublished\":\"2023-08-16T06:40:18+00:00\",\"dateModified\":\"2023-09-14T09:54:20+00:00\",\"description\":\"Als je White JongKong uit onze winkel nog niet hebt geprobeerd, dan mis je veel. Wij helpen u White JongKong online te kopen tegen goedkope tarieven. Koop White JongKong vandaag nog te koop!\",\"breadcrumb\":{\"@id\":\"https:\/\/rckopen.com\/product\/white-jongkong\/#breadcrumb\"},\"inLanguage\":\"hu\",\"potentialAction\":[{\"@type\":\"ReadAction\",\"target\":[\"https:\/\/rckopen.com\/product\/white-jongkong\/\"]}]},{\"@type\":\"ImageObject\",\"inLanguage\":\"hu\",\"@id\":\"https:\/\/rckopen.com\/product\/white-jongkong\/#primaryimage\",\"url\":\"https:\/\/rckopen.com\/wp-content\/uploads\/2023\/08\/White-JongKong.jpg\",\"contentUrl\":\"https:\/\/rckopen.com\/wp-content\/uploads\/2023\/08\/White-JongKong.jpg\",\"width\":600,\"height\":600,\"caption\":\"White-JongKong Online Kopen\"},{\"@type\":\"BreadcrumbList\",\"@id\":\"https:\/\/rckopen.com\/product\/white-jongkong\/#breadcrumb\",\"itemListElement\":[{\"@type\":\"ListItem\",\"position\":1,\"name\":\"Home\",\"item\":\"https:\/\/rckopen.com\/\"},{\"@type\":\"ListItem\",\"position\":2,\"name\":\"Shop\",\"item\":\"https:\/\/rckopen.com\/shop\/\"},{\"@type\":\"ListItem\",\"position\":3,\"name\":\"White JongKong\"}]},{\"@type\":\"WebSite\",\"@id\":\"https:\/\/rckopen.com\/#website\",\"url\":\"https:\/\/rckopen.com\/\",\"name\":\"RC Kopen\",\"description\":\"Research Chemicals\",\"potentialAction\":[{\"@type\":\"SearchAction\",\"target\":{\"@type\":\"EntryPoint\",\"urlTemplate\":\"https:\/\/rckopen.com\/?s={search_term_string}\"},\"query-input\":{\"@type\":\"PropertyValueSpecification\",\"valueRequired\":true,\"valueName\":\"search_term_string\"}}],\"inLanguage\":\"hu\"}]}<\/script>\n<!-- \/ Yoast SEO plugin. -->","yoast_head_json":{"title":"Koop White JongKong Online - White JongKong te koop","description":"Als je White JongKong uit onze winkel nog niet hebt geprobeerd, dan mis je veel. Wij helpen u White JongKong online te kopen tegen goedkope tarieven. Koop White JongKong vandaag nog te koop!","robots":{"index":"index","follow":"follow","max-snippet":"max-snippet:-1","max-image-preview":"max-image-preview:large","max-video-preview":"max-video-preview:-1"},"canonical":"https:\/\/rckopen.com\/hu\/termek\/feher-jongkong\/","og_locale":"hu_HU","og_type":"article","og_title":"Koop White JongKong Online - White JongKong te koop","og_description":"Als je White JongKong uit onze winkel nog niet hebt geprobeerd, dan mis je veel. Wij helpen u White JongKong online te kopen tegen goedkope tarieven. Koop White JongKong vandaag nog te koop!","og_url":"https:\/\/rckopen.com\/hu\/termek\/feher-jongkong\/","og_site_name":"RC Kopen","article_modified_time":"2023-09-14T09:54:20+00:00","og_image":[{"width":600,"height":600,"url":"https:\/\/rckopen.com\/wp-content\/uploads\/2023\/08\/White-JongKong.jpg","type":"image\/jpeg"}],"twitter_card":"summary_large_image","twitter_misc":{"Becs\u00fclt olvas\u00e1si id\u0151":"1 perc"},"schema":{"@context":"https:\/\/schema.org","@graph":[{"@type":"WebPage","@id":"https:\/\/rckopen.com\/product\/white-jongkong\/","url":"https:\/\/rckopen.com\/product\/white-jongkong\/","name":"Koop White JongKong Online - White JongKong te koop","isPartOf":{"@id":"https:\/\/rckopen.com\/#website"},"primaryImageOfPage":{"@id":"https:\/\/rckopen.com\/product\/white-jongkong\/#primaryimage"},"image":{"@id":"https:\/\/rckopen.com\/product\/white-jongkong\/#primaryimage"},"thumbnailUrl":"https:\/\/rckopen.com\/wp-content\/uploads\/2023\/08\/White-JongKong.jpg","datePublished":"2023-08-16T06:40:18+00:00","dateModified":"2023-09-14T09:54:20+00:00","description":"Als je White JongKong uit onze winkel nog niet hebt geprobeerd, dan mis je veel. Wij helpen u White JongKong online te kopen tegen goedkope tarieven. Koop White JongKong vandaag nog te koop!","breadcrumb":{"@id":"https:\/\/rckopen.com\/product\/white-jongkong\/#breadcrumb"},"inLanguage":"hu","potentialAction":[{"@type":"ReadAction","target":["https:\/\/rckopen.com\/product\/white-jongkong\/"]}]},{"@type":"ImageObject","inLanguage":"hu","@id":"https:\/\/rckopen.com\/product\/white-jongkong\/#primaryimage","url":"https:\/\/rckopen.com\/wp-content\/uploads\/2023\/08\/White-JongKong.jpg","contentUrl":"https:\/\/rckopen.com\/wp-content\/uploads\/2023\/08\/White-JongKong.jpg","width":600,"height":600,"caption":"White-JongKong Online Kopen"},{"@type":"BreadcrumbList","@id":"https:\/\/rckopen.com\/product\/white-jongkong\/#breadcrumb","itemListElement":[{"@type":"ListItem","position":1,"name":"Home","item":"https:\/\/rckopen.com\/"},{"@type":"ListItem","position":2,"name":"Shop","item":"https:\/\/rckopen.com\/shop\/"},{"@type":"ListItem","position":3,"name":"White JongKong"}]},{"@type":"WebSite","@id":"https:\/\/rckopen.com\/#website","url":"https:\/\/rckopen.com\/","name":"RC Kopen","description":"Research Chemicals","potentialAction":[{"@type":"SearchAction","target":{"@type":"EntryPoint","urlTemplate":"https:\/\/rckopen.com\/?s={search_term_string}"},"query-input":{"@type":"PropertyValueSpecification","valueRequired":true,"valueName":"search_term_string"}}],"inLanguage":"hu"}]}},"_links":{"self":[{"href":"https:\/\/rckopen.com\/hu\/wp-json\/wp\/v2\/product\/6514","targetHints":{"allow":["GET"]}}],"collection":[{"href":"https:\/\/rckopen.com\/hu\/wp-json\/wp\/v2\/product"}],"about":[{"href":"https:\/\/rckopen.com\/hu\/wp-json\/wp\/v2\/types\/product"}],"replies":[{"embeddable":true,"href":"https:\/\/rckopen.com\/hu\/wp-json\/wp\/v2\/comments?post=6514"}],"wp:featuredmedia":[{"embeddable":true,"href":"https:\/\/rckopen.com\/hu\/wp-json\/wp\/v2\/media\/6535"}],"wp:attachment":[{"href":"https:\/\/rckopen.com\/hu\/wp-json\/wp\/v2\/media?parent=6514"}],"wp:term":[{"taxonomy":"product_brand","embeddable":true,"href":"https:\/\/rckopen.com\/hu\/wp-json\/wp\/v2\/product_brand?post=6514"},{"taxonomy":"product_cat","embeddable":true,"href":"https:\/\/rckopen.com\/hu\/wp-json\/wp\/v2\/product_cat?post=6514"},{"taxonomy":"product_tag","embeddable":true,"href":"https:\/\/rckopen.com\/hu\/wp-json\/wp\/v2\/product_tag?post=6514"}],"curies":[{"name":"wp","href":"https:\/\/api.w.org\/{rel}","templated":true}]}}