{"id":6525,"date":"2023-08-16T06:43:17","date_gmt":"2023-08-16T06:43:17","guid":{"rendered":"https:\/\/diligentplug.com\/chems\/?post_type=product&#038;p=6525"},"modified":"2025-02-06T05:43:45","modified_gmt":"2025-02-06T05:43:45","slug":"green-elephant","status":"publish","type":"product","link":"https:\/\/rckopen.com\/hu\/termek\/zold-elefant\/","title":{"rendered":"V\u00e1s\u00e1roljon Green Elephant online"},"content":{"rendered":"<h2>V\u00e1s\u00e1roljon Green Elephant online<\/h2>\n<h3>Kattintson ide a Green Elephant let\u00f6lt\u00e9s\u00e9hez.<\/h3>\n<p>Egy leny\u0171g\u00f6z\u0151 \u00e9s szokatlan Green vein Kratom t\u00f6rzs a Jade Hippo (<a href=\"https:\/\/rckopen.com\/hu\/termek\/zold-elefant\/\">Z\u00f6ld elef\u00e1nt<\/a>). A spektrum gyorsabb (Energia\/Motiv\u00e1ci\u00f3) v\u00e9g\u00e9n j\u00f3l kiegyens\u00falyozott, pozit\u00edv rezon\u00e1ci\u00f3t produk\u00e1l.<\/p>\n<p>M\u00e1s m\u00e9rs\u00e9kelt t\u00f6rzsekhez hasonl\u00f3an, mint p\u00e9ld\u00e1ul a Ghost Hippo (White Borneo), ez a lev\u00e9l kiv\u00e1l\u00f3an alkalmas a pozit\u00edv, vid\u00e1m \u00e9s produkt\u00edv hangulat el\u0151seg\u00edt\u00e9s\u00e9re.<\/p>\n<p>Consejo para la cepa de kratom: \u201cElephant\u201d De ah\u00ed el nombre \u201cElephant\u201d ? El kratom es famoso por sus hojas inusualmente grandes. <a href=\"https:\/\/rckopen.com\/hu\/\">RC Kopen<\/a><\/p>\n<h3>R\u00e9szletek a Green Elephantr\u00f3l<\/h3>\n<p>Minden kapszula 500 mg (\u00bd gramm) kratom port tartalmaz zselatinmentes veget\u00e1ri\u00e1nus kapszulah\u00e9jban.<br \/>\nUgyanaz a z\u00f6ld elef\u00e1ntlev\u00e9l, amelyet a Jade Hippo finom por k\u00e9sz\u00edt\u00e9s\u00e9hez haszn\u00e1lnak<\/p>\n<h3>A kapszul\u00e1k \u00e1talak\u00edt\u00e1sa porr\u00e1<\/h3>\n<p>Ezzel az egyszer\u0171 sz\u00e1m\u00edt\u00e1ssal meghat\u00e1rozhatja a kratom kapszula \u201e\u00e9des hely\u00e9t\u201d:<\/p>\n<p>Egy tabletta \u00bd gramm (\u00bd gomb\u00f3c) kratompornak felel meg.<\/p>\n<p>Egy gramm (1 kan\u00e1l) kratom por k\u00e9t kapszul\u00e1nak felel meg.<\/p>\n<h3>MARADJ FRISS.<\/h3>\n<p>A Happy Hippo a Mitragyna Speciosa friss t\u00e9tel\u00e9t egy praktikus, \u00fajraz\u00e1rhat\u00f3 \u00e9lelmiszer-min\u0151s\u00e9g\u0171 tasakban sz\u00e1ll\u00edtja, amely megfelel az USDA el\u0151\u00edr\u00e1sainak.<\/p>\n<p>&nbsp;<\/p>","protected":false},"excerpt":{"rendered":"<p><strong>Forma: <\/strong>por<\/p>\n<p><strong>NMR-elemz\u00e9s: <\/strong>N\/A<\/p>","protected":false},"featured_media":6539,"comment_status":"open","ping_status":"closed","template":"","meta":{"_joinchat":[]},"product_brand":[],"product_cat":[139],"product_tag":[],"class_list":{"0":"post-6525","1":"product","2":"type-product","3":"status-publish","4":"has-post-thumbnail","6":"product_cat-kratom","8":"first","9":"instock","10":"shipping-taxable","11":"purchasable","12":"product-type-variable"},"yoast_head":"<!-- This site is optimized with the Yoast SEO plugin v26.3 - https:\/\/yoast.com\/wordpress\/plugins\/seo\/ -->\n<title>Green Elephant te koop - Green Elephant online kopen | RC Kopen<\/title>\n<meta name=\"description\" content=\"U kunt Green Elephant tegen de beste prijzen te koop krijgen in onze online RCK-winkel. Wij zijn hier om u te helpen bij het online kopen van Green Elephant. Maak vandaag nog contact met de beste winkel van de stad!\" \/>\n<meta name=\"robots\" content=\"index, follow, max-snippet:-1, max-image-preview:large, max-video-preview:-1\" \/>\n<link rel=\"canonical\" href=\"https:\/\/rckopen.com\/hu\/termek\/zold-elefant\/\" \/>\n<meta property=\"og:locale\" content=\"hu_HU\" \/>\n<meta property=\"og:type\" content=\"article\" \/>\n<meta property=\"og:title\" content=\"Green Elephant te koop - Green Elephant online kopen | RC Kopen\" \/>\n<meta property=\"og:description\" content=\"U kunt Green Elephant tegen de beste prijzen te koop krijgen in onze online RCK-winkel. Wij zijn hier om u te helpen bij het online kopen van Green Elephant. Maak vandaag nog contact met de beste winkel van de stad!\" \/>\n<meta property=\"og:url\" content=\"https:\/\/rckopen.com\/hu\/termek\/zold-elefant\/\" \/>\n<meta property=\"og:site_name\" content=\"RC Kopen\" \/>\n<meta property=\"article:modified_time\" content=\"2025-02-06T05:43:45+00:00\" \/>\n<meta property=\"og:image\" content=\"https:\/\/rckopen.com\/wp-content\/uploads\/2023\/08\/Green-Elephant.jpg\" \/>\n\t<meta property=\"og:image:width\" content=\"600\" \/>\n\t<meta property=\"og:image:height\" content=\"600\" \/>\n\t<meta property=\"og:image:type\" content=\"image\/jpeg\" \/>\n<meta name=\"twitter:card\" content=\"summary_large_image\" \/>\n<meta name=\"twitter:label1\" content=\"Becs\u00fclt olvas\u00e1si id\u0151\" \/>\n\t<meta name=\"twitter:data1\" content=\"1 perc\" \/>\n<script type=\"application\/ld+json\" class=\"yoast-schema-graph\">{\"@context\":\"https:\/\/schema.org\",\"@graph\":[{\"@type\":\"WebPage\",\"@id\":\"https:\/\/rckopen.com\/product\/green-elephant\/\",\"url\":\"https:\/\/rckopen.com\/product\/green-elephant\/\",\"name\":\"Green Elephant te koop - Green Elephant online kopen | RC Kopen\",\"isPartOf\":{\"@id\":\"https:\/\/rckopen.com\/#website\"},\"primaryImageOfPage\":{\"@id\":\"https:\/\/rckopen.com\/product\/green-elephant\/#primaryimage\"},\"image\":{\"@id\":\"https:\/\/rckopen.com\/product\/green-elephant\/#primaryimage\"},\"thumbnailUrl\":\"https:\/\/rckopen.com\/wp-content\/uploads\/2023\/08\/Green-Elephant.jpg\",\"datePublished\":\"2023-08-16T06:43:17+00:00\",\"dateModified\":\"2025-02-06T05:43:45+00:00\",\"description\":\"U kunt Green Elephant tegen de beste prijzen te koop krijgen in onze online RCK-winkel. Wij zijn hier om u te helpen bij het online kopen van Green Elephant. Maak vandaag nog contact met de beste winkel van de stad!\",\"breadcrumb\":{\"@id\":\"https:\/\/rckopen.com\/product\/green-elephant\/#breadcrumb\"},\"inLanguage\":\"hu\",\"potentialAction\":[{\"@type\":\"ReadAction\",\"target\":[\"https:\/\/rckopen.com\/product\/green-elephant\/\"]}]},{\"@type\":\"ImageObject\",\"inLanguage\":\"hu\",\"@id\":\"https:\/\/rckopen.com\/product\/green-elephant\/#primaryimage\",\"url\":\"https:\/\/rckopen.com\/wp-content\/uploads\/2023\/08\/Green-Elephant.jpg\",\"contentUrl\":\"https:\/\/rckopen.com\/wp-content\/uploads\/2023\/08\/Green-Elephant.jpg\",\"width\":600,\"height\":600,\"caption\":\"Green-Elephant online kopen\"},{\"@type\":\"BreadcrumbList\",\"@id\":\"https:\/\/rckopen.com\/product\/green-elephant\/#breadcrumb\",\"itemListElement\":[{\"@type\":\"ListItem\",\"position\":1,\"name\":\"Home\",\"item\":\"https:\/\/rckopen.com\/\"},{\"@type\":\"ListItem\",\"position\":2,\"name\":\"Shop\",\"item\":\"https:\/\/rckopen.com\/shop\/\"},{\"@type\":\"ListItem\",\"position\":3,\"name\":\"Green Elephant online kopen\"}]},{\"@type\":\"WebSite\",\"@id\":\"https:\/\/rckopen.com\/#website\",\"url\":\"https:\/\/rckopen.com\/\",\"name\":\"RC Kopen\",\"description\":\"Research Chemicals\",\"potentialAction\":[{\"@type\":\"SearchAction\",\"target\":{\"@type\":\"EntryPoint\",\"urlTemplate\":\"https:\/\/rckopen.com\/?s={search_term_string}\"},\"query-input\":{\"@type\":\"PropertyValueSpecification\",\"valueRequired\":true,\"valueName\":\"search_term_string\"}}],\"inLanguage\":\"hu\"}]}<\/script>\n<!-- \/ Yoast SEO plugin. -->","yoast_head_json":{"title":"Green Elephant te koop - Green Elephant online kopen | RC Kopen","description":"U kunt Green Elephant tegen de beste prijzen te koop krijgen in onze online RCK-winkel. Wij zijn hier om u te helpen bij het online kopen van Green Elephant. Maak vandaag nog contact met de beste winkel van de stad!","robots":{"index":"index","follow":"follow","max-snippet":"max-snippet:-1","max-image-preview":"max-image-preview:large","max-video-preview":"max-video-preview:-1"},"canonical":"https:\/\/rckopen.com\/hu\/termek\/zold-elefant\/","og_locale":"hu_HU","og_type":"article","og_title":"Green Elephant te koop - Green Elephant online kopen | RC Kopen","og_description":"U kunt Green Elephant tegen de beste prijzen te koop krijgen in onze online RCK-winkel. Wij zijn hier om u te helpen bij het online kopen van Green Elephant. Maak vandaag nog contact met de beste winkel van de stad!","og_url":"https:\/\/rckopen.com\/hu\/termek\/zold-elefant\/","og_site_name":"RC Kopen","article_modified_time":"2025-02-06T05:43:45+00:00","og_image":[{"width":600,"height":600,"url":"https:\/\/rckopen.com\/wp-content\/uploads\/2023\/08\/Green-Elephant.jpg","type":"image\/jpeg"}],"twitter_card":"summary_large_image","twitter_misc":{"Becs\u00fclt olvas\u00e1si id\u0151":"1 perc"},"schema":{"@context":"https:\/\/schema.org","@graph":[{"@type":"WebPage","@id":"https:\/\/rckopen.com\/product\/green-elephant\/","url":"https:\/\/rckopen.com\/product\/green-elephant\/","name":"Green Elephant te koop - Green Elephant online kopen | RC Kopen","isPartOf":{"@id":"https:\/\/rckopen.com\/#website"},"primaryImageOfPage":{"@id":"https:\/\/rckopen.com\/product\/green-elephant\/#primaryimage"},"image":{"@id":"https:\/\/rckopen.com\/product\/green-elephant\/#primaryimage"},"thumbnailUrl":"https:\/\/rckopen.com\/wp-content\/uploads\/2023\/08\/Green-Elephant.jpg","datePublished":"2023-08-16T06:43:17+00:00","dateModified":"2025-02-06T05:43:45+00:00","description":"U kunt Green Elephant tegen de beste prijzen te koop krijgen in onze online RCK-winkel. Wij zijn hier om u te helpen bij het online kopen van Green Elephant. Maak vandaag nog contact met de beste winkel van de stad!","breadcrumb":{"@id":"https:\/\/rckopen.com\/product\/green-elephant\/#breadcrumb"},"inLanguage":"hu","potentialAction":[{"@type":"ReadAction","target":["https:\/\/rckopen.com\/product\/green-elephant\/"]}]},{"@type":"ImageObject","inLanguage":"hu","@id":"https:\/\/rckopen.com\/product\/green-elephant\/#primaryimage","url":"https:\/\/rckopen.com\/wp-content\/uploads\/2023\/08\/Green-Elephant.jpg","contentUrl":"https:\/\/rckopen.com\/wp-content\/uploads\/2023\/08\/Green-Elephant.jpg","width":600,"height":600,"caption":"Green-Elephant online kopen"},{"@type":"BreadcrumbList","@id":"https:\/\/rckopen.com\/product\/green-elephant\/#breadcrumb","itemListElement":[{"@type":"ListItem","position":1,"name":"Home","item":"https:\/\/rckopen.com\/"},{"@type":"ListItem","position":2,"name":"Shop","item":"https:\/\/rckopen.com\/shop\/"},{"@type":"ListItem","position":3,"name":"Green Elephant online kopen"}]},{"@type":"WebSite","@id":"https:\/\/rckopen.com\/#website","url":"https:\/\/rckopen.com\/","name":"RC Kopen","description":"Research Chemicals","potentialAction":[{"@type":"SearchAction","target":{"@type":"EntryPoint","urlTemplate":"https:\/\/rckopen.com\/?s={search_term_string}"},"query-input":{"@type":"PropertyValueSpecification","valueRequired":true,"valueName":"search_term_string"}}],"inLanguage":"hu"}]}},"_links":{"self":[{"href":"https:\/\/rckopen.com\/hu\/wp-json\/wp\/v2\/product\/6525","targetHints":{"allow":["GET"]}}],"collection":[{"href":"https:\/\/rckopen.com\/hu\/wp-json\/wp\/v2\/product"}],"about":[{"href":"https:\/\/rckopen.com\/hu\/wp-json\/wp\/v2\/types\/product"}],"replies":[{"embeddable":true,"href":"https:\/\/rckopen.com\/hu\/wp-json\/wp\/v2\/comments?post=6525"}],"wp:featuredmedia":[{"embeddable":true,"href":"https:\/\/rckopen.com\/hu\/wp-json\/wp\/v2\/media\/6539"}],"wp:attachment":[{"href":"https:\/\/rckopen.com\/hu\/wp-json\/wp\/v2\/media?parent=6525"}],"wp:term":[{"taxonomy":"product_brand","embeddable":true,"href":"https:\/\/rckopen.com\/hu\/wp-json\/wp\/v2\/product_brand?post=6525"},{"taxonomy":"product_cat","embeddable":true,"href":"https:\/\/rckopen.com\/hu\/wp-json\/wp\/v2\/product_cat?post=6525"},{"taxonomy":"product_tag","embeddable":true,"href":"https:\/\/rckopen.com\/hu\/wp-json\/wp\/v2\/product_tag?post=6525"}],"curies":[{"name":"wp","href":"https:\/\/api.w.org\/{rel}","templated":true}]}}