{"id":6528,"date":"2023-08-16T06:43:55","date_gmt":"2023-08-16T06:43:55","guid":{"rendered":"https:\/\/diligentplug.com\/chems\/?post_type=product&#038;p=6528"},"modified":"2025-02-06T05:30:44","modified_gmt":"2025-02-06T05:30:44","slug":"green-sulawesi","status":"publish","type":"product","link":"https:\/\/rckopen.com\/hu\/termek\/zold-sulawesi\/","title":{"rendered":"V\u00e1s\u00e1roljon Green Sulawesi online"},"content":{"rendered":"<h2>V\u00e1s\u00e1roljon Green Sulawesi online<\/h2>\n<p>Comling GmbH, Neue Bahnhofstr. 4a, 75056 Sulzfeld, N\u00e9metorsz\u00e1g, www.kratomdudes.com, \u00fcgyvezet\u0151 igazgat\u00f3: Bj\u00f6rn Lingnau, \u00e1faazonos\u00edt\u00f3: DE364875247, Mannheim ker\u00fcleti b\u00edr\u00f3s\u00e1g, regisztr\u00e1ci\u00f3s sz\u00e1m: HRB 749487<\/p>\n<p>\u00dcgyvezet\u0151 igazgat\u00f3: Bj\u00f6rn Lingnau, \u00c1FA-azonos\u00edt\u00f3: DE364875247, Nyilv\u00e1ntart\u00e1si b\u00edr\u00f3s\u00e1g: Mannheim Ker\u00fcleti B\u00edr\u00f3s\u00e1g, Nyilv\u00e1ntart\u00e1si sz\u00e1m: HRB 749487, Felel\u0151s f\u00e9l: Compling GmbH, Neue Bahnhofstr. 4a, 75056 Sulzfeld, N\u00e9metorsz\u00e1g, info@kratomdudes.com<\/p>\n<p>Inform\u00e1ci\u00f3 \u00e9s \u00e9rt\u00e9kes\u00edt\u00e9si felt\u00e9telek: A n\u00f6v\u00e9nyi sz\u00ednpigment kiz\u00e1r\u00f3lag sz\u00ednez\u00e9sre vagy fest\u00e9sre alkalmas.<\/p>\n<p>A szemek nem \u00e9rintkezhetnek a sz\u00ednpigmentekkel. \u00d6bl\u00edtse ki tiszta v\u00edzzel, ha a szem\u00e9be ker\u00fcl. Forduljon orvoshoz, ha az irrit\u00e1ci\u00f3 tov\u00e1bbra is fenn\u00e1ll.<\/p>\n<p>Mivel finom por, a sz\u00ednes pigmentek nem ker\u00fclhetnek a t\u00fcd\u0151be. Ha bel\u00e9legzi \u0151ket, tiszta v\u00edzzel mossa ki a sz\u00e1j\u00e1t vagy az orr\u00e1t. Forduljon orvoshoz, ha az irrit\u00e1ci\u00f3 tov\u00e1bbra is fenn\u00e1ll.<\/p>\n<p>A sz\u00ednpigment csak olyan m\u0171v\u00e9szek sz\u00e1m\u00e1ra alkalmas, akik leny\u0171g\u00f6z\u0151 festm\u00e9nyeket szeretn\u00e9nek k\u00e9sz\u00edteni, vagy text\u00edli\u00e1k, ker\u00e1mi\u00e1k, gyerty\u00e1k stb. sz\u00ednez\u00e9s\u00e9re alkalmasak. Emberi fogyaszt\u00e1sra nem alkalmas. Az utas\u00edt\u00e1sok megtal\u00e1lhat\u00f3k a csomagol\u00e1son \u00e9s a weboldalunkon.<\/p>\n<p>Tartsa t\u00e1vol a gyerekeket a sz\u00ednpigmentt\u0151l.<\/p>\n<p>Csak a tizennyolc \u00e9ven fel\u00fcliek haszn\u00e1lhatj\u00e1k a sz\u00ednpigmentet. Nem alkalmas gyermekek \u00e9s tin\u00e9dzserek sz\u00e1m\u00e1ra, haszn\u00e1lati ir\u00e1nyelvek:<\/p>\n<p>1. l\u00e9p\u00e9s: A kezdeti sz\u00edn mindig a feh\u00e9r sz\u00ednnel kezd\u0151dik. P\u00e9ld\u00e1ul keverjen \u00f6ssze 15 ml vizet 5 gramm sz\u00ednes pigmenttel. Addig keverj\u00fck, am\u00edg hab nem kezd k\u00e9pz\u0151dni. A sz\u00edn most festhet\u0151.<\/p>\n<p>M\u00e1sodik l\u00e9p\u00e9s: Sz\u00ednt\u00f3nus<br \/>\nHaszn\u00e1ljon \u00e9l\u00e9nk sz\u00ednt, ha r\u00f3zsasz\u00edn t\u00f3nust szeretne. A m\u00e1sodik sz\u00edn a piros. 3. l\u00e9p\u00e9s: Keverje \u00f6ssze a tesztet<br \/>\nKombin\u00e1ljon h\u00e1rom feh\u00e9r \u00e9s n\u00e9gy r\u00e9sz b\u00edbort. t\u00e1maszkodjon a sz\u00edn intenzit\u00e1s\u00e1ra.<\/p>\n<p>XNUMX. l\u00e9p\u00e9s: Keverje \u00f6ssze az \u00e1rnyalatot Ha el\u00e9gedett a tesztkever\u00e9kkel, alkalmazza ugyanazt az ar\u00e1nyt, \u00e9s mindent j\u00f3l forgatjon. Tan\u00e1cs: A fest\u00e9ket mindig sz\u00e1raz, s\u00f6t\u00e9t helyen kell tartani.<\/p>","protected":false},"excerpt":{"rendered":"<p><strong>Forma: <\/strong>por<\/p>\n<p><strong>NMR-elemz\u00e9s: <\/strong>N\/A<\/p>","protected":false},"featured_media":6540,"comment_status":"open","ping_status":"closed","template":"","meta":{"_joinchat":[]},"product_brand":[],"product_cat":[139],"product_tag":[],"class_list":{"0":"post-6528","1":"product","2":"type-product","3":"status-publish","4":"has-post-thumbnail","6":"product_cat-kratom","8":"first","9":"instock","10":"shipping-taxable","11":"purchasable","12":"product-type-variable"},"yoast_head":"<!-- This site is optimized with the Yoast SEO plugin v26.3 - https:\/\/yoast.com\/wordpress\/plugins\/seo\/ -->\n<title>Green Sulawesi Online kopen - Green Sulawesi te koop | RC Kopen<\/title>\n<meta name=\"description\" content=\"Wilt u Groen Sulawesi online kopen tegen een redelijke prijs? Bezoek onze gerenommeerde online RC Kopen-winkel en koop vandaag nog Green Sulawesi. Plaats nu een bestelling en ontvang de beste prijs in onze winkel.\" \/>\n<meta name=\"robots\" content=\"index, follow, max-snippet:-1, max-image-preview:large, max-video-preview:-1\" \/>\n<link rel=\"canonical\" href=\"https:\/\/rckopen.com\/hu\/termek\/zold-sulawesi\/\" \/>\n<meta property=\"og:locale\" content=\"hu_HU\" \/>\n<meta property=\"og:type\" content=\"article\" \/>\n<meta property=\"og:title\" content=\"Green Sulawesi Online kopen - Green Sulawesi te koop | RC Kopen\" \/>\n<meta property=\"og:description\" content=\"Wilt u Groen Sulawesi online kopen tegen een redelijke prijs? Bezoek onze gerenommeerde online RC Kopen-winkel en koop vandaag nog Green Sulawesi. Plaats nu een bestelling en ontvang de beste prijs in onze winkel.\" \/>\n<meta property=\"og:url\" content=\"https:\/\/rckopen.com\/hu\/termek\/zold-sulawesi\/\" \/>\n<meta property=\"og:site_name\" content=\"RC Kopen\" \/>\n<meta property=\"article:modified_time\" content=\"2025-02-06T05:30:44+00:00\" \/>\n<meta property=\"og:image\" content=\"https:\/\/rckopen.com\/wp-content\/uploads\/2023\/08\/Green-Sulawesi.jpg\" \/>\n\t<meta property=\"og:image:width\" content=\"600\" \/>\n\t<meta property=\"og:image:height\" content=\"600\" \/>\n\t<meta property=\"og:image:type\" content=\"image\/jpeg\" \/>\n<meta name=\"twitter:card\" content=\"summary_large_image\" \/>\n<meta name=\"twitter:label1\" content=\"Becs\u00fclt olvas\u00e1si id\u0151\" \/>\n\t<meta name=\"twitter:data1\" content=\"2 perc\" \/>\n<script type=\"application\/ld+json\" class=\"yoast-schema-graph\">{\"@context\":\"https:\/\/schema.org\",\"@graph\":[{\"@type\":\"WebPage\",\"@id\":\"https:\/\/rckopen.com\/product\/green-sulawesi\/\",\"url\":\"https:\/\/rckopen.com\/product\/green-sulawesi\/\",\"name\":\"Green Sulawesi Online kopen - Green Sulawesi te koop | RC Kopen\",\"isPartOf\":{\"@id\":\"https:\/\/rckopen.com\/#website\"},\"primaryImageOfPage\":{\"@id\":\"https:\/\/rckopen.com\/product\/green-sulawesi\/#primaryimage\"},\"image\":{\"@id\":\"https:\/\/rckopen.com\/product\/green-sulawesi\/#primaryimage\"},\"thumbnailUrl\":\"https:\/\/rckopen.com\/wp-content\/uploads\/2023\/08\/Green-Sulawesi.jpg\",\"datePublished\":\"2023-08-16T06:43:55+00:00\",\"dateModified\":\"2025-02-06T05:30:44+00:00\",\"description\":\"Wilt u Groen Sulawesi online kopen tegen een redelijke prijs? Bezoek onze gerenommeerde online RC Kopen-winkel en koop vandaag nog Green Sulawesi. Plaats nu een bestelling en ontvang de beste prijs in onze winkel.\",\"breadcrumb\":{\"@id\":\"https:\/\/rckopen.com\/product\/green-sulawesi\/#breadcrumb\"},\"inLanguage\":\"hu\",\"potentialAction\":[{\"@type\":\"ReadAction\",\"target\":[\"https:\/\/rckopen.com\/product\/green-sulawesi\/\"]}]},{\"@type\":\"ImageObject\",\"inLanguage\":\"hu\",\"@id\":\"https:\/\/rckopen.com\/product\/green-sulawesi\/#primaryimage\",\"url\":\"https:\/\/rckopen.com\/wp-content\/uploads\/2023\/08\/Green-Sulawesi.jpg\",\"contentUrl\":\"https:\/\/rckopen.com\/wp-content\/uploads\/2023\/08\/Green-Sulawesi.jpg\",\"width\":600,\"height\":600,\"caption\":\"Green-Sulawesi online kopen\"},{\"@type\":\"BreadcrumbList\",\"@id\":\"https:\/\/rckopen.com\/product\/green-sulawesi\/#breadcrumb\",\"itemListElement\":[{\"@type\":\"ListItem\",\"position\":1,\"name\":\"Home\",\"item\":\"https:\/\/rckopen.com\/\"},{\"@type\":\"ListItem\",\"position\":2,\"name\":\"Shop\",\"item\":\"https:\/\/rckopen.com\/shop\/\"},{\"@type\":\"ListItem\",\"position\":3,\"name\":\"Green Sulawesi online kopen\"}]},{\"@type\":\"WebSite\",\"@id\":\"https:\/\/rckopen.com\/#website\",\"url\":\"https:\/\/rckopen.com\/\",\"name\":\"RC Kopen\",\"description\":\"Research Chemicals\",\"potentialAction\":[{\"@type\":\"SearchAction\",\"target\":{\"@type\":\"EntryPoint\",\"urlTemplate\":\"https:\/\/rckopen.com\/?s={search_term_string}\"},\"query-input\":{\"@type\":\"PropertyValueSpecification\",\"valueRequired\":true,\"valueName\":\"search_term_string\"}}],\"inLanguage\":\"hu\"}]}<\/script>\n<!-- \/ Yoast SEO plugin. -->","yoast_head_json":{"title":"Green Sulawesi Online kopen - Green Sulawesi te koop | RC Kopen","description":"Wilt u Groen Sulawesi online kopen tegen een redelijke prijs? Bezoek onze gerenommeerde online RC Kopen-winkel en koop vandaag nog Green Sulawesi. Plaats nu een bestelling en ontvang de beste prijs in onze winkel.","robots":{"index":"index","follow":"follow","max-snippet":"max-snippet:-1","max-image-preview":"max-image-preview:large","max-video-preview":"max-video-preview:-1"},"canonical":"https:\/\/rckopen.com\/hu\/termek\/zold-sulawesi\/","og_locale":"hu_HU","og_type":"article","og_title":"Green Sulawesi Online kopen - Green Sulawesi te koop | RC Kopen","og_description":"Wilt u Groen Sulawesi online kopen tegen een redelijke prijs? Bezoek onze gerenommeerde online RC Kopen-winkel en koop vandaag nog Green Sulawesi. Plaats nu een bestelling en ontvang de beste prijs in onze winkel.","og_url":"https:\/\/rckopen.com\/hu\/termek\/zold-sulawesi\/","og_site_name":"RC Kopen","article_modified_time":"2025-02-06T05:30:44+00:00","og_image":[{"width":600,"height":600,"url":"https:\/\/rckopen.com\/wp-content\/uploads\/2023\/08\/Green-Sulawesi.jpg","type":"image\/jpeg"}],"twitter_card":"summary_large_image","twitter_misc":{"Becs\u00fclt olvas\u00e1si id\u0151":"2 perc"},"schema":{"@context":"https:\/\/schema.org","@graph":[{"@type":"WebPage","@id":"https:\/\/rckopen.com\/product\/green-sulawesi\/","url":"https:\/\/rckopen.com\/product\/green-sulawesi\/","name":"Green Sulawesi Online kopen - Green Sulawesi te koop | RC Kopen","isPartOf":{"@id":"https:\/\/rckopen.com\/#website"},"primaryImageOfPage":{"@id":"https:\/\/rckopen.com\/product\/green-sulawesi\/#primaryimage"},"image":{"@id":"https:\/\/rckopen.com\/product\/green-sulawesi\/#primaryimage"},"thumbnailUrl":"https:\/\/rckopen.com\/wp-content\/uploads\/2023\/08\/Green-Sulawesi.jpg","datePublished":"2023-08-16T06:43:55+00:00","dateModified":"2025-02-06T05:30:44+00:00","description":"Wilt u Groen Sulawesi online kopen tegen een redelijke prijs? Bezoek onze gerenommeerde online RC Kopen-winkel en koop vandaag nog Green Sulawesi. Plaats nu een bestelling en ontvang de beste prijs in onze winkel.","breadcrumb":{"@id":"https:\/\/rckopen.com\/product\/green-sulawesi\/#breadcrumb"},"inLanguage":"hu","potentialAction":[{"@type":"ReadAction","target":["https:\/\/rckopen.com\/product\/green-sulawesi\/"]}]},{"@type":"ImageObject","inLanguage":"hu","@id":"https:\/\/rckopen.com\/product\/green-sulawesi\/#primaryimage","url":"https:\/\/rckopen.com\/wp-content\/uploads\/2023\/08\/Green-Sulawesi.jpg","contentUrl":"https:\/\/rckopen.com\/wp-content\/uploads\/2023\/08\/Green-Sulawesi.jpg","width":600,"height":600,"caption":"Green-Sulawesi online kopen"},{"@type":"BreadcrumbList","@id":"https:\/\/rckopen.com\/product\/green-sulawesi\/#breadcrumb","itemListElement":[{"@type":"ListItem","position":1,"name":"Home","item":"https:\/\/rckopen.com\/"},{"@type":"ListItem","position":2,"name":"Shop","item":"https:\/\/rckopen.com\/shop\/"},{"@type":"ListItem","position":3,"name":"Green Sulawesi online kopen"}]},{"@type":"WebSite","@id":"https:\/\/rckopen.com\/#website","url":"https:\/\/rckopen.com\/","name":"RC Kopen","description":"Research Chemicals","potentialAction":[{"@type":"SearchAction","target":{"@type":"EntryPoint","urlTemplate":"https:\/\/rckopen.com\/?s={search_term_string}"},"query-input":{"@type":"PropertyValueSpecification","valueRequired":true,"valueName":"search_term_string"}}],"inLanguage":"hu"}]}},"_links":{"self":[{"href":"https:\/\/rckopen.com\/hu\/wp-json\/wp\/v2\/product\/6528","targetHints":{"allow":["GET"]}}],"collection":[{"href":"https:\/\/rckopen.com\/hu\/wp-json\/wp\/v2\/product"}],"about":[{"href":"https:\/\/rckopen.com\/hu\/wp-json\/wp\/v2\/types\/product"}],"replies":[{"embeddable":true,"href":"https:\/\/rckopen.com\/hu\/wp-json\/wp\/v2\/comments?post=6528"}],"wp:featuredmedia":[{"embeddable":true,"href":"https:\/\/rckopen.com\/hu\/wp-json\/wp\/v2\/media\/6540"}],"wp:attachment":[{"href":"https:\/\/rckopen.com\/hu\/wp-json\/wp\/v2\/media?parent=6528"}],"wp:term":[{"taxonomy":"product_brand","embeddable":true,"href":"https:\/\/rckopen.com\/hu\/wp-json\/wp\/v2\/product_brand?post=6528"},{"taxonomy":"product_cat","embeddable":true,"href":"https:\/\/rckopen.com\/hu\/wp-json\/wp\/v2\/product_cat?post=6528"},{"taxonomy":"product_tag","embeddable":true,"href":"https:\/\/rckopen.com\/hu\/wp-json\/wp\/v2\/product_tag?post=6528"}],"curies":[{"name":"wp","href":"https:\/\/api.w.org\/{rel}","templated":true}]}}