{"id":6532,"date":"2023-08-16T06:46:22","date_gmt":"2023-08-16T06:46:22","guid":{"rendered":"https:\/\/diligentplug.com\/chems\/?post_type=product&#038;p=6532"},"modified":"2025-02-06T06:22:25","modified_gmt":"2025-02-06T06:22:25","slug":"green-maluku","status":"publish","type":"product","link":"https:\/\/rckopen.com\/hu\/termek\/zold-maluku\/","title":{"rendered":"Green Maluku online foglal\u00e1s"},"content":{"rendered":"<h2>Green Maluku online foglal\u00e1s<\/h2>\n<h3>A Green Maluku t\u00f6rzs \u00e1ttekint\u00e9se<\/h3>\n<p>\u00c9lvezze a robusztus \u00e9s \u00edzletes hat\u00e1sokat <a href=\"https:\/\/rckopen.com\/hu\/termek\/zold-maluku\/\">Z\u00f6ld Maluku t\u00f6rzs<\/a>, egy kiv\u00e1l\u00f3 min\u0151s\u00e9g\u0171 hibrid t\u00f6rzs, amelyet a Green Maluku Strain Plant genetik\u00e1j\u00e1nak kombin\u00e1l\u00e1s\u00e1val hoztak l\u00e9tre. Ez az alkalmazkod\u00f3 t\u00f6rzs a hat\u00e1sok j\u00f3l kiegyens\u00falyozott kombin\u00e1ci\u00f3j\u00e1t biztos\u00edtja, bele\u00e9rtve az \u00e9hs\u00e9g\u00e9rzetet, a felemel\u0151 izgalom \u00e9s a m\u00e9ly relax\u00e1ci\u00f3t. A Green Maluku Strain t\u00f6k\u00e9letes partner egy hossz\u00fa nap ut\u00e1ni laz\u00edt\u00e1shoz vagy a kreativit\u00e1s meggy\u00fajt\u00e1s\u00e1hoz. <a href=\"https:\/\/rckopen.com\/hu\/\">RC Kopen<\/a><\/p>\n<h3>A term\u00e9k legfontosabb jellemz\u0151i<\/h3>\n<p>Illat: f\u00e1s, feny\u0151s, citromos, \u00e9des, f\u0171szeres \u00e9s vir\u00e1gos<br \/>\nA hat\u00e1sok k\u00f6z\u00e9 tartozik az euf\u00f3ria, az ellazul\u00e1s, az \u00e9hs\u00e9g, az \u00e1lom \u00e9s az optimizmus.<br \/>\nT\u00edpus: Vegyes<br \/>\nTHCa szil\u00e1rds\u00e1g: 23,65%<br \/>\nTerp\u00e9nek: pin\u00e9n, mirc\u00e9n \u00e9s limon\u00e9n<\/p>","protected":false},"excerpt":{"rendered":"<p><strong>Forma: <\/strong>por<\/p>\n<p><strong>NMR-elemz\u00e9s: <\/strong>N\/A<\/p>","protected":false},"featured_media":6542,"comment_status":"open","ping_status":"closed","template":"","meta":{"_joinchat":[]},"product_brand":[],"product_cat":[139],"product_tag":[],"class_list":{"0":"post-6532","1":"product","2":"type-product","3":"status-publish","4":"has-post-thumbnail","6":"product_cat-kratom","8":"first","9":"instock","10":"shipping-taxable","11":"purchasable","12":"product-type-variable"},"yoast_head":"<!-- This site is optimized with the Yoast SEO plugin v26.3 - https:\/\/yoast.com\/wordpress\/plugins\/seo\/ -->\n<title>Green Maluku online kopen - Green Maluku te koop<\/title>\n<meta name=\"description\" content=\"Green maluku te koop is nu eenvoudig verkrijgbaar in onze online winkel. U kunt rechtstreeks verbinding maken met onze RC Kopen-winkel en green maluku online kopen tegen de beste prijzen.\" \/>\n<meta name=\"robots\" content=\"index, follow, max-snippet:-1, max-image-preview:large, max-video-preview:-1\" \/>\n<link rel=\"canonical\" href=\"https:\/\/rckopen.com\/hu\/termek\/zold-maluku\/\" \/>\n<meta property=\"og:locale\" content=\"hu_HU\" \/>\n<meta property=\"og:type\" content=\"article\" \/>\n<meta property=\"og:title\" content=\"Green Maluku online kopen - Green Maluku te koop\" \/>\n<meta property=\"og:description\" content=\"Green maluku te koop is nu eenvoudig verkrijgbaar in onze online winkel. U kunt rechtstreeks verbinding maken met onze RC Kopen-winkel en green maluku online kopen tegen de beste prijzen.\" \/>\n<meta property=\"og:url\" content=\"https:\/\/rckopen.com\/hu\/termek\/zold-maluku\/\" \/>\n<meta property=\"og:site_name\" content=\"RC Kopen\" \/>\n<meta property=\"article:modified_time\" content=\"2025-02-06T06:22:25+00:00\" \/>\n<meta property=\"og:image\" content=\"https:\/\/rckopen.com\/wp-content\/uploads\/2023\/08\/Green-Maluku.jpg\" \/>\n\t<meta property=\"og:image:width\" content=\"600\" \/>\n\t<meta property=\"og:image:height\" content=\"600\" \/>\n\t<meta property=\"og:image:type\" content=\"image\/jpeg\" \/>\n<meta name=\"twitter:card\" content=\"summary_large_image\" \/>\n<meta name=\"twitter:label1\" content=\"Becs\u00fclt olvas\u00e1si id\u0151\" \/>\n\t<meta name=\"twitter:data1\" content=\"1 perc\" \/>\n<script type=\"application\/ld+json\" class=\"yoast-schema-graph\">{\"@context\":\"https:\/\/schema.org\",\"@graph\":[{\"@type\":\"WebPage\",\"@id\":\"https:\/\/rckopen.com\/product\/green-maluku\/\",\"url\":\"https:\/\/rckopen.com\/product\/green-maluku\/\",\"name\":\"Green Maluku online kopen - Green Maluku te koop\",\"isPartOf\":{\"@id\":\"https:\/\/rckopen.com\/#website\"},\"primaryImageOfPage\":{\"@id\":\"https:\/\/rckopen.com\/product\/green-maluku\/#primaryimage\"},\"image\":{\"@id\":\"https:\/\/rckopen.com\/product\/green-maluku\/#primaryimage\"},\"thumbnailUrl\":\"https:\/\/rckopen.com\/wp-content\/uploads\/2023\/08\/Green-Maluku.jpg\",\"datePublished\":\"2023-08-16T06:46:22+00:00\",\"dateModified\":\"2025-02-06T06:22:25+00:00\",\"description\":\"Green maluku te koop is nu eenvoudig verkrijgbaar in onze online winkel. U kunt rechtstreeks verbinding maken met onze RC Kopen-winkel en green maluku online kopen tegen de beste prijzen.\",\"breadcrumb\":{\"@id\":\"https:\/\/rckopen.com\/product\/green-maluku\/#breadcrumb\"},\"inLanguage\":\"hu\",\"potentialAction\":[{\"@type\":\"ReadAction\",\"target\":[\"https:\/\/rckopen.com\/product\/green-maluku\/\"]}]},{\"@type\":\"ImageObject\",\"inLanguage\":\"hu\",\"@id\":\"https:\/\/rckopen.com\/product\/green-maluku\/#primaryimage\",\"url\":\"https:\/\/rckopen.com\/wp-content\/uploads\/2023\/08\/Green-Maluku.jpg\",\"contentUrl\":\"https:\/\/rckopen.com\/wp-content\/uploads\/2023\/08\/Green-Maluku.jpg\",\"width\":600,\"height\":600,\"caption\":\"Green-Maluku online kopen\"},{\"@type\":\"BreadcrumbList\",\"@id\":\"https:\/\/rckopen.com\/product\/green-maluku\/#breadcrumb\",\"itemListElement\":[{\"@type\":\"ListItem\",\"position\":1,\"name\":\"Home\",\"item\":\"https:\/\/rckopen.com\/\"},{\"@type\":\"ListItem\",\"position\":2,\"name\":\"Shop\",\"item\":\"https:\/\/rckopen.com\/shop\/\"},{\"@type\":\"ListItem\",\"position\":3,\"name\":\"Green Maluku Online kopen\"}]},{\"@type\":\"WebSite\",\"@id\":\"https:\/\/rckopen.com\/#website\",\"url\":\"https:\/\/rckopen.com\/\",\"name\":\"RC Kopen\",\"description\":\"Research Chemicals\",\"potentialAction\":[{\"@type\":\"SearchAction\",\"target\":{\"@type\":\"EntryPoint\",\"urlTemplate\":\"https:\/\/rckopen.com\/?s={search_term_string}\"},\"query-input\":{\"@type\":\"PropertyValueSpecification\",\"valueRequired\":true,\"valueName\":\"search_term_string\"}}],\"inLanguage\":\"hu\"}]}<\/script>\n<!-- \/ Yoast SEO plugin. -->","yoast_head_json":{"title":"Green Maluku online kopen - Green Maluku te koop","description":"Green maluku te koop is nu eenvoudig verkrijgbaar in onze online winkel. U kunt rechtstreeks verbinding maken met onze RC Kopen-winkel en green maluku online kopen tegen de beste prijzen.","robots":{"index":"index","follow":"follow","max-snippet":"max-snippet:-1","max-image-preview":"max-image-preview:large","max-video-preview":"max-video-preview:-1"},"canonical":"https:\/\/rckopen.com\/hu\/termek\/zold-maluku\/","og_locale":"hu_HU","og_type":"article","og_title":"Green Maluku online kopen - Green Maluku te koop","og_description":"Green maluku te koop is nu eenvoudig verkrijgbaar in onze online winkel. U kunt rechtstreeks verbinding maken met onze RC Kopen-winkel en green maluku online kopen tegen de beste prijzen.","og_url":"https:\/\/rckopen.com\/hu\/termek\/zold-maluku\/","og_site_name":"RC Kopen","article_modified_time":"2025-02-06T06:22:25+00:00","og_image":[{"width":600,"height":600,"url":"https:\/\/rckopen.com\/wp-content\/uploads\/2023\/08\/Green-Maluku.jpg","type":"image\/jpeg"}],"twitter_card":"summary_large_image","twitter_misc":{"Becs\u00fclt olvas\u00e1si id\u0151":"1 perc"},"schema":{"@context":"https:\/\/schema.org","@graph":[{"@type":"WebPage","@id":"https:\/\/rckopen.com\/product\/green-maluku\/","url":"https:\/\/rckopen.com\/product\/green-maluku\/","name":"Green Maluku online kopen - Green Maluku te koop","isPartOf":{"@id":"https:\/\/rckopen.com\/#website"},"primaryImageOfPage":{"@id":"https:\/\/rckopen.com\/product\/green-maluku\/#primaryimage"},"image":{"@id":"https:\/\/rckopen.com\/product\/green-maluku\/#primaryimage"},"thumbnailUrl":"https:\/\/rckopen.com\/wp-content\/uploads\/2023\/08\/Green-Maluku.jpg","datePublished":"2023-08-16T06:46:22+00:00","dateModified":"2025-02-06T06:22:25+00:00","description":"Green maluku te koop is nu eenvoudig verkrijgbaar in onze online winkel. U kunt rechtstreeks verbinding maken met onze RC Kopen-winkel en green maluku online kopen tegen de beste prijzen.","breadcrumb":{"@id":"https:\/\/rckopen.com\/product\/green-maluku\/#breadcrumb"},"inLanguage":"hu","potentialAction":[{"@type":"ReadAction","target":["https:\/\/rckopen.com\/product\/green-maluku\/"]}]},{"@type":"ImageObject","inLanguage":"hu","@id":"https:\/\/rckopen.com\/product\/green-maluku\/#primaryimage","url":"https:\/\/rckopen.com\/wp-content\/uploads\/2023\/08\/Green-Maluku.jpg","contentUrl":"https:\/\/rckopen.com\/wp-content\/uploads\/2023\/08\/Green-Maluku.jpg","width":600,"height":600,"caption":"Green-Maluku online kopen"},{"@type":"BreadcrumbList","@id":"https:\/\/rckopen.com\/product\/green-maluku\/#breadcrumb","itemListElement":[{"@type":"ListItem","position":1,"name":"Home","item":"https:\/\/rckopen.com\/"},{"@type":"ListItem","position":2,"name":"Shop","item":"https:\/\/rckopen.com\/shop\/"},{"@type":"ListItem","position":3,"name":"Green Maluku Online kopen"}]},{"@type":"WebSite","@id":"https:\/\/rckopen.com\/#website","url":"https:\/\/rckopen.com\/","name":"RC Kopen","description":"Research Chemicals","potentialAction":[{"@type":"SearchAction","target":{"@type":"EntryPoint","urlTemplate":"https:\/\/rckopen.com\/?s={search_term_string}"},"query-input":{"@type":"PropertyValueSpecification","valueRequired":true,"valueName":"search_term_string"}}],"inLanguage":"hu"}]}},"_links":{"self":[{"href":"https:\/\/rckopen.com\/hu\/wp-json\/wp\/v2\/product\/6532","targetHints":{"allow":["GET"]}}],"collection":[{"href":"https:\/\/rckopen.com\/hu\/wp-json\/wp\/v2\/product"}],"about":[{"href":"https:\/\/rckopen.com\/hu\/wp-json\/wp\/v2\/types\/product"}],"replies":[{"embeddable":true,"href":"https:\/\/rckopen.com\/hu\/wp-json\/wp\/v2\/comments?post=6532"}],"wp:featuredmedia":[{"embeddable":true,"href":"https:\/\/rckopen.com\/hu\/wp-json\/wp\/v2\/media\/6542"}],"wp:attachment":[{"href":"https:\/\/rckopen.com\/hu\/wp-json\/wp\/v2\/media?parent=6532"}],"wp:term":[{"taxonomy":"product_brand","embeddable":true,"href":"https:\/\/rckopen.com\/hu\/wp-json\/wp\/v2\/product_brand?post=6532"},{"taxonomy":"product_cat","embeddable":true,"href":"https:\/\/rckopen.com\/hu\/wp-json\/wp\/v2\/product_cat?post=6532"},{"taxonomy":"product_tag","embeddable":true,"href":"https:\/\/rckopen.com\/hu\/wp-json\/wp\/v2\/product_tag?post=6532"}],"curies":[{"name":"wp","href":"https:\/\/api.w.org\/{rel}","templated":true}]}}